{"id":1840141,"date":"2023-10-10T16:35:45","date_gmt":"2023-10-10T13:35:45","guid":{"rendered":"http:\/\/ruuby.ee\/?post_type=product&#038;p=1840141"},"modified":"2026-04-05T01:25:31","modified_gmt":"2026-04-04T22:25:31","slug":"the-mallows-soola-karamelli-vahukommid-90g","status":"publish","type":"product","link":"http:\/\/ruuby.ee\/en\/pood\/gurmee\/maiustused\/the-mallows-soola-karamelli-vahukommid-90g\/","title":{"rendered":"THE MALLOWS &#8211; Soola karamelli vahukommid, 90g"},"content":{"rendered":"<p>Salted Caramel on vanilje maitsega orgaanilised vahukommid, mis on kaetud Belgia piima\u0161okolaadi ja pehme kreemja prantsuse karamelliga, Maldoni soola puudutusega ning l\u00f5puks kaetud kakaolise v\u00e4liskihiga. K\u00f5ik sulandub kokku fantastiliseks maitseelamuseks.<\/p>\n<p>Soolakaramell on k\u00f6itev maiustus, mis sisaldab orgaanilisi vahukomme, millele on lisatud veetlev vanilje maitse. Need vahukommid kaetakse seej\u00e4rel rikkalikult dekadentliku Belgia piima\u0161okolaadiga, luues rikkaliku ja meeldiva v\u00e4liskihi. Sensoorset naudingut lisab imal prantsuse karamell, mis annab pehme ja kreemja tekstuuri, mida t\u00e4iendab Maldoni soola maitse, mis tagab t\u00e4iusliku tasakaalu magususe ja soolaste nootide vahel. Selle harmoonilise maitsete s\u00fcmfoonia l\u00f5puleviimiseks on maiustus elegantselt viimistletud kakaoselise v\u00e4liskihiga, mille tulemuseks on t\u00f5eliselt erakordne maitseelamus, mis v\u00f5lub suulagi.<\/p>\n<p>Koostis: 32% piima\u0161okolaad* (EL) (roosuhkur*, kakaov\u00f5i*, t\u00e4ispiimapulber*, kakaomass*, emulgaator: sojaletsitiin*), gl\u00fckoosisiirup*, roosuhkur*, 5,8% karamell* (EL) (gl\u00fckoosisiirup*, suhkur*, v\u00f5i*, emulgaator: sojaletsitiin), vesi, dekstroos*, \u017eelatiin, maisit\u00e4rklis*, leeliseline kakao*, sool, looduslik vanilje maitseaine, s\u00e4ilitusaine: E270.<br \/>\n* = orgaaniline<br \/>\nV\u00e4hemalt 35% kakao kuivainet<\/p>","protected":false},"excerpt":{"rendered":"<p>Salted Caramel on vanilje maitsega orgaanilised vahukommid, mis on kaetud Belgia piima\u0161okolaadi ja pehme kreemja prantsuse karamelliga, Maldoni soola puudutusega ning l\u00f5puks kaetud kakaolise v\u00e4liskihiga. K\u00f5ik sulandub kokku fantastiliseks maitseelamuseks. Soolakaramell on k\u00f6itev maiustus, mis sisaldab orgaanilisi vahukomme, millele on lisatud veetlev vanilje maitse. Need vahukommid kaetakse seej\u00e4rel rikkalikult dekadentliku Belgia piima\u0161okolaadiga, luues rikkaliku ja [&hellip;]<\/p>\n","protected":false},"featured_media":1840142,"comment_status":"open","ping_status":"closed","template":"","meta":[],"product_brand":[],"product_cat":[26,644],"product_tag":[],"class_list":{"0":"post-1840141","1":"product","2":"type-product","3":"status-publish","4":"has-post-thumbnail","6":"product_cat-gurmee","7":"product_cat-maiustused","9":"first","10":"outofstock","11":"taxable","12":"shipping-taxable","13":"purchasable","14":"product-type-simple"},"yoast_head":"<!-- This site is optimized with the Yoast SEO plugin v27.2 - https:\/\/yoast.com\/product\/yoast-seo-wordpress\/ -->\n<title>THE MALLOWS - Soola karamelli vahukommid, 90g - RUUBY<\/title>\n<meta name=\"robots\" content=\"index, follow, max-snippet:-1, max-image-preview:large, max-video-preview:-1\" \/>\n<link rel=\"canonical\" href=\"http:\/\/ruuby.ee\/en\/pood\/gurmee\/maiustused\/the-mallows-soola-karamelli-vahukommid-90g\/\" \/>\n<meta property=\"og:locale\" content=\"en_GB\" \/>\n<meta property=\"og:type\" content=\"article\" \/>\n<meta property=\"og:title\" content=\"THE MALLOWS - Soola karamelli vahukommid, 90g - RUUBY\" \/>\n<meta property=\"og:description\" content=\"Salted Caramel on vanilje maitsega orgaanilised vahukommid, mis on kaetud Belgia piima\u0161okolaadi ja pehme kreemja prantsuse karamelliga, Maldoni soola puudutusega ning l\u00f5puks kaetud kakaolise v\u00e4liskihiga. K\u00f5ik sulandub kokku fantastiliseks maitseelamuseks. Soolakaramell on k\u00f6itev maiustus, mis sisaldab orgaanilisi vahukomme, millele on lisatud veetlev vanilje maitse. Need vahukommid kaetakse seej\u00e4rel rikkalikult dekadentliku Belgia piima\u0161okolaadiga, luues rikkaliku ja [&hellip;]\" \/>\n<meta property=\"og:url\" content=\"http:\/\/ruuby.ee\/en\/pood\/gurmee\/maiustused\/the-mallows-soola-karamelli-vahukommid-90g\/\" \/>\n<meta property=\"og:site_name\" content=\"RUUBY\" \/>\n<meta property=\"article:publisher\" content=\"https:\/\/www.facebook.com\/ruubyconcept\" \/>\n<meta property=\"article:modified_time\" content=\"2026-04-04T22:25:31+00:00\" \/>\n<meta property=\"og:image\" content=\"http:\/\/ruuby.ee\/wp-content\/uploads\/2023\/10\/Screenshot-2023-10-10-at-16.30.50.png\" \/>\n\t<meta property=\"og:image:width\" content=\"1198\" \/>\n\t<meta property=\"og:image:height\" content=\"1196\" \/>\n\t<meta property=\"og:image:type\" content=\"image\/png\" \/>\n<meta name=\"twitter:card\" content=\"summary_large_image\" \/>\n<meta name=\"twitter:label1\" content=\"Estimated reading time\" \/>\n\t<meta name=\"twitter:data1\" content=\"1 minute\" \/>\n<script type=\"application\/ld+json\" class=\"yoast-schema-graph\">{\"@context\":\"https:\/\/schema.org\",\"@graph\":[{\"@type\":[\"WebPage\",\"ItemPage\"],\"@id\":\"http:\/\/ruuby.ee\/en\/pood\/gurmee\/maiustused\/the-mallows-soola-karamelli-vahukommid-90g\/\",\"url\":\"http:\/\/ruuby.ee\/en\/pood\/gurmee\/maiustused\/the-mallows-soola-karamelli-vahukommid-90g\/\",\"name\":\"THE MALLOWS - Soola karamelli vahukommid, 90g - RUUBY\",\"isPartOf\":{\"@id\":\"http:\/\/ruuby.ee\/#website\"},\"primaryImageOfPage\":{\"@id\":\"http:\/\/ruuby.ee\/en\/pood\/gurmee\/maiustused\/the-mallows-soola-karamelli-vahukommid-90g\/#primaryimage\"},\"image\":{\"@id\":\"http:\/\/ruuby.ee\/en\/pood\/gurmee\/maiustused\/the-mallows-soola-karamelli-vahukommid-90g\/#primaryimage\"},\"thumbnailUrl\":\"http:\/\/ruuby.ee\/wp-content\/uploads\/2023\/10\/Screenshot-2023-10-10-at-16.30.50.png\",\"datePublished\":\"2023-10-10T13:35:45+00:00\",\"dateModified\":\"2026-04-04T22:25:31+00:00\",\"breadcrumb\":{\"@id\":\"http:\/\/ruuby.ee\/en\/pood\/gurmee\/maiustused\/the-mallows-soola-karamelli-vahukommid-90g\/#breadcrumb\"},\"inLanguage\":\"en-GB\",\"potentialAction\":[{\"@type\":\"ReadAction\",\"target\":[\"http:\/\/ruuby.ee\/en\/pood\/gurmee\/maiustused\/the-mallows-soola-karamelli-vahukommid-90g\/\"]}]},{\"@type\":\"ImageObject\",\"inLanguage\":\"en-GB\",\"@id\":\"http:\/\/ruuby.ee\/en\/pood\/gurmee\/maiustused\/the-mallows-soola-karamelli-vahukommid-90g\/#primaryimage\",\"url\":\"http:\/\/ruuby.ee\/wp-content\/uploads\/2023\/10\/Screenshot-2023-10-10-at-16.30.50.png\",\"contentUrl\":\"http:\/\/ruuby.ee\/wp-content\/uploads\/2023\/10\/Screenshot-2023-10-10-at-16.30.50.png\",\"width\":1198,\"height\":1196},{\"@type\":\"BreadcrumbList\",\"@id\":\"http:\/\/ruuby.ee\/en\/pood\/gurmee\/maiustused\/the-mallows-soola-karamelli-vahukommid-90g\/#breadcrumb\",\"itemListElement\":[{\"@type\":\"ListItem\",\"position\":1,\"name\":\"Kdu\",\"item\":\"http:\/\/ruuby.ee\/\"},{\"@type\":\"ListItem\",\"position\":2,\"name\":\"Pood\",\"item\":\"https:\/\/ruuby.ee\/en\/pood\/\"},{\"@type\":\"ListItem\",\"position\":3,\"name\":\"THE MALLOWS &#8211; Soola karamelli vahukommid, 90g\"}]},{\"@type\":\"WebSite\",\"@id\":\"http:\/\/ruuby.ee\/#website\",\"url\":\"http:\/\/ruuby.ee\/\",\"name\":\"RUUBY\",\"description\":\"Ruubys on \u00fchendatud elustiil ja disain\",\"publisher\":{\"@id\":\"http:\/\/ruuby.ee\/#organization\"},\"alternateName\":\"Ruuby Disain\",\"potentialAction\":[{\"@type\":\"SearchAction\",\"target\":{\"@type\":\"EntryPoint\",\"urlTemplate\":\"http:\/\/ruuby.ee\/?s={search_term_string}\"},\"query-input\":{\"@type\":\"PropertyValueSpecification\",\"valueRequired\":true,\"valueName\":\"search_term_string\"}}],\"inLanguage\":\"en-GB\"},{\"@type\":\"Organization\",\"@id\":\"http:\/\/ruuby.ee\/#organization\",\"name\":\"Ruuby Disain O\u00dc\",\"alternateName\":\"Ruuby\",\"url\":\"http:\/\/ruuby.ee\/\",\"logo\":{\"@type\":\"ImageObject\",\"inLanguage\":\"en-GB\",\"@id\":\"http:\/\/ruuby.ee\/#\/schema\/logo\/image\/\",\"url\":\"http:\/\/ruuby.ee\/wp-content\/uploads\/2023\/06\/cropped-Black-White-Elegant-Circle-Signature-Fashion-Logo-12_large.png\",\"contentUrl\":\"http:\/\/ruuby.ee\/wp-content\/uploads\/2023\/06\/cropped-Black-White-Elegant-Circle-Signature-Fashion-Logo-12_large.png\",\"width\":1280,\"height\":747,\"caption\":\"Ruuby Disain O\u00dc\"},\"image\":{\"@id\":\"http:\/\/ruuby.ee\/#\/schema\/logo\/image\/\"},\"sameAs\":[\"https:\/\/www.facebook.com\/ruubyconcept\",\"https:\/\/www.instagram.com\/ruuby_concept\/\"]}]}<\/script>\n<!-- \/ Yoast SEO plugin. -->","yoast_head_json":{"title":"THE MALLOWS - Soola karamelli vahukommid, 90g - RUUBY","robots":{"index":"index","follow":"follow","max-snippet":"max-snippet:-1","max-image-preview":"max-image-preview:large","max-video-preview":"max-video-preview:-1"},"canonical":"http:\/\/ruuby.ee\/en\/pood\/gurmee\/maiustused\/the-mallows-soola-karamelli-vahukommid-90g\/","og_locale":"en_GB","og_type":"article","og_title":"THE MALLOWS - Soola karamelli vahukommid, 90g - RUUBY","og_description":"Salted Caramel on vanilje maitsega orgaanilised vahukommid, mis on kaetud Belgia piima\u0161okolaadi ja pehme kreemja prantsuse karamelliga, Maldoni soola puudutusega ning l\u00f5puks kaetud kakaolise v\u00e4liskihiga. K\u00f5ik sulandub kokku fantastiliseks maitseelamuseks. Soolakaramell on k\u00f6itev maiustus, mis sisaldab orgaanilisi vahukomme, millele on lisatud veetlev vanilje maitse. Need vahukommid kaetakse seej\u00e4rel rikkalikult dekadentliku Belgia piima\u0161okolaadiga, luues rikkaliku ja [&hellip;]","og_url":"http:\/\/ruuby.ee\/en\/pood\/gurmee\/maiustused\/the-mallows-soola-karamelli-vahukommid-90g\/","og_site_name":"RUUBY","article_publisher":"https:\/\/www.facebook.com\/ruubyconcept","article_modified_time":"2026-04-04T22:25:31+00:00","og_image":[{"width":1198,"height":1196,"url":"http:\/\/ruuby.ee\/wp-content\/uploads\/2023\/10\/Screenshot-2023-10-10-at-16.30.50.png","type":"image\/png"}],"twitter_card":"summary_large_image","twitter_misc":{"Estimated reading time":"1 minute"},"schema":{"@context":"https:\/\/schema.org","@graph":[{"@type":["WebPage","ItemPage"],"@id":"http:\/\/ruuby.ee\/en\/pood\/gurmee\/maiustused\/the-mallows-soola-karamelli-vahukommid-90g\/","url":"http:\/\/ruuby.ee\/en\/pood\/gurmee\/maiustused\/the-mallows-soola-karamelli-vahukommid-90g\/","name":"THE MALLOWS - Soola karamelli vahukommid, 90g - RUUBY","isPartOf":{"@id":"http:\/\/ruuby.ee\/#website"},"primaryImageOfPage":{"@id":"http:\/\/ruuby.ee\/en\/pood\/gurmee\/maiustused\/the-mallows-soola-karamelli-vahukommid-90g\/#primaryimage"},"image":{"@id":"http:\/\/ruuby.ee\/en\/pood\/gurmee\/maiustused\/the-mallows-soola-karamelli-vahukommid-90g\/#primaryimage"},"thumbnailUrl":"http:\/\/ruuby.ee\/wp-content\/uploads\/2023\/10\/Screenshot-2023-10-10-at-16.30.50.png","datePublished":"2023-10-10T13:35:45+00:00","dateModified":"2026-04-04T22:25:31+00:00","breadcrumb":{"@id":"http:\/\/ruuby.ee\/en\/pood\/gurmee\/maiustused\/the-mallows-soola-karamelli-vahukommid-90g\/#breadcrumb"},"inLanguage":"en-GB","potentialAction":[{"@type":"ReadAction","target":["http:\/\/ruuby.ee\/en\/pood\/gurmee\/maiustused\/the-mallows-soola-karamelli-vahukommid-90g\/"]}]},{"@type":"ImageObject","inLanguage":"en-GB","@id":"http:\/\/ruuby.ee\/en\/pood\/gurmee\/maiustused\/the-mallows-soola-karamelli-vahukommid-90g\/#primaryimage","url":"http:\/\/ruuby.ee\/wp-content\/uploads\/2023\/10\/Screenshot-2023-10-10-at-16.30.50.png","contentUrl":"http:\/\/ruuby.ee\/wp-content\/uploads\/2023\/10\/Screenshot-2023-10-10-at-16.30.50.png","width":1198,"height":1196},{"@type":"BreadcrumbList","@id":"http:\/\/ruuby.ee\/en\/pood\/gurmee\/maiustused\/the-mallows-soola-karamelli-vahukommid-90g\/#breadcrumb","itemListElement":[{"@type":"ListItem","position":1,"name":"Kdu","item":"http:\/\/ruuby.ee\/"},{"@type":"ListItem","position":2,"name":"Pood","item":"https:\/\/ruuby.ee\/en\/pood\/"},{"@type":"ListItem","position":3,"name":"THE MALLOWS &#8211; Soola karamelli vahukommid, 90g"}]},{"@type":"WebSite","@id":"http:\/\/ruuby.ee\/#website","url":"http:\/\/ruuby.ee\/","name":"RUUBY","description":"Ruubys on \u00fchendatud elustiil ja disain","publisher":{"@id":"http:\/\/ruuby.ee\/#organization"},"alternateName":"Ruuby Disain","potentialAction":[{"@type":"SearchAction","target":{"@type":"EntryPoint","urlTemplate":"http:\/\/ruuby.ee\/?s={search_term_string}"},"query-input":{"@type":"PropertyValueSpecification","valueRequired":true,"valueName":"search_term_string"}}],"inLanguage":"en-GB"},{"@type":"Organization","@id":"http:\/\/ruuby.ee\/#organization","name":"Ruuby Disain O\u00dc","alternateName":"Ruuby","url":"http:\/\/ruuby.ee\/","logo":{"@type":"ImageObject","inLanguage":"en-GB","@id":"http:\/\/ruuby.ee\/#\/schema\/logo\/image\/","url":"http:\/\/ruuby.ee\/wp-content\/uploads\/2023\/06\/cropped-Black-White-Elegant-Circle-Signature-Fashion-Logo-12_large.png","contentUrl":"http:\/\/ruuby.ee\/wp-content\/uploads\/2023\/06\/cropped-Black-White-Elegant-Circle-Signature-Fashion-Logo-12_large.png","width":1280,"height":747,"caption":"Ruuby Disain O\u00dc"},"image":{"@id":"http:\/\/ruuby.ee\/#\/schema\/logo\/image\/"},"sameAs":["https:\/\/www.facebook.com\/ruubyconcept","https:\/\/www.instagram.com\/ruuby_concept\/"]}]}},"jetpack_sharing_enabled":true,"_links":{"self":[{"href":"http:\/\/ruuby.ee\/en\/wp-json\/wp\/v2\/product\/1840141","targetHints":{"allow":["GET"]}}],"collection":[{"href":"http:\/\/ruuby.ee\/en\/wp-json\/wp\/v2\/product"}],"about":[{"href":"http:\/\/ruuby.ee\/en\/wp-json\/wp\/v2\/types\/product"}],"replies":[{"embeddable":true,"href":"http:\/\/ruuby.ee\/en\/wp-json\/wp\/v2\/comments?post=1840141"}],"wp:featuredmedia":[{"embeddable":true,"href":"http:\/\/ruuby.ee\/en\/wp-json\/wp\/v2\/media\/1840142"}],"wp:attachment":[{"href":"http:\/\/ruuby.ee\/en\/wp-json\/wp\/v2\/media?parent=1840141"}],"wp:term":[{"taxonomy":"product_brand","embeddable":true,"href":"http:\/\/ruuby.ee\/en\/wp-json\/wp\/v2\/product_brand?post=1840141"},{"taxonomy":"product_cat","embeddable":true,"href":"http:\/\/ruuby.ee\/en\/wp-json\/wp\/v2\/product_cat?post=1840141"},{"taxonomy":"product_tag","embeddable":true,"href":"http:\/\/ruuby.ee\/en\/wp-json\/wp\/v2\/product_tag?post=1840141"}],"curies":[{"name":"wp","href":"https:\/\/api.w.org\/{rel}","templated":true}]}}