{"id":1840043,"date":"2023-10-10T14:57:16","date_gmt":"2023-10-10T11:57:16","guid":{"rendered":"http:\/\/ruuby.ee\/?post_type=product&#038;p=1840043"},"modified":"2026-04-04T01:25:01","modified_gmt":"2026-04-03T22:25:01","slug":"umage-valgusti-eos-mini","status":"publish","type":"product","link":"http:\/\/ruuby.ee\/en\/pood\/kodusisustus\/valgustus\/porandalambid\/umage-valgusti-eos-mini\/","title":{"rendered":"UMAGE &#8211; Valgusti Eos, suur"},"content":{"rendered":"<p>Eose lambivari ammutab oma j\u00f5u ja lummava ilu oma pehmetest sulgedest, mis loovad koju sooja atmosf\u00e4\u00e4ri. T\u00e4iesti looduslikest hanesulgedest valmistatud ainulaadsed ja k\u00e4sitsi valmistatud lambivarjud pakuvad pehmet ja sooja valgust ning lisavad igale sisekujundusele rafineeritud ja elegantse puudutuse.<\/p>\n<p>Eos on painduv lambivari, mida saab kasutada nii p\u00f5randa-, laua- kui rippvalgustina. Lambivarju saab kombineerida paljude erinevate UMAGE valgustitarvikutega: perekond Sant\u00e9, perekond Willow, statiiviperekond v\u00f5i ripatsina, mis ripub Rosette, Cannonballi v\u00f5i juhtmekomplekti k\u00fclge.<\/p>\n<p>Saadaval kuues erinevas loodusest inspireeritud v\u00e4rvitoonis.<\/p>\n<p>Seda toodet saab 180\u00b0 p\u00f6\u00f6rata, et muuta valguse suunda ja visuaalset v\u00e4ljendust.\u00a0Kergesti puhastatav f\u00f6\u00f6niga.<\/p>\n<p>E26 \/ E27 &#8211; max 15 W LED (ei kuulu komplekti)<\/p>\n<p>M\u00f5\u00f5dud:\u00d8: 60 cm H: 40 cm<\/p>","protected":false},"excerpt":{"rendered":"<p>Tarne 10-14 t\u00f6\u00f6p\u00e4eva.<\/p>","protected":false},"featured_media":1840058,"comment_status":"open","ping_status":"closed","template":"","meta":[],"product_brand":[],"product_cat":[798,797,59],"product_tag":[801,257,150,256],"class_list":{"0":"post-1840043","1":"product","2":"type-product","3":"status-publish","4":"has-post-thumbnail","6":"product_cat-laelambid","7":"product_cat-porandalambid","8":"product_cat-valgustus","9":"product_tag-eos","10":"product_tag-laevalgusti","11":"product_tag-umage","12":"product_tag-valgusti","14":"first","15":"onbackorder","16":"taxable","17":"shipping-taxable","18":"purchasable","19":"product-type-variable","20":"rtwpvs-product"},"yoast_head":"<!-- This site is optimized with the Yoast SEO plugin v27.2 - https:\/\/yoast.com\/product\/yoast-seo-wordpress\/ -->\n<title>UMAGE - Valgusti Eos, suur - RUUBY<\/title>\n<meta name=\"robots\" content=\"index, follow, max-snippet:-1, max-image-preview:large, max-video-preview:-1\" \/>\n<link rel=\"canonical\" href=\"https:\/\/ruuby.ee\/en\/pood\/kodusisustus\/valgustus\/porandalambid\/umage-valgusti-eos-mini\/\" \/>\n<meta property=\"og:locale\" content=\"en_GB\" \/>\n<meta property=\"og:type\" content=\"article\" \/>\n<meta property=\"og:title\" content=\"UMAGE - Valgusti Eos, suur - RUUBY\" \/>\n<meta property=\"og:description\" content=\"Tarne 10-14 t\u00f6\u00f6p\u00e4eva.\" \/>\n<meta property=\"og:url\" content=\"https:\/\/ruuby.ee\/en\/pood\/kodusisustus\/valgustus\/porandalambid\/umage-valgusti-eos-mini\/\" \/>\n<meta property=\"og:site_name\" content=\"RUUBY\" \/>\n<meta property=\"article:publisher\" content=\"https:\/\/www.facebook.com\/ruubyconcept\" \/>\n<meta property=\"article:modified_time\" content=\"2026-04-03T22:25:01+00:00\" \/>\n<meta property=\"og:image\" content=\"https:\/\/ruuby.ee\/wp-content\/uploads\/2023\/10\/Screenshot-2023-10-10-at-15.03.32.png\" \/>\n\t<meta property=\"og:image:width\" content=\"1050\" \/>\n\t<meta property=\"og:image:height\" content=\"968\" \/>\n\t<meta property=\"og:image:type\" content=\"image\/png\" \/>\n<meta name=\"twitter:card\" content=\"summary_large_image\" \/>\n<meta name=\"twitter:label1\" content=\"Estimated reading time\" \/>\n\t<meta name=\"twitter:data1\" content=\"1 minute\" \/>\n<script type=\"application\/ld+json\" class=\"yoast-schema-graph\">{\"@context\":\"https:\/\/schema.org\",\"@graph\":[{\"@type\":[\"WebPage\",\"ItemPage\"],\"@id\":\"https:\/\/ruuby.ee\/en\/pood\/kodusisustus\/valgustus\/porandalambid\/umage-valgusti-eos-mini\/\",\"url\":\"https:\/\/ruuby.ee\/en\/pood\/kodusisustus\/valgustus\/porandalambid\/umage-valgusti-eos-mini\/\",\"name\":\"UMAGE - Valgusti Eos, suur - RUUBY\",\"isPartOf\":{\"@id\":\"https:\/\/ruuby.ee\/en\/#website\"},\"primaryImageOfPage\":{\"@id\":\"https:\/\/ruuby.ee\/en\/pood\/kodusisustus\/valgustus\/porandalambid\/umage-valgusti-eos-mini\/#primaryimage\"},\"image\":{\"@id\":\"https:\/\/ruuby.ee\/en\/pood\/kodusisustus\/valgustus\/porandalambid\/umage-valgusti-eos-mini\/#primaryimage\"},\"thumbnailUrl\":\"http:\/\/ruuby.ee\/wp-content\/uploads\/2023\/10\/Screenshot-2023-10-10-at-15.03.32.png\",\"datePublished\":\"2023-10-10T11:57:16+00:00\",\"dateModified\":\"2026-04-03T22:25:01+00:00\",\"breadcrumb\":{\"@id\":\"https:\/\/ruuby.ee\/en\/pood\/kodusisustus\/valgustus\/porandalambid\/umage-valgusti-eos-mini\/#breadcrumb\"},\"inLanguage\":\"en-GB\",\"potentialAction\":[{\"@type\":\"ReadAction\",\"target\":[\"https:\/\/ruuby.ee\/en\/pood\/kodusisustus\/valgustus\/porandalambid\/umage-valgusti-eos-mini\/\"]}]},{\"@type\":\"ImageObject\",\"inLanguage\":\"en-GB\",\"@id\":\"https:\/\/ruuby.ee\/en\/pood\/kodusisustus\/valgustus\/porandalambid\/umage-valgusti-eos-mini\/#primaryimage\",\"url\":\"http:\/\/ruuby.ee\/wp-content\/uploads\/2023\/10\/Screenshot-2023-10-10-at-15.03.32.png\",\"contentUrl\":\"http:\/\/ruuby.ee\/wp-content\/uploads\/2023\/10\/Screenshot-2023-10-10-at-15.03.32.png\",\"width\":1050,\"height\":968},{\"@type\":\"BreadcrumbList\",\"@id\":\"https:\/\/ruuby.ee\/en\/pood\/kodusisustus\/valgustus\/porandalambid\/umage-valgusti-eos-mini\/#breadcrumb\",\"itemListElement\":[{\"@type\":\"ListItem\",\"position\":1,\"name\":\"Kdu\",\"item\":\"https:\/\/ruuby.ee\/en\/\"},{\"@type\":\"ListItem\",\"position\":2,\"name\":\"Pood\",\"item\":\"https:\/\/ruuby.ee\/pood\/\"},{\"@type\":\"ListItem\",\"position\":3,\"name\":\"UMAGE &#8211; Valgusti Eos, suur\"}]},{\"@type\":\"WebSite\",\"@id\":\"https:\/\/ruuby.ee\/en\/#website\",\"url\":\"https:\/\/ruuby.ee\/en\/\",\"name\":\"RUUBY\",\"description\":\"Ruubys on \u00fchendatud elustiil ja disain\",\"publisher\":{\"@id\":\"https:\/\/ruuby.ee\/en\/#organization\"},\"alternateName\":\"Ruuby Disain\",\"potentialAction\":[{\"@type\":\"SearchAction\",\"target\":{\"@type\":\"EntryPoint\",\"urlTemplate\":\"https:\/\/ruuby.ee\/en\/?s={search_term_string}\"},\"query-input\":{\"@type\":\"PropertyValueSpecification\",\"valueRequired\":true,\"valueName\":\"search_term_string\"}}],\"inLanguage\":\"en-GB\"},{\"@type\":\"Organization\",\"@id\":\"https:\/\/ruuby.ee\/en\/#organization\",\"name\":\"Ruuby Disain O\u00dc\",\"alternateName\":\"Ruuby\",\"url\":\"https:\/\/ruuby.ee\/en\/\",\"logo\":{\"@type\":\"ImageObject\",\"inLanguage\":\"en-GB\",\"@id\":\"https:\/\/ruuby.ee\/en\/#\/schema\/logo\/image\/\",\"url\":\"http:\/\/ruuby.ee\/wp-content\/uploads\/2023\/06\/cropped-Black-White-Elegant-Circle-Signature-Fashion-Logo-12_large.png\",\"contentUrl\":\"http:\/\/ruuby.ee\/wp-content\/uploads\/2023\/06\/cropped-Black-White-Elegant-Circle-Signature-Fashion-Logo-12_large.png\",\"width\":1280,\"height\":747,\"caption\":\"Ruuby Disain O\u00dc\"},\"image\":{\"@id\":\"https:\/\/ruuby.ee\/en\/#\/schema\/logo\/image\/\"},\"sameAs\":[\"https:\/\/www.facebook.com\/ruubyconcept\",\"https:\/\/www.instagram.com\/ruuby_concept\/\"]}]}<\/script>\n<!-- \/ Yoast SEO plugin. -->","yoast_head_json":{"title":"UMAGE - Valgusti Eos, suur - RUUBY","robots":{"index":"index","follow":"follow","max-snippet":"max-snippet:-1","max-image-preview":"max-image-preview:large","max-video-preview":"max-video-preview:-1"},"canonical":"https:\/\/ruuby.ee\/en\/pood\/kodusisustus\/valgustus\/porandalambid\/umage-valgusti-eos-mini\/","og_locale":"en_GB","og_type":"article","og_title":"UMAGE - Valgusti Eos, suur - RUUBY","og_description":"Tarne 10-14 t\u00f6\u00f6p\u00e4eva.","og_url":"https:\/\/ruuby.ee\/en\/pood\/kodusisustus\/valgustus\/porandalambid\/umage-valgusti-eos-mini\/","og_site_name":"RUUBY","article_publisher":"https:\/\/www.facebook.com\/ruubyconcept","article_modified_time":"2026-04-03T22:25:01+00:00","og_image":[{"width":1050,"height":968,"url":"https:\/\/ruuby.ee\/wp-content\/uploads\/2023\/10\/Screenshot-2023-10-10-at-15.03.32.png","type":"image\/png"}],"twitter_card":"summary_large_image","twitter_misc":{"Estimated reading time":"1 minute"},"schema":{"@context":"https:\/\/schema.org","@graph":[{"@type":["WebPage","ItemPage"],"@id":"https:\/\/ruuby.ee\/en\/pood\/kodusisustus\/valgustus\/porandalambid\/umage-valgusti-eos-mini\/","url":"https:\/\/ruuby.ee\/en\/pood\/kodusisustus\/valgustus\/porandalambid\/umage-valgusti-eos-mini\/","name":"UMAGE - Valgusti Eos, suur - RUUBY","isPartOf":{"@id":"https:\/\/ruuby.ee\/en\/#website"},"primaryImageOfPage":{"@id":"https:\/\/ruuby.ee\/en\/pood\/kodusisustus\/valgustus\/porandalambid\/umage-valgusti-eos-mini\/#primaryimage"},"image":{"@id":"https:\/\/ruuby.ee\/en\/pood\/kodusisustus\/valgustus\/porandalambid\/umage-valgusti-eos-mini\/#primaryimage"},"thumbnailUrl":"http:\/\/ruuby.ee\/wp-content\/uploads\/2023\/10\/Screenshot-2023-10-10-at-15.03.32.png","datePublished":"2023-10-10T11:57:16+00:00","dateModified":"2026-04-03T22:25:01+00:00","breadcrumb":{"@id":"https:\/\/ruuby.ee\/en\/pood\/kodusisustus\/valgustus\/porandalambid\/umage-valgusti-eos-mini\/#breadcrumb"},"inLanguage":"en-GB","potentialAction":[{"@type":"ReadAction","target":["https:\/\/ruuby.ee\/en\/pood\/kodusisustus\/valgustus\/porandalambid\/umage-valgusti-eos-mini\/"]}]},{"@type":"ImageObject","inLanguage":"en-GB","@id":"https:\/\/ruuby.ee\/en\/pood\/kodusisustus\/valgustus\/porandalambid\/umage-valgusti-eos-mini\/#primaryimage","url":"http:\/\/ruuby.ee\/wp-content\/uploads\/2023\/10\/Screenshot-2023-10-10-at-15.03.32.png","contentUrl":"http:\/\/ruuby.ee\/wp-content\/uploads\/2023\/10\/Screenshot-2023-10-10-at-15.03.32.png","width":1050,"height":968},{"@type":"BreadcrumbList","@id":"https:\/\/ruuby.ee\/en\/pood\/kodusisustus\/valgustus\/porandalambid\/umage-valgusti-eos-mini\/#breadcrumb","itemListElement":[{"@type":"ListItem","position":1,"name":"Kdu","item":"https:\/\/ruuby.ee\/en\/"},{"@type":"ListItem","position":2,"name":"Pood","item":"https:\/\/ruuby.ee\/pood\/"},{"@type":"ListItem","position":3,"name":"UMAGE &#8211; Valgusti Eos, suur"}]},{"@type":"WebSite","@id":"https:\/\/ruuby.ee\/en\/#website","url":"https:\/\/ruuby.ee\/en\/","name":"RUUBY","description":"Ruubys on \u00fchendatud elustiil ja disain","publisher":{"@id":"https:\/\/ruuby.ee\/en\/#organization"},"alternateName":"Ruuby Disain","potentialAction":[{"@type":"SearchAction","target":{"@type":"EntryPoint","urlTemplate":"https:\/\/ruuby.ee\/en\/?s={search_term_string}"},"query-input":{"@type":"PropertyValueSpecification","valueRequired":true,"valueName":"search_term_string"}}],"inLanguage":"en-GB"},{"@type":"Organization","@id":"https:\/\/ruuby.ee\/en\/#organization","name":"Ruuby Disain O\u00dc","alternateName":"Ruuby","url":"https:\/\/ruuby.ee\/en\/","logo":{"@type":"ImageObject","inLanguage":"en-GB","@id":"https:\/\/ruuby.ee\/en\/#\/schema\/logo\/image\/","url":"http:\/\/ruuby.ee\/wp-content\/uploads\/2023\/06\/cropped-Black-White-Elegant-Circle-Signature-Fashion-Logo-12_large.png","contentUrl":"http:\/\/ruuby.ee\/wp-content\/uploads\/2023\/06\/cropped-Black-White-Elegant-Circle-Signature-Fashion-Logo-12_large.png","width":1280,"height":747,"caption":"Ruuby Disain O\u00dc"},"image":{"@id":"https:\/\/ruuby.ee\/en\/#\/schema\/logo\/image\/"},"sameAs":["https:\/\/www.facebook.com\/ruubyconcept","https:\/\/www.instagram.com\/ruuby_concept\/"]}]}},"jetpack_sharing_enabled":true,"_links":{"self":[{"href":"http:\/\/ruuby.ee\/en\/wp-json\/wp\/v2\/product\/1840043","targetHints":{"allow":["GET"]}}],"collection":[{"href":"http:\/\/ruuby.ee\/en\/wp-json\/wp\/v2\/product"}],"about":[{"href":"http:\/\/ruuby.ee\/en\/wp-json\/wp\/v2\/types\/product"}],"replies":[{"embeddable":true,"href":"http:\/\/ruuby.ee\/en\/wp-json\/wp\/v2\/comments?post=1840043"}],"wp:featuredmedia":[{"embeddable":true,"href":"http:\/\/ruuby.ee\/en\/wp-json\/wp\/v2\/media\/1840058"}],"wp:attachment":[{"href":"http:\/\/ruuby.ee\/en\/wp-json\/wp\/v2\/media?parent=1840043"}],"wp:term":[{"taxonomy":"product_brand","embeddable":true,"href":"http:\/\/ruuby.ee\/en\/wp-json\/wp\/v2\/product_brand?post=1840043"},{"taxonomy":"product_cat","embeddable":true,"href":"http:\/\/ruuby.ee\/en\/wp-json\/wp\/v2\/product_cat?post=1840043"},{"taxonomy":"product_tag","embeddable":true,"href":"http:\/\/ruuby.ee\/en\/wp-json\/wp\/v2\/product_tag?post=1840043"}],"curies":[{"name":"wp","href":"https:\/\/api.w.org\/{rel}","templated":true}]}}