{"id":1840009,"date":"2023-10-07T13:01:05","date_gmt":"2023-10-07T10:01:05","guid":{"rendered":"http:\/\/ruuby.ee\/?post_type=product&#038;p=1840009"},"modified":"2026-04-04T01:25:01","modified_gmt":"2026-04-03T22:25:01","slug":"umagr-laelamp-forget-me-not","status":"publish","type":"product","link":"http:\/\/ruuby.ee\/en\/pood\/kodusisustus\/valgustus\/laelambid\/umagr-laelamp-forget-me-not\/","title":{"rendered":"UMAGE &#8211; laelamp, Forget Me Not"},"content":{"rendered":"<p>Tammespoonist valmistatud Forget Me Not\u2122 on samanimelisest lillest inspireeritud lamp. Selle orgaaniline kuju lisab kodule soojust ja eluj\u00f5udu ning toob sisemusse p\u00f5hjamaised loodustoonid.<\/p>\n<p>Forget Me Not\u2122 on saadaval kolmes erinevas suuruses ja kolme erineva puitviimistlusega, mis v\u00f5imaldab teil <a href=\"https:\/\/koopia.ruuby.ee\/pood\/kodusisustus\/valgustus\/lisad\/umage-rosette-mini\/\">Rosette Mini<\/a> abil luua elavaid, kuid stiilseid erineva suuruse ja v\u00e4rviga klastreid.<\/p>\n<p>\u00dcksi v\u00f5i kobarates rippuv Forget Me Not\u2122 lisab kindlasti kodule elavat ja erakordset h\u00f5ngu.<\/p>\n<p>M\u00f5\u00f5dud:<\/p>\n<p>Mini (\u00d8 \u00d7 K): 19 \u00d7 4 cm<br \/>\nKeskmine (\u00d8 \u00d7 K): 28 \u00d7 7 cm<br \/>\nSuur (\u00d8 \u00d7 K): 38 \u00d7 11 cm<\/p>\n<p>Materjal: Tamm<\/p>","protected":false},"excerpt":{"rendered":"<p>Tammespoonist valmistatud Forget Me Not\u2122 on samanimelisest lillest inspireeritud lamp. Selle orgaaniline kuju lisab kodule soojust ja eluj\u00f5udu ning toob sisemusse p\u00f5hjamaised loodustoonid. Forget Me Not\u2122 on saadaval kolmes erinevas suuruses ja kolme erineva puitviimistlusega, mis v\u00f5imaldab teil Rosette Mini abil luua elavaid, kuid stiilseid erineva suuruse ja v\u00e4rviga klastreid. \u00dcksi v\u00f5i kobarates rippuv Forget [&hellip;]<\/p>\n","protected":false},"featured_media":1840010,"comment_status":"open","ping_status":"closed","template":"","meta":[],"product_brand":[],"product_cat":[798,59],"product_tag":[257,150],"class_list":{"0":"post-1840009","1":"product","2":"type-product","3":"status-publish","4":"has-post-thumbnail","6":"product_cat-laelambid","7":"product_cat-valgustus","8":"product_tag-laevalgusti","9":"product_tag-umage","11":"first","12":"onbackorder","13":"taxable","14":"shipping-taxable","15":"purchasable","16":"product-type-variable","17":"rtwpvs-product"},"yoast_head":"<!-- This site is optimized with the Yoast SEO plugin v27.2 - https:\/\/yoast.com\/product\/yoast-seo-wordpress\/ -->\n<title>UMAGE - laelamp, Forget Me Not - RUUBY<\/title>\n<meta name=\"robots\" content=\"index, follow, max-snippet:-1, max-image-preview:large, max-video-preview:-1\" \/>\n<link rel=\"canonical\" href=\"http:\/\/ruuby.ee\/en\/pood\/kodusisustus\/valgustus\/laelambid\/umagr-laelamp-forget-me-not\/\" \/>\n<meta property=\"og:locale\" content=\"en_GB\" \/>\n<meta property=\"og:type\" content=\"article\" \/>\n<meta property=\"og:title\" content=\"UMAGE - laelamp, Forget Me Not - RUUBY\" \/>\n<meta property=\"og:description\" content=\"Tammespoonist valmistatud Forget Me Not\u2122 on samanimelisest lillest inspireeritud lamp. Selle orgaaniline kuju lisab kodule soojust ja eluj\u00f5udu ning toob sisemusse p\u00f5hjamaised loodustoonid. Forget Me Not\u2122 on saadaval kolmes erinevas suuruses ja kolme erineva puitviimistlusega, mis v\u00f5imaldab teil Rosette Mini abil luua elavaid, kuid stiilseid erineva suuruse ja v\u00e4rviga klastreid. \u00dcksi v\u00f5i kobarates rippuv Forget [&hellip;]\" \/>\n<meta property=\"og:url\" content=\"http:\/\/ruuby.ee\/en\/pood\/kodusisustus\/valgustus\/laelambid\/umagr-laelamp-forget-me-not\/\" \/>\n<meta property=\"og:site_name\" content=\"RUUBY\" \/>\n<meta property=\"article:publisher\" content=\"https:\/\/www.facebook.com\/ruubyconcept\" \/>\n<meta property=\"article:modified_time\" content=\"2026-04-03T22:25:01+00:00\" \/>\n<meta property=\"og:image\" content=\"http:\/\/ruuby.ee\/wp-content\/uploads\/2023\/10\/Screenshot-2023-10-07-at-12.55.19.png\" \/>\n\t<meta property=\"og:image:width\" content=\"816\" \/>\n\t<meta property=\"og:image:height\" content=\"584\" \/>\n\t<meta property=\"og:image:type\" content=\"image\/png\" \/>\n<meta name=\"twitter:card\" content=\"summary_large_image\" \/>\n<meta name=\"twitter:label1\" content=\"Estimated reading time\" \/>\n\t<meta name=\"twitter:data1\" content=\"1 minute\" \/>\n<script type=\"application\/ld+json\" class=\"yoast-schema-graph\">{\"@context\":\"https:\/\/schema.org\",\"@graph\":[{\"@type\":[\"WebPage\",\"ItemPage\"],\"@id\":\"http:\/\/ruuby.ee\/pood\/kodusisustus\/valgustus\/laelambid\/umagr-laelamp-forget-me-not\/\",\"url\":\"http:\/\/ruuby.ee\/pood\/kodusisustus\/valgustus\/laelambid\/umagr-laelamp-forget-me-not\/\",\"name\":\"UMAGE - laelamp, Forget Me Not - RUUBY\",\"isPartOf\":{\"@id\":\"https:\/\/ruuby.ee\/en\/#website\"},\"primaryImageOfPage\":{\"@id\":\"http:\/\/ruuby.ee\/pood\/kodusisustus\/valgustus\/laelambid\/umagr-laelamp-forget-me-not\/#primaryimage\"},\"image\":{\"@id\":\"http:\/\/ruuby.ee\/pood\/kodusisustus\/valgustus\/laelambid\/umagr-laelamp-forget-me-not\/#primaryimage\"},\"thumbnailUrl\":\"http:\/\/ruuby.ee\/wp-content\/uploads\/2023\/10\/Screenshot-2023-10-07-at-12.55.19.png\",\"datePublished\":\"2023-10-07T10:01:05+00:00\",\"dateModified\":\"2026-04-03T22:25:01+00:00\",\"breadcrumb\":{\"@id\":\"http:\/\/ruuby.ee\/pood\/kodusisustus\/valgustus\/laelambid\/umagr-laelamp-forget-me-not\/#breadcrumb\"},\"inLanguage\":\"en-GB\",\"potentialAction\":[{\"@type\":\"ReadAction\",\"target\":[\"http:\/\/ruuby.ee\/pood\/kodusisustus\/valgustus\/laelambid\/umagr-laelamp-forget-me-not\/\"]}]},{\"@type\":\"ImageObject\",\"inLanguage\":\"en-GB\",\"@id\":\"http:\/\/ruuby.ee\/pood\/kodusisustus\/valgustus\/laelambid\/umagr-laelamp-forget-me-not\/#primaryimage\",\"url\":\"http:\/\/ruuby.ee\/wp-content\/uploads\/2023\/10\/Screenshot-2023-10-07-at-12.55.19.png\",\"contentUrl\":\"http:\/\/ruuby.ee\/wp-content\/uploads\/2023\/10\/Screenshot-2023-10-07-at-12.55.19.png\",\"width\":816,\"height\":584},{\"@type\":\"BreadcrumbList\",\"@id\":\"http:\/\/ruuby.ee\/pood\/kodusisustus\/valgustus\/laelambid\/umagr-laelamp-forget-me-not\/#breadcrumb\",\"itemListElement\":[{\"@type\":\"ListItem\",\"position\":1,\"name\":\"Kdu\",\"item\":\"https:\/\/ruuby.ee\/en\/\"},{\"@type\":\"ListItem\",\"position\":2,\"name\":\"Pood\",\"item\":\"https:\/\/ruuby.ee\/pood\/\"},{\"@type\":\"ListItem\",\"position\":3,\"name\":\"UMAGE &#8211; laelamp, Forget Me Not\"}]},{\"@type\":\"WebSite\",\"@id\":\"https:\/\/ruuby.ee\/en\/#website\",\"url\":\"https:\/\/ruuby.ee\/en\/\",\"name\":\"RUUBY\",\"description\":\"Ruubys on \u00fchendatud elustiil ja disain\",\"publisher\":{\"@id\":\"https:\/\/ruuby.ee\/en\/#organization\"},\"alternateName\":\"Ruuby Disain\",\"potentialAction\":[{\"@type\":\"SearchAction\",\"target\":{\"@type\":\"EntryPoint\",\"urlTemplate\":\"https:\/\/ruuby.ee\/en\/?s={search_term_string}\"},\"query-input\":{\"@type\":\"PropertyValueSpecification\",\"valueRequired\":true,\"valueName\":\"search_term_string\"}}],\"inLanguage\":\"en-GB\"},{\"@type\":\"Organization\",\"@id\":\"https:\/\/ruuby.ee\/en\/#organization\",\"name\":\"Ruuby Disain O\u00dc\",\"alternateName\":\"Ruuby\",\"url\":\"https:\/\/ruuby.ee\/en\/\",\"logo\":{\"@type\":\"ImageObject\",\"inLanguage\":\"en-GB\",\"@id\":\"https:\/\/ruuby.ee\/en\/#\/schema\/logo\/image\/\",\"url\":\"http:\/\/ruuby.ee\/wp-content\/uploads\/2023\/06\/cropped-Black-White-Elegant-Circle-Signature-Fashion-Logo-12_large.png\",\"contentUrl\":\"http:\/\/ruuby.ee\/wp-content\/uploads\/2023\/06\/cropped-Black-White-Elegant-Circle-Signature-Fashion-Logo-12_large.png\",\"width\":1280,\"height\":747,\"caption\":\"Ruuby Disain O\u00dc\"},\"image\":{\"@id\":\"https:\/\/ruuby.ee\/en\/#\/schema\/logo\/image\/\"},\"sameAs\":[\"https:\/\/www.facebook.com\/ruubyconcept\",\"https:\/\/www.instagram.com\/ruuby_concept\/\"]}]}<\/script>\n<!-- \/ Yoast SEO plugin. -->","yoast_head_json":{"title":"UMAGE - laelamp, Forget Me Not - RUUBY","robots":{"index":"index","follow":"follow","max-snippet":"max-snippet:-1","max-image-preview":"max-image-preview:large","max-video-preview":"max-video-preview:-1"},"canonical":"http:\/\/ruuby.ee\/en\/pood\/kodusisustus\/valgustus\/laelambid\/umagr-laelamp-forget-me-not\/","og_locale":"en_GB","og_type":"article","og_title":"UMAGE - laelamp, Forget Me Not - RUUBY","og_description":"Tammespoonist valmistatud Forget Me Not\u2122 on samanimelisest lillest inspireeritud lamp. Selle orgaaniline kuju lisab kodule soojust ja eluj\u00f5udu ning toob sisemusse p\u00f5hjamaised loodustoonid. Forget Me Not\u2122 on saadaval kolmes erinevas suuruses ja kolme erineva puitviimistlusega, mis v\u00f5imaldab teil Rosette Mini abil luua elavaid, kuid stiilseid erineva suuruse ja v\u00e4rviga klastreid. \u00dcksi v\u00f5i kobarates rippuv Forget [&hellip;]","og_url":"http:\/\/ruuby.ee\/en\/pood\/kodusisustus\/valgustus\/laelambid\/umagr-laelamp-forget-me-not\/","og_site_name":"RUUBY","article_publisher":"https:\/\/www.facebook.com\/ruubyconcept","article_modified_time":"2026-04-03T22:25:01+00:00","og_image":[{"width":816,"height":584,"url":"http:\/\/ruuby.ee\/wp-content\/uploads\/2023\/10\/Screenshot-2023-10-07-at-12.55.19.png","type":"image\/png"}],"twitter_card":"summary_large_image","twitter_misc":{"Estimated reading time":"1 minute"},"schema":{"@context":"https:\/\/schema.org","@graph":[{"@type":["WebPage","ItemPage"],"@id":"http:\/\/ruuby.ee\/pood\/kodusisustus\/valgustus\/laelambid\/umagr-laelamp-forget-me-not\/","url":"http:\/\/ruuby.ee\/pood\/kodusisustus\/valgustus\/laelambid\/umagr-laelamp-forget-me-not\/","name":"UMAGE - laelamp, Forget Me Not - RUUBY","isPartOf":{"@id":"https:\/\/ruuby.ee\/en\/#website"},"primaryImageOfPage":{"@id":"http:\/\/ruuby.ee\/pood\/kodusisustus\/valgustus\/laelambid\/umagr-laelamp-forget-me-not\/#primaryimage"},"image":{"@id":"http:\/\/ruuby.ee\/pood\/kodusisustus\/valgustus\/laelambid\/umagr-laelamp-forget-me-not\/#primaryimage"},"thumbnailUrl":"http:\/\/ruuby.ee\/wp-content\/uploads\/2023\/10\/Screenshot-2023-10-07-at-12.55.19.png","datePublished":"2023-10-07T10:01:05+00:00","dateModified":"2026-04-03T22:25:01+00:00","breadcrumb":{"@id":"http:\/\/ruuby.ee\/pood\/kodusisustus\/valgustus\/laelambid\/umagr-laelamp-forget-me-not\/#breadcrumb"},"inLanguage":"en-GB","potentialAction":[{"@type":"ReadAction","target":["http:\/\/ruuby.ee\/pood\/kodusisustus\/valgustus\/laelambid\/umagr-laelamp-forget-me-not\/"]}]},{"@type":"ImageObject","inLanguage":"en-GB","@id":"http:\/\/ruuby.ee\/pood\/kodusisustus\/valgustus\/laelambid\/umagr-laelamp-forget-me-not\/#primaryimage","url":"http:\/\/ruuby.ee\/wp-content\/uploads\/2023\/10\/Screenshot-2023-10-07-at-12.55.19.png","contentUrl":"http:\/\/ruuby.ee\/wp-content\/uploads\/2023\/10\/Screenshot-2023-10-07-at-12.55.19.png","width":816,"height":584},{"@type":"BreadcrumbList","@id":"http:\/\/ruuby.ee\/pood\/kodusisustus\/valgustus\/laelambid\/umagr-laelamp-forget-me-not\/#breadcrumb","itemListElement":[{"@type":"ListItem","position":1,"name":"Kdu","item":"https:\/\/ruuby.ee\/en\/"},{"@type":"ListItem","position":2,"name":"Pood","item":"https:\/\/ruuby.ee\/pood\/"},{"@type":"ListItem","position":3,"name":"UMAGE &#8211; laelamp, Forget Me Not"}]},{"@type":"WebSite","@id":"https:\/\/ruuby.ee\/en\/#website","url":"https:\/\/ruuby.ee\/en\/","name":"RUUBY","description":"Ruubys on \u00fchendatud elustiil ja disain","publisher":{"@id":"https:\/\/ruuby.ee\/en\/#organization"},"alternateName":"Ruuby Disain","potentialAction":[{"@type":"SearchAction","target":{"@type":"EntryPoint","urlTemplate":"https:\/\/ruuby.ee\/en\/?s={search_term_string}"},"query-input":{"@type":"PropertyValueSpecification","valueRequired":true,"valueName":"search_term_string"}}],"inLanguage":"en-GB"},{"@type":"Organization","@id":"https:\/\/ruuby.ee\/en\/#organization","name":"Ruuby Disain O\u00dc","alternateName":"Ruuby","url":"https:\/\/ruuby.ee\/en\/","logo":{"@type":"ImageObject","inLanguage":"en-GB","@id":"https:\/\/ruuby.ee\/en\/#\/schema\/logo\/image\/","url":"http:\/\/ruuby.ee\/wp-content\/uploads\/2023\/06\/cropped-Black-White-Elegant-Circle-Signature-Fashion-Logo-12_large.png","contentUrl":"http:\/\/ruuby.ee\/wp-content\/uploads\/2023\/06\/cropped-Black-White-Elegant-Circle-Signature-Fashion-Logo-12_large.png","width":1280,"height":747,"caption":"Ruuby Disain O\u00dc"},"image":{"@id":"https:\/\/ruuby.ee\/en\/#\/schema\/logo\/image\/"},"sameAs":["https:\/\/www.facebook.com\/ruubyconcept","https:\/\/www.instagram.com\/ruuby_concept\/"]}]}},"jetpack_sharing_enabled":true,"_links":{"self":[{"href":"http:\/\/ruuby.ee\/en\/wp-json\/wp\/v2\/product\/1840009","targetHints":{"allow":["GET"]}}],"collection":[{"href":"http:\/\/ruuby.ee\/en\/wp-json\/wp\/v2\/product"}],"about":[{"href":"http:\/\/ruuby.ee\/en\/wp-json\/wp\/v2\/types\/product"}],"replies":[{"embeddable":true,"href":"http:\/\/ruuby.ee\/en\/wp-json\/wp\/v2\/comments?post=1840009"}],"wp:featuredmedia":[{"embeddable":true,"href":"http:\/\/ruuby.ee\/en\/wp-json\/wp\/v2\/media\/1840010"}],"wp:attachment":[{"href":"http:\/\/ruuby.ee\/en\/wp-json\/wp\/v2\/media?parent=1840009"}],"wp:term":[{"taxonomy":"product_brand","embeddable":true,"href":"http:\/\/ruuby.ee\/en\/wp-json\/wp\/v2\/product_brand?post=1840009"},{"taxonomy":"product_cat","embeddable":true,"href":"http:\/\/ruuby.ee\/en\/wp-json\/wp\/v2\/product_cat?post=1840009"},{"taxonomy":"product_tag","embeddable":true,"href":"http:\/\/ruuby.ee\/en\/wp-json\/wp\/v2\/product_tag?post=1840009"}],"curies":[{"name":"wp","href":"https:\/\/api.w.org\/{rel}","templated":true}]}}