{"id":1839996,"date":"2023-10-07T12:51:55","date_gmt":"2023-10-07T09:51:55","guid":{"rendered":"http:\/\/ruuby.ee\/?post_type=product&#038;p=1839996"},"modified":"2026-04-04T01:25:01","modified_gmt":"2026-04-03T22:25:01","slug":"umage-laelamp-clava-dine","status":"publish","type":"product","link":"http:\/\/ruuby.ee\/en\/pood\/kodusisustus\/valgustus\/laelambid\/umage-laelamp-clava-dine\/","title":{"rendered":"UMAGE &#8211; laelamp, Clava Dine"},"content":{"rendered":"<p>Ehitatud Clava edule \u2013 v\u00e4ike ja stiilne retroh\u00f5nguline lambivari, mis sobib suurep\u00e4raselt kaunite kobarate jaoks \u2013 Clava Dine on selle suurem \u00f5de, kellel on sama vapustav disain.<\/p>\n<p>Oma eksklusiivse ja elegantse v\u00e4limusega Clava Dine sobib ideaalselt s\u00f6\u00f6gi- v\u00f5i kohvilaua kohale, tuues hubase ja \u0161iki tunde. Lambivari on saadaval erinevates hoolikalt valitud v\u00e4rvitoonides ja valgustab iga kodu.<\/p>\n<p>M\u00f5\u00f5dud: \u00d8: 43 cm x K: 28 cm<\/p>\n<p>Materjal: Alumiiniumist<\/p>","protected":false},"excerpt":{"rendered":"<p>Ehitatud Clava edule \u2013 v\u00e4ike ja stiilne retroh\u00f5nguline lambivari, mis sobib suurep\u00e4raselt kaunite kobarate jaoks \u2013 Clava Dine on selle suurem \u00f5de, kellel on sama vapustav disain. Oma eksklusiivse ja elegantse v\u00e4limusega Clava Dine sobib ideaalselt s\u00f6\u00f6gi- v\u00f5i kohvilaua kohale, tuues hubase ja \u0161iki tunde. Lambivari on saadaval erinevates hoolikalt valitud v\u00e4rvitoonides ja valgustab iga [&hellip;]<\/p>\n","protected":false},"featured_media":1840004,"comment_status":"open","ping_status":"closed","template":"","meta":[],"product_brand":[],"product_cat":[798,59],"product_tag":[257,150],"class_list":{"0":"post-1839996","1":"product","2":"type-product","3":"status-publish","4":"has-post-thumbnail","6":"product_cat-laelambid","7":"product_cat-valgustus","8":"product_tag-laevalgusti","9":"product_tag-umage","11":"first","12":"onbackorder","13":"taxable","14":"shipping-taxable","15":"purchasable","16":"product-type-variable","17":"rtwpvs-product"},"yoast_head":"<!-- This site is optimized with the Yoast SEO plugin v27.2 - https:\/\/yoast.com\/product\/yoast-seo-wordpress\/ -->\n<title>UMAGE - laelamp, Clava Dine - RUUBY<\/title>\n<meta name=\"robots\" content=\"index, follow, max-snippet:-1, max-image-preview:large, max-video-preview:-1\" \/>\n<link rel=\"canonical\" href=\"https:\/\/ruuby.ee\/en\/pood\/kodusisustus\/valgustus\/laelambid\/umage-laelamp-clava-dine\/\" \/>\n<meta property=\"og:locale\" content=\"en_GB\" \/>\n<meta property=\"og:type\" content=\"article\" \/>\n<meta property=\"og:title\" content=\"UMAGE - laelamp, Clava Dine - RUUBY\" \/>\n<meta property=\"og:description\" content=\"Ehitatud Clava edule \u2013 v\u00e4ike ja stiilne retroh\u00f5nguline lambivari, mis sobib suurep\u00e4raselt kaunite kobarate jaoks \u2013 Clava Dine on selle suurem \u00f5de, kellel on sama vapustav disain. Oma eksklusiivse ja elegantse v\u00e4limusega Clava Dine sobib ideaalselt s\u00f6\u00f6gi- v\u00f5i kohvilaua kohale, tuues hubase ja \u0161iki tunde. Lambivari on saadaval erinevates hoolikalt valitud v\u00e4rvitoonides ja valgustab iga [&hellip;]\" \/>\n<meta property=\"og:url\" content=\"https:\/\/ruuby.ee\/en\/pood\/kodusisustus\/valgustus\/laelambid\/umage-laelamp-clava-dine\/\" \/>\n<meta property=\"og:site_name\" content=\"RUUBY\" \/>\n<meta property=\"article:publisher\" content=\"https:\/\/www.facebook.com\/ruubyconcept\" \/>\n<meta property=\"article:modified_time\" content=\"2026-04-03T22:25:01+00:00\" \/>\n<meta property=\"og:image\" content=\"https:\/\/ruuby.ee\/wp-content\/uploads\/2023\/10\/Screenshot-2023-10-07-at-12.47.38.png\" \/>\n\t<meta property=\"og:image:width\" content=\"994\" \/>\n\t<meta property=\"og:image:height\" content=\"1016\" \/>\n\t<meta property=\"og:image:type\" content=\"image\/png\" \/>\n<meta name=\"twitter:card\" content=\"summary_large_image\" \/>\n<meta name=\"twitter:label1\" content=\"Estimated reading time\" \/>\n\t<meta name=\"twitter:data1\" content=\"1 minute\" \/>\n<script type=\"application\/ld+json\" class=\"yoast-schema-graph\">{\"@context\":\"https:\/\/schema.org\",\"@graph\":[{\"@type\":[\"WebPage\",\"ItemPage\"],\"@id\":\"https:\/\/ruuby.ee\/pood\/kodusisustus\/valgustus\/laelambid\/umage-laelamp-clava-dine\/\",\"url\":\"https:\/\/ruuby.ee\/pood\/kodusisustus\/valgustus\/laelambid\/umage-laelamp-clava-dine\/\",\"name\":\"UMAGE - laelamp, Clava Dine - RUUBY\",\"isPartOf\":{\"@id\":\"https:\/\/ruuby.ee\/en\/#website\"},\"primaryImageOfPage\":{\"@id\":\"https:\/\/ruuby.ee\/pood\/kodusisustus\/valgustus\/laelambid\/umage-laelamp-clava-dine\/#primaryimage\"},\"image\":{\"@id\":\"https:\/\/ruuby.ee\/pood\/kodusisustus\/valgustus\/laelambid\/umage-laelamp-clava-dine\/#primaryimage\"},\"thumbnailUrl\":\"http:\/\/ruuby.ee\/wp-content\/uploads\/2023\/10\/Screenshot-2023-10-07-at-12.47.38.png\",\"datePublished\":\"2023-10-07T09:51:55+00:00\",\"dateModified\":\"2026-04-03T22:25:01+00:00\",\"breadcrumb\":{\"@id\":\"https:\/\/ruuby.ee\/pood\/kodusisustus\/valgustus\/laelambid\/umage-laelamp-clava-dine\/#breadcrumb\"},\"inLanguage\":\"en-GB\",\"potentialAction\":[{\"@type\":\"ReadAction\",\"target\":[\"https:\/\/ruuby.ee\/pood\/kodusisustus\/valgustus\/laelambid\/umage-laelamp-clava-dine\/\"]}]},{\"@type\":\"ImageObject\",\"inLanguage\":\"en-GB\",\"@id\":\"https:\/\/ruuby.ee\/pood\/kodusisustus\/valgustus\/laelambid\/umage-laelamp-clava-dine\/#primaryimage\",\"url\":\"http:\/\/ruuby.ee\/wp-content\/uploads\/2023\/10\/Screenshot-2023-10-07-at-12.47.38.png\",\"contentUrl\":\"http:\/\/ruuby.ee\/wp-content\/uploads\/2023\/10\/Screenshot-2023-10-07-at-12.47.38.png\",\"width\":994,\"height\":1016},{\"@type\":\"BreadcrumbList\",\"@id\":\"https:\/\/ruuby.ee\/pood\/kodusisustus\/valgustus\/laelambid\/umage-laelamp-clava-dine\/#breadcrumb\",\"itemListElement\":[{\"@type\":\"ListItem\",\"position\":1,\"name\":\"Kdu\",\"item\":\"https:\/\/ruuby.ee\/en\/\"},{\"@type\":\"ListItem\",\"position\":2,\"name\":\"Pood\",\"item\":\"https:\/\/ruuby.ee\/pood\/\"},{\"@type\":\"ListItem\",\"position\":3,\"name\":\"UMAGE &#8211; laelamp, Clava Dine\"}]},{\"@type\":\"WebSite\",\"@id\":\"https:\/\/ruuby.ee\/en\/#website\",\"url\":\"https:\/\/ruuby.ee\/en\/\",\"name\":\"RUUBY\",\"description\":\"Ruubys on \u00fchendatud elustiil ja disain\",\"publisher\":{\"@id\":\"https:\/\/ruuby.ee\/en\/#organization\"},\"alternateName\":\"Ruuby Disain\",\"potentialAction\":[{\"@type\":\"SearchAction\",\"target\":{\"@type\":\"EntryPoint\",\"urlTemplate\":\"https:\/\/ruuby.ee\/en\/?s={search_term_string}\"},\"query-input\":{\"@type\":\"PropertyValueSpecification\",\"valueRequired\":true,\"valueName\":\"search_term_string\"}}],\"inLanguage\":\"en-GB\"},{\"@type\":\"Organization\",\"@id\":\"https:\/\/ruuby.ee\/en\/#organization\",\"name\":\"Ruuby Disain O\u00dc\",\"alternateName\":\"Ruuby\",\"url\":\"https:\/\/ruuby.ee\/en\/\",\"logo\":{\"@type\":\"ImageObject\",\"inLanguage\":\"en-GB\",\"@id\":\"https:\/\/ruuby.ee\/en\/#\/schema\/logo\/image\/\",\"url\":\"http:\/\/ruuby.ee\/wp-content\/uploads\/2023\/06\/cropped-Black-White-Elegant-Circle-Signature-Fashion-Logo-12_large.png\",\"contentUrl\":\"http:\/\/ruuby.ee\/wp-content\/uploads\/2023\/06\/cropped-Black-White-Elegant-Circle-Signature-Fashion-Logo-12_large.png\",\"width\":1280,\"height\":747,\"caption\":\"Ruuby Disain O\u00dc\"},\"image\":{\"@id\":\"https:\/\/ruuby.ee\/en\/#\/schema\/logo\/image\/\"},\"sameAs\":[\"https:\/\/www.facebook.com\/ruubyconcept\",\"https:\/\/www.instagram.com\/ruuby_concept\/\"]}]}<\/script>\n<!-- \/ Yoast SEO plugin. -->","yoast_head_json":{"title":"UMAGE - laelamp, Clava Dine - RUUBY","robots":{"index":"index","follow":"follow","max-snippet":"max-snippet:-1","max-image-preview":"max-image-preview:large","max-video-preview":"max-video-preview:-1"},"canonical":"https:\/\/ruuby.ee\/en\/pood\/kodusisustus\/valgustus\/laelambid\/umage-laelamp-clava-dine\/","og_locale":"en_GB","og_type":"article","og_title":"UMAGE - laelamp, Clava Dine - RUUBY","og_description":"Ehitatud Clava edule \u2013 v\u00e4ike ja stiilne retroh\u00f5nguline lambivari, mis sobib suurep\u00e4raselt kaunite kobarate jaoks \u2013 Clava Dine on selle suurem \u00f5de, kellel on sama vapustav disain. Oma eksklusiivse ja elegantse v\u00e4limusega Clava Dine sobib ideaalselt s\u00f6\u00f6gi- v\u00f5i kohvilaua kohale, tuues hubase ja \u0161iki tunde. Lambivari on saadaval erinevates hoolikalt valitud v\u00e4rvitoonides ja valgustab iga [&hellip;]","og_url":"https:\/\/ruuby.ee\/en\/pood\/kodusisustus\/valgustus\/laelambid\/umage-laelamp-clava-dine\/","og_site_name":"RUUBY","article_publisher":"https:\/\/www.facebook.com\/ruubyconcept","article_modified_time":"2026-04-03T22:25:01+00:00","og_image":[{"width":994,"height":1016,"url":"https:\/\/ruuby.ee\/wp-content\/uploads\/2023\/10\/Screenshot-2023-10-07-at-12.47.38.png","type":"image\/png"}],"twitter_card":"summary_large_image","twitter_misc":{"Estimated reading time":"1 minute"},"schema":{"@context":"https:\/\/schema.org","@graph":[{"@type":["WebPage","ItemPage"],"@id":"https:\/\/ruuby.ee\/pood\/kodusisustus\/valgustus\/laelambid\/umage-laelamp-clava-dine\/","url":"https:\/\/ruuby.ee\/pood\/kodusisustus\/valgustus\/laelambid\/umage-laelamp-clava-dine\/","name":"UMAGE - laelamp, Clava Dine - RUUBY","isPartOf":{"@id":"https:\/\/ruuby.ee\/en\/#website"},"primaryImageOfPage":{"@id":"https:\/\/ruuby.ee\/pood\/kodusisustus\/valgustus\/laelambid\/umage-laelamp-clava-dine\/#primaryimage"},"image":{"@id":"https:\/\/ruuby.ee\/pood\/kodusisustus\/valgustus\/laelambid\/umage-laelamp-clava-dine\/#primaryimage"},"thumbnailUrl":"http:\/\/ruuby.ee\/wp-content\/uploads\/2023\/10\/Screenshot-2023-10-07-at-12.47.38.png","datePublished":"2023-10-07T09:51:55+00:00","dateModified":"2026-04-03T22:25:01+00:00","breadcrumb":{"@id":"https:\/\/ruuby.ee\/pood\/kodusisustus\/valgustus\/laelambid\/umage-laelamp-clava-dine\/#breadcrumb"},"inLanguage":"en-GB","potentialAction":[{"@type":"ReadAction","target":["https:\/\/ruuby.ee\/pood\/kodusisustus\/valgustus\/laelambid\/umage-laelamp-clava-dine\/"]}]},{"@type":"ImageObject","inLanguage":"en-GB","@id":"https:\/\/ruuby.ee\/pood\/kodusisustus\/valgustus\/laelambid\/umage-laelamp-clava-dine\/#primaryimage","url":"http:\/\/ruuby.ee\/wp-content\/uploads\/2023\/10\/Screenshot-2023-10-07-at-12.47.38.png","contentUrl":"http:\/\/ruuby.ee\/wp-content\/uploads\/2023\/10\/Screenshot-2023-10-07-at-12.47.38.png","width":994,"height":1016},{"@type":"BreadcrumbList","@id":"https:\/\/ruuby.ee\/pood\/kodusisustus\/valgustus\/laelambid\/umage-laelamp-clava-dine\/#breadcrumb","itemListElement":[{"@type":"ListItem","position":1,"name":"Kdu","item":"https:\/\/ruuby.ee\/en\/"},{"@type":"ListItem","position":2,"name":"Pood","item":"https:\/\/ruuby.ee\/pood\/"},{"@type":"ListItem","position":3,"name":"UMAGE &#8211; laelamp, Clava Dine"}]},{"@type":"WebSite","@id":"https:\/\/ruuby.ee\/en\/#website","url":"https:\/\/ruuby.ee\/en\/","name":"RUUBY","description":"Ruubys on \u00fchendatud elustiil ja disain","publisher":{"@id":"https:\/\/ruuby.ee\/en\/#organization"},"alternateName":"Ruuby Disain","potentialAction":[{"@type":"SearchAction","target":{"@type":"EntryPoint","urlTemplate":"https:\/\/ruuby.ee\/en\/?s={search_term_string}"},"query-input":{"@type":"PropertyValueSpecification","valueRequired":true,"valueName":"search_term_string"}}],"inLanguage":"en-GB"},{"@type":"Organization","@id":"https:\/\/ruuby.ee\/en\/#organization","name":"Ruuby Disain O\u00dc","alternateName":"Ruuby","url":"https:\/\/ruuby.ee\/en\/","logo":{"@type":"ImageObject","inLanguage":"en-GB","@id":"https:\/\/ruuby.ee\/en\/#\/schema\/logo\/image\/","url":"http:\/\/ruuby.ee\/wp-content\/uploads\/2023\/06\/cropped-Black-White-Elegant-Circle-Signature-Fashion-Logo-12_large.png","contentUrl":"http:\/\/ruuby.ee\/wp-content\/uploads\/2023\/06\/cropped-Black-White-Elegant-Circle-Signature-Fashion-Logo-12_large.png","width":1280,"height":747,"caption":"Ruuby Disain O\u00dc"},"image":{"@id":"https:\/\/ruuby.ee\/en\/#\/schema\/logo\/image\/"},"sameAs":["https:\/\/www.facebook.com\/ruubyconcept","https:\/\/www.instagram.com\/ruuby_concept\/"]}]}},"jetpack_sharing_enabled":true,"_links":{"self":[{"href":"http:\/\/ruuby.ee\/en\/wp-json\/wp\/v2\/product\/1839996","targetHints":{"allow":["GET"]}}],"collection":[{"href":"http:\/\/ruuby.ee\/en\/wp-json\/wp\/v2\/product"}],"about":[{"href":"http:\/\/ruuby.ee\/en\/wp-json\/wp\/v2\/types\/product"}],"replies":[{"embeddable":true,"href":"http:\/\/ruuby.ee\/en\/wp-json\/wp\/v2\/comments?post=1839996"}],"wp:featuredmedia":[{"embeddable":true,"href":"http:\/\/ruuby.ee\/en\/wp-json\/wp\/v2\/media\/1840004"}],"wp:attachment":[{"href":"http:\/\/ruuby.ee\/en\/wp-json\/wp\/v2\/media?parent=1839996"}],"wp:term":[{"taxonomy":"product_brand","embeddable":true,"href":"http:\/\/ruuby.ee\/en\/wp-json\/wp\/v2\/product_brand?post=1839996"},{"taxonomy":"product_cat","embeddable":true,"href":"http:\/\/ruuby.ee\/en\/wp-json\/wp\/v2\/product_cat?post=1839996"},{"taxonomy":"product_tag","embeddable":true,"href":"http:\/\/ruuby.ee\/en\/wp-json\/wp\/v2\/product_tag?post=1839996"}],"curies":[{"name":"wp","href":"https:\/\/api.w.org\/{rel}","templated":true}]}}