{"id":1839979,"date":"2023-10-07T12:35:41","date_gmt":"2023-10-07T09:35:41","guid":{"rendered":"http:\/\/ruuby.ee\/?post_type=product&#038;p=1839979"},"modified":"2026-04-04T01:25:01","modified_gmt":"2026-04-03T22:25:01","slug":"umage-valgusti-clava-wood","status":"publish","type":"product","link":"http:\/\/ruuby.ee\/en\/pood\/kodusisustus\/valgustus\/porandalambid\/umage-valgusti-clava-wood\/","title":{"rendered":"UMAGE &#8211; valgusti, Clava Wood"},"content":{"rendered":"<p>Clava Wood lambivari on valmistatud laseriga l\u00f5igatud puidust lamellidest, mis loovad \u00fcmbritseva ruumi seintele kaunid valguskiiri. Puidust detailid lisavad disainile ja teie kodule rafineeritud loodush\u00f5ngu, samas kui orgaaniline kuju t\u00f5stab lambivarju skulptuurina esile.<\/p>\n<p>Puidust lamellide lihtsustatud jooned muudavad Clava Woodi sobivaks paljudesse keskkondadesse ja ruumidesse ning t\u00f5stavad nii s\u00f6\u00f6gilauda kui ka esiku v\u00f5i magamistoa lage. Lambivari sobib ideaalselt ka Sant\u00e9 p\u00f5randavalgustialusele. Kombineerituna saab neist suurep\u00e4rane p\u00f5randalamp, mille saab paigutada diivani k\u00f5rvale v\u00f5i igasse kodu nurka, mis vajab veidi lisavalgustust.<\/p>\n<p>Lambivarju lihtne, kuid julge v\u00e4ljendus ning puidu peened detailid muudavad Clava Woodi silmapaistvaks ka hotelli fuajees, restoranides ja kohvikutes.<\/p>\n<p>Clava Wood lambivari on saadaval tamme, tumeda tamme ja musta tamme v\u00e4rvides.<\/p>\n<p>M\u00f5\u00f5dud: \u00d8: 38 cm x K: 39 cm<\/p>\n<p>Materjal: Tamm ja saar<\/p>","protected":false},"excerpt":{"rendered":"<p>Clava Wood lambivari on valmistatud laseriga l\u00f5igatud puidust lamellidest, mis loovad \u00fcmbritseva ruumi seintele kaunid valguskiiri. Puidust detailid lisavad disainile ja teie kodule rafineeritud loodush\u00f5ngu, samas kui orgaaniline kuju t\u00f5stab lambivarju skulptuurina esile. Puidust lamellide lihtsustatud jooned muudavad Clava Woodi sobivaks paljudesse keskkondadesse ja ruumidesse ning t\u00f5stavad nii s\u00f6\u00f6gilauda kui ka esiku v\u00f5i magamistoa lage. [&hellip;]<\/p>\n","protected":false},"featured_media":1839987,"comment_status":"open","ping_status":"closed","template":"","meta":[],"product_brand":[],"product_cat":[798,797,59],"product_tag":[807,351,150],"class_list":{"0":"post-1839979","1":"product","2":"type-product","3":"status-publish","4":"has-post-thumbnail","6":"product_cat-laelambid","7":"product_cat-porandalambid","8":"product_cat-valgustus","9":"product_tag-clava","10":"product_tag-rippvalgusti","11":"product_tag-umage","13":"first","14":"onbackorder","15":"taxable","16":"shipping-taxable","17":"purchasable","18":"product-type-variable","19":"rtwpvs-product"},"yoast_head":"<!-- This site is optimized with the Yoast SEO plugin v27.2 - https:\/\/yoast.com\/product\/yoast-seo-wordpress\/ -->\n<title>UMAGE - valgusti, Clava Wood - RUUBY<\/title>\n<meta name=\"robots\" content=\"index, follow, max-snippet:-1, max-image-preview:large, max-video-preview:-1\" \/>\n<link rel=\"canonical\" href=\"http:\/\/ruuby.ee\/en\/pood\/kodusisustus\/valgustus\/porandalambid\/umage-valgusti-clava-wood\/\" \/>\n<meta property=\"og:locale\" content=\"en_GB\" \/>\n<meta property=\"og:type\" content=\"article\" \/>\n<meta property=\"og:title\" content=\"UMAGE - valgusti, Clava Wood - RUUBY\" \/>\n<meta property=\"og:description\" content=\"Clava Wood lambivari on valmistatud laseriga l\u00f5igatud puidust lamellidest, mis loovad \u00fcmbritseva ruumi seintele kaunid valguskiiri. Puidust detailid lisavad disainile ja teie kodule rafineeritud loodush\u00f5ngu, samas kui orgaaniline kuju t\u00f5stab lambivarju skulptuurina esile. Puidust lamellide lihtsustatud jooned muudavad Clava Woodi sobivaks paljudesse keskkondadesse ja ruumidesse ning t\u00f5stavad nii s\u00f6\u00f6gilauda kui ka esiku v\u00f5i magamistoa lage. [&hellip;]\" \/>\n<meta property=\"og:url\" content=\"http:\/\/ruuby.ee\/en\/pood\/kodusisustus\/valgustus\/porandalambid\/umage-valgusti-clava-wood\/\" \/>\n<meta property=\"og:site_name\" content=\"RUUBY\" \/>\n<meta property=\"article:publisher\" content=\"https:\/\/www.facebook.com\/ruubyconcept\" \/>\n<meta property=\"article:modified_time\" content=\"2026-04-03T22:25:01+00:00\" \/>\n<meta property=\"og:image\" content=\"http:\/\/ruuby.ee\/wp-content\/uploads\/2023\/10\/Screenshot-2023-10-07-at-12.30.54.png\" \/>\n\t<meta property=\"og:image:width\" content=\"962\" \/>\n\t<meta property=\"og:image:height\" content=\"1082\" \/>\n\t<meta property=\"og:image:type\" content=\"image\/png\" \/>\n<meta name=\"twitter:card\" content=\"summary_large_image\" \/>\n<meta name=\"twitter:label1\" content=\"Estimated reading time\" \/>\n\t<meta name=\"twitter:data1\" content=\"1 minute\" \/>\n<script type=\"application\/ld+json\" class=\"yoast-schema-graph\">{\"@context\":\"https:\/\/schema.org\",\"@graph\":[{\"@type\":[\"WebPage\",\"ItemPage\"],\"@id\":\"http:\/\/ruuby.ee\/en\/pood\/kodusisustus\/valgustus\/porandalambid\/umage-valgusti-clava-wood\/\",\"url\":\"http:\/\/ruuby.ee\/en\/pood\/kodusisustus\/valgustus\/porandalambid\/umage-valgusti-clava-wood\/\",\"name\":\"UMAGE - valgusti, Clava Wood - RUUBY\",\"isPartOf\":{\"@id\":\"https:\/\/ruuby.ee\/en\/#website\"},\"primaryImageOfPage\":{\"@id\":\"http:\/\/ruuby.ee\/en\/pood\/kodusisustus\/valgustus\/porandalambid\/umage-valgusti-clava-wood\/#primaryimage\"},\"image\":{\"@id\":\"http:\/\/ruuby.ee\/en\/pood\/kodusisustus\/valgustus\/porandalambid\/umage-valgusti-clava-wood\/#primaryimage\"},\"thumbnailUrl\":\"http:\/\/ruuby.ee\/wp-content\/uploads\/2023\/10\/Screenshot-2023-10-07-at-12.30.54.png\",\"datePublished\":\"2023-10-07T09:35:41+00:00\",\"dateModified\":\"2026-04-03T22:25:01+00:00\",\"breadcrumb\":{\"@id\":\"http:\/\/ruuby.ee\/en\/pood\/kodusisustus\/valgustus\/porandalambid\/umage-valgusti-clava-wood\/#breadcrumb\"},\"inLanguage\":\"en-GB\",\"potentialAction\":[{\"@type\":\"ReadAction\",\"target\":[\"http:\/\/ruuby.ee\/en\/pood\/kodusisustus\/valgustus\/porandalambid\/umage-valgusti-clava-wood\/\"]}]},{\"@type\":\"ImageObject\",\"inLanguage\":\"en-GB\",\"@id\":\"http:\/\/ruuby.ee\/en\/pood\/kodusisustus\/valgustus\/porandalambid\/umage-valgusti-clava-wood\/#primaryimage\",\"url\":\"http:\/\/ruuby.ee\/wp-content\/uploads\/2023\/10\/Screenshot-2023-10-07-at-12.30.54.png\",\"contentUrl\":\"http:\/\/ruuby.ee\/wp-content\/uploads\/2023\/10\/Screenshot-2023-10-07-at-12.30.54.png\",\"width\":962,\"height\":1082},{\"@type\":\"BreadcrumbList\",\"@id\":\"http:\/\/ruuby.ee\/en\/pood\/kodusisustus\/valgustus\/porandalambid\/umage-valgusti-clava-wood\/#breadcrumb\",\"itemListElement\":[{\"@type\":\"ListItem\",\"position\":1,\"name\":\"Kdu\",\"item\":\"https:\/\/ruuby.ee\/en\/\"},{\"@type\":\"ListItem\",\"position\":2,\"name\":\"Pood\",\"item\":\"https:\/\/ruuby.ee\/pood\/\"},{\"@type\":\"ListItem\",\"position\":3,\"name\":\"UMAGE &#8211; valgusti, Clava Wood\"}]},{\"@type\":\"WebSite\",\"@id\":\"https:\/\/ruuby.ee\/en\/#website\",\"url\":\"https:\/\/ruuby.ee\/en\/\",\"name\":\"RUUBY\",\"description\":\"Ruubys on \u00fchendatud elustiil ja disain\",\"publisher\":{\"@id\":\"https:\/\/ruuby.ee\/en\/#organization\"},\"alternateName\":\"Ruuby Disain\",\"potentialAction\":[{\"@type\":\"SearchAction\",\"target\":{\"@type\":\"EntryPoint\",\"urlTemplate\":\"https:\/\/ruuby.ee\/en\/?s={search_term_string}\"},\"query-input\":{\"@type\":\"PropertyValueSpecification\",\"valueRequired\":true,\"valueName\":\"search_term_string\"}}],\"inLanguage\":\"en-GB\"},{\"@type\":\"Organization\",\"@id\":\"https:\/\/ruuby.ee\/en\/#organization\",\"name\":\"Ruuby Disain O\u00dc\",\"alternateName\":\"Ruuby\",\"url\":\"https:\/\/ruuby.ee\/en\/\",\"logo\":{\"@type\":\"ImageObject\",\"inLanguage\":\"en-GB\",\"@id\":\"https:\/\/ruuby.ee\/en\/#\/schema\/logo\/image\/\",\"url\":\"http:\/\/ruuby.ee\/wp-content\/uploads\/2023\/06\/cropped-Black-White-Elegant-Circle-Signature-Fashion-Logo-12_large.png\",\"contentUrl\":\"http:\/\/ruuby.ee\/wp-content\/uploads\/2023\/06\/cropped-Black-White-Elegant-Circle-Signature-Fashion-Logo-12_large.png\",\"width\":1280,\"height\":747,\"caption\":\"Ruuby Disain O\u00dc\"},\"image\":{\"@id\":\"https:\/\/ruuby.ee\/en\/#\/schema\/logo\/image\/\"},\"sameAs\":[\"https:\/\/www.facebook.com\/ruubyconcept\",\"https:\/\/www.instagram.com\/ruuby_concept\/\"]}]}<\/script>\n<!-- \/ Yoast SEO plugin. -->","yoast_head_json":{"title":"UMAGE - valgusti, Clava Wood - RUUBY","robots":{"index":"index","follow":"follow","max-snippet":"max-snippet:-1","max-image-preview":"max-image-preview:large","max-video-preview":"max-video-preview:-1"},"canonical":"http:\/\/ruuby.ee\/en\/pood\/kodusisustus\/valgustus\/porandalambid\/umage-valgusti-clava-wood\/","og_locale":"en_GB","og_type":"article","og_title":"UMAGE - valgusti, Clava Wood - RUUBY","og_description":"Clava Wood lambivari on valmistatud laseriga l\u00f5igatud puidust lamellidest, mis loovad \u00fcmbritseva ruumi seintele kaunid valguskiiri. Puidust detailid lisavad disainile ja teie kodule rafineeritud loodush\u00f5ngu, samas kui orgaaniline kuju t\u00f5stab lambivarju skulptuurina esile. Puidust lamellide lihtsustatud jooned muudavad Clava Woodi sobivaks paljudesse keskkondadesse ja ruumidesse ning t\u00f5stavad nii s\u00f6\u00f6gilauda kui ka esiku v\u00f5i magamistoa lage. [&hellip;]","og_url":"http:\/\/ruuby.ee\/en\/pood\/kodusisustus\/valgustus\/porandalambid\/umage-valgusti-clava-wood\/","og_site_name":"RUUBY","article_publisher":"https:\/\/www.facebook.com\/ruubyconcept","article_modified_time":"2026-04-03T22:25:01+00:00","og_image":[{"width":962,"height":1082,"url":"http:\/\/ruuby.ee\/wp-content\/uploads\/2023\/10\/Screenshot-2023-10-07-at-12.30.54.png","type":"image\/png"}],"twitter_card":"summary_large_image","twitter_misc":{"Estimated reading time":"1 minute"},"schema":{"@context":"https:\/\/schema.org","@graph":[{"@type":["WebPage","ItemPage"],"@id":"http:\/\/ruuby.ee\/en\/pood\/kodusisustus\/valgustus\/porandalambid\/umage-valgusti-clava-wood\/","url":"http:\/\/ruuby.ee\/en\/pood\/kodusisustus\/valgustus\/porandalambid\/umage-valgusti-clava-wood\/","name":"UMAGE - valgusti, Clava Wood - RUUBY","isPartOf":{"@id":"https:\/\/ruuby.ee\/en\/#website"},"primaryImageOfPage":{"@id":"http:\/\/ruuby.ee\/en\/pood\/kodusisustus\/valgustus\/porandalambid\/umage-valgusti-clava-wood\/#primaryimage"},"image":{"@id":"http:\/\/ruuby.ee\/en\/pood\/kodusisustus\/valgustus\/porandalambid\/umage-valgusti-clava-wood\/#primaryimage"},"thumbnailUrl":"http:\/\/ruuby.ee\/wp-content\/uploads\/2023\/10\/Screenshot-2023-10-07-at-12.30.54.png","datePublished":"2023-10-07T09:35:41+00:00","dateModified":"2026-04-03T22:25:01+00:00","breadcrumb":{"@id":"http:\/\/ruuby.ee\/en\/pood\/kodusisustus\/valgustus\/porandalambid\/umage-valgusti-clava-wood\/#breadcrumb"},"inLanguage":"en-GB","potentialAction":[{"@type":"ReadAction","target":["http:\/\/ruuby.ee\/en\/pood\/kodusisustus\/valgustus\/porandalambid\/umage-valgusti-clava-wood\/"]}]},{"@type":"ImageObject","inLanguage":"en-GB","@id":"http:\/\/ruuby.ee\/en\/pood\/kodusisustus\/valgustus\/porandalambid\/umage-valgusti-clava-wood\/#primaryimage","url":"http:\/\/ruuby.ee\/wp-content\/uploads\/2023\/10\/Screenshot-2023-10-07-at-12.30.54.png","contentUrl":"http:\/\/ruuby.ee\/wp-content\/uploads\/2023\/10\/Screenshot-2023-10-07-at-12.30.54.png","width":962,"height":1082},{"@type":"BreadcrumbList","@id":"http:\/\/ruuby.ee\/en\/pood\/kodusisustus\/valgustus\/porandalambid\/umage-valgusti-clava-wood\/#breadcrumb","itemListElement":[{"@type":"ListItem","position":1,"name":"Kdu","item":"https:\/\/ruuby.ee\/en\/"},{"@type":"ListItem","position":2,"name":"Pood","item":"https:\/\/ruuby.ee\/pood\/"},{"@type":"ListItem","position":3,"name":"UMAGE &#8211; valgusti, Clava Wood"}]},{"@type":"WebSite","@id":"https:\/\/ruuby.ee\/en\/#website","url":"https:\/\/ruuby.ee\/en\/","name":"RUUBY","description":"Ruubys on \u00fchendatud elustiil ja disain","publisher":{"@id":"https:\/\/ruuby.ee\/en\/#organization"},"alternateName":"Ruuby Disain","potentialAction":[{"@type":"SearchAction","target":{"@type":"EntryPoint","urlTemplate":"https:\/\/ruuby.ee\/en\/?s={search_term_string}"},"query-input":{"@type":"PropertyValueSpecification","valueRequired":true,"valueName":"search_term_string"}}],"inLanguage":"en-GB"},{"@type":"Organization","@id":"https:\/\/ruuby.ee\/en\/#organization","name":"Ruuby Disain O\u00dc","alternateName":"Ruuby","url":"https:\/\/ruuby.ee\/en\/","logo":{"@type":"ImageObject","inLanguage":"en-GB","@id":"https:\/\/ruuby.ee\/en\/#\/schema\/logo\/image\/","url":"http:\/\/ruuby.ee\/wp-content\/uploads\/2023\/06\/cropped-Black-White-Elegant-Circle-Signature-Fashion-Logo-12_large.png","contentUrl":"http:\/\/ruuby.ee\/wp-content\/uploads\/2023\/06\/cropped-Black-White-Elegant-Circle-Signature-Fashion-Logo-12_large.png","width":1280,"height":747,"caption":"Ruuby Disain O\u00dc"},"image":{"@id":"https:\/\/ruuby.ee\/en\/#\/schema\/logo\/image\/"},"sameAs":["https:\/\/www.facebook.com\/ruubyconcept","https:\/\/www.instagram.com\/ruuby_concept\/"]}]}},"jetpack_sharing_enabled":true,"_links":{"self":[{"href":"http:\/\/ruuby.ee\/en\/wp-json\/wp\/v2\/product\/1839979","targetHints":{"allow":["GET"]}}],"collection":[{"href":"http:\/\/ruuby.ee\/en\/wp-json\/wp\/v2\/product"}],"about":[{"href":"http:\/\/ruuby.ee\/en\/wp-json\/wp\/v2\/types\/product"}],"replies":[{"embeddable":true,"href":"http:\/\/ruuby.ee\/en\/wp-json\/wp\/v2\/comments?post=1839979"}],"wp:featuredmedia":[{"embeddable":true,"href":"http:\/\/ruuby.ee\/en\/wp-json\/wp\/v2\/media\/1839987"}],"wp:attachment":[{"href":"http:\/\/ruuby.ee\/en\/wp-json\/wp\/v2\/media?parent=1839979"}],"wp:term":[{"taxonomy":"product_brand","embeddable":true,"href":"http:\/\/ruuby.ee\/en\/wp-json\/wp\/v2\/product_brand?post=1839979"},{"taxonomy":"product_cat","embeddable":true,"href":"http:\/\/ruuby.ee\/en\/wp-json\/wp\/v2\/product_cat?post=1839979"},{"taxonomy":"product_tag","embeddable":true,"href":"http:\/\/ruuby.ee\/en\/wp-json\/wp\/v2\/product_tag?post=1839979"}],"curies":[{"name":"wp","href":"https:\/\/api.w.org\/{rel}","templated":true}]}}