{"id":1839947,"date":"2023-11-01T07:00:14","date_gmt":"2023-11-01T05:00:14","guid":{"rendered":"http:\/\/ruuby.ee\/?post_type=product&#038;p=1839947"},"modified":"2026-04-03T01:24:37","modified_gmt":"2026-04-02T22:24:37","slug":"ekta-living-jouluehted-ornaments-kolmnurk","status":"publish","type":"product","link":"http:\/\/ruuby.ee\/en\/pood\/joulueri\/jouluehted\/ekta-living-jouluehted-ornaments-kolmnurk\/","title":{"rendered":"Ekta Living &#8211; j\u00f5uluehted &#8211; ornaments, kolmnurk"},"content":{"rendered":"<p>J\u00f5uluehted Ornaments on kahest volditud paberist kaunistusest koosnev komplekt, mille saab asetada meie j\u00f5ulupulkadele.<\/p>\n<p>J\u00f5uluehted Ornamente saab kasutada ka otse kuuse k\u00fclge riputatavate esemetena, kuna nendega on kaasas riputusn\u00f6\u00f6rid.<\/p>\n<p>See osa meie j\u00f5ulukontseptsioonist dekoratiivsetest rippuvatest j\u00f5uluesemetest, mida saab mitmel viisil kujundada. Koosneb kahest volditud paberist kaunistusest, mis on magnetkinnitusega.<\/p>\n<p>J\u00f5ulupulkade kaunistused on saadaval 3 erinevas komplektis, mis pakuvad palju kombineerimisv\u00f5imalusi.<\/p>","protected":false},"excerpt":{"rendered":"<p>J\u00f5uluehted Ornaments on kahest volditud paberist kaunistusest koosnev komplekt, mille saab asetada meie j\u00f5ulupulkadele. J\u00f5uluehted Ornamente saab kasutada ka otse kuuse k\u00fclge riputatavate esemetena, kuna nendega on kaasas riputusn\u00f6\u00f6rid. See osa meie j\u00f5ulukontseptsioonist dekoratiivsetest rippuvatest j\u00f5uluesemetest, mida saab mitmel viisil kujundada. Koosneb kahest volditud paberist kaunistusest, mis on magnetkinnitusega. J\u00f5ulupulkade kaunistused on saadaval 3 erinevas [&hellip;]<\/p>\n","protected":false},"featured_media":1839949,"comment_status":"open","ping_status":"closed","template":"","meta":[],"product_brand":[],"product_cat":[949,491],"product_tag":[],"class_list":{"0":"post-1839947","1":"product","2":"type-product","3":"status-publish","4":"has-post-thumbnail","6":"product_cat-jouluehted","7":"product_cat-joulueri","9":"first","10":"instock","11":"taxable","12":"shipping-taxable","13":"purchasable","14":"product-type-simple"},"yoast_head":"<!-- This site is optimized with the Yoast SEO plugin v27.2 - https:\/\/yoast.com\/product\/yoast-seo-wordpress\/ -->\n<title>Ekta Living - j\u00f5uluehted - ornaments, kolmnurk - RUUBY<\/title>\n<meta name=\"robots\" content=\"index, follow, max-snippet:-1, max-image-preview:large, max-video-preview:-1\" \/>\n<link rel=\"canonical\" href=\"http:\/\/ruuby.ee\/en\/pood\/joulueri\/jouluehted\/ekta-living-jouluehted-ornaments-kolmnurk\/\" \/>\n<meta property=\"og:locale\" content=\"en_GB\" \/>\n<meta property=\"og:type\" content=\"article\" \/>\n<meta property=\"og:title\" content=\"Ekta Living - j\u00f5uluehted - ornaments, kolmnurk - RUUBY\" \/>\n<meta property=\"og:description\" content=\"J\u00f5uluehted Ornaments on kahest volditud paberist kaunistusest koosnev komplekt, mille saab asetada meie j\u00f5ulupulkadele. J\u00f5uluehted Ornamente saab kasutada ka otse kuuse k\u00fclge riputatavate esemetena, kuna nendega on kaasas riputusn\u00f6\u00f6rid. See osa meie j\u00f5ulukontseptsioonist dekoratiivsetest rippuvatest j\u00f5uluesemetest, mida saab mitmel viisil kujundada. Koosneb kahest volditud paberist kaunistusest, mis on magnetkinnitusega. J\u00f5ulupulkade kaunistused on saadaval 3 erinevas [&hellip;]\" \/>\n<meta property=\"og:url\" content=\"http:\/\/ruuby.ee\/en\/pood\/joulueri\/jouluehted\/ekta-living-jouluehted-ornaments-kolmnurk\/\" \/>\n<meta property=\"og:site_name\" content=\"RUUBY\" \/>\n<meta property=\"article:publisher\" content=\"https:\/\/www.facebook.com\/ruubyconcept\" \/>\n<meta property=\"article:modified_time\" content=\"2026-04-02T22:24:37+00:00\" \/>\n<meta property=\"og:image\" content=\"http:\/\/ruuby.ee\/wp-content\/uploads\/2023\/10\/Screenshot-2023-10-06-at-16.08.32.png\" \/>\n\t<meta property=\"og:image:width\" content=\"1656\" \/>\n\t<meta property=\"og:image:height\" content=\"1254\" \/>\n\t<meta property=\"og:image:type\" content=\"image\/png\" \/>\n<meta name=\"twitter:card\" content=\"summary_large_image\" \/>\n<meta name=\"twitter:label1\" content=\"Estimated reading time\" \/>\n\t<meta name=\"twitter:data1\" content=\"1 minute\" \/>\n<script type=\"application\/ld+json\" class=\"yoast-schema-graph\">{\"@context\":\"https:\/\/schema.org\",\"@graph\":[{\"@type\":[\"WebPage\",\"ItemPage\"],\"@id\":\"http:\/\/ruuby.ee\/en\/pood\/joulueri\/jouluehted\/ekta-living-jouluehted-ornaments-kolmnurk\/\",\"url\":\"http:\/\/ruuby.ee\/en\/pood\/joulueri\/jouluehted\/ekta-living-jouluehted-ornaments-kolmnurk\/\",\"name\":\"Ekta Living - j\u00f5uluehted - ornaments, kolmnurk - RUUBY\",\"isPartOf\":{\"@id\":\"https:\/\/ruuby.ee\/en\/#website\"},\"primaryImageOfPage\":{\"@id\":\"http:\/\/ruuby.ee\/en\/pood\/joulueri\/jouluehted\/ekta-living-jouluehted-ornaments-kolmnurk\/#primaryimage\"},\"image\":{\"@id\":\"http:\/\/ruuby.ee\/en\/pood\/joulueri\/jouluehted\/ekta-living-jouluehted-ornaments-kolmnurk\/#primaryimage\"},\"thumbnailUrl\":\"http:\/\/ruuby.ee\/wp-content\/uploads\/2023\/10\/Screenshot-2023-10-06-at-16.08.32.png\",\"datePublished\":\"2023-11-01T05:00:14+00:00\",\"dateModified\":\"2026-04-02T22:24:37+00:00\",\"breadcrumb\":{\"@id\":\"http:\/\/ruuby.ee\/en\/pood\/joulueri\/jouluehted\/ekta-living-jouluehted-ornaments-kolmnurk\/#breadcrumb\"},\"inLanguage\":\"en-GB\",\"potentialAction\":[{\"@type\":\"ReadAction\",\"target\":[\"http:\/\/ruuby.ee\/en\/pood\/joulueri\/jouluehted\/ekta-living-jouluehted-ornaments-kolmnurk\/\"]}]},{\"@type\":\"ImageObject\",\"inLanguage\":\"en-GB\",\"@id\":\"http:\/\/ruuby.ee\/en\/pood\/joulueri\/jouluehted\/ekta-living-jouluehted-ornaments-kolmnurk\/#primaryimage\",\"url\":\"http:\/\/ruuby.ee\/wp-content\/uploads\/2023\/10\/Screenshot-2023-10-06-at-16.08.32.png\",\"contentUrl\":\"http:\/\/ruuby.ee\/wp-content\/uploads\/2023\/10\/Screenshot-2023-10-06-at-16.08.32.png\",\"width\":1656,\"height\":1254},{\"@type\":\"BreadcrumbList\",\"@id\":\"http:\/\/ruuby.ee\/en\/pood\/joulueri\/jouluehted\/ekta-living-jouluehted-ornaments-kolmnurk\/#breadcrumb\",\"itemListElement\":[{\"@type\":\"ListItem\",\"position\":1,\"name\":\"Kdu\",\"item\":\"https:\/\/ruuby.ee\/en\/\"},{\"@type\":\"ListItem\",\"position\":2,\"name\":\"Pood\",\"item\":\"https:\/\/ruuby.ee\/pood\/\"},{\"@type\":\"ListItem\",\"position\":3,\"name\":\"Ekta Living &#8211; j\u00f5uluehted &#8211; ornaments, kolmnurk\"}]},{\"@type\":\"WebSite\",\"@id\":\"https:\/\/ruuby.ee\/en\/#website\",\"url\":\"https:\/\/ruuby.ee\/en\/\",\"name\":\"RUUBY\",\"description\":\"Ruubys on \u00fchendatud elustiil ja disain\",\"publisher\":{\"@id\":\"https:\/\/ruuby.ee\/en\/#organization\"},\"alternateName\":\"Ruuby Disain\",\"potentialAction\":[{\"@type\":\"SearchAction\",\"target\":{\"@type\":\"EntryPoint\",\"urlTemplate\":\"https:\/\/ruuby.ee\/en\/?s={search_term_string}\"},\"query-input\":{\"@type\":\"PropertyValueSpecification\",\"valueRequired\":true,\"valueName\":\"search_term_string\"}}],\"inLanguage\":\"en-GB\"},{\"@type\":\"Organization\",\"@id\":\"https:\/\/ruuby.ee\/en\/#organization\",\"name\":\"Ruuby Disain O\u00dc\",\"alternateName\":\"Ruuby\",\"url\":\"https:\/\/ruuby.ee\/en\/\",\"logo\":{\"@type\":\"ImageObject\",\"inLanguage\":\"en-GB\",\"@id\":\"https:\/\/ruuby.ee\/en\/#\/schema\/logo\/image\/\",\"url\":\"http:\/\/ruuby.ee\/wp-content\/uploads\/2023\/06\/cropped-Black-White-Elegant-Circle-Signature-Fashion-Logo-12_large.png\",\"contentUrl\":\"http:\/\/ruuby.ee\/wp-content\/uploads\/2023\/06\/cropped-Black-White-Elegant-Circle-Signature-Fashion-Logo-12_large.png\",\"width\":1280,\"height\":747,\"caption\":\"Ruuby Disain O\u00dc\"},\"image\":{\"@id\":\"https:\/\/ruuby.ee\/en\/#\/schema\/logo\/image\/\"},\"sameAs\":[\"https:\/\/www.facebook.com\/ruubyconcept\",\"https:\/\/www.instagram.com\/ruuby_concept\/\"]}]}<\/script>\n<!-- \/ Yoast SEO plugin. -->","yoast_head_json":{"title":"Ekta Living - j\u00f5uluehted - ornaments, kolmnurk - RUUBY","robots":{"index":"index","follow":"follow","max-snippet":"max-snippet:-1","max-image-preview":"max-image-preview:large","max-video-preview":"max-video-preview:-1"},"canonical":"http:\/\/ruuby.ee\/en\/pood\/joulueri\/jouluehted\/ekta-living-jouluehted-ornaments-kolmnurk\/","og_locale":"en_GB","og_type":"article","og_title":"Ekta Living - j\u00f5uluehted - ornaments, kolmnurk - RUUBY","og_description":"J\u00f5uluehted Ornaments on kahest volditud paberist kaunistusest koosnev komplekt, mille saab asetada meie j\u00f5ulupulkadele. J\u00f5uluehted Ornamente saab kasutada ka otse kuuse k\u00fclge riputatavate esemetena, kuna nendega on kaasas riputusn\u00f6\u00f6rid. See osa meie j\u00f5ulukontseptsioonist dekoratiivsetest rippuvatest j\u00f5uluesemetest, mida saab mitmel viisil kujundada. Koosneb kahest volditud paberist kaunistusest, mis on magnetkinnitusega. J\u00f5ulupulkade kaunistused on saadaval 3 erinevas [&hellip;]","og_url":"http:\/\/ruuby.ee\/en\/pood\/joulueri\/jouluehted\/ekta-living-jouluehted-ornaments-kolmnurk\/","og_site_name":"RUUBY","article_publisher":"https:\/\/www.facebook.com\/ruubyconcept","article_modified_time":"2026-04-02T22:24:37+00:00","og_image":[{"width":1656,"height":1254,"url":"http:\/\/ruuby.ee\/wp-content\/uploads\/2023\/10\/Screenshot-2023-10-06-at-16.08.32.png","type":"image\/png"}],"twitter_card":"summary_large_image","twitter_misc":{"Estimated reading time":"1 minute"},"schema":{"@context":"https:\/\/schema.org","@graph":[{"@type":["WebPage","ItemPage"],"@id":"http:\/\/ruuby.ee\/en\/pood\/joulueri\/jouluehted\/ekta-living-jouluehted-ornaments-kolmnurk\/","url":"http:\/\/ruuby.ee\/en\/pood\/joulueri\/jouluehted\/ekta-living-jouluehted-ornaments-kolmnurk\/","name":"Ekta Living - j\u00f5uluehted - ornaments, kolmnurk - RUUBY","isPartOf":{"@id":"https:\/\/ruuby.ee\/en\/#website"},"primaryImageOfPage":{"@id":"http:\/\/ruuby.ee\/en\/pood\/joulueri\/jouluehted\/ekta-living-jouluehted-ornaments-kolmnurk\/#primaryimage"},"image":{"@id":"http:\/\/ruuby.ee\/en\/pood\/joulueri\/jouluehted\/ekta-living-jouluehted-ornaments-kolmnurk\/#primaryimage"},"thumbnailUrl":"http:\/\/ruuby.ee\/wp-content\/uploads\/2023\/10\/Screenshot-2023-10-06-at-16.08.32.png","datePublished":"2023-11-01T05:00:14+00:00","dateModified":"2026-04-02T22:24:37+00:00","breadcrumb":{"@id":"http:\/\/ruuby.ee\/en\/pood\/joulueri\/jouluehted\/ekta-living-jouluehted-ornaments-kolmnurk\/#breadcrumb"},"inLanguage":"en-GB","potentialAction":[{"@type":"ReadAction","target":["http:\/\/ruuby.ee\/en\/pood\/joulueri\/jouluehted\/ekta-living-jouluehted-ornaments-kolmnurk\/"]}]},{"@type":"ImageObject","inLanguage":"en-GB","@id":"http:\/\/ruuby.ee\/en\/pood\/joulueri\/jouluehted\/ekta-living-jouluehted-ornaments-kolmnurk\/#primaryimage","url":"http:\/\/ruuby.ee\/wp-content\/uploads\/2023\/10\/Screenshot-2023-10-06-at-16.08.32.png","contentUrl":"http:\/\/ruuby.ee\/wp-content\/uploads\/2023\/10\/Screenshot-2023-10-06-at-16.08.32.png","width":1656,"height":1254},{"@type":"BreadcrumbList","@id":"http:\/\/ruuby.ee\/en\/pood\/joulueri\/jouluehted\/ekta-living-jouluehted-ornaments-kolmnurk\/#breadcrumb","itemListElement":[{"@type":"ListItem","position":1,"name":"Kdu","item":"https:\/\/ruuby.ee\/en\/"},{"@type":"ListItem","position":2,"name":"Pood","item":"https:\/\/ruuby.ee\/pood\/"},{"@type":"ListItem","position":3,"name":"Ekta Living &#8211; j\u00f5uluehted &#8211; ornaments, kolmnurk"}]},{"@type":"WebSite","@id":"https:\/\/ruuby.ee\/en\/#website","url":"https:\/\/ruuby.ee\/en\/","name":"RUUBY","description":"Ruubys on \u00fchendatud elustiil ja disain","publisher":{"@id":"https:\/\/ruuby.ee\/en\/#organization"},"alternateName":"Ruuby Disain","potentialAction":[{"@type":"SearchAction","target":{"@type":"EntryPoint","urlTemplate":"https:\/\/ruuby.ee\/en\/?s={search_term_string}"},"query-input":{"@type":"PropertyValueSpecification","valueRequired":true,"valueName":"search_term_string"}}],"inLanguage":"en-GB"},{"@type":"Organization","@id":"https:\/\/ruuby.ee\/en\/#organization","name":"Ruuby Disain O\u00dc","alternateName":"Ruuby","url":"https:\/\/ruuby.ee\/en\/","logo":{"@type":"ImageObject","inLanguage":"en-GB","@id":"https:\/\/ruuby.ee\/en\/#\/schema\/logo\/image\/","url":"http:\/\/ruuby.ee\/wp-content\/uploads\/2023\/06\/cropped-Black-White-Elegant-Circle-Signature-Fashion-Logo-12_large.png","contentUrl":"http:\/\/ruuby.ee\/wp-content\/uploads\/2023\/06\/cropped-Black-White-Elegant-Circle-Signature-Fashion-Logo-12_large.png","width":1280,"height":747,"caption":"Ruuby Disain O\u00dc"},"image":{"@id":"https:\/\/ruuby.ee\/en\/#\/schema\/logo\/image\/"},"sameAs":["https:\/\/www.facebook.com\/ruubyconcept","https:\/\/www.instagram.com\/ruuby_concept\/"]}]}},"jetpack_sharing_enabled":true,"_links":{"self":[{"href":"http:\/\/ruuby.ee\/en\/wp-json\/wp\/v2\/product\/1839947","targetHints":{"allow":["GET"]}}],"collection":[{"href":"http:\/\/ruuby.ee\/en\/wp-json\/wp\/v2\/product"}],"about":[{"href":"http:\/\/ruuby.ee\/en\/wp-json\/wp\/v2\/types\/product"}],"replies":[{"embeddable":true,"href":"http:\/\/ruuby.ee\/en\/wp-json\/wp\/v2\/comments?post=1839947"}],"wp:featuredmedia":[{"embeddable":true,"href":"http:\/\/ruuby.ee\/en\/wp-json\/wp\/v2\/media\/1839949"}],"wp:attachment":[{"href":"http:\/\/ruuby.ee\/en\/wp-json\/wp\/v2\/media?parent=1839947"}],"wp:term":[{"taxonomy":"product_brand","embeddable":true,"href":"http:\/\/ruuby.ee\/en\/wp-json\/wp\/v2\/product_brand?post=1839947"},{"taxonomy":"product_cat","embeddable":true,"href":"http:\/\/ruuby.ee\/en\/wp-json\/wp\/v2\/product_cat?post=1839947"},{"taxonomy":"product_tag","embeddable":true,"href":"http:\/\/ruuby.ee\/en\/wp-json\/wp\/v2\/product_tag?post=1839947"}],"curies":[{"name":"wp","href":"https:\/\/api.w.org\/{rel}","templated":true}]}}