{"id":1839933,"date":"2023-11-01T07:00:54","date_gmt":"2023-11-01T05:00:54","guid":{"rendered":"http:\/\/ruuby.ee\/?post_type=product&#038;p=1839933"},"modified":"2026-04-03T01:24:37","modified_gmt":"2026-04-02T22:24:37","slug":"ekta-living-jouluehted-apex","status":"publish","type":"product","link":"http:\/\/ruuby.ee\/en\/pood\/joulueri\/jouluehted\/ekta-living-jouluehted-apex\/","title":{"rendered":"Ekta Living &#8211; j\u00f5uluehted, Apex"},"content":{"rendered":"<p>Kujunda ise j\u00f5ulukaunistused!<\/p>\n<p>Christmas Sticks on dekoratiivsed ehted j\u00f5ulukuuskedele, mida saab v\u00e4ga isikup\u00e4raselt kujundada erinevate paberist, korgist ja messingist kaunistustega. Igas pakendis on 4 figuuri, mida saab mitmel viisil kokku panna.<\/p>\n<p>J\u00f5uluehted on osa meie j\u00f5ulukontseptsioonist dekoratiivsetest rippuvatest j\u00f5uluesemetest, mida saab mitmel viisil kujundada. Messingviimistlusega metallist pulgal on otsas v\u00e4ike kruvitav kera, mis v\u00f5imaldab pulkadele asetada paberist, korgist ja messingist kaunistusi v\u00f5i kasutada isetehtud kaunistusi vms.<\/p>\n<p>J\u00f5ulupulgad \u00a0on saadaval 3 versioonis ja igas pakendis on 3-4 figuuri, mis pakuvad palju kombineerimisv\u00f5imalusi. Lisafiguurid on saadaval ka eraldi pakendites, millel on riputamiseks v\u00e4ike n\u00f6\u00f6r.<\/p>\n<p>Pikkus: 19,5cm ja laius 4-7cm.<\/p>","protected":false},"excerpt":{"rendered":"<p>Kujunda ise j\u00f5ulukaunistused! Christmas Sticks on dekoratiivsed ehted j\u00f5ulukuuskedele, mida saab v\u00e4ga isikup\u00e4raselt kujundada erinevate paberist, korgist ja messingist kaunistustega. Igas pakendis on 4 figuuri, mida saab mitmel viisil kokku panna. J\u00f5uluehted on osa meie j\u00f5ulukontseptsioonist dekoratiivsetest rippuvatest j\u00f5uluesemetest, mida saab mitmel viisil kujundada. Messingviimistlusega metallist pulgal on otsas v\u00e4ike kruvitav kera, mis v\u00f5imaldab pulkadele [&hellip;]<\/p>\n","protected":false},"featured_media":1839936,"comment_status":"open","ping_status":"closed","template":"","meta":[],"product_brand":[],"product_cat":[949,491],"product_tag":[],"class_list":{"0":"post-1839933","1":"product","2":"type-product","3":"status-publish","4":"has-post-thumbnail","6":"product_cat-jouluehted","7":"product_cat-joulueri","9":"first","10":"instock","11":"taxable","12":"shipping-taxable","13":"purchasable","14":"product-type-simple"},"yoast_head":"<!-- This site is optimized with the Yoast SEO plugin v27.2 - https:\/\/yoast.com\/product\/yoast-seo-wordpress\/ -->\n<title>Ekta Living - j\u00f5uluehted, Apex - RUUBY<\/title>\n<meta name=\"robots\" content=\"index, follow, max-snippet:-1, max-image-preview:large, max-video-preview:-1\" \/>\n<link rel=\"canonical\" href=\"http:\/\/ruuby.ee\/en\/pood\/joulueri\/jouluehted\/ekta-living-jouluehted-apex\/\" \/>\n<meta property=\"og:locale\" content=\"en_GB\" \/>\n<meta property=\"og:type\" content=\"article\" \/>\n<meta property=\"og:title\" content=\"Ekta Living - j\u00f5uluehted, Apex - RUUBY\" \/>\n<meta property=\"og:description\" content=\"Kujunda ise j\u00f5ulukaunistused! Christmas Sticks on dekoratiivsed ehted j\u00f5ulukuuskedele, mida saab v\u00e4ga isikup\u00e4raselt kujundada erinevate paberist, korgist ja messingist kaunistustega. Igas pakendis on 4 figuuri, mida saab mitmel viisil kokku panna. J\u00f5uluehted on osa meie j\u00f5ulukontseptsioonist dekoratiivsetest rippuvatest j\u00f5uluesemetest, mida saab mitmel viisil kujundada. Messingviimistlusega metallist pulgal on otsas v\u00e4ike kruvitav kera, mis v\u00f5imaldab pulkadele [&hellip;]\" \/>\n<meta property=\"og:url\" content=\"http:\/\/ruuby.ee\/en\/pood\/joulueri\/jouluehted\/ekta-living-jouluehted-apex\/\" \/>\n<meta property=\"og:site_name\" content=\"RUUBY\" \/>\n<meta property=\"article:publisher\" content=\"https:\/\/www.facebook.com\/ruubyconcept\" \/>\n<meta property=\"article:modified_time\" content=\"2026-04-02T22:24:37+00:00\" \/>\n<meta property=\"og:image\" content=\"http:\/\/ruuby.ee\/wp-content\/uploads\/2023\/10\/Screenshot-2023-10-06-at-15.49.38.png\" \/>\n\t<meta property=\"og:image:width\" content=\"1538\" \/>\n\t<meta property=\"og:image:height\" content=\"1268\" \/>\n\t<meta property=\"og:image:type\" content=\"image\/png\" \/>\n<meta name=\"twitter:card\" content=\"summary_large_image\" \/>\n<meta name=\"twitter:label1\" content=\"Estimated reading time\" \/>\n\t<meta name=\"twitter:data1\" content=\"1 minute\" \/>\n<script type=\"application\/ld+json\" class=\"yoast-schema-graph\">{\"@context\":\"https:\/\/schema.org\",\"@graph\":[{\"@type\":[\"WebPage\",\"ItemPage\"],\"@id\":\"http:\/\/ruuby.ee\/en\/pood\/joulueri\/jouluehted\/ekta-living-jouluehted-apex\/\",\"url\":\"http:\/\/ruuby.ee\/en\/pood\/joulueri\/jouluehted\/ekta-living-jouluehted-apex\/\",\"name\":\"Ekta Living - j\u00f5uluehted, Apex - RUUBY\",\"isPartOf\":{\"@id\":\"https:\/\/ruuby.ee\/en\/#website\"},\"primaryImageOfPage\":{\"@id\":\"http:\/\/ruuby.ee\/en\/pood\/joulueri\/jouluehted\/ekta-living-jouluehted-apex\/#primaryimage\"},\"image\":{\"@id\":\"http:\/\/ruuby.ee\/en\/pood\/joulueri\/jouluehted\/ekta-living-jouluehted-apex\/#primaryimage\"},\"thumbnailUrl\":\"http:\/\/ruuby.ee\/wp-content\/uploads\/2023\/10\/Screenshot-2023-10-06-at-15.49.38.png\",\"datePublished\":\"2023-11-01T05:00:54+00:00\",\"dateModified\":\"2026-04-02T22:24:37+00:00\",\"breadcrumb\":{\"@id\":\"http:\/\/ruuby.ee\/en\/pood\/joulueri\/jouluehted\/ekta-living-jouluehted-apex\/#breadcrumb\"},\"inLanguage\":\"en-GB\",\"potentialAction\":[{\"@type\":\"ReadAction\",\"target\":[\"http:\/\/ruuby.ee\/en\/pood\/joulueri\/jouluehted\/ekta-living-jouluehted-apex\/\"]}]},{\"@type\":\"ImageObject\",\"inLanguage\":\"en-GB\",\"@id\":\"http:\/\/ruuby.ee\/en\/pood\/joulueri\/jouluehted\/ekta-living-jouluehted-apex\/#primaryimage\",\"url\":\"http:\/\/ruuby.ee\/wp-content\/uploads\/2023\/10\/Screenshot-2023-10-06-at-15.49.38.png\",\"contentUrl\":\"http:\/\/ruuby.ee\/wp-content\/uploads\/2023\/10\/Screenshot-2023-10-06-at-15.49.38.png\",\"width\":1538,\"height\":1268},{\"@type\":\"BreadcrumbList\",\"@id\":\"http:\/\/ruuby.ee\/en\/pood\/joulueri\/jouluehted\/ekta-living-jouluehted-apex\/#breadcrumb\",\"itemListElement\":[{\"@type\":\"ListItem\",\"position\":1,\"name\":\"Kdu\",\"item\":\"https:\/\/ruuby.ee\/en\/\"},{\"@type\":\"ListItem\",\"position\":2,\"name\":\"Pood\",\"item\":\"https:\/\/ruuby.ee\/pood\/\"},{\"@type\":\"ListItem\",\"position\":3,\"name\":\"Ekta Living &#8211; j\u00f5uluehted, Apex\"}]},{\"@type\":\"WebSite\",\"@id\":\"https:\/\/ruuby.ee\/en\/#website\",\"url\":\"https:\/\/ruuby.ee\/en\/\",\"name\":\"RUUBY\",\"description\":\"Ruubys on \u00fchendatud elustiil ja disain\",\"publisher\":{\"@id\":\"https:\/\/ruuby.ee\/en\/#organization\"},\"alternateName\":\"Ruuby Disain\",\"potentialAction\":[{\"@type\":\"SearchAction\",\"target\":{\"@type\":\"EntryPoint\",\"urlTemplate\":\"https:\/\/ruuby.ee\/en\/?s={search_term_string}\"},\"query-input\":{\"@type\":\"PropertyValueSpecification\",\"valueRequired\":true,\"valueName\":\"search_term_string\"}}],\"inLanguage\":\"en-GB\"},{\"@type\":\"Organization\",\"@id\":\"https:\/\/ruuby.ee\/en\/#organization\",\"name\":\"Ruuby Disain O\u00dc\",\"alternateName\":\"Ruuby\",\"url\":\"https:\/\/ruuby.ee\/en\/\",\"logo\":{\"@type\":\"ImageObject\",\"inLanguage\":\"en-GB\",\"@id\":\"https:\/\/ruuby.ee\/en\/#\/schema\/logo\/image\/\",\"url\":\"http:\/\/ruuby.ee\/wp-content\/uploads\/2023\/06\/cropped-Black-White-Elegant-Circle-Signature-Fashion-Logo-12_large.png\",\"contentUrl\":\"http:\/\/ruuby.ee\/wp-content\/uploads\/2023\/06\/cropped-Black-White-Elegant-Circle-Signature-Fashion-Logo-12_large.png\",\"width\":1280,\"height\":747,\"caption\":\"Ruuby Disain O\u00dc\"},\"image\":{\"@id\":\"https:\/\/ruuby.ee\/en\/#\/schema\/logo\/image\/\"},\"sameAs\":[\"https:\/\/www.facebook.com\/ruubyconcept\",\"https:\/\/www.instagram.com\/ruuby_concept\/\"]}]}<\/script>\n<!-- \/ Yoast SEO plugin. -->","yoast_head_json":{"title":"Ekta Living - j\u00f5uluehted, Apex - RUUBY","robots":{"index":"index","follow":"follow","max-snippet":"max-snippet:-1","max-image-preview":"max-image-preview:large","max-video-preview":"max-video-preview:-1"},"canonical":"http:\/\/ruuby.ee\/en\/pood\/joulueri\/jouluehted\/ekta-living-jouluehted-apex\/","og_locale":"en_GB","og_type":"article","og_title":"Ekta Living - j\u00f5uluehted, Apex - RUUBY","og_description":"Kujunda ise j\u00f5ulukaunistused! Christmas Sticks on dekoratiivsed ehted j\u00f5ulukuuskedele, mida saab v\u00e4ga isikup\u00e4raselt kujundada erinevate paberist, korgist ja messingist kaunistustega. Igas pakendis on 4 figuuri, mida saab mitmel viisil kokku panna. J\u00f5uluehted on osa meie j\u00f5ulukontseptsioonist dekoratiivsetest rippuvatest j\u00f5uluesemetest, mida saab mitmel viisil kujundada. Messingviimistlusega metallist pulgal on otsas v\u00e4ike kruvitav kera, mis v\u00f5imaldab pulkadele [&hellip;]","og_url":"http:\/\/ruuby.ee\/en\/pood\/joulueri\/jouluehted\/ekta-living-jouluehted-apex\/","og_site_name":"RUUBY","article_publisher":"https:\/\/www.facebook.com\/ruubyconcept","article_modified_time":"2026-04-02T22:24:37+00:00","og_image":[{"width":1538,"height":1268,"url":"http:\/\/ruuby.ee\/wp-content\/uploads\/2023\/10\/Screenshot-2023-10-06-at-15.49.38.png","type":"image\/png"}],"twitter_card":"summary_large_image","twitter_misc":{"Estimated reading time":"1 minute"},"schema":{"@context":"https:\/\/schema.org","@graph":[{"@type":["WebPage","ItemPage"],"@id":"http:\/\/ruuby.ee\/en\/pood\/joulueri\/jouluehted\/ekta-living-jouluehted-apex\/","url":"http:\/\/ruuby.ee\/en\/pood\/joulueri\/jouluehted\/ekta-living-jouluehted-apex\/","name":"Ekta Living - j\u00f5uluehted, Apex - RUUBY","isPartOf":{"@id":"https:\/\/ruuby.ee\/en\/#website"},"primaryImageOfPage":{"@id":"http:\/\/ruuby.ee\/en\/pood\/joulueri\/jouluehted\/ekta-living-jouluehted-apex\/#primaryimage"},"image":{"@id":"http:\/\/ruuby.ee\/en\/pood\/joulueri\/jouluehted\/ekta-living-jouluehted-apex\/#primaryimage"},"thumbnailUrl":"http:\/\/ruuby.ee\/wp-content\/uploads\/2023\/10\/Screenshot-2023-10-06-at-15.49.38.png","datePublished":"2023-11-01T05:00:54+00:00","dateModified":"2026-04-02T22:24:37+00:00","breadcrumb":{"@id":"http:\/\/ruuby.ee\/en\/pood\/joulueri\/jouluehted\/ekta-living-jouluehted-apex\/#breadcrumb"},"inLanguage":"en-GB","potentialAction":[{"@type":"ReadAction","target":["http:\/\/ruuby.ee\/en\/pood\/joulueri\/jouluehted\/ekta-living-jouluehted-apex\/"]}]},{"@type":"ImageObject","inLanguage":"en-GB","@id":"http:\/\/ruuby.ee\/en\/pood\/joulueri\/jouluehted\/ekta-living-jouluehted-apex\/#primaryimage","url":"http:\/\/ruuby.ee\/wp-content\/uploads\/2023\/10\/Screenshot-2023-10-06-at-15.49.38.png","contentUrl":"http:\/\/ruuby.ee\/wp-content\/uploads\/2023\/10\/Screenshot-2023-10-06-at-15.49.38.png","width":1538,"height":1268},{"@type":"BreadcrumbList","@id":"http:\/\/ruuby.ee\/en\/pood\/joulueri\/jouluehted\/ekta-living-jouluehted-apex\/#breadcrumb","itemListElement":[{"@type":"ListItem","position":1,"name":"Kdu","item":"https:\/\/ruuby.ee\/en\/"},{"@type":"ListItem","position":2,"name":"Pood","item":"https:\/\/ruuby.ee\/pood\/"},{"@type":"ListItem","position":3,"name":"Ekta Living &#8211; j\u00f5uluehted, Apex"}]},{"@type":"WebSite","@id":"https:\/\/ruuby.ee\/en\/#website","url":"https:\/\/ruuby.ee\/en\/","name":"RUUBY","description":"Ruubys on \u00fchendatud elustiil ja disain","publisher":{"@id":"https:\/\/ruuby.ee\/en\/#organization"},"alternateName":"Ruuby Disain","potentialAction":[{"@type":"SearchAction","target":{"@type":"EntryPoint","urlTemplate":"https:\/\/ruuby.ee\/en\/?s={search_term_string}"},"query-input":{"@type":"PropertyValueSpecification","valueRequired":true,"valueName":"search_term_string"}}],"inLanguage":"en-GB"},{"@type":"Organization","@id":"https:\/\/ruuby.ee\/en\/#organization","name":"Ruuby Disain O\u00dc","alternateName":"Ruuby","url":"https:\/\/ruuby.ee\/en\/","logo":{"@type":"ImageObject","inLanguage":"en-GB","@id":"https:\/\/ruuby.ee\/en\/#\/schema\/logo\/image\/","url":"http:\/\/ruuby.ee\/wp-content\/uploads\/2023\/06\/cropped-Black-White-Elegant-Circle-Signature-Fashion-Logo-12_large.png","contentUrl":"http:\/\/ruuby.ee\/wp-content\/uploads\/2023\/06\/cropped-Black-White-Elegant-Circle-Signature-Fashion-Logo-12_large.png","width":1280,"height":747,"caption":"Ruuby Disain O\u00dc"},"image":{"@id":"https:\/\/ruuby.ee\/en\/#\/schema\/logo\/image\/"},"sameAs":["https:\/\/www.facebook.com\/ruubyconcept","https:\/\/www.instagram.com\/ruuby_concept\/"]}]}},"jetpack_sharing_enabled":true,"_links":{"self":[{"href":"http:\/\/ruuby.ee\/en\/wp-json\/wp\/v2\/product\/1839933","targetHints":{"allow":["GET"]}}],"collection":[{"href":"http:\/\/ruuby.ee\/en\/wp-json\/wp\/v2\/product"}],"about":[{"href":"http:\/\/ruuby.ee\/en\/wp-json\/wp\/v2\/types\/product"}],"replies":[{"embeddable":true,"href":"http:\/\/ruuby.ee\/en\/wp-json\/wp\/v2\/comments?post=1839933"}],"wp:featuredmedia":[{"embeddable":true,"href":"http:\/\/ruuby.ee\/en\/wp-json\/wp\/v2\/media\/1839936"}],"wp:attachment":[{"href":"http:\/\/ruuby.ee\/en\/wp-json\/wp\/v2\/media?parent=1839933"}],"wp:term":[{"taxonomy":"product_brand","embeddable":true,"href":"http:\/\/ruuby.ee\/en\/wp-json\/wp\/v2\/product_brand?post=1839933"},{"taxonomy":"product_cat","embeddable":true,"href":"http:\/\/ruuby.ee\/en\/wp-json\/wp\/v2\/product_cat?post=1839933"},{"taxonomy":"product_tag","embeddable":true,"href":"http:\/\/ruuby.ee\/en\/wp-json\/wp\/v2\/product_tag?post=1839933"}],"curies":[{"name":"wp","href":"https:\/\/api.w.org\/{rel}","templated":true}]}}