{"id":1839887,"date":"2023-10-06T14:20:42","date_gmt":"2023-10-06T11:20:42","guid":{"rendered":"http:\/\/ruuby.ee\/?post_type=product&#038;p=1839887"},"modified":"2026-04-08T01:28:39","modified_gmt":"2026-04-07T22:28:39","slug":"ekta-living-jahvatusveski-naturaalne-tamm","status":"publish","type":"product","link":"http:\/\/ruuby.ee\/en\/pood\/kodusisustus\/soogituba\/ekta-living-jahvatusveski-naturaalne-tamm\/","title":{"rendered":"Ekta Living &#8211; jahvatusveski, naturaalne tamm"},"content":{"rendered":"<p>Crush Me on k\u00f5rgekvaliteedilise keraamilise veskimehhanismiga FSC-sertifikaadiga tammepuust soola- v\u00f5i pipraveskid. Disain on lihtne ja ajatu, kuid samas v\u00e4ga t\u00f5hus ja funktsionaalne.<\/p>\n<p>Crush Me jahvatusveskit saab kasutada v\u00e4ga erinevate v\u00fcrtside jaoks ja need on valmistatud lihtsa ajatu disainiga, meie lemmikmaterjalist &#8211; tammest. Veskid sisaldavad CrushGrindi reguleeritavat tipptasemel keraamilist veski mehhanismi ja sisu doseeritakse erinevalt, olenevalt veski nurgast. Crush Me-l on lame p\u00f5hi, mis tagab mittevalgumisfunktsiooni ja hoiab ka auru v\u00e4lja, mis takistab sisu kokkukleepumist.<\/p>\n<p>Kokkuv\u00f5ttes on veskid k\u00e4ep\u00e4rased, t\u00f5husad, kergesti t\u00e4idetavad, suure soola\/pipra mahutavusega ja kestavad palju aastaid!<\/p>\n<p>Materjal:\u00a0FSC sertifikaadiga tamm, keraamiline.<\/p>\n<p>M\u00f5\u00f5dud: 5,5&#215;5,5&#215;14(h)<\/p>","protected":false},"excerpt":{"rendered":"<p>Crush Me on k\u00f5rgekvaliteedilise keraamilise veskimehhanismiga FSC-sertifikaadiga tammepuust soola- v\u00f5i pipraveskid. Disain on lihtne ja ajatu, kuid samas v\u00e4ga t\u00f5hus ja funktsionaalne. Crush Me jahvatusveskit saab kasutada v\u00e4ga erinevate v\u00fcrtside jaoks ja need on valmistatud lihtsa ajatu disainiga, meie lemmikmaterjalist &#8211; tammest. Veskid sisaldavad CrushGrindi reguleeritavat tipptasemel keraamilist veski mehhanismi ja sisu doseeritakse erinevalt, olenevalt [&hellip;]<\/p>\n","protected":false},"featured_media":1839892,"comment_status":"open","ping_status":"closed","template":"","meta":[],"product_brand":[],"product_cat":[60],"product_tag":[],"class_list":{"0":"post-1839887","1":"product","2":"type-product","3":"status-publish","4":"has-post-thumbnail","6":"product_cat-soogituba","8":"first","9":"outofstock","10":"taxable","11":"shipping-taxable","12":"purchasable","13":"product-type-simple"},"yoast_head":"<!-- This site is optimized with the Yoast SEO plugin v27.3 - https:\/\/yoast.com\/product\/yoast-seo-wordpress\/ -->\n<title>Ekta Living - jahvatusveski, naturaalne tamm - RUUBY<\/title>\n<meta name=\"robots\" content=\"index, follow, max-snippet:-1, max-image-preview:large, max-video-preview:-1\" \/>\n<link rel=\"canonical\" href=\"https:\/\/ruuby.ee\/en\/pood\/kodusisustus\/soogituba\/ekta-living-jahvatusveski-naturaalne-tamm\/\" \/>\n<meta property=\"og:locale\" content=\"en_GB\" \/>\n<meta property=\"og:type\" content=\"article\" \/>\n<meta property=\"og:title\" content=\"Ekta Living - jahvatusveski, naturaalne tamm - RUUBY\" \/>\n<meta property=\"og:description\" content=\"Crush Me on k\u00f5rgekvaliteedilise keraamilise veskimehhanismiga FSC-sertifikaadiga tammepuust soola- v\u00f5i pipraveskid. Disain on lihtne ja ajatu, kuid samas v\u00e4ga t\u00f5hus ja funktsionaalne. Crush Me jahvatusveskit saab kasutada v\u00e4ga erinevate v\u00fcrtside jaoks ja need on valmistatud lihtsa ajatu disainiga, meie lemmikmaterjalist &#8211; tammest. Veskid sisaldavad CrushGrindi reguleeritavat tipptasemel keraamilist veski mehhanismi ja sisu doseeritakse erinevalt, olenevalt [&hellip;]\" \/>\n<meta property=\"og:url\" content=\"https:\/\/ruuby.ee\/en\/pood\/kodusisustus\/soogituba\/ekta-living-jahvatusveski-naturaalne-tamm\/\" \/>\n<meta property=\"og:site_name\" content=\"RUUBY\" \/>\n<meta property=\"article:publisher\" content=\"https:\/\/www.facebook.com\/ruubyconcept\" \/>\n<meta property=\"article:modified_time\" content=\"2026-04-07T22:28:39+00:00\" \/>\n<meta property=\"og:image\" content=\"https:\/\/ruuby.ee\/wp-content\/uploads\/2023\/10\/Screenshot-2023-10-06-at-14.13.48.png\" \/>\n\t<meta property=\"og:image:width\" content=\"1600\" \/>\n\t<meta property=\"og:image:height\" content=\"1316\" \/>\n\t<meta property=\"og:image:type\" content=\"image\/png\" \/>\n<meta name=\"twitter:card\" content=\"summary_large_image\" \/>\n<meta name=\"twitter:label1\" content=\"Estimated reading time\" \/>\n\t<meta name=\"twitter:data1\" content=\"1 minute\" \/>\n<script type=\"application\/ld+json\" class=\"yoast-schema-graph\">{\"@context\":\"https:\\\/\\\/schema.org\",\"@graph\":[{\"@type\":[\"WebPage\",\"ItemPage\"],\"@id\":\"https:\\\/\\\/ruuby.ee\\\/pood\\\/kodusisustus\\\/soogituba\\\/ekta-living-jahvatusveski-naturaalne-tamm\\\/\",\"url\":\"https:\\\/\\\/ruuby.ee\\\/pood\\\/kodusisustus\\\/soogituba\\\/ekta-living-jahvatusveski-naturaalne-tamm\\\/\",\"name\":\"Ekta Living - jahvatusveski, naturaalne tamm - RUUBY\",\"isPartOf\":{\"@id\":\"http:\\\/\\\/ruuby.ee\\\/#website\"},\"primaryImageOfPage\":{\"@id\":\"https:\\\/\\\/ruuby.ee\\\/pood\\\/kodusisustus\\\/soogituba\\\/ekta-living-jahvatusveski-naturaalne-tamm\\\/#primaryimage\"},\"image\":{\"@id\":\"https:\\\/\\\/ruuby.ee\\\/pood\\\/kodusisustus\\\/soogituba\\\/ekta-living-jahvatusveski-naturaalne-tamm\\\/#primaryimage\"},\"thumbnailUrl\":\"http:\\\/\\\/ruuby.ee\\\/wp-content\\\/uploads\\\/2023\\\/10\\\/Screenshot-2023-10-06-at-14.13.48.png\",\"datePublished\":\"2023-10-06T11:20:42+00:00\",\"dateModified\":\"2026-04-07T22:28:39+00:00\",\"breadcrumb\":{\"@id\":\"https:\\\/\\\/ruuby.ee\\\/pood\\\/kodusisustus\\\/soogituba\\\/ekta-living-jahvatusveski-naturaalne-tamm\\\/#breadcrumb\"},\"inLanguage\":\"en-GB\",\"potentialAction\":[{\"@type\":\"ReadAction\",\"target\":[\"https:\\\/\\\/ruuby.ee\\\/pood\\\/kodusisustus\\\/soogituba\\\/ekta-living-jahvatusveski-naturaalne-tamm\\\/\"]}]},{\"@type\":\"ImageObject\",\"inLanguage\":\"en-GB\",\"@id\":\"https:\\\/\\\/ruuby.ee\\\/pood\\\/kodusisustus\\\/soogituba\\\/ekta-living-jahvatusveski-naturaalne-tamm\\\/#primaryimage\",\"url\":\"http:\\\/\\\/ruuby.ee\\\/wp-content\\\/uploads\\\/2023\\\/10\\\/Screenshot-2023-10-06-at-14.13.48.png\",\"contentUrl\":\"http:\\\/\\\/ruuby.ee\\\/wp-content\\\/uploads\\\/2023\\\/10\\\/Screenshot-2023-10-06-at-14.13.48.png\",\"width\":1600,\"height\":1316},{\"@type\":\"BreadcrumbList\",\"@id\":\"https:\\\/\\\/ruuby.ee\\\/pood\\\/kodusisustus\\\/soogituba\\\/ekta-living-jahvatusveski-naturaalne-tamm\\\/#breadcrumb\",\"itemListElement\":[{\"@type\":\"ListItem\",\"position\":1,\"name\":\"Kdu\",\"item\":\"http:\\\/\\\/ruuby.ee\\\/\"},{\"@type\":\"ListItem\",\"position\":2,\"name\":\"Pood\",\"item\":\"http:\\\/\\\/ruuby.ee\\\/pood\\\/\"},{\"@type\":\"ListItem\",\"position\":3,\"name\":\"Ekta Living &#8211; jahvatusveski, naturaalne tamm\"}]},{\"@type\":\"WebSite\",\"@id\":\"http:\\\/\\\/ruuby.ee\\\/#website\",\"url\":\"http:\\\/\\\/ruuby.ee\\\/\",\"name\":\"RUUBY\",\"description\":\"Ruubys on \u00fchendatud elustiil ja disain\",\"publisher\":{\"@id\":\"http:\\\/\\\/ruuby.ee\\\/#organization\"},\"alternateName\":\"Ruuby Disain\",\"potentialAction\":[{\"@type\":\"SearchAction\",\"target\":{\"@type\":\"EntryPoint\",\"urlTemplate\":\"http:\\\/\\\/ruuby.ee\\\/?s={search_term_string}\"},\"query-input\":{\"@type\":\"PropertyValueSpecification\",\"valueRequired\":true,\"valueName\":\"search_term_string\"}}],\"inLanguage\":\"en-GB\"},{\"@type\":\"Organization\",\"@id\":\"http:\\\/\\\/ruuby.ee\\\/#organization\",\"name\":\"Ruuby Disain O\u00dc\",\"alternateName\":\"Ruuby\",\"url\":\"http:\\\/\\\/ruuby.ee\\\/\",\"logo\":{\"@type\":\"ImageObject\",\"inLanguage\":\"en-GB\",\"@id\":\"http:\\\/\\\/ruuby.ee\\\/#\\\/schema\\\/logo\\\/image\\\/\",\"url\":\"http:\\\/\\\/ruuby.ee\\\/wp-content\\\/uploads\\\/2023\\\/06\\\/cropped-Black-White-Elegant-Circle-Signature-Fashion-Logo-12_large.png\",\"contentUrl\":\"http:\\\/\\\/ruuby.ee\\\/wp-content\\\/uploads\\\/2023\\\/06\\\/cropped-Black-White-Elegant-Circle-Signature-Fashion-Logo-12_large.png\",\"width\":1280,\"height\":747,\"caption\":\"Ruuby Disain O\u00dc\"},\"image\":{\"@id\":\"http:\\\/\\\/ruuby.ee\\\/#\\\/schema\\\/logo\\\/image\\\/\"},\"sameAs\":[\"https:\\\/\\\/www.facebook.com\\\/ruubyconcept\",\"https:\\\/\\\/www.instagram.com\\\/ruuby_concept\\\/\"]}]}<\/script>\n<!-- \/ Yoast SEO plugin. -->","yoast_head_json":{"title":"Ekta Living - jahvatusveski, naturaalne tamm - RUUBY","robots":{"index":"index","follow":"follow","max-snippet":"max-snippet:-1","max-image-preview":"max-image-preview:large","max-video-preview":"max-video-preview:-1"},"canonical":"https:\/\/ruuby.ee\/en\/pood\/kodusisustus\/soogituba\/ekta-living-jahvatusveski-naturaalne-tamm\/","og_locale":"en_GB","og_type":"article","og_title":"Ekta Living - jahvatusveski, naturaalne tamm - RUUBY","og_description":"Crush Me on k\u00f5rgekvaliteedilise keraamilise veskimehhanismiga FSC-sertifikaadiga tammepuust soola- v\u00f5i pipraveskid. Disain on lihtne ja ajatu, kuid samas v\u00e4ga t\u00f5hus ja funktsionaalne. Crush Me jahvatusveskit saab kasutada v\u00e4ga erinevate v\u00fcrtside jaoks ja need on valmistatud lihtsa ajatu disainiga, meie lemmikmaterjalist &#8211; tammest. Veskid sisaldavad CrushGrindi reguleeritavat tipptasemel keraamilist veski mehhanismi ja sisu doseeritakse erinevalt, olenevalt [&hellip;]","og_url":"https:\/\/ruuby.ee\/en\/pood\/kodusisustus\/soogituba\/ekta-living-jahvatusveski-naturaalne-tamm\/","og_site_name":"RUUBY","article_publisher":"https:\/\/www.facebook.com\/ruubyconcept","article_modified_time":"2026-04-07T22:28:39+00:00","og_image":[{"width":1600,"height":1316,"url":"https:\/\/ruuby.ee\/wp-content\/uploads\/2023\/10\/Screenshot-2023-10-06-at-14.13.48.png","type":"image\/png"}],"twitter_card":"summary_large_image","twitter_misc":{"Estimated reading time":"1 minute"},"schema":{"@context":"https:\/\/schema.org","@graph":[{"@type":["WebPage","ItemPage"],"@id":"https:\/\/ruuby.ee\/pood\/kodusisustus\/soogituba\/ekta-living-jahvatusveski-naturaalne-tamm\/","url":"https:\/\/ruuby.ee\/pood\/kodusisustus\/soogituba\/ekta-living-jahvatusveski-naturaalne-tamm\/","name":"Ekta Living - jahvatusveski, naturaalne tamm - RUUBY","isPartOf":{"@id":"http:\/\/ruuby.ee\/#website"},"primaryImageOfPage":{"@id":"https:\/\/ruuby.ee\/pood\/kodusisustus\/soogituba\/ekta-living-jahvatusveski-naturaalne-tamm\/#primaryimage"},"image":{"@id":"https:\/\/ruuby.ee\/pood\/kodusisustus\/soogituba\/ekta-living-jahvatusveski-naturaalne-tamm\/#primaryimage"},"thumbnailUrl":"http:\/\/ruuby.ee\/wp-content\/uploads\/2023\/10\/Screenshot-2023-10-06-at-14.13.48.png","datePublished":"2023-10-06T11:20:42+00:00","dateModified":"2026-04-07T22:28:39+00:00","breadcrumb":{"@id":"https:\/\/ruuby.ee\/pood\/kodusisustus\/soogituba\/ekta-living-jahvatusveski-naturaalne-tamm\/#breadcrumb"},"inLanguage":"en-GB","potentialAction":[{"@type":"ReadAction","target":["https:\/\/ruuby.ee\/pood\/kodusisustus\/soogituba\/ekta-living-jahvatusveski-naturaalne-tamm\/"]}]},{"@type":"ImageObject","inLanguage":"en-GB","@id":"https:\/\/ruuby.ee\/pood\/kodusisustus\/soogituba\/ekta-living-jahvatusveski-naturaalne-tamm\/#primaryimage","url":"http:\/\/ruuby.ee\/wp-content\/uploads\/2023\/10\/Screenshot-2023-10-06-at-14.13.48.png","contentUrl":"http:\/\/ruuby.ee\/wp-content\/uploads\/2023\/10\/Screenshot-2023-10-06-at-14.13.48.png","width":1600,"height":1316},{"@type":"BreadcrumbList","@id":"https:\/\/ruuby.ee\/pood\/kodusisustus\/soogituba\/ekta-living-jahvatusveski-naturaalne-tamm\/#breadcrumb","itemListElement":[{"@type":"ListItem","position":1,"name":"Kdu","item":"http:\/\/ruuby.ee\/"},{"@type":"ListItem","position":2,"name":"Pood","item":"http:\/\/ruuby.ee\/pood\/"},{"@type":"ListItem","position":3,"name":"Ekta Living &#8211; jahvatusveski, naturaalne tamm"}]},{"@type":"WebSite","@id":"http:\/\/ruuby.ee\/#website","url":"http:\/\/ruuby.ee\/","name":"RUUBY","description":"Ruubys on \u00fchendatud elustiil ja disain","publisher":{"@id":"http:\/\/ruuby.ee\/#organization"},"alternateName":"Ruuby Disain","potentialAction":[{"@type":"SearchAction","target":{"@type":"EntryPoint","urlTemplate":"http:\/\/ruuby.ee\/?s={search_term_string}"},"query-input":{"@type":"PropertyValueSpecification","valueRequired":true,"valueName":"search_term_string"}}],"inLanguage":"en-GB"},{"@type":"Organization","@id":"http:\/\/ruuby.ee\/#organization","name":"Ruuby Disain O\u00dc","alternateName":"Ruuby","url":"http:\/\/ruuby.ee\/","logo":{"@type":"ImageObject","inLanguage":"en-GB","@id":"http:\/\/ruuby.ee\/#\/schema\/logo\/image\/","url":"http:\/\/ruuby.ee\/wp-content\/uploads\/2023\/06\/cropped-Black-White-Elegant-Circle-Signature-Fashion-Logo-12_large.png","contentUrl":"http:\/\/ruuby.ee\/wp-content\/uploads\/2023\/06\/cropped-Black-White-Elegant-Circle-Signature-Fashion-Logo-12_large.png","width":1280,"height":747,"caption":"Ruuby Disain O\u00dc"},"image":{"@id":"http:\/\/ruuby.ee\/#\/schema\/logo\/image\/"},"sameAs":["https:\/\/www.facebook.com\/ruubyconcept","https:\/\/www.instagram.com\/ruuby_concept\/"]}]}},"jetpack_sharing_enabled":true,"_links":{"self":[{"href":"http:\/\/ruuby.ee\/en\/wp-json\/wp\/v2\/product\/1839887","targetHints":{"allow":["GET"]}}],"collection":[{"href":"http:\/\/ruuby.ee\/en\/wp-json\/wp\/v2\/product"}],"about":[{"href":"http:\/\/ruuby.ee\/en\/wp-json\/wp\/v2\/types\/product"}],"replies":[{"embeddable":true,"href":"http:\/\/ruuby.ee\/en\/wp-json\/wp\/v2\/comments?post=1839887"}],"wp:featuredmedia":[{"embeddable":true,"href":"http:\/\/ruuby.ee\/en\/wp-json\/wp\/v2\/media\/1839892"}],"wp:attachment":[{"href":"http:\/\/ruuby.ee\/en\/wp-json\/wp\/v2\/media?parent=1839887"}],"wp:term":[{"taxonomy":"product_brand","embeddable":true,"href":"http:\/\/ruuby.ee\/en\/wp-json\/wp\/v2\/product_brand?post=1839887"},{"taxonomy":"product_cat","embeddable":true,"href":"http:\/\/ruuby.ee\/en\/wp-json\/wp\/v2\/product_cat?post=1839887"},{"taxonomy":"product_tag","embeddable":true,"href":"http:\/\/ruuby.ee\/en\/wp-json\/wp\/v2\/product_tag?post=1839887"}],"curies":[{"name":"wp","href":"https:\/\/api.w.org\/{rel}","templated":true}]}}