{"id":1839885,"date":"2023-10-06T14:05:01","date_gmt":"2023-10-06T11:05:01","guid":{"rendered":"http:\/\/ruuby.ee\/?post_type=product&#038;p=1839885"},"modified":"2026-04-08T01:28:39","modified_gmt":"2026-04-07T22:28:39","slug":"ekta-living-kuunlajalg-naturaalne-tamm","status":"publish","type":"product","link":"http:\/\/ruuby.ee\/en\/pood\/kodusisustus\/kuunlad\/kuunlajalad\/ekta-living-kuunlajalg-naturaalne-tamm\/","title":{"rendered":"Ekta Living &#8211; k\u00fc\u00fcnlajalg, naturaalne tamm"},"content":{"rendered":"<p>Bright Light on klassikalise k\u00fc\u00fcnlajala kaasaegne \u00fcmbert\u00f5lgendus.<\/p>\n<p>P\u00f5hjamaine lihtsus ilmneb disainis ja materjalides. Bright Light on valmistatud p\u00f5hjamaisest tammest ja kvaliteetsest nahast. Bright Light on saadaval kahes toonis naturaalses ja tumedas tammes.<\/p>\n<p>Materjal:Tamm, nahk, metall.<\/p>\n<p>M\u00f5\u00f5dud: 10x10x7,5(h).<\/p>","protected":false},"excerpt":{"rendered":"<p>Bright Light on klassikalise k\u00fc\u00fcnlajala kaasaegne \u00fcmbert\u00f5lgendus. P\u00f5hjamaine lihtsus ilmneb disainis ja materjalides. Bright Light on valmistatud p\u00f5hjamaisest tammest ja kvaliteetsest nahast. Bright Light on saadaval kahes toonis naturaalses ja tumedas tammes. Materjal:Tamm, nahk, metall. M\u00f5\u00f5dud: 10x10x7,5(h).<\/p>","protected":false},"featured_media":1839886,"comment_status":"open","ping_status":"closed","template":"","meta":[],"product_brand":[],"product_cat":[54,741],"product_tag":[],"class_list":{"0":"post-1839885","1":"product","2":"type-product","3":"status-publish","4":"has-post-thumbnail","6":"product_cat-kuunlad","7":"product_cat-kuunlajalad","9":"first","10":"instock","11":"taxable","12":"shipping-taxable","13":"purchasable","14":"product-type-simple"},"yoast_head":"<!-- This site is optimized with the Yoast SEO plugin v27.3 - https:\/\/yoast.com\/product\/yoast-seo-wordpress\/ -->\n<title>Ekta Living - k\u00fc\u00fcnlajalg, naturaalne tamm - RUUBY<\/title>\n<meta name=\"robots\" content=\"index, follow, max-snippet:-1, max-image-preview:large, max-video-preview:-1\" \/>\n<link rel=\"canonical\" href=\"http:\/\/ruuby.ee\/en\/pood\/kodusisustus\/kuunlad\/kuunlajalad\/ekta-living-kuunlajalg-naturaalne-tamm\/\" \/>\n<meta property=\"og:locale\" content=\"en_GB\" \/>\n<meta property=\"og:type\" content=\"article\" \/>\n<meta property=\"og:title\" content=\"Ekta Living - k\u00fc\u00fcnlajalg, naturaalne tamm - RUUBY\" \/>\n<meta property=\"og:description\" content=\"Bright Light on klassikalise k\u00fc\u00fcnlajala kaasaegne \u00fcmbert\u00f5lgendus. P\u00f5hjamaine lihtsus ilmneb disainis ja materjalides. Bright Light on valmistatud p\u00f5hjamaisest tammest ja kvaliteetsest nahast. Bright Light on saadaval kahes toonis naturaalses ja tumedas tammes. Materjal:Tamm, nahk, metall. M\u00f5\u00f5dud: 10x10x7,5(h).\" \/>\n<meta property=\"og:url\" content=\"http:\/\/ruuby.ee\/en\/pood\/kodusisustus\/kuunlad\/kuunlajalad\/ekta-living-kuunlajalg-naturaalne-tamm\/\" \/>\n<meta property=\"og:site_name\" content=\"RUUBY\" \/>\n<meta property=\"article:publisher\" content=\"https:\/\/www.facebook.com\/ruubyconcept\" \/>\n<meta property=\"article:modified_time\" content=\"2026-04-07T22:28:39+00:00\" \/>\n<meta property=\"og:image\" content=\"http:\/\/ruuby.ee\/wp-content\/uploads\/2023\/10\/Screenshot-2023-10-06-at-14.04.19.png\" \/>\n\t<meta property=\"og:image:width\" content=\"1458\" \/>\n\t<meta property=\"og:image:height\" content=\"1302\" \/>\n\t<meta property=\"og:image:type\" content=\"image\/png\" \/>\n<meta name=\"twitter:card\" content=\"summary_large_image\" \/>\n<meta name=\"twitter:label1\" content=\"Estimated reading time\" \/>\n\t<meta name=\"twitter:data1\" content=\"1 minute\" \/>\n<script type=\"application\/ld+json\" class=\"yoast-schema-graph\">{\"@context\":\"https:\\\/\\\/schema.org\",\"@graph\":[{\"@type\":[\"WebPage\",\"ItemPage\"],\"@id\":\"http:\\\/\\\/ruuby.ee\\\/pood\\\/kodusisustus\\\/kuunlad\\\/kuunlajalad\\\/ekta-living-kuunlajalg-naturaalne-tamm\\\/\",\"url\":\"http:\\\/\\\/ruuby.ee\\\/pood\\\/kodusisustus\\\/kuunlad\\\/kuunlajalad\\\/ekta-living-kuunlajalg-naturaalne-tamm\\\/\",\"name\":\"Ekta Living - k\u00fc\u00fcnlajalg, naturaalne tamm - RUUBY\",\"isPartOf\":{\"@id\":\"http:\\\/\\\/ruuby.ee\\\/en\\\/#website\"},\"primaryImageOfPage\":{\"@id\":\"http:\\\/\\\/ruuby.ee\\\/pood\\\/kodusisustus\\\/kuunlad\\\/kuunlajalad\\\/ekta-living-kuunlajalg-naturaalne-tamm\\\/#primaryimage\"},\"image\":{\"@id\":\"http:\\\/\\\/ruuby.ee\\\/pood\\\/kodusisustus\\\/kuunlad\\\/kuunlajalad\\\/ekta-living-kuunlajalg-naturaalne-tamm\\\/#primaryimage\"},\"thumbnailUrl\":\"http:\\\/\\\/ruuby.ee\\\/wp-content\\\/uploads\\\/2023\\\/10\\\/Screenshot-2023-10-06-at-14.04.19.png\",\"datePublished\":\"2023-10-06T11:05:01+00:00\",\"dateModified\":\"2026-04-07T22:28:39+00:00\",\"breadcrumb\":{\"@id\":\"http:\\\/\\\/ruuby.ee\\\/pood\\\/kodusisustus\\\/kuunlad\\\/kuunlajalad\\\/ekta-living-kuunlajalg-naturaalne-tamm\\\/#breadcrumb\"},\"inLanguage\":\"en-GB\",\"potentialAction\":[{\"@type\":\"ReadAction\",\"target\":[\"http:\\\/\\\/ruuby.ee\\\/pood\\\/kodusisustus\\\/kuunlad\\\/kuunlajalad\\\/ekta-living-kuunlajalg-naturaalne-tamm\\\/\"]}]},{\"@type\":\"ImageObject\",\"inLanguage\":\"en-GB\",\"@id\":\"http:\\\/\\\/ruuby.ee\\\/pood\\\/kodusisustus\\\/kuunlad\\\/kuunlajalad\\\/ekta-living-kuunlajalg-naturaalne-tamm\\\/#primaryimage\",\"url\":\"http:\\\/\\\/ruuby.ee\\\/wp-content\\\/uploads\\\/2023\\\/10\\\/Screenshot-2023-10-06-at-14.04.19.png\",\"contentUrl\":\"http:\\\/\\\/ruuby.ee\\\/wp-content\\\/uploads\\\/2023\\\/10\\\/Screenshot-2023-10-06-at-14.04.19.png\",\"width\":1458,\"height\":1302},{\"@type\":\"BreadcrumbList\",\"@id\":\"http:\\\/\\\/ruuby.ee\\\/pood\\\/kodusisustus\\\/kuunlad\\\/kuunlajalad\\\/ekta-living-kuunlajalg-naturaalne-tamm\\\/#breadcrumb\",\"itemListElement\":[{\"@type\":\"ListItem\",\"position\":1,\"name\":\"Kdu\",\"item\":\"http:\\\/\\\/ruuby.ee\\\/en\\\/\"},{\"@type\":\"ListItem\",\"position\":2,\"name\":\"Pood\",\"item\":\"http:\\\/\\\/ruuby.ee\\\/en\\\/pood\\\/\"},{\"@type\":\"ListItem\",\"position\":3,\"name\":\"Ekta Living &#8211; k\u00fc\u00fcnlajalg, naturaalne tamm\"}]},{\"@type\":\"WebSite\",\"@id\":\"http:\\\/\\\/ruuby.ee\\\/en\\\/#website\",\"url\":\"http:\\\/\\\/ruuby.ee\\\/en\\\/\",\"name\":\"RUUBY\",\"description\":\"Ruubys on \u00fchendatud elustiil ja disain\",\"publisher\":{\"@id\":\"http:\\\/\\\/ruuby.ee\\\/en\\\/#organization\"},\"alternateName\":\"Ruuby Disain\",\"potentialAction\":[{\"@type\":\"SearchAction\",\"target\":{\"@type\":\"EntryPoint\",\"urlTemplate\":\"http:\\\/\\\/ruuby.ee\\\/en\\\/?s={search_term_string}\"},\"query-input\":{\"@type\":\"PropertyValueSpecification\",\"valueRequired\":true,\"valueName\":\"search_term_string\"}}],\"inLanguage\":\"en-GB\"},{\"@type\":\"Organization\",\"@id\":\"http:\\\/\\\/ruuby.ee\\\/en\\\/#organization\",\"name\":\"Ruuby Disain O\u00dc\",\"alternateName\":\"Ruuby\",\"url\":\"http:\\\/\\\/ruuby.ee\\\/en\\\/\",\"logo\":{\"@type\":\"ImageObject\",\"inLanguage\":\"en-GB\",\"@id\":\"http:\\\/\\\/ruuby.ee\\\/en\\\/#\\\/schema\\\/logo\\\/image\\\/\",\"url\":\"http:\\\/\\\/ruuby.ee\\\/wp-content\\\/uploads\\\/2023\\\/06\\\/cropped-Black-White-Elegant-Circle-Signature-Fashion-Logo-12_large.png\",\"contentUrl\":\"http:\\\/\\\/ruuby.ee\\\/wp-content\\\/uploads\\\/2023\\\/06\\\/cropped-Black-White-Elegant-Circle-Signature-Fashion-Logo-12_large.png\",\"width\":1280,\"height\":747,\"caption\":\"Ruuby Disain O\u00dc\"},\"image\":{\"@id\":\"http:\\\/\\\/ruuby.ee\\\/en\\\/#\\\/schema\\\/logo\\\/image\\\/\"},\"sameAs\":[\"https:\\\/\\\/www.facebook.com\\\/ruubyconcept\",\"https:\\\/\\\/www.instagram.com\\\/ruuby_concept\\\/\"]}]}<\/script>\n<!-- \/ Yoast SEO plugin. -->","yoast_head_json":{"title":"Ekta Living - k\u00fc\u00fcnlajalg, naturaalne tamm - RUUBY","robots":{"index":"index","follow":"follow","max-snippet":"max-snippet:-1","max-image-preview":"max-image-preview:large","max-video-preview":"max-video-preview:-1"},"canonical":"http:\/\/ruuby.ee\/en\/pood\/kodusisustus\/kuunlad\/kuunlajalad\/ekta-living-kuunlajalg-naturaalne-tamm\/","og_locale":"en_GB","og_type":"article","og_title":"Ekta Living - k\u00fc\u00fcnlajalg, naturaalne tamm - RUUBY","og_description":"Bright Light on klassikalise k\u00fc\u00fcnlajala kaasaegne \u00fcmbert\u00f5lgendus. P\u00f5hjamaine lihtsus ilmneb disainis ja materjalides. Bright Light on valmistatud p\u00f5hjamaisest tammest ja kvaliteetsest nahast. Bright Light on saadaval kahes toonis naturaalses ja tumedas tammes. Materjal:Tamm, nahk, metall. M\u00f5\u00f5dud: 10x10x7,5(h).","og_url":"http:\/\/ruuby.ee\/en\/pood\/kodusisustus\/kuunlad\/kuunlajalad\/ekta-living-kuunlajalg-naturaalne-tamm\/","og_site_name":"RUUBY","article_publisher":"https:\/\/www.facebook.com\/ruubyconcept","article_modified_time":"2026-04-07T22:28:39+00:00","og_image":[{"width":1458,"height":1302,"url":"http:\/\/ruuby.ee\/wp-content\/uploads\/2023\/10\/Screenshot-2023-10-06-at-14.04.19.png","type":"image\/png"}],"twitter_card":"summary_large_image","twitter_misc":{"Estimated reading time":"1 minute"},"schema":{"@context":"https:\/\/schema.org","@graph":[{"@type":["WebPage","ItemPage"],"@id":"http:\/\/ruuby.ee\/pood\/kodusisustus\/kuunlad\/kuunlajalad\/ekta-living-kuunlajalg-naturaalne-tamm\/","url":"http:\/\/ruuby.ee\/pood\/kodusisustus\/kuunlad\/kuunlajalad\/ekta-living-kuunlajalg-naturaalne-tamm\/","name":"Ekta Living - k\u00fc\u00fcnlajalg, naturaalne tamm - RUUBY","isPartOf":{"@id":"http:\/\/ruuby.ee\/en\/#website"},"primaryImageOfPage":{"@id":"http:\/\/ruuby.ee\/pood\/kodusisustus\/kuunlad\/kuunlajalad\/ekta-living-kuunlajalg-naturaalne-tamm\/#primaryimage"},"image":{"@id":"http:\/\/ruuby.ee\/pood\/kodusisustus\/kuunlad\/kuunlajalad\/ekta-living-kuunlajalg-naturaalne-tamm\/#primaryimage"},"thumbnailUrl":"http:\/\/ruuby.ee\/wp-content\/uploads\/2023\/10\/Screenshot-2023-10-06-at-14.04.19.png","datePublished":"2023-10-06T11:05:01+00:00","dateModified":"2026-04-07T22:28:39+00:00","breadcrumb":{"@id":"http:\/\/ruuby.ee\/pood\/kodusisustus\/kuunlad\/kuunlajalad\/ekta-living-kuunlajalg-naturaalne-tamm\/#breadcrumb"},"inLanguage":"en-GB","potentialAction":[{"@type":"ReadAction","target":["http:\/\/ruuby.ee\/pood\/kodusisustus\/kuunlad\/kuunlajalad\/ekta-living-kuunlajalg-naturaalne-tamm\/"]}]},{"@type":"ImageObject","inLanguage":"en-GB","@id":"http:\/\/ruuby.ee\/pood\/kodusisustus\/kuunlad\/kuunlajalad\/ekta-living-kuunlajalg-naturaalne-tamm\/#primaryimage","url":"http:\/\/ruuby.ee\/wp-content\/uploads\/2023\/10\/Screenshot-2023-10-06-at-14.04.19.png","contentUrl":"http:\/\/ruuby.ee\/wp-content\/uploads\/2023\/10\/Screenshot-2023-10-06-at-14.04.19.png","width":1458,"height":1302},{"@type":"BreadcrumbList","@id":"http:\/\/ruuby.ee\/pood\/kodusisustus\/kuunlad\/kuunlajalad\/ekta-living-kuunlajalg-naturaalne-tamm\/#breadcrumb","itemListElement":[{"@type":"ListItem","position":1,"name":"Kdu","item":"http:\/\/ruuby.ee\/en\/"},{"@type":"ListItem","position":2,"name":"Pood","item":"http:\/\/ruuby.ee\/en\/pood\/"},{"@type":"ListItem","position":3,"name":"Ekta Living &#8211; k\u00fc\u00fcnlajalg, naturaalne tamm"}]},{"@type":"WebSite","@id":"http:\/\/ruuby.ee\/en\/#website","url":"http:\/\/ruuby.ee\/en\/","name":"RUUBY","description":"Ruubys on \u00fchendatud elustiil ja disain","publisher":{"@id":"http:\/\/ruuby.ee\/en\/#organization"},"alternateName":"Ruuby Disain","potentialAction":[{"@type":"SearchAction","target":{"@type":"EntryPoint","urlTemplate":"http:\/\/ruuby.ee\/en\/?s={search_term_string}"},"query-input":{"@type":"PropertyValueSpecification","valueRequired":true,"valueName":"search_term_string"}}],"inLanguage":"en-GB"},{"@type":"Organization","@id":"http:\/\/ruuby.ee\/en\/#organization","name":"Ruuby Disain O\u00dc","alternateName":"Ruuby","url":"http:\/\/ruuby.ee\/en\/","logo":{"@type":"ImageObject","inLanguage":"en-GB","@id":"http:\/\/ruuby.ee\/en\/#\/schema\/logo\/image\/","url":"http:\/\/ruuby.ee\/wp-content\/uploads\/2023\/06\/cropped-Black-White-Elegant-Circle-Signature-Fashion-Logo-12_large.png","contentUrl":"http:\/\/ruuby.ee\/wp-content\/uploads\/2023\/06\/cropped-Black-White-Elegant-Circle-Signature-Fashion-Logo-12_large.png","width":1280,"height":747,"caption":"Ruuby Disain O\u00dc"},"image":{"@id":"http:\/\/ruuby.ee\/en\/#\/schema\/logo\/image\/"},"sameAs":["https:\/\/www.facebook.com\/ruubyconcept","https:\/\/www.instagram.com\/ruuby_concept\/"]}]}},"jetpack_sharing_enabled":true,"_links":{"self":[{"href":"http:\/\/ruuby.ee\/en\/wp-json\/wp\/v2\/product\/1839885","targetHints":{"allow":["GET"]}}],"collection":[{"href":"http:\/\/ruuby.ee\/en\/wp-json\/wp\/v2\/product"}],"about":[{"href":"http:\/\/ruuby.ee\/en\/wp-json\/wp\/v2\/types\/product"}],"replies":[{"embeddable":true,"href":"http:\/\/ruuby.ee\/en\/wp-json\/wp\/v2\/comments?post=1839885"}],"wp:featuredmedia":[{"embeddable":true,"href":"http:\/\/ruuby.ee\/en\/wp-json\/wp\/v2\/media\/1839886"}],"wp:attachment":[{"href":"http:\/\/ruuby.ee\/en\/wp-json\/wp\/v2\/media?parent=1839885"}],"wp:term":[{"taxonomy":"product_brand","embeddable":true,"href":"http:\/\/ruuby.ee\/en\/wp-json\/wp\/v2\/product_brand?post=1839885"},{"taxonomy":"product_cat","embeddable":true,"href":"http:\/\/ruuby.ee\/en\/wp-json\/wp\/v2\/product_cat?post=1839885"},{"taxonomy":"product_tag","embeddable":true,"href":"http:\/\/ruuby.ee\/en\/wp-json\/wp\/v2\/product_tag?post=1839885"}],"curies":[{"name":"wp","href":"https:\/\/api.w.org\/{rel}","templated":true}]}}