{"id":1839836,"date":"2023-10-05T12:44:15","date_gmt":"2023-10-05T09:44:15","guid":{"rendered":"http:\/\/ruuby.ee\/?post_type=product&#038;p=1839836"},"modified":"2026-04-08T01:28:39","modified_gmt":"2026-04-07T22:28:39","slug":"rainette-helkurkleepsud-loomad","status":"publish","type":"product","link":"http:\/\/ruuby.ee\/en\/pood\/aksessuaarid\/helkurid\/rainette-helkurkleepsud-loomad\/","title":{"rendered":"RAINETTE &#8211; helkurkleepsud, loomad"},"content":{"rendered":"<p>Rainette helkurkleepsud on vee- ja UV-kindlad. Kleepuvad siledatele pindadele (vin\u00fc\u00fcl, alumiinium, plast&#8230; \u00e4ra kleebi kangale)<br \/>\nFormaat: 13,7 cm x 17,2 cm.<\/p>\n<p>Illustreeritud, arendatud ja tr\u00fckitud Prantsusmaal Drapeau Fran\u00e7ais.<\/p>\n<p>Kuidas see t\u00f6\u00f6tab?\u00a0Peegeldavas paberis olevad klaasist mikrosf\u00e4\u00e4rid, tuntud ka kui retroreflektorid, peegelduvad pimedas valgusallika all.\u00a0Parandab n\u00e4htavust.<\/p>\n<p>Kuid see ei asenda mingil juhul kohustuslikku turvaelementi ega reguleerivat valgustust.<\/p>\n<p>Kasutusjuhend:\u00a0Enne liimimist puhastage pind hoolikalt. On oluline, et lapsed oleksid paigaldamise ajal kaasas.**<\/p>\n<p>Kuna teie kleebis on m\u00f5eldud kasutamiseks v\u00e4litingimustes, on seda hiljem palju keerulisem eemaldada.<br \/>\nKui hoolimata k\u00f5igist ettevaatusabin\u00f5udest tekivad mullid, torgake need lihtsalt n\u00f5elaga l\u00e4bi ja siluge seda piirkonda k\u00e4tega.<\/p>\n<p>*M\u00f5ned tootjad ei soovita oma kiivritele kleebiseid panna; palun vaadake oma tootja juhiseid.<br \/>\n** Mitte alla 3-aastastele lastele. Mitte panna suhu. \u00c4rge kleepige nahale.<\/p>","protected":false},"excerpt":{"rendered":"<p>Rainette helkurkleepsud on vee- ja UV-kindlad. Kleepuvad siledatele pindadele (vin\u00fc\u00fcl, alumiinium, plast&#8230; \u00e4ra kleebi kangale) Formaat: 13,7 cm x 17,2 cm. Illustreeritud, arendatud ja tr\u00fckitud Prantsusmaal Drapeau Fran\u00e7ais. Kuidas see t\u00f6\u00f6tab?\u00a0Peegeldavas paberis olevad klaasist mikrosf\u00e4\u00e4rid, tuntud ka kui retroreflektorid, peegelduvad pimedas valgusallika all.\u00a0Parandab n\u00e4htavust. Kuid see ei asenda mingil juhul kohustuslikku turvaelementi ega reguleerivat valgustust. [&hellip;]<\/p>\n","protected":false},"featured_media":1839837,"comment_status":"open","ping_status":"closed","template":"","meta":[],"product_brand":[],"product_cat":[500],"product_tag":[],"class_list":{"0":"post-1839836","1":"product","2":"type-product","3":"status-publish","4":"has-post-thumbnail","6":"product_cat-helkurid","8":"first","9":"outofstock","10":"taxable","11":"shipping-taxable","12":"purchasable","13":"product-type-simple"},"yoast_head":"<!-- This site is optimized with the Yoast SEO plugin v27.3 - https:\/\/yoast.com\/product\/yoast-seo-wordpress\/ -->\n<title>RAINETTE - helkurkleepsud, loomad - RUUBY<\/title>\n<meta name=\"robots\" content=\"index, follow, max-snippet:-1, max-image-preview:large, max-video-preview:-1\" \/>\n<link rel=\"canonical\" href=\"https:\/\/ruuby.ee\/en\/pood\/aksessuaarid\/helkurid\/rainette-helkurkleepsud-loomad\/\" \/>\n<meta property=\"og:locale\" content=\"en_GB\" \/>\n<meta property=\"og:type\" content=\"article\" \/>\n<meta property=\"og:title\" content=\"RAINETTE - helkurkleepsud, loomad - RUUBY\" \/>\n<meta property=\"og:description\" content=\"Rainette helkurkleepsud on vee- ja UV-kindlad. Kleepuvad siledatele pindadele (vin\u00fc\u00fcl, alumiinium, plast&#8230; \u00e4ra kleebi kangale) Formaat: 13,7 cm x 17,2 cm. Illustreeritud, arendatud ja tr\u00fckitud Prantsusmaal Drapeau Fran\u00e7ais. Kuidas see t\u00f6\u00f6tab?\u00a0Peegeldavas paberis olevad klaasist mikrosf\u00e4\u00e4rid, tuntud ka kui retroreflektorid, peegelduvad pimedas valgusallika all.\u00a0Parandab n\u00e4htavust. Kuid see ei asenda mingil juhul kohustuslikku turvaelementi ega reguleerivat valgustust. [&hellip;]\" \/>\n<meta property=\"og:url\" content=\"https:\/\/ruuby.ee\/en\/pood\/aksessuaarid\/helkurid\/rainette-helkurkleepsud-loomad\/\" \/>\n<meta property=\"og:site_name\" content=\"RUUBY\" \/>\n<meta property=\"article:publisher\" content=\"https:\/\/www.facebook.com\/ruubyconcept\" \/>\n<meta property=\"article:modified_time\" content=\"2026-04-07T22:28:39+00:00\" \/>\n<meta property=\"og:image\" content=\"https:\/\/ruuby.ee\/wp-content\/uploads\/2023\/10\/Screenshot-2023-10-05-at-12.41.37.png\" \/>\n\t<meta property=\"og:image:width\" content=\"1176\" \/>\n\t<meta property=\"og:image:height\" content=\"1176\" \/>\n\t<meta property=\"og:image:type\" content=\"image\/png\" \/>\n<meta name=\"twitter:card\" content=\"summary_large_image\" \/>\n<meta name=\"twitter:label1\" content=\"Estimated reading time\" \/>\n\t<meta name=\"twitter:data1\" content=\"1 minute\" \/>\n<script type=\"application\/ld+json\" class=\"yoast-schema-graph\">{\"@context\":\"https:\\\/\\\/schema.org\",\"@graph\":[{\"@type\":[\"WebPage\",\"ItemPage\"],\"@id\":\"https:\\\/\\\/ruuby.ee\\\/en\\\/pood\\\/aksessuaarid\\\/helkurid\\\/rainette-helkurkleepsud-loomad\\\/\",\"url\":\"https:\\\/\\\/ruuby.ee\\\/en\\\/pood\\\/aksessuaarid\\\/helkurid\\\/rainette-helkurkleepsud-loomad\\\/\",\"name\":\"RAINETTE - helkurkleepsud, loomad - RUUBY\",\"isPartOf\":{\"@id\":\"http:\\\/\\\/ruuby.ee\\\/#website\"},\"primaryImageOfPage\":{\"@id\":\"https:\\\/\\\/ruuby.ee\\\/en\\\/pood\\\/aksessuaarid\\\/helkurid\\\/rainette-helkurkleepsud-loomad\\\/#primaryimage\"},\"image\":{\"@id\":\"https:\\\/\\\/ruuby.ee\\\/en\\\/pood\\\/aksessuaarid\\\/helkurid\\\/rainette-helkurkleepsud-loomad\\\/#primaryimage\"},\"thumbnailUrl\":\"http:\\\/\\\/ruuby.ee\\\/wp-content\\\/uploads\\\/2023\\\/10\\\/Screenshot-2023-10-05-at-12.41.37.png\",\"datePublished\":\"2023-10-05T09:44:15+00:00\",\"dateModified\":\"2026-04-07T22:28:39+00:00\",\"breadcrumb\":{\"@id\":\"https:\\\/\\\/ruuby.ee\\\/en\\\/pood\\\/aksessuaarid\\\/helkurid\\\/rainette-helkurkleepsud-loomad\\\/#breadcrumb\"},\"inLanguage\":\"en-GB\",\"potentialAction\":[{\"@type\":\"ReadAction\",\"target\":[\"https:\\\/\\\/ruuby.ee\\\/en\\\/pood\\\/aksessuaarid\\\/helkurid\\\/rainette-helkurkleepsud-loomad\\\/\"]}]},{\"@type\":\"ImageObject\",\"inLanguage\":\"en-GB\",\"@id\":\"https:\\\/\\\/ruuby.ee\\\/en\\\/pood\\\/aksessuaarid\\\/helkurid\\\/rainette-helkurkleepsud-loomad\\\/#primaryimage\",\"url\":\"http:\\\/\\\/ruuby.ee\\\/wp-content\\\/uploads\\\/2023\\\/10\\\/Screenshot-2023-10-05-at-12.41.37.png\",\"contentUrl\":\"http:\\\/\\\/ruuby.ee\\\/wp-content\\\/uploads\\\/2023\\\/10\\\/Screenshot-2023-10-05-at-12.41.37.png\",\"width\":1176,\"height\":1176},{\"@type\":\"BreadcrumbList\",\"@id\":\"https:\\\/\\\/ruuby.ee\\\/en\\\/pood\\\/aksessuaarid\\\/helkurid\\\/rainette-helkurkleepsud-loomad\\\/#breadcrumb\",\"itemListElement\":[{\"@type\":\"ListItem\",\"position\":1,\"name\":\"Kdu\",\"item\":\"http:\\\/\\\/ruuby.ee\\\/\"},{\"@type\":\"ListItem\",\"position\":2,\"name\":\"Pood\",\"item\":\"http:\\\/\\\/ruuby.ee\\\/pood\\\/\"},{\"@type\":\"ListItem\",\"position\":3,\"name\":\"RAINETTE &#8211; helkurkleepsud, loomad\"}]},{\"@type\":\"WebSite\",\"@id\":\"http:\\\/\\\/ruuby.ee\\\/#website\",\"url\":\"http:\\\/\\\/ruuby.ee\\\/\",\"name\":\"RUUBY\",\"description\":\"Ruubys on \u00fchendatud elustiil ja disain\",\"publisher\":{\"@id\":\"http:\\\/\\\/ruuby.ee\\\/#organization\"},\"alternateName\":\"Ruuby Disain\",\"potentialAction\":[{\"@type\":\"SearchAction\",\"target\":{\"@type\":\"EntryPoint\",\"urlTemplate\":\"http:\\\/\\\/ruuby.ee\\\/?s={search_term_string}\"},\"query-input\":{\"@type\":\"PropertyValueSpecification\",\"valueRequired\":true,\"valueName\":\"search_term_string\"}}],\"inLanguage\":\"en-GB\"},{\"@type\":\"Organization\",\"@id\":\"http:\\\/\\\/ruuby.ee\\\/#organization\",\"name\":\"Ruuby Disain O\u00dc\",\"alternateName\":\"Ruuby\",\"url\":\"http:\\\/\\\/ruuby.ee\\\/\",\"logo\":{\"@type\":\"ImageObject\",\"inLanguage\":\"en-GB\",\"@id\":\"http:\\\/\\\/ruuby.ee\\\/#\\\/schema\\\/logo\\\/image\\\/\",\"url\":\"http:\\\/\\\/ruuby.ee\\\/wp-content\\\/uploads\\\/2023\\\/06\\\/cropped-Black-White-Elegant-Circle-Signature-Fashion-Logo-12_large.png\",\"contentUrl\":\"http:\\\/\\\/ruuby.ee\\\/wp-content\\\/uploads\\\/2023\\\/06\\\/cropped-Black-White-Elegant-Circle-Signature-Fashion-Logo-12_large.png\",\"width\":1280,\"height\":747,\"caption\":\"Ruuby Disain O\u00dc\"},\"image\":{\"@id\":\"http:\\\/\\\/ruuby.ee\\\/#\\\/schema\\\/logo\\\/image\\\/\"},\"sameAs\":[\"https:\\\/\\\/www.facebook.com\\\/ruubyconcept\",\"https:\\\/\\\/www.instagram.com\\\/ruuby_concept\\\/\"]}]}<\/script>\n<!-- \/ Yoast SEO plugin. -->","yoast_head_json":{"title":"RAINETTE - helkurkleepsud, loomad - RUUBY","robots":{"index":"index","follow":"follow","max-snippet":"max-snippet:-1","max-image-preview":"max-image-preview:large","max-video-preview":"max-video-preview:-1"},"canonical":"https:\/\/ruuby.ee\/en\/pood\/aksessuaarid\/helkurid\/rainette-helkurkleepsud-loomad\/","og_locale":"en_GB","og_type":"article","og_title":"RAINETTE - helkurkleepsud, loomad - RUUBY","og_description":"Rainette helkurkleepsud on vee- ja UV-kindlad. Kleepuvad siledatele pindadele (vin\u00fc\u00fcl, alumiinium, plast&#8230; \u00e4ra kleebi kangale) Formaat: 13,7 cm x 17,2 cm. Illustreeritud, arendatud ja tr\u00fckitud Prantsusmaal Drapeau Fran\u00e7ais. Kuidas see t\u00f6\u00f6tab?\u00a0Peegeldavas paberis olevad klaasist mikrosf\u00e4\u00e4rid, tuntud ka kui retroreflektorid, peegelduvad pimedas valgusallika all.\u00a0Parandab n\u00e4htavust. Kuid see ei asenda mingil juhul kohustuslikku turvaelementi ega reguleerivat valgustust. [&hellip;]","og_url":"https:\/\/ruuby.ee\/en\/pood\/aksessuaarid\/helkurid\/rainette-helkurkleepsud-loomad\/","og_site_name":"RUUBY","article_publisher":"https:\/\/www.facebook.com\/ruubyconcept","article_modified_time":"2026-04-07T22:28:39+00:00","og_image":[{"width":1176,"height":1176,"url":"https:\/\/ruuby.ee\/wp-content\/uploads\/2023\/10\/Screenshot-2023-10-05-at-12.41.37.png","type":"image\/png"}],"twitter_card":"summary_large_image","twitter_misc":{"Estimated reading time":"1 minute"},"schema":{"@context":"https:\/\/schema.org","@graph":[{"@type":["WebPage","ItemPage"],"@id":"https:\/\/ruuby.ee\/en\/pood\/aksessuaarid\/helkurid\/rainette-helkurkleepsud-loomad\/","url":"https:\/\/ruuby.ee\/en\/pood\/aksessuaarid\/helkurid\/rainette-helkurkleepsud-loomad\/","name":"RAINETTE - helkurkleepsud, loomad - RUUBY","isPartOf":{"@id":"http:\/\/ruuby.ee\/#website"},"primaryImageOfPage":{"@id":"https:\/\/ruuby.ee\/en\/pood\/aksessuaarid\/helkurid\/rainette-helkurkleepsud-loomad\/#primaryimage"},"image":{"@id":"https:\/\/ruuby.ee\/en\/pood\/aksessuaarid\/helkurid\/rainette-helkurkleepsud-loomad\/#primaryimage"},"thumbnailUrl":"http:\/\/ruuby.ee\/wp-content\/uploads\/2023\/10\/Screenshot-2023-10-05-at-12.41.37.png","datePublished":"2023-10-05T09:44:15+00:00","dateModified":"2026-04-07T22:28:39+00:00","breadcrumb":{"@id":"https:\/\/ruuby.ee\/en\/pood\/aksessuaarid\/helkurid\/rainette-helkurkleepsud-loomad\/#breadcrumb"},"inLanguage":"en-GB","potentialAction":[{"@type":"ReadAction","target":["https:\/\/ruuby.ee\/en\/pood\/aksessuaarid\/helkurid\/rainette-helkurkleepsud-loomad\/"]}]},{"@type":"ImageObject","inLanguage":"en-GB","@id":"https:\/\/ruuby.ee\/en\/pood\/aksessuaarid\/helkurid\/rainette-helkurkleepsud-loomad\/#primaryimage","url":"http:\/\/ruuby.ee\/wp-content\/uploads\/2023\/10\/Screenshot-2023-10-05-at-12.41.37.png","contentUrl":"http:\/\/ruuby.ee\/wp-content\/uploads\/2023\/10\/Screenshot-2023-10-05-at-12.41.37.png","width":1176,"height":1176},{"@type":"BreadcrumbList","@id":"https:\/\/ruuby.ee\/en\/pood\/aksessuaarid\/helkurid\/rainette-helkurkleepsud-loomad\/#breadcrumb","itemListElement":[{"@type":"ListItem","position":1,"name":"Kdu","item":"http:\/\/ruuby.ee\/"},{"@type":"ListItem","position":2,"name":"Pood","item":"http:\/\/ruuby.ee\/pood\/"},{"@type":"ListItem","position":3,"name":"RAINETTE &#8211; helkurkleepsud, loomad"}]},{"@type":"WebSite","@id":"http:\/\/ruuby.ee\/#website","url":"http:\/\/ruuby.ee\/","name":"RUUBY","description":"Ruubys on \u00fchendatud elustiil ja disain","publisher":{"@id":"http:\/\/ruuby.ee\/#organization"},"alternateName":"Ruuby Disain","potentialAction":[{"@type":"SearchAction","target":{"@type":"EntryPoint","urlTemplate":"http:\/\/ruuby.ee\/?s={search_term_string}"},"query-input":{"@type":"PropertyValueSpecification","valueRequired":true,"valueName":"search_term_string"}}],"inLanguage":"en-GB"},{"@type":"Organization","@id":"http:\/\/ruuby.ee\/#organization","name":"Ruuby Disain O\u00dc","alternateName":"Ruuby","url":"http:\/\/ruuby.ee\/","logo":{"@type":"ImageObject","inLanguage":"en-GB","@id":"http:\/\/ruuby.ee\/#\/schema\/logo\/image\/","url":"http:\/\/ruuby.ee\/wp-content\/uploads\/2023\/06\/cropped-Black-White-Elegant-Circle-Signature-Fashion-Logo-12_large.png","contentUrl":"http:\/\/ruuby.ee\/wp-content\/uploads\/2023\/06\/cropped-Black-White-Elegant-Circle-Signature-Fashion-Logo-12_large.png","width":1280,"height":747,"caption":"Ruuby Disain O\u00dc"},"image":{"@id":"http:\/\/ruuby.ee\/#\/schema\/logo\/image\/"},"sameAs":["https:\/\/www.facebook.com\/ruubyconcept","https:\/\/www.instagram.com\/ruuby_concept\/"]}]}},"jetpack_sharing_enabled":true,"_links":{"self":[{"href":"http:\/\/ruuby.ee\/en\/wp-json\/wp\/v2\/product\/1839836","targetHints":{"allow":["GET"]}}],"collection":[{"href":"http:\/\/ruuby.ee\/en\/wp-json\/wp\/v2\/product"}],"about":[{"href":"http:\/\/ruuby.ee\/en\/wp-json\/wp\/v2\/types\/product"}],"replies":[{"embeddable":true,"href":"http:\/\/ruuby.ee\/en\/wp-json\/wp\/v2\/comments?post=1839836"}],"wp:featuredmedia":[{"embeddable":true,"href":"http:\/\/ruuby.ee\/en\/wp-json\/wp\/v2\/media\/1839837"}],"wp:attachment":[{"href":"http:\/\/ruuby.ee\/en\/wp-json\/wp\/v2\/media?parent=1839836"}],"wp:term":[{"taxonomy":"product_brand","embeddable":true,"href":"http:\/\/ruuby.ee\/en\/wp-json\/wp\/v2\/product_brand?post=1839836"},{"taxonomy":"product_cat","embeddable":true,"href":"http:\/\/ruuby.ee\/en\/wp-json\/wp\/v2\/product_cat?post=1839836"},{"taxonomy":"product_tag","embeddable":true,"href":"http:\/\/ruuby.ee\/en\/wp-json\/wp\/v2\/product_tag?post=1839836"}],"curies":[{"name":"wp","href":"https:\/\/api.w.org\/{rel}","templated":true}]}}