{"id":1839730,"date":"2023-10-03T14:07:42","date_gmt":"2023-10-03T11:07:42","guid":{"rendered":"http:\/\/ruuby.ee\/?post_type=product&#038;p=1839730"},"modified":"2026-04-08T01:28:40","modified_gmt":"2026-04-07T22:28:40","slug":"monkanna-tualett-tarvete-kott-padded-black","status":"publish","type":"product","link":"http:\/\/ruuby.ee\/en\/pood\/aksessuaarid\/kotid\/monkanna-tualett-tarvete-kott-padded-black\/","title":{"rendered":"Monk&amp;Anna &#8211; tualett-tarvete kott, padded | black"},"content":{"rendered":"<p>Kosmeetika ja lemmik igap\u00e4evaste esmatarbekaupade hoidmiseks kodus. Piisavalt ruumi, et see k\u00f5ik \u00e4ra mahutada, v\u00f5tke see k\u00f5ikjale kaasa.<\/p>\n<p>kott &#8211; 20 x 12 x 11 cm<\/p>\n<p>materjal v\u00e4ljast &#8211; linane<br \/>\nmaterjal sees &#8211; linane<br \/>\nmaterjali k\u00e4epide &#8211; PU nahk<\/p>\n<p>Toote hooldus:<br \/>\nSeda kotti saate h\u00f5lpsalt puhastada m\u00e4rja lapiga.\u00a0Soovitame kotti mitte pesumasinas pesta.\u00a0Lihtsalt natuke vett ajab asja \u00e4ra!<\/p>\n<p>Monk &amp; Anna pakub v\u00e4ikeseid ilusate kaupade kollektsioone, mis on kujundatud suure hoolega ja milles on palju pisidetailid. K\u00f5ik tooted on oma pakendis, millel on oma lugu ja oma nimi.<br \/>\nLooming minimalistlikust, kuid esteetilisest maailmast, mis on t\u00e4idetud pehmetes maal\u00e4hedastes toonides ja erinevate tekstuuridega toodetega. Inspireeritud Jaapanist, loodusest, moest ja k\u00e4sit\u00f6\u00f6st \u00fcldiselt. Uus kollektsioon algab alati uute v\u00e4rvipalettide uurimisega ja tekstuuride hankimisega. Sealt edasi on loomingulised meeled vabad, et saada igap\u00e4evaelust inspiratsiooni. Nii j\u00e4\u00e4vad Monk &amp; Anna p\u00f5nevaks ja elavaks.<\/p>","protected":false},"excerpt":{"rendered":"<p>Kosmeetika ja lemmik igap\u00e4evaste esmatarbekaupade hoidmiseks kodus. Piisavalt ruumi, et see k\u00f5ik \u00e4ra mahutada, v\u00f5tke see k\u00f5ikjale kaasa. kott &#8211; 20 x 12 x 11 cm materjal v\u00e4ljast &#8211; linane materjal sees &#8211; linane materjali k\u00e4epide &#8211; PU nahk Toote hooldus: Seda kotti saate h\u00f5lpsalt puhastada m\u00e4rja lapiga.\u00a0Soovitame kotti mitte pesumasinas pesta.\u00a0Lihtsalt natuke vett ajab [&hellip;]<\/p>\n","protected":false},"featured_media":1839732,"comment_status":"open","ping_status":"closed","template":"","meta":[],"product_brand":[],"product_cat":[668,33],"product_tag":[],"class_list":{"0":"post-1839730","1":"product","2":"type-product","3":"status-publish","4":"has-post-thumbnail","6":"product_cat-kosmeetikakott","7":"product_cat-kotid","9":"first","10":"outofstock","11":"taxable","12":"shipping-taxable","13":"purchasable","14":"product-type-simple"},"yoast_head":"<!-- This site is optimized with the Yoast SEO plugin v27.3 - https:\/\/yoast.com\/product\/yoast-seo-wordpress\/ -->\n<title>Monk&amp;Anna - tualett-tarvete kott, padded | black - RUUBY<\/title>\n<meta name=\"robots\" content=\"index, follow, max-snippet:-1, max-image-preview:large, max-video-preview:-1\" \/>\n<link rel=\"canonical\" href=\"http:\/\/ruuby.ee\/en\/pood\/aksessuaarid\/kotid\/monkanna-tualett-tarvete-kott-padded-black\/\" \/>\n<meta property=\"og:locale\" content=\"en_GB\" \/>\n<meta property=\"og:type\" content=\"article\" \/>\n<meta property=\"og:title\" content=\"Monk&amp;Anna - tualett-tarvete kott, padded | black - RUUBY\" \/>\n<meta property=\"og:description\" content=\"Kosmeetika ja lemmik igap\u00e4evaste esmatarbekaupade hoidmiseks kodus. Piisavalt ruumi, et see k\u00f5ik \u00e4ra mahutada, v\u00f5tke see k\u00f5ikjale kaasa. kott &#8211; 20 x 12 x 11 cm materjal v\u00e4ljast &#8211; linane materjal sees &#8211; linane materjali k\u00e4epide &#8211; PU nahk Toote hooldus: Seda kotti saate h\u00f5lpsalt puhastada m\u00e4rja lapiga.\u00a0Soovitame kotti mitte pesumasinas pesta.\u00a0Lihtsalt natuke vett ajab [&hellip;]\" \/>\n<meta property=\"og:url\" content=\"http:\/\/ruuby.ee\/en\/pood\/aksessuaarid\/kotid\/monkanna-tualett-tarvete-kott-padded-black\/\" \/>\n<meta property=\"og:site_name\" content=\"RUUBY\" \/>\n<meta property=\"article:publisher\" content=\"https:\/\/www.facebook.com\/ruubyconcept\" \/>\n<meta property=\"article:modified_time\" content=\"2026-04-07T22:28:40+00:00\" \/>\n<meta property=\"og:image\" content=\"http:\/\/ruuby.ee\/wp-content\/uploads\/2023\/10\/Screenshot-2023-10-03-at-14.06.15.png\" \/>\n\t<meta property=\"og:image:width\" content=\"990\" \/>\n\t<meta property=\"og:image:height\" content=\"1132\" \/>\n\t<meta property=\"og:image:type\" content=\"image\/png\" \/>\n<meta name=\"twitter:card\" content=\"summary_large_image\" \/>\n<meta name=\"twitter:label1\" content=\"Estimated reading time\" \/>\n\t<meta name=\"twitter:data1\" content=\"1 minute\" \/>\n<script type=\"application\/ld+json\" class=\"yoast-schema-graph\">{\"@context\":\"https:\\\/\\\/schema.org\",\"@graph\":[{\"@type\":[\"WebPage\",\"ItemPage\"],\"@id\":\"http:\\\/\\\/ruuby.ee\\\/en\\\/pood\\\/aksessuaarid\\\/kotid\\\/monkanna-tualett-tarvete-kott-padded-black\\\/\",\"url\":\"http:\\\/\\\/ruuby.ee\\\/en\\\/pood\\\/aksessuaarid\\\/kotid\\\/monkanna-tualett-tarvete-kott-padded-black\\\/\",\"name\":\"Monk&amp;Anna - tualett-tarvete kott, padded | black - RUUBY\",\"isPartOf\":{\"@id\":\"https:\\\/\\\/ruuby.ee\\\/en\\\/#website\"},\"primaryImageOfPage\":{\"@id\":\"http:\\\/\\\/ruuby.ee\\\/en\\\/pood\\\/aksessuaarid\\\/kotid\\\/monkanna-tualett-tarvete-kott-padded-black\\\/#primaryimage\"},\"image\":{\"@id\":\"http:\\\/\\\/ruuby.ee\\\/en\\\/pood\\\/aksessuaarid\\\/kotid\\\/monkanna-tualett-tarvete-kott-padded-black\\\/#primaryimage\"},\"thumbnailUrl\":\"http:\\\/\\\/ruuby.ee\\\/wp-content\\\/uploads\\\/2023\\\/10\\\/Screenshot-2023-10-03-at-14.06.15.png\",\"datePublished\":\"2023-10-03T11:07:42+00:00\",\"dateModified\":\"2026-04-07T22:28:40+00:00\",\"breadcrumb\":{\"@id\":\"http:\\\/\\\/ruuby.ee\\\/en\\\/pood\\\/aksessuaarid\\\/kotid\\\/monkanna-tualett-tarvete-kott-padded-black\\\/#breadcrumb\"},\"inLanguage\":\"en-GB\",\"potentialAction\":[{\"@type\":\"ReadAction\",\"target\":[\"http:\\\/\\\/ruuby.ee\\\/en\\\/pood\\\/aksessuaarid\\\/kotid\\\/monkanna-tualett-tarvete-kott-padded-black\\\/\"]}]},{\"@type\":\"ImageObject\",\"inLanguage\":\"en-GB\",\"@id\":\"http:\\\/\\\/ruuby.ee\\\/en\\\/pood\\\/aksessuaarid\\\/kotid\\\/monkanna-tualett-tarvete-kott-padded-black\\\/#primaryimage\",\"url\":\"http:\\\/\\\/ruuby.ee\\\/wp-content\\\/uploads\\\/2023\\\/10\\\/Screenshot-2023-10-03-at-14.06.15.png\",\"contentUrl\":\"http:\\\/\\\/ruuby.ee\\\/wp-content\\\/uploads\\\/2023\\\/10\\\/Screenshot-2023-10-03-at-14.06.15.png\",\"width\":990,\"height\":1132},{\"@type\":\"BreadcrumbList\",\"@id\":\"http:\\\/\\\/ruuby.ee\\\/en\\\/pood\\\/aksessuaarid\\\/kotid\\\/monkanna-tualett-tarvete-kott-padded-black\\\/#breadcrumb\",\"itemListElement\":[{\"@type\":\"ListItem\",\"position\":1,\"name\":\"Kdu\",\"item\":\"https:\\\/\\\/ruuby.ee\\\/en\\\/\"},{\"@type\":\"ListItem\",\"position\":2,\"name\":\"Pood\",\"item\":\"https:\\\/\\\/ruuby.ee\\\/en\\\/pood\\\/\"},{\"@type\":\"ListItem\",\"position\":3,\"name\":\"Monk&amp;Anna &#8211; tualett-tarvete kott, padded | black\"}]},{\"@type\":\"WebSite\",\"@id\":\"https:\\\/\\\/ruuby.ee\\\/en\\\/#website\",\"url\":\"https:\\\/\\\/ruuby.ee\\\/en\\\/\",\"name\":\"RUUBY\",\"description\":\"Ruubys on \u00fchendatud elustiil ja disain\",\"publisher\":{\"@id\":\"https:\\\/\\\/ruuby.ee\\\/en\\\/#organization\"},\"alternateName\":\"Ruuby Disain\",\"potentialAction\":[{\"@type\":\"SearchAction\",\"target\":{\"@type\":\"EntryPoint\",\"urlTemplate\":\"https:\\\/\\\/ruuby.ee\\\/en\\\/?s={search_term_string}\"},\"query-input\":{\"@type\":\"PropertyValueSpecification\",\"valueRequired\":true,\"valueName\":\"search_term_string\"}}],\"inLanguage\":\"en-GB\"},{\"@type\":\"Organization\",\"@id\":\"https:\\\/\\\/ruuby.ee\\\/en\\\/#organization\",\"name\":\"Ruuby Disain O\u00dc\",\"alternateName\":\"Ruuby\",\"url\":\"https:\\\/\\\/ruuby.ee\\\/en\\\/\",\"logo\":{\"@type\":\"ImageObject\",\"inLanguage\":\"en-GB\",\"@id\":\"https:\\\/\\\/ruuby.ee\\\/en\\\/#\\\/schema\\\/logo\\\/image\\\/\",\"url\":\"http:\\\/\\\/ruuby.ee\\\/wp-content\\\/uploads\\\/2023\\\/06\\\/cropped-Black-White-Elegant-Circle-Signature-Fashion-Logo-12_large.png\",\"contentUrl\":\"http:\\\/\\\/ruuby.ee\\\/wp-content\\\/uploads\\\/2023\\\/06\\\/cropped-Black-White-Elegant-Circle-Signature-Fashion-Logo-12_large.png\",\"width\":1280,\"height\":747,\"caption\":\"Ruuby Disain O\u00dc\"},\"image\":{\"@id\":\"https:\\\/\\\/ruuby.ee\\\/en\\\/#\\\/schema\\\/logo\\\/image\\\/\"},\"sameAs\":[\"https:\\\/\\\/www.facebook.com\\\/ruubyconcept\",\"https:\\\/\\\/www.instagram.com\\\/ruuby_concept\\\/\"]}]}<\/script>\n<!-- \/ Yoast SEO plugin. -->","yoast_head_json":{"title":"Monk&amp;Anna - tualett-tarvete kott, padded | black - RUUBY","robots":{"index":"index","follow":"follow","max-snippet":"max-snippet:-1","max-image-preview":"max-image-preview:large","max-video-preview":"max-video-preview:-1"},"canonical":"http:\/\/ruuby.ee\/en\/pood\/aksessuaarid\/kotid\/monkanna-tualett-tarvete-kott-padded-black\/","og_locale":"en_GB","og_type":"article","og_title":"Monk&amp;Anna - tualett-tarvete kott, padded | black - RUUBY","og_description":"Kosmeetika ja lemmik igap\u00e4evaste esmatarbekaupade hoidmiseks kodus. Piisavalt ruumi, et see k\u00f5ik \u00e4ra mahutada, v\u00f5tke see k\u00f5ikjale kaasa. kott &#8211; 20 x 12 x 11 cm materjal v\u00e4ljast &#8211; linane materjal sees &#8211; linane materjali k\u00e4epide &#8211; PU nahk Toote hooldus: Seda kotti saate h\u00f5lpsalt puhastada m\u00e4rja lapiga.\u00a0Soovitame kotti mitte pesumasinas pesta.\u00a0Lihtsalt natuke vett ajab [&hellip;]","og_url":"http:\/\/ruuby.ee\/en\/pood\/aksessuaarid\/kotid\/monkanna-tualett-tarvete-kott-padded-black\/","og_site_name":"RUUBY","article_publisher":"https:\/\/www.facebook.com\/ruubyconcept","article_modified_time":"2026-04-07T22:28:40+00:00","og_image":[{"width":990,"height":1132,"url":"http:\/\/ruuby.ee\/wp-content\/uploads\/2023\/10\/Screenshot-2023-10-03-at-14.06.15.png","type":"image\/png"}],"twitter_card":"summary_large_image","twitter_misc":{"Estimated reading time":"1 minute"},"schema":{"@context":"https:\/\/schema.org","@graph":[{"@type":["WebPage","ItemPage"],"@id":"http:\/\/ruuby.ee\/en\/pood\/aksessuaarid\/kotid\/monkanna-tualett-tarvete-kott-padded-black\/","url":"http:\/\/ruuby.ee\/en\/pood\/aksessuaarid\/kotid\/monkanna-tualett-tarvete-kott-padded-black\/","name":"Monk&amp;Anna - tualett-tarvete kott, padded | black - RUUBY","isPartOf":{"@id":"https:\/\/ruuby.ee\/en\/#website"},"primaryImageOfPage":{"@id":"http:\/\/ruuby.ee\/en\/pood\/aksessuaarid\/kotid\/monkanna-tualett-tarvete-kott-padded-black\/#primaryimage"},"image":{"@id":"http:\/\/ruuby.ee\/en\/pood\/aksessuaarid\/kotid\/monkanna-tualett-tarvete-kott-padded-black\/#primaryimage"},"thumbnailUrl":"http:\/\/ruuby.ee\/wp-content\/uploads\/2023\/10\/Screenshot-2023-10-03-at-14.06.15.png","datePublished":"2023-10-03T11:07:42+00:00","dateModified":"2026-04-07T22:28:40+00:00","breadcrumb":{"@id":"http:\/\/ruuby.ee\/en\/pood\/aksessuaarid\/kotid\/monkanna-tualett-tarvete-kott-padded-black\/#breadcrumb"},"inLanguage":"en-GB","potentialAction":[{"@type":"ReadAction","target":["http:\/\/ruuby.ee\/en\/pood\/aksessuaarid\/kotid\/monkanna-tualett-tarvete-kott-padded-black\/"]}]},{"@type":"ImageObject","inLanguage":"en-GB","@id":"http:\/\/ruuby.ee\/en\/pood\/aksessuaarid\/kotid\/monkanna-tualett-tarvete-kott-padded-black\/#primaryimage","url":"http:\/\/ruuby.ee\/wp-content\/uploads\/2023\/10\/Screenshot-2023-10-03-at-14.06.15.png","contentUrl":"http:\/\/ruuby.ee\/wp-content\/uploads\/2023\/10\/Screenshot-2023-10-03-at-14.06.15.png","width":990,"height":1132},{"@type":"BreadcrumbList","@id":"http:\/\/ruuby.ee\/en\/pood\/aksessuaarid\/kotid\/monkanna-tualett-tarvete-kott-padded-black\/#breadcrumb","itemListElement":[{"@type":"ListItem","position":1,"name":"Kdu","item":"https:\/\/ruuby.ee\/en\/"},{"@type":"ListItem","position":2,"name":"Pood","item":"https:\/\/ruuby.ee\/en\/pood\/"},{"@type":"ListItem","position":3,"name":"Monk&amp;Anna &#8211; tualett-tarvete kott, padded | black"}]},{"@type":"WebSite","@id":"https:\/\/ruuby.ee\/en\/#website","url":"https:\/\/ruuby.ee\/en\/","name":"RUUBY","description":"Ruubys on \u00fchendatud elustiil ja disain","publisher":{"@id":"https:\/\/ruuby.ee\/en\/#organization"},"alternateName":"Ruuby Disain","potentialAction":[{"@type":"SearchAction","target":{"@type":"EntryPoint","urlTemplate":"https:\/\/ruuby.ee\/en\/?s={search_term_string}"},"query-input":{"@type":"PropertyValueSpecification","valueRequired":true,"valueName":"search_term_string"}}],"inLanguage":"en-GB"},{"@type":"Organization","@id":"https:\/\/ruuby.ee\/en\/#organization","name":"Ruuby Disain O\u00dc","alternateName":"Ruuby","url":"https:\/\/ruuby.ee\/en\/","logo":{"@type":"ImageObject","inLanguage":"en-GB","@id":"https:\/\/ruuby.ee\/en\/#\/schema\/logo\/image\/","url":"http:\/\/ruuby.ee\/wp-content\/uploads\/2023\/06\/cropped-Black-White-Elegant-Circle-Signature-Fashion-Logo-12_large.png","contentUrl":"http:\/\/ruuby.ee\/wp-content\/uploads\/2023\/06\/cropped-Black-White-Elegant-Circle-Signature-Fashion-Logo-12_large.png","width":1280,"height":747,"caption":"Ruuby Disain O\u00dc"},"image":{"@id":"https:\/\/ruuby.ee\/en\/#\/schema\/logo\/image\/"},"sameAs":["https:\/\/www.facebook.com\/ruubyconcept","https:\/\/www.instagram.com\/ruuby_concept\/"]}]}},"jetpack_sharing_enabled":true,"_links":{"self":[{"href":"http:\/\/ruuby.ee\/en\/wp-json\/wp\/v2\/product\/1839730","targetHints":{"allow":["GET"]}}],"collection":[{"href":"http:\/\/ruuby.ee\/en\/wp-json\/wp\/v2\/product"}],"about":[{"href":"http:\/\/ruuby.ee\/en\/wp-json\/wp\/v2\/types\/product"}],"replies":[{"embeddable":true,"href":"http:\/\/ruuby.ee\/en\/wp-json\/wp\/v2\/comments?post=1839730"}],"wp:featuredmedia":[{"embeddable":true,"href":"http:\/\/ruuby.ee\/en\/wp-json\/wp\/v2\/media\/1839732"}],"wp:attachment":[{"href":"http:\/\/ruuby.ee\/en\/wp-json\/wp\/v2\/media?parent=1839730"}],"wp:term":[{"taxonomy":"product_brand","embeddable":true,"href":"http:\/\/ruuby.ee\/en\/wp-json\/wp\/v2\/product_brand?post=1839730"},{"taxonomy":"product_cat","embeddable":true,"href":"http:\/\/ruuby.ee\/en\/wp-json\/wp\/v2\/product_cat?post=1839730"},{"taxonomy":"product_tag","embeddable":true,"href":"http:\/\/ruuby.ee\/en\/wp-json\/wp\/v2\/product_tag?post=1839730"}],"curies":[{"name":"wp","href":"https:\/\/api.w.org\/{rel}","templated":true}]}}