{"id":1839714,"date":"2023-10-03T12:55:55","date_gmt":"2023-10-03T09:55:55","guid":{"rendered":"http:\/\/ruuby.ee\/?post_type=product&#038;p=1839714"},"modified":"2026-04-04T01:25:02","modified_gmt":"2026-04-03T22:25:02","slug":"tinnemia-camill-kott-capers","status":"publish","type":"product","link":"http:\/\/ruuby.ee\/en\/pood\/aksessuaarid\/kotid\/tinnemia-camill-kott-capers\/","title":{"rendered":"Tinne+Mia Camill kott, Capers"},"content":{"rendered":"<p>Camill viib su n\u00e4dalavahetuseks \u00e4ra. See on suur vastupidav n\u00e4dalavahetusekott, mis mahutab palju.<\/p>\n<p>Valmistatud samast peenest materjalist, mida tunnete Feel Good Bagist: s\u00fcnteetilisest kiust, mis tundub pehme nahana. Kott on vooderdatud pehme materjaliga ja suletav lukuga. Kotiga tuleb kaasa puuvillasest materjalist \u00fcmbrikott, kus sees on oma kotti hea hoida, kui see pole parajasti kasutuses. Saab kokku pakkida m\u00f5nusalt v\u00e4ikseks.<\/p>\n<p>spetsifikatsioonid<br \/>\n&#8211; v\u00e4rv: capers<br \/>\n&#8211; koti suurus: 55x25x40 cm<br \/>\n&#8211; rose golden YKK t\u00f5mblukk<br \/>\n&#8211; v\u00e4lismaterjal: s\u00fcnteetiline kiud \/ vegan nahk<br \/>\n&#8211; sisematerjal: nailon<br \/>\n&#8211; sise- ja v\u00e4listingimustes on veekindlad<br \/>\n&#8211; pakitud puuvillasesse kotti, millele on tr\u00fckitud kena tekst<\/p>\n<p>See suur puhvis n\u00e4dalavahetusekott sobib suurep\u00e4raselt reisimiseks. Suuruse t\u00f5ttu saad oma lemmiktooted kaasa v\u00f5tta!<\/p>\n<p>&nbsp;<\/p>","protected":false},"excerpt":{"rendered":"<p>Camill viib su n\u00e4dalavahetuseks \u00e4ra. See on suur vastupidav n\u00e4dalavahetusekott, mis mahutab palju. Valmistatud samast peenest materjalist, mida tunnete Feel Good Bagist: s\u00fcnteetilisest kiust, mis tundub pehme nahana. Kott on vooderdatud pehme materjaliga ja suletav lukuga. Kotiga tuleb kaasa puuvillasest materjalist \u00fcmbrikott, kus sees on oma kotti hea hoida, kui see pole parajasti kasutuses. Saab [&hellip;]<\/p>\n","protected":false},"featured_media":1839717,"comment_status":"open","ping_status":"closed","template":"","meta":[],"product_brand":[],"product_cat":[33,674],"product_tag":[],"class_list":{"0":"post-1839714","1":"product","2":"type-product","3":"status-publish","4":"has-post-thumbnail","6":"product_cat-kotid","7":"product_cat-reisikott","9":"first","10":"outofstock","11":"taxable","12":"shipping-taxable","13":"purchasable","14":"product-type-simple"},"yoast_head":"<!-- This site is optimized with the Yoast SEO plugin v27.2 - https:\/\/yoast.com\/product\/yoast-seo-wordpress\/ -->\n<title>Tinne+Mia Camill kott, Capers - RUUBY<\/title>\n<meta name=\"robots\" content=\"index, follow, max-snippet:-1, max-image-preview:large, max-video-preview:-1\" \/>\n<link rel=\"canonical\" href=\"https:\/\/ruuby.ee\/en\/pood\/aksessuaarid\/kotid\/tinnemia-camill-kott-capers\/\" \/>\n<meta property=\"og:locale\" content=\"en_GB\" \/>\n<meta property=\"og:type\" content=\"article\" \/>\n<meta property=\"og:title\" content=\"Tinne+Mia Camill kott, Capers - RUUBY\" \/>\n<meta property=\"og:description\" content=\"Camill viib su n\u00e4dalavahetuseks \u00e4ra. See on suur vastupidav n\u00e4dalavahetusekott, mis mahutab palju. Valmistatud samast peenest materjalist, mida tunnete Feel Good Bagist: s\u00fcnteetilisest kiust, mis tundub pehme nahana. Kott on vooderdatud pehme materjaliga ja suletav lukuga. Kotiga tuleb kaasa puuvillasest materjalist \u00fcmbrikott, kus sees on oma kotti hea hoida, kui see pole parajasti kasutuses. Saab [&hellip;]\" \/>\n<meta property=\"og:url\" content=\"https:\/\/ruuby.ee\/en\/pood\/aksessuaarid\/kotid\/tinnemia-camill-kott-capers\/\" \/>\n<meta property=\"og:site_name\" content=\"RUUBY\" \/>\n<meta property=\"article:publisher\" content=\"https:\/\/www.facebook.com\/ruubyconcept\" \/>\n<meta property=\"article:modified_time\" content=\"2026-04-03T22:25:02+00:00\" \/>\n<meta property=\"og:image\" content=\"https:\/\/ruuby.ee\/wp-content\/uploads\/2023\/10\/Screenshot-2023-10-03-at-12.53.09-1024x679.png\" \/>\n\t<meta property=\"og:image:width\" content=\"1024\" \/>\n\t<meta property=\"og:image:height\" content=\"679\" \/>\n\t<meta property=\"og:image:type\" content=\"image\/png\" \/>\n<meta name=\"twitter:card\" content=\"summary_large_image\" \/>\n<meta name=\"twitter:label1\" content=\"Estimated reading time\" \/>\n\t<meta name=\"twitter:data1\" content=\"1 minute\" \/>\n<script type=\"application\/ld+json\" class=\"yoast-schema-graph\">{\"@context\":\"https:\/\/schema.org\",\"@graph\":[{\"@type\":[\"WebPage\",\"ItemPage\"],\"@id\":\"https:\/\/ruuby.ee\/en\/pood\/aksessuaarid\/kotid\/tinnemia-camill-kott-capers\/\",\"url\":\"https:\/\/ruuby.ee\/en\/pood\/aksessuaarid\/kotid\/tinnemia-camill-kott-capers\/\",\"name\":\"Tinne+Mia Camill kott, Capers - RUUBY\",\"isPartOf\":{\"@id\":\"https:\/\/ruuby.ee\/en\/#website\"},\"primaryImageOfPage\":{\"@id\":\"https:\/\/ruuby.ee\/en\/pood\/aksessuaarid\/kotid\/tinnemia-camill-kott-capers\/#primaryimage\"},\"image\":{\"@id\":\"https:\/\/ruuby.ee\/en\/pood\/aksessuaarid\/kotid\/tinnemia-camill-kott-capers\/#primaryimage\"},\"thumbnailUrl\":\"http:\/\/ruuby.ee\/wp-content\/uploads\/2023\/10\/Screenshot-2023-10-03-at-12.53.09.png\",\"datePublished\":\"2023-10-03T09:55:55+00:00\",\"dateModified\":\"2026-04-03T22:25:02+00:00\",\"breadcrumb\":{\"@id\":\"https:\/\/ruuby.ee\/en\/pood\/aksessuaarid\/kotid\/tinnemia-camill-kott-capers\/#breadcrumb\"},\"inLanguage\":\"en-GB\",\"potentialAction\":[{\"@type\":\"ReadAction\",\"target\":[\"https:\/\/ruuby.ee\/en\/pood\/aksessuaarid\/kotid\/tinnemia-camill-kott-capers\/\"]}]},{\"@type\":\"ImageObject\",\"inLanguage\":\"en-GB\",\"@id\":\"https:\/\/ruuby.ee\/en\/pood\/aksessuaarid\/kotid\/tinnemia-camill-kott-capers\/#primaryimage\",\"url\":\"http:\/\/ruuby.ee\/wp-content\/uploads\/2023\/10\/Screenshot-2023-10-03-at-12.53.09.png\",\"contentUrl\":\"http:\/\/ruuby.ee\/wp-content\/uploads\/2023\/10\/Screenshot-2023-10-03-at-12.53.09.png\",\"width\":1792,\"height\":1188},{\"@type\":\"BreadcrumbList\",\"@id\":\"https:\/\/ruuby.ee\/en\/pood\/aksessuaarid\/kotid\/tinnemia-camill-kott-capers\/#breadcrumb\",\"itemListElement\":[{\"@type\":\"ListItem\",\"position\":1,\"name\":\"Kdu\",\"item\":\"https:\/\/ruuby.ee\/en\/\"},{\"@type\":\"ListItem\",\"position\":2,\"name\":\"Pood\",\"item\":\"https:\/\/ruuby.ee\/pood\/\"},{\"@type\":\"ListItem\",\"position\":3,\"name\":\"Tinne+Mia Camill kott, Capers\"}]},{\"@type\":\"WebSite\",\"@id\":\"https:\/\/ruuby.ee\/en\/#website\",\"url\":\"https:\/\/ruuby.ee\/en\/\",\"name\":\"RUUBY\",\"description\":\"Ruubys on \u00fchendatud elustiil ja disain\",\"publisher\":{\"@id\":\"https:\/\/ruuby.ee\/en\/#organization\"},\"alternateName\":\"Ruuby Disain\",\"potentialAction\":[{\"@type\":\"SearchAction\",\"target\":{\"@type\":\"EntryPoint\",\"urlTemplate\":\"https:\/\/ruuby.ee\/en\/?s={search_term_string}\"},\"query-input\":{\"@type\":\"PropertyValueSpecification\",\"valueRequired\":true,\"valueName\":\"search_term_string\"}}],\"inLanguage\":\"en-GB\"},{\"@type\":\"Organization\",\"@id\":\"https:\/\/ruuby.ee\/en\/#organization\",\"name\":\"Ruuby Disain O\u00dc\",\"alternateName\":\"Ruuby\",\"url\":\"https:\/\/ruuby.ee\/en\/\",\"logo\":{\"@type\":\"ImageObject\",\"inLanguage\":\"en-GB\",\"@id\":\"https:\/\/ruuby.ee\/en\/#\/schema\/logo\/image\/\",\"url\":\"http:\/\/ruuby.ee\/wp-content\/uploads\/2023\/06\/cropped-Black-White-Elegant-Circle-Signature-Fashion-Logo-12_large.png\",\"contentUrl\":\"http:\/\/ruuby.ee\/wp-content\/uploads\/2023\/06\/cropped-Black-White-Elegant-Circle-Signature-Fashion-Logo-12_large.png\",\"width\":1280,\"height\":747,\"caption\":\"Ruuby Disain O\u00dc\"},\"image\":{\"@id\":\"https:\/\/ruuby.ee\/en\/#\/schema\/logo\/image\/\"},\"sameAs\":[\"https:\/\/www.facebook.com\/ruubyconcept\",\"https:\/\/www.instagram.com\/ruuby_concept\/\"]}]}<\/script>\n<!-- \/ Yoast SEO plugin. -->","yoast_head_json":{"title":"Tinne+Mia Camill kott, Capers - RUUBY","robots":{"index":"index","follow":"follow","max-snippet":"max-snippet:-1","max-image-preview":"max-image-preview:large","max-video-preview":"max-video-preview:-1"},"canonical":"https:\/\/ruuby.ee\/en\/pood\/aksessuaarid\/kotid\/tinnemia-camill-kott-capers\/","og_locale":"en_GB","og_type":"article","og_title":"Tinne+Mia Camill kott, Capers - RUUBY","og_description":"Camill viib su n\u00e4dalavahetuseks \u00e4ra. See on suur vastupidav n\u00e4dalavahetusekott, mis mahutab palju. Valmistatud samast peenest materjalist, mida tunnete Feel Good Bagist: s\u00fcnteetilisest kiust, mis tundub pehme nahana. Kott on vooderdatud pehme materjaliga ja suletav lukuga. Kotiga tuleb kaasa puuvillasest materjalist \u00fcmbrikott, kus sees on oma kotti hea hoida, kui see pole parajasti kasutuses. Saab [&hellip;]","og_url":"https:\/\/ruuby.ee\/en\/pood\/aksessuaarid\/kotid\/tinnemia-camill-kott-capers\/","og_site_name":"RUUBY","article_publisher":"https:\/\/www.facebook.com\/ruubyconcept","article_modified_time":"2026-04-03T22:25:02+00:00","og_image":[{"width":1024,"height":679,"url":"https:\/\/ruuby.ee\/wp-content\/uploads\/2023\/10\/Screenshot-2023-10-03-at-12.53.09-1024x679.png","type":"image\/png"}],"twitter_card":"summary_large_image","twitter_misc":{"Estimated reading time":"1 minute"},"schema":{"@context":"https:\/\/schema.org","@graph":[{"@type":["WebPage","ItemPage"],"@id":"https:\/\/ruuby.ee\/en\/pood\/aksessuaarid\/kotid\/tinnemia-camill-kott-capers\/","url":"https:\/\/ruuby.ee\/en\/pood\/aksessuaarid\/kotid\/tinnemia-camill-kott-capers\/","name":"Tinne+Mia Camill kott, Capers - RUUBY","isPartOf":{"@id":"https:\/\/ruuby.ee\/en\/#website"},"primaryImageOfPage":{"@id":"https:\/\/ruuby.ee\/en\/pood\/aksessuaarid\/kotid\/tinnemia-camill-kott-capers\/#primaryimage"},"image":{"@id":"https:\/\/ruuby.ee\/en\/pood\/aksessuaarid\/kotid\/tinnemia-camill-kott-capers\/#primaryimage"},"thumbnailUrl":"http:\/\/ruuby.ee\/wp-content\/uploads\/2023\/10\/Screenshot-2023-10-03-at-12.53.09.png","datePublished":"2023-10-03T09:55:55+00:00","dateModified":"2026-04-03T22:25:02+00:00","breadcrumb":{"@id":"https:\/\/ruuby.ee\/en\/pood\/aksessuaarid\/kotid\/tinnemia-camill-kott-capers\/#breadcrumb"},"inLanguage":"en-GB","potentialAction":[{"@type":"ReadAction","target":["https:\/\/ruuby.ee\/en\/pood\/aksessuaarid\/kotid\/tinnemia-camill-kott-capers\/"]}]},{"@type":"ImageObject","inLanguage":"en-GB","@id":"https:\/\/ruuby.ee\/en\/pood\/aksessuaarid\/kotid\/tinnemia-camill-kott-capers\/#primaryimage","url":"http:\/\/ruuby.ee\/wp-content\/uploads\/2023\/10\/Screenshot-2023-10-03-at-12.53.09.png","contentUrl":"http:\/\/ruuby.ee\/wp-content\/uploads\/2023\/10\/Screenshot-2023-10-03-at-12.53.09.png","width":1792,"height":1188},{"@type":"BreadcrumbList","@id":"https:\/\/ruuby.ee\/en\/pood\/aksessuaarid\/kotid\/tinnemia-camill-kott-capers\/#breadcrumb","itemListElement":[{"@type":"ListItem","position":1,"name":"Kdu","item":"https:\/\/ruuby.ee\/en\/"},{"@type":"ListItem","position":2,"name":"Pood","item":"https:\/\/ruuby.ee\/pood\/"},{"@type":"ListItem","position":3,"name":"Tinne+Mia Camill kott, Capers"}]},{"@type":"WebSite","@id":"https:\/\/ruuby.ee\/en\/#website","url":"https:\/\/ruuby.ee\/en\/","name":"RUUBY","description":"Ruubys on \u00fchendatud elustiil ja disain","publisher":{"@id":"https:\/\/ruuby.ee\/en\/#organization"},"alternateName":"Ruuby Disain","potentialAction":[{"@type":"SearchAction","target":{"@type":"EntryPoint","urlTemplate":"https:\/\/ruuby.ee\/en\/?s={search_term_string}"},"query-input":{"@type":"PropertyValueSpecification","valueRequired":true,"valueName":"search_term_string"}}],"inLanguage":"en-GB"},{"@type":"Organization","@id":"https:\/\/ruuby.ee\/en\/#organization","name":"Ruuby Disain O\u00dc","alternateName":"Ruuby","url":"https:\/\/ruuby.ee\/en\/","logo":{"@type":"ImageObject","inLanguage":"en-GB","@id":"https:\/\/ruuby.ee\/en\/#\/schema\/logo\/image\/","url":"http:\/\/ruuby.ee\/wp-content\/uploads\/2023\/06\/cropped-Black-White-Elegant-Circle-Signature-Fashion-Logo-12_large.png","contentUrl":"http:\/\/ruuby.ee\/wp-content\/uploads\/2023\/06\/cropped-Black-White-Elegant-Circle-Signature-Fashion-Logo-12_large.png","width":1280,"height":747,"caption":"Ruuby Disain O\u00dc"},"image":{"@id":"https:\/\/ruuby.ee\/en\/#\/schema\/logo\/image\/"},"sameAs":["https:\/\/www.facebook.com\/ruubyconcept","https:\/\/www.instagram.com\/ruuby_concept\/"]}]}},"jetpack_sharing_enabled":true,"_links":{"self":[{"href":"http:\/\/ruuby.ee\/en\/wp-json\/wp\/v2\/product\/1839714","targetHints":{"allow":["GET"]}}],"collection":[{"href":"http:\/\/ruuby.ee\/en\/wp-json\/wp\/v2\/product"}],"about":[{"href":"http:\/\/ruuby.ee\/en\/wp-json\/wp\/v2\/types\/product"}],"replies":[{"embeddable":true,"href":"http:\/\/ruuby.ee\/en\/wp-json\/wp\/v2\/comments?post=1839714"}],"wp:featuredmedia":[{"embeddable":true,"href":"http:\/\/ruuby.ee\/en\/wp-json\/wp\/v2\/media\/1839717"}],"wp:attachment":[{"href":"http:\/\/ruuby.ee\/en\/wp-json\/wp\/v2\/media?parent=1839714"}],"wp:term":[{"taxonomy":"product_brand","embeddable":true,"href":"http:\/\/ruuby.ee\/en\/wp-json\/wp\/v2\/product_brand?post=1839714"},{"taxonomy":"product_cat","embeddable":true,"href":"http:\/\/ruuby.ee\/en\/wp-json\/wp\/v2\/product_cat?post=1839714"},{"taxonomy":"product_tag","embeddable":true,"href":"http:\/\/ruuby.ee\/en\/wp-json\/wp\/v2\/product_tag?post=1839714"}],"curies":[{"name":"wp","href":"https:\/\/api.w.org\/{rel}","templated":true}]}}