{"id":1839693,"date":"2023-10-02T21:17:11","date_gmt":"2023-10-02T18:17:11","guid":{"rendered":"http:\/\/ruuby.ee\/?post_type=product&#038;p=1839693"},"modified":"2026-04-08T01:28:40","modified_gmt":"2026-04-07T22:28:40","slug":"nore-lohnastatud-vahapala-apelsin-johvikas-kadakamari","status":"publish","type":"product","link":"http:\/\/ruuby.ee\/en\/pood\/kodusisustus\/kuunlad\/nore-lohnastatud-vahapala-apelsin-johvikas-kadakamari\/","title":{"rendered":"Nore &#8211; l\u00f5hnastatud vahapala Apelsin, j\u00f5hvikas, kadakamari"},"content":{"rendered":"<p><span class=\"JsGRdQ\">Mahlane segu apelsinidest, j\u00f5hvikatest ja kadakamarjadest. L\u00f5hnale lisavad iseloomu leedrimarjad ja seederm\u00e4nni seemned.<\/span><\/p>\n<p>Nore l\u00f5hnastatud vahapalad valmivad k\u00e4sit\u00f6\u00f6na k\u00f5rge kvaliteediga 100% sojavahast ning k\u00f5rgekvaliteedilistest aroomi\u00f5lidest. Vahapalasid kaunistavad kuivatatud kadakamarjad.<\/p>\n<p>L\u00f5hnastatud vahapalad sobivad kasutamiseks keraamilises aroomilambis v\u00f5i elektroonilises vahasulatajas. Aseta vahapala aroomilambi n\u00f5usse ning s\u00fc\u00fcta alumises avas teek\u00fc\u00fcnal. Keraamiseses aroomilambis kasuta 4h teek\u00fc\u00fcnalt (mitte kasutada 8h teek\u00fc\u00fcnalt, see v\u00f5ib kahjustada teie aroomilampi). \u00c4ra p\u00f5leta k\u00fc\u00fcnalt j\u00e4relvalveta ega kergelt s\u00fcttivate esemete l\u00e4hedal. Hoia lastele ja loomadele k\u00e4ttesaamatus kohas.<\/p>\n<p>Komplekti kuulub 18 vahapala.<\/p>\n<p>Tunne enda vahapaladest r\u00f5\u00f5mu!<\/p>","protected":false},"excerpt":{"rendered":"<p>Mahlane segu apelsinidest, j\u00f5hvikatest ja kadakamarjadest. L\u00f5hnale lisavad iseloomu leedrimarjad ja seederm\u00e4nni seemned. Nore l\u00f5hnastatud vahapalad valmivad k\u00e4sit\u00f6\u00f6na k\u00f5rge kvaliteediga 100% sojavahast ning k\u00f5rgekvaliteedilistest aroomi\u00f5lidest. Vahapalasid kaunistavad kuivatatud kadakamarjad. L\u00f5hnastatud vahapalad sobivad kasutamiseks keraamilises aroomilambis v\u00f5i elektroonilises vahasulatajas. Aseta vahapala aroomilambi n\u00f5usse ning s\u00fc\u00fcta alumises avas teek\u00fc\u00fcnal. Keraamiseses aroomilambis kasuta 4h teek\u00fc\u00fcnalt (mitte kasutada 8h [&hellip;]<\/p>\n","protected":false},"featured_media":1839694,"comment_status":"open","ping_status":"closed","template":"","meta":[],"product_brand":[],"product_cat":[54],"product_tag":[],"class_list":{"0":"post-1839693","1":"product","2":"type-product","3":"status-publish","4":"has-post-thumbnail","6":"product_cat-kuunlad","8":"first","9":"instock","10":"taxable","11":"shipping-taxable","12":"purchasable","13":"product-type-simple"},"yoast_head":"<!-- This site is optimized with the Yoast SEO plugin v27.3 - https:\/\/yoast.com\/product\/yoast-seo-wordpress\/ -->\n<title>Nore - l\u00f5hnastatud vahapala Apelsin, j\u00f5hvikas, kadakamari - RUUBY<\/title>\n<meta name=\"robots\" content=\"index, follow, max-snippet:-1, max-image-preview:large, max-video-preview:-1\" \/>\n<link rel=\"canonical\" href=\"http:\/\/ruuby.ee\/en\/pood\/kodusisustus\/kuunlad\/nore-lohnastatud-vahapala-apelsin-johvikas-kadakamari\/\" \/>\n<meta property=\"og:locale\" content=\"en_GB\" \/>\n<meta property=\"og:type\" content=\"article\" \/>\n<meta property=\"og:title\" content=\"Nore - l\u00f5hnastatud vahapala Apelsin, j\u00f5hvikas, kadakamari - RUUBY\" \/>\n<meta property=\"og:description\" content=\"Mahlane segu apelsinidest, j\u00f5hvikatest ja kadakamarjadest. L\u00f5hnale lisavad iseloomu leedrimarjad ja seederm\u00e4nni seemned. Nore l\u00f5hnastatud vahapalad valmivad k\u00e4sit\u00f6\u00f6na k\u00f5rge kvaliteediga 100% sojavahast ning k\u00f5rgekvaliteedilistest aroomi\u00f5lidest. Vahapalasid kaunistavad kuivatatud kadakamarjad. L\u00f5hnastatud vahapalad sobivad kasutamiseks keraamilises aroomilambis v\u00f5i elektroonilises vahasulatajas. Aseta vahapala aroomilambi n\u00f5usse ning s\u00fc\u00fcta alumises avas teek\u00fc\u00fcnal. Keraamiseses aroomilambis kasuta 4h teek\u00fc\u00fcnalt (mitte kasutada 8h [&hellip;]\" \/>\n<meta property=\"og:url\" content=\"http:\/\/ruuby.ee\/en\/pood\/kodusisustus\/kuunlad\/nore-lohnastatud-vahapala-apelsin-johvikas-kadakamari\/\" \/>\n<meta property=\"og:site_name\" content=\"RUUBY\" \/>\n<meta property=\"article:publisher\" content=\"https:\/\/www.facebook.com\/ruubyconcept\" \/>\n<meta property=\"article:modified_time\" content=\"2026-04-07T22:28:40+00:00\" \/>\n<meta property=\"og:image\" content=\"http:\/\/ruuby.ee\/wp-content\/uploads\/2023\/10\/Screenshot-2023-10-02-at-21.16.27.png\" \/>\n\t<meta property=\"og:image:width\" content=\"964\" \/>\n\t<meta property=\"og:image:height\" content=\"1202\" \/>\n\t<meta property=\"og:image:type\" content=\"image\/png\" \/>\n<meta name=\"twitter:card\" content=\"summary_large_image\" \/>\n<meta name=\"twitter:label1\" content=\"Estimated reading time\" \/>\n\t<meta name=\"twitter:data1\" content=\"1 minute\" \/>\n<script type=\"application\/ld+json\" class=\"yoast-schema-graph\">{\"@context\":\"https:\\\/\\\/schema.org\",\"@graph\":[{\"@type\":[\"WebPage\",\"ItemPage\"],\"@id\":\"http:\\\/\\\/ruuby.ee\\\/pood\\\/kodusisustus\\\/kuunlad\\\/nore-lohnastatud-vahapala-apelsin-johvikas-kadakamari\\\/\",\"url\":\"http:\\\/\\\/ruuby.ee\\\/pood\\\/kodusisustus\\\/kuunlad\\\/nore-lohnastatud-vahapala-apelsin-johvikas-kadakamari\\\/\",\"name\":\"Nore - l\u00f5hnastatud vahapala Apelsin, j\u00f5hvikas, kadakamari - RUUBY\",\"isPartOf\":{\"@id\":\"http:\\\/\\\/ruuby.ee\\\/en\\\/#website\"},\"primaryImageOfPage\":{\"@id\":\"http:\\\/\\\/ruuby.ee\\\/pood\\\/kodusisustus\\\/kuunlad\\\/nore-lohnastatud-vahapala-apelsin-johvikas-kadakamari\\\/#primaryimage\"},\"image\":{\"@id\":\"http:\\\/\\\/ruuby.ee\\\/pood\\\/kodusisustus\\\/kuunlad\\\/nore-lohnastatud-vahapala-apelsin-johvikas-kadakamari\\\/#primaryimage\"},\"thumbnailUrl\":\"http:\\\/\\\/ruuby.ee\\\/wp-content\\\/uploads\\\/2023\\\/10\\\/Screenshot-2023-10-02-at-21.16.27.png\",\"datePublished\":\"2023-10-02T18:17:11+00:00\",\"dateModified\":\"2026-04-07T22:28:40+00:00\",\"breadcrumb\":{\"@id\":\"http:\\\/\\\/ruuby.ee\\\/pood\\\/kodusisustus\\\/kuunlad\\\/nore-lohnastatud-vahapala-apelsin-johvikas-kadakamari\\\/#breadcrumb\"},\"inLanguage\":\"en-GB\",\"potentialAction\":[{\"@type\":\"ReadAction\",\"target\":[\"http:\\\/\\\/ruuby.ee\\\/pood\\\/kodusisustus\\\/kuunlad\\\/nore-lohnastatud-vahapala-apelsin-johvikas-kadakamari\\\/\"]}]},{\"@type\":\"ImageObject\",\"inLanguage\":\"en-GB\",\"@id\":\"http:\\\/\\\/ruuby.ee\\\/pood\\\/kodusisustus\\\/kuunlad\\\/nore-lohnastatud-vahapala-apelsin-johvikas-kadakamari\\\/#primaryimage\",\"url\":\"http:\\\/\\\/ruuby.ee\\\/wp-content\\\/uploads\\\/2023\\\/10\\\/Screenshot-2023-10-02-at-21.16.27.png\",\"contentUrl\":\"http:\\\/\\\/ruuby.ee\\\/wp-content\\\/uploads\\\/2023\\\/10\\\/Screenshot-2023-10-02-at-21.16.27.png\",\"width\":964,\"height\":1202},{\"@type\":\"BreadcrumbList\",\"@id\":\"http:\\\/\\\/ruuby.ee\\\/pood\\\/kodusisustus\\\/kuunlad\\\/nore-lohnastatud-vahapala-apelsin-johvikas-kadakamari\\\/#breadcrumb\",\"itemListElement\":[{\"@type\":\"ListItem\",\"position\":1,\"name\":\"Kdu\",\"item\":\"http:\\\/\\\/ruuby.ee\\\/en\\\/\"},{\"@type\":\"ListItem\",\"position\":2,\"name\":\"Pood\",\"item\":\"http:\\\/\\\/ruuby.ee\\\/en\\\/pood\\\/\"},{\"@type\":\"ListItem\",\"position\":3,\"name\":\"Nore &#8211; l\u00f5hnastatud vahapala Apelsin, j\u00f5hvikas, kadakamari\"}]},{\"@type\":\"WebSite\",\"@id\":\"http:\\\/\\\/ruuby.ee\\\/en\\\/#website\",\"url\":\"http:\\\/\\\/ruuby.ee\\\/en\\\/\",\"name\":\"RUUBY\",\"description\":\"Ruubys on \u00fchendatud elustiil ja disain\",\"publisher\":{\"@id\":\"http:\\\/\\\/ruuby.ee\\\/en\\\/#organization\"},\"alternateName\":\"Ruuby Disain\",\"potentialAction\":[{\"@type\":\"SearchAction\",\"target\":{\"@type\":\"EntryPoint\",\"urlTemplate\":\"http:\\\/\\\/ruuby.ee\\\/en\\\/?s={search_term_string}\"},\"query-input\":{\"@type\":\"PropertyValueSpecification\",\"valueRequired\":true,\"valueName\":\"search_term_string\"}}],\"inLanguage\":\"en-GB\"},{\"@type\":\"Organization\",\"@id\":\"http:\\\/\\\/ruuby.ee\\\/en\\\/#organization\",\"name\":\"Ruuby Disain O\u00dc\",\"alternateName\":\"Ruuby\",\"url\":\"http:\\\/\\\/ruuby.ee\\\/en\\\/\",\"logo\":{\"@type\":\"ImageObject\",\"inLanguage\":\"en-GB\",\"@id\":\"http:\\\/\\\/ruuby.ee\\\/en\\\/#\\\/schema\\\/logo\\\/image\\\/\",\"url\":\"http:\\\/\\\/ruuby.ee\\\/wp-content\\\/uploads\\\/2023\\\/06\\\/cropped-Black-White-Elegant-Circle-Signature-Fashion-Logo-12_large.png\",\"contentUrl\":\"http:\\\/\\\/ruuby.ee\\\/wp-content\\\/uploads\\\/2023\\\/06\\\/cropped-Black-White-Elegant-Circle-Signature-Fashion-Logo-12_large.png\",\"width\":1280,\"height\":747,\"caption\":\"Ruuby Disain O\u00dc\"},\"image\":{\"@id\":\"http:\\\/\\\/ruuby.ee\\\/en\\\/#\\\/schema\\\/logo\\\/image\\\/\"},\"sameAs\":[\"https:\\\/\\\/www.facebook.com\\\/ruubyconcept\",\"https:\\\/\\\/www.instagram.com\\\/ruuby_concept\\\/\"]}]}<\/script>\n<!-- \/ Yoast SEO plugin. -->","yoast_head_json":{"title":"Nore - l\u00f5hnastatud vahapala Apelsin, j\u00f5hvikas, kadakamari - RUUBY","robots":{"index":"index","follow":"follow","max-snippet":"max-snippet:-1","max-image-preview":"max-image-preview:large","max-video-preview":"max-video-preview:-1"},"canonical":"http:\/\/ruuby.ee\/en\/pood\/kodusisustus\/kuunlad\/nore-lohnastatud-vahapala-apelsin-johvikas-kadakamari\/","og_locale":"en_GB","og_type":"article","og_title":"Nore - l\u00f5hnastatud vahapala Apelsin, j\u00f5hvikas, kadakamari - RUUBY","og_description":"Mahlane segu apelsinidest, j\u00f5hvikatest ja kadakamarjadest. L\u00f5hnale lisavad iseloomu leedrimarjad ja seederm\u00e4nni seemned. Nore l\u00f5hnastatud vahapalad valmivad k\u00e4sit\u00f6\u00f6na k\u00f5rge kvaliteediga 100% sojavahast ning k\u00f5rgekvaliteedilistest aroomi\u00f5lidest. Vahapalasid kaunistavad kuivatatud kadakamarjad. L\u00f5hnastatud vahapalad sobivad kasutamiseks keraamilises aroomilambis v\u00f5i elektroonilises vahasulatajas. Aseta vahapala aroomilambi n\u00f5usse ning s\u00fc\u00fcta alumises avas teek\u00fc\u00fcnal. Keraamiseses aroomilambis kasuta 4h teek\u00fc\u00fcnalt (mitte kasutada 8h [&hellip;]","og_url":"http:\/\/ruuby.ee\/en\/pood\/kodusisustus\/kuunlad\/nore-lohnastatud-vahapala-apelsin-johvikas-kadakamari\/","og_site_name":"RUUBY","article_publisher":"https:\/\/www.facebook.com\/ruubyconcept","article_modified_time":"2026-04-07T22:28:40+00:00","og_image":[{"width":964,"height":1202,"url":"http:\/\/ruuby.ee\/wp-content\/uploads\/2023\/10\/Screenshot-2023-10-02-at-21.16.27.png","type":"image\/png"}],"twitter_card":"summary_large_image","twitter_misc":{"Estimated reading time":"1 minute"},"schema":{"@context":"https:\/\/schema.org","@graph":[{"@type":["WebPage","ItemPage"],"@id":"http:\/\/ruuby.ee\/pood\/kodusisustus\/kuunlad\/nore-lohnastatud-vahapala-apelsin-johvikas-kadakamari\/","url":"http:\/\/ruuby.ee\/pood\/kodusisustus\/kuunlad\/nore-lohnastatud-vahapala-apelsin-johvikas-kadakamari\/","name":"Nore - l\u00f5hnastatud vahapala Apelsin, j\u00f5hvikas, kadakamari - RUUBY","isPartOf":{"@id":"http:\/\/ruuby.ee\/en\/#website"},"primaryImageOfPage":{"@id":"http:\/\/ruuby.ee\/pood\/kodusisustus\/kuunlad\/nore-lohnastatud-vahapala-apelsin-johvikas-kadakamari\/#primaryimage"},"image":{"@id":"http:\/\/ruuby.ee\/pood\/kodusisustus\/kuunlad\/nore-lohnastatud-vahapala-apelsin-johvikas-kadakamari\/#primaryimage"},"thumbnailUrl":"http:\/\/ruuby.ee\/wp-content\/uploads\/2023\/10\/Screenshot-2023-10-02-at-21.16.27.png","datePublished":"2023-10-02T18:17:11+00:00","dateModified":"2026-04-07T22:28:40+00:00","breadcrumb":{"@id":"http:\/\/ruuby.ee\/pood\/kodusisustus\/kuunlad\/nore-lohnastatud-vahapala-apelsin-johvikas-kadakamari\/#breadcrumb"},"inLanguage":"en-GB","potentialAction":[{"@type":"ReadAction","target":["http:\/\/ruuby.ee\/pood\/kodusisustus\/kuunlad\/nore-lohnastatud-vahapala-apelsin-johvikas-kadakamari\/"]}]},{"@type":"ImageObject","inLanguage":"en-GB","@id":"http:\/\/ruuby.ee\/pood\/kodusisustus\/kuunlad\/nore-lohnastatud-vahapala-apelsin-johvikas-kadakamari\/#primaryimage","url":"http:\/\/ruuby.ee\/wp-content\/uploads\/2023\/10\/Screenshot-2023-10-02-at-21.16.27.png","contentUrl":"http:\/\/ruuby.ee\/wp-content\/uploads\/2023\/10\/Screenshot-2023-10-02-at-21.16.27.png","width":964,"height":1202},{"@type":"BreadcrumbList","@id":"http:\/\/ruuby.ee\/pood\/kodusisustus\/kuunlad\/nore-lohnastatud-vahapala-apelsin-johvikas-kadakamari\/#breadcrumb","itemListElement":[{"@type":"ListItem","position":1,"name":"Kdu","item":"http:\/\/ruuby.ee\/en\/"},{"@type":"ListItem","position":2,"name":"Pood","item":"http:\/\/ruuby.ee\/en\/pood\/"},{"@type":"ListItem","position":3,"name":"Nore &#8211; l\u00f5hnastatud vahapala Apelsin, j\u00f5hvikas, kadakamari"}]},{"@type":"WebSite","@id":"http:\/\/ruuby.ee\/en\/#website","url":"http:\/\/ruuby.ee\/en\/","name":"RUUBY","description":"Ruubys on \u00fchendatud elustiil ja disain","publisher":{"@id":"http:\/\/ruuby.ee\/en\/#organization"},"alternateName":"Ruuby Disain","potentialAction":[{"@type":"SearchAction","target":{"@type":"EntryPoint","urlTemplate":"http:\/\/ruuby.ee\/en\/?s={search_term_string}"},"query-input":{"@type":"PropertyValueSpecification","valueRequired":true,"valueName":"search_term_string"}}],"inLanguage":"en-GB"},{"@type":"Organization","@id":"http:\/\/ruuby.ee\/en\/#organization","name":"Ruuby Disain O\u00dc","alternateName":"Ruuby","url":"http:\/\/ruuby.ee\/en\/","logo":{"@type":"ImageObject","inLanguage":"en-GB","@id":"http:\/\/ruuby.ee\/en\/#\/schema\/logo\/image\/","url":"http:\/\/ruuby.ee\/wp-content\/uploads\/2023\/06\/cropped-Black-White-Elegant-Circle-Signature-Fashion-Logo-12_large.png","contentUrl":"http:\/\/ruuby.ee\/wp-content\/uploads\/2023\/06\/cropped-Black-White-Elegant-Circle-Signature-Fashion-Logo-12_large.png","width":1280,"height":747,"caption":"Ruuby Disain O\u00dc"},"image":{"@id":"http:\/\/ruuby.ee\/en\/#\/schema\/logo\/image\/"},"sameAs":["https:\/\/www.facebook.com\/ruubyconcept","https:\/\/www.instagram.com\/ruuby_concept\/"]}]}},"jetpack_sharing_enabled":true,"_links":{"self":[{"href":"http:\/\/ruuby.ee\/en\/wp-json\/wp\/v2\/product\/1839693","targetHints":{"allow":["GET"]}}],"collection":[{"href":"http:\/\/ruuby.ee\/en\/wp-json\/wp\/v2\/product"}],"about":[{"href":"http:\/\/ruuby.ee\/en\/wp-json\/wp\/v2\/types\/product"}],"replies":[{"embeddable":true,"href":"http:\/\/ruuby.ee\/en\/wp-json\/wp\/v2\/comments?post=1839693"}],"wp:featuredmedia":[{"embeddable":true,"href":"http:\/\/ruuby.ee\/en\/wp-json\/wp\/v2\/media\/1839694"}],"wp:attachment":[{"href":"http:\/\/ruuby.ee\/en\/wp-json\/wp\/v2\/media?parent=1839693"}],"wp:term":[{"taxonomy":"product_brand","embeddable":true,"href":"http:\/\/ruuby.ee\/en\/wp-json\/wp\/v2\/product_brand?post=1839693"},{"taxonomy":"product_cat","embeddable":true,"href":"http:\/\/ruuby.ee\/en\/wp-json\/wp\/v2\/product_cat?post=1839693"},{"taxonomy":"product_tag","embeddable":true,"href":"http:\/\/ruuby.ee\/en\/wp-json\/wp\/v2\/product_tag?post=1839693"}],"curies":[{"name":"wp","href":"https:\/\/api.w.org\/{rel}","templated":true}]}}