{"id":1839612,"date":"2023-09-30T13:51:48","date_gmt":"2023-09-30T10:51:48","guid":{"rendered":"http:\/\/ruuby.ee\/?post_type=product&#038;p=1839612"},"modified":"2026-04-04T01:25:02","modified_gmt":"2026-04-03T22:25:02","slug":"umage-pikendatav-soogilaud-comfort-circle","status":"publish","type":"product","link":"http:\/\/ruuby.ee\/en\/pood\/kodusisustus\/moobel\/lauad\/umage-pikendatav-soogilaud-comfort-circle\/","title":{"rendered":"UMAGE &#8211; pikendatav s\u00f6\u00f6gilaud, Comfort Circle"},"content":{"rendered":"<p>Comfort Circle on pikendatav laud, kuhu mahub kuni k\u00fcmme inimest. Laua all on peidetud pikendusplaadid, et saaksite h\u00f5lpsasti lauale lisada, kui on vaja rohkem ruumi.<\/p>\n<p>Laua keskmist osa saab t\u00f5sta \u2013 nii pikendatuna kui ka pikendamata \u2013, mis r\u00f5hutab laua mitmek\u00fclgsust. T\u00f5stke keskosa laua kaunistuste ja lillede t\u00e4iustamiseks v\u00f5i toidu hoidmiseks. Ja kui soovite lisada laudlina, saate keskosa h\u00f5lpsalt \u00fclej\u00e4\u00e4nud lauaga joondada.<\/p>\n<p>Pikendatava Comfort Circle&#8217;i paindlik disain ja peen kergus muudavad laua suurep\u00e4raseks lahenduseks v\u00e4iksematesse ruumidesse \u2013 aga paistab silma ka suuremates s\u00f6\u00f6gitubades.<\/p>\n<p>Saadaval tamme ja tumeda tammega siledate v\u00f5i laineliste jalgadega.<\/p>\n<p>M\u00f5\u00f5dud:\u00a074,7 \u00d7 132 \u00d7 132 cm (pikendamata),\u00a074,7 \u00d7 202 \u00d7 132 cm (pikendatud)<\/p>\n<p>Kaal: 50kg<\/p>\n<p>Materjal: T\u00e4ispuidust tamm, MDF ja teras<\/p>\n<p>&nbsp;<\/p>","protected":false},"excerpt":{"rendered":"<p>Comfort Circle on pikendatav laud, kuhu mahub kuni k\u00fcmme inimest. Laua all on peidetud pikendusplaadid, et saaksite h\u00f5lpsasti lauale lisada, kui on vaja rohkem ruumi. Laua keskmist osa saab t\u00f5sta \u2013 nii pikendatuna kui ka pikendamata \u2013, mis r\u00f5hutab laua mitmek\u00fclgsust. T\u00f5stke keskosa laua kaunistuste ja lillede t\u00e4iustamiseks v\u00f5i toidu hoidmiseks. Ja kui soovite lisada [&hellip;]<\/p>\n","protected":false},"featured_media":1839616,"comment_status":"open","ping_status":"closed","template":"","meta":[],"product_brand":[],"product_cat":[556],"product_tag":[156,235,352,150],"class_list":{"0":"post-1839612","1":"product","2":"type-product","3":"status-publish","4":"has-post-thumbnail","6":"product_cat-lauad","7":"product_tag-moobel","8":"product_tag-sisustus","9":"product_tag-soogilaud","10":"product_tag-umage","12":"first","13":"onbackorder","14":"taxable","15":"shipping-taxable","16":"purchasable","17":"product-type-variable","18":"rtwpvs-product"},"yoast_head":"<!-- This site is optimized with the Yoast SEO plugin v27.2 - https:\/\/yoast.com\/product\/yoast-seo-wordpress\/ -->\n<title>UMAGE - pikendatav s\u00f6\u00f6gilaud, Comfort Circle - RUUBY<\/title>\n<meta name=\"robots\" content=\"index, follow, max-snippet:-1, max-image-preview:large, max-video-preview:-1\" \/>\n<link rel=\"canonical\" href=\"http:\/\/ruuby.ee\/en\/pood\/kodusisustus\/moobel\/lauad\/umage-pikendatav-soogilaud-comfort-circle\/\" \/>\n<meta property=\"og:locale\" content=\"en_GB\" \/>\n<meta property=\"og:type\" content=\"article\" \/>\n<meta property=\"og:title\" content=\"UMAGE - pikendatav s\u00f6\u00f6gilaud, Comfort Circle - RUUBY\" \/>\n<meta property=\"og:description\" content=\"Comfort Circle on pikendatav laud, kuhu mahub kuni k\u00fcmme inimest. Laua all on peidetud pikendusplaadid, et saaksite h\u00f5lpsasti lauale lisada, kui on vaja rohkem ruumi. Laua keskmist osa saab t\u00f5sta \u2013 nii pikendatuna kui ka pikendamata \u2013, mis r\u00f5hutab laua mitmek\u00fclgsust. T\u00f5stke keskosa laua kaunistuste ja lillede t\u00e4iustamiseks v\u00f5i toidu hoidmiseks. Ja kui soovite lisada [&hellip;]\" \/>\n<meta property=\"og:url\" content=\"http:\/\/ruuby.ee\/en\/pood\/kodusisustus\/moobel\/lauad\/umage-pikendatav-soogilaud-comfort-circle\/\" \/>\n<meta property=\"og:site_name\" content=\"RUUBY\" \/>\n<meta property=\"article:publisher\" content=\"https:\/\/www.facebook.com\/ruubyconcept\" \/>\n<meta property=\"article:modified_time\" content=\"2026-04-03T22:25:02+00:00\" \/>\n<meta property=\"og:image\" content=\"http:\/\/ruuby.ee\/wp-content\/uploads\/2023\/09\/Screenshot-2023-09-30-at-13.15.01.png\" \/>\n\t<meta property=\"og:image:width\" content=\"826\" \/>\n\t<meta property=\"og:image:height\" content=\"580\" \/>\n\t<meta property=\"og:image:type\" content=\"image\/png\" \/>\n<meta name=\"twitter:card\" content=\"summary_large_image\" \/>\n<meta name=\"twitter:label1\" content=\"Estimated reading time\" \/>\n\t<meta name=\"twitter:data1\" content=\"1 minute\" \/>\n<script type=\"application\/ld+json\" class=\"yoast-schema-graph\">{\"@context\":\"https:\/\/schema.org\",\"@graph\":[{\"@type\":[\"WebPage\",\"ItemPage\"],\"@id\":\"http:\/\/ruuby.ee\/en\/pood\/kodusisustus\/moobel\/lauad\/umage-pikendatav-soogilaud-comfort-circle\/\",\"url\":\"http:\/\/ruuby.ee\/en\/pood\/kodusisustus\/moobel\/lauad\/umage-pikendatav-soogilaud-comfort-circle\/\",\"name\":\"UMAGE - pikendatav s\u00f6\u00f6gilaud, Comfort Circle - RUUBY\",\"isPartOf\":{\"@id\":\"https:\/\/ruuby.ee\/en\/#website\"},\"primaryImageOfPage\":{\"@id\":\"http:\/\/ruuby.ee\/en\/pood\/kodusisustus\/moobel\/lauad\/umage-pikendatav-soogilaud-comfort-circle\/#primaryimage\"},\"image\":{\"@id\":\"http:\/\/ruuby.ee\/en\/pood\/kodusisustus\/moobel\/lauad\/umage-pikendatav-soogilaud-comfort-circle\/#primaryimage\"},\"thumbnailUrl\":\"http:\/\/ruuby.ee\/wp-content\/uploads\/2023\/09\/Screenshot-2023-09-30-at-13.15.01.png\",\"datePublished\":\"2023-09-30T10:51:48+00:00\",\"dateModified\":\"2026-04-03T22:25:02+00:00\",\"breadcrumb\":{\"@id\":\"http:\/\/ruuby.ee\/en\/pood\/kodusisustus\/moobel\/lauad\/umage-pikendatav-soogilaud-comfort-circle\/#breadcrumb\"},\"inLanguage\":\"en-GB\",\"potentialAction\":[{\"@type\":\"ReadAction\",\"target\":[\"http:\/\/ruuby.ee\/en\/pood\/kodusisustus\/moobel\/lauad\/umage-pikendatav-soogilaud-comfort-circle\/\"]}]},{\"@type\":\"ImageObject\",\"inLanguage\":\"en-GB\",\"@id\":\"http:\/\/ruuby.ee\/en\/pood\/kodusisustus\/moobel\/lauad\/umage-pikendatav-soogilaud-comfort-circle\/#primaryimage\",\"url\":\"http:\/\/ruuby.ee\/wp-content\/uploads\/2023\/09\/Screenshot-2023-09-30-at-13.15.01.png\",\"contentUrl\":\"http:\/\/ruuby.ee\/wp-content\/uploads\/2023\/09\/Screenshot-2023-09-30-at-13.15.01.png\",\"width\":826,\"height\":580},{\"@type\":\"BreadcrumbList\",\"@id\":\"http:\/\/ruuby.ee\/en\/pood\/kodusisustus\/moobel\/lauad\/umage-pikendatav-soogilaud-comfort-circle\/#breadcrumb\",\"itemListElement\":[{\"@type\":\"ListItem\",\"position\":1,\"name\":\"Kdu\",\"item\":\"https:\/\/ruuby.ee\/en\/\"},{\"@type\":\"ListItem\",\"position\":2,\"name\":\"Pood\",\"item\":\"https:\/\/ruuby.ee\/pood\/\"},{\"@type\":\"ListItem\",\"position\":3,\"name\":\"UMAGE &#8211; pikendatav s\u00f6\u00f6gilaud, Comfort Circle\"}]},{\"@type\":\"WebSite\",\"@id\":\"https:\/\/ruuby.ee\/en\/#website\",\"url\":\"https:\/\/ruuby.ee\/en\/\",\"name\":\"RUUBY\",\"description\":\"Ruubys on \u00fchendatud elustiil ja disain\",\"publisher\":{\"@id\":\"https:\/\/ruuby.ee\/en\/#organization\"},\"alternateName\":\"Ruuby Disain\",\"potentialAction\":[{\"@type\":\"SearchAction\",\"target\":{\"@type\":\"EntryPoint\",\"urlTemplate\":\"https:\/\/ruuby.ee\/en\/?s={search_term_string}\"},\"query-input\":{\"@type\":\"PropertyValueSpecification\",\"valueRequired\":true,\"valueName\":\"search_term_string\"}}],\"inLanguage\":\"en-GB\"},{\"@type\":\"Organization\",\"@id\":\"https:\/\/ruuby.ee\/en\/#organization\",\"name\":\"Ruuby Disain O\u00dc\",\"alternateName\":\"Ruuby\",\"url\":\"https:\/\/ruuby.ee\/en\/\",\"logo\":{\"@type\":\"ImageObject\",\"inLanguage\":\"en-GB\",\"@id\":\"https:\/\/ruuby.ee\/en\/#\/schema\/logo\/image\/\",\"url\":\"http:\/\/ruuby.ee\/wp-content\/uploads\/2023\/06\/cropped-Black-White-Elegant-Circle-Signature-Fashion-Logo-12_large.png\",\"contentUrl\":\"http:\/\/ruuby.ee\/wp-content\/uploads\/2023\/06\/cropped-Black-White-Elegant-Circle-Signature-Fashion-Logo-12_large.png\",\"width\":1280,\"height\":747,\"caption\":\"Ruuby Disain O\u00dc\"},\"image\":{\"@id\":\"https:\/\/ruuby.ee\/en\/#\/schema\/logo\/image\/\"},\"sameAs\":[\"https:\/\/www.facebook.com\/ruubyconcept\",\"https:\/\/www.instagram.com\/ruuby_concept\/\"]}]}<\/script>\n<!-- \/ Yoast SEO plugin. -->","yoast_head_json":{"title":"UMAGE - pikendatav s\u00f6\u00f6gilaud, Comfort Circle - RUUBY","robots":{"index":"index","follow":"follow","max-snippet":"max-snippet:-1","max-image-preview":"max-image-preview:large","max-video-preview":"max-video-preview:-1"},"canonical":"http:\/\/ruuby.ee\/en\/pood\/kodusisustus\/moobel\/lauad\/umage-pikendatav-soogilaud-comfort-circle\/","og_locale":"en_GB","og_type":"article","og_title":"UMAGE - pikendatav s\u00f6\u00f6gilaud, Comfort Circle - RUUBY","og_description":"Comfort Circle on pikendatav laud, kuhu mahub kuni k\u00fcmme inimest. Laua all on peidetud pikendusplaadid, et saaksite h\u00f5lpsasti lauale lisada, kui on vaja rohkem ruumi. Laua keskmist osa saab t\u00f5sta \u2013 nii pikendatuna kui ka pikendamata \u2013, mis r\u00f5hutab laua mitmek\u00fclgsust. T\u00f5stke keskosa laua kaunistuste ja lillede t\u00e4iustamiseks v\u00f5i toidu hoidmiseks. Ja kui soovite lisada [&hellip;]","og_url":"http:\/\/ruuby.ee\/en\/pood\/kodusisustus\/moobel\/lauad\/umage-pikendatav-soogilaud-comfort-circle\/","og_site_name":"RUUBY","article_publisher":"https:\/\/www.facebook.com\/ruubyconcept","article_modified_time":"2026-04-03T22:25:02+00:00","og_image":[{"width":826,"height":580,"url":"http:\/\/ruuby.ee\/wp-content\/uploads\/2023\/09\/Screenshot-2023-09-30-at-13.15.01.png","type":"image\/png"}],"twitter_card":"summary_large_image","twitter_misc":{"Estimated reading time":"1 minute"},"schema":{"@context":"https:\/\/schema.org","@graph":[{"@type":["WebPage","ItemPage"],"@id":"http:\/\/ruuby.ee\/en\/pood\/kodusisustus\/moobel\/lauad\/umage-pikendatav-soogilaud-comfort-circle\/","url":"http:\/\/ruuby.ee\/en\/pood\/kodusisustus\/moobel\/lauad\/umage-pikendatav-soogilaud-comfort-circle\/","name":"UMAGE - pikendatav s\u00f6\u00f6gilaud, Comfort Circle - RUUBY","isPartOf":{"@id":"https:\/\/ruuby.ee\/en\/#website"},"primaryImageOfPage":{"@id":"http:\/\/ruuby.ee\/en\/pood\/kodusisustus\/moobel\/lauad\/umage-pikendatav-soogilaud-comfort-circle\/#primaryimage"},"image":{"@id":"http:\/\/ruuby.ee\/en\/pood\/kodusisustus\/moobel\/lauad\/umage-pikendatav-soogilaud-comfort-circle\/#primaryimage"},"thumbnailUrl":"http:\/\/ruuby.ee\/wp-content\/uploads\/2023\/09\/Screenshot-2023-09-30-at-13.15.01.png","datePublished":"2023-09-30T10:51:48+00:00","dateModified":"2026-04-03T22:25:02+00:00","breadcrumb":{"@id":"http:\/\/ruuby.ee\/en\/pood\/kodusisustus\/moobel\/lauad\/umage-pikendatav-soogilaud-comfort-circle\/#breadcrumb"},"inLanguage":"en-GB","potentialAction":[{"@type":"ReadAction","target":["http:\/\/ruuby.ee\/en\/pood\/kodusisustus\/moobel\/lauad\/umage-pikendatav-soogilaud-comfort-circle\/"]}]},{"@type":"ImageObject","inLanguage":"en-GB","@id":"http:\/\/ruuby.ee\/en\/pood\/kodusisustus\/moobel\/lauad\/umage-pikendatav-soogilaud-comfort-circle\/#primaryimage","url":"http:\/\/ruuby.ee\/wp-content\/uploads\/2023\/09\/Screenshot-2023-09-30-at-13.15.01.png","contentUrl":"http:\/\/ruuby.ee\/wp-content\/uploads\/2023\/09\/Screenshot-2023-09-30-at-13.15.01.png","width":826,"height":580},{"@type":"BreadcrumbList","@id":"http:\/\/ruuby.ee\/en\/pood\/kodusisustus\/moobel\/lauad\/umage-pikendatav-soogilaud-comfort-circle\/#breadcrumb","itemListElement":[{"@type":"ListItem","position":1,"name":"Kdu","item":"https:\/\/ruuby.ee\/en\/"},{"@type":"ListItem","position":2,"name":"Pood","item":"https:\/\/ruuby.ee\/pood\/"},{"@type":"ListItem","position":3,"name":"UMAGE &#8211; pikendatav s\u00f6\u00f6gilaud, Comfort Circle"}]},{"@type":"WebSite","@id":"https:\/\/ruuby.ee\/en\/#website","url":"https:\/\/ruuby.ee\/en\/","name":"RUUBY","description":"Ruubys on \u00fchendatud elustiil ja disain","publisher":{"@id":"https:\/\/ruuby.ee\/en\/#organization"},"alternateName":"Ruuby Disain","potentialAction":[{"@type":"SearchAction","target":{"@type":"EntryPoint","urlTemplate":"https:\/\/ruuby.ee\/en\/?s={search_term_string}"},"query-input":{"@type":"PropertyValueSpecification","valueRequired":true,"valueName":"search_term_string"}}],"inLanguage":"en-GB"},{"@type":"Organization","@id":"https:\/\/ruuby.ee\/en\/#organization","name":"Ruuby Disain O\u00dc","alternateName":"Ruuby","url":"https:\/\/ruuby.ee\/en\/","logo":{"@type":"ImageObject","inLanguage":"en-GB","@id":"https:\/\/ruuby.ee\/en\/#\/schema\/logo\/image\/","url":"http:\/\/ruuby.ee\/wp-content\/uploads\/2023\/06\/cropped-Black-White-Elegant-Circle-Signature-Fashion-Logo-12_large.png","contentUrl":"http:\/\/ruuby.ee\/wp-content\/uploads\/2023\/06\/cropped-Black-White-Elegant-Circle-Signature-Fashion-Logo-12_large.png","width":1280,"height":747,"caption":"Ruuby Disain O\u00dc"},"image":{"@id":"https:\/\/ruuby.ee\/en\/#\/schema\/logo\/image\/"},"sameAs":["https:\/\/www.facebook.com\/ruubyconcept","https:\/\/www.instagram.com\/ruuby_concept\/"]}]}},"jetpack_sharing_enabled":true,"_links":{"self":[{"href":"http:\/\/ruuby.ee\/en\/wp-json\/wp\/v2\/product\/1839612","targetHints":{"allow":["GET"]}}],"collection":[{"href":"http:\/\/ruuby.ee\/en\/wp-json\/wp\/v2\/product"}],"about":[{"href":"http:\/\/ruuby.ee\/en\/wp-json\/wp\/v2\/types\/product"}],"replies":[{"embeddable":true,"href":"http:\/\/ruuby.ee\/en\/wp-json\/wp\/v2\/comments?post=1839612"}],"wp:featuredmedia":[{"embeddable":true,"href":"http:\/\/ruuby.ee\/en\/wp-json\/wp\/v2\/media\/1839616"}],"wp:attachment":[{"href":"http:\/\/ruuby.ee\/en\/wp-json\/wp\/v2\/media?parent=1839612"}],"wp:term":[{"taxonomy":"product_brand","embeddable":true,"href":"http:\/\/ruuby.ee\/en\/wp-json\/wp\/v2\/product_brand?post=1839612"},{"taxonomy":"product_cat","embeddable":true,"href":"http:\/\/ruuby.ee\/en\/wp-json\/wp\/v2\/product_cat?post=1839612"},{"taxonomy":"product_tag","embeddable":true,"href":"http:\/\/ruuby.ee\/en\/wp-json\/wp\/v2\/product_tag?post=1839612"}],"curies":[{"name":"wp","href":"https:\/\/api.w.org\/{rel}","templated":true}]}}