{"id":1839562,"date":"2023-09-28T15:32:22","date_gmt":"2023-09-28T12:32:22","guid":{"rendered":"http:\/\/ruuby.ee\/?post_type=product&#038;p=1839562"},"modified":"2026-04-04T01:25:02","modified_gmt":"2026-04-03T22:25:02","slug":"omy-aksessuaaride-meisterdamise-komplekt-magic-do","status":"publish","type":"product","link":"http:\/\/ruuby.ee\/en\/pood\/lapsed\/meisterdamine\/voolimine\/omy-aksessuaaride-meisterdamise-komplekt-magic-do\/","title":{"rendered":"OMY &#8211; Aksessuaaride meisterdamise komplekt, Magic-Do"},"content":{"rendered":"<p>Vabastage oma kujutlusv\u00f5ime Magic-do komplektiga, et luua k\u00f5ige kaunimad tarvikud!<\/p>\n<p>DIY komplekt, mis on spetsiaalselt loodud lastele, kes soovivad end modellikunsti kaudu v\u00e4ljendada.<\/p>\n<p>Sisaldab illustreeritud samm-sammult juhiseid, mis juhendavad neid oma loomingus.<\/p>\n<p>L\u00f5bus ja loominguline kogemus t\u00e4nu meie originaalsele, eriti kergele voolimissavile, mis kuivab \u00f5hu k\u00e4es 48 tunniga.<br \/>\nTegevus, mida teha \u00fcksi v\u00f5i koos teistega, arendada laste motoorseid oskusi ja osavust.<\/p>\n<p>Sellesse komplekti kuuluvad:<\/p>\n<p>5 purki eriti kerget voolimissavi;<\/p>\n<p>8 tarvikut: 3 klambrit, 3 r\u00f5ngast ja 2 lahtist r\u00f5ngast;<\/p>\n<p>1 meeter fluorestsentsniiti;<\/p>\n<p>2 modelleerimist\u00f6\u00f6riista;<\/p>\n<p>1 samm-sammult illustreeritud juhend.<\/p>\n<p>&nbsp;<\/p>","protected":false},"excerpt":{"rendered":"<p>Vabastage oma kujutlusv\u00f5ime Magic-do komplektiga, et luua k\u00f5ige kaunimad tarvikud! DIY komplekt, mis on spetsiaalselt loodud lastele, kes soovivad end modellikunsti kaudu v\u00e4ljendada. Sisaldab illustreeritud samm-sammult juhiseid, mis juhendavad neid oma loomingus. L\u00f5bus ja loominguline kogemus t\u00e4nu meie originaalsele, eriti kergele voolimissavile, mis kuivab \u00f5hu k\u00e4es 48 tunniga. Tegevus, mida teha \u00fcksi v\u00f5i koos teistega, [&hellip;]<\/p>\n","protected":false},"featured_media":1839563,"comment_status":"open","ping_status":"closed","template":"","meta":[],"product_brand":[],"product_cat":[22,67,665],"product_tag":[],"class_list":{"0":"post-1839562","1":"product","2":"type-product","3":"status-publish","4":"has-post-thumbnail","6":"product_cat-lapsed","7":"product_cat-meisterdamine","8":"product_cat-voolimine","10":"first","11":"instock","12":"taxable","13":"shipping-taxable","14":"purchasable","15":"product-type-simple"},"yoast_head":"<!-- This site is optimized with the Yoast SEO plugin v27.2 - https:\/\/yoast.com\/product\/yoast-seo-wordpress\/ -->\n<title>OMY - Aksessuaaride meisterdamise komplekt, Magic-Do - RUUBY<\/title>\n<meta name=\"robots\" content=\"index, follow, max-snippet:-1, max-image-preview:large, max-video-preview:-1\" \/>\n<link rel=\"canonical\" href=\"http:\/\/ruuby.ee\/en\/pood\/lapsed\/meisterdamine\/voolimine\/omy-aksessuaaride-meisterdamise-komplekt-magic-do\/\" \/>\n<meta property=\"og:locale\" content=\"en_GB\" \/>\n<meta property=\"og:type\" content=\"article\" \/>\n<meta property=\"og:title\" content=\"OMY - Aksessuaaride meisterdamise komplekt, Magic-Do - RUUBY\" \/>\n<meta property=\"og:description\" content=\"Vabastage oma kujutlusv\u00f5ime Magic-do komplektiga, et luua k\u00f5ige kaunimad tarvikud! DIY komplekt, mis on spetsiaalselt loodud lastele, kes soovivad end modellikunsti kaudu v\u00e4ljendada. Sisaldab illustreeritud samm-sammult juhiseid, mis juhendavad neid oma loomingus. L\u00f5bus ja loominguline kogemus t\u00e4nu meie originaalsele, eriti kergele voolimissavile, mis kuivab \u00f5hu k\u00e4es 48 tunniga. Tegevus, mida teha \u00fcksi v\u00f5i koos teistega, [&hellip;]\" \/>\n<meta property=\"og:url\" content=\"http:\/\/ruuby.ee\/en\/pood\/lapsed\/meisterdamine\/voolimine\/omy-aksessuaaride-meisterdamise-komplekt-magic-do\/\" \/>\n<meta property=\"og:site_name\" content=\"RUUBY\" \/>\n<meta property=\"article:publisher\" content=\"https:\/\/www.facebook.com\/ruubyconcept\" \/>\n<meta property=\"article:modified_time\" content=\"2026-04-03T22:25:02+00:00\" \/>\n<meta property=\"og:image\" content=\"http:\/\/ruuby.ee\/wp-content\/uploads\/2023\/09\/Screenshot-2023-09-28-at-15.29.53.png\" \/>\n\t<meta property=\"og:image:width\" content=\"1176\" \/>\n\t<meta property=\"og:image:height\" content=\"1176\" \/>\n\t<meta property=\"og:image:type\" content=\"image\/png\" \/>\n<meta name=\"twitter:card\" content=\"summary_large_image\" \/>\n<meta name=\"twitter:label1\" content=\"Estimated reading time\" \/>\n\t<meta name=\"twitter:data1\" content=\"1 minute\" \/>\n<script type=\"application\/ld+json\" class=\"yoast-schema-graph\">{\"@context\":\"https:\/\/schema.org\",\"@graph\":[{\"@type\":[\"WebPage\",\"ItemPage\"],\"@id\":\"http:\/\/ruuby.ee\/pood\/lapsed\/meisterdamine\/voolimine\/omy-aksessuaaride-meisterdamise-komplekt-magic-do\/\",\"url\":\"http:\/\/ruuby.ee\/pood\/lapsed\/meisterdamine\/voolimine\/omy-aksessuaaride-meisterdamise-komplekt-magic-do\/\",\"name\":\"OMY - Aksessuaaride meisterdamise komplekt, Magic-Do - RUUBY\",\"isPartOf\":{\"@id\":\"https:\/\/ruuby.ee\/en\/#website\"},\"primaryImageOfPage\":{\"@id\":\"http:\/\/ruuby.ee\/pood\/lapsed\/meisterdamine\/voolimine\/omy-aksessuaaride-meisterdamise-komplekt-magic-do\/#primaryimage\"},\"image\":{\"@id\":\"http:\/\/ruuby.ee\/pood\/lapsed\/meisterdamine\/voolimine\/omy-aksessuaaride-meisterdamise-komplekt-magic-do\/#primaryimage\"},\"thumbnailUrl\":\"http:\/\/ruuby.ee\/wp-content\/uploads\/2023\/09\/Screenshot-2023-09-28-at-15.29.53.png\",\"datePublished\":\"2023-09-28T12:32:22+00:00\",\"dateModified\":\"2026-04-03T22:25:02+00:00\",\"breadcrumb\":{\"@id\":\"http:\/\/ruuby.ee\/pood\/lapsed\/meisterdamine\/voolimine\/omy-aksessuaaride-meisterdamise-komplekt-magic-do\/#breadcrumb\"},\"inLanguage\":\"en-GB\",\"potentialAction\":[{\"@type\":\"ReadAction\",\"target\":[\"http:\/\/ruuby.ee\/pood\/lapsed\/meisterdamine\/voolimine\/omy-aksessuaaride-meisterdamise-komplekt-magic-do\/\"]}]},{\"@type\":\"ImageObject\",\"inLanguage\":\"en-GB\",\"@id\":\"http:\/\/ruuby.ee\/pood\/lapsed\/meisterdamine\/voolimine\/omy-aksessuaaride-meisterdamise-komplekt-magic-do\/#primaryimage\",\"url\":\"http:\/\/ruuby.ee\/wp-content\/uploads\/2023\/09\/Screenshot-2023-09-28-at-15.29.53.png\",\"contentUrl\":\"http:\/\/ruuby.ee\/wp-content\/uploads\/2023\/09\/Screenshot-2023-09-28-at-15.29.53.png\",\"width\":1176,\"height\":1176},{\"@type\":\"BreadcrumbList\",\"@id\":\"http:\/\/ruuby.ee\/pood\/lapsed\/meisterdamine\/voolimine\/omy-aksessuaaride-meisterdamise-komplekt-magic-do\/#breadcrumb\",\"itemListElement\":[{\"@type\":\"ListItem\",\"position\":1,\"name\":\"Kdu\",\"item\":\"https:\/\/ruuby.ee\/en\/\"},{\"@type\":\"ListItem\",\"position\":2,\"name\":\"Pood\",\"item\":\"https:\/\/ruuby.ee\/pood\/\"},{\"@type\":\"ListItem\",\"position\":3,\"name\":\"OMY &#8211; Aksessuaaride meisterdamise komplekt, Magic-Do\"}]},{\"@type\":\"WebSite\",\"@id\":\"https:\/\/ruuby.ee\/en\/#website\",\"url\":\"https:\/\/ruuby.ee\/en\/\",\"name\":\"RUUBY\",\"description\":\"Ruubys on \u00fchendatud elustiil ja disain\",\"publisher\":{\"@id\":\"https:\/\/ruuby.ee\/en\/#organization\"},\"alternateName\":\"Ruuby Disain\",\"potentialAction\":[{\"@type\":\"SearchAction\",\"target\":{\"@type\":\"EntryPoint\",\"urlTemplate\":\"https:\/\/ruuby.ee\/en\/?s={search_term_string}\"},\"query-input\":{\"@type\":\"PropertyValueSpecification\",\"valueRequired\":true,\"valueName\":\"search_term_string\"}}],\"inLanguage\":\"en-GB\"},{\"@type\":\"Organization\",\"@id\":\"https:\/\/ruuby.ee\/en\/#organization\",\"name\":\"Ruuby Disain O\u00dc\",\"alternateName\":\"Ruuby\",\"url\":\"https:\/\/ruuby.ee\/en\/\",\"logo\":{\"@type\":\"ImageObject\",\"inLanguage\":\"en-GB\",\"@id\":\"https:\/\/ruuby.ee\/en\/#\/schema\/logo\/image\/\",\"url\":\"http:\/\/ruuby.ee\/wp-content\/uploads\/2023\/06\/cropped-Black-White-Elegant-Circle-Signature-Fashion-Logo-12_large.png\",\"contentUrl\":\"http:\/\/ruuby.ee\/wp-content\/uploads\/2023\/06\/cropped-Black-White-Elegant-Circle-Signature-Fashion-Logo-12_large.png\",\"width\":1280,\"height\":747,\"caption\":\"Ruuby Disain O\u00dc\"},\"image\":{\"@id\":\"https:\/\/ruuby.ee\/en\/#\/schema\/logo\/image\/\"},\"sameAs\":[\"https:\/\/www.facebook.com\/ruubyconcept\",\"https:\/\/www.instagram.com\/ruuby_concept\/\"]}]}<\/script>\n<!-- \/ Yoast SEO plugin. -->","yoast_head_json":{"title":"OMY - Aksessuaaride meisterdamise komplekt, Magic-Do - RUUBY","robots":{"index":"index","follow":"follow","max-snippet":"max-snippet:-1","max-image-preview":"max-image-preview:large","max-video-preview":"max-video-preview:-1"},"canonical":"http:\/\/ruuby.ee\/en\/pood\/lapsed\/meisterdamine\/voolimine\/omy-aksessuaaride-meisterdamise-komplekt-magic-do\/","og_locale":"en_GB","og_type":"article","og_title":"OMY - Aksessuaaride meisterdamise komplekt, Magic-Do - RUUBY","og_description":"Vabastage oma kujutlusv\u00f5ime Magic-do komplektiga, et luua k\u00f5ige kaunimad tarvikud! DIY komplekt, mis on spetsiaalselt loodud lastele, kes soovivad end modellikunsti kaudu v\u00e4ljendada. Sisaldab illustreeritud samm-sammult juhiseid, mis juhendavad neid oma loomingus. L\u00f5bus ja loominguline kogemus t\u00e4nu meie originaalsele, eriti kergele voolimissavile, mis kuivab \u00f5hu k\u00e4es 48 tunniga. Tegevus, mida teha \u00fcksi v\u00f5i koos teistega, [&hellip;]","og_url":"http:\/\/ruuby.ee\/en\/pood\/lapsed\/meisterdamine\/voolimine\/omy-aksessuaaride-meisterdamise-komplekt-magic-do\/","og_site_name":"RUUBY","article_publisher":"https:\/\/www.facebook.com\/ruubyconcept","article_modified_time":"2026-04-03T22:25:02+00:00","og_image":[{"width":1176,"height":1176,"url":"http:\/\/ruuby.ee\/wp-content\/uploads\/2023\/09\/Screenshot-2023-09-28-at-15.29.53.png","type":"image\/png"}],"twitter_card":"summary_large_image","twitter_misc":{"Estimated reading time":"1 minute"},"schema":{"@context":"https:\/\/schema.org","@graph":[{"@type":["WebPage","ItemPage"],"@id":"http:\/\/ruuby.ee\/pood\/lapsed\/meisterdamine\/voolimine\/omy-aksessuaaride-meisterdamise-komplekt-magic-do\/","url":"http:\/\/ruuby.ee\/pood\/lapsed\/meisterdamine\/voolimine\/omy-aksessuaaride-meisterdamise-komplekt-magic-do\/","name":"OMY - Aksessuaaride meisterdamise komplekt, Magic-Do - RUUBY","isPartOf":{"@id":"https:\/\/ruuby.ee\/en\/#website"},"primaryImageOfPage":{"@id":"http:\/\/ruuby.ee\/pood\/lapsed\/meisterdamine\/voolimine\/omy-aksessuaaride-meisterdamise-komplekt-magic-do\/#primaryimage"},"image":{"@id":"http:\/\/ruuby.ee\/pood\/lapsed\/meisterdamine\/voolimine\/omy-aksessuaaride-meisterdamise-komplekt-magic-do\/#primaryimage"},"thumbnailUrl":"http:\/\/ruuby.ee\/wp-content\/uploads\/2023\/09\/Screenshot-2023-09-28-at-15.29.53.png","datePublished":"2023-09-28T12:32:22+00:00","dateModified":"2026-04-03T22:25:02+00:00","breadcrumb":{"@id":"http:\/\/ruuby.ee\/pood\/lapsed\/meisterdamine\/voolimine\/omy-aksessuaaride-meisterdamise-komplekt-magic-do\/#breadcrumb"},"inLanguage":"en-GB","potentialAction":[{"@type":"ReadAction","target":["http:\/\/ruuby.ee\/pood\/lapsed\/meisterdamine\/voolimine\/omy-aksessuaaride-meisterdamise-komplekt-magic-do\/"]}]},{"@type":"ImageObject","inLanguage":"en-GB","@id":"http:\/\/ruuby.ee\/pood\/lapsed\/meisterdamine\/voolimine\/omy-aksessuaaride-meisterdamise-komplekt-magic-do\/#primaryimage","url":"http:\/\/ruuby.ee\/wp-content\/uploads\/2023\/09\/Screenshot-2023-09-28-at-15.29.53.png","contentUrl":"http:\/\/ruuby.ee\/wp-content\/uploads\/2023\/09\/Screenshot-2023-09-28-at-15.29.53.png","width":1176,"height":1176},{"@type":"BreadcrumbList","@id":"http:\/\/ruuby.ee\/pood\/lapsed\/meisterdamine\/voolimine\/omy-aksessuaaride-meisterdamise-komplekt-magic-do\/#breadcrumb","itemListElement":[{"@type":"ListItem","position":1,"name":"Kdu","item":"https:\/\/ruuby.ee\/en\/"},{"@type":"ListItem","position":2,"name":"Pood","item":"https:\/\/ruuby.ee\/pood\/"},{"@type":"ListItem","position":3,"name":"OMY &#8211; Aksessuaaride meisterdamise komplekt, Magic-Do"}]},{"@type":"WebSite","@id":"https:\/\/ruuby.ee\/en\/#website","url":"https:\/\/ruuby.ee\/en\/","name":"RUUBY","description":"Ruubys on \u00fchendatud elustiil ja disain","publisher":{"@id":"https:\/\/ruuby.ee\/en\/#organization"},"alternateName":"Ruuby Disain","potentialAction":[{"@type":"SearchAction","target":{"@type":"EntryPoint","urlTemplate":"https:\/\/ruuby.ee\/en\/?s={search_term_string}"},"query-input":{"@type":"PropertyValueSpecification","valueRequired":true,"valueName":"search_term_string"}}],"inLanguage":"en-GB"},{"@type":"Organization","@id":"https:\/\/ruuby.ee\/en\/#organization","name":"Ruuby Disain O\u00dc","alternateName":"Ruuby","url":"https:\/\/ruuby.ee\/en\/","logo":{"@type":"ImageObject","inLanguage":"en-GB","@id":"https:\/\/ruuby.ee\/en\/#\/schema\/logo\/image\/","url":"http:\/\/ruuby.ee\/wp-content\/uploads\/2023\/06\/cropped-Black-White-Elegant-Circle-Signature-Fashion-Logo-12_large.png","contentUrl":"http:\/\/ruuby.ee\/wp-content\/uploads\/2023\/06\/cropped-Black-White-Elegant-Circle-Signature-Fashion-Logo-12_large.png","width":1280,"height":747,"caption":"Ruuby Disain O\u00dc"},"image":{"@id":"https:\/\/ruuby.ee\/en\/#\/schema\/logo\/image\/"},"sameAs":["https:\/\/www.facebook.com\/ruubyconcept","https:\/\/www.instagram.com\/ruuby_concept\/"]}]}},"jetpack_sharing_enabled":true,"_links":{"self":[{"href":"http:\/\/ruuby.ee\/en\/wp-json\/wp\/v2\/product\/1839562","targetHints":{"allow":["GET"]}}],"collection":[{"href":"http:\/\/ruuby.ee\/en\/wp-json\/wp\/v2\/product"}],"about":[{"href":"http:\/\/ruuby.ee\/en\/wp-json\/wp\/v2\/types\/product"}],"replies":[{"embeddable":true,"href":"http:\/\/ruuby.ee\/en\/wp-json\/wp\/v2\/comments?post=1839562"}],"wp:featuredmedia":[{"embeddable":true,"href":"http:\/\/ruuby.ee\/en\/wp-json\/wp\/v2\/media\/1839563"}],"wp:attachment":[{"href":"http:\/\/ruuby.ee\/en\/wp-json\/wp\/v2\/media?parent=1839562"}],"wp:term":[{"taxonomy":"product_brand","embeddable":true,"href":"http:\/\/ruuby.ee\/en\/wp-json\/wp\/v2\/product_brand?post=1839562"},{"taxonomy":"product_cat","embeddable":true,"href":"http:\/\/ruuby.ee\/en\/wp-json\/wp\/v2\/product_cat?post=1839562"},{"taxonomy":"product_tag","embeddable":true,"href":"http:\/\/ruuby.ee\/en\/wp-json\/wp\/v2\/product_tag?post=1839562"}],"curies":[{"name":"wp","href":"https:\/\/api.w.org\/{rel}","templated":true}]}}