{"id":1839552,"date":"2023-09-28T14:35:08","date_gmt":"2023-09-28T11:35:08","guid":{"rendered":"http:\/\/ruuby.ee\/?post_type=product&#038;p=1839552"},"modified":"2026-04-04T01:25:02","modified_gmt":"2026-04-03T22:25:02","slug":"omy-kuunekleepsud-lily","status":"publish","type":"product","link":"http:\/\/ruuby.ee\/en\/pood\/lapsed\/laste-kosmeetika\/kuunekleepsud\/omy-kuunekleepsud-lily\/","title":{"rendered":"OMY &#8211; k\u00fc\u00fcnekleepsud, Lily"},"content":{"rendered":"<p>\u00dckssarvik Lily ja tema kujutletav maailm satuvad v\u00e4ikeste k\u00e4te vahele.<\/p>\n<p>200 v\u00e4ikest k\u00fc\u00fcnekleebist, mida on \u00fclilihtne peale kanda!<\/p>\n<p>Need kleebised p\u00fcsivad v\u00e4hemalt 1\u20132 p\u00e4eva ega tule k\u00e4te pesemisel maha.<br \/>\nKohandage igas suuruses laste k\u00fc\u00fcntele. \u00c4\u00e4r mis ulatub \u00fcle k\u00fc\u00fcne, saad h\u00f5lpsasti parajaks l\u00f5igata k\u00fc\u00fcnek\u00e4\u00e4ridega ja kaunid k\u00fc\u00fcned ongi kaunistatud!<\/p>\n<p>Sisu 200 k\u00fc\u00fcnekleebist<br \/>\nPakendi formaat: 28 x 11 cm<br \/>\nM\u00f5eldud huumoriga meie Pariisi stuudios<\/p>\n<p>&nbsp;<\/p>","protected":false},"excerpt":{"rendered":"<p>\u00dckssarvik Lily ja tema kujutletav maailm satuvad v\u00e4ikeste k\u00e4te vahele. 200 v\u00e4ikest k\u00fc\u00fcnekleebist, mida on \u00fclilihtne peale kanda! Need kleebised p\u00fcsivad v\u00e4hemalt 1\u20132 p\u00e4eva ega tule k\u00e4te pesemisel maha. Kohandage igas suuruses laste k\u00fc\u00fcntele. \u00c4\u00e4r mis ulatub \u00fcle k\u00fc\u00fcne, saad h\u00f5lpsasti parajaks l\u00f5igata k\u00fc\u00fcnek\u00e4\u00e4ridega ja kaunid k\u00fc\u00fcned ongi kaunistatud! Sisu 200 k\u00fc\u00fcnekleebist Pakendi formaat: 28 [&hellip;]<\/p>\n","protected":false},"featured_media":1839553,"comment_status":"open","ping_status":"closed","template":"","meta":[],"product_brand":[],"product_cat":[656,22,344],"product_tag":[],"class_list":{"0":"post-1839552","1":"product","2":"type-product","3":"status-publish","4":"has-post-thumbnail","6":"product_cat-kuunekleepsud","7":"product_cat-lapsed","8":"product_cat-laste-kosmeetika","10":"first","11":"instock","12":"taxable","13":"shipping-taxable","14":"purchasable","15":"product-type-simple"},"yoast_head":"<!-- This site is optimized with the Yoast SEO plugin v27.2 - https:\/\/yoast.com\/product\/yoast-seo-wordpress\/ -->\n<title>OMY - k\u00fc\u00fcnekleepsud, Lily - RUUBY<\/title>\n<meta name=\"robots\" content=\"index, follow, max-snippet:-1, max-image-preview:large, max-video-preview:-1\" \/>\n<link rel=\"canonical\" href=\"http:\/\/ruuby.ee\/en\/pood\/lapsed\/laste-kosmeetika\/kuunekleepsud\/omy-kuunekleepsud-lily\/\" \/>\n<meta property=\"og:locale\" content=\"en_GB\" \/>\n<meta property=\"og:type\" content=\"article\" \/>\n<meta property=\"og:title\" content=\"OMY - k\u00fc\u00fcnekleepsud, Lily - RUUBY\" \/>\n<meta property=\"og:description\" content=\"\u00dckssarvik Lily ja tema kujutletav maailm satuvad v\u00e4ikeste k\u00e4te vahele. 200 v\u00e4ikest k\u00fc\u00fcnekleebist, mida on \u00fclilihtne peale kanda! Need kleebised p\u00fcsivad v\u00e4hemalt 1\u20132 p\u00e4eva ega tule k\u00e4te pesemisel maha. Kohandage igas suuruses laste k\u00fc\u00fcntele. \u00c4\u00e4r mis ulatub \u00fcle k\u00fc\u00fcne, saad h\u00f5lpsasti parajaks l\u00f5igata k\u00fc\u00fcnek\u00e4\u00e4ridega ja kaunid k\u00fc\u00fcned ongi kaunistatud! Sisu 200 k\u00fc\u00fcnekleebist Pakendi formaat: 28 [&hellip;]\" \/>\n<meta property=\"og:url\" content=\"http:\/\/ruuby.ee\/en\/pood\/lapsed\/laste-kosmeetika\/kuunekleepsud\/omy-kuunekleepsud-lily\/\" \/>\n<meta property=\"og:site_name\" content=\"RUUBY\" \/>\n<meta property=\"article:publisher\" content=\"https:\/\/www.facebook.com\/ruubyconcept\" \/>\n<meta property=\"article:modified_time\" content=\"2026-04-03T22:25:02+00:00\" \/>\n<meta property=\"og:image\" content=\"http:\/\/ruuby.ee\/wp-content\/uploads\/2023\/09\/Screenshot-2023-09-28-at-14.32.26.png\" \/>\n\t<meta property=\"og:image:width\" content=\"1174\" \/>\n\t<meta property=\"og:image:height\" content=\"1178\" \/>\n\t<meta property=\"og:image:type\" content=\"image\/png\" \/>\n<meta name=\"twitter:card\" content=\"summary_large_image\" \/>\n<meta name=\"twitter:label1\" content=\"Estimated reading time\" \/>\n\t<meta name=\"twitter:data1\" content=\"1 minute\" \/>\n<script type=\"application\/ld+json\" class=\"yoast-schema-graph\">{\"@context\":\"https:\/\/schema.org\",\"@graph\":[{\"@type\":[\"WebPage\",\"ItemPage\"],\"@id\":\"http:\/\/ruuby.ee\/pood\/lapsed\/laste-kosmeetika\/kuunekleepsud\/omy-kuunekleepsud-lily\/\",\"url\":\"http:\/\/ruuby.ee\/pood\/lapsed\/laste-kosmeetika\/kuunekleepsud\/omy-kuunekleepsud-lily\/\",\"name\":\"OMY - k\u00fc\u00fcnekleepsud, Lily - RUUBY\",\"isPartOf\":{\"@id\":\"https:\/\/ruuby.ee\/en\/#website\"},\"primaryImageOfPage\":{\"@id\":\"http:\/\/ruuby.ee\/pood\/lapsed\/laste-kosmeetika\/kuunekleepsud\/omy-kuunekleepsud-lily\/#primaryimage\"},\"image\":{\"@id\":\"http:\/\/ruuby.ee\/pood\/lapsed\/laste-kosmeetika\/kuunekleepsud\/omy-kuunekleepsud-lily\/#primaryimage\"},\"thumbnailUrl\":\"http:\/\/ruuby.ee\/wp-content\/uploads\/2023\/09\/Screenshot-2023-09-28-at-14.32.26.png\",\"datePublished\":\"2023-09-28T11:35:08+00:00\",\"dateModified\":\"2026-04-03T22:25:02+00:00\",\"breadcrumb\":{\"@id\":\"http:\/\/ruuby.ee\/pood\/lapsed\/laste-kosmeetika\/kuunekleepsud\/omy-kuunekleepsud-lily\/#breadcrumb\"},\"inLanguage\":\"en-GB\",\"potentialAction\":[{\"@type\":\"ReadAction\",\"target\":[\"http:\/\/ruuby.ee\/pood\/lapsed\/laste-kosmeetika\/kuunekleepsud\/omy-kuunekleepsud-lily\/\"]}]},{\"@type\":\"ImageObject\",\"inLanguage\":\"en-GB\",\"@id\":\"http:\/\/ruuby.ee\/pood\/lapsed\/laste-kosmeetika\/kuunekleepsud\/omy-kuunekleepsud-lily\/#primaryimage\",\"url\":\"http:\/\/ruuby.ee\/wp-content\/uploads\/2023\/09\/Screenshot-2023-09-28-at-14.32.26.png\",\"contentUrl\":\"http:\/\/ruuby.ee\/wp-content\/uploads\/2023\/09\/Screenshot-2023-09-28-at-14.32.26.png\",\"width\":1174,\"height\":1178},{\"@type\":\"BreadcrumbList\",\"@id\":\"http:\/\/ruuby.ee\/pood\/lapsed\/laste-kosmeetika\/kuunekleepsud\/omy-kuunekleepsud-lily\/#breadcrumb\",\"itemListElement\":[{\"@type\":\"ListItem\",\"position\":1,\"name\":\"Kdu\",\"item\":\"https:\/\/ruuby.ee\/en\/\"},{\"@type\":\"ListItem\",\"position\":2,\"name\":\"Pood\",\"item\":\"https:\/\/ruuby.ee\/pood\/\"},{\"@type\":\"ListItem\",\"position\":3,\"name\":\"OMY &#8211; k\u00fc\u00fcnekleepsud, Lily\"}]},{\"@type\":\"WebSite\",\"@id\":\"https:\/\/ruuby.ee\/en\/#website\",\"url\":\"https:\/\/ruuby.ee\/en\/\",\"name\":\"RUUBY\",\"description\":\"Ruubys on \u00fchendatud elustiil ja disain\",\"publisher\":{\"@id\":\"https:\/\/ruuby.ee\/en\/#organization\"},\"alternateName\":\"Ruuby Disain\",\"potentialAction\":[{\"@type\":\"SearchAction\",\"target\":{\"@type\":\"EntryPoint\",\"urlTemplate\":\"https:\/\/ruuby.ee\/en\/?s={search_term_string}\"},\"query-input\":{\"@type\":\"PropertyValueSpecification\",\"valueRequired\":true,\"valueName\":\"search_term_string\"}}],\"inLanguage\":\"en-GB\"},{\"@type\":\"Organization\",\"@id\":\"https:\/\/ruuby.ee\/en\/#organization\",\"name\":\"Ruuby Disain O\u00dc\",\"alternateName\":\"Ruuby\",\"url\":\"https:\/\/ruuby.ee\/en\/\",\"logo\":{\"@type\":\"ImageObject\",\"inLanguage\":\"en-GB\",\"@id\":\"https:\/\/ruuby.ee\/en\/#\/schema\/logo\/image\/\",\"url\":\"http:\/\/ruuby.ee\/wp-content\/uploads\/2023\/06\/cropped-Black-White-Elegant-Circle-Signature-Fashion-Logo-12_large.png\",\"contentUrl\":\"http:\/\/ruuby.ee\/wp-content\/uploads\/2023\/06\/cropped-Black-White-Elegant-Circle-Signature-Fashion-Logo-12_large.png\",\"width\":1280,\"height\":747,\"caption\":\"Ruuby Disain O\u00dc\"},\"image\":{\"@id\":\"https:\/\/ruuby.ee\/en\/#\/schema\/logo\/image\/\"},\"sameAs\":[\"https:\/\/www.facebook.com\/ruubyconcept\",\"https:\/\/www.instagram.com\/ruuby_concept\/\"]}]}<\/script>\n<!-- \/ Yoast SEO plugin. -->","yoast_head_json":{"title":"OMY - k\u00fc\u00fcnekleepsud, Lily - RUUBY","robots":{"index":"index","follow":"follow","max-snippet":"max-snippet:-1","max-image-preview":"max-image-preview:large","max-video-preview":"max-video-preview:-1"},"canonical":"http:\/\/ruuby.ee\/en\/pood\/lapsed\/laste-kosmeetika\/kuunekleepsud\/omy-kuunekleepsud-lily\/","og_locale":"en_GB","og_type":"article","og_title":"OMY - k\u00fc\u00fcnekleepsud, Lily - RUUBY","og_description":"\u00dckssarvik Lily ja tema kujutletav maailm satuvad v\u00e4ikeste k\u00e4te vahele. 200 v\u00e4ikest k\u00fc\u00fcnekleebist, mida on \u00fclilihtne peale kanda! Need kleebised p\u00fcsivad v\u00e4hemalt 1\u20132 p\u00e4eva ega tule k\u00e4te pesemisel maha. Kohandage igas suuruses laste k\u00fc\u00fcntele. \u00c4\u00e4r mis ulatub \u00fcle k\u00fc\u00fcne, saad h\u00f5lpsasti parajaks l\u00f5igata k\u00fc\u00fcnek\u00e4\u00e4ridega ja kaunid k\u00fc\u00fcned ongi kaunistatud! Sisu 200 k\u00fc\u00fcnekleebist Pakendi formaat: 28 [&hellip;]","og_url":"http:\/\/ruuby.ee\/en\/pood\/lapsed\/laste-kosmeetika\/kuunekleepsud\/omy-kuunekleepsud-lily\/","og_site_name":"RUUBY","article_publisher":"https:\/\/www.facebook.com\/ruubyconcept","article_modified_time":"2026-04-03T22:25:02+00:00","og_image":[{"width":1174,"height":1178,"url":"http:\/\/ruuby.ee\/wp-content\/uploads\/2023\/09\/Screenshot-2023-09-28-at-14.32.26.png","type":"image\/png"}],"twitter_card":"summary_large_image","twitter_misc":{"Estimated reading time":"1 minute"},"schema":{"@context":"https:\/\/schema.org","@graph":[{"@type":["WebPage","ItemPage"],"@id":"http:\/\/ruuby.ee\/pood\/lapsed\/laste-kosmeetika\/kuunekleepsud\/omy-kuunekleepsud-lily\/","url":"http:\/\/ruuby.ee\/pood\/lapsed\/laste-kosmeetika\/kuunekleepsud\/omy-kuunekleepsud-lily\/","name":"OMY - k\u00fc\u00fcnekleepsud, Lily - RUUBY","isPartOf":{"@id":"https:\/\/ruuby.ee\/en\/#website"},"primaryImageOfPage":{"@id":"http:\/\/ruuby.ee\/pood\/lapsed\/laste-kosmeetika\/kuunekleepsud\/omy-kuunekleepsud-lily\/#primaryimage"},"image":{"@id":"http:\/\/ruuby.ee\/pood\/lapsed\/laste-kosmeetika\/kuunekleepsud\/omy-kuunekleepsud-lily\/#primaryimage"},"thumbnailUrl":"http:\/\/ruuby.ee\/wp-content\/uploads\/2023\/09\/Screenshot-2023-09-28-at-14.32.26.png","datePublished":"2023-09-28T11:35:08+00:00","dateModified":"2026-04-03T22:25:02+00:00","breadcrumb":{"@id":"http:\/\/ruuby.ee\/pood\/lapsed\/laste-kosmeetika\/kuunekleepsud\/omy-kuunekleepsud-lily\/#breadcrumb"},"inLanguage":"en-GB","potentialAction":[{"@type":"ReadAction","target":["http:\/\/ruuby.ee\/pood\/lapsed\/laste-kosmeetika\/kuunekleepsud\/omy-kuunekleepsud-lily\/"]}]},{"@type":"ImageObject","inLanguage":"en-GB","@id":"http:\/\/ruuby.ee\/pood\/lapsed\/laste-kosmeetika\/kuunekleepsud\/omy-kuunekleepsud-lily\/#primaryimage","url":"http:\/\/ruuby.ee\/wp-content\/uploads\/2023\/09\/Screenshot-2023-09-28-at-14.32.26.png","contentUrl":"http:\/\/ruuby.ee\/wp-content\/uploads\/2023\/09\/Screenshot-2023-09-28-at-14.32.26.png","width":1174,"height":1178},{"@type":"BreadcrumbList","@id":"http:\/\/ruuby.ee\/pood\/lapsed\/laste-kosmeetika\/kuunekleepsud\/omy-kuunekleepsud-lily\/#breadcrumb","itemListElement":[{"@type":"ListItem","position":1,"name":"Kdu","item":"https:\/\/ruuby.ee\/en\/"},{"@type":"ListItem","position":2,"name":"Pood","item":"https:\/\/ruuby.ee\/pood\/"},{"@type":"ListItem","position":3,"name":"OMY &#8211; k\u00fc\u00fcnekleepsud, Lily"}]},{"@type":"WebSite","@id":"https:\/\/ruuby.ee\/en\/#website","url":"https:\/\/ruuby.ee\/en\/","name":"RUUBY","description":"Ruubys on \u00fchendatud elustiil ja disain","publisher":{"@id":"https:\/\/ruuby.ee\/en\/#organization"},"alternateName":"Ruuby Disain","potentialAction":[{"@type":"SearchAction","target":{"@type":"EntryPoint","urlTemplate":"https:\/\/ruuby.ee\/en\/?s={search_term_string}"},"query-input":{"@type":"PropertyValueSpecification","valueRequired":true,"valueName":"search_term_string"}}],"inLanguage":"en-GB"},{"@type":"Organization","@id":"https:\/\/ruuby.ee\/en\/#organization","name":"Ruuby Disain O\u00dc","alternateName":"Ruuby","url":"https:\/\/ruuby.ee\/en\/","logo":{"@type":"ImageObject","inLanguage":"en-GB","@id":"https:\/\/ruuby.ee\/en\/#\/schema\/logo\/image\/","url":"http:\/\/ruuby.ee\/wp-content\/uploads\/2023\/06\/cropped-Black-White-Elegant-Circle-Signature-Fashion-Logo-12_large.png","contentUrl":"http:\/\/ruuby.ee\/wp-content\/uploads\/2023\/06\/cropped-Black-White-Elegant-Circle-Signature-Fashion-Logo-12_large.png","width":1280,"height":747,"caption":"Ruuby Disain O\u00dc"},"image":{"@id":"https:\/\/ruuby.ee\/en\/#\/schema\/logo\/image\/"},"sameAs":["https:\/\/www.facebook.com\/ruubyconcept","https:\/\/www.instagram.com\/ruuby_concept\/"]}]}},"jetpack_sharing_enabled":true,"_links":{"self":[{"href":"http:\/\/ruuby.ee\/en\/wp-json\/wp\/v2\/product\/1839552","targetHints":{"allow":["GET"]}}],"collection":[{"href":"http:\/\/ruuby.ee\/en\/wp-json\/wp\/v2\/product"}],"about":[{"href":"http:\/\/ruuby.ee\/en\/wp-json\/wp\/v2\/types\/product"}],"replies":[{"embeddable":true,"href":"http:\/\/ruuby.ee\/en\/wp-json\/wp\/v2\/comments?post=1839552"}],"wp:featuredmedia":[{"embeddable":true,"href":"http:\/\/ruuby.ee\/en\/wp-json\/wp\/v2\/media\/1839553"}],"wp:attachment":[{"href":"http:\/\/ruuby.ee\/en\/wp-json\/wp\/v2\/media?parent=1839552"}],"wp:term":[{"taxonomy":"product_brand","embeddable":true,"href":"http:\/\/ruuby.ee\/en\/wp-json\/wp\/v2\/product_brand?post=1839552"},{"taxonomy":"product_cat","embeddable":true,"href":"http:\/\/ruuby.ee\/en\/wp-json\/wp\/v2\/product_cat?post=1839552"},{"taxonomy":"product_tag","embeddable":true,"href":"http:\/\/ruuby.ee\/en\/wp-json\/wp\/v2\/product_tag?post=1839552"}],"curies":[{"name":"wp","href":"https:\/\/api.w.org\/{rel}","templated":true}]}}