{"id":1839547,"date":"2023-09-28T14:11:04","date_gmt":"2023-09-28T11:11:04","guid":{"rendered":"http:\/\/ruuby.ee\/?post_type=product&#038;p=1839547"},"modified":"2026-04-08T01:28:40","modified_gmt":"2026-04-07T22:28:40","slug":"omy-sametised-varvilehed-kosmos","status":"publish","type":"product","link":"http:\/\/ruuby.ee\/en\/pood\/lapsed\/meisterdamine\/sametised-varvilehed\/omy-sametised-varvilehed-kosmos\/","title":{"rendered":"OMY &#8211; sametised v\u00e4rvilehed, Kosmos"},"content":{"rendered":"<p>Tere kosmosehuvilised!<\/p>\n<p>Astuge samm kosmose poole nende erakordselt pehmete sametv\u00e4rvilehtedega! See on mitte ainult v\u00e4rvimine, vaid ka teekond l\u00e4bi kosmose universumi, avastades iga v\u00e4rvilise pildi taga uut ja p\u00f5nevat. Siin on m\u00f5ned p\u00f5hjused, miks need v\u00e4rvilehed on kosmoseseikluse alustamiseks ideaalsed:<\/p>\n<p><strong>6 Sametist v\u00e4rvimispilti kosmose avastamiseks:\u00a0<\/strong>Kutsuge oma v\u00e4ikesed astronaudid avastama kosmose universumit l\u00e4bi kuue sametise v\u00e4rvimispildi. Naudige t\u00e4hti, planeete ja galaktikaid, k\u00f5ik koos pehme sametiga, mis muudab selle teekonna eriti l\u00f5busaks ja meeldej\u00e4\u00e4vaks.<\/p>\n<p><strong>Lihtne ja l\u00f5bus samet:\u00a0<\/strong>Meie eriti pehme samet muudab v\u00e4rvimise imelihtsaks ja nauditavaks. Lapsed saavad v\u00e4rvida ilma, et peaksid muretsema v\u00e4rvide \u00fcle voolamise p\u00e4rast. See on suurep\u00e4rane v\u00f5imalus lastele pakkuda rahulikku ja meeleolukat v\u00e4rvimiskogemust.<\/p>\n<p><strong>Ideaalne osavuse ja loovuse arendamiseks:\u00a0<\/strong>Kosmose sametised v\u00e4rvilehed on suurep\u00e4rane vahend osavuse ja loovuse arendamiseks. Lapsed saavad mitte ainult avastada kosmoset, vaid ka v\u00e4ljendada oma unikaalseid ideid ja v\u00e4rvikombinatsioone, aidates neil areneda v\u00e4ikesteks kunstnikeks.<\/p>\n<p><strong>Kosmosemaailma ilu kodus:\u00a0<\/strong>Tooge kosmosemaailma ilu otse teie koju nende kosmiliste v\u00e4rvilehtedega. Iga leht on kui v\u00e4ike kunstiteos, mida saab kergesti raamida ja s\u00e4ilitada kosmoseteekonna m\u00e4lestusena.<\/p>\n<p>Astuge sisse kosmose universumisse ja nautige v\u00e4rvimist, mis on rohkem kui lihtsalt tegevus &#8211; see on l\u00f5bus ja hariv kosmosereis teie lapsele.<\/p>\n<p>Komplekti kuulub 6 sametist v\u00e4rvilehte<br \/>\nM\u00f5\u00f5dud 22 x 24 cm<br \/>\nKoostis 100% sametise viimistlusega paber<\/p>\n<p>M\u00f5eldud huumoriga meie Pariisi stuudios<\/p>","protected":false},"excerpt":{"rendered":"<p>Tere kosmosehuvilised! Astuge samm kosmose poole nende erakordselt pehmete sametv\u00e4rvilehtedega! See on mitte ainult v\u00e4rvimine, vaid ka teekond l\u00e4bi kosmose universumi, avastades iga v\u00e4rvilise pildi taga uut ja p\u00f5nevat. Siin on m\u00f5ned p\u00f5hjused, miks need v\u00e4rvilehed on kosmoseseikluse alustamiseks ideaalsed: 6 Sametist v\u00e4rvimispilti kosmose avastamiseks:\u00a0Kutsuge oma v\u00e4ikesed astronaudid avastama kosmose universumit l\u00e4bi kuue sametise v\u00e4rvimispildi. [&hellip;]<\/p>\n","protected":false},"featured_media":1839548,"comment_status":"open","ping_status":"closed","template":"","meta":[],"product_brand":[],"product_cat":[22,67,678],"product_tag":[],"class_list":{"0":"post-1839547","1":"product","2":"type-product","3":"status-publish","4":"has-post-thumbnail","6":"product_cat-lapsed","7":"product_cat-meisterdamine","8":"product_cat-sametised-varvilehed","10":"first","11":"instock","12":"taxable","13":"shipping-taxable","14":"purchasable","15":"product-type-simple"},"yoast_head":"<!-- This site is optimized with the Yoast SEO plugin v27.3 - https:\/\/yoast.com\/product\/yoast-seo-wordpress\/ -->\n<title>OMY - sametised v\u00e4rvilehed, Kosmos - RUUBY<\/title>\n<meta name=\"robots\" content=\"index, follow, max-snippet:-1, max-image-preview:large, max-video-preview:-1\" \/>\n<link rel=\"canonical\" href=\"http:\/\/ruuby.ee\/en\/pood\/lapsed\/meisterdamine\/sametised-varvilehed\/omy-sametised-varvilehed-kosmos\/\" \/>\n<meta property=\"og:locale\" content=\"en_GB\" \/>\n<meta property=\"og:type\" content=\"article\" \/>\n<meta property=\"og:title\" content=\"OMY - sametised v\u00e4rvilehed, Kosmos - RUUBY\" \/>\n<meta property=\"og:description\" content=\"Tere kosmosehuvilised! Astuge samm kosmose poole nende erakordselt pehmete sametv\u00e4rvilehtedega! See on mitte ainult v\u00e4rvimine, vaid ka teekond l\u00e4bi kosmose universumi, avastades iga v\u00e4rvilise pildi taga uut ja p\u00f5nevat. Siin on m\u00f5ned p\u00f5hjused, miks need v\u00e4rvilehed on kosmoseseikluse alustamiseks ideaalsed: 6 Sametist v\u00e4rvimispilti kosmose avastamiseks:\u00a0Kutsuge oma v\u00e4ikesed astronaudid avastama kosmose universumit l\u00e4bi kuue sametise v\u00e4rvimispildi. [&hellip;]\" \/>\n<meta property=\"og:url\" content=\"http:\/\/ruuby.ee\/en\/pood\/lapsed\/meisterdamine\/sametised-varvilehed\/omy-sametised-varvilehed-kosmos\/\" \/>\n<meta property=\"og:site_name\" content=\"RUUBY\" \/>\n<meta property=\"article:publisher\" content=\"https:\/\/www.facebook.com\/ruubyconcept\" \/>\n<meta property=\"article:modified_time\" content=\"2026-04-07T22:28:40+00:00\" \/>\n<meta property=\"og:image\" content=\"http:\/\/ruuby.ee\/wp-content\/uploads\/2023\/09\/Screenshot-2023-09-28-at-14.04.59.png\" \/>\n\t<meta property=\"og:image:width\" content=\"1186\" \/>\n\t<meta property=\"og:image:height\" content=\"1172\" \/>\n\t<meta property=\"og:image:type\" content=\"image\/png\" \/>\n<meta name=\"twitter:card\" content=\"summary_large_image\" \/>\n<meta name=\"twitter:label1\" content=\"Estimated reading time\" \/>\n\t<meta name=\"twitter:data1\" content=\"2 minutes\" \/>\n<script type=\"application\/ld+json\" class=\"yoast-schema-graph\">{\"@context\":\"https:\\\/\\\/schema.org\",\"@graph\":[{\"@type\":[\"WebPage\",\"ItemPage\"],\"@id\":\"http:\\\/\\\/ruuby.ee\\\/pood\\\/lapsed\\\/meisterdamine\\\/sametised-varvilehed\\\/omy-sametised-varvilehed-kosmos\\\/\",\"url\":\"http:\\\/\\\/ruuby.ee\\\/pood\\\/lapsed\\\/meisterdamine\\\/sametised-varvilehed\\\/omy-sametised-varvilehed-kosmos\\\/\",\"name\":\"OMY - sametised v\u00e4rvilehed, Kosmos - RUUBY\",\"isPartOf\":{\"@id\":\"http:\\\/\\\/ruuby.ee\\\/en\\\/#website\"},\"primaryImageOfPage\":{\"@id\":\"http:\\\/\\\/ruuby.ee\\\/pood\\\/lapsed\\\/meisterdamine\\\/sametised-varvilehed\\\/omy-sametised-varvilehed-kosmos\\\/#primaryimage\"},\"image\":{\"@id\":\"http:\\\/\\\/ruuby.ee\\\/pood\\\/lapsed\\\/meisterdamine\\\/sametised-varvilehed\\\/omy-sametised-varvilehed-kosmos\\\/#primaryimage\"},\"thumbnailUrl\":\"http:\\\/\\\/ruuby.ee\\\/wp-content\\\/uploads\\\/2023\\\/09\\\/Screenshot-2023-09-28-at-14.04.59.png\",\"datePublished\":\"2023-09-28T11:11:04+00:00\",\"dateModified\":\"2026-04-07T22:28:40+00:00\",\"breadcrumb\":{\"@id\":\"http:\\\/\\\/ruuby.ee\\\/pood\\\/lapsed\\\/meisterdamine\\\/sametised-varvilehed\\\/omy-sametised-varvilehed-kosmos\\\/#breadcrumb\"},\"inLanguage\":\"en-GB\",\"potentialAction\":[{\"@type\":\"ReadAction\",\"target\":[\"http:\\\/\\\/ruuby.ee\\\/pood\\\/lapsed\\\/meisterdamine\\\/sametised-varvilehed\\\/omy-sametised-varvilehed-kosmos\\\/\"]}]},{\"@type\":\"ImageObject\",\"inLanguage\":\"en-GB\",\"@id\":\"http:\\\/\\\/ruuby.ee\\\/pood\\\/lapsed\\\/meisterdamine\\\/sametised-varvilehed\\\/omy-sametised-varvilehed-kosmos\\\/#primaryimage\",\"url\":\"http:\\\/\\\/ruuby.ee\\\/wp-content\\\/uploads\\\/2023\\\/09\\\/Screenshot-2023-09-28-at-14.04.59.png\",\"contentUrl\":\"http:\\\/\\\/ruuby.ee\\\/wp-content\\\/uploads\\\/2023\\\/09\\\/Screenshot-2023-09-28-at-14.04.59.png\",\"width\":1186,\"height\":1172},{\"@type\":\"BreadcrumbList\",\"@id\":\"http:\\\/\\\/ruuby.ee\\\/pood\\\/lapsed\\\/meisterdamine\\\/sametised-varvilehed\\\/omy-sametised-varvilehed-kosmos\\\/#breadcrumb\",\"itemListElement\":[{\"@type\":\"ListItem\",\"position\":1,\"name\":\"Kdu\",\"item\":\"http:\\\/\\\/ruuby.ee\\\/en\\\/\"},{\"@type\":\"ListItem\",\"position\":2,\"name\":\"Pood\",\"item\":\"http:\\\/\\\/ruuby.ee\\\/en\\\/pood\\\/\"},{\"@type\":\"ListItem\",\"position\":3,\"name\":\"OMY &#8211; sametised v\u00e4rvilehed, Kosmos\"}]},{\"@type\":\"WebSite\",\"@id\":\"http:\\\/\\\/ruuby.ee\\\/en\\\/#website\",\"url\":\"http:\\\/\\\/ruuby.ee\\\/en\\\/\",\"name\":\"RUUBY\",\"description\":\"Ruubys on \u00fchendatud elustiil ja disain\",\"publisher\":{\"@id\":\"http:\\\/\\\/ruuby.ee\\\/en\\\/#organization\"},\"alternateName\":\"Ruuby Disain\",\"potentialAction\":[{\"@type\":\"SearchAction\",\"target\":{\"@type\":\"EntryPoint\",\"urlTemplate\":\"http:\\\/\\\/ruuby.ee\\\/en\\\/?s={search_term_string}\"},\"query-input\":{\"@type\":\"PropertyValueSpecification\",\"valueRequired\":true,\"valueName\":\"search_term_string\"}}],\"inLanguage\":\"en-GB\"},{\"@type\":\"Organization\",\"@id\":\"http:\\\/\\\/ruuby.ee\\\/en\\\/#organization\",\"name\":\"Ruuby Disain O\u00dc\",\"alternateName\":\"Ruuby\",\"url\":\"http:\\\/\\\/ruuby.ee\\\/en\\\/\",\"logo\":{\"@type\":\"ImageObject\",\"inLanguage\":\"en-GB\",\"@id\":\"http:\\\/\\\/ruuby.ee\\\/en\\\/#\\\/schema\\\/logo\\\/image\\\/\",\"url\":\"http:\\\/\\\/ruuby.ee\\\/wp-content\\\/uploads\\\/2023\\\/06\\\/cropped-Black-White-Elegant-Circle-Signature-Fashion-Logo-12_large.png\",\"contentUrl\":\"http:\\\/\\\/ruuby.ee\\\/wp-content\\\/uploads\\\/2023\\\/06\\\/cropped-Black-White-Elegant-Circle-Signature-Fashion-Logo-12_large.png\",\"width\":1280,\"height\":747,\"caption\":\"Ruuby Disain O\u00dc\"},\"image\":{\"@id\":\"http:\\\/\\\/ruuby.ee\\\/en\\\/#\\\/schema\\\/logo\\\/image\\\/\"},\"sameAs\":[\"https:\\\/\\\/www.facebook.com\\\/ruubyconcept\",\"https:\\\/\\\/www.instagram.com\\\/ruuby_concept\\\/\"]}]}<\/script>\n<!-- \/ Yoast SEO plugin. -->","yoast_head_json":{"title":"OMY - sametised v\u00e4rvilehed, Kosmos - RUUBY","robots":{"index":"index","follow":"follow","max-snippet":"max-snippet:-1","max-image-preview":"max-image-preview:large","max-video-preview":"max-video-preview:-1"},"canonical":"http:\/\/ruuby.ee\/en\/pood\/lapsed\/meisterdamine\/sametised-varvilehed\/omy-sametised-varvilehed-kosmos\/","og_locale":"en_GB","og_type":"article","og_title":"OMY - sametised v\u00e4rvilehed, Kosmos - RUUBY","og_description":"Tere kosmosehuvilised! Astuge samm kosmose poole nende erakordselt pehmete sametv\u00e4rvilehtedega! See on mitte ainult v\u00e4rvimine, vaid ka teekond l\u00e4bi kosmose universumi, avastades iga v\u00e4rvilise pildi taga uut ja p\u00f5nevat. Siin on m\u00f5ned p\u00f5hjused, miks need v\u00e4rvilehed on kosmoseseikluse alustamiseks ideaalsed: 6 Sametist v\u00e4rvimispilti kosmose avastamiseks:\u00a0Kutsuge oma v\u00e4ikesed astronaudid avastama kosmose universumit l\u00e4bi kuue sametise v\u00e4rvimispildi. [&hellip;]","og_url":"http:\/\/ruuby.ee\/en\/pood\/lapsed\/meisterdamine\/sametised-varvilehed\/omy-sametised-varvilehed-kosmos\/","og_site_name":"RUUBY","article_publisher":"https:\/\/www.facebook.com\/ruubyconcept","article_modified_time":"2026-04-07T22:28:40+00:00","og_image":[{"width":1186,"height":1172,"url":"http:\/\/ruuby.ee\/wp-content\/uploads\/2023\/09\/Screenshot-2023-09-28-at-14.04.59.png","type":"image\/png"}],"twitter_card":"summary_large_image","twitter_misc":{"Estimated reading time":"2 minutes"},"schema":{"@context":"https:\/\/schema.org","@graph":[{"@type":["WebPage","ItemPage"],"@id":"http:\/\/ruuby.ee\/pood\/lapsed\/meisterdamine\/sametised-varvilehed\/omy-sametised-varvilehed-kosmos\/","url":"http:\/\/ruuby.ee\/pood\/lapsed\/meisterdamine\/sametised-varvilehed\/omy-sametised-varvilehed-kosmos\/","name":"OMY - sametised v\u00e4rvilehed, Kosmos - RUUBY","isPartOf":{"@id":"http:\/\/ruuby.ee\/en\/#website"},"primaryImageOfPage":{"@id":"http:\/\/ruuby.ee\/pood\/lapsed\/meisterdamine\/sametised-varvilehed\/omy-sametised-varvilehed-kosmos\/#primaryimage"},"image":{"@id":"http:\/\/ruuby.ee\/pood\/lapsed\/meisterdamine\/sametised-varvilehed\/omy-sametised-varvilehed-kosmos\/#primaryimage"},"thumbnailUrl":"http:\/\/ruuby.ee\/wp-content\/uploads\/2023\/09\/Screenshot-2023-09-28-at-14.04.59.png","datePublished":"2023-09-28T11:11:04+00:00","dateModified":"2026-04-07T22:28:40+00:00","breadcrumb":{"@id":"http:\/\/ruuby.ee\/pood\/lapsed\/meisterdamine\/sametised-varvilehed\/omy-sametised-varvilehed-kosmos\/#breadcrumb"},"inLanguage":"en-GB","potentialAction":[{"@type":"ReadAction","target":["http:\/\/ruuby.ee\/pood\/lapsed\/meisterdamine\/sametised-varvilehed\/omy-sametised-varvilehed-kosmos\/"]}]},{"@type":"ImageObject","inLanguage":"en-GB","@id":"http:\/\/ruuby.ee\/pood\/lapsed\/meisterdamine\/sametised-varvilehed\/omy-sametised-varvilehed-kosmos\/#primaryimage","url":"http:\/\/ruuby.ee\/wp-content\/uploads\/2023\/09\/Screenshot-2023-09-28-at-14.04.59.png","contentUrl":"http:\/\/ruuby.ee\/wp-content\/uploads\/2023\/09\/Screenshot-2023-09-28-at-14.04.59.png","width":1186,"height":1172},{"@type":"BreadcrumbList","@id":"http:\/\/ruuby.ee\/pood\/lapsed\/meisterdamine\/sametised-varvilehed\/omy-sametised-varvilehed-kosmos\/#breadcrumb","itemListElement":[{"@type":"ListItem","position":1,"name":"Kdu","item":"http:\/\/ruuby.ee\/en\/"},{"@type":"ListItem","position":2,"name":"Pood","item":"http:\/\/ruuby.ee\/en\/pood\/"},{"@type":"ListItem","position":3,"name":"OMY &#8211; sametised v\u00e4rvilehed, Kosmos"}]},{"@type":"WebSite","@id":"http:\/\/ruuby.ee\/en\/#website","url":"http:\/\/ruuby.ee\/en\/","name":"RUUBY","description":"Ruubys on \u00fchendatud elustiil ja disain","publisher":{"@id":"http:\/\/ruuby.ee\/en\/#organization"},"alternateName":"Ruuby Disain","potentialAction":[{"@type":"SearchAction","target":{"@type":"EntryPoint","urlTemplate":"http:\/\/ruuby.ee\/en\/?s={search_term_string}"},"query-input":{"@type":"PropertyValueSpecification","valueRequired":true,"valueName":"search_term_string"}}],"inLanguage":"en-GB"},{"@type":"Organization","@id":"http:\/\/ruuby.ee\/en\/#organization","name":"Ruuby Disain O\u00dc","alternateName":"Ruuby","url":"http:\/\/ruuby.ee\/en\/","logo":{"@type":"ImageObject","inLanguage":"en-GB","@id":"http:\/\/ruuby.ee\/en\/#\/schema\/logo\/image\/","url":"http:\/\/ruuby.ee\/wp-content\/uploads\/2023\/06\/cropped-Black-White-Elegant-Circle-Signature-Fashion-Logo-12_large.png","contentUrl":"http:\/\/ruuby.ee\/wp-content\/uploads\/2023\/06\/cropped-Black-White-Elegant-Circle-Signature-Fashion-Logo-12_large.png","width":1280,"height":747,"caption":"Ruuby Disain O\u00dc"},"image":{"@id":"http:\/\/ruuby.ee\/en\/#\/schema\/logo\/image\/"},"sameAs":["https:\/\/www.facebook.com\/ruubyconcept","https:\/\/www.instagram.com\/ruuby_concept\/"]}]}},"jetpack_sharing_enabled":true,"_links":{"self":[{"href":"http:\/\/ruuby.ee\/en\/wp-json\/wp\/v2\/product\/1839547","targetHints":{"allow":["GET"]}}],"collection":[{"href":"http:\/\/ruuby.ee\/en\/wp-json\/wp\/v2\/product"}],"about":[{"href":"http:\/\/ruuby.ee\/en\/wp-json\/wp\/v2\/types\/product"}],"replies":[{"embeddable":true,"href":"http:\/\/ruuby.ee\/en\/wp-json\/wp\/v2\/comments?post=1839547"}],"wp:featuredmedia":[{"embeddable":true,"href":"http:\/\/ruuby.ee\/en\/wp-json\/wp\/v2\/media\/1839548"}],"wp:attachment":[{"href":"http:\/\/ruuby.ee\/en\/wp-json\/wp\/v2\/media?parent=1839547"}],"wp:term":[{"taxonomy":"product_brand","embeddable":true,"href":"http:\/\/ruuby.ee\/en\/wp-json\/wp\/v2\/product_brand?post=1839547"},{"taxonomy":"product_cat","embeddable":true,"href":"http:\/\/ruuby.ee\/en\/wp-json\/wp\/v2\/product_cat?post=1839547"},{"taxonomy":"product_tag","embeddable":true,"href":"http:\/\/ruuby.ee\/en\/wp-json\/wp\/v2\/product_tag?post=1839547"}],"curies":[{"name":"wp","href":"https:\/\/api.w.org\/{rel}","templated":true}]}}