{"id":1839530,"date":"2023-09-28T12:58:17","date_gmt":"2023-09-28T09:58:17","guid":{"rendered":"http:\/\/ruuby.ee\/?post_type=product&#038;p=1839530"},"modified":"2026-04-08T01:28:40","modified_gmt":"2026-04-07T22:28:40","slug":"helge-kuu-kuunal-liivaluited","status":"publish","type":"product","link":"http:\/\/ruuby.ee\/en\/pood\/kodusisustus\/kuunlad\/kuunlad-kuunlad\/helge-kuu-kuunal-liivaluited\/","title":{"rendered":"Helge kuu &#8211; k\u00fc\u00fcnal liivaluited"},"content":{"rendered":"<p>Helge Kuu sammas mullik\u00fc\u00fcnal on stiilne kaunistuselement sinu kohvilauale, s\u00f6\u00f6gituppa v\u00f5i vannitoa riiulitele. Meeldivalt mahedad v\u00e4rvid ning kvaliteetsed aroomid kaunistavad igat interj\u00f6\u00f6ri.<\/p>\n<ul>\n<li>100% Naturaalne sojavaha<\/li>\n<li>Kaal:\u00a0 200 grammi<\/li>\n<li>Suurus: 6.5 x 7.5 cm<\/li>\n<li>Suurus 6,5&#215;8,5cm<\/li>\n<li>P\u00f5lemisaeg ~25h<\/li>\n<li>K\u00e4sitsi valatud Eestis<\/li>\n<li>L\u00f5hnatu<\/li>\n<\/ul>\n<p>K\u00f5ik Helge Kuu k\u00fc\u00fcnlad on k\u00e4sitsi valatud, kasutades puhast sojavaha, vastupidavaid puuvillast k\u00fc\u00fcnlatahte ning kvaliteetseid aroom\u00f5lisid. Disainitud dekoratiivseks kasutamiseks. P\u00f5letamisel tuleb arvestada, et sojavaha v\u00f5ib laiali voolata, seega soovitame kasutada kuumakindlat alust.<\/p>\n<p>K\u00f5ik Helge Kuu k\u00fc\u00fcnlad on valmistatud KeraSoy Pillar sojavahast.<\/p>\n<p>KeraSoy Pillar vaha valmistamisel kasutatakse ainult k\u00f5rgeima kvaliteediga ja vastutustundlikult hangitud tooraineid. Nagu k\u00f5ik Keraxi looduslikud k\u00fc\u00fcnlavahad, vastab KeraSoy Pillar 4120 vajalikele n\u00f5uetele, st vaha on biolagunev, vegan ja palmi\u00f5livaba. KeraSoy Pillar vaha valmistamisel ei kasutata loomseid saadusi.<\/p>","protected":false},"excerpt":{"rendered":"<p>Helge Kuu sammas mullik\u00fc\u00fcnal on stiilne kaunistuselement sinu kohvilauale, s\u00f6\u00f6gituppa v\u00f5i vannitoa riiulitele. Meeldivalt mahedad v\u00e4rvid ning kvaliteetsed aroomid kaunistavad igat interj\u00f6\u00f6ri. 100% Naturaalne sojavaha Kaal:\u00a0 200 grammi Suurus: 6.5 x 7.5 cm Suurus 6,5&#215;8,5cm P\u00f5lemisaeg ~25h K\u00e4sitsi valatud Eestis L\u00f5hnatu K\u00f5ik Helge Kuu k\u00fc\u00fcnlad on k\u00e4sitsi valatud, kasutades puhast sojavaha, vastupidavaid puuvillast k\u00fc\u00fcnlatahte ning [&hellip;]<\/p>\n","protected":false},"featured_media":1839533,"comment_status":"open","ping_status":"closed","template":"","meta":[],"product_brand":[],"product_cat":[740,54],"product_tag":[],"class_list":{"0":"post-1839530","1":"product","2":"type-product","3":"status-publish","4":"has-post-thumbnail","6":"product_cat-kuunlad-kuunlad","7":"product_cat-kuunlad","9":"first","10":"instock","11":"taxable","12":"shipping-taxable","13":"purchasable","14":"product-type-variable","15":"rtwpvs-product"},"yoast_head":"<!-- This site is optimized with the Yoast SEO plugin v27.3 - https:\/\/yoast.com\/product\/yoast-seo-wordpress\/ -->\n<title>Helge kuu - k\u00fc\u00fcnal liivaluited - RUUBY<\/title>\n<meta name=\"robots\" content=\"index, follow, max-snippet:-1, max-image-preview:large, max-video-preview:-1\" \/>\n<link rel=\"canonical\" href=\"https:\/\/ruuby.ee\/en\/pood\/kodusisustus\/kuunlad\/kuunlad-kuunlad\/helge-kuu-kuunal-liivaluited\/\" \/>\n<meta property=\"og:locale\" content=\"en_GB\" \/>\n<meta property=\"og:type\" content=\"article\" \/>\n<meta property=\"og:title\" content=\"Helge kuu - k\u00fc\u00fcnal liivaluited - RUUBY\" \/>\n<meta property=\"og:description\" content=\"Helge Kuu sammas mullik\u00fc\u00fcnal on stiilne kaunistuselement sinu kohvilauale, s\u00f6\u00f6gituppa v\u00f5i vannitoa riiulitele. Meeldivalt mahedad v\u00e4rvid ning kvaliteetsed aroomid kaunistavad igat interj\u00f6\u00f6ri. 100% Naturaalne sojavaha Kaal:\u00a0 200 grammi Suurus: 6.5 x 7.5 cm Suurus 6,5&#215;8,5cm P\u00f5lemisaeg ~25h K\u00e4sitsi valatud Eestis L\u00f5hnatu K\u00f5ik Helge Kuu k\u00fc\u00fcnlad on k\u00e4sitsi valatud, kasutades puhast sojavaha, vastupidavaid puuvillast k\u00fc\u00fcnlatahte ning [&hellip;]\" \/>\n<meta property=\"og:url\" content=\"https:\/\/ruuby.ee\/en\/pood\/kodusisustus\/kuunlad\/kuunlad-kuunlad\/helge-kuu-kuunal-liivaluited\/\" \/>\n<meta property=\"og:site_name\" content=\"RUUBY\" \/>\n<meta property=\"article:publisher\" content=\"https:\/\/www.facebook.com\/ruubyconcept\" \/>\n<meta property=\"article:modified_time\" content=\"2026-04-07T22:28:40+00:00\" \/>\n<meta property=\"og:image\" content=\"https:\/\/ruuby.ee\/wp-content\/uploads\/2023\/09\/Screenshot-2023-09-28-at-12.54.45.png\" \/>\n\t<meta property=\"og:image:width\" content=\"1012\" \/>\n\t<meta property=\"og:image:height\" content=\"1186\" \/>\n\t<meta property=\"og:image:type\" content=\"image\/png\" \/>\n<meta name=\"twitter:card\" content=\"summary_large_image\" \/>\n<meta name=\"twitter:label1\" content=\"Estimated reading time\" \/>\n\t<meta name=\"twitter:data1\" content=\"1 minute\" \/>\n<script type=\"application\/ld+json\" class=\"yoast-schema-graph\">{\"@context\":\"https:\\\/\\\/schema.org\",\"@graph\":[{\"@type\":[\"WebPage\",\"ItemPage\"],\"@id\":\"https:\\\/\\\/ruuby.ee\\\/pood\\\/kodusisustus\\\/kuunlad\\\/kuunlad-kuunlad\\\/helge-kuu-kuunal-liivaluited\\\/\",\"url\":\"https:\\\/\\\/ruuby.ee\\\/pood\\\/kodusisustus\\\/kuunlad\\\/kuunlad-kuunlad\\\/helge-kuu-kuunal-liivaluited\\\/\",\"name\":\"Helge kuu - k\u00fc\u00fcnal liivaluited - RUUBY\",\"isPartOf\":{\"@id\":\"http:\\\/\\\/ruuby.ee\\\/en\\\/#website\"},\"primaryImageOfPage\":{\"@id\":\"https:\\\/\\\/ruuby.ee\\\/pood\\\/kodusisustus\\\/kuunlad\\\/kuunlad-kuunlad\\\/helge-kuu-kuunal-liivaluited\\\/#primaryimage\"},\"image\":{\"@id\":\"https:\\\/\\\/ruuby.ee\\\/pood\\\/kodusisustus\\\/kuunlad\\\/kuunlad-kuunlad\\\/helge-kuu-kuunal-liivaluited\\\/#primaryimage\"},\"thumbnailUrl\":\"http:\\\/\\\/ruuby.ee\\\/wp-content\\\/uploads\\\/2023\\\/09\\\/Screenshot-2023-09-28-at-12.54.45.png\",\"datePublished\":\"2023-09-28T09:58:17+00:00\",\"dateModified\":\"2026-04-07T22:28:40+00:00\",\"breadcrumb\":{\"@id\":\"https:\\\/\\\/ruuby.ee\\\/pood\\\/kodusisustus\\\/kuunlad\\\/kuunlad-kuunlad\\\/helge-kuu-kuunal-liivaluited\\\/#breadcrumb\"},\"inLanguage\":\"en-GB\",\"potentialAction\":[{\"@type\":\"ReadAction\",\"target\":[\"https:\\\/\\\/ruuby.ee\\\/pood\\\/kodusisustus\\\/kuunlad\\\/kuunlad-kuunlad\\\/helge-kuu-kuunal-liivaluited\\\/\"]}]},{\"@type\":\"ImageObject\",\"inLanguage\":\"en-GB\",\"@id\":\"https:\\\/\\\/ruuby.ee\\\/pood\\\/kodusisustus\\\/kuunlad\\\/kuunlad-kuunlad\\\/helge-kuu-kuunal-liivaluited\\\/#primaryimage\",\"url\":\"http:\\\/\\\/ruuby.ee\\\/wp-content\\\/uploads\\\/2023\\\/09\\\/Screenshot-2023-09-28-at-12.54.45.png\",\"contentUrl\":\"http:\\\/\\\/ruuby.ee\\\/wp-content\\\/uploads\\\/2023\\\/09\\\/Screenshot-2023-09-28-at-12.54.45.png\",\"width\":1012,\"height\":1186},{\"@type\":\"BreadcrumbList\",\"@id\":\"https:\\\/\\\/ruuby.ee\\\/pood\\\/kodusisustus\\\/kuunlad\\\/kuunlad-kuunlad\\\/helge-kuu-kuunal-liivaluited\\\/#breadcrumb\",\"itemListElement\":[{\"@type\":\"ListItem\",\"position\":1,\"name\":\"Kdu\",\"item\":\"http:\\\/\\\/ruuby.ee\\\/en\\\/\"},{\"@type\":\"ListItem\",\"position\":2,\"name\":\"Pood\",\"item\":\"http:\\\/\\\/ruuby.ee\\\/en\\\/pood\\\/\"},{\"@type\":\"ListItem\",\"position\":3,\"name\":\"Helge kuu &#8211; k\u00fc\u00fcnal liivaluited\"}]},{\"@type\":\"WebSite\",\"@id\":\"http:\\\/\\\/ruuby.ee\\\/en\\\/#website\",\"url\":\"http:\\\/\\\/ruuby.ee\\\/en\\\/\",\"name\":\"RUUBY\",\"description\":\"Ruubys on \u00fchendatud elustiil ja disain\",\"publisher\":{\"@id\":\"http:\\\/\\\/ruuby.ee\\\/en\\\/#organization\"},\"alternateName\":\"Ruuby Disain\",\"potentialAction\":[{\"@type\":\"SearchAction\",\"target\":{\"@type\":\"EntryPoint\",\"urlTemplate\":\"http:\\\/\\\/ruuby.ee\\\/en\\\/?s={search_term_string}\"},\"query-input\":{\"@type\":\"PropertyValueSpecification\",\"valueRequired\":true,\"valueName\":\"search_term_string\"}}],\"inLanguage\":\"en-GB\"},{\"@type\":\"Organization\",\"@id\":\"http:\\\/\\\/ruuby.ee\\\/en\\\/#organization\",\"name\":\"Ruuby Disain O\u00dc\",\"alternateName\":\"Ruuby\",\"url\":\"http:\\\/\\\/ruuby.ee\\\/en\\\/\",\"logo\":{\"@type\":\"ImageObject\",\"inLanguage\":\"en-GB\",\"@id\":\"http:\\\/\\\/ruuby.ee\\\/en\\\/#\\\/schema\\\/logo\\\/image\\\/\",\"url\":\"http:\\\/\\\/ruuby.ee\\\/wp-content\\\/uploads\\\/2023\\\/06\\\/cropped-Black-White-Elegant-Circle-Signature-Fashion-Logo-12_large.png\",\"contentUrl\":\"http:\\\/\\\/ruuby.ee\\\/wp-content\\\/uploads\\\/2023\\\/06\\\/cropped-Black-White-Elegant-Circle-Signature-Fashion-Logo-12_large.png\",\"width\":1280,\"height\":747,\"caption\":\"Ruuby Disain O\u00dc\"},\"image\":{\"@id\":\"http:\\\/\\\/ruuby.ee\\\/en\\\/#\\\/schema\\\/logo\\\/image\\\/\"},\"sameAs\":[\"https:\\\/\\\/www.facebook.com\\\/ruubyconcept\",\"https:\\\/\\\/www.instagram.com\\\/ruuby_concept\\\/\"]}]}<\/script>\n<!-- \/ Yoast SEO plugin. -->","yoast_head_json":{"title":"Helge kuu - k\u00fc\u00fcnal liivaluited - RUUBY","robots":{"index":"index","follow":"follow","max-snippet":"max-snippet:-1","max-image-preview":"max-image-preview:large","max-video-preview":"max-video-preview:-1"},"canonical":"https:\/\/ruuby.ee\/en\/pood\/kodusisustus\/kuunlad\/kuunlad-kuunlad\/helge-kuu-kuunal-liivaluited\/","og_locale":"en_GB","og_type":"article","og_title":"Helge kuu - k\u00fc\u00fcnal liivaluited - RUUBY","og_description":"Helge Kuu sammas mullik\u00fc\u00fcnal on stiilne kaunistuselement sinu kohvilauale, s\u00f6\u00f6gituppa v\u00f5i vannitoa riiulitele. Meeldivalt mahedad v\u00e4rvid ning kvaliteetsed aroomid kaunistavad igat interj\u00f6\u00f6ri. 100% Naturaalne sojavaha Kaal:\u00a0 200 grammi Suurus: 6.5 x 7.5 cm Suurus 6,5&#215;8,5cm P\u00f5lemisaeg ~25h K\u00e4sitsi valatud Eestis L\u00f5hnatu K\u00f5ik Helge Kuu k\u00fc\u00fcnlad on k\u00e4sitsi valatud, kasutades puhast sojavaha, vastupidavaid puuvillast k\u00fc\u00fcnlatahte ning [&hellip;]","og_url":"https:\/\/ruuby.ee\/en\/pood\/kodusisustus\/kuunlad\/kuunlad-kuunlad\/helge-kuu-kuunal-liivaluited\/","og_site_name":"RUUBY","article_publisher":"https:\/\/www.facebook.com\/ruubyconcept","article_modified_time":"2026-04-07T22:28:40+00:00","og_image":[{"width":1012,"height":1186,"url":"https:\/\/ruuby.ee\/wp-content\/uploads\/2023\/09\/Screenshot-2023-09-28-at-12.54.45.png","type":"image\/png"}],"twitter_card":"summary_large_image","twitter_misc":{"Estimated reading time":"1 minute"},"schema":{"@context":"https:\/\/schema.org","@graph":[{"@type":["WebPage","ItemPage"],"@id":"https:\/\/ruuby.ee\/pood\/kodusisustus\/kuunlad\/kuunlad-kuunlad\/helge-kuu-kuunal-liivaluited\/","url":"https:\/\/ruuby.ee\/pood\/kodusisustus\/kuunlad\/kuunlad-kuunlad\/helge-kuu-kuunal-liivaluited\/","name":"Helge kuu - k\u00fc\u00fcnal liivaluited - RUUBY","isPartOf":{"@id":"http:\/\/ruuby.ee\/en\/#website"},"primaryImageOfPage":{"@id":"https:\/\/ruuby.ee\/pood\/kodusisustus\/kuunlad\/kuunlad-kuunlad\/helge-kuu-kuunal-liivaluited\/#primaryimage"},"image":{"@id":"https:\/\/ruuby.ee\/pood\/kodusisustus\/kuunlad\/kuunlad-kuunlad\/helge-kuu-kuunal-liivaluited\/#primaryimage"},"thumbnailUrl":"http:\/\/ruuby.ee\/wp-content\/uploads\/2023\/09\/Screenshot-2023-09-28-at-12.54.45.png","datePublished":"2023-09-28T09:58:17+00:00","dateModified":"2026-04-07T22:28:40+00:00","breadcrumb":{"@id":"https:\/\/ruuby.ee\/pood\/kodusisustus\/kuunlad\/kuunlad-kuunlad\/helge-kuu-kuunal-liivaluited\/#breadcrumb"},"inLanguage":"en-GB","potentialAction":[{"@type":"ReadAction","target":["https:\/\/ruuby.ee\/pood\/kodusisustus\/kuunlad\/kuunlad-kuunlad\/helge-kuu-kuunal-liivaluited\/"]}]},{"@type":"ImageObject","inLanguage":"en-GB","@id":"https:\/\/ruuby.ee\/pood\/kodusisustus\/kuunlad\/kuunlad-kuunlad\/helge-kuu-kuunal-liivaluited\/#primaryimage","url":"http:\/\/ruuby.ee\/wp-content\/uploads\/2023\/09\/Screenshot-2023-09-28-at-12.54.45.png","contentUrl":"http:\/\/ruuby.ee\/wp-content\/uploads\/2023\/09\/Screenshot-2023-09-28-at-12.54.45.png","width":1012,"height":1186},{"@type":"BreadcrumbList","@id":"https:\/\/ruuby.ee\/pood\/kodusisustus\/kuunlad\/kuunlad-kuunlad\/helge-kuu-kuunal-liivaluited\/#breadcrumb","itemListElement":[{"@type":"ListItem","position":1,"name":"Kdu","item":"http:\/\/ruuby.ee\/en\/"},{"@type":"ListItem","position":2,"name":"Pood","item":"http:\/\/ruuby.ee\/en\/pood\/"},{"@type":"ListItem","position":3,"name":"Helge kuu &#8211; k\u00fc\u00fcnal liivaluited"}]},{"@type":"WebSite","@id":"http:\/\/ruuby.ee\/en\/#website","url":"http:\/\/ruuby.ee\/en\/","name":"RUUBY","description":"Ruubys on \u00fchendatud elustiil ja disain","publisher":{"@id":"http:\/\/ruuby.ee\/en\/#organization"},"alternateName":"Ruuby Disain","potentialAction":[{"@type":"SearchAction","target":{"@type":"EntryPoint","urlTemplate":"http:\/\/ruuby.ee\/en\/?s={search_term_string}"},"query-input":{"@type":"PropertyValueSpecification","valueRequired":true,"valueName":"search_term_string"}}],"inLanguage":"en-GB"},{"@type":"Organization","@id":"http:\/\/ruuby.ee\/en\/#organization","name":"Ruuby Disain O\u00dc","alternateName":"Ruuby","url":"http:\/\/ruuby.ee\/en\/","logo":{"@type":"ImageObject","inLanguage":"en-GB","@id":"http:\/\/ruuby.ee\/en\/#\/schema\/logo\/image\/","url":"http:\/\/ruuby.ee\/wp-content\/uploads\/2023\/06\/cropped-Black-White-Elegant-Circle-Signature-Fashion-Logo-12_large.png","contentUrl":"http:\/\/ruuby.ee\/wp-content\/uploads\/2023\/06\/cropped-Black-White-Elegant-Circle-Signature-Fashion-Logo-12_large.png","width":1280,"height":747,"caption":"Ruuby Disain O\u00dc"},"image":{"@id":"http:\/\/ruuby.ee\/en\/#\/schema\/logo\/image\/"},"sameAs":["https:\/\/www.facebook.com\/ruubyconcept","https:\/\/www.instagram.com\/ruuby_concept\/"]}]}},"jetpack_sharing_enabled":true,"_links":{"self":[{"href":"http:\/\/ruuby.ee\/en\/wp-json\/wp\/v2\/product\/1839530","targetHints":{"allow":["GET"]}}],"collection":[{"href":"http:\/\/ruuby.ee\/en\/wp-json\/wp\/v2\/product"}],"about":[{"href":"http:\/\/ruuby.ee\/en\/wp-json\/wp\/v2\/types\/product"}],"replies":[{"embeddable":true,"href":"http:\/\/ruuby.ee\/en\/wp-json\/wp\/v2\/comments?post=1839530"}],"wp:featuredmedia":[{"embeddable":true,"href":"http:\/\/ruuby.ee\/en\/wp-json\/wp\/v2\/media\/1839533"}],"wp:attachment":[{"href":"http:\/\/ruuby.ee\/en\/wp-json\/wp\/v2\/media?parent=1839530"}],"wp:term":[{"taxonomy":"product_brand","embeddable":true,"href":"http:\/\/ruuby.ee\/en\/wp-json\/wp\/v2\/product_brand?post=1839530"},{"taxonomy":"product_cat","embeddable":true,"href":"http:\/\/ruuby.ee\/en\/wp-json\/wp\/v2\/product_cat?post=1839530"},{"taxonomy":"product_tag","embeddable":true,"href":"http:\/\/ruuby.ee\/en\/wp-json\/wp\/v2\/product_tag?post=1839530"}],"curies":[{"name":"wp","href":"https:\/\/api.w.org\/{rel}","templated":true}]}}