{"id":1838966,"date":"2023-09-01T17:50:24","date_gmt":"2023-09-01T14:50:24","guid":{"rendered":"http:\/\/ruuby.ee\/?post_type=product&#038;p=1838966"},"modified":"2026-04-04T01:25:02","modified_gmt":"2026-04-03T22:25:02","slug":"ayaida-haara-kaasa-kohvitops-soft-rose-380ml","status":"publish","type":"product","link":"http:\/\/ruuby.ee\/en\/pood\/aksessuaarid\/joogipudelid-ja-haara-kaasa-valik\/kohvitopsid\/ayaida-haara-kaasa-kohvitops-soft-rose-380ml\/","title":{"rendered":"AYA&amp;IDA &#8211; haara kaasa kohvitops, Soft Rose, 380ml"},"content":{"rendered":"<p>AYA&amp;IDA CUP2GO on ilus ja praktiline alternatiiv \u00fchekordselt kasutatavatele plastikkaanega tassidele.<\/p>\n<p>Selle tassiga tahame teha oma klientidele iga p\u00e4ev j\u00e4tkusuutlike valikute tegemise lihtsaks.<\/p>\n<p>AYA&amp;IDA CUP2GO v\u00f5imaldab teil liikvel olles nautida tassikest sooja kohvi v\u00f5i teed, aidates samal ajal planeedil hingata. Korduvkasutatav CUP2GO on loodud teid silmas pidades ja sellel on praktiline kaas, millest on mugav juua, kuid mis on siiski 100% lekkekindel. Tass on disainitud Taanis, v\u00e4rvides, mis sobivad meie populaarsete joogipudelitega.<\/p>\n<p>CUP2GO on toodetud samade p\u00f5him\u00f5tete j\u00e4rgi nagu meie AYA&amp;IDA joogipudelid. Tooted on kahekordse seinaga ja kaetud vasekihiga, mis t\u00e4hendab, et see mitte ainult ei hoia soojust, vaid tagab ka selle, et CUP2GO ei l\u00e4he k\u00e4es hoidmiseks liiga kuumaks. Samal ajal on CUP2GO suurus valitud nii, et see sobiks enamiku autode topsihoidjatega. See istub h\u00e4sti k\u00e4es ja kaunis pulberv\u00e4rvimine muudab tassi vastupidavaks ning annab teile ainulaadse ja elegantse v\u00e4limuse.<\/p>\n<p>Mahutavus 380 ml<br \/>\nAva 8,5 cm<br \/>\nAlt 7,0 cm<br \/>\nK\u00f5rgus 14,5 cm<br \/>\nKaal 220 g<\/p>\n<p>AYA&amp;IDA sihtasutus annetab iga m\u00fc\u00fcdud AYA&amp;IDA toote eest 100 liitrit puhast vett maailma k\u00f5ige haavatavamatele lastele.<\/p>\n<p>J\u00e4reltellitava toote tarne 10 t\u00f6\u00f6p\u00e4eva.<\/p>","protected":false},"excerpt":{"rendered":"<p>AYA&amp;IDA CUP2GO on ilus ja praktiline alternatiiv \u00fchekordselt kasutatavatele plastikkaanega tassidele. Selle tassiga tahame teha oma klientidele iga p\u00e4ev j\u00e4tkusuutlike valikute tegemise lihtsaks. AYA&amp;IDA CUP2GO v\u00f5imaldab teil liikvel olles nautida tassikest sooja kohvi v\u00f5i teed, aidates samal ajal planeedil hingata. Korduvkasutatav CUP2GO on loodud teid silmas pidades ja sellel on praktiline kaas, millest on mugav [&hellip;]<\/p>\n","protected":false},"featured_media":1848546,"comment_status":"open","ping_status":"closed","template":"","meta":[],"product_brand":[],"product_cat":[463,837],"product_tag":[],"class_list":{"0":"post-1838966","1":"product","2":"type-product","3":"status-publish","4":"has-post-thumbnail","6":"product_cat-joogipudelid-ja-haara-kaasa-valik","7":"product_cat-kohvitopsid","9":"first","10":"outofstock","11":"taxable","12":"shipping-taxable","13":"purchasable","14":"product-type-simple"},"yoast_head":"<!-- This site is optimized with the Yoast SEO plugin v27.2 - https:\/\/yoast.com\/product\/yoast-seo-wordpress\/ -->\n<title>AYA&amp;IDA - haara kaasa kohvitops, Soft Rose, 380ml - RUUBY<\/title>\n<meta name=\"robots\" content=\"index, follow, max-snippet:-1, max-image-preview:large, max-video-preview:-1\" \/>\n<link rel=\"canonical\" href=\"https:\/\/ruuby.ee\/en\/pood\/aksessuaarid\/joogipudelid-ja-haara-kaasa-valik\/kohvitopsid\/ayaida-haara-kaasa-kohvitops-soft-rose-380ml\/\" \/>\n<meta property=\"og:locale\" content=\"en_GB\" \/>\n<meta property=\"og:type\" content=\"article\" \/>\n<meta property=\"og:title\" content=\"AYA&amp;IDA - haara kaasa kohvitops, Soft Rose, 380ml - RUUBY\" \/>\n<meta property=\"og:description\" content=\"AYA&amp;IDA CUP2GO on ilus ja praktiline alternatiiv \u00fchekordselt kasutatavatele plastikkaanega tassidele. Selle tassiga tahame teha oma klientidele iga p\u00e4ev j\u00e4tkusuutlike valikute tegemise lihtsaks. AYA&amp;IDA CUP2GO v\u00f5imaldab teil liikvel olles nautida tassikest sooja kohvi v\u00f5i teed, aidates samal ajal planeedil hingata. Korduvkasutatav CUP2GO on loodud teid silmas pidades ja sellel on praktiline kaas, millest on mugav [&hellip;]\" \/>\n<meta property=\"og:url\" content=\"https:\/\/ruuby.ee\/en\/pood\/aksessuaarid\/joogipudelid-ja-haara-kaasa-valik\/kohvitopsid\/ayaida-haara-kaasa-kohvitops-soft-rose-380ml\/\" \/>\n<meta property=\"og:site_name\" content=\"RUUBY\" \/>\n<meta property=\"article:publisher\" content=\"https:\/\/www.facebook.com\/ruubyconcept\" \/>\n<meta property=\"article:modified_time\" content=\"2026-04-03T22:25:02+00:00\" \/>\n<meta property=\"og:image\" content=\"https:\/\/ruuby.ee\/wp-content\/uploads\/2023\/09\/380ml_CUP2GO_Soft-Rose-e1725963844626.png\" \/>\n\t<meta property=\"og:image:width\" content=\"962\" \/>\n\t<meta property=\"og:image:height\" content=\"890\" \/>\n\t<meta property=\"og:image:type\" content=\"image\/png\" \/>\n<meta name=\"twitter:card\" content=\"summary_large_image\" \/>\n<meta name=\"twitter:label1\" content=\"Estimated reading time\" \/>\n\t<meta name=\"twitter:data1\" content=\"2 minutes\" \/>\n<script type=\"application\/ld+json\" class=\"yoast-schema-graph\">{\"@context\":\"https:\/\/schema.org\",\"@graph\":[{\"@type\":[\"WebPage\",\"ItemPage\"],\"@id\":\"https:\/\/ruuby.ee\/pood\/aksessuaarid\/joogipudelid-ja-haara-kaasa-valik\/kohvitopsid\/ayaida-haara-kaasa-kohvitops-soft-rose-380ml\/\",\"url\":\"https:\/\/ruuby.ee\/pood\/aksessuaarid\/joogipudelid-ja-haara-kaasa-valik\/kohvitopsid\/ayaida-haara-kaasa-kohvitops-soft-rose-380ml\/\",\"name\":\"AYA&amp;IDA - haara kaasa kohvitops, Soft Rose, 380ml - RUUBY\",\"isPartOf\":{\"@id\":\"https:\/\/ruuby.ee\/en\/#website\"},\"primaryImageOfPage\":{\"@id\":\"https:\/\/ruuby.ee\/pood\/aksessuaarid\/joogipudelid-ja-haara-kaasa-valik\/kohvitopsid\/ayaida-haara-kaasa-kohvitops-soft-rose-380ml\/#primaryimage\"},\"image\":{\"@id\":\"https:\/\/ruuby.ee\/pood\/aksessuaarid\/joogipudelid-ja-haara-kaasa-valik\/kohvitopsid\/ayaida-haara-kaasa-kohvitops-soft-rose-380ml\/#primaryimage\"},\"thumbnailUrl\":\"http:\/\/ruuby.ee\/wp-content\/uploads\/2023\/09\/380ml_CUP2GO_Soft-Rose-e1725963844626.png\",\"datePublished\":\"2023-09-01T14:50:24+00:00\",\"dateModified\":\"2026-04-03T22:25:02+00:00\",\"breadcrumb\":{\"@id\":\"https:\/\/ruuby.ee\/pood\/aksessuaarid\/joogipudelid-ja-haara-kaasa-valik\/kohvitopsid\/ayaida-haara-kaasa-kohvitops-soft-rose-380ml\/#breadcrumb\"},\"inLanguage\":\"en-GB\",\"potentialAction\":[{\"@type\":\"ReadAction\",\"target\":[\"https:\/\/ruuby.ee\/pood\/aksessuaarid\/joogipudelid-ja-haara-kaasa-valik\/kohvitopsid\/ayaida-haara-kaasa-kohvitops-soft-rose-380ml\/\"]}]},{\"@type\":\"ImageObject\",\"inLanguage\":\"en-GB\",\"@id\":\"https:\/\/ruuby.ee\/pood\/aksessuaarid\/joogipudelid-ja-haara-kaasa-valik\/kohvitopsid\/ayaida-haara-kaasa-kohvitops-soft-rose-380ml\/#primaryimage\",\"url\":\"http:\/\/ruuby.ee\/wp-content\/uploads\/2023\/09\/380ml_CUP2GO_Soft-Rose-e1725963844626.png\",\"contentUrl\":\"http:\/\/ruuby.ee\/wp-content\/uploads\/2023\/09\/380ml_CUP2GO_Soft-Rose-e1725963844626.png\",\"width\":962,\"height\":890},{\"@type\":\"BreadcrumbList\",\"@id\":\"https:\/\/ruuby.ee\/pood\/aksessuaarid\/joogipudelid-ja-haara-kaasa-valik\/kohvitopsid\/ayaida-haara-kaasa-kohvitops-soft-rose-380ml\/#breadcrumb\",\"itemListElement\":[{\"@type\":\"ListItem\",\"position\":1,\"name\":\"Kdu\",\"item\":\"https:\/\/ruuby.ee\/en\/\"},{\"@type\":\"ListItem\",\"position\":2,\"name\":\"Pood\",\"item\":\"https:\/\/ruuby.ee\/pood\/\"},{\"@type\":\"ListItem\",\"position\":3,\"name\":\"AYA&amp;IDA &#8211; haara kaasa kohvitops, Soft Rose, 380ml\"}]},{\"@type\":\"WebSite\",\"@id\":\"https:\/\/ruuby.ee\/en\/#website\",\"url\":\"https:\/\/ruuby.ee\/en\/\",\"name\":\"RUUBY\",\"description\":\"Ruubys on \u00fchendatud elustiil ja disain\",\"publisher\":{\"@id\":\"https:\/\/ruuby.ee\/en\/#organization\"},\"alternateName\":\"Ruuby Disain\",\"potentialAction\":[{\"@type\":\"SearchAction\",\"target\":{\"@type\":\"EntryPoint\",\"urlTemplate\":\"https:\/\/ruuby.ee\/en\/?s={search_term_string}\"},\"query-input\":{\"@type\":\"PropertyValueSpecification\",\"valueRequired\":true,\"valueName\":\"search_term_string\"}}],\"inLanguage\":\"en-GB\"},{\"@type\":\"Organization\",\"@id\":\"https:\/\/ruuby.ee\/en\/#organization\",\"name\":\"Ruuby Disain O\u00dc\",\"alternateName\":\"Ruuby\",\"url\":\"https:\/\/ruuby.ee\/en\/\",\"logo\":{\"@type\":\"ImageObject\",\"inLanguage\":\"en-GB\",\"@id\":\"https:\/\/ruuby.ee\/en\/#\/schema\/logo\/image\/\",\"url\":\"http:\/\/ruuby.ee\/wp-content\/uploads\/2023\/06\/cropped-Black-White-Elegant-Circle-Signature-Fashion-Logo-12_large.png\",\"contentUrl\":\"http:\/\/ruuby.ee\/wp-content\/uploads\/2023\/06\/cropped-Black-White-Elegant-Circle-Signature-Fashion-Logo-12_large.png\",\"width\":1280,\"height\":747,\"caption\":\"Ruuby Disain O\u00dc\"},\"image\":{\"@id\":\"https:\/\/ruuby.ee\/en\/#\/schema\/logo\/image\/\"},\"sameAs\":[\"https:\/\/www.facebook.com\/ruubyconcept\",\"https:\/\/www.instagram.com\/ruuby_concept\/\"]}]}<\/script>\n<!-- \/ Yoast SEO plugin. -->","yoast_head_json":{"title":"AYA&amp;IDA - haara kaasa kohvitops, Soft Rose, 380ml - RUUBY","robots":{"index":"index","follow":"follow","max-snippet":"max-snippet:-1","max-image-preview":"max-image-preview:large","max-video-preview":"max-video-preview:-1"},"canonical":"https:\/\/ruuby.ee\/en\/pood\/aksessuaarid\/joogipudelid-ja-haara-kaasa-valik\/kohvitopsid\/ayaida-haara-kaasa-kohvitops-soft-rose-380ml\/","og_locale":"en_GB","og_type":"article","og_title":"AYA&amp;IDA - haara kaasa kohvitops, Soft Rose, 380ml - RUUBY","og_description":"AYA&amp;IDA CUP2GO on ilus ja praktiline alternatiiv \u00fchekordselt kasutatavatele plastikkaanega tassidele. Selle tassiga tahame teha oma klientidele iga p\u00e4ev j\u00e4tkusuutlike valikute tegemise lihtsaks. AYA&amp;IDA CUP2GO v\u00f5imaldab teil liikvel olles nautida tassikest sooja kohvi v\u00f5i teed, aidates samal ajal planeedil hingata. Korduvkasutatav CUP2GO on loodud teid silmas pidades ja sellel on praktiline kaas, millest on mugav [&hellip;]","og_url":"https:\/\/ruuby.ee\/en\/pood\/aksessuaarid\/joogipudelid-ja-haara-kaasa-valik\/kohvitopsid\/ayaida-haara-kaasa-kohvitops-soft-rose-380ml\/","og_site_name":"RUUBY","article_publisher":"https:\/\/www.facebook.com\/ruubyconcept","article_modified_time":"2026-04-03T22:25:02+00:00","og_image":[{"width":962,"height":890,"url":"https:\/\/ruuby.ee\/wp-content\/uploads\/2023\/09\/380ml_CUP2GO_Soft-Rose-e1725963844626.png","type":"image\/png"}],"twitter_card":"summary_large_image","twitter_misc":{"Estimated reading time":"2 minutes"},"schema":{"@context":"https:\/\/schema.org","@graph":[{"@type":["WebPage","ItemPage"],"@id":"https:\/\/ruuby.ee\/pood\/aksessuaarid\/joogipudelid-ja-haara-kaasa-valik\/kohvitopsid\/ayaida-haara-kaasa-kohvitops-soft-rose-380ml\/","url":"https:\/\/ruuby.ee\/pood\/aksessuaarid\/joogipudelid-ja-haara-kaasa-valik\/kohvitopsid\/ayaida-haara-kaasa-kohvitops-soft-rose-380ml\/","name":"AYA&amp;IDA - haara kaasa kohvitops, Soft Rose, 380ml - RUUBY","isPartOf":{"@id":"https:\/\/ruuby.ee\/en\/#website"},"primaryImageOfPage":{"@id":"https:\/\/ruuby.ee\/pood\/aksessuaarid\/joogipudelid-ja-haara-kaasa-valik\/kohvitopsid\/ayaida-haara-kaasa-kohvitops-soft-rose-380ml\/#primaryimage"},"image":{"@id":"https:\/\/ruuby.ee\/pood\/aksessuaarid\/joogipudelid-ja-haara-kaasa-valik\/kohvitopsid\/ayaida-haara-kaasa-kohvitops-soft-rose-380ml\/#primaryimage"},"thumbnailUrl":"http:\/\/ruuby.ee\/wp-content\/uploads\/2023\/09\/380ml_CUP2GO_Soft-Rose-e1725963844626.png","datePublished":"2023-09-01T14:50:24+00:00","dateModified":"2026-04-03T22:25:02+00:00","breadcrumb":{"@id":"https:\/\/ruuby.ee\/pood\/aksessuaarid\/joogipudelid-ja-haara-kaasa-valik\/kohvitopsid\/ayaida-haara-kaasa-kohvitops-soft-rose-380ml\/#breadcrumb"},"inLanguage":"en-GB","potentialAction":[{"@type":"ReadAction","target":["https:\/\/ruuby.ee\/pood\/aksessuaarid\/joogipudelid-ja-haara-kaasa-valik\/kohvitopsid\/ayaida-haara-kaasa-kohvitops-soft-rose-380ml\/"]}]},{"@type":"ImageObject","inLanguage":"en-GB","@id":"https:\/\/ruuby.ee\/pood\/aksessuaarid\/joogipudelid-ja-haara-kaasa-valik\/kohvitopsid\/ayaida-haara-kaasa-kohvitops-soft-rose-380ml\/#primaryimage","url":"http:\/\/ruuby.ee\/wp-content\/uploads\/2023\/09\/380ml_CUP2GO_Soft-Rose-e1725963844626.png","contentUrl":"http:\/\/ruuby.ee\/wp-content\/uploads\/2023\/09\/380ml_CUP2GO_Soft-Rose-e1725963844626.png","width":962,"height":890},{"@type":"BreadcrumbList","@id":"https:\/\/ruuby.ee\/pood\/aksessuaarid\/joogipudelid-ja-haara-kaasa-valik\/kohvitopsid\/ayaida-haara-kaasa-kohvitops-soft-rose-380ml\/#breadcrumb","itemListElement":[{"@type":"ListItem","position":1,"name":"Kdu","item":"https:\/\/ruuby.ee\/en\/"},{"@type":"ListItem","position":2,"name":"Pood","item":"https:\/\/ruuby.ee\/pood\/"},{"@type":"ListItem","position":3,"name":"AYA&amp;IDA &#8211; haara kaasa kohvitops, Soft Rose, 380ml"}]},{"@type":"WebSite","@id":"https:\/\/ruuby.ee\/en\/#website","url":"https:\/\/ruuby.ee\/en\/","name":"RUUBY","description":"Ruubys on \u00fchendatud elustiil ja disain","publisher":{"@id":"https:\/\/ruuby.ee\/en\/#organization"},"alternateName":"Ruuby Disain","potentialAction":[{"@type":"SearchAction","target":{"@type":"EntryPoint","urlTemplate":"https:\/\/ruuby.ee\/en\/?s={search_term_string}"},"query-input":{"@type":"PropertyValueSpecification","valueRequired":true,"valueName":"search_term_string"}}],"inLanguage":"en-GB"},{"@type":"Organization","@id":"https:\/\/ruuby.ee\/en\/#organization","name":"Ruuby Disain O\u00dc","alternateName":"Ruuby","url":"https:\/\/ruuby.ee\/en\/","logo":{"@type":"ImageObject","inLanguage":"en-GB","@id":"https:\/\/ruuby.ee\/en\/#\/schema\/logo\/image\/","url":"http:\/\/ruuby.ee\/wp-content\/uploads\/2023\/06\/cropped-Black-White-Elegant-Circle-Signature-Fashion-Logo-12_large.png","contentUrl":"http:\/\/ruuby.ee\/wp-content\/uploads\/2023\/06\/cropped-Black-White-Elegant-Circle-Signature-Fashion-Logo-12_large.png","width":1280,"height":747,"caption":"Ruuby Disain O\u00dc"},"image":{"@id":"https:\/\/ruuby.ee\/en\/#\/schema\/logo\/image\/"},"sameAs":["https:\/\/www.facebook.com\/ruubyconcept","https:\/\/www.instagram.com\/ruuby_concept\/"]}]}},"jetpack_sharing_enabled":true,"_links":{"self":[{"href":"http:\/\/ruuby.ee\/en\/wp-json\/wp\/v2\/product\/1838966","targetHints":{"allow":["GET"]}}],"collection":[{"href":"http:\/\/ruuby.ee\/en\/wp-json\/wp\/v2\/product"}],"about":[{"href":"http:\/\/ruuby.ee\/en\/wp-json\/wp\/v2\/types\/product"}],"replies":[{"embeddable":true,"href":"http:\/\/ruuby.ee\/en\/wp-json\/wp\/v2\/comments?post=1838966"}],"wp:featuredmedia":[{"embeddable":true,"href":"http:\/\/ruuby.ee\/en\/wp-json\/wp\/v2\/media\/1848546"}],"wp:attachment":[{"href":"http:\/\/ruuby.ee\/en\/wp-json\/wp\/v2\/media?parent=1838966"}],"wp:term":[{"taxonomy":"product_brand","embeddable":true,"href":"http:\/\/ruuby.ee\/en\/wp-json\/wp\/v2\/product_brand?post=1838966"},{"taxonomy":"product_cat","embeddable":true,"href":"http:\/\/ruuby.ee\/en\/wp-json\/wp\/v2\/product_cat?post=1838966"},{"taxonomy":"product_tag","embeddable":true,"href":"http:\/\/ruuby.ee\/en\/wp-json\/wp\/v2\/product_tag?post=1838966"}],"curies":[{"name":"wp","href":"https:\/\/api.w.org\/{rel}","templated":true}]}}