{"id":1838938,"date":"2023-09-01T17:19:10","date_gmt":"2023-09-01T14:19:10","guid":{"rendered":"http:\/\/ruuby.ee\/?post_type=product&#038;p=1838938"},"modified":"2026-04-04T01:25:02","modified_gmt":"2026-04-03T22:25:02","slug":"ayaida-laste-joogipudel-korrega-soft-rose-350ml","status":"publish","type":"product","link":"http:\/\/ruuby.ee\/en\/pood\/aksessuaarid\/joogipudelid-ja-haara-kaasa-valik\/korrega-joogipudelid\/ayaida-laste-joogipudel-korrega-soft-rose-350ml\/","title":{"rendered":"AYA&amp;IDA &#8211; laste joogipudel k\u00f5rrega, Soft Rose, 350ml"},"content":{"rendered":"<p>Meie uus pudel on meie k\u00f5ige pisematele klientidele.<\/p>\n<p>Korduvkasutatav joogipudel, mis on loodud meie lastele.<\/p>\n<p>Sellel pudelil on uued lastes\u00f5bralikud funktsioonid, mis muudavad meie lastel oma januga iseseisvalt hakkama.<\/p>\n<p>Kids Straw Bottle&#8217;il on ainulaadne kaas, mis avaneb vaid \u00f5rna nupuvajutusega. Kaanel on esmaklassilisest silikoonist k\u00f5rs, mis on \u00f5rn laste hammaste jaoks. Pudel on valmistatud \u00fclaosas k\u00e4epidemega, et seda oleks lihtne kaasas kanda ja see mahutab 350 ml \u2013 ideaalne suurus meie lastele.<\/p>\n<p>Samuti hoiab see pudel joogid k\u00fclmana 24 tundi v\u00f5i soojana 12 tundi.<\/p>\n<p>AYA&amp;IDA Kidsi p\u00f5hupudel on loomulikult 100% BPA-, ftalaatide- ja toksiinide vaba. Valmistatud vaakumisolatsiooniga toidukvaliteediga 18\/8 roostevabast terasest. Sisaldab vasekihti, nii et see on t\u00e4iesti kondensatsioonivaba.<\/p>\n<p>Lisaks saab k\u00f5rre katki minemisel selle asendada h\u00f5lpsalt AYA&amp;IDA uue k\u00f5rrega &#8211; k\u00f5ik vajalikud osad on vahetatavad, seega ei pea sa muretsema, et kui midagi katki l\u00e4heb pead ostma uue pudeli &#8211; vahetame varuosad ja l\u00e4heb j\u00e4lle lahti.<\/p>\n<p>J\u00e4reltellitava toote tarne 10 t\u00f6\u00f6p\u00e4eva.<\/p>","protected":false},"excerpt":{"rendered":"<p>Meie uus pudel on meie k\u00f5ige pisematele klientidele. Korduvkasutatav joogipudel, mis on loodud meie lastele. Sellel pudelil on uued lastes\u00f5bralikud funktsioonid, mis muudavad meie lastel oma januga iseseisvalt hakkama. Kids Straw Bottle&#8217;il on ainulaadne kaas, mis avaneb vaid \u00f5rna nupuvajutusega. Kaanel on esmaklassilisest silikoonist k\u00f5rs, mis on \u00f5rn laste hammaste jaoks. Pudel on valmistatud \u00fclaosas [&hellip;]<\/p>\n","protected":false},"featured_media":1848549,"comment_status":"open","ping_status":"closed","template":"","meta":[],"product_brand":[],"product_cat":[683,463,840],"product_tag":[],"class_list":{"0":"post-1838938","1":"product","2":"type-product","3":"status-publish","4":"has-post-thumbnail","6":"product_cat-joogipudelid","7":"product_cat-joogipudelid-ja-haara-kaasa-valik","8":"product_cat-korrega-joogipudelid","10":"first","11":"outofstock","12":"taxable","13":"shipping-taxable","14":"purchasable","15":"product-type-simple"},"yoast_head":"<!-- This site is optimized with the Yoast SEO plugin v27.2 - https:\/\/yoast.com\/product\/yoast-seo-wordpress\/ -->\n<title>AYA&amp;IDA - laste joogipudel k\u00f5rrega, Soft Rose, 350ml - RUUBY<\/title>\n<meta name=\"robots\" content=\"index, follow, max-snippet:-1, max-image-preview:large, max-video-preview:-1\" \/>\n<link rel=\"canonical\" href=\"https:\/\/ruuby.ee\/en\/pood\/aksessuaarid\/joogipudelid-ja-haara-kaasa-valik\/korrega-joogipudelid\/ayaida-laste-joogipudel-korrega-soft-rose-350ml\/\" \/>\n<meta property=\"og:locale\" content=\"en_GB\" \/>\n<meta property=\"og:type\" content=\"article\" \/>\n<meta property=\"og:title\" content=\"AYA&amp;IDA - laste joogipudel k\u00f5rrega, Soft Rose, 350ml - RUUBY\" \/>\n<meta property=\"og:description\" content=\"Meie uus pudel on meie k\u00f5ige pisematele klientidele. Korduvkasutatav joogipudel, mis on loodud meie lastele. Sellel pudelil on uued lastes\u00f5bralikud funktsioonid, mis muudavad meie lastel oma januga iseseisvalt hakkama. Kids Straw Bottle&#8217;il on ainulaadne kaas, mis avaneb vaid \u00f5rna nupuvajutusega. Kaanel on esmaklassilisest silikoonist k\u00f5rs, mis on \u00f5rn laste hammaste jaoks. Pudel on valmistatud \u00fclaosas [&hellip;]\" \/>\n<meta property=\"og:url\" content=\"https:\/\/ruuby.ee\/en\/pood\/aksessuaarid\/joogipudelid-ja-haara-kaasa-valik\/korrega-joogipudelid\/ayaida-laste-joogipudel-korrega-soft-rose-350ml\/\" \/>\n<meta property=\"og:site_name\" content=\"RUUBY\" \/>\n<meta property=\"article:publisher\" content=\"https:\/\/www.facebook.com\/ruubyconcept\" \/>\n<meta property=\"article:modified_time\" content=\"2026-04-03T22:25:02+00:00\" \/>\n<meta property=\"og:image\" content=\"https:\/\/ruuby.ee\/wp-content\/uploads\/2023\/09\/01-SOFT-ROSE-KIDS-STRAW-BOTTLE1.png\" \/>\n\t<meta property=\"og:image:width\" content=\"1000\" \/>\n\t<meta property=\"og:image:height\" content=\"1000\" \/>\n\t<meta property=\"og:image:type\" content=\"image\/png\" \/>\n<meta name=\"twitter:card\" content=\"summary_large_image\" \/>\n<meta name=\"twitter:label1\" content=\"Estimated reading time\" \/>\n\t<meta name=\"twitter:data1\" content=\"2 minutes\" \/>\n<script type=\"application\/ld+json\" class=\"yoast-schema-graph\">{\"@context\":\"https:\/\/schema.org\",\"@graph\":[{\"@type\":[\"WebPage\",\"ItemPage\"],\"@id\":\"https:\/\/ruuby.ee\/en\/pood\/aksessuaarid\/joogipudelid-ja-haara-kaasa-valik\/korrega-joogipudelid\/ayaida-laste-joogipudel-korrega-soft-rose-350ml\/\",\"url\":\"https:\/\/ruuby.ee\/en\/pood\/aksessuaarid\/joogipudelid-ja-haara-kaasa-valik\/korrega-joogipudelid\/ayaida-laste-joogipudel-korrega-soft-rose-350ml\/\",\"name\":\"AYA&amp;IDA - laste joogipudel k\u00f5rrega, Soft Rose, 350ml - RUUBY\",\"isPartOf\":{\"@id\":\"https:\/\/ruuby.ee\/en\/#website\"},\"primaryImageOfPage\":{\"@id\":\"https:\/\/ruuby.ee\/en\/pood\/aksessuaarid\/joogipudelid-ja-haara-kaasa-valik\/korrega-joogipudelid\/ayaida-laste-joogipudel-korrega-soft-rose-350ml\/#primaryimage\"},\"image\":{\"@id\":\"https:\/\/ruuby.ee\/en\/pood\/aksessuaarid\/joogipudelid-ja-haara-kaasa-valik\/korrega-joogipudelid\/ayaida-laste-joogipudel-korrega-soft-rose-350ml\/#primaryimage\"},\"thumbnailUrl\":\"http:\/\/ruuby.ee\/wp-content\/uploads\/2023\/09\/01-SOFT-ROSE-KIDS-STRAW-BOTTLE1.png\",\"datePublished\":\"2023-09-01T14:19:10+00:00\",\"dateModified\":\"2026-04-03T22:25:02+00:00\",\"breadcrumb\":{\"@id\":\"https:\/\/ruuby.ee\/en\/pood\/aksessuaarid\/joogipudelid-ja-haara-kaasa-valik\/korrega-joogipudelid\/ayaida-laste-joogipudel-korrega-soft-rose-350ml\/#breadcrumb\"},\"inLanguage\":\"en-GB\",\"potentialAction\":[{\"@type\":\"ReadAction\",\"target\":[\"https:\/\/ruuby.ee\/en\/pood\/aksessuaarid\/joogipudelid-ja-haara-kaasa-valik\/korrega-joogipudelid\/ayaida-laste-joogipudel-korrega-soft-rose-350ml\/\"]}]},{\"@type\":\"ImageObject\",\"inLanguage\":\"en-GB\",\"@id\":\"https:\/\/ruuby.ee\/en\/pood\/aksessuaarid\/joogipudelid-ja-haara-kaasa-valik\/korrega-joogipudelid\/ayaida-laste-joogipudel-korrega-soft-rose-350ml\/#primaryimage\",\"url\":\"http:\/\/ruuby.ee\/wp-content\/uploads\/2023\/09\/01-SOFT-ROSE-KIDS-STRAW-BOTTLE1.png\",\"contentUrl\":\"http:\/\/ruuby.ee\/wp-content\/uploads\/2023\/09\/01-SOFT-ROSE-KIDS-STRAW-BOTTLE1.png\",\"width\":1000,\"height\":1000},{\"@type\":\"BreadcrumbList\",\"@id\":\"https:\/\/ruuby.ee\/en\/pood\/aksessuaarid\/joogipudelid-ja-haara-kaasa-valik\/korrega-joogipudelid\/ayaida-laste-joogipudel-korrega-soft-rose-350ml\/#breadcrumb\",\"itemListElement\":[{\"@type\":\"ListItem\",\"position\":1,\"name\":\"Kdu\",\"item\":\"https:\/\/ruuby.ee\/en\/\"},{\"@type\":\"ListItem\",\"position\":2,\"name\":\"Pood\",\"item\":\"https:\/\/ruuby.ee\/pood\/\"},{\"@type\":\"ListItem\",\"position\":3,\"name\":\"AYA&amp;IDA &#8211; laste joogipudel k\u00f5rrega, Soft Rose, 350ml\"}]},{\"@type\":\"WebSite\",\"@id\":\"https:\/\/ruuby.ee\/en\/#website\",\"url\":\"https:\/\/ruuby.ee\/en\/\",\"name\":\"RUUBY\",\"description\":\"Ruubys on \u00fchendatud elustiil ja disain\",\"publisher\":{\"@id\":\"https:\/\/ruuby.ee\/en\/#organization\"},\"alternateName\":\"Ruuby Disain\",\"potentialAction\":[{\"@type\":\"SearchAction\",\"target\":{\"@type\":\"EntryPoint\",\"urlTemplate\":\"https:\/\/ruuby.ee\/en\/?s={search_term_string}\"},\"query-input\":{\"@type\":\"PropertyValueSpecification\",\"valueRequired\":true,\"valueName\":\"search_term_string\"}}],\"inLanguage\":\"en-GB\"},{\"@type\":\"Organization\",\"@id\":\"https:\/\/ruuby.ee\/en\/#organization\",\"name\":\"Ruuby Disain O\u00dc\",\"alternateName\":\"Ruuby\",\"url\":\"https:\/\/ruuby.ee\/en\/\",\"logo\":{\"@type\":\"ImageObject\",\"inLanguage\":\"en-GB\",\"@id\":\"https:\/\/ruuby.ee\/en\/#\/schema\/logo\/image\/\",\"url\":\"http:\/\/ruuby.ee\/wp-content\/uploads\/2023\/06\/cropped-Black-White-Elegant-Circle-Signature-Fashion-Logo-12_large.png\",\"contentUrl\":\"http:\/\/ruuby.ee\/wp-content\/uploads\/2023\/06\/cropped-Black-White-Elegant-Circle-Signature-Fashion-Logo-12_large.png\",\"width\":1280,\"height\":747,\"caption\":\"Ruuby Disain O\u00dc\"},\"image\":{\"@id\":\"https:\/\/ruuby.ee\/en\/#\/schema\/logo\/image\/\"},\"sameAs\":[\"https:\/\/www.facebook.com\/ruubyconcept\",\"https:\/\/www.instagram.com\/ruuby_concept\/\"]}]}<\/script>\n<!-- \/ Yoast SEO plugin. -->","yoast_head_json":{"title":"AYA&amp;IDA - laste joogipudel k\u00f5rrega, Soft Rose, 350ml - RUUBY","robots":{"index":"index","follow":"follow","max-snippet":"max-snippet:-1","max-image-preview":"max-image-preview:large","max-video-preview":"max-video-preview:-1"},"canonical":"https:\/\/ruuby.ee\/en\/pood\/aksessuaarid\/joogipudelid-ja-haara-kaasa-valik\/korrega-joogipudelid\/ayaida-laste-joogipudel-korrega-soft-rose-350ml\/","og_locale":"en_GB","og_type":"article","og_title":"AYA&amp;IDA - laste joogipudel k\u00f5rrega, Soft Rose, 350ml - RUUBY","og_description":"Meie uus pudel on meie k\u00f5ige pisematele klientidele. Korduvkasutatav joogipudel, mis on loodud meie lastele. Sellel pudelil on uued lastes\u00f5bralikud funktsioonid, mis muudavad meie lastel oma januga iseseisvalt hakkama. Kids Straw Bottle&#8217;il on ainulaadne kaas, mis avaneb vaid \u00f5rna nupuvajutusega. Kaanel on esmaklassilisest silikoonist k\u00f5rs, mis on \u00f5rn laste hammaste jaoks. Pudel on valmistatud \u00fclaosas [&hellip;]","og_url":"https:\/\/ruuby.ee\/en\/pood\/aksessuaarid\/joogipudelid-ja-haara-kaasa-valik\/korrega-joogipudelid\/ayaida-laste-joogipudel-korrega-soft-rose-350ml\/","og_site_name":"RUUBY","article_publisher":"https:\/\/www.facebook.com\/ruubyconcept","article_modified_time":"2026-04-03T22:25:02+00:00","og_image":[{"width":1000,"height":1000,"url":"https:\/\/ruuby.ee\/wp-content\/uploads\/2023\/09\/01-SOFT-ROSE-KIDS-STRAW-BOTTLE1.png","type":"image\/png"}],"twitter_card":"summary_large_image","twitter_misc":{"Estimated reading time":"2 minutes"},"schema":{"@context":"https:\/\/schema.org","@graph":[{"@type":["WebPage","ItemPage"],"@id":"https:\/\/ruuby.ee\/en\/pood\/aksessuaarid\/joogipudelid-ja-haara-kaasa-valik\/korrega-joogipudelid\/ayaida-laste-joogipudel-korrega-soft-rose-350ml\/","url":"https:\/\/ruuby.ee\/en\/pood\/aksessuaarid\/joogipudelid-ja-haara-kaasa-valik\/korrega-joogipudelid\/ayaida-laste-joogipudel-korrega-soft-rose-350ml\/","name":"AYA&amp;IDA - laste joogipudel k\u00f5rrega, Soft Rose, 350ml - RUUBY","isPartOf":{"@id":"https:\/\/ruuby.ee\/en\/#website"},"primaryImageOfPage":{"@id":"https:\/\/ruuby.ee\/en\/pood\/aksessuaarid\/joogipudelid-ja-haara-kaasa-valik\/korrega-joogipudelid\/ayaida-laste-joogipudel-korrega-soft-rose-350ml\/#primaryimage"},"image":{"@id":"https:\/\/ruuby.ee\/en\/pood\/aksessuaarid\/joogipudelid-ja-haara-kaasa-valik\/korrega-joogipudelid\/ayaida-laste-joogipudel-korrega-soft-rose-350ml\/#primaryimage"},"thumbnailUrl":"http:\/\/ruuby.ee\/wp-content\/uploads\/2023\/09\/01-SOFT-ROSE-KIDS-STRAW-BOTTLE1.png","datePublished":"2023-09-01T14:19:10+00:00","dateModified":"2026-04-03T22:25:02+00:00","breadcrumb":{"@id":"https:\/\/ruuby.ee\/en\/pood\/aksessuaarid\/joogipudelid-ja-haara-kaasa-valik\/korrega-joogipudelid\/ayaida-laste-joogipudel-korrega-soft-rose-350ml\/#breadcrumb"},"inLanguage":"en-GB","potentialAction":[{"@type":"ReadAction","target":["https:\/\/ruuby.ee\/en\/pood\/aksessuaarid\/joogipudelid-ja-haara-kaasa-valik\/korrega-joogipudelid\/ayaida-laste-joogipudel-korrega-soft-rose-350ml\/"]}]},{"@type":"ImageObject","inLanguage":"en-GB","@id":"https:\/\/ruuby.ee\/en\/pood\/aksessuaarid\/joogipudelid-ja-haara-kaasa-valik\/korrega-joogipudelid\/ayaida-laste-joogipudel-korrega-soft-rose-350ml\/#primaryimage","url":"http:\/\/ruuby.ee\/wp-content\/uploads\/2023\/09\/01-SOFT-ROSE-KIDS-STRAW-BOTTLE1.png","contentUrl":"http:\/\/ruuby.ee\/wp-content\/uploads\/2023\/09\/01-SOFT-ROSE-KIDS-STRAW-BOTTLE1.png","width":1000,"height":1000},{"@type":"BreadcrumbList","@id":"https:\/\/ruuby.ee\/en\/pood\/aksessuaarid\/joogipudelid-ja-haara-kaasa-valik\/korrega-joogipudelid\/ayaida-laste-joogipudel-korrega-soft-rose-350ml\/#breadcrumb","itemListElement":[{"@type":"ListItem","position":1,"name":"Kdu","item":"https:\/\/ruuby.ee\/en\/"},{"@type":"ListItem","position":2,"name":"Pood","item":"https:\/\/ruuby.ee\/pood\/"},{"@type":"ListItem","position":3,"name":"AYA&amp;IDA &#8211; laste joogipudel k\u00f5rrega, Soft Rose, 350ml"}]},{"@type":"WebSite","@id":"https:\/\/ruuby.ee\/en\/#website","url":"https:\/\/ruuby.ee\/en\/","name":"RUUBY","description":"Ruubys on \u00fchendatud elustiil ja disain","publisher":{"@id":"https:\/\/ruuby.ee\/en\/#organization"},"alternateName":"Ruuby Disain","potentialAction":[{"@type":"SearchAction","target":{"@type":"EntryPoint","urlTemplate":"https:\/\/ruuby.ee\/en\/?s={search_term_string}"},"query-input":{"@type":"PropertyValueSpecification","valueRequired":true,"valueName":"search_term_string"}}],"inLanguage":"en-GB"},{"@type":"Organization","@id":"https:\/\/ruuby.ee\/en\/#organization","name":"Ruuby Disain O\u00dc","alternateName":"Ruuby","url":"https:\/\/ruuby.ee\/en\/","logo":{"@type":"ImageObject","inLanguage":"en-GB","@id":"https:\/\/ruuby.ee\/en\/#\/schema\/logo\/image\/","url":"http:\/\/ruuby.ee\/wp-content\/uploads\/2023\/06\/cropped-Black-White-Elegant-Circle-Signature-Fashion-Logo-12_large.png","contentUrl":"http:\/\/ruuby.ee\/wp-content\/uploads\/2023\/06\/cropped-Black-White-Elegant-Circle-Signature-Fashion-Logo-12_large.png","width":1280,"height":747,"caption":"Ruuby Disain O\u00dc"},"image":{"@id":"https:\/\/ruuby.ee\/en\/#\/schema\/logo\/image\/"},"sameAs":["https:\/\/www.facebook.com\/ruubyconcept","https:\/\/www.instagram.com\/ruuby_concept\/"]}]}},"jetpack_sharing_enabled":true,"_links":{"self":[{"href":"http:\/\/ruuby.ee\/en\/wp-json\/wp\/v2\/product\/1838938","targetHints":{"allow":["GET"]}}],"collection":[{"href":"http:\/\/ruuby.ee\/en\/wp-json\/wp\/v2\/product"}],"about":[{"href":"http:\/\/ruuby.ee\/en\/wp-json\/wp\/v2\/types\/product"}],"replies":[{"embeddable":true,"href":"http:\/\/ruuby.ee\/en\/wp-json\/wp\/v2\/comments?post=1838938"}],"wp:featuredmedia":[{"embeddable":true,"href":"http:\/\/ruuby.ee\/en\/wp-json\/wp\/v2\/media\/1848549"}],"wp:attachment":[{"href":"http:\/\/ruuby.ee\/en\/wp-json\/wp\/v2\/media?parent=1838938"}],"wp:term":[{"taxonomy":"product_brand","embeddable":true,"href":"http:\/\/ruuby.ee\/en\/wp-json\/wp\/v2\/product_brand?post=1838938"},{"taxonomy":"product_cat","embeddable":true,"href":"http:\/\/ruuby.ee\/en\/wp-json\/wp\/v2\/product_cat?post=1838938"},{"taxonomy":"product_tag","embeddable":true,"href":"http:\/\/ruuby.ee\/en\/wp-json\/wp\/v2\/product_tag?post=1838938"}],"curies":[{"name":"wp","href":"https:\/\/api.w.org\/{rel}","templated":true}]}}