{"id":1838921,"date":"2023-09-01T16:39:18","date_gmt":"2023-09-01T13:39:18","guid":{"rendered":"http:\/\/ruuby.ee\/?post_type=product&#038;p=1838921"},"modified":"2026-04-04T01:25:02","modified_gmt":"2026-04-03T22:25:02","slug":"ayaida-joogipudel-mint-green-500ml","status":"publish","type":"product","link":"http:\/\/ruuby.ee\/en\/pood\/aksessuaarid\/joogipudelid-ja-haara-kaasa-valik\/joogipudelid-joogipudelid-ja-haara-kaasa-valik\/ayaida-joogipudel-mint-green-500ml\/","title":{"rendered":"AYA&amp;IDA &#8211; joogipudel, Mint Green, 500ml"},"content":{"rendered":"<p style=\"font-weight: 400;\">AYA&amp;IDA joogipudeliga soovime, et meie kliendid jooksid stiilselt, aidates samal ajal planeedil paremini hingata.<\/p>\n<p style=\"font-weight: 400;\">Pudel hoiab teie joogid ideaalselt kuumana 12 tundi ja k\u00fclmana 24 tundi!<\/p>\n<p style=\"font-weight: 400;\">Ideaalne liikvel olles, olgu sul pudelis tee, kohv, limonaad v\u00f5i j\u00e4\u00e4k\u00fclm vesi.<\/p>\n<p style=\"font-weight: 400;\">Pudelid on 100% vabad BPA-st, ftalaatidest ja toksiinidest. Valmistatud vaakumisolatsiooniga toidukvaliteediga 18\/8 roostevabast terasest. Sisaldab vasekihti, nii et see on t\u00e4iesti kondensatsioonivaba.<\/p>\n<p style=\"font-weight: 400;\">Kui soovid oma joogipudelit \u00fcmber k\u00e4e paelaga hoida \u2013 siis otsa juurde AYA&amp;IDA pudelik\u00e4epidemed, sobivad k\u00f5ikidele AYA&amp;IDA pudelitele ja h\u00f5lbustavad pudeli kaasaskandmist. Toodetud plaatina silikoonist. Pudelik\u00e4epidemes leiad meie e-poest ja poes kohapeal.<\/p>\n<p style=\"font-weight: 400;\">Kaunis disain, ilusad pastelsed toonid ning kasuta j\u00e4lle ja j\u00e4lle!<\/p>","protected":false},"excerpt":{"rendered":"<p>AYA&amp;IDA joogipudeliga soovime, et meie kliendid jooksid stiilselt, aidates samal ajal planeedil paremini hingata. Pudel hoiab teie joogid ideaalselt kuumana 12 tundi ja k\u00fclmana 24 tundi! Ideaalne liikvel olles, olgu sul pudelis tee, kohv, limonaad v\u00f5i j\u00e4\u00e4k\u00fclm vesi. Pudelid on 100% vabad BPA-st, ftalaatidest ja toksiinidest. Valmistatud vaakumisolatsiooniga toidukvaliteediga 18\/8 roostevabast terasest. Sisaldab vasekihti, nii [&hellip;]<\/p>\n","protected":false},"featured_media":1848560,"comment_status":"open","ping_status":"closed","template":"","meta":[],"product_brand":[],"product_cat":[838,463,15],"product_tag":[],"class_list":{"0":"post-1838921","1":"product","2":"type-product","3":"status-publish","4":"has-post-thumbnail","6":"product_cat-joogipudelid-joogipudelid-ja-haara-kaasa-valik","7":"product_cat-joogipudelid-ja-haara-kaasa-valik","8":"product_cat-uncategorized","10":"first","11":"instock","12":"taxable","13":"shipping-taxable","14":"purchasable","15":"product-type-simple"},"yoast_head":"<!-- This site is optimized with the Yoast SEO plugin v27.2 - https:\/\/yoast.com\/product\/yoast-seo-wordpress\/ -->\n<title>AYA&amp;IDA - joogipudel, Mint Green, 500ml - RUUBY<\/title>\n<meta name=\"robots\" content=\"index, follow, max-snippet:-1, max-image-preview:large, max-video-preview:-1\" \/>\n<link rel=\"canonical\" href=\"http:\/\/ruuby.ee\/en\/pood\/aksessuaarid\/joogipudelid-ja-haara-kaasa-valik\/joogipudelid-joogipudelid-ja-haara-kaasa-valik\/ayaida-joogipudel-mint-green-500ml\/\" \/>\n<meta property=\"og:locale\" content=\"en_GB\" \/>\n<meta property=\"og:type\" content=\"article\" \/>\n<meta property=\"og:title\" content=\"AYA&amp;IDA - joogipudel, Mint Green, 500ml - RUUBY\" \/>\n<meta property=\"og:description\" content=\"AYA&amp;IDA joogipudeliga soovime, et meie kliendid jooksid stiilselt, aidates samal ajal planeedil paremini hingata. Pudel hoiab teie joogid ideaalselt kuumana 12 tundi ja k\u00fclmana 24 tundi! Ideaalne liikvel olles, olgu sul pudelis tee, kohv, limonaad v\u00f5i j\u00e4\u00e4k\u00fclm vesi. Pudelid on 100% vabad BPA-st, ftalaatidest ja toksiinidest. Valmistatud vaakumisolatsiooniga toidukvaliteediga 18\/8 roostevabast terasest. Sisaldab vasekihti, nii [&hellip;]\" \/>\n<meta property=\"og:url\" content=\"http:\/\/ruuby.ee\/en\/pood\/aksessuaarid\/joogipudelid-ja-haara-kaasa-valik\/joogipudelid-joogipudelid-ja-haara-kaasa-valik\/ayaida-joogipudel-mint-green-500ml\/\" \/>\n<meta property=\"og:site_name\" content=\"RUUBY\" \/>\n<meta property=\"article:publisher\" content=\"https:\/\/www.facebook.com\/ruubyconcept\" \/>\n<meta property=\"article:modified_time\" content=\"2026-04-03T22:25:02+00:00\" \/>\n<meta property=\"og:image\" content=\"http:\/\/ruuby.ee\/wp-content\/uploads\/2023\/09\/01-MINT-GREN-DRINKING-BOTTLE-500-ML.jpg\" \/>\n\t<meta property=\"og:image:width\" content=\"1200\" \/>\n\t<meta property=\"og:image:height\" content=\"1200\" \/>\n\t<meta property=\"og:image:type\" content=\"image\/jpeg\" \/>\n<meta name=\"twitter:card\" content=\"summary_large_image\" \/>\n<meta name=\"twitter:label1\" content=\"Estimated reading time\" \/>\n\t<meta name=\"twitter:data1\" content=\"1 minute\" \/>\n<script type=\"application\/ld+json\" class=\"yoast-schema-graph\">{\"@context\":\"https:\/\/schema.org\",\"@graph\":[{\"@type\":[\"WebPage\",\"ItemPage\"],\"@id\":\"http:\/\/ruuby.ee\/en\/pood\/aksessuaarid\/joogipudelid-ja-haara-kaasa-valik\/joogipudelid-joogipudelid-ja-haara-kaasa-valik\/ayaida-joogipudel-mint-green-500ml\/\",\"url\":\"http:\/\/ruuby.ee\/en\/pood\/aksessuaarid\/joogipudelid-ja-haara-kaasa-valik\/joogipudelid-joogipudelid-ja-haara-kaasa-valik\/ayaida-joogipudel-mint-green-500ml\/\",\"name\":\"AYA&amp;IDA - joogipudel, Mint Green, 500ml - RUUBY\",\"isPartOf\":{\"@id\":\"https:\/\/ruuby.ee\/en\/#website\"},\"primaryImageOfPage\":{\"@id\":\"http:\/\/ruuby.ee\/en\/pood\/aksessuaarid\/joogipudelid-ja-haara-kaasa-valik\/joogipudelid-joogipudelid-ja-haara-kaasa-valik\/ayaida-joogipudel-mint-green-500ml\/#primaryimage\"},\"image\":{\"@id\":\"http:\/\/ruuby.ee\/en\/pood\/aksessuaarid\/joogipudelid-ja-haara-kaasa-valik\/joogipudelid-joogipudelid-ja-haara-kaasa-valik\/ayaida-joogipudel-mint-green-500ml\/#primaryimage\"},\"thumbnailUrl\":\"http:\/\/ruuby.ee\/wp-content\/uploads\/2023\/09\/01-MINT-GREN-DRINKING-BOTTLE-500-ML.jpg\",\"datePublished\":\"2023-09-01T13:39:18+00:00\",\"dateModified\":\"2026-04-03T22:25:02+00:00\",\"breadcrumb\":{\"@id\":\"http:\/\/ruuby.ee\/en\/pood\/aksessuaarid\/joogipudelid-ja-haara-kaasa-valik\/joogipudelid-joogipudelid-ja-haara-kaasa-valik\/ayaida-joogipudel-mint-green-500ml\/#breadcrumb\"},\"inLanguage\":\"en-GB\",\"potentialAction\":[{\"@type\":\"ReadAction\",\"target\":[\"http:\/\/ruuby.ee\/en\/pood\/aksessuaarid\/joogipudelid-ja-haara-kaasa-valik\/joogipudelid-joogipudelid-ja-haara-kaasa-valik\/ayaida-joogipudel-mint-green-500ml\/\"]}]},{\"@type\":\"ImageObject\",\"inLanguage\":\"en-GB\",\"@id\":\"http:\/\/ruuby.ee\/en\/pood\/aksessuaarid\/joogipudelid-ja-haara-kaasa-valik\/joogipudelid-joogipudelid-ja-haara-kaasa-valik\/ayaida-joogipudel-mint-green-500ml\/#primaryimage\",\"url\":\"http:\/\/ruuby.ee\/wp-content\/uploads\/2023\/09\/01-MINT-GREN-DRINKING-BOTTLE-500-ML.jpg\",\"contentUrl\":\"http:\/\/ruuby.ee\/wp-content\/uploads\/2023\/09\/01-MINT-GREN-DRINKING-BOTTLE-500-ML.jpg\",\"width\":1200,\"height\":1200},{\"@type\":\"BreadcrumbList\",\"@id\":\"http:\/\/ruuby.ee\/en\/pood\/aksessuaarid\/joogipudelid-ja-haara-kaasa-valik\/joogipudelid-joogipudelid-ja-haara-kaasa-valik\/ayaida-joogipudel-mint-green-500ml\/#breadcrumb\",\"itemListElement\":[{\"@type\":\"ListItem\",\"position\":1,\"name\":\"Kdu\",\"item\":\"https:\/\/ruuby.ee\/en\/\"},{\"@type\":\"ListItem\",\"position\":2,\"name\":\"Pood\",\"item\":\"https:\/\/ruuby.ee\/pood\/\"},{\"@type\":\"ListItem\",\"position\":3,\"name\":\"AYA&amp;IDA &#8211; joogipudel, Mint Green, 500ml\"}]},{\"@type\":\"WebSite\",\"@id\":\"https:\/\/ruuby.ee\/en\/#website\",\"url\":\"https:\/\/ruuby.ee\/en\/\",\"name\":\"RUUBY\",\"description\":\"Ruubys on \u00fchendatud elustiil ja disain\",\"publisher\":{\"@id\":\"https:\/\/ruuby.ee\/en\/#organization\"},\"alternateName\":\"Ruuby Disain\",\"potentialAction\":[{\"@type\":\"SearchAction\",\"target\":{\"@type\":\"EntryPoint\",\"urlTemplate\":\"https:\/\/ruuby.ee\/en\/?s={search_term_string}\"},\"query-input\":{\"@type\":\"PropertyValueSpecification\",\"valueRequired\":true,\"valueName\":\"search_term_string\"}}],\"inLanguage\":\"en-GB\"},{\"@type\":\"Organization\",\"@id\":\"https:\/\/ruuby.ee\/en\/#organization\",\"name\":\"Ruuby Disain O\u00dc\",\"alternateName\":\"Ruuby\",\"url\":\"https:\/\/ruuby.ee\/en\/\",\"logo\":{\"@type\":\"ImageObject\",\"inLanguage\":\"en-GB\",\"@id\":\"https:\/\/ruuby.ee\/en\/#\/schema\/logo\/image\/\",\"url\":\"http:\/\/ruuby.ee\/wp-content\/uploads\/2023\/06\/cropped-Black-White-Elegant-Circle-Signature-Fashion-Logo-12_large.png\",\"contentUrl\":\"http:\/\/ruuby.ee\/wp-content\/uploads\/2023\/06\/cropped-Black-White-Elegant-Circle-Signature-Fashion-Logo-12_large.png\",\"width\":1280,\"height\":747,\"caption\":\"Ruuby Disain O\u00dc\"},\"image\":{\"@id\":\"https:\/\/ruuby.ee\/en\/#\/schema\/logo\/image\/\"},\"sameAs\":[\"https:\/\/www.facebook.com\/ruubyconcept\",\"https:\/\/www.instagram.com\/ruuby_concept\/\"]}]}<\/script>\n<!-- \/ Yoast SEO plugin. -->","yoast_head_json":{"title":"AYA&amp;IDA - joogipudel, Mint Green, 500ml - RUUBY","robots":{"index":"index","follow":"follow","max-snippet":"max-snippet:-1","max-image-preview":"max-image-preview:large","max-video-preview":"max-video-preview:-1"},"canonical":"http:\/\/ruuby.ee\/en\/pood\/aksessuaarid\/joogipudelid-ja-haara-kaasa-valik\/joogipudelid-joogipudelid-ja-haara-kaasa-valik\/ayaida-joogipudel-mint-green-500ml\/","og_locale":"en_GB","og_type":"article","og_title":"AYA&amp;IDA - joogipudel, Mint Green, 500ml - RUUBY","og_description":"AYA&amp;IDA joogipudeliga soovime, et meie kliendid jooksid stiilselt, aidates samal ajal planeedil paremini hingata. Pudel hoiab teie joogid ideaalselt kuumana 12 tundi ja k\u00fclmana 24 tundi! Ideaalne liikvel olles, olgu sul pudelis tee, kohv, limonaad v\u00f5i j\u00e4\u00e4k\u00fclm vesi. Pudelid on 100% vabad BPA-st, ftalaatidest ja toksiinidest. Valmistatud vaakumisolatsiooniga toidukvaliteediga 18\/8 roostevabast terasest. Sisaldab vasekihti, nii [&hellip;]","og_url":"http:\/\/ruuby.ee\/en\/pood\/aksessuaarid\/joogipudelid-ja-haara-kaasa-valik\/joogipudelid-joogipudelid-ja-haara-kaasa-valik\/ayaida-joogipudel-mint-green-500ml\/","og_site_name":"RUUBY","article_publisher":"https:\/\/www.facebook.com\/ruubyconcept","article_modified_time":"2026-04-03T22:25:02+00:00","og_image":[{"width":1200,"height":1200,"url":"http:\/\/ruuby.ee\/wp-content\/uploads\/2023\/09\/01-MINT-GREN-DRINKING-BOTTLE-500-ML.jpg","type":"image\/jpeg"}],"twitter_card":"summary_large_image","twitter_misc":{"Estimated reading time":"1 minute"},"schema":{"@context":"https:\/\/schema.org","@graph":[{"@type":["WebPage","ItemPage"],"@id":"http:\/\/ruuby.ee\/en\/pood\/aksessuaarid\/joogipudelid-ja-haara-kaasa-valik\/joogipudelid-joogipudelid-ja-haara-kaasa-valik\/ayaida-joogipudel-mint-green-500ml\/","url":"http:\/\/ruuby.ee\/en\/pood\/aksessuaarid\/joogipudelid-ja-haara-kaasa-valik\/joogipudelid-joogipudelid-ja-haara-kaasa-valik\/ayaida-joogipudel-mint-green-500ml\/","name":"AYA&amp;IDA - joogipudel, Mint Green, 500ml - RUUBY","isPartOf":{"@id":"https:\/\/ruuby.ee\/en\/#website"},"primaryImageOfPage":{"@id":"http:\/\/ruuby.ee\/en\/pood\/aksessuaarid\/joogipudelid-ja-haara-kaasa-valik\/joogipudelid-joogipudelid-ja-haara-kaasa-valik\/ayaida-joogipudel-mint-green-500ml\/#primaryimage"},"image":{"@id":"http:\/\/ruuby.ee\/en\/pood\/aksessuaarid\/joogipudelid-ja-haara-kaasa-valik\/joogipudelid-joogipudelid-ja-haara-kaasa-valik\/ayaida-joogipudel-mint-green-500ml\/#primaryimage"},"thumbnailUrl":"http:\/\/ruuby.ee\/wp-content\/uploads\/2023\/09\/01-MINT-GREN-DRINKING-BOTTLE-500-ML.jpg","datePublished":"2023-09-01T13:39:18+00:00","dateModified":"2026-04-03T22:25:02+00:00","breadcrumb":{"@id":"http:\/\/ruuby.ee\/en\/pood\/aksessuaarid\/joogipudelid-ja-haara-kaasa-valik\/joogipudelid-joogipudelid-ja-haara-kaasa-valik\/ayaida-joogipudel-mint-green-500ml\/#breadcrumb"},"inLanguage":"en-GB","potentialAction":[{"@type":"ReadAction","target":["http:\/\/ruuby.ee\/en\/pood\/aksessuaarid\/joogipudelid-ja-haara-kaasa-valik\/joogipudelid-joogipudelid-ja-haara-kaasa-valik\/ayaida-joogipudel-mint-green-500ml\/"]}]},{"@type":"ImageObject","inLanguage":"en-GB","@id":"http:\/\/ruuby.ee\/en\/pood\/aksessuaarid\/joogipudelid-ja-haara-kaasa-valik\/joogipudelid-joogipudelid-ja-haara-kaasa-valik\/ayaida-joogipudel-mint-green-500ml\/#primaryimage","url":"http:\/\/ruuby.ee\/wp-content\/uploads\/2023\/09\/01-MINT-GREN-DRINKING-BOTTLE-500-ML.jpg","contentUrl":"http:\/\/ruuby.ee\/wp-content\/uploads\/2023\/09\/01-MINT-GREN-DRINKING-BOTTLE-500-ML.jpg","width":1200,"height":1200},{"@type":"BreadcrumbList","@id":"http:\/\/ruuby.ee\/en\/pood\/aksessuaarid\/joogipudelid-ja-haara-kaasa-valik\/joogipudelid-joogipudelid-ja-haara-kaasa-valik\/ayaida-joogipudel-mint-green-500ml\/#breadcrumb","itemListElement":[{"@type":"ListItem","position":1,"name":"Kdu","item":"https:\/\/ruuby.ee\/en\/"},{"@type":"ListItem","position":2,"name":"Pood","item":"https:\/\/ruuby.ee\/pood\/"},{"@type":"ListItem","position":3,"name":"AYA&amp;IDA &#8211; joogipudel, Mint Green, 500ml"}]},{"@type":"WebSite","@id":"https:\/\/ruuby.ee\/en\/#website","url":"https:\/\/ruuby.ee\/en\/","name":"RUUBY","description":"Ruubys on \u00fchendatud elustiil ja disain","publisher":{"@id":"https:\/\/ruuby.ee\/en\/#organization"},"alternateName":"Ruuby Disain","potentialAction":[{"@type":"SearchAction","target":{"@type":"EntryPoint","urlTemplate":"https:\/\/ruuby.ee\/en\/?s={search_term_string}"},"query-input":{"@type":"PropertyValueSpecification","valueRequired":true,"valueName":"search_term_string"}}],"inLanguage":"en-GB"},{"@type":"Organization","@id":"https:\/\/ruuby.ee\/en\/#organization","name":"Ruuby Disain O\u00dc","alternateName":"Ruuby","url":"https:\/\/ruuby.ee\/en\/","logo":{"@type":"ImageObject","inLanguage":"en-GB","@id":"https:\/\/ruuby.ee\/en\/#\/schema\/logo\/image\/","url":"http:\/\/ruuby.ee\/wp-content\/uploads\/2023\/06\/cropped-Black-White-Elegant-Circle-Signature-Fashion-Logo-12_large.png","contentUrl":"http:\/\/ruuby.ee\/wp-content\/uploads\/2023\/06\/cropped-Black-White-Elegant-Circle-Signature-Fashion-Logo-12_large.png","width":1280,"height":747,"caption":"Ruuby Disain O\u00dc"},"image":{"@id":"https:\/\/ruuby.ee\/en\/#\/schema\/logo\/image\/"},"sameAs":["https:\/\/www.facebook.com\/ruubyconcept","https:\/\/www.instagram.com\/ruuby_concept\/"]}]}},"jetpack_sharing_enabled":true,"_links":{"self":[{"href":"http:\/\/ruuby.ee\/en\/wp-json\/wp\/v2\/product\/1838921","targetHints":{"allow":["GET"]}}],"collection":[{"href":"http:\/\/ruuby.ee\/en\/wp-json\/wp\/v2\/product"}],"about":[{"href":"http:\/\/ruuby.ee\/en\/wp-json\/wp\/v2\/types\/product"}],"replies":[{"embeddable":true,"href":"http:\/\/ruuby.ee\/en\/wp-json\/wp\/v2\/comments?post=1838921"}],"wp:featuredmedia":[{"embeddable":true,"href":"http:\/\/ruuby.ee\/en\/wp-json\/wp\/v2\/media\/1848560"}],"wp:attachment":[{"href":"http:\/\/ruuby.ee\/en\/wp-json\/wp\/v2\/media?parent=1838921"}],"wp:term":[{"taxonomy":"product_brand","embeddable":true,"href":"http:\/\/ruuby.ee\/en\/wp-json\/wp\/v2\/product_brand?post=1838921"},{"taxonomy":"product_cat","embeddable":true,"href":"http:\/\/ruuby.ee\/en\/wp-json\/wp\/v2\/product_cat?post=1838921"},{"taxonomy":"product_tag","embeddable":true,"href":"http:\/\/ruuby.ee\/en\/wp-json\/wp\/v2\/product_tag?post=1838921"}],"curies":[{"name":"wp","href":"https:\/\/api.w.org\/{rel}","templated":true}]}}