{"id":1838892,"date":"2023-08-31T12:43:31","date_gmt":"2023-08-31T09:43:31","guid":{"rendered":"http:\/\/ruuby.ee\/?post_type=product&#038;p=1838892"},"modified":"2026-04-08T01:28:40","modified_gmt":"2026-04-07T22:28:40","slug":"the-mallows-krompsuvad-vahukommid-karamelli-ja-dulce-sokolaadiga-90g","status":"publish","type":"product","link":"http:\/\/ruuby.ee\/en\/pood\/gurmee\/maiustused\/the-mallows-krompsuvad-vahukommid-karamelli-ja-dulce-sokolaadiga-90g\/","title":{"rendered":"The Mallows &#8211; kr\u00f5mpsuvad vahukommid karamelli ja dulce \u0161okolaadiga, 90g"},"content":{"rendered":"<p>Tutvusta oma maitsemeel<span lang=\"ET\">tele\u00a0<\/span>meie\u00a0<span lang=\"ET\">uusimaid\u00a0<\/span>h\u00f5rgutisi &#8211; THE MALLOWS\u00a0<span lang=\"ET\">uued vahukommid <\/span>kr\u00f5mpsuva \u0161okolaadi katte<span lang=\"ET\">ga.<\/span><\/p>\n<div>\n<p>Kvaliteet, maitse ja nauding &#8211; k\u00f5ik \u00fches v\u00e4ikeses ampsus!<\/p>\n<p>Sukelduge meie mallowside maailma, mida kaunistab ahvatlev valge karamelliseeritud \u0161okolaad, et saada erakordsete maitsete s\u00fcmfooniat.\u00a0Hoolikalt valmistatud kr\u00f5bedates mahlades on \u00fchendatud pehmed vahukommid ja sametine valge \u0161okolaad, muutudes l\u00e4ikivaks karamelliks, mis \u00fcmbritseb iga miniatuurse vahukommi mulli. Meeldiv kontrast tekib, kui teie maitsemeeled avastavad karged Maldoni meresoolahelbed, luues magusa ja soolase t\u00e4iusliku harmoonia.<\/p>\n<p>\u00d5rnas suhkrukoores peitub lummav \u00fcllatus \u2013 maagiline kr\u00f5mps, mis viib sind maitse ja tekstuuri teekonnale. \u00dcksinduses viibides v\u00f5i l\u00e4hedastega hetki jagades tekitavad meie valge karamelliseeritud \u0161okolaadi, karamelli ja ahvatlevate Maldoni meresoolahelvestega mallowsid toovad kindlasti naeratust ja loovad sooja \u00f5hkkonna, kus iganes te ka poleks.<\/p>\n<p>Koostis: 48% valge \u0161okolaad (EU) (suhkur, kakaov\u00f5i, t\u00e4ispiimapulber, l\u00f5ssipulber, emulgaator: sojaletsitiin), 24% vahukommi (gl\u00fckoosi-fruktoosisiirup, suhkur, vesi, \u017eelatiin (veise) (halal), dekstroos, maisit\u00e4rklis), 5% karamell (EL) (gl\u00fckoosisiirup*, suhkur*, v\u00f5i*, emulgaator: sojaletsitiin), glasuuriaine (araabia kummi), sool.<br \/>\nKakao kuivainet v\u00e4hemalt 35%.<\/p>\n<\/div>","protected":false},"excerpt":{"rendered":"<p>Tutvusta oma maitsemeeltele\u00a0meie\u00a0uusimaid\u00a0h\u00f5rgutisi &#8211; THE MALLOWS\u00a0uued vahukommid kr\u00f5mpsuva \u0161okolaadi kattega. Kvaliteet, maitse ja nauding &#8211; k\u00f5ik \u00fches v\u00e4ikeses ampsus! Sukelduge meie mallowside maailma, mida kaunistab ahvatlev valge karamelliseeritud \u0161okolaad, et saada erakordsete maitsete s\u00fcmfooniat.\u00a0Hoolikalt valmistatud kr\u00f5bedates mahlades on \u00fchendatud pehmed vahukommid ja sametine valge \u0161okolaad, muutudes l\u00e4ikivaks karamelliks, mis \u00fcmbritseb iga miniatuurse vahukommi mulli. Meeldiv [&hellip;]<\/p>\n","protected":false},"featured_media":1853249,"comment_status":"open","ping_status":"closed","template":"","meta":[],"product_brand":[],"product_cat":[26,644],"product_tag":[],"class_list":{"0":"post-1838892","1":"product","2":"type-product","3":"status-publish","4":"has-post-thumbnail","6":"product_cat-gurmee","7":"product_cat-maiustused","9":"first","10":"outofstock","11":"taxable","12":"shipping-taxable","13":"purchasable","14":"product-type-simple"},"yoast_head":"<!-- This site is optimized with the Yoast SEO plugin v27.3 - https:\/\/yoast.com\/product\/yoast-seo-wordpress\/ -->\n<title>The Mallows - kr\u00f5mpsuvad vahukommid karamelli ja dulce \u0161okolaadiga, 90g - RUUBY<\/title>\n<meta name=\"robots\" content=\"index, follow, max-snippet:-1, max-image-preview:large, max-video-preview:-1\" \/>\n<link rel=\"canonical\" href=\"https:\/\/ruuby.ee\/en\/pood\/gurmee\/maiustused\/the-mallows-krompsuvad-vahukommid-karamelli-ja-dulce-sokolaadiga-90g\/\" \/>\n<meta property=\"og:locale\" content=\"en_GB\" \/>\n<meta property=\"og:type\" content=\"article\" \/>\n<meta property=\"og:title\" content=\"The Mallows - kr\u00f5mpsuvad vahukommid karamelli ja dulce \u0161okolaadiga, 90g - RUUBY\" \/>\n<meta property=\"og:description\" content=\"Tutvusta oma maitsemeeltele\u00a0meie\u00a0uusimaid\u00a0h\u00f5rgutisi &#8211; THE MALLOWS\u00a0uued vahukommid kr\u00f5mpsuva \u0161okolaadi kattega. Kvaliteet, maitse ja nauding &#8211; k\u00f5ik \u00fches v\u00e4ikeses ampsus! Sukelduge meie mallowside maailma, mida kaunistab ahvatlev valge karamelliseeritud \u0161okolaad, et saada erakordsete maitsete s\u00fcmfooniat.\u00a0Hoolikalt valmistatud kr\u00f5bedates mahlades on \u00fchendatud pehmed vahukommid ja sametine valge \u0161okolaad, muutudes l\u00e4ikivaks karamelliks, mis \u00fcmbritseb iga miniatuurse vahukommi mulli. Meeldiv [&hellip;]\" \/>\n<meta property=\"og:url\" content=\"https:\/\/ruuby.ee\/en\/pood\/gurmee\/maiustused\/the-mallows-krompsuvad-vahukommid-karamelli-ja-dulce-sokolaadiga-90g\/\" \/>\n<meta property=\"og:site_name\" content=\"RUUBY\" \/>\n<meta property=\"article:publisher\" content=\"https:\/\/www.facebook.com\/ruubyconcept\" \/>\n<meta property=\"article:modified_time\" content=\"2026-04-07T22:28:40+00:00\" \/>\n<meta property=\"og:image\" content=\"https:\/\/ruuby.ee\/wp-content\/uploads\/2025\/05\/307.png\" \/>\n\t<meta property=\"og:image:width\" content=\"678\" \/>\n\t<meta property=\"og:image:height\" content=\"762\" \/>\n\t<meta property=\"og:image:type\" content=\"image\/png\" \/>\n<meta name=\"twitter:card\" content=\"summary_large_image\" \/>\n<meta name=\"twitter:label1\" content=\"Estimated reading time\" \/>\n\t<meta name=\"twitter:data1\" content=\"2 minutes\" \/>\n<script type=\"application\/ld+json\" class=\"yoast-schema-graph\">{\"@context\":\"https:\\\/\\\/schema.org\",\"@graph\":[{\"@type\":[\"WebPage\",\"ItemPage\"],\"@id\":\"https:\\\/\\\/ruuby.ee\\\/pood\\\/gurmee\\\/maiustused\\\/the-mallows-krompsuvad-vahukommid-karamelli-ja-dulce-sokolaadiga-90g\\\/\",\"url\":\"https:\\\/\\\/ruuby.ee\\\/pood\\\/gurmee\\\/maiustused\\\/the-mallows-krompsuvad-vahukommid-karamelli-ja-dulce-sokolaadiga-90g\\\/\",\"name\":\"The Mallows - kr\u00f5mpsuvad vahukommid karamelli ja dulce \u0161okolaadiga, 90g - RUUBY\",\"isPartOf\":{\"@id\":\"http:\\\/\\\/ruuby.ee\\\/en\\\/#website\"},\"primaryImageOfPage\":{\"@id\":\"https:\\\/\\\/ruuby.ee\\\/pood\\\/gurmee\\\/maiustused\\\/the-mallows-krompsuvad-vahukommid-karamelli-ja-dulce-sokolaadiga-90g\\\/#primaryimage\"},\"image\":{\"@id\":\"https:\\\/\\\/ruuby.ee\\\/pood\\\/gurmee\\\/maiustused\\\/the-mallows-krompsuvad-vahukommid-karamelli-ja-dulce-sokolaadiga-90g\\\/#primaryimage\"},\"thumbnailUrl\":\"http:\\\/\\\/ruuby.ee\\\/wp-content\\\/uploads\\\/2025\\\/05\\\/307.png\",\"datePublished\":\"2023-08-31T09:43:31+00:00\",\"dateModified\":\"2026-04-07T22:28:40+00:00\",\"breadcrumb\":{\"@id\":\"https:\\\/\\\/ruuby.ee\\\/pood\\\/gurmee\\\/maiustused\\\/the-mallows-krompsuvad-vahukommid-karamelli-ja-dulce-sokolaadiga-90g\\\/#breadcrumb\"},\"inLanguage\":\"en-GB\",\"potentialAction\":[{\"@type\":\"ReadAction\",\"target\":[\"https:\\\/\\\/ruuby.ee\\\/pood\\\/gurmee\\\/maiustused\\\/the-mallows-krompsuvad-vahukommid-karamelli-ja-dulce-sokolaadiga-90g\\\/\"]}]},{\"@type\":\"ImageObject\",\"inLanguage\":\"en-GB\",\"@id\":\"https:\\\/\\\/ruuby.ee\\\/pood\\\/gurmee\\\/maiustused\\\/the-mallows-krompsuvad-vahukommid-karamelli-ja-dulce-sokolaadiga-90g\\\/#primaryimage\",\"url\":\"http:\\\/\\\/ruuby.ee\\\/wp-content\\\/uploads\\\/2025\\\/05\\\/307.png\",\"contentUrl\":\"http:\\\/\\\/ruuby.ee\\\/wp-content\\\/uploads\\\/2025\\\/05\\\/307.png\",\"width\":678,\"height\":762},{\"@type\":\"BreadcrumbList\",\"@id\":\"https:\\\/\\\/ruuby.ee\\\/pood\\\/gurmee\\\/maiustused\\\/the-mallows-krompsuvad-vahukommid-karamelli-ja-dulce-sokolaadiga-90g\\\/#breadcrumb\",\"itemListElement\":[{\"@type\":\"ListItem\",\"position\":1,\"name\":\"Kdu\",\"item\":\"http:\\\/\\\/ruuby.ee\\\/en\\\/\"},{\"@type\":\"ListItem\",\"position\":2,\"name\":\"Pood\",\"item\":\"http:\\\/\\\/ruuby.ee\\\/en\\\/pood\\\/\"},{\"@type\":\"ListItem\",\"position\":3,\"name\":\"The Mallows &#8211; kr\u00f5mpsuvad vahukommid karamelli ja dulce \u0161okolaadiga, 90g\"}]},{\"@type\":\"WebSite\",\"@id\":\"http:\\\/\\\/ruuby.ee\\\/en\\\/#website\",\"url\":\"http:\\\/\\\/ruuby.ee\\\/en\\\/\",\"name\":\"RUUBY\",\"description\":\"Ruubys on \u00fchendatud elustiil ja disain\",\"publisher\":{\"@id\":\"http:\\\/\\\/ruuby.ee\\\/en\\\/#organization\"},\"alternateName\":\"Ruuby Disain\",\"potentialAction\":[{\"@type\":\"SearchAction\",\"target\":{\"@type\":\"EntryPoint\",\"urlTemplate\":\"http:\\\/\\\/ruuby.ee\\\/en\\\/?s={search_term_string}\"},\"query-input\":{\"@type\":\"PropertyValueSpecification\",\"valueRequired\":true,\"valueName\":\"search_term_string\"}}],\"inLanguage\":\"en-GB\"},{\"@type\":\"Organization\",\"@id\":\"http:\\\/\\\/ruuby.ee\\\/en\\\/#organization\",\"name\":\"Ruuby Disain O\u00dc\",\"alternateName\":\"Ruuby\",\"url\":\"http:\\\/\\\/ruuby.ee\\\/en\\\/\",\"logo\":{\"@type\":\"ImageObject\",\"inLanguage\":\"en-GB\",\"@id\":\"http:\\\/\\\/ruuby.ee\\\/en\\\/#\\\/schema\\\/logo\\\/image\\\/\",\"url\":\"http:\\\/\\\/ruuby.ee\\\/wp-content\\\/uploads\\\/2023\\\/06\\\/cropped-Black-White-Elegant-Circle-Signature-Fashion-Logo-12_large.png\",\"contentUrl\":\"http:\\\/\\\/ruuby.ee\\\/wp-content\\\/uploads\\\/2023\\\/06\\\/cropped-Black-White-Elegant-Circle-Signature-Fashion-Logo-12_large.png\",\"width\":1280,\"height\":747,\"caption\":\"Ruuby Disain O\u00dc\"},\"image\":{\"@id\":\"http:\\\/\\\/ruuby.ee\\\/en\\\/#\\\/schema\\\/logo\\\/image\\\/\"},\"sameAs\":[\"https:\\\/\\\/www.facebook.com\\\/ruubyconcept\",\"https:\\\/\\\/www.instagram.com\\\/ruuby_concept\\\/\"]}]}<\/script>\n<!-- \/ Yoast SEO plugin. -->","yoast_head_json":{"title":"The Mallows - kr\u00f5mpsuvad vahukommid karamelli ja dulce \u0161okolaadiga, 90g - RUUBY","robots":{"index":"index","follow":"follow","max-snippet":"max-snippet:-1","max-image-preview":"max-image-preview:large","max-video-preview":"max-video-preview:-1"},"canonical":"https:\/\/ruuby.ee\/en\/pood\/gurmee\/maiustused\/the-mallows-krompsuvad-vahukommid-karamelli-ja-dulce-sokolaadiga-90g\/","og_locale":"en_GB","og_type":"article","og_title":"The Mallows - kr\u00f5mpsuvad vahukommid karamelli ja dulce \u0161okolaadiga, 90g - RUUBY","og_description":"Tutvusta oma maitsemeeltele\u00a0meie\u00a0uusimaid\u00a0h\u00f5rgutisi &#8211; THE MALLOWS\u00a0uued vahukommid kr\u00f5mpsuva \u0161okolaadi kattega. Kvaliteet, maitse ja nauding &#8211; k\u00f5ik \u00fches v\u00e4ikeses ampsus! Sukelduge meie mallowside maailma, mida kaunistab ahvatlev valge karamelliseeritud \u0161okolaad, et saada erakordsete maitsete s\u00fcmfooniat.\u00a0Hoolikalt valmistatud kr\u00f5bedates mahlades on \u00fchendatud pehmed vahukommid ja sametine valge \u0161okolaad, muutudes l\u00e4ikivaks karamelliks, mis \u00fcmbritseb iga miniatuurse vahukommi mulli. Meeldiv [&hellip;]","og_url":"https:\/\/ruuby.ee\/en\/pood\/gurmee\/maiustused\/the-mallows-krompsuvad-vahukommid-karamelli-ja-dulce-sokolaadiga-90g\/","og_site_name":"RUUBY","article_publisher":"https:\/\/www.facebook.com\/ruubyconcept","article_modified_time":"2026-04-07T22:28:40+00:00","og_image":[{"width":678,"height":762,"url":"https:\/\/ruuby.ee\/wp-content\/uploads\/2025\/05\/307.png","type":"image\/png"}],"twitter_card":"summary_large_image","twitter_misc":{"Estimated reading time":"2 minutes"},"schema":{"@context":"https:\/\/schema.org","@graph":[{"@type":["WebPage","ItemPage"],"@id":"https:\/\/ruuby.ee\/pood\/gurmee\/maiustused\/the-mallows-krompsuvad-vahukommid-karamelli-ja-dulce-sokolaadiga-90g\/","url":"https:\/\/ruuby.ee\/pood\/gurmee\/maiustused\/the-mallows-krompsuvad-vahukommid-karamelli-ja-dulce-sokolaadiga-90g\/","name":"The Mallows - kr\u00f5mpsuvad vahukommid karamelli ja dulce \u0161okolaadiga, 90g - RUUBY","isPartOf":{"@id":"http:\/\/ruuby.ee\/en\/#website"},"primaryImageOfPage":{"@id":"https:\/\/ruuby.ee\/pood\/gurmee\/maiustused\/the-mallows-krompsuvad-vahukommid-karamelli-ja-dulce-sokolaadiga-90g\/#primaryimage"},"image":{"@id":"https:\/\/ruuby.ee\/pood\/gurmee\/maiustused\/the-mallows-krompsuvad-vahukommid-karamelli-ja-dulce-sokolaadiga-90g\/#primaryimage"},"thumbnailUrl":"http:\/\/ruuby.ee\/wp-content\/uploads\/2025\/05\/307.png","datePublished":"2023-08-31T09:43:31+00:00","dateModified":"2026-04-07T22:28:40+00:00","breadcrumb":{"@id":"https:\/\/ruuby.ee\/pood\/gurmee\/maiustused\/the-mallows-krompsuvad-vahukommid-karamelli-ja-dulce-sokolaadiga-90g\/#breadcrumb"},"inLanguage":"en-GB","potentialAction":[{"@type":"ReadAction","target":["https:\/\/ruuby.ee\/pood\/gurmee\/maiustused\/the-mallows-krompsuvad-vahukommid-karamelli-ja-dulce-sokolaadiga-90g\/"]}]},{"@type":"ImageObject","inLanguage":"en-GB","@id":"https:\/\/ruuby.ee\/pood\/gurmee\/maiustused\/the-mallows-krompsuvad-vahukommid-karamelli-ja-dulce-sokolaadiga-90g\/#primaryimage","url":"http:\/\/ruuby.ee\/wp-content\/uploads\/2025\/05\/307.png","contentUrl":"http:\/\/ruuby.ee\/wp-content\/uploads\/2025\/05\/307.png","width":678,"height":762},{"@type":"BreadcrumbList","@id":"https:\/\/ruuby.ee\/pood\/gurmee\/maiustused\/the-mallows-krompsuvad-vahukommid-karamelli-ja-dulce-sokolaadiga-90g\/#breadcrumb","itemListElement":[{"@type":"ListItem","position":1,"name":"Kdu","item":"http:\/\/ruuby.ee\/en\/"},{"@type":"ListItem","position":2,"name":"Pood","item":"http:\/\/ruuby.ee\/en\/pood\/"},{"@type":"ListItem","position":3,"name":"The Mallows &#8211; kr\u00f5mpsuvad vahukommid karamelli ja dulce \u0161okolaadiga, 90g"}]},{"@type":"WebSite","@id":"http:\/\/ruuby.ee\/en\/#website","url":"http:\/\/ruuby.ee\/en\/","name":"RUUBY","description":"Ruubys on \u00fchendatud elustiil ja disain","publisher":{"@id":"http:\/\/ruuby.ee\/en\/#organization"},"alternateName":"Ruuby Disain","potentialAction":[{"@type":"SearchAction","target":{"@type":"EntryPoint","urlTemplate":"http:\/\/ruuby.ee\/en\/?s={search_term_string}"},"query-input":{"@type":"PropertyValueSpecification","valueRequired":true,"valueName":"search_term_string"}}],"inLanguage":"en-GB"},{"@type":"Organization","@id":"http:\/\/ruuby.ee\/en\/#organization","name":"Ruuby Disain O\u00dc","alternateName":"Ruuby","url":"http:\/\/ruuby.ee\/en\/","logo":{"@type":"ImageObject","inLanguage":"en-GB","@id":"http:\/\/ruuby.ee\/en\/#\/schema\/logo\/image\/","url":"http:\/\/ruuby.ee\/wp-content\/uploads\/2023\/06\/cropped-Black-White-Elegant-Circle-Signature-Fashion-Logo-12_large.png","contentUrl":"http:\/\/ruuby.ee\/wp-content\/uploads\/2023\/06\/cropped-Black-White-Elegant-Circle-Signature-Fashion-Logo-12_large.png","width":1280,"height":747,"caption":"Ruuby Disain O\u00dc"},"image":{"@id":"http:\/\/ruuby.ee\/en\/#\/schema\/logo\/image\/"},"sameAs":["https:\/\/www.facebook.com\/ruubyconcept","https:\/\/www.instagram.com\/ruuby_concept\/"]}]}},"jetpack_sharing_enabled":true,"_links":{"self":[{"href":"http:\/\/ruuby.ee\/en\/wp-json\/wp\/v2\/product\/1838892","targetHints":{"allow":["GET"]}}],"collection":[{"href":"http:\/\/ruuby.ee\/en\/wp-json\/wp\/v2\/product"}],"about":[{"href":"http:\/\/ruuby.ee\/en\/wp-json\/wp\/v2\/types\/product"}],"replies":[{"embeddable":true,"href":"http:\/\/ruuby.ee\/en\/wp-json\/wp\/v2\/comments?post=1838892"}],"wp:featuredmedia":[{"embeddable":true,"href":"http:\/\/ruuby.ee\/en\/wp-json\/wp\/v2\/media\/1853249"}],"wp:attachment":[{"href":"http:\/\/ruuby.ee\/en\/wp-json\/wp\/v2\/media?parent=1838892"}],"wp:term":[{"taxonomy":"product_brand","embeddable":true,"href":"http:\/\/ruuby.ee\/en\/wp-json\/wp\/v2\/product_brand?post=1838892"},{"taxonomy":"product_cat","embeddable":true,"href":"http:\/\/ruuby.ee\/en\/wp-json\/wp\/v2\/product_cat?post=1838892"},{"taxonomy":"product_tag","embeddable":true,"href":"http:\/\/ruuby.ee\/en\/wp-json\/wp\/v2\/product_tag?post=1838892"}],"curies":[{"name":"wp","href":"https:\/\/api.w.org\/{rel}","templated":true}]}}