{"id":1838888,"date":"2023-08-31T12:34:31","date_gmt":"2023-08-31T09:34:31","guid":{"rendered":"http:\/\/ruuby.ee\/?post_type=product&#038;p=1838888"},"modified":"2026-04-08T01:28:40","modified_gmt":"2026-04-07T22:28:40","slug":"the-mallows-vahukommid-krompsuvad-vahukommid-kupsise-ja-piimasokolaadiga-90g","status":"publish","type":"product","link":"http:\/\/ruuby.ee\/en\/pood\/gurmee\/maiustused\/the-mallows-vahukommid-krompsuvad-vahukommid-kupsise-ja-piimasokolaadiga-90g\/","title":{"rendered":"The Mallows &#8211; kr\u00f5mpsuvad vahukommid k\u00fcpsise ja piima\u0161okolaadiga, 90g"},"content":{"rendered":"<p>Tutvusta oma maitsemeel<span lang=\"ET\">tele\u00a0<\/span>meie\u00a0<span lang=\"ET\">uusimaid\u00a0<\/span>h\u00f5rgutisi &#8211; THE MALLOWS\u00a0<span lang=\"ET\">uued vahukommid <\/span>kr\u00f5mpsuva \u0161okolaadi katte<span lang=\"ET\">ga.<\/span><\/p>\n<div>\n<p>Kvaliteet, maitse ja nauding &#8211; k\u00f5ik \u00fches v\u00e4ikeses ampsus!<\/p>\n<p>Meie kr\u00f5bedate vahukommidega ootab teid vastupandamatu magususe ja kr\u00f5mpsuvate tekstuuride sulam. \u00d5rnalt kaetud parima Belgia piima\u0161okolaadiga, loovad need maitse ja konsistentsi s\u00fcmfoonia, mis \u00e4ratab teie meeled.<\/p>\n<p>Iga vahukomm on hoolikalt valmistatud, et tagada t\u00e4iuslik tasakaal pehme sisemuse ja kr\u00f5mpsuva v\u00e4liskesta vahel. Vahukommi \u00f5rn vanilje maitse seguneb piima\u0161okolaadi rikkaliku maitsega ja v\u00e4ikeste, vastupandamatute k\u00fcpsiset\u00fckkidega, lisades t\u00e4iendava kr\u00f5mpsuvuse m\u00f5\u00f5tme.<\/p>\n<p>Meie vahukommid on midagi enamat kui tavaline maiuspala; need on kogemus omaette. Kr\u00f5mpsuv suhkrukoor \u00fcmbritseb pehmeid kihte, luues harmoonilise kontrasti igas suut\u00e4ies. Teid t\u00f5mmatakse aistingute maailma, kus iga suut\u00e4is on teekond l\u00e4bi maitse, tekstuuri ja puhta r\u00f5\u00f5mu.<\/p>\n<p>\u00c4rge j\u00e4tke kasutamata v\u00f5imalust kogeda seda \u00fclevat vahukommide, \u0161okolaadi ja kr\u00f5mpsuvate k\u00fcpsiste kombinatsiooni \u2013 austust magususele, kr\u00f5bedusele ja puhtale naudingule.<\/p>\n<p>Koostis: 47% piima\u0161okolaad (EU) (suhkur, kakaov\u00f5i, t\u00e4ispiimapulber, l\u00f5ssipulber, emulgaator: sojaletsitiin), 24% vahukommi (gl\u00fckoosi-fruktoosisiirup, suhkur, vesi, \u017eelatiin (veise), dekstroos, mais t\u00e4rklis), suhkur, 5% k\u00fcpsised (21% t\u00e4istera nisujahu, palmi\u00f5li, suhkur, kergitusained (E503, E500), invertsuhkrusiirup, sool), leeliseline kakao, dekstroos, glasuuriaine (kummiaraabik).<br \/>\nKakao kuivainet v\u00e4hemalt 35%.<\/p>\n<p>&nbsp;<\/p>\n<\/div>","protected":false},"excerpt":{"rendered":"<p>Tutvusta oma maitsemeeltele\u00a0meie\u00a0uusimaid\u00a0h\u00f5rgutisi &#8211; THE MALLOWS\u00a0uued vahukommid kr\u00f5mpsuva \u0161okolaadi kattega. Kvaliteet, maitse ja nauding &#8211; k\u00f5ik \u00fches v\u00e4ikeses ampsus! Meie kr\u00f5bedate vahukommidega ootab teid vastupandamatu magususe ja kr\u00f5mpsuvate tekstuuride sulam. \u00d5rnalt kaetud parima Belgia piima\u0161okolaadiga, loovad need maitse ja konsistentsi s\u00fcmfoonia, mis \u00e4ratab teie meeled. Iga vahukomm on hoolikalt valmistatud, et tagada t\u00e4iuslik tasakaal pehme [&hellip;]<\/p>\n","protected":false},"featured_media":1838889,"comment_status":"open","ping_status":"closed","template":"","meta":[],"product_brand":[],"product_cat":[26,644],"product_tag":[],"class_list":{"0":"post-1838888","1":"product","2":"type-product","3":"status-publish","4":"has-post-thumbnail","6":"product_cat-gurmee","7":"product_cat-maiustused","9":"first","10":"outofstock","11":"taxable","12":"shipping-taxable","13":"purchasable","14":"product-type-simple"},"yoast_head":"<!-- This site is optimized with the Yoast SEO plugin v27.3 - https:\/\/yoast.com\/product\/yoast-seo-wordpress\/ -->\n<title>The Mallows - kr\u00f5mpsuvad vahukommid k\u00fcpsise ja piima\u0161okolaadiga, 90g - RUUBY<\/title>\n<meta name=\"robots\" content=\"index, follow, max-snippet:-1, max-image-preview:large, max-video-preview:-1\" \/>\n<link rel=\"canonical\" href=\"https:\/\/ruuby.ee\/en\/pood\/gurmee\/maiustused\/the-mallows-vahukommid-krompsuvad-vahukommid-kupsise-ja-piimasokolaadiga-90g\/\" \/>\n<meta property=\"og:locale\" content=\"en_GB\" \/>\n<meta property=\"og:type\" content=\"article\" \/>\n<meta property=\"og:title\" content=\"The Mallows - kr\u00f5mpsuvad vahukommid k\u00fcpsise ja piima\u0161okolaadiga, 90g - RUUBY\" \/>\n<meta property=\"og:description\" content=\"Tutvusta oma maitsemeeltele\u00a0meie\u00a0uusimaid\u00a0h\u00f5rgutisi &#8211; THE MALLOWS\u00a0uued vahukommid kr\u00f5mpsuva \u0161okolaadi kattega. Kvaliteet, maitse ja nauding &#8211; k\u00f5ik \u00fches v\u00e4ikeses ampsus! Meie kr\u00f5bedate vahukommidega ootab teid vastupandamatu magususe ja kr\u00f5mpsuvate tekstuuride sulam. \u00d5rnalt kaetud parima Belgia piima\u0161okolaadiga, loovad need maitse ja konsistentsi s\u00fcmfoonia, mis \u00e4ratab teie meeled. Iga vahukomm on hoolikalt valmistatud, et tagada t\u00e4iuslik tasakaal pehme [&hellip;]\" \/>\n<meta property=\"og:url\" content=\"https:\/\/ruuby.ee\/en\/pood\/gurmee\/maiustused\/the-mallows-vahukommid-krompsuvad-vahukommid-kupsise-ja-piimasokolaadiga-90g\/\" \/>\n<meta property=\"og:site_name\" content=\"RUUBY\" \/>\n<meta property=\"article:publisher\" content=\"https:\/\/www.facebook.com\/ruubyconcept\" \/>\n<meta property=\"article:modified_time\" content=\"2026-04-07T22:28:40+00:00\" \/>\n<meta property=\"og:image\" content=\"https:\/\/ruuby.ee\/wp-content\/uploads\/2023\/08\/Screenshot-2023-08-31-at-12.33.45.png\" \/>\n\t<meta property=\"og:image:width\" content=\"1244\" \/>\n\t<meta property=\"og:image:height\" content=\"1242\" \/>\n\t<meta property=\"og:image:type\" content=\"image\/png\" \/>\n<meta name=\"twitter:card\" content=\"summary_large_image\" \/>\n<meta name=\"twitter:label1\" content=\"Estimated reading time\" \/>\n\t<meta name=\"twitter:data1\" content=\"2 minutes\" \/>\n<script type=\"application\/ld+json\" class=\"yoast-schema-graph\">{\"@context\":\"https:\\\/\\\/schema.org\",\"@graph\":[{\"@type\":[\"WebPage\",\"ItemPage\"],\"@id\":\"https:\\\/\\\/ruuby.ee\\\/pood\\\/gurmee\\\/maiustused\\\/the-mallows-vahukommid-krompsuvad-vahukommid-kupsise-ja-piimasokolaadiga-90g\\\/\",\"url\":\"https:\\\/\\\/ruuby.ee\\\/pood\\\/gurmee\\\/maiustused\\\/the-mallows-vahukommid-krompsuvad-vahukommid-kupsise-ja-piimasokolaadiga-90g\\\/\",\"name\":\"The Mallows - kr\u00f5mpsuvad vahukommid k\u00fcpsise ja piima\u0161okolaadiga, 90g - RUUBY\",\"isPartOf\":{\"@id\":\"http:\\\/\\\/ruuby.ee\\\/en\\\/#website\"},\"primaryImageOfPage\":{\"@id\":\"https:\\\/\\\/ruuby.ee\\\/pood\\\/gurmee\\\/maiustused\\\/the-mallows-vahukommid-krompsuvad-vahukommid-kupsise-ja-piimasokolaadiga-90g\\\/#primaryimage\"},\"image\":{\"@id\":\"https:\\\/\\\/ruuby.ee\\\/pood\\\/gurmee\\\/maiustused\\\/the-mallows-vahukommid-krompsuvad-vahukommid-kupsise-ja-piimasokolaadiga-90g\\\/#primaryimage\"},\"thumbnailUrl\":\"http:\\\/\\\/ruuby.ee\\\/wp-content\\\/uploads\\\/2023\\\/08\\\/Screenshot-2023-08-31-at-12.33.45.png\",\"datePublished\":\"2023-08-31T09:34:31+00:00\",\"dateModified\":\"2026-04-07T22:28:40+00:00\",\"breadcrumb\":{\"@id\":\"https:\\\/\\\/ruuby.ee\\\/pood\\\/gurmee\\\/maiustused\\\/the-mallows-vahukommid-krompsuvad-vahukommid-kupsise-ja-piimasokolaadiga-90g\\\/#breadcrumb\"},\"inLanguage\":\"en-GB\",\"potentialAction\":[{\"@type\":\"ReadAction\",\"target\":[\"https:\\\/\\\/ruuby.ee\\\/pood\\\/gurmee\\\/maiustused\\\/the-mallows-vahukommid-krompsuvad-vahukommid-kupsise-ja-piimasokolaadiga-90g\\\/\"]}]},{\"@type\":\"ImageObject\",\"inLanguage\":\"en-GB\",\"@id\":\"https:\\\/\\\/ruuby.ee\\\/pood\\\/gurmee\\\/maiustused\\\/the-mallows-vahukommid-krompsuvad-vahukommid-kupsise-ja-piimasokolaadiga-90g\\\/#primaryimage\",\"url\":\"http:\\\/\\\/ruuby.ee\\\/wp-content\\\/uploads\\\/2023\\\/08\\\/Screenshot-2023-08-31-at-12.33.45.png\",\"contentUrl\":\"http:\\\/\\\/ruuby.ee\\\/wp-content\\\/uploads\\\/2023\\\/08\\\/Screenshot-2023-08-31-at-12.33.45.png\",\"width\":1244,\"height\":1242},{\"@type\":\"BreadcrumbList\",\"@id\":\"https:\\\/\\\/ruuby.ee\\\/pood\\\/gurmee\\\/maiustused\\\/the-mallows-vahukommid-krompsuvad-vahukommid-kupsise-ja-piimasokolaadiga-90g\\\/#breadcrumb\",\"itemListElement\":[{\"@type\":\"ListItem\",\"position\":1,\"name\":\"Kdu\",\"item\":\"http:\\\/\\\/ruuby.ee\\\/en\\\/\"},{\"@type\":\"ListItem\",\"position\":2,\"name\":\"Pood\",\"item\":\"http:\\\/\\\/ruuby.ee\\\/en\\\/pood\\\/\"},{\"@type\":\"ListItem\",\"position\":3,\"name\":\"The Mallows &#8211; kr\u00f5mpsuvad vahukommid k\u00fcpsise ja piima\u0161okolaadiga, 90g\"}]},{\"@type\":\"WebSite\",\"@id\":\"http:\\\/\\\/ruuby.ee\\\/en\\\/#website\",\"url\":\"http:\\\/\\\/ruuby.ee\\\/en\\\/\",\"name\":\"RUUBY\",\"description\":\"Ruubys on \u00fchendatud elustiil ja disain\",\"publisher\":{\"@id\":\"http:\\\/\\\/ruuby.ee\\\/en\\\/#organization\"},\"alternateName\":\"Ruuby Disain\",\"potentialAction\":[{\"@type\":\"SearchAction\",\"target\":{\"@type\":\"EntryPoint\",\"urlTemplate\":\"http:\\\/\\\/ruuby.ee\\\/en\\\/?s={search_term_string}\"},\"query-input\":{\"@type\":\"PropertyValueSpecification\",\"valueRequired\":true,\"valueName\":\"search_term_string\"}}],\"inLanguage\":\"en-GB\"},{\"@type\":\"Organization\",\"@id\":\"http:\\\/\\\/ruuby.ee\\\/en\\\/#organization\",\"name\":\"Ruuby Disain O\u00dc\",\"alternateName\":\"Ruuby\",\"url\":\"http:\\\/\\\/ruuby.ee\\\/en\\\/\",\"logo\":{\"@type\":\"ImageObject\",\"inLanguage\":\"en-GB\",\"@id\":\"http:\\\/\\\/ruuby.ee\\\/en\\\/#\\\/schema\\\/logo\\\/image\\\/\",\"url\":\"http:\\\/\\\/ruuby.ee\\\/wp-content\\\/uploads\\\/2023\\\/06\\\/cropped-Black-White-Elegant-Circle-Signature-Fashion-Logo-12_large.png\",\"contentUrl\":\"http:\\\/\\\/ruuby.ee\\\/wp-content\\\/uploads\\\/2023\\\/06\\\/cropped-Black-White-Elegant-Circle-Signature-Fashion-Logo-12_large.png\",\"width\":1280,\"height\":747,\"caption\":\"Ruuby Disain O\u00dc\"},\"image\":{\"@id\":\"http:\\\/\\\/ruuby.ee\\\/en\\\/#\\\/schema\\\/logo\\\/image\\\/\"},\"sameAs\":[\"https:\\\/\\\/www.facebook.com\\\/ruubyconcept\",\"https:\\\/\\\/www.instagram.com\\\/ruuby_concept\\\/\"]}]}<\/script>\n<!-- \/ Yoast SEO plugin. -->","yoast_head_json":{"title":"The Mallows - kr\u00f5mpsuvad vahukommid k\u00fcpsise ja piima\u0161okolaadiga, 90g - RUUBY","robots":{"index":"index","follow":"follow","max-snippet":"max-snippet:-1","max-image-preview":"max-image-preview:large","max-video-preview":"max-video-preview:-1"},"canonical":"https:\/\/ruuby.ee\/en\/pood\/gurmee\/maiustused\/the-mallows-vahukommid-krompsuvad-vahukommid-kupsise-ja-piimasokolaadiga-90g\/","og_locale":"en_GB","og_type":"article","og_title":"The Mallows - kr\u00f5mpsuvad vahukommid k\u00fcpsise ja piima\u0161okolaadiga, 90g - RUUBY","og_description":"Tutvusta oma maitsemeeltele\u00a0meie\u00a0uusimaid\u00a0h\u00f5rgutisi &#8211; THE MALLOWS\u00a0uued vahukommid kr\u00f5mpsuva \u0161okolaadi kattega. Kvaliteet, maitse ja nauding &#8211; k\u00f5ik \u00fches v\u00e4ikeses ampsus! Meie kr\u00f5bedate vahukommidega ootab teid vastupandamatu magususe ja kr\u00f5mpsuvate tekstuuride sulam. \u00d5rnalt kaetud parima Belgia piima\u0161okolaadiga, loovad need maitse ja konsistentsi s\u00fcmfoonia, mis \u00e4ratab teie meeled. Iga vahukomm on hoolikalt valmistatud, et tagada t\u00e4iuslik tasakaal pehme [&hellip;]","og_url":"https:\/\/ruuby.ee\/en\/pood\/gurmee\/maiustused\/the-mallows-vahukommid-krompsuvad-vahukommid-kupsise-ja-piimasokolaadiga-90g\/","og_site_name":"RUUBY","article_publisher":"https:\/\/www.facebook.com\/ruubyconcept","article_modified_time":"2026-04-07T22:28:40+00:00","og_image":[{"width":1244,"height":1242,"url":"https:\/\/ruuby.ee\/wp-content\/uploads\/2023\/08\/Screenshot-2023-08-31-at-12.33.45.png","type":"image\/png"}],"twitter_card":"summary_large_image","twitter_misc":{"Estimated reading time":"2 minutes"},"schema":{"@context":"https:\/\/schema.org","@graph":[{"@type":["WebPage","ItemPage"],"@id":"https:\/\/ruuby.ee\/pood\/gurmee\/maiustused\/the-mallows-vahukommid-krompsuvad-vahukommid-kupsise-ja-piimasokolaadiga-90g\/","url":"https:\/\/ruuby.ee\/pood\/gurmee\/maiustused\/the-mallows-vahukommid-krompsuvad-vahukommid-kupsise-ja-piimasokolaadiga-90g\/","name":"The Mallows - kr\u00f5mpsuvad vahukommid k\u00fcpsise ja piima\u0161okolaadiga, 90g - RUUBY","isPartOf":{"@id":"http:\/\/ruuby.ee\/en\/#website"},"primaryImageOfPage":{"@id":"https:\/\/ruuby.ee\/pood\/gurmee\/maiustused\/the-mallows-vahukommid-krompsuvad-vahukommid-kupsise-ja-piimasokolaadiga-90g\/#primaryimage"},"image":{"@id":"https:\/\/ruuby.ee\/pood\/gurmee\/maiustused\/the-mallows-vahukommid-krompsuvad-vahukommid-kupsise-ja-piimasokolaadiga-90g\/#primaryimage"},"thumbnailUrl":"http:\/\/ruuby.ee\/wp-content\/uploads\/2023\/08\/Screenshot-2023-08-31-at-12.33.45.png","datePublished":"2023-08-31T09:34:31+00:00","dateModified":"2026-04-07T22:28:40+00:00","breadcrumb":{"@id":"https:\/\/ruuby.ee\/pood\/gurmee\/maiustused\/the-mallows-vahukommid-krompsuvad-vahukommid-kupsise-ja-piimasokolaadiga-90g\/#breadcrumb"},"inLanguage":"en-GB","potentialAction":[{"@type":"ReadAction","target":["https:\/\/ruuby.ee\/pood\/gurmee\/maiustused\/the-mallows-vahukommid-krompsuvad-vahukommid-kupsise-ja-piimasokolaadiga-90g\/"]}]},{"@type":"ImageObject","inLanguage":"en-GB","@id":"https:\/\/ruuby.ee\/pood\/gurmee\/maiustused\/the-mallows-vahukommid-krompsuvad-vahukommid-kupsise-ja-piimasokolaadiga-90g\/#primaryimage","url":"http:\/\/ruuby.ee\/wp-content\/uploads\/2023\/08\/Screenshot-2023-08-31-at-12.33.45.png","contentUrl":"http:\/\/ruuby.ee\/wp-content\/uploads\/2023\/08\/Screenshot-2023-08-31-at-12.33.45.png","width":1244,"height":1242},{"@type":"BreadcrumbList","@id":"https:\/\/ruuby.ee\/pood\/gurmee\/maiustused\/the-mallows-vahukommid-krompsuvad-vahukommid-kupsise-ja-piimasokolaadiga-90g\/#breadcrumb","itemListElement":[{"@type":"ListItem","position":1,"name":"Kdu","item":"http:\/\/ruuby.ee\/en\/"},{"@type":"ListItem","position":2,"name":"Pood","item":"http:\/\/ruuby.ee\/en\/pood\/"},{"@type":"ListItem","position":3,"name":"The Mallows &#8211; kr\u00f5mpsuvad vahukommid k\u00fcpsise ja piima\u0161okolaadiga, 90g"}]},{"@type":"WebSite","@id":"http:\/\/ruuby.ee\/en\/#website","url":"http:\/\/ruuby.ee\/en\/","name":"RUUBY","description":"Ruubys on \u00fchendatud elustiil ja disain","publisher":{"@id":"http:\/\/ruuby.ee\/en\/#organization"},"alternateName":"Ruuby Disain","potentialAction":[{"@type":"SearchAction","target":{"@type":"EntryPoint","urlTemplate":"http:\/\/ruuby.ee\/en\/?s={search_term_string}"},"query-input":{"@type":"PropertyValueSpecification","valueRequired":true,"valueName":"search_term_string"}}],"inLanguage":"en-GB"},{"@type":"Organization","@id":"http:\/\/ruuby.ee\/en\/#organization","name":"Ruuby Disain O\u00dc","alternateName":"Ruuby","url":"http:\/\/ruuby.ee\/en\/","logo":{"@type":"ImageObject","inLanguage":"en-GB","@id":"http:\/\/ruuby.ee\/en\/#\/schema\/logo\/image\/","url":"http:\/\/ruuby.ee\/wp-content\/uploads\/2023\/06\/cropped-Black-White-Elegant-Circle-Signature-Fashion-Logo-12_large.png","contentUrl":"http:\/\/ruuby.ee\/wp-content\/uploads\/2023\/06\/cropped-Black-White-Elegant-Circle-Signature-Fashion-Logo-12_large.png","width":1280,"height":747,"caption":"Ruuby Disain O\u00dc"},"image":{"@id":"http:\/\/ruuby.ee\/en\/#\/schema\/logo\/image\/"},"sameAs":["https:\/\/www.facebook.com\/ruubyconcept","https:\/\/www.instagram.com\/ruuby_concept\/"]}]}},"jetpack_sharing_enabled":true,"_links":{"self":[{"href":"http:\/\/ruuby.ee\/en\/wp-json\/wp\/v2\/product\/1838888","targetHints":{"allow":["GET"]}}],"collection":[{"href":"http:\/\/ruuby.ee\/en\/wp-json\/wp\/v2\/product"}],"about":[{"href":"http:\/\/ruuby.ee\/en\/wp-json\/wp\/v2\/types\/product"}],"replies":[{"embeddable":true,"href":"http:\/\/ruuby.ee\/en\/wp-json\/wp\/v2\/comments?post=1838888"}],"wp:featuredmedia":[{"embeddable":true,"href":"http:\/\/ruuby.ee\/en\/wp-json\/wp\/v2\/media\/1838889"}],"wp:attachment":[{"href":"http:\/\/ruuby.ee\/en\/wp-json\/wp\/v2\/media?parent=1838888"}],"wp:term":[{"taxonomy":"product_brand","embeddable":true,"href":"http:\/\/ruuby.ee\/en\/wp-json\/wp\/v2\/product_brand?post=1838888"},{"taxonomy":"product_cat","embeddable":true,"href":"http:\/\/ruuby.ee\/en\/wp-json\/wp\/v2\/product_cat?post=1838888"},{"taxonomy":"product_tag","embeddable":true,"href":"http:\/\/ruuby.ee\/en\/wp-json\/wp\/v2\/product_tag?post=1838888"}],"curies":[{"name":"wp","href":"https:\/\/api.w.org\/{rel}","templated":true}]}}