{"id":1838855,"date":"2023-08-30T15:22:06","date_gmt":"2023-08-30T12:22:06","guid":{"rendered":"http:\/\/ruuby.ee\/?post_type=product&#038;p=1838855"},"modified":"2026-04-08T01:28:40","modified_gmt":"2026-04-07T22:28:40","slug":"nore-keraamiline-aroomilamp","status":"publish","type":"product","link":"http:\/\/ruuby.ee\/en\/pood\/kodusisustus\/kuunlad\/vahapalad\/nore-keraamiline-aroomilamp\/","title":{"rendered":"NORE &#8211; Keraamiline aroomilamp"},"content":{"rendered":"<div class=\"woocommerce-product-details__short-description\">\n<p>Klassikalise v\u00e4limusega keraamiline aroomilamp l\u00f5hnastatud vahapalade sulatamiseks. Aroomilamp on kauni ja klassikalise disainiga, mis sobib igas stiilis interj\u00f6\u00f6ri ning v\u00f5imaldab teek\u00fc\u00fcnla valgusel kahele poole helkida.<\/p>\n<p>Keraamiline aroomilamp on k\u00e4sitsi viimistletud, mis teeb iga lambi eriliseks. Lambil v\u00f5ib esineda v\u00e4iksemaid erisusi, mis on tingitud valmistusprotsessist.<\/p>\n<\/div>\n<div class=\"product_meta\">\n<p><span class=\"JsGRdQ\">Aseta vahapala aroomilambi \u00fclemisse n\u00f5usse ning s\u00fc\u00fcta alumises avas teek\u00fc\u00fcnal. Keraamilises aroomilambis kasuta ainult 4h teek\u00fc\u00fcnalt (mitte kasutada 8h teek\u00fc\u00fcnalt, see v\u00f5ib<\/span> <span class=\"JsGRdQ\">aroomilampi kahjustada). \u00c4ra p\u00f5leta k\u00fc\u00fcnalt j\u00e4relvalveta ega kergelt s\u00fcttivate esemete l\u00e4hedal.<\/span><\/p>\n<p>Teek\u00fc\u00fcnal ja vahapalad ei kuulu komplekti!<\/p>\n<\/div>","protected":false},"excerpt":{"rendered":"<p>Klassikalise v\u00e4limusega keraamiline aroomilamp l\u00f5hnastatud vahapalade sulatamiseks. Aroomilamp on kauni ja klassikalise disainiga, mis sobib igas stiilis interj\u00f6\u00f6ri ning v\u00f5imaldab teek\u00fc\u00fcnla valgusel kahele poole helkida. Keraamiline aroomilamp on k\u00e4sitsi viimistletud, mis teeb iga lambi eriliseks. Lambil v\u00f5ib esineda v\u00e4iksemaid erisusi, mis on tingitud valmistusprotsessist. Aseta vahapala aroomilambi \u00fclemisse n\u00f5usse ning s\u00fc\u00fcta alumises avas teek\u00fc\u00fcnal. Keraamilises [&hellip;]<\/p>\n","protected":false},"featured_media":1838856,"comment_status":"open","ping_status":"closed","template":"","meta":[],"product_brand":[],"product_cat":[54,44,743],"product_tag":[],"class_list":{"0":"post-1838855","1":"product","2":"type-product","3":"status-publish","4":"has-post-thumbnail","6":"product_cat-kuunlad","7":"product_cat-ruumilohnastajad","8":"product_cat-vahapalad","10":"first","11":"instock","12":"taxable","13":"shipping-taxable","14":"purchasable","15":"product-type-variable","16":"rtwpvs-product"},"yoast_head":"<!-- This site is optimized with the Yoast SEO plugin v27.3 - https:\/\/yoast.com\/product\/yoast-seo-wordpress\/ -->\n<title>NORE - Keraamiline aroomilamp - RUUBY<\/title>\n<meta name=\"robots\" content=\"index, follow, max-snippet:-1, max-image-preview:large, max-video-preview:-1\" \/>\n<link rel=\"canonical\" href=\"http:\/\/ruuby.ee\/en\/pood\/kodusisustus\/kuunlad\/vahapalad\/nore-keraamiline-aroomilamp\/\" \/>\n<meta property=\"og:locale\" content=\"en_GB\" \/>\n<meta property=\"og:type\" content=\"article\" \/>\n<meta property=\"og:title\" content=\"NORE - Keraamiline aroomilamp - RUUBY\" \/>\n<meta property=\"og:description\" content=\"Klassikalise v\u00e4limusega keraamiline aroomilamp l\u00f5hnastatud vahapalade sulatamiseks. Aroomilamp on kauni ja klassikalise disainiga, mis sobib igas stiilis interj\u00f6\u00f6ri ning v\u00f5imaldab teek\u00fc\u00fcnla valgusel kahele poole helkida. Keraamiline aroomilamp on k\u00e4sitsi viimistletud, mis teeb iga lambi eriliseks. Lambil v\u00f5ib esineda v\u00e4iksemaid erisusi, mis on tingitud valmistusprotsessist. Aseta vahapala aroomilambi \u00fclemisse n\u00f5usse ning s\u00fc\u00fcta alumises avas teek\u00fc\u00fcnal. Keraamilises [&hellip;]\" \/>\n<meta property=\"og:url\" content=\"http:\/\/ruuby.ee\/en\/pood\/kodusisustus\/kuunlad\/vahapalad\/nore-keraamiline-aroomilamp\/\" \/>\n<meta property=\"og:site_name\" content=\"RUUBY\" \/>\n<meta property=\"article:publisher\" content=\"https:\/\/www.facebook.com\/ruubyconcept\" \/>\n<meta property=\"article:modified_time\" content=\"2026-04-07T22:28:40+00:00\" \/>\n<meta property=\"og:image\" content=\"http:\/\/ruuby.ee\/wp-content\/uploads\/2023\/08\/Screenshot-2023-08-30-at-15.19.14.png\" \/>\n\t<meta property=\"og:image:width\" content=\"904\" \/>\n\t<meta property=\"og:image:height\" content=\"1208\" \/>\n\t<meta property=\"og:image:type\" content=\"image\/png\" \/>\n<meta name=\"twitter:card\" content=\"summary_large_image\" \/>\n<meta name=\"twitter:label1\" content=\"Estimated reading time\" \/>\n\t<meta name=\"twitter:data1\" content=\"1 minute\" \/>\n<script type=\"application\/ld+json\" class=\"yoast-schema-graph\">{\"@context\":\"https:\\\/\\\/schema.org\",\"@graph\":[{\"@type\":[\"WebPage\",\"ItemPage\"],\"@id\":\"http:\\\/\\\/ruuby.ee\\\/pood\\\/kodusisustus\\\/kuunlad\\\/vahapalad\\\/nore-keraamiline-aroomilamp\\\/\",\"url\":\"http:\\\/\\\/ruuby.ee\\\/pood\\\/kodusisustus\\\/kuunlad\\\/vahapalad\\\/nore-keraamiline-aroomilamp\\\/\",\"name\":\"NORE - Keraamiline aroomilamp - RUUBY\",\"isPartOf\":{\"@id\":\"https:\\\/\\\/ruuby.ee\\\/en\\\/#website\"},\"primaryImageOfPage\":{\"@id\":\"http:\\\/\\\/ruuby.ee\\\/pood\\\/kodusisustus\\\/kuunlad\\\/vahapalad\\\/nore-keraamiline-aroomilamp\\\/#primaryimage\"},\"image\":{\"@id\":\"http:\\\/\\\/ruuby.ee\\\/pood\\\/kodusisustus\\\/kuunlad\\\/vahapalad\\\/nore-keraamiline-aroomilamp\\\/#primaryimage\"},\"thumbnailUrl\":\"http:\\\/\\\/ruuby.ee\\\/wp-content\\\/uploads\\\/2023\\\/08\\\/Screenshot-2023-08-30-at-15.19.14.png\",\"datePublished\":\"2023-08-30T12:22:06+00:00\",\"dateModified\":\"2026-04-07T22:28:40+00:00\",\"breadcrumb\":{\"@id\":\"http:\\\/\\\/ruuby.ee\\\/pood\\\/kodusisustus\\\/kuunlad\\\/vahapalad\\\/nore-keraamiline-aroomilamp\\\/#breadcrumb\"},\"inLanguage\":\"en-GB\",\"potentialAction\":[{\"@type\":\"ReadAction\",\"target\":[\"http:\\\/\\\/ruuby.ee\\\/pood\\\/kodusisustus\\\/kuunlad\\\/vahapalad\\\/nore-keraamiline-aroomilamp\\\/\"]}]},{\"@type\":\"ImageObject\",\"inLanguage\":\"en-GB\",\"@id\":\"http:\\\/\\\/ruuby.ee\\\/pood\\\/kodusisustus\\\/kuunlad\\\/vahapalad\\\/nore-keraamiline-aroomilamp\\\/#primaryimage\",\"url\":\"http:\\\/\\\/ruuby.ee\\\/wp-content\\\/uploads\\\/2023\\\/08\\\/Screenshot-2023-08-30-at-15.19.14.png\",\"contentUrl\":\"http:\\\/\\\/ruuby.ee\\\/wp-content\\\/uploads\\\/2023\\\/08\\\/Screenshot-2023-08-30-at-15.19.14.png\",\"width\":904,\"height\":1208},{\"@type\":\"BreadcrumbList\",\"@id\":\"http:\\\/\\\/ruuby.ee\\\/pood\\\/kodusisustus\\\/kuunlad\\\/vahapalad\\\/nore-keraamiline-aroomilamp\\\/#breadcrumb\",\"itemListElement\":[{\"@type\":\"ListItem\",\"position\":1,\"name\":\"Kdu\",\"item\":\"https:\\\/\\\/ruuby.ee\\\/en\\\/\"},{\"@type\":\"ListItem\",\"position\":2,\"name\":\"Pood\",\"item\":\"https:\\\/\\\/ruuby.ee\\\/en\\\/pood\\\/\"},{\"@type\":\"ListItem\",\"position\":3,\"name\":\"NORE &#8211; Keraamiline aroomilamp\"}]},{\"@type\":\"WebSite\",\"@id\":\"https:\\\/\\\/ruuby.ee\\\/en\\\/#website\",\"url\":\"https:\\\/\\\/ruuby.ee\\\/en\\\/\",\"name\":\"RUUBY\",\"description\":\"Ruubys on \u00fchendatud elustiil ja disain\",\"publisher\":{\"@id\":\"https:\\\/\\\/ruuby.ee\\\/en\\\/#organization\"},\"alternateName\":\"Ruuby Disain\",\"potentialAction\":[{\"@type\":\"SearchAction\",\"target\":{\"@type\":\"EntryPoint\",\"urlTemplate\":\"https:\\\/\\\/ruuby.ee\\\/en\\\/?s={search_term_string}\"},\"query-input\":{\"@type\":\"PropertyValueSpecification\",\"valueRequired\":true,\"valueName\":\"search_term_string\"}}],\"inLanguage\":\"en-GB\"},{\"@type\":\"Organization\",\"@id\":\"https:\\\/\\\/ruuby.ee\\\/en\\\/#organization\",\"name\":\"Ruuby Disain O\u00dc\",\"alternateName\":\"Ruuby\",\"url\":\"https:\\\/\\\/ruuby.ee\\\/en\\\/\",\"logo\":{\"@type\":\"ImageObject\",\"inLanguage\":\"en-GB\",\"@id\":\"https:\\\/\\\/ruuby.ee\\\/en\\\/#\\\/schema\\\/logo\\\/image\\\/\",\"url\":\"http:\\\/\\\/ruuby.ee\\\/wp-content\\\/uploads\\\/2023\\\/06\\\/cropped-Black-White-Elegant-Circle-Signature-Fashion-Logo-12_large.png\",\"contentUrl\":\"http:\\\/\\\/ruuby.ee\\\/wp-content\\\/uploads\\\/2023\\\/06\\\/cropped-Black-White-Elegant-Circle-Signature-Fashion-Logo-12_large.png\",\"width\":1280,\"height\":747,\"caption\":\"Ruuby Disain O\u00dc\"},\"image\":{\"@id\":\"https:\\\/\\\/ruuby.ee\\\/en\\\/#\\\/schema\\\/logo\\\/image\\\/\"},\"sameAs\":[\"https:\\\/\\\/www.facebook.com\\\/ruubyconcept\",\"https:\\\/\\\/www.instagram.com\\\/ruuby_concept\\\/\"]}]}<\/script>\n<!-- \/ Yoast SEO plugin. -->","yoast_head_json":{"title":"NORE - Keraamiline aroomilamp - RUUBY","robots":{"index":"index","follow":"follow","max-snippet":"max-snippet:-1","max-image-preview":"max-image-preview:large","max-video-preview":"max-video-preview:-1"},"canonical":"http:\/\/ruuby.ee\/en\/pood\/kodusisustus\/kuunlad\/vahapalad\/nore-keraamiline-aroomilamp\/","og_locale":"en_GB","og_type":"article","og_title":"NORE - Keraamiline aroomilamp - RUUBY","og_description":"Klassikalise v\u00e4limusega keraamiline aroomilamp l\u00f5hnastatud vahapalade sulatamiseks. Aroomilamp on kauni ja klassikalise disainiga, mis sobib igas stiilis interj\u00f6\u00f6ri ning v\u00f5imaldab teek\u00fc\u00fcnla valgusel kahele poole helkida. Keraamiline aroomilamp on k\u00e4sitsi viimistletud, mis teeb iga lambi eriliseks. Lambil v\u00f5ib esineda v\u00e4iksemaid erisusi, mis on tingitud valmistusprotsessist. Aseta vahapala aroomilambi \u00fclemisse n\u00f5usse ning s\u00fc\u00fcta alumises avas teek\u00fc\u00fcnal. Keraamilises [&hellip;]","og_url":"http:\/\/ruuby.ee\/en\/pood\/kodusisustus\/kuunlad\/vahapalad\/nore-keraamiline-aroomilamp\/","og_site_name":"RUUBY","article_publisher":"https:\/\/www.facebook.com\/ruubyconcept","article_modified_time":"2026-04-07T22:28:40+00:00","og_image":[{"width":904,"height":1208,"url":"http:\/\/ruuby.ee\/wp-content\/uploads\/2023\/08\/Screenshot-2023-08-30-at-15.19.14.png","type":"image\/png"}],"twitter_card":"summary_large_image","twitter_misc":{"Estimated reading time":"1 minute"},"schema":{"@context":"https:\/\/schema.org","@graph":[{"@type":["WebPage","ItemPage"],"@id":"http:\/\/ruuby.ee\/pood\/kodusisustus\/kuunlad\/vahapalad\/nore-keraamiline-aroomilamp\/","url":"http:\/\/ruuby.ee\/pood\/kodusisustus\/kuunlad\/vahapalad\/nore-keraamiline-aroomilamp\/","name":"NORE - Keraamiline aroomilamp - RUUBY","isPartOf":{"@id":"https:\/\/ruuby.ee\/en\/#website"},"primaryImageOfPage":{"@id":"http:\/\/ruuby.ee\/pood\/kodusisustus\/kuunlad\/vahapalad\/nore-keraamiline-aroomilamp\/#primaryimage"},"image":{"@id":"http:\/\/ruuby.ee\/pood\/kodusisustus\/kuunlad\/vahapalad\/nore-keraamiline-aroomilamp\/#primaryimage"},"thumbnailUrl":"http:\/\/ruuby.ee\/wp-content\/uploads\/2023\/08\/Screenshot-2023-08-30-at-15.19.14.png","datePublished":"2023-08-30T12:22:06+00:00","dateModified":"2026-04-07T22:28:40+00:00","breadcrumb":{"@id":"http:\/\/ruuby.ee\/pood\/kodusisustus\/kuunlad\/vahapalad\/nore-keraamiline-aroomilamp\/#breadcrumb"},"inLanguage":"en-GB","potentialAction":[{"@type":"ReadAction","target":["http:\/\/ruuby.ee\/pood\/kodusisustus\/kuunlad\/vahapalad\/nore-keraamiline-aroomilamp\/"]}]},{"@type":"ImageObject","inLanguage":"en-GB","@id":"http:\/\/ruuby.ee\/pood\/kodusisustus\/kuunlad\/vahapalad\/nore-keraamiline-aroomilamp\/#primaryimage","url":"http:\/\/ruuby.ee\/wp-content\/uploads\/2023\/08\/Screenshot-2023-08-30-at-15.19.14.png","contentUrl":"http:\/\/ruuby.ee\/wp-content\/uploads\/2023\/08\/Screenshot-2023-08-30-at-15.19.14.png","width":904,"height":1208},{"@type":"BreadcrumbList","@id":"http:\/\/ruuby.ee\/pood\/kodusisustus\/kuunlad\/vahapalad\/nore-keraamiline-aroomilamp\/#breadcrumb","itemListElement":[{"@type":"ListItem","position":1,"name":"Kdu","item":"https:\/\/ruuby.ee\/en\/"},{"@type":"ListItem","position":2,"name":"Pood","item":"https:\/\/ruuby.ee\/en\/pood\/"},{"@type":"ListItem","position":3,"name":"NORE &#8211; Keraamiline aroomilamp"}]},{"@type":"WebSite","@id":"https:\/\/ruuby.ee\/en\/#website","url":"https:\/\/ruuby.ee\/en\/","name":"RUUBY","description":"Ruubys on \u00fchendatud elustiil ja disain","publisher":{"@id":"https:\/\/ruuby.ee\/en\/#organization"},"alternateName":"Ruuby Disain","potentialAction":[{"@type":"SearchAction","target":{"@type":"EntryPoint","urlTemplate":"https:\/\/ruuby.ee\/en\/?s={search_term_string}"},"query-input":{"@type":"PropertyValueSpecification","valueRequired":true,"valueName":"search_term_string"}}],"inLanguage":"en-GB"},{"@type":"Organization","@id":"https:\/\/ruuby.ee\/en\/#organization","name":"Ruuby Disain O\u00dc","alternateName":"Ruuby","url":"https:\/\/ruuby.ee\/en\/","logo":{"@type":"ImageObject","inLanguage":"en-GB","@id":"https:\/\/ruuby.ee\/en\/#\/schema\/logo\/image\/","url":"http:\/\/ruuby.ee\/wp-content\/uploads\/2023\/06\/cropped-Black-White-Elegant-Circle-Signature-Fashion-Logo-12_large.png","contentUrl":"http:\/\/ruuby.ee\/wp-content\/uploads\/2023\/06\/cropped-Black-White-Elegant-Circle-Signature-Fashion-Logo-12_large.png","width":1280,"height":747,"caption":"Ruuby Disain O\u00dc"},"image":{"@id":"https:\/\/ruuby.ee\/en\/#\/schema\/logo\/image\/"},"sameAs":["https:\/\/www.facebook.com\/ruubyconcept","https:\/\/www.instagram.com\/ruuby_concept\/"]}]}},"jetpack_sharing_enabled":true,"_links":{"self":[{"href":"http:\/\/ruuby.ee\/en\/wp-json\/wp\/v2\/product\/1838855","targetHints":{"allow":["GET"]}}],"collection":[{"href":"http:\/\/ruuby.ee\/en\/wp-json\/wp\/v2\/product"}],"about":[{"href":"http:\/\/ruuby.ee\/en\/wp-json\/wp\/v2\/types\/product"}],"replies":[{"embeddable":true,"href":"http:\/\/ruuby.ee\/en\/wp-json\/wp\/v2\/comments?post=1838855"}],"wp:featuredmedia":[{"embeddable":true,"href":"http:\/\/ruuby.ee\/en\/wp-json\/wp\/v2\/media\/1838856"}],"wp:attachment":[{"href":"http:\/\/ruuby.ee\/en\/wp-json\/wp\/v2\/media?parent=1838855"}],"wp:term":[{"taxonomy":"product_brand","embeddable":true,"href":"http:\/\/ruuby.ee\/en\/wp-json\/wp\/v2\/product_brand?post=1838855"},{"taxonomy":"product_cat","embeddable":true,"href":"http:\/\/ruuby.ee\/en\/wp-json\/wp\/v2\/product_cat?post=1838855"},{"taxonomy":"product_tag","embeddable":true,"href":"http:\/\/ruuby.ee\/en\/wp-json\/wp\/v2\/product_tag?post=1838855"}],"curies":[{"name":"wp","href":"https:\/\/api.w.org\/{rel}","templated":true}]}}