{"id":1838832,"date":"2023-08-29T17:34:06","date_gmt":"2023-08-29T14:34:06","guid":{"rendered":"http:\/\/ruuby.ee\/?post_type=product&#038;p=1838832"},"modified":"2026-04-08T01:28:40","modified_gmt":"2026-04-07T22:28:40","slug":"monkanna-tualett-tarvete-kott-padded-birch","status":"publish","type":"product","link":"http:\/\/ruuby.ee\/en\/pood\/aksessuaarid\/kotid\/monkanna-tualett-tarvete-kott-padded-birch\/","title":{"rendered":"Monk&amp;Anna &#8211; tualett-tarvete kott, padded | birch"},"content":{"rendered":"<p>Monk&amp;Anna tualett-tarvete kott.<\/p>\n<p>Kaunilt kreemjas kuldne ning katsudes m\u00f5nus pehme materjal. See kott on nii ilusa disainiga, et seda ei pea pistma sahtlisse peitu vaid hoia julgelt oma kapil. Kodunt v\u00e4lja minnes mahutad sinna k\u00f5ik vajaliku &#8211; kosmeetika v\u00f5i erinevad tulalett-tarbed.<\/p>\n<p>Materjal:\u00a0v\u00e4lismaterjal &#8211; 90% pol\u00fcamiid, 10% elastaan,\u00a0materjal sees &#8211; linane,\u00a0k\u00e4epide \u00a0materjal- PU nahk.<\/p>\n<p>Seda kotti saate h\u00f5lpsalt puhastada m\u00e4rja lapiga.\u00a0Soovitame kotti mitte pesumasinas pesta.\u00a0Lihtsalt natuke vett ajab asja \u00e4ra!<\/p>\n<p>Suurus: 20 x 12 x 11 cm<\/p>","protected":false},"excerpt":{"rendered":"<p>Monk&amp;Anna tualett-tarvete kott. Kaunilt kreemjas kuldne ning katsudes m\u00f5nus pehme materjal. See kott on nii ilusa disainiga, et seda ei pea pistma sahtlisse peitu vaid hoia julgelt oma kapil. Kodunt v\u00e4lja minnes mahutad sinna k\u00f5ik vajaliku &#8211; kosmeetika v\u00f5i erinevad tulalett-tarbed. Materjal:\u00a0v\u00e4lismaterjal &#8211; 90% pol\u00fcamiid, 10% elastaan,\u00a0materjal sees &#8211; linane,\u00a0k\u00e4epide \u00a0materjal- PU nahk. Seda kotti [&hellip;]<\/p>\n","protected":false},"featured_media":1838833,"comment_status":"open","ping_status":"closed","template":"","meta":[],"product_brand":[],"product_cat":[668,33],"product_tag":[],"class_list":{"0":"post-1838832","1":"product","2":"type-product","3":"status-publish","4":"has-post-thumbnail","6":"product_cat-kosmeetikakott","7":"product_cat-kotid","9":"first","10":"outofstock","11":"taxable","12":"shipping-taxable","13":"purchasable","14":"product-type-simple"},"yoast_head":"<!-- This site is optimized with the Yoast SEO plugin v27.3 - https:\/\/yoast.com\/product\/yoast-seo-wordpress\/ -->\n<title>Monk&amp;Anna - tualett-tarvete kott, padded | birch - RUUBY<\/title>\n<meta name=\"robots\" content=\"index, follow, max-snippet:-1, max-image-preview:large, max-video-preview:-1\" \/>\n<link rel=\"canonical\" href=\"http:\/\/ruuby.ee\/en\/pood\/aksessuaarid\/kotid\/monkanna-tualett-tarvete-kott-padded-birch\/\" \/>\n<meta property=\"og:locale\" content=\"en_GB\" \/>\n<meta property=\"og:type\" content=\"article\" \/>\n<meta property=\"og:title\" content=\"Monk&amp;Anna - tualett-tarvete kott, padded | birch - RUUBY\" \/>\n<meta property=\"og:description\" content=\"Monk&amp;Anna tualett-tarvete kott. Kaunilt kreemjas kuldne ning katsudes m\u00f5nus pehme materjal. See kott on nii ilusa disainiga, et seda ei pea pistma sahtlisse peitu vaid hoia julgelt oma kapil. Kodunt v\u00e4lja minnes mahutad sinna k\u00f5ik vajaliku &#8211; kosmeetika v\u00f5i erinevad tulalett-tarbed. Materjal:\u00a0v\u00e4lismaterjal &#8211; 90% pol\u00fcamiid, 10% elastaan,\u00a0materjal sees &#8211; linane,\u00a0k\u00e4epide \u00a0materjal- PU nahk. Seda kotti [&hellip;]\" \/>\n<meta property=\"og:url\" content=\"http:\/\/ruuby.ee\/en\/pood\/aksessuaarid\/kotid\/monkanna-tualett-tarvete-kott-padded-birch\/\" \/>\n<meta property=\"og:site_name\" content=\"RUUBY\" \/>\n<meta property=\"article:publisher\" content=\"https:\/\/www.facebook.com\/ruubyconcept\" \/>\n<meta property=\"article:modified_time\" content=\"2026-04-07T22:28:40+00:00\" \/>\n<meta property=\"og:image\" content=\"http:\/\/ruuby.ee\/wp-content\/uploads\/2023\/08\/Screenshot-2023-08-29-at-17.21.00.png\" \/>\n\t<meta property=\"og:image:width\" content=\"986\" \/>\n\t<meta property=\"og:image:height\" content=\"988\" \/>\n\t<meta property=\"og:image:type\" content=\"image\/png\" \/>\n<meta name=\"twitter:card\" content=\"summary_large_image\" \/>\n<meta name=\"twitter:label1\" content=\"Estimated reading time\" \/>\n\t<meta name=\"twitter:data1\" content=\"1 minute\" \/>\n<script type=\"application\/ld+json\" class=\"yoast-schema-graph\">{\"@context\":\"https:\\\/\\\/schema.org\",\"@graph\":[{\"@type\":[\"WebPage\",\"ItemPage\"],\"@id\":\"http:\\\/\\\/ruuby.ee\\\/pood\\\/aksessuaarid\\\/kotid\\\/monkanna-tualett-tarvete-kott-padded-birch\\\/\",\"url\":\"http:\\\/\\\/ruuby.ee\\\/pood\\\/aksessuaarid\\\/kotid\\\/monkanna-tualett-tarvete-kott-padded-birch\\\/\",\"name\":\"Monk&amp;Anna - tualett-tarvete kott, padded | birch - RUUBY\",\"isPartOf\":{\"@id\":\"https:\\\/\\\/ruuby.ee\\\/en\\\/#website\"},\"primaryImageOfPage\":{\"@id\":\"http:\\\/\\\/ruuby.ee\\\/pood\\\/aksessuaarid\\\/kotid\\\/monkanna-tualett-tarvete-kott-padded-birch\\\/#primaryimage\"},\"image\":{\"@id\":\"http:\\\/\\\/ruuby.ee\\\/pood\\\/aksessuaarid\\\/kotid\\\/monkanna-tualett-tarvete-kott-padded-birch\\\/#primaryimage\"},\"thumbnailUrl\":\"http:\\\/\\\/ruuby.ee\\\/wp-content\\\/uploads\\\/2023\\\/08\\\/Screenshot-2023-08-29-at-17.21.00.png\",\"datePublished\":\"2023-08-29T14:34:06+00:00\",\"dateModified\":\"2026-04-07T22:28:40+00:00\",\"breadcrumb\":{\"@id\":\"http:\\\/\\\/ruuby.ee\\\/pood\\\/aksessuaarid\\\/kotid\\\/monkanna-tualett-tarvete-kott-padded-birch\\\/#breadcrumb\"},\"inLanguage\":\"en-GB\",\"potentialAction\":[{\"@type\":\"ReadAction\",\"target\":[\"http:\\\/\\\/ruuby.ee\\\/pood\\\/aksessuaarid\\\/kotid\\\/monkanna-tualett-tarvete-kott-padded-birch\\\/\"]}]},{\"@type\":\"ImageObject\",\"inLanguage\":\"en-GB\",\"@id\":\"http:\\\/\\\/ruuby.ee\\\/pood\\\/aksessuaarid\\\/kotid\\\/monkanna-tualett-tarvete-kott-padded-birch\\\/#primaryimage\",\"url\":\"http:\\\/\\\/ruuby.ee\\\/wp-content\\\/uploads\\\/2023\\\/08\\\/Screenshot-2023-08-29-at-17.21.00.png\",\"contentUrl\":\"http:\\\/\\\/ruuby.ee\\\/wp-content\\\/uploads\\\/2023\\\/08\\\/Screenshot-2023-08-29-at-17.21.00.png\",\"width\":986,\"height\":988},{\"@type\":\"BreadcrumbList\",\"@id\":\"http:\\\/\\\/ruuby.ee\\\/pood\\\/aksessuaarid\\\/kotid\\\/monkanna-tualett-tarvete-kott-padded-birch\\\/#breadcrumb\",\"itemListElement\":[{\"@type\":\"ListItem\",\"position\":1,\"name\":\"Kdu\",\"item\":\"https:\\\/\\\/ruuby.ee\\\/en\\\/\"},{\"@type\":\"ListItem\",\"position\":2,\"name\":\"Pood\",\"item\":\"https:\\\/\\\/ruuby.ee\\\/en\\\/pood\\\/\"},{\"@type\":\"ListItem\",\"position\":3,\"name\":\"Monk&amp;Anna &#8211; tualett-tarvete kott, padded | birch\"}]},{\"@type\":\"WebSite\",\"@id\":\"https:\\\/\\\/ruuby.ee\\\/en\\\/#website\",\"url\":\"https:\\\/\\\/ruuby.ee\\\/en\\\/\",\"name\":\"RUUBY\",\"description\":\"Ruubys on \u00fchendatud elustiil ja disain\",\"publisher\":{\"@id\":\"https:\\\/\\\/ruuby.ee\\\/en\\\/#organization\"},\"alternateName\":\"Ruuby Disain\",\"potentialAction\":[{\"@type\":\"SearchAction\",\"target\":{\"@type\":\"EntryPoint\",\"urlTemplate\":\"https:\\\/\\\/ruuby.ee\\\/en\\\/?s={search_term_string}\"},\"query-input\":{\"@type\":\"PropertyValueSpecification\",\"valueRequired\":true,\"valueName\":\"search_term_string\"}}],\"inLanguage\":\"en-GB\"},{\"@type\":\"Organization\",\"@id\":\"https:\\\/\\\/ruuby.ee\\\/en\\\/#organization\",\"name\":\"Ruuby Disain O\u00dc\",\"alternateName\":\"Ruuby\",\"url\":\"https:\\\/\\\/ruuby.ee\\\/en\\\/\",\"logo\":{\"@type\":\"ImageObject\",\"inLanguage\":\"en-GB\",\"@id\":\"https:\\\/\\\/ruuby.ee\\\/en\\\/#\\\/schema\\\/logo\\\/image\\\/\",\"url\":\"http:\\\/\\\/ruuby.ee\\\/wp-content\\\/uploads\\\/2023\\\/06\\\/cropped-Black-White-Elegant-Circle-Signature-Fashion-Logo-12_large.png\",\"contentUrl\":\"http:\\\/\\\/ruuby.ee\\\/wp-content\\\/uploads\\\/2023\\\/06\\\/cropped-Black-White-Elegant-Circle-Signature-Fashion-Logo-12_large.png\",\"width\":1280,\"height\":747,\"caption\":\"Ruuby Disain O\u00dc\"},\"image\":{\"@id\":\"https:\\\/\\\/ruuby.ee\\\/en\\\/#\\\/schema\\\/logo\\\/image\\\/\"},\"sameAs\":[\"https:\\\/\\\/www.facebook.com\\\/ruubyconcept\",\"https:\\\/\\\/www.instagram.com\\\/ruuby_concept\\\/\"]}]}<\/script>\n<!-- \/ Yoast SEO plugin. -->","yoast_head_json":{"title":"Monk&amp;Anna - tualett-tarvete kott, padded | birch - RUUBY","robots":{"index":"index","follow":"follow","max-snippet":"max-snippet:-1","max-image-preview":"max-image-preview:large","max-video-preview":"max-video-preview:-1"},"canonical":"http:\/\/ruuby.ee\/en\/pood\/aksessuaarid\/kotid\/monkanna-tualett-tarvete-kott-padded-birch\/","og_locale":"en_GB","og_type":"article","og_title":"Monk&amp;Anna - tualett-tarvete kott, padded | birch - RUUBY","og_description":"Monk&amp;Anna tualett-tarvete kott. Kaunilt kreemjas kuldne ning katsudes m\u00f5nus pehme materjal. See kott on nii ilusa disainiga, et seda ei pea pistma sahtlisse peitu vaid hoia julgelt oma kapil. Kodunt v\u00e4lja minnes mahutad sinna k\u00f5ik vajaliku &#8211; kosmeetika v\u00f5i erinevad tulalett-tarbed. Materjal:\u00a0v\u00e4lismaterjal &#8211; 90% pol\u00fcamiid, 10% elastaan,\u00a0materjal sees &#8211; linane,\u00a0k\u00e4epide \u00a0materjal- PU nahk. Seda kotti [&hellip;]","og_url":"http:\/\/ruuby.ee\/en\/pood\/aksessuaarid\/kotid\/monkanna-tualett-tarvete-kott-padded-birch\/","og_site_name":"RUUBY","article_publisher":"https:\/\/www.facebook.com\/ruubyconcept","article_modified_time":"2026-04-07T22:28:40+00:00","og_image":[{"width":986,"height":988,"url":"http:\/\/ruuby.ee\/wp-content\/uploads\/2023\/08\/Screenshot-2023-08-29-at-17.21.00.png","type":"image\/png"}],"twitter_card":"summary_large_image","twitter_misc":{"Estimated reading time":"1 minute"},"schema":{"@context":"https:\/\/schema.org","@graph":[{"@type":["WebPage","ItemPage"],"@id":"http:\/\/ruuby.ee\/pood\/aksessuaarid\/kotid\/monkanna-tualett-tarvete-kott-padded-birch\/","url":"http:\/\/ruuby.ee\/pood\/aksessuaarid\/kotid\/monkanna-tualett-tarvete-kott-padded-birch\/","name":"Monk&amp;Anna - tualett-tarvete kott, padded | birch - RUUBY","isPartOf":{"@id":"https:\/\/ruuby.ee\/en\/#website"},"primaryImageOfPage":{"@id":"http:\/\/ruuby.ee\/pood\/aksessuaarid\/kotid\/monkanna-tualett-tarvete-kott-padded-birch\/#primaryimage"},"image":{"@id":"http:\/\/ruuby.ee\/pood\/aksessuaarid\/kotid\/monkanna-tualett-tarvete-kott-padded-birch\/#primaryimage"},"thumbnailUrl":"http:\/\/ruuby.ee\/wp-content\/uploads\/2023\/08\/Screenshot-2023-08-29-at-17.21.00.png","datePublished":"2023-08-29T14:34:06+00:00","dateModified":"2026-04-07T22:28:40+00:00","breadcrumb":{"@id":"http:\/\/ruuby.ee\/pood\/aksessuaarid\/kotid\/monkanna-tualett-tarvete-kott-padded-birch\/#breadcrumb"},"inLanguage":"en-GB","potentialAction":[{"@type":"ReadAction","target":["http:\/\/ruuby.ee\/pood\/aksessuaarid\/kotid\/monkanna-tualett-tarvete-kott-padded-birch\/"]}]},{"@type":"ImageObject","inLanguage":"en-GB","@id":"http:\/\/ruuby.ee\/pood\/aksessuaarid\/kotid\/monkanna-tualett-tarvete-kott-padded-birch\/#primaryimage","url":"http:\/\/ruuby.ee\/wp-content\/uploads\/2023\/08\/Screenshot-2023-08-29-at-17.21.00.png","contentUrl":"http:\/\/ruuby.ee\/wp-content\/uploads\/2023\/08\/Screenshot-2023-08-29-at-17.21.00.png","width":986,"height":988},{"@type":"BreadcrumbList","@id":"http:\/\/ruuby.ee\/pood\/aksessuaarid\/kotid\/monkanna-tualett-tarvete-kott-padded-birch\/#breadcrumb","itemListElement":[{"@type":"ListItem","position":1,"name":"Kdu","item":"https:\/\/ruuby.ee\/en\/"},{"@type":"ListItem","position":2,"name":"Pood","item":"https:\/\/ruuby.ee\/en\/pood\/"},{"@type":"ListItem","position":3,"name":"Monk&amp;Anna &#8211; tualett-tarvete kott, padded | birch"}]},{"@type":"WebSite","@id":"https:\/\/ruuby.ee\/en\/#website","url":"https:\/\/ruuby.ee\/en\/","name":"RUUBY","description":"Ruubys on \u00fchendatud elustiil ja disain","publisher":{"@id":"https:\/\/ruuby.ee\/en\/#organization"},"alternateName":"Ruuby Disain","potentialAction":[{"@type":"SearchAction","target":{"@type":"EntryPoint","urlTemplate":"https:\/\/ruuby.ee\/en\/?s={search_term_string}"},"query-input":{"@type":"PropertyValueSpecification","valueRequired":true,"valueName":"search_term_string"}}],"inLanguage":"en-GB"},{"@type":"Organization","@id":"https:\/\/ruuby.ee\/en\/#organization","name":"Ruuby Disain O\u00dc","alternateName":"Ruuby","url":"https:\/\/ruuby.ee\/en\/","logo":{"@type":"ImageObject","inLanguage":"en-GB","@id":"https:\/\/ruuby.ee\/en\/#\/schema\/logo\/image\/","url":"http:\/\/ruuby.ee\/wp-content\/uploads\/2023\/06\/cropped-Black-White-Elegant-Circle-Signature-Fashion-Logo-12_large.png","contentUrl":"http:\/\/ruuby.ee\/wp-content\/uploads\/2023\/06\/cropped-Black-White-Elegant-Circle-Signature-Fashion-Logo-12_large.png","width":1280,"height":747,"caption":"Ruuby Disain O\u00dc"},"image":{"@id":"https:\/\/ruuby.ee\/en\/#\/schema\/logo\/image\/"},"sameAs":["https:\/\/www.facebook.com\/ruubyconcept","https:\/\/www.instagram.com\/ruuby_concept\/"]}]}},"jetpack_sharing_enabled":true,"_links":{"self":[{"href":"http:\/\/ruuby.ee\/en\/wp-json\/wp\/v2\/product\/1838832","targetHints":{"allow":["GET"]}}],"collection":[{"href":"http:\/\/ruuby.ee\/en\/wp-json\/wp\/v2\/product"}],"about":[{"href":"http:\/\/ruuby.ee\/en\/wp-json\/wp\/v2\/types\/product"}],"replies":[{"embeddable":true,"href":"http:\/\/ruuby.ee\/en\/wp-json\/wp\/v2\/comments?post=1838832"}],"wp:featuredmedia":[{"embeddable":true,"href":"http:\/\/ruuby.ee\/en\/wp-json\/wp\/v2\/media\/1838833"}],"wp:attachment":[{"href":"http:\/\/ruuby.ee\/en\/wp-json\/wp\/v2\/media?parent=1838832"}],"wp:term":[{"taxonomy":"product_brand","embeddable":true,"href":"http:\/\/ruuby.ee\/en\/wp-json\/wp\/v2\/product_brand?post=1838832"},{"taxonomy":"product_cat","embeddable":true,"href":"http:\/\/ruuby.ee\/en\/wp-json\/wp\/v2\/product_cat?post=1838832"},{"taxonomy":"product_tag","embeddable":true,"href":"http:\/\/ruuby.ee\/en\/wp-json\/wp\/v2\/product_tag?post=1838832"}],"curies":[{"name":"wp","href":"https:\/\/api.w.org\/{rel}","templated":true}]}}