{"id":1838828,"date":"2023-08-29T17:02:00","date_gmt":"2023-08-29T14:02:00","guid":{"rendered":"http:\/\/ruuby.ee\/?post_type=product&#038;p=1838828"},"modified":"2026-04-04T01:25:02","modified_gmt":"2026-04-03T22:25:02","slug":"sticky-lemon-pingutusnooridega-kott-glitter-nude-pink","status":"publish","type":"product","link":"http:\/\/ruuby.ee\/en\/pood\/aksessuaarid\/kotid\/sticky-lemon-pingutusnooridega-kott-glitter-nude-pink\/","title":{"rendered":"Sticky Lemon &#8211; pingutusn\u00f6\u00f6ridega kott, glitter nude pink"},"content":{"rendered":"<p>Sticky lemoni seljakott, mis on ideaalne n\u00e4iteks kooli vahetusjalan\u00f5ude v\u00f5i kehalise kasvatuse riiete jaoks. Saab seal hoiustada k\u00f5ike vajalikku. Koti sisu on seest nailonist, seega kerge puhastada, keera kott \u00fcmber ja pese puhtaks m\u00e4rja lapida. Nailonist sisu, ei lase m\u00e4rja ilma puhul ka sinu lapse riietel v\u00f5i jalan\u00f5udel m\u00e4rjaks saada.<\/p>\n<p>Stiilne, minimalistlik, ajatu.<\/p>\n<p>Ideaalne abiline k\u00fclla minekuks v\u00f5i kiireks trenniks, kuhu pista k\u00f5ik vajalik.<\/p>\n<p>Suurus:37&#215;38 cm<\/p>\n<p>N\u00f6\u00f6riga kott on pakitud s\u00e4ravasse nailonkotti.<\/p>","protected":false},"excerpt":{"rendered":"<p>Sticky lemoni seljakott, mis on ideaalne n\u00e4iteks kooli vahetusjalan\u00f5ude v\u00f5i kehalise kasvatuse riiete jaoks. Saab seal hoiustada k\u00f5ike vajalikku. Koti sisu on seest nailonist, seega kerge puhastada, keera kott \u00fcmber ja pese puhtaks m\u00e4rja lapida. Nailonist sisu, ei lase m\u00e4rja ilma puhul ka sinu lapse riietel v\u00f5i jalan\u00f5udel m\u00e4rjaks saada. Stiilne, minimalistlik, ajatu. Ideaalne abiline [&hellip;]<\/p>\n","protected":false},"featured_media":1838829,"comment_status":"open","ping_status":"closed","template":"","meta":[],"product_brand":[],"product_cat":[33,679,675],"product_tag":[],"class_list":{"0":"post-1838828","1":"product","2":"type-product","3":"status-publish","4":"has-post-thumbnail","6":"product_cat-kotid","7":"product_cat-laste-kotid","8":"product_cat-seljakott","10":"first","11":"instock","12":"taxable","13":"shipping-taxable","14":"purchasable","15":"product-type-simple"},"yoast_head":"<!-- This site is optimized with the Yoast SEO plugin v27.2 - https:\/\/yoast.com\/product\/yoast-seo-wordpress\/ -->\n<title>Sticky Lemon - pingutusn\u00f6\u00f6ridega kott, glitter nude pink - RUUBY<\/title>\n<meta name=\"robots\" content=\"index, follow, max-snippet:-1, max-image-preview:large, max-video-preview:-1\" \/>\n<link rel=\"canonical\" href=\"http:\/\/ruuby.ee\/en\/pood\/aksessuaarid\/kotid\/sticky-lemon-pingutusnooridega-kott-glitter-nude-pink\/\" \/>\n<meta property=\"og:locale\" content=\"en_GB\" \/>\n<meta property=\"og:type\" content=\"article\" \/>\n<meta property=\"og:title\" content=\"Sticky Lemon - pingutusn\u00f6\u00f6ridega kott, glitter nude pink - RUUBY\" \/>\n<meta property=\"og:description\" content=\"Sticky lemoni seljakott, mis on ideaalne n\u00e4iteks kooli vahetusjalan\u00f5ude v\u00f5i kehalise kasvatuse riiete jaoks. Saab seal hoiustada k\u00f5ike vajalikku. Koti sisu on seest nailonist, seega kerge puhastada, keera kott \u00fcmber ja pese puhtaks m\u00e4rja lapida. Nailonist sisu, ei lase m\u00e4rja ilma puhul ka sinu lapse riietel v\u00f5i jalan\u00f5udel m\u00e4rjaks saada. Stiilne, minimalistlik, ajatu. Ideaalne abiline [&hellip;]\" \/>\n<meta property=\"og:url\" content=\"http:\/\/ruuby.ee\/en\/pood\/aksessuaarid\/kotid\/sticky-lemon-pingutusnooridega-kott-glitter-nude-pink\/\" \/>\n<meta property=\"og:site_name\" content=\"RUUBY\" \/>\n<meta property=\"article:publisher\" content=\"https:\/\/www.facebook.com\/ruubyconcept\" \/>\n<meta property=\"article:modified_time\" content=\"2026-04-03T22:25:02+00:00\" \/>\n<meta property=\"og:image\" content=\"http:\/\/ruuby.ee\/wp-content\/uploads\/2023\/08\/Screenshot-2023-08-29-at-16.53.15.png\" \/>\n\t<meta property=\"og:image:width\" content=\"698\" \/>\n\t<meta property=\"og:image:height\" content=\"614\" \/>\n\t<meta property=\"og:image:type\" content=\"image\/png\" \/>\n<meta name=\"twitter:card\" content=\"summary_large_image\" \/>\n<meta name=\"twitter:label1\" content=\"Estimated reading time\" \/>\n\t<meta name=\"twitter:data1\" content=\"1 minute\" \/>\n<script type=\"application\/ld+json\" class=\"yoast-schema-graph\">{\"@context\":\"https:\/\/schema.org\",\"@graph\":[{\"@type\":[\"WebPage\",\"ItemPage\"],\"@id\":\"http:\/\/ruuby.ee\/en\/pood\/aksessuaarid\/kotid\/sticky-lemon-pingutusnooridega-kott-glitter-nude-pink\/\",\"url\":\"http:\/\/ruuby.ee\/en\/pood\/aksessuaarid\/kotid\/sticky-lemon-pingutusnooridega-kott-glitter-nude-pink\/\",\"name\":\"Sticky Lemon - pingutusn\u00f6\u00f6ridega kott, glitter nude pink - RUUBY\",\"isPartOf\":{\"@id\":\"https:\/\/ruuby.ee\/en\/#website\"},\"primaryImageOfPage\":{\"@id\":\"http:\/\/ruuby.ee\/en\/pood\/aksessuaarid\/kotid\/sticky-lemon-pingutusnooridega-kott-glitter-nude-pink\/#primaryimage\"},\"image\":{\"@id\":\"http:\/\/ruuby.ee\/en\/pood\/aksessuaarid\/kotid\/sticky-lemon-pingutusnooridega-kott-glitter-nude-pink\/#primaryimage\"},\"thumbnailUrl\":\"http:\/\/ruuby.ee\/wp-content\/uploads\/2023\/08\/Screenshot-2023-08-29-at-16.53.15.png\",\"datePublished\":\"2023-08-29T14:02:00+00:00\",\"dateModified\":\"2026-04-03T22:25:02+00:00\",\"breadcrumb\":{\"@id\":\"http:\/\/ruuby.ee\/en\/pood\/aksessuaarid\/kotid\/sticky-lemon-pingutusnooridega-kott-glitter-nude-pink\/#breadcrumb\"},\"inLanguage\":\"en-GB\",\"potentialAction\":[{\"@type\":\"ReadAction\",\"target\":[\"http:\/\/ruuby.ee\/en\/pood\/aksessuaarid\/kotid\/sticky-lemon-pingutusnooridega-kott-glitter-nude-pink\/\"]}]},{\"@type\":\"ImageObject\",\"inLanguage\":\"en-GB\",\"@id\":\"http:\/\/ruuby.ee\/en\/pood\/aksessuaarid\/kotid\/sticky-lemon-pingutusnooridega-kott-glitter-nude-pink\/#primaryimage\",\"url\":\"http:\/\/ruuby.ee\/wp-content\/uploads\/2023\/08\/Screenshot-2023-08-29-at-16.53.15.png\",\"contentUrl\":\"http:\/\/ruuby.ee\/wp-content\/uploads\/2023\/08\/Screenshot-2023-08-29-at-16.53.15.png\",\"width\":698,\"height\":614},{\"@type\":\"BreadcrumbList\",\"@id\":\"http:\/\/ruuby.ee\/en\/pood\/aksessuaarid\/kotid\/sticky-lemon-pingutusnooridega-kott-glitter-nude-pink\/#breadcrumb\",\"itemListElement\":[{\"@type\":\"ListItem\",\"position\":1,\"name\":\"Kdu\",\"item\":\"https:\/\/ruuby.ee\/en\/\"},{\"@type\":\"ListItem\",\"position\":2,\"name\":\"Pood\",\"item\":\"https:\/\/ruuby.ee\/pood\/\"},{\"@type\":\"ListItem\",\"position\":3,\"name\":\"Sticky Lemon &#8211; pingutusn\u00f6\u00f6ridega kott, glitter nude pink\"}]},{\"@type\":\"WebSite\",\"@id\":\"https:\/\/ruuby.ee\/en\/#website\",\"url\":\"https:\/\/ruuby.ee\/en\/\",\"name\":\"RUUBY\",\"description\":\"Ruubys on \u00fchendatud elustiil ja disain\",\"publisher\":{\"@id\":\"https:\/\/ruuby.ee\/en\/#organization\"},\"alternateName\":\"Ruuby Disain\",\"potentialAction\":[{\"@type\":\"SearchAction\",\"target\":{\"@type\":\"EntryPoint\",\"urlTemplate\":\"https:\/\/ruuby.ee\/en\/?s={search_term_string}\"},\"query-input\":{\"@type\":\"PropertyValueSpecification\",\"valueRequired\":true,\"valueName\":\"search_term_string\"}}],\"inLanguage\":\"en-GB\"},{\"@type\":\"Organization\",\"@id\":\"https:\/\/ruuby.ee\/en\/#organization\",\"name\":\"Ruuby Disain O\u00dc\",\"alternateName\":\"Ruuby\",\"url\":\"https:\/\/ruuby.ee\/en\/\",\"logo\":{\"@type\":\"ImageObject\",\"inLanguage\":\"en-GB\",\"@id\":\"https:\/\/ruuby.ee\/en\/#\/schema\/logo\/image\/\",\"url\":\"http:\/\/ruuby.ee\/wp-content\/uploads\/2023\/06\/cropped-Black-White-Elegant-Circle-Signature-Fashion-Logo-12_large.png\",\"contentUrl\":\"http:\/\/ruuby.ee\/wp-content\/uploads\/2023\/06\/cropped-Black-White-Elegant-Circle-Signature-Fashion-Logo-12_large.png\",\"width\":1280,\"height\":747,\"caption\":\"Ruuby Disain O\u00dc\"},\"image\":{\"@id\":\"https:\/\/ruuby.ee\/en\/#\/schema\/logo\/image\/\"},\"sameAs\":[\"https:\/\/www.facebook.com\/ruubyconcept\",\"https:\/\/www.instagram.com\/ruuby_concept\/\"]}]}<\/script>\n<!-- \/ Yoast SEO plugin. -->","yoast_head_json":{"title":"Sticky Lemon - pingutusn\u00f6\u00f6ridega kott, glitter nude pink - RUUBY","robots":{"index":"index","follow":"follow","max-snippet":"max-snippet:-1","max-image-preview":"max-image-preview:large","max-video-preview":"max-video-preview:-1"},"canonical":"http:\/\/ruuby.ee\/en\/pood\/aksessuaarid\/kotid\/sticky-lemon-pingutusnooridega-kott-glitter-nude-pink\/","og_locale":"en_GB","og_type":"article","og_title":"Sticky Lemon - pingutusn\u00f6\u00f6ridega kott, glitter nude pink - RUUBY","og_description":"Sticky lemoni seljakott, mis on ideaalne n\u00e4iteks kooli vahetusjalan\u00f5ude v\u00f5i kehalise kasvatuse riiete jaoks. Saab seal hoiustada k\u00f5ike vajalikku. Koti sisu on seest nailonist, seega kerge puhastada, keera kott \u00fcmber ja pese puhtaks m\u00e4rja lapida. Nailonist sisu, ei lase m\u00e4rja ilma puhul ka sinu lapse riietel v\u00f5i jalan\u00f5udel m\u00e4rjaks saada. Stiilne, minimalistlik, ajatu. Ideaalne abiline [&hellip;]","og_url":"http:\/\/ruuby.ee\/en\/pood\/aksessuaarid\/kotid\/sticky-lemon-pingutusnooridega-kott-glitter-nude-pink\/","og_site_name":"RUUBY","article_publisher":"https:\/\/www.facebook.com\/ruubyconcept","article_modified_time":"2026-04-03T22:25:02+00:00","og_image":[{"width":698,"height":614,"url":"http:\/\/ruuby.ee\/wp-content\/uploads\/2023\/08\/Screenshot-2023-08-29-at-16.53.15.png","type":"image\/png"}],"twitter_card":"summary_large_image","twitter_misc":{"Estimated reading time":"1 minute"},"schema":{"@context":"https:\/\/schema.org","@graph":[{"@type":["WebPage","ItemPage"],"@id":"http:\/\/ruuby.ee\/en\/pood\/aksessuaarid\/kotid\/sticky-lemon-pingutusnooridega-kott-glitter-nude-pink\/","url":"http:\/\/ruuby.ee\/en\/pood\/aksessuaarid\/kotid\/sticky-lemon-pingutusnooridega-kott-glitter-nude-pink\/","name":"Sticky Lemon - pingutusn\u00f6\u00f6ridega kott, glitter nude pink - RUUBY","isPartOf":{"@id":"https:\/\/ruuby.ee\/en\/#website"},"primaryImageOfPage":{"@id":"http:\/\/ruuby.ee\/en\/pood\/aksessuaarid\/kotid\/sticky-lemon-pingutusnooridega-kott-glitter-nude-pink\/#primaryimage"},"image":{"@id":"http:\/\/ruuby.ee\/en\/pood\/aksessuaarid\/kotid\/sticky-lemon-pingutusnooridega-kott-glitter-nude-pink\/#primaryimage"},"thumbnailUrl":"http:\/\/ruuby.ee\/wp-content\/uploads\/2023\/08\/Screenshot-2023-08-29-at-16.53.15.png","datePublished":"2023-08-29T14:02:00+00:00","dateModified":"2026-04-03T22:25:02+00:00","breadcrumb":{"@id":"http:\/\/ruuby.ee\/en\/pood\/aksessuaarid\/kotid\/sticky-lemon-pingutusnooridega-kott-glitter-nude-pink\/#breadcrumb"},"inLanguage":"en-GB","potentialAction":[{"@type":"ReadAction","target":["http:\/\/ruuby.ee\/en\/pood\/aksessuaarid\/kotid\/sticky-lemon-pingutusnooridega-kott-glitter-nude-pink\/"]}]},{"@type":"ImageObject","inLanguage":"en-GB","@id":"http:\/\/ruuby.ee\/en\/pood\/aksessuaarid\/kotid\/sticky-lemon-pingutusnooridega-kott-glitter-nude-pink\/#primaryimage","url":"http:\/\/ruuby.ee\/wp-content\/uploads\/2023\/08\/Screenshot-2023-08-29-at-16.53.15.png","contentUrl":"http:\/\/ruuby.ee\/wp-content\/uploads\/2023\/08\/Screenshot-2023-08-29-at-16.53.15.png","width":698,"height":614},{"@type":"BreadcrumbList","@id":"http:\/\/ruuby.ee\/en\/pood\/aksessuaarid\/kotid\/sticky-lemon-pingutusnooridega-kott-glitter-nude-pink\/#breadcrumb","itemListElement":[{"@type":"ListItem","position":1,"name":"Kdu","item":"https:\/\/ruuby.ee\/en\/"},{"@type":"ListItem","position":2,"name":"Pood","item":"https:\/\/ruuby.ee\/pood\/"},{"@type":"ListItem","position":3,"name":"Sticky Lemon &#8211; pingutusn\u00f6\u00f6ridega kott, glitter nude pink"}]},{"@type":"WebSite","@id":"https:\/\/ruuby.ee\/en\/#website","url":"https:\/\/ruuby.ee\/en\/","name":"RUUBY","description":"Ruubys on \u00fchendatud elustiil ja disain","publisher":{"@id":"https:\/\/ruuby.ee\/en\/#organization"},"alternateName":"Ruuby Disain","potentialAction":[{"@type":"SearchAction","target":{"@type":"EntryPoint","urlTemplate":"https:\/\/ruuby.ee\/en\/?s={search_term_string}"},"query-input":{"@type":"PropertyValueSpecification","valueRequired":true,"valueName":"search_term_string"}}],"inLanguage":"en-GB"},{"@type":"Organization","@id":"https:\/\/ruuby.ee\/en\/#organization","name":"Ruuby Disain O\u00dc","alternateName":"Ruuby","url":"https:\/\/ruuby.ee\/en\/","logo":{"@type":"ImageObject","inLanguage":"en-GB","@id":"https:\/\/ruuby.ee\/en\/#\/schema\/logo\/image\/","url":"http:\/\/ruuby.ee\/wp-content\/uploads\/2023\/06\/cropped-Black-White-Elegant-Circle-Signature-Fashion-Logo-12_large.png","contentUrl":"http:\/\/ruuby.ee\/wp-content\/uploads\/2023\/06\/cropped-Black-White-Elegant-Circle-Signature-Fashion-Logo-12_large.png","width":1280,"height":747,"caption":"Ruuby Disain O\u00dc"},"image":{"@id":"https:\/\/ruuby.ee\/en\/#\/schema\/logo\/image\/"},"sameAs":["https:\/\/www.facebook.com\/ruubyconcept","https:\/\/www.instagram.com\/ruuby_concept\/"]}]}},"jetpack_sharing_enabled":true,"_links":{"self":[{"href":"http:\/\/ruuby.ee\/en\/wp-json\/wp\/v2\/product\/1838828","targetHints":{"allow":["GET"]}}],"collection":[{"href":"http:\/\/ruuby.ee\/en\/wp-json\/wp\/v2\/product"}],"about":[{"href":"http:\/\/ruuby.ee\/en\/wp-json\/wp\/v2\/types\/product"}],"replies":[{"embeddable":true,"href":"http:\/\/ruuby.ee\/en\/wp-json\/wp\/v2\/comments?post=1838828"}],"wp:featuredmedia":[{"embeddable":true,"href":"http:\/\/ruuby.ee\/en\/wp-json\/wp\/v2\/media\/1838829"}],"wp:attachment":[{"href":"http:\/\/ruuby.ee\/en\/wp-json\/wp\/v2\/media?parent=1838828"}],"wp:term":[{"taxonomy":"product_brand","embeddable":true,"href":"http:\/\/ruuby.ee\/en\/wp-json\/wp\/v2\/product_brand?post=1838828"},{"taxonomy":"product_cat","embeddable":true,"href":"http:\/\/ruuby.ee\/en\/wp-json\/wp\/v2\/product_cat?post=1838828"},{"taxonomy":"product_tag","embeddable":true,"href":"http:\/\/ruuby.ee\/en\/wp-json\/wp\/v2\/product_tag?post=1838828"}],"curies":[{"name":"wp","href":"https:\/\/api.w.org\/{rel}","templated":true}]}}