{"id":1838795,"date":"2023-08-29T16:17:06","date_gmt":"2023-08-29T13:17:06","guid":{"rendered":"http:\/\/ruuby.ee\/?post_type=product&#038;p=1838795"},"modified":"2026-04-04T01:25:02","modified_gmt":"2026-04-03T22:25:02","slug":"sticky-lemon-pinalid","status":"publish","type":"product","link":"http:\/\/ruuby.ee\/en\/pood\/lapsed\/meisterdamine\/joonistusvahendid\/sticky-lemon-pinalid\/","title":{"rendered":"Sticky Lemon &#8211; pinalid"},"content":{"rendered":"<p>Valides Sticky Lemoni pinali, saate olla kindel, et olete teinud \u00f5ige valiku. Need pinalid ei ole lihtsalt funktsionaalsed, vaid ka kaunid ning toovad r\u00f5\u00f5mu ja elevust iga koolip\u00e4eva juurde.<\/p>\n<p>Sticky Farmhouse kollektsioon on eriti eriline. See on endiselt valmistatud taaskasutatud pudelitest, kuid l\u00f5ng on kootud erineval viisil, mis muudab kanga tugevamaks ja kestab kauem. Lisaks on l\u00f5ngal Global Recycled Standardi sertifikaat. Eesm\u00e4rk on v\u00e4hendada meie jalaj\u00e4lge ja lasta k\u00f5igil meie tooteid veelgi rohkem nautida.<\/p>\n<p>Materjal v\u00e4ljaspool &#8211; taaskasutatud RPET ja seest &#8211; veekindel nailon.<\/p>\n<p>Sticky Lemoni pinali valik v\u00f5ib olla ka kingitus lapsele endale &#8211; midagi, mida ta v\u00f5ib oma kooliteekonnal t\u00f5eliselt nautida ja v\u00e4\u00e4rtustada. Lisaks kaunile v\u00e4limusele on need ka praktilised. Pakkudes piisavalt ruumi k\u00f5ikidele vajalikele koolitarvetele. Pinalite v\u00e4rvide valik on t\u00e4is erksaid toone. See v\u00f5imaldab lapsel valida just sellise, mis talle k\u00f5ige rohkem meeldib, ning luua isikup\u00e4rane koolitarvete komplekt.<\/p>\n<p>Need ei ole lihtsalt pinalid, vaid ka stiilne aksessuaar, mis aitab lapsel v\u00e4ljendada oma isikup\u00e4ra ja omap\u00e4ra.<\/p>\n<p>Suurus:\u00a023 x 6 x 8 cm<\/p>","protected":false},"excerpt":{"rendered":"<p>Valides Sticky Lemoni pinali, saate olla kindel, et olete teinud \u00f5ige valiku. Need pinalid ei ole lihtsalt funktsionaalsed, vaid ka kaunid ning toovad r\u00f5\u00f5mu ja elevust iga koolip\u00e4eva juurde. Sticky Farmhouse kollektsioon on eriti eriline. See on endiselt valmistatud taaskasutatud pudelitest, kuid l\u00f5ng on kootud erineval viisil, mis muudab kanga tugevamaks ja kestab kauem. Lisaks [&hellip;]<\/p>\n","protected":false},"featured_media":1838796,"comment_status":"open","ping_status":"closed","template":"","meta":[],"product_brand":[],"product_cat":[661,33,663,676],"product_tag":[],"class_list":{"0":"post-1838795","1":"product","2":"type-product","3":"status-publish","4":"has-post-thumbnail","6":"product_cat-joonistusvahendid","7":"product_cat-kotid","8":"product_cat-pinal","9":"product_cat-pinalid","11":"first","12":"instock","13":"taxable","14":"shipping-taxable","15":"purchasable","16":"product-type-variable","17":"rtwpvs-product"},"yoast_head":"<!-- This site is optimized with the Yoast SEO plugin v27.2 - https:\/\/yoast.com\/product\/yoast-seo-wordpress\/ -->\n<title>Sticky Lemon - pinalid - RUUBY<\/title>\n<meta name=\"robots\" content=\"index, follow, max-snippet:-1, max-image-preview:large, max-video-preview:-1\" \/>\n<link rel=\"canonical\" href=\"http:\/\/ruuby.ee\/en\/pood\/lapsed\/meisterdamine\/joonistusvahendid\/sticky-lemon-pinalid\/\" \/>\n<meta property=\"og:locale\" content=\"en_GB\" \/>\n<meta property=\"og:type\" content=\"article\" \/>\n<meta property=\"og:title\" content=\"Sticky Lemon - pinalid - RUUBY\" \/>\n<meta property=\"og:description\" content=\"Valides Sticky Lemoni pinali, saate olla kindel, et olete teinud \u00f5ige valiku. Need pinalid ei ole lihtsalt funktsionaalsed, vaid ka kaunid ning toovad r\u00f5\u00f5mu ja elevust iga koolip\u00e4eva juurde. Sticky Farmhouse kollektsioon on eriti eriline. See on endiselt valmistatud taaskasutatud pudelitest, kuid l\u00f5ng on kootud erineval viisil, mis muudab kanga tugevamaks ja kestab kauem. Lisaks [&hellip;]\" \/>\n<meta property=\"og:url\" content=\"http:\/\/ruuby.ee\/en\/pood\/lapsed\/meisterdamine\/joonistusvahendid\/sticky-lemon-pinalid\/\" \/>\n<meta property=\"og:site_name\" content=\"RUUBY\" \/>\n<meta property=\"article:publisher\" content=\"https:\/\/www.facebook.com\/ruubyconcept\" \/>\n<meta property=\"article:modified_time\" content=\"2026-04-03T22:25:02+00:00\" \/>\n<meta property=\"og:image\" content=\"http:\/\/ruuby.ee\/wp-content\/uploads\/2023\/08\/Screenshot-2023-08-29-at-16.05.33.png\" \/>\n\t<meta property=\"og:image:width\" content=\"894\" \/>\n\t<meta property=\"og:image:height\" content=\"672\" \/>\n\t<meta property=\"og:image:type\" content=\"image\/png\" \/>\n<meta name=\"twitter:card\" content=\"summary_large_image\" \/>\n<meta name=\"twitter:label1\" content=\"Estimated reading time\" \/>\n\t<meta name=\"twitter:data1\" content=\"2 minutes\" \/>\n<script type=\"application\/ld+json\" class=\"yoast-schema-graph\">{\"@context\":\"https:\/\/schema.org\",\"@graph\":[{\"@type\":[\"WebPage\",\"ItemPage\"],\"@id\":\"http:\/\/ruuby.ee\/en\/pood\/lapsed\/meisterdamine\/joonistusvahendid\/sticky-lemon-pinalid\/\",\"url\":\"http:\/\/ruuby.ee\/en\/pood\/lapsed\/meisterdamine\/joonistusvahendid\/sticky-lemon-pinalid\/\",\"name\":\"Sticky Lemon - pinalid - RUUBY\",\"isPartOf\":{\"@id\":\"https:\/\/ruuby.ee\/en\/#website\"},\"primaryImageOfPage\":{\"@id\":\"http:\/\/ruuby.ee\/en\/pood\/lapsed\/meisterdamine\/joonistusvahendid\/sticky-lemon-pinalid\/#primaryimage\"},\"image\":{\"@id\":\"http:\/\/ruuby.ee\/en\/pood\/lapsed\/meisterdamine\/joonistusvahendid\/sticky-lemon-pinalid\/#primaryimage\"},\"thumbnailUrl\":\"http:\/\/ruuby.ee\/wp-content\/uploads\/2023\/08\/Screenshot-2023-08-29-at-16.05.33.png\",\"datePublished\":\"2023-08-29T13:17:06+00:00\",\"dateModified\":\"2026-04-03T22:25:02+00:00\",\"breadcrumb\":{\"@id\":\"http:\/\/ruuby.ee\/en\/pood\/lapsed\/meisterdamine\/joonistusvahendid\/sticky-lemon-pinalid\/#breadcrumb\"},\"inLanguage\":\"en-GB\",\"potentialAction\":[{\"@type\":\"ReadAction\",\"target\":[\"http:\/\/ruuby.ee\/en\/pood\/lapsed\/meisterdamine\/joonistusvahendid\/sticky-lemon-pinalid\/\"]}]},{\"@type\":\"ImageObject\",\"inLanguage\":\"en-GB\",\"@id\":\"http:\/\/ruuby.ee\/en\/pood\/lapsed\/meisterdamine\/joonistusvahendid\/sticky-lemon-pinalid\/#primaryimage\",\"url\":\"http:\/\/ruuby.ee\/wp-content\/uploads\/2023\/08\/Screenshot-2023-08-29-at-16.05.33.png\",\"contentUrl\":\"http:\/\/ruuby.ee\/wp-content\/uploads\/2023\/08\/Screenshot-2023-08-29-at-16.05.33.png\",\"width\":894,\"height\":672},{\"@type\":\"BreadcrumbList\",\"@id\":\"http:\/\/ruuby.ee\/en\/pood\/lapsed\/meisterdamine\/joonistusvahendid\/sticky-lemon-pinalid\/#breadcrumb\",\"itemListElement\":[{\"@type\":\"ListItem\",\"position\":1,\"name\":\"Kdu\",\"item\":\"https:\/\/ruuby.ee\/en\/\"},{\"@type\":\"ListItem\",\"position\":2,\"name\":\"Pood\",\"item\":\"https:\/\/ruuby.ee\/pood\/\"},{\"@type\":\"ListItem\",\"position\":3,\"name\":\"Sticky Lemon &#8211; pinalid\"}]},{\"@type\":\"WebSite\",\"@id\":\"https:\/\/ruuby.ee\/en\/#website\",\"url\":\"https:\/\/ruuby.ee\/en\/\",\"name\":\"RUUBY\",\"description\":\"Ruubys on \u00fchendatud elustiil ja disain\",\"publisher\":{\"@id\":\"https:\/\/ruuby.ee\/en\/#organization\"},\"alternateName\":\"Ruuby Disain\",\"potentialAction\":[{\"@type\":\"SearchAction\",\"target\":{\"@type\":\"EntryPoint\",\"urlTemplate\":\"https:\/\/ruuby.ee\/en\/?s={search_term_string}\"},\"query-input\":{\"@type\":\"PropertyValueSpecification\",\"valueRequired\":true,\"valueName\":\"search_term_string\"}}],\"inLanguage\":\"en-GB\"},{\"@type\":\"Organization\",\"@id\":\"https:\/\/ruuby.ee\/en\/#organization\",\"name\":\"Ruuby Disain O\u00dc\",\"alternateName\":\"Ruuby\",\"url\":\"https:\/\/ruuby.ee\/en\/\",\"logo\":{\"@type\":\"ImageObject\",\"inLanguage\":\"en-GB\",\"@id\":\"https:\/\/ruuby.ee\/en\/#\/schema\/logo\/image\/\",\"url\":\"http:\/\/ruuby.ee\/wp-content\/uploads\/2023\/06\/cropped-Black-White-Elegant-Circle-Signature-Fashion-Logo-12_large.png\",\"contentUrl\":\"http:\/\/ruuby.ee\/wp-content\/uploads\/2023\/06\/cropped-Black-White-Elegant-Circle-Signature-Fashion-Logo-12_large.png\",\"width\":1280,\"height\":747,\"caption\":\"Ruuby Disain O\u00dc\"},\"image\":{\"@id\":\"https:\/\/ruuby.ee\/en\/#\/schema\/logo\/image\/\"},\"sameAs\":[\"https:\/\/www.facebook.com\/ruubyconcept\",\"https:\/\/www.instagram.com\/ruuby_concept\/\"]}]}<\/script>\n<!-- \/ Yoast SEO plugin. -->","yoast_head_json":{"title":"Sticky Lemon - pinalid - RUUBY","robots":{"index":"index","follow":"follow","max-snippet":"max-snippet:-1","max-image-preview":"max-image-preview:large","max-video-preview":"max-video-preview:-1"},"canonical":"http:\/\/ruuby.ee\/en\/pood\/lapsed\/meisterdamine\/joonistusvahendid\/sticky-lemon-pinalid\/","og_locale":"en_GB","og_type":"article","og_title":"Sticky Lemon - pinalid - RUUBY","og_description":"Valides Sticky Lemoni pinali, saate olla kindel, et olete teinud \u00f5ige valiku. Need pinalid ei ole lihtsalt funktsionaalsed, vaid ka kaunid ning toovad r\u00f5\u00f5mu ja elevust iga koolip\u00e4eva juurde. Sticky Farmhouse kollektsioon on eriti eriline. See on endiselt valmistatud taaskasutatud pudelitest, kuid l\u00f5ng on kootud erineval viisil, mis muudab kanga tugevamaks ja kestab kauem. Lisaks [&hellip;]","og_url":"http:\/\/ruuby.ee\/en\/pood\/lapsed\/meisterdamine\/joonistusvahendid\/sticky-lemon-pinalid\/","og_site_name":"RUUBY","article_publisher":"https:\/\/www.facebook.com\/ruubyconcept","article_modified_time":"2026-04-03T22:25:02+00:00","og_image":[{"width":894,"height":672,"url":"http:\/\/ruuby.ee\/wp-content\/uploads\/2023\/08\/Screenshot-2023-08-29-at-16.05.33.png","type":"image\/png"}],"twitter_card":"summary_large_image","twitter_misc":{"Estimated reading time":"2 minutes"},"schema":{"@context":"https:\/\/schema.org","@graph":[{"@type":["WebPage","ItemPage"],"@id":"http:\/\/ruuby.ee\/en\/pood\/lapsed\/meisterdamine\/joonistusvahendid\/sticky-lemon-pinalid\/","url":"http:\/\/ruuby.ee\/en\/pood\/lapsed\/meisterdamine\/joonistusvahendid\/sticky-lemon-pinalid\/","name":"Sticky Lemon - pinalid - RUUBY","isPartOf":{"@id":"https:\/\/ruuby.ee\/en\/#website"},"primaryImageOfPage":{"@id":"http:\/\/ruuby.ee\/en\/pood\/lapsed\/meisterdamine\/joonistusvahendid\/sticky-lemon-pinalid\/#primaryimage"},"image":{"@id":"http:\/\/ruuby.ee\/en\/pood\/lapsed\/meisterdamine\/joonistusvahendid\/sticky-lemon-pinalid\/#primaryimage"},"thumbnailUrl":"http:\/\/ruuby.ee\/wp-content\/uploads\/2023\/08\/Screenshot-2023-08-29-at-16.05.33.png","datePublished":"2023-08-29T13:17:06+00:00","dateModified":"2026-04-03T22:25:02+00:00","breadcrumb":{"@id":"http:\/\/ruuby.ee\/en\/pood\/lapsed\/meisterdamine\/joonistusvahendid\/sticky-lemon-pinalid\/#breadcrumb"},"inLanguage":"en-GB","potentialAction":[{"@type":"ReadAction","target":["http:\/\/ruuby.ee\/en\/pood\/lapsed\/meisterdamine\/joonistusvahendid\/sticky-lemon-pinalid\/"]}]},{"@type":"ImageObject","inLanguage":"en-GB","@id":"http:\/\/ruuby.ee\/en\/pood\/lapsed\/meisterdamine\/joonistusvahendid\/sticky-lemon-pinalid\/#primaryimage","url":"http:\/\/ruuby.ee\/wp-content\/uploads\/2023\/08\/Screenshot-2023-08-29-at-16.05.33.png","contentUrl":"http:\/\/ruuby.ee\/wp-content\/uploads\/2023\/08\/Screenshot-2023-08-29-at-16.05.33.png","width":894,"height":672},{"@type":"BreadcrumbList","@id":"http:\/\/ruuby.ee\/en\/pood\/lapsed\/meisterdamine\/joonistusvahendid\/sticky-lemon-pinalid\/#breadcrumb","itemListElement":[{"@type":"ListItem","position":1,"name":"Kdu","item":"https:\/\/ruuby.ee\/en\/"},{"@type":"ListItem","position":2,"name":"Pood","item":"https:\/\/ruuby.ee\/pood\/"},{"@type":"ListItem","position":3,"name":"Sticky Lemon &#8211; pinalid"}]},{"@type":"WebSite","@id":"https:\/\/ruuby.ee\/en\/#website","url":"https:\/\/ruuby.ee\/en\/","name":"RUUBY","description":"Ruubys on \u00fchendatud elustiil ja disain","publisher":{"@id":"https:\/\/ruuby.ee\/en\/#organization"},"alternateName":"Ruuby Disain","potentialAction":[{"@type":"SearchAction","target":{"@type":"EntryPoint","urlTemplate":"https:\/\/ruuby.ee\/en\/?s={search_term_string}"},"query-input":{"@type":"PropertyValueSpecification","valueRequired":true,"valueName":"search_term_string"}}],"inLanguage":"en-GB"},{"@type":"Organization","@id":"https:\/\/ruuby.ee\/en\/#organization","name":"Ruuby Disain O\u00dc","alternateName":"Ruuby","url":"https:\/\/ruuby.ee\/en\/","logo":{"@type":"ImageObject","inLanguage":"en-GB","@id":"https:\/\/ruuby.ee\/en\/#\/schema\/logo\/image\/","url":"http:\/\/ruuby.ee\/wp-content\/uploads\/2023\/06\/cropped-Black-White-Elegant-Circle-Signature-Fashion-Logo-12_large.png","contentUrl":"http:\/\/ruuby.ee\/wp-content\/uploads\/2023\/06\/cropped-Black-White-Elegant-Circle-Signature-Fashion-Logo-12_large.png","width":1280,"height":747,"caption":"Ruuby Disain O\u00dc"},"image":{"@id":"https:\/\/ruuby.ee\/en\/#\/schema\/logo\/image\/"},"sameAs":["https:\/\/www.facebook.com\/ruubyconcept","https:\/\/www.instagram.com\/ruuby_concept\/"]}]}},"jetpack_sharing_enabled":true,"_links":{"self":[{"href":"http:\/\/ruuby.ee\/en\/wp-json\/wp\/v2\/product\/1838795","targetHints":{"allow":["GET"]}}],"collection":[{"href":"http:\/\/ruuby.ee\/en\/wp-json\/wp\/v2\/product"}],"about":[{"href":"http:\/\/ruuby.ee\/en\/wp-json\/wp\/v2\/types\/product"}],"replies":[{"embeddable":true,"href":"http:\/\/ruuby.ee\/en\/wp-json\/wp\/v2\/comments?post=1838795"}],"wp:featuredmedia":[{"embeddable":true,"href":"http:\/\/ruuby.ee\/en\/wp-json\/wp\/v2\/media\/1838796"}],"wp:attachment":[{"href":"http:\/\/ruuby.ee\/en\/wp-json\/wp\/v2\/media?parent=1838795"}],"wp:term":[{"taxonomy":"product_brand","embeddable":true,"href":"http:\/\/ruuby.ee\/en\/wp-json\/wp\/v2\/product_brand?post=1838795"},{"taxonomy":"product_cat","embeddable":true,"href":"http:\/\/ruuby.ee\/en\/wp-json\/wp\/v2\/product_cat?post=1838795"},{"taxonomy":"product_tag","embeddable":true,"href":"http:\/\/ruuby.ee\/en\/wp-json\/wp\/v2\/product_tag?post=1838795"}],"curies":[{"name":"wp","href":"https:\/\/api.w.org\/{rel}","templated":true}]}}