{"id":1838768,"date":"2023-08-29T15:25:52","date_gmt":"2023-08-29T12:25:52","guid":{"rendered":"http:\/\/ruuby.ee\/?post_type=product&#038;p=1838768"},"modified":"2026-04-08T01:28:41","modified_gmt":"2026-04-07T22:28:41","slug":"sticky-lemon-kaevorud","status":"publish","type":"product","link":"http:\/\/ruuby.ee\/en\/pood\/aksessuaarid\/kaevorud\/sticky-lemon-kaevorud\/","title":{"rendered":"Sticky Lemon &#8211; k\u00e4ev\u00f5rud"},"content":{"rendered":"<p>Tutvustame uhkusega: Sticky Lemoni lummavad k\u00e4ev\u00f5rud lastele!<\/p>\n<p>Kas oled valmis avastama maailma v\u00e4rve, r\u00f5\u00f5mu ja m\u00e4ngulist stiili? Sticky Lemoni laste k\u00e4ev\u00f5rud on loodud selleks, et pakkuda su v\u00e4ikestele seiklejatele midagi erilist. Need k\u00e4ev\u00f5rud on palju enamat kui lihtsalt ehted \u2013 need on v\u00e4ljendusrikas osa sinu lapse isikup\u00e4rast.<\/p>\n<p><strong>Miks Sticky Lemoni k\u00e4ev\u00f5rud on nii erilised?<\/strong><\/p>\n<ul>\n<li>Iga k\u00e4ev\u00f5ru on loodud selleks, et tuua esile sinu lapse elur\u00f5\u00f5mu ja s\u00e4ra.<\/li>\n<li>Sticky Lemoni k\u00e4ev\u00f5rud on valmistatud vastupidavast ja ohutust materjalist, tagades pikaajalise kandmismugavuse ja vastupidavuse.<\/li>\n<li>Oleme loonud k\u00e4ev\u00f5rud, mis r\u00f5hutavad m\u00e4ngulist stiili ning annavad lastele v\u00f5imaluse ise oma k\u00e4ev\u00f5rusid kombineerida ja kujundada. Iga k\u00e4ev\u00f5ru on nagu v\u00e4ike kunstiteos randmel!<\/li>\n<li>Kas otsid suurep\u00e4rast kingiideed? Sticky Lemoni k\u00e4ev\u00f5rud on ideaalne kingitus nii s\u00fcnnip\u00e4evadeks, pidup\u00e4evadeks kui ka lihtsalt selleks, et n\u00e4idata oma armastust.<\/li>\n<\/ul>\n<p><strong>Las sinu laps v\u00e4ljendab end unikaalselt!<\/strong><\/p>\n<p>Vali Sticky Lemoni k\u00e4ev\u00f5rud ning kingi oma lapsele midagi erilist. Lisage need ostukorvi ja avastage koos meiega r\u00f5\u00f5m, v\u00e4rvid ja l\u00f5busad hetked!<\/p>\n<p>K\u00e4ev\u00f5ru suurus: 16-18cm.<\/p>\n<p>Materjal: akr\u00fc\u00fcl ja messing.<\/p>","protected":false},"excerpt":{"rendered":"<p>Tutvustame uhkusega: Sticky Lemoni lummavad k\u00e4ev\u00f5rud lastele! Kas oled valmis avastama maailma v\u00e4rve, r\u00f5\u00f5mu ja m\u00e4ngulist stiili? Sticky Lemoni laste k\u00e4ev\u00f5rud on loodud selleks, et pakkuda su v\u00e4ikestele seiklejatele midagi erilist. Need k\u00e4ev\u00f5rud on palju enamat kui lihtsalt ehted \u2013 need on v\u00e4ljendusrikas osa sinu lapse isikup\u00e4rast. Miks Sticky Lemoni k\u00e4ev\u00f5rud on nii erilised? Iga [&hellip;]<\/p>\n","protected":false},"featured_media":1846352,"comment_status":"open","ping_status":"closed","template":"","meta":[],"product_brand":[],"product_cat":[637,433],"product_tag":[],"class_list":{"0":"post-1838768","1":"product","2":"type-product","3":"status-publish","4":"has-post-thumbnail","6":"product_cat-kaevorud","7":"product_cat-ehted","9":"first","10":"instock","11":"taxable","12":"shipping-taxable","13":"purchasable","14":"product-type-variable","15":"rtwpvs-product"},"yoast_head":"<!-- This site is optimized with the Yoast SEO plugin v27.3 - https:\/\/yoast.com\/product\/yoast-seo-wordpress\/ -->\n<title>Sticky Lemon - k\u00e4ev\u00f5rud - RUUBY<\/title>\n<meta name=\"robots\" content=\"index, follow, max-snippet:-1, max-image-preview:large, max-video-preview:-1\" \/>\n<link rel=\"canonical\" href=\"https:\/\/ruuby.ee\/en\/pood\/aksessuaarid\/kaevorud\/sticky-lemon-kaevorud\/\" \/>\n<meta property=\"og:locale\" content=\"en_GB\" \/>\n<meta property=\"og:type\" content=\"article\" \/>\n<meta property=\"og:title\" content=\"Sticky Lemon - k\u00e4ev\u00f5rud - RUUBY\" \/>\n<meta property=\"og:description\" content=\"Tutvustame uhkusega: Sticky Lemoni lummavad k\u00e4ev\u00f5rud lastele! Kas oled valmis avastama maailma v\u00e4rve, r\u00f5\u00f5mu ja m\u00e4ngulist stiili? Sticky Lemoni laste k\u00e4ev\u00f5rud on loodud selleks, et pakkuda su v\u00e4ikestele seiklejatele midagi erilist. Need k\u00e4ev\u00f5rud on palju enamat kui lihtsalt ehted \u2013 need on v\u00e4ljendusrikas osa sinu lapse isikup\u00e4rast. Miks Sticky Lemoni k\u00e4ev\u00f5rud on nii erilised? Iga [&hellip;]\" \/>\n<meta property=\"og:url\" content=\"https:\/\/ruuby.ee\/en\/pood\/aksessuaarid\/kaevorud\/sticky-lemon-kaevorud\/\" \/>\n<meta property=\"og:site_name\" content=\"RUUBY\" \/>\n<meta property=\"article:publisher\" content=\"https:\/\/www.facebook.com\/ruubyconcept\" \/>\n<meta property=\"article:modified_time\" content=\"2026-04-07T22:28:41+00:00\" \/>\n<meta property=\"og:image\" content=\"https:\/\/ruuby.ee\/wp-content\/uploads\/2023\/08\/Screenshot-2024-08-22-at-13.50.44.png\" \/>\n\t<meta property=\"og:image:width\" content=\"796\" \/>\n\t<meta property=\"og:image:height\" content=\"916\" \/>\n\t<meta property=\"og:image:type\" content=\"image\/png\" \/>\n<meta name=\"twitter:card\" content=\"summary_large_image\" \/>\n<meta name=\"twitter:label1\" content=\"Estimated reading time\" \/>\n\t<meta name=\"twitter:data1\" content=\"2 minutes\" \/>\n<script type=\"application\/ld+json\" class=\"yoast-schema-graph\">{\"@context\":\"https:\\\/\\\/schema.org\",\"@graph\":[{\"@type\":[\"WebPage\",\"ItemPage\"],\"@id\":\"https:\\\/\\\/ruuby.ee\\\/pood\\\/aksessuaarid\\\/kaevorud\\\/sticky-lemon-kaevorud\\\/\",\"url\":\"https:\\\/\\\/ruuby.ee\\\/pood\\\/aksessuaarid\\\/kaevorud\\\/sticky-lemon-kaevorud\\\/\",\"name\":\"Sticky Lemon - k\u00e4ev\u00f5rud - RUUBY\",\"isPartOf\":{\"@id\":\"http:\\\/\\\/ruuby.ee\\\/en\\\/#website\"},\"primaryImageOfPage\":{\"@id\":\"https:\\\/\\\/ruuby.ee\\\/pood\\\/aksessuaarid\\\/kaevorud\\\/sticky-lemon-kaevorud\\\/#primaryimage\"},\"image\":{\"@id\":\"https:\\\/\\\/ruuby.ee\\\/pood\\\/aksessuaarid\\\/kaevorud\\\/sticky-lemon-kaevorud\\\/#primaryimage\"},\"thumbnailUrl\":\"http:\\\/\\\/ruuby.ee\\\/wp-content\\\/uploads\\\/2023\\\/08\\\/Screenshot-2024-08-22-at-13.50.44.png\",\"datePublished\":\"2023-08-29T12:25:52+00:00\",\"dateModified\":\"2026-04-07T22:28:41+00:00\",\"breadcrumb\":{\"@id\":\"https:\\\/\\\/ruuby.ee\\\/pood\\\/aksessuaarid\\\/kaevorud\\\/sticky-lemon-kaevorud\\\/#breadcrumb\"},\"inLanguage\":\"en-GB\",\"potentialAction\":[{\"@type\":\"ReadAction\",\"target\":[\"https:\\\/\\\/ruuby.ee\\\/pood\\\/aksessuaarid\\\/kaevorud\\\/sticky-lemon-kaevorud\\\/\"]}]},{\"@type\":\"ImageObject\",\"inLanguage\":\"en-GB\",\"@id\":\"https:\\\/\\\/ruuby.ee\\\/pood\\\/aksessuaarid\\\/kaevorud\\\/sticky-lemon-kaevorud\\\/#primaryimage\",\"url\":\"http:\\\/\\\/ruuby.ee\\\/wp-content\\\/uploads\\\/2023\\\/08\\\/Screenshot-2024-08-22-at-13.50.44.png\",\"contentUrl\":\"http:\\\/\\\/ruuby.ee\\\/wp-content\\\/uploads\\\/2023\\\/08\\\/Screenshot-2024-08-22-at-13.50.44.png\",\"width\":796,\"height\":916},{\"@type\":\"BreadcrumbList\",\"@id\":\"https:\\\/\\\/ruuby.ee\\\/pood\\\/aksessuaarid\\\/kaevorud\\\/sticky-lemon-kaevorud\\\/#breadcrumb\",\"itemListElement\":[{\"@type\":\"ListItem\",\"position\":1,\"name\":\"Kdu\",\"item\":\"http:\\\/\\\/ruuby.ee\\\/en\\\/\"},{\"@type\":\"ListItem\",\"position\":2,\"name\":\"Pood\",\"item\":\"http:\\\/\\\/ruuby.ee\\\/en\\\/pood\\\/\"},{\"@type\":\"ListItem\",\"position\":3,\"name\":\"Sticky Lemon &#8211; k\u00e4ev\u00f5rud\"}]},{\"@type\":\"WebSite\",\"@id\":\"http:\\\/\\\/ruuby.ee\\\/en\\\/#website\",\"url\":\"http:\\\/\\\/ruuby.ee\\\/en\\\/\",\"name\":\"RUUBY\",\"description\":\"Ruubys on \u00fchendatud elustiil ja disain\",\"publisher\":{\"@id\":\"http:\\\/\\\/ruuby.ee\\\/en\\\/#organization\"},\"alternateName\":\"Ruuby Disain\",\"potentialAction\":[{\"@type\":\"SearchAction\",\"target\":{\"@type\":\"EntryPoint\",\"urlTemplate\":\"http:\\\/\\\/ruuby.ee\\\/en\\\/?s={search_term_string}\"},\"query-input\":{\"@type\":\"PropertyValueSpecification\",\"valueRequired\":true,\"valueName\":\"search_term_string\"}}],\"inLanguage\":\"en-GB\"},{\"@type\":\"Organization\",\"@id\":\"http:\\\/\\\/ruuby.ee\\\/en\\\/#organization\",\"name\":\"Ruuby Disain O\u00dc\",\"alternateName\":\"Ruuby\",\"url\":\"http:\\\/\\\/ruuby.ee\\\/en\\\/\",\"logo\":{\"@type\":\"ImageObject\",\"inLanguage\":\"en-GB\",\"@id\":\"http:\\\/\\\/ruuby.ee\\\/en\\\/#\\\/schema\\\/logo\\\/image\\\/\",\"url\":\"http:\\\/\\\/ruuby.ee\\\/wp-content\\\/uploads\\\/2023\\\/06\\\/cropped-Black-White-Elegant-Circle-Signature-Fashion-Logo-12_large.png\",\"contentUrl\":\"http:\\\/\\\/ruuby.ee\\\/wp-content\\\/uploads\\\/2023\\\/06\\\/cropped-Black-White-Elegant-Circle-Signature-Fashion-Logo-12_large.png\",\"width\":1280,\"height\":747,\"caption\":\"Ruuby Disain O\u00dc\"},\"image\":{\"@id\":\"http:\\\/\\\/ruuby.ee\\\/en\\\/#\\\/schema\\\/logo\\\/image\\\/\"},\"sameAs\":[\"https:\\\/\\\/www.facebook.com\\\/ruubyconcept\",\"https:\\\/\\\/www.instagram.com\\\/ruuby_concept\\\/\"]}]}<\/script>\n<!-- \/ Yoast SEO plugin. -->","yoast_head_json":{"title":"Sticky Lemon - k\u00e4ev\u00f5rud - RUUBY","robots":{"index":"index","follow":"follow","max-snippet":"max-snippet:-1","max-image-preview":"max-image-preview:large","max-video-preview":"max-video-preview:-1"},"canonical":"https:\/\/ruuby.ee\/en\/pood\/aksessuaarid\/kaevorud\/sticky-lemon-kaevorud\/","og_locale":"en_GB","og_type":"article","og_title":"Sticky Lemon - k\u00e4ev\u00f5rud - RUUBY","og_description":"Tutvustame uhkusega: Sticky Lemoni lummavad k\u00e4ev\u00f5rud lastele! Kas oled valmis avastama maailma v\u00e4rve, r\u00f5\u00f5mu ja m\u00e4ngulist stiili? Sticky Lemoni laste k\u00e4ev\u00f5rud on loodud selleks, et pakkuda su v\u00e4ikestele seiklejatele midagi erilist. Need k\u00e4ev\u00f5rud on palju enamat kui lihtsalt ehted \u2013 need on v\u00e4ljendusrikas osa sinu lapse isikup\u00e4rast. Miks Sticky Lemoni k\u00e4ev\u00f5rud on nii erilised? Iga [&hellip;]","og_url":"https:\/\/ruuby.ee\/en\/pood\/aksessuaarid\/kaevorud\/sticky-lemon-kaevorud\/","og_site_name":"RUUBY","article_publisher":"https:\/\/www.facebook.com\/ruubyconcept","article_modified_time":"2026-04-07T22:28:41+00:00","og_image":[{"width":796,"height":916,"url":"https:\/\/ruuby.ee\/wp-content\/uploads\/2023\/08\/Screenshot-2024-08-22-at-13.50.44.png","type":"image\/png"}],"twitter_card":"summary_large_image","twitter_misc":{"Estimated reading time":"2 minutes"},"schema":{"@context":"https:\/\/schema.org","@graph":[{"@type":["WebPage","ItemPage"],"@id":"https:\/\/ruuby.ee\/pood\/aksessuaarid\/kaevorud\/sticky-lemon-kaevorud\/","url":"https:\/\/ruuby.ee\/pood\/aksessuaarid\/kaevorud\/sticky-lemon-kaevorud\/","name":"Sticky Lemon - k\u00e4ev\u00f5rud - RUUBY","isPartOf":{"@id":"http:\/\/ruuby.ee\/en\/#website"},"primaryImageOfPage":{"@id":"https:\/\/ruuby.ee\/pood\/aksessuaarid\/kaevorud\/sticky-lemon-kaevorud\/#primaryimage"},"image":{"@id":"https:\/\/ruuby.ee\/pood\/aksessuaarid\/kaevorud\/sticky-lemon-kaevorud\/#primaryimage"},"thumbnailUrl":"http:\/\/ruuby.ee\/wp-content\/uploads\/2023\/08\/Screenshot-2024-08-22-at-13.50.44.png","datePublished":"2023-08-29T12:25:52+00:00","dateModified":"2026-04-07T22:28:41+00:00","breadcrumb":{"@id":"https:\/\/ruuby.ee\/pood\/aksessuaarid\/kaevorud\/sticky-lemon-kaevorud\/#breadcrumb"},"inLanguage":"en-GB","potentialAction":[{"@type":"ReadAction","target":["https:\/\/ruuby.ee\/pood\/aksessuaarid\/kaevorud\/sticky-lemon-kaevorud\/"]}]},{"@type":"ImageObject","inLanguage":"en-GB","@id":"https:\/\/ruuby.ee\/pood\/aksessuaarid\/kaevorud\/sticky-lemon-kaevorud\/#primaryimage","url":"http:\/\/ruuby.ee\/wp-content\/uploads\/2023\/08\/Screenshot-2024-08-22-at-13.50.44.png","contentUrl":"http:\/\/ruuby.ee\/wp-content\/uploads\/2023\/08\/Screenshot-2024-08-22-at-13.50.44.png","width":796,"height":916},{"@type":"BreadcrumbList","@id":"https:\/\/ruuby.ee\/pood\/aksessuaarid\/kaevorud\/sticky-lemon-kaevorud\/#breadcrumb","itemListElement":[{"@type":"ListItem","position":1,"name":"Kdu","item":"http:\/\/ruuby.ee\/en\/"},{"@type":"ListItem","position":2,"name":"Pood","item":"http:\/\/ruuby.ee\/en\/pood\/"},{"@type":"ListItem","position":3,"name":"Sticky Lemon &#8211; k\u00e4ev\u00f5rud"}]},{"@type":"WebSite","@id":"http:\/\/ruuby.ee\/en\/#website","url":"http:\/\/ruuby.ee\/en\/","name":"RUUBY","description":"Ruubys on \u00fchendatud elustiil ja disain","publisher":{"@id":"http:\/\/ruuby.ee\/en\/#organization"},"alternateName":"Ruuby Disain","potentialAction":[{"@type":"SearchAction","target":{"@type":"EntryPoint","urlTemplate":"http:\/\/ruuby.ee\/en\/?s={search_term_string}"},"query-input":{"@type":"PropertyValueSpecification","valueRequired":true,"valueName":"search_term_string"}}],"inLanguage":"en-GB"},{"@type":"Organization","@id":"http:\/\/ruuby.ee\/en\/#organization","name":"Ruuby Disain O\u00dc","alternateName":"Ruuby","url":"http:\/\/ruuby.ee\/en\/","logo":{"@type":"ImageObject","inLanguage":"en-GB","@id":"http:\/\/ruuby.ee\/en\/#\/schema\/logo\/image\/","url":"http:\/\/ruuby.ee\/wp-content\/uploads\/2023\/06\/cropped-Black-White-Elegant-Circle-Signature-Fashion-Logo-12_large.png","contentUrl":"http:\/\/ruuby.ee\/wp-content\/uploads\/2023\/06\/cropped-Black-White-Elegant-Circle-Signature-Fashion-Logo-12_large.png","width":1280,"height":747,"caption":"Ruuby Disain O\u00dc"},"image":{"@id":"http:\/\/ruuby.ee\/en\/#\/schema\/logo\/image\/"},"sameAs":["https:\/\/www.facebook.com\/ruubyconcept","https:\/\/www.instagram.com\/ruuby_concept\/"]}]}},"jetpack_sharing_enabled":true,"_links":{"self":[{"href":"http:\/\/ruuby.ee\/en\/wp-json\/wp\/v2\/product\/1838768","targetHints":{"allow":["GET"]}}],"collection":[{"href":"http:\/\/ruuby.ee\/en\/wp-json\/wp\/v2\/product"}],"about":[{"href":"http:\/\/ruuby.ee\/en\/wp-json\/wp\/v2\/types\/product"}],"replies":[{"embeddable":true,"href":"http:\/\/ruuby.ee\/en\/wp-json\/wp\/v2\/comments?post=1838768"}],"wp:featuredmedia":[{"embeddable":true,"href":"http:\/\/ruuby.ee\/en\/wp-json\/wp\/v2\/media\/1846352"}],"wp:attachment":[{"href":"http:\/\/ruuby.ee\/en\/wp-json\/wp\/v2\/media?parent=1838768"}],"wp:term":[{"taxonomy":"product_brand","embeddable":true,"href":"http:\/\/ruuby.ee\/en\/wp-json\/wp\/v2\/product_brand?post=1838768"},{"taxonomy":"product_cat","embeddable":true,"href":"http:\/\/ruuby.ee\/en\/wp-json\/wp\/v2\/product_cat?post=1838768"},{"taxonomy":"product_tag","embeddable":true,"href":"http:\/\/ruuby.ee\/en\/wp-json\/wp\/v2\/product_tag?post=1838768"}],"curies":[{"name":"wp","href":"https:\/\/api.w.org\/{rel}","templated":true}]}}