{"id":1838622,"date":"2023-08-25T17:07:16","date_gmt":"2023-08-25T14:07:16","guid":{"rendered":"http:\/\/ruuby.ee\/?post_type=product&#038;p=1838622"},"modified":"2026-04-04T01:25:02","modified_gmt":"2026-04-03T22:25:02","slug":"umage-tv-alune-kapp-pink-audacious-horizons","status":"publish","type":"product","link":"http:\/\/ruuby.ee\/en\/pood\/kodusisustus\/moobel\/kapid\/umage-tv-alune-kapp-pink-audacious-horizons\/","title":{"rendered":"UMAGE &#8211; TV alune kapp\/pink, Audacious, Horizons"},"content":{"rendered":"<p>Mitmeotstarbeline pink istumiseks v\u00f5i AV-seadmete peitmiseks televiisori alla.<\/p>\n<p>Tagak\u00fcljel oleva kaabli v\u00e4ljalaskeava abil on sassis juhtmeid lihtne peita. Koridori asetatud see mahutab k\u00f5ik teie \u00f5ueriided, samal ajal kui saate kingi jalga pannes istet v\u00f5tta.<\/p>\n<p>Saadaval tamme, tumeda tamme ja musta tamme v\u00e4rvides tamburustega neljas hoolikalt valitud v\u00e4rvitoonis 100% taaskasutatud Horizonsi tekstiilist. Tamburuksed on vahetatavad, mis t\u00e4hendab, et saate neid lihtsalt ise vahetada ja disainile uut elu lisada ilma, et peaksite ostma t\u00e4iesti uut m\u00f6\u00f6blit\u00fckki, s\u00e4\u00e4stes sellega maailma ressursse.<\/p>\n<p>M\u00f5\u00f5dud: W \u00d7 H \u00d7 D: 40 \u00d7 140 \u00d7 46 cm<\/p>\n<p>Kaal: 18.75 kg<\/p>\n<p>Materjalid: T\u00e4istamm, tammespoon, MDF, teras, pol\u00fcester (Horizons S) ja nahk (kunstlik).<\/p>","protected":false},"excerpt":{"rendered":"<p>Mitmeotstarbeline pink istumiseks v\u00f5i AV-seadmete peitmiseks televiisori alla. Tagak\u00fcljel oleva kaabli v\u00e4ljalaskeava abil on sassis juhtmeid lihtne peita. Koridori asetatud see mahutab k\u00f5ik teie \u00f5ueriided, samal ajal kui saate kingi jalga pannes istet v\u00f5tta. Saadaval tamme, tumeda tamme ja musta tamme v\u00e4rvides tamburustega neljas hoolikalt valitud v\u00e4rvitoonis 100% taaskasutatud Horizonsi tekstiilist. Tamburuksed on vahetatavad, mis [&hellip;]<\/p>\n","protected":false},"featured_media":1838627,"comment_status":"open","ping_status":"closed","template":"","meta":[],"product_brand":[],"product_cat":[56],"product_tag":[156,431,432,150],"class_list":{"0":"post-1838622","1":"product","2":"type-product","3":"status-publish","4":"has-post-thumbnail","6":"product_cat-kapid","7":"product_tag-moobel","8":"product_tag-pink","9":"product_tag-tv-kapp","10":"product_tag-umage","12":"first","13":"onbackorder","14":"taxable","15":"shipping-taxable","16":"purchasable","17":"product-type-variable","18":"rtwpvs-product"},"yoast_head":"<!-- This site is optimized with the Yoast SEO plugin v27.2 - https:\/\/yoast.com\/product\/yoast-seo-wordpress\/ -->\n<title>UMAGE - TV alune kapp\/pink, Audacious, Horizons - RUUBY<\/title>\n<meta name=\"robots\" content=\"index, follow, max-snippet:-1, max-image-preview:large, max-video-preview:-1\" \/>\n<link rel=\"canonical\" href=\"http:\/\/ruuby.ee\/en\/pood\/kodusisustus\/moobel\/kapid\/umage-tv-alune-kapp-pink-audacious-horizons\/\" \/>\n<meta property=\"og:locale\" content=\"en_GB\" \/>\n<meta property=\"og:type\" content=\"article\" \/>\n<meta property=\"og:title\" content=\"UMAGE - TV alune kapp\/pink, Audacious, Horizons - RUUBY\" \/>\n<meta property=\"og:description\" content=\"Mitmeotstarbeline pink istumiseks v\u00f5i AV-seadmete peitmiseks televiisori alla. Tagak\u00fcljel oleva kaabli v\u00e4ljalaskeava abil on sassis juhtmeid lihtne peita. Koridori asetatud see mahutab k\u00f5ik teie \u00f5ueriided, samal ajal kui saate kingi jalga pannes istet v\u00f5tta. Saadaval tamme, tumeda tamme ja musta tamme v\u00e4rvides tamburustega neljas hoolikalt valitud v\u00e4rvitoonis 100% taaskasutatud Horizonsi tekstiilist. Tamburuksed on vahetatavad, mis [&hellip;]\" \/>\n<meta property=\"og:url\" content=\"http:\/\/ruuby.ee\/en\/pood\/kodusisustus\/moobel\/kapid\/umage-tv-alune-kapp-pink-audacious-horizons\/\" \/>\n<meta property=\"og:site_name\" content=\"RUUBY\" \/>\n<meta property=\"article:publisher\" content=\"https:\/\/www.facebook.com\/ruubyconcept\" \/>\n<meta property=\"article:modified_time\" content=\"2026-04-03T22:25:02+00:00\" \/>\n<meta property=\"og:image\" content=\"http:\/\/ruuby.ee\/wp-content\/uploads\/2023\/08\/Screenshot-2023-08-25-at-16.56.50.png\" \/>\n\t<meta property=\"og:image:width\" content=\"1136\" \/>\n\t<meta property=\"og:image:height\" content=\"1018\" \/>\n\t<meta property=\"og:image:type\" content=\"image\/png\" \/>\n<meta name=\"twitter:card\" content=\"summary_large_image\" \/>\n<meta name=\"twitter:label1\" content=\"Estimated reading time\" \/>\n\t<meta name=\"twitter:data1\" content=\"1 minute\" \/>\n<script type=\"application\/ld+json\" class=\"yoast-schema-graph\">{\"@context\":\"https:\/\/schema.org\",\"@graph\":[{\"@type\":[\"WebPage\",\"ItemPage\"],\"@id\":\"http:\/\/ruuby.ee\/en\/pood\/kodusisustus\/moobel\/kapid\/umage-tv-alune-kapp-pink-audacious-horizons\/\",\"url\":\"http:\/\/ruuby.ee\/en\/pood\/kodusisustus\/moobel\/kapid\/umage-tv-alune-kapp-pink-audacious-horizons\/\",\"name\":\"UMAGE - TV alune kapp\/pink, Audacious, Horizons - RUUBY\",\"isPartOf\":{\"@id\":\"https:\/\/ruuby.ee\/en\/#website\"},\"primaryImageOfPage\":{\"@id\":\"http:\/\/ruuby.ee\/en\/pood\/kodusisustus\/moobel\/kapid\/umage-tv-alune-kapp-pink-audacious-horizons\/#primaryimage\"},\"image\":{\"@id\":\"http:\/\/ruuby.ee\/en\/pood\/kodusisustus\/moobel\/kapid\/umage-tv-alune-kapp-pink-audacious-horizons\/#primaryimage\"},\"thumbnailUrl\":\"http:\/\/ruuby.ee\/wp-content\/uploads\/2023\/08\/Screenshot-2023-08-25-at-16.56.50.png\",\"datePublished\":\"2023-08-25T14:07:16+00:00\",\"dateModified\":\"2026-04-03T22:25:02+00:00\",\"breadcrumb\":{\"@id\":\"http:\/\/ruuby.ee\/en\/pood\/kodusisustus\/moobel\/kapid\/umage-tv-alune-kapp-pink-audacious-horizons\/#breadcrumb\"},\"inLanguage\":\"en-GB\",\"potentialAction\":[{\"@type\":\"ReadAction\",\"target\":[\"http:\/\/ruuby.ee\/en\/pood\/kodusisustus\/moobel\/kapid\/umage-tv-alune-kapp-pink-audacious-horizons\/\"]}]},{\"@type\":\"ImageObject\",\"inLanguage\":\"en-GB\",\"@id\":\"http:\/\/ruuby.ee\/en\/pood\/kodusisustus\/moobel\/kapid\/umage-tv-alune-kapp-pink-audacious-horizons\/#primaryimage\",\"url\":\"http:\/\/ruuby.ee\/wp-content\/uploads\/2023\/08\/Screenshot-2023-08-25-at-16.56.50.png\",\"contentUrl\":\"http:\/\/ruuby.ee\/wp-content\/uploads\/2023\/08\/Screenshot-2023-08-25-at-16.56.50.png\",\"width\":1136,\"height\":1018},{\"@type\":\"BreadcrumbList\",\"@id\":\"http:\/\/ruuby.ee\/en\/pood\/kodusisustus\/moobel\/kapid\/umage-tv-alune-kapp-pink-audacious-horizons\/#breadcrumb\",\"itemListElement\":[{\"@type\":\"ListItem\",\"position\":1,\"name\":\"Kdu\",\"item\":\"https:\/\/ruuby.ee\/en\/\"},{\"@type\":\"ListItem\",\"position\":2,\"name\":\"Pood\",\"item\":\"https:\/\/ruuby.ee\/pood\/\"},{\"@type\":\"ListItem\",\"position\":3,\"name\":\"UMAGE &#8211; TV alune kapp\/pink, Audacious, Horizons\"}]},{\"@type\":\"WebSite\",\"@id\":\"https:\/\/ruuby.ee\/en\/#website\",\"url\":\"https:\/\/ruuby.ee\/en\/\",\"name\":\"RUUBY\",\"description\":\"Ruubys on \u00fchendatud elustiil ja disain\",\"publisher\":{\"@id\":\"https:\/\/ruuby.ee\/en\/#organization\"},\"alternateName\":\"Ruuby Disain\",\"potentialAction\":[{\"@type\":\"SearchAction\",\"target\":{\"@type\":\"EntryPoint\",\"urlTemplate\":\"https:\/\/ruuby.ee\/en\/?s={search_term_string}\"},\"query-input\":{\"@type\":\"PropertyValueSpecification\",\"valueRequired\":true,\"valueName\":\"search_term_string\"}}],\"inLanguage\":\"en-GB\"},{\"@type\":\"Organization\",\"@id\":\"https:\/\/ruuby.ee\/en\/#organization\",\"name\":\"Ruuby Disain O\u00dc\",\"alternateName\":\"Ruuby\",\"url\":\"https:\/\/ruuby.ee\/en\/\",\"logo\":{\"@type\":\"ImageObject\",\"inLanguage\":\"en-GB\",\"@id\":\"https:\/\/ruuby.ee\/en\/#\/schema\/logo\/image\/\",\"url\":\"http:\/\/ruuby.ee\/wp-content\/uploads\/2023\/06\/cropped-Black-White-Elegant-Circle-Signature-Fashion-Logo-12_large.png\",\"contentUrl\":\"http:\/\/ruuby.ee\/wp-content\/uploads\/2023\/06\/cropped-Black-White-Elegant-Circle-Signature-Fashion-Logo-12_large.png\",\"width\":1280,\"height\":747,\"caption\":\"Ruuby Disain O\u00dc\"},\"image\":{\"@id\":\"https:\/\/ruuby.ee\/en\/#\/schema\/logo\/image\/\"},\"sameAs\":[\"https:\/\/www.facebook.com\/ruubyconcept\",\"https:\/\/www.instagram.com\/ruuby_concept\/\"]}]}<\/script>\n<!-- \/ Yoast SEO plugin. -->","yoast_head_json":{"title":"UMAGE - TV alune kapp\/pink, Audacious, Horizons - RUUBY","robots":{"index":"index","follow":"follow","max-snippet":"max-snippet:-1","max-image-preview":"max-image-preview:large","max-video-preview":"max-video-preview:-1"},"canonical":"http:\/\/ruuby.ee\/en\/pood\/kodusisustus\/moobel\/kapid\/umage-tv-alune-kapp-pink-audacious-horizons\/","og_locale":"en_GB","og_type":"article","og_title":"UMAGE - TV alune kapp\/pink, Audacious, Horizons - RUUBY","og_description":"Mitmeotstarbeline pink istumiseks v\u00f5i AV-seadmete peitmiseks televiisori alla. Tagak\u00fcljel oleva kaabli v\u00e4ljalaskeava abil on sassis juhtmeid lihtne peita. Koridori asetatud see mahutab k\u00f5ik teie \u00f5ueriided, samal ajal kui saate kingi jalga pannes istet v\u00f5tta. Saadaval tamme, tumeda tamme ja musta tamme v\u00e4rvides tamburustega neljas hoolikalt valitud v\u00e4rvitoonis 100% taaskasutatud Horizonsi tekstiilist. Tamburuksed on vahetatavad, mis [&hellip;]","og_url":"http:\/\/ruuby.ee\/en\/pood\/kodusisustus\/moobel\/kapid\/umage-tv-alune-kapp-pink-audacious-horizons\/","og_site_name":"RUUBY","article_publisher":"https:\/\/www.facebook.com\/ruubyconcept","article_modified_time":"2026-04-03T22:25:02+00:00","og_image":[{"width":1136,"height":1018,"url":"http:\/\/ruuby.ee\/wp-content\/uploads\/2023\/08\/Screenshot-2023-08-25-at-16.56.50.png","type":"image\/png"}],"twitter_card":"summary_large_image","twitter_misc":{"Estimated reading time":"1 minute"},"schema":{"@context":"https:\/\/schema.org","@graph":[{"@type":["WebPage","ItemPage"],"@id":"http:\/\/ruuby.ee\/en\/pood\/kodusisustus\/moobel\/kapid\/umage-tv-alune-kapp-pink-audacious-horizons\/","url":"http:\/\/ruuby.ee\/en\/pood\/kodusisustus\/moobel\/kapid\/umage-tv-alune-kapp-pink-audacious-horizons\/","name":"UMAGE - TV alune kapp\/pink, Audacious, Horizons - RUUBY","isPartOf":{"@id":"https:\/\/ruuby.ee\/en\/#website"},"primaryImageOfPage":{"@id":"http:\/\/ruuby.ee\/en\/pood\/kodusisustus\/moobel\/kapid\/umage-tv-alune-kapp-pink-audacious-horizons\/#primaryimage"},"image":{"@id":"http:\/\/ruuby.ee\/en\/pood\/kodusisustus\/moobel\/kapid\/umage-tv-alune-kapp-pink-audacious-horizons\/#primaryimage"},"thumbnailUrl":"http:\/\/ruuby.ee\/wp-content\/uploads\/2023\/08\/Screenshot-2023-08-25-at-16.56.50.png","datePublished":"2023-08-25T14:07:16+00:00","dateModified":"2026-04-03T22:25:02+00:00","breadcrumb":{"@id":"http:\/\/ruuby.ee\/en\/pood\/kodusisustus\/moobel\/kapid\/umage-tv-alune-kapp-pink-audacious-horizons\/#breadcrumb"},"inLanguage":"en-GB","potentialAction":[{"@type":"ReadAction","target":["http:\/\/ruuby.ee\/en\/pood\/kodusisustus\/moobel\/kapid\/umage-tv-alune-kapp-pink-audacious-horizons\/"]}]},{"@type":"ImageObject","inLanguage":"en-GB","@id":"http:\/\/ruuby.ee\/en\/pood\/kodusisustus\/moobel\/kapid\/umage-tv-alune-kapp-pink-audacious-horizons\/#primaryimage","url":"http:\/\/ruuby.ee\/wp-content\/uploads\/2023\/08\/Screenshot-2023-08-25-at-16.56.50.png","contentUrl":"http:\/\/ruuby.ee\/wp-content\/uploads\/2023\/08\/Screenshot-2023-08-25-at-16.56.50.png","width":1136,"height":1018},{"@type":"BreadcrumbList","@id":"http:\/\/ruuby.ee\/en\/pood\/kodusisustus\/moobel\/kapid\/umage-tv-alune-kapp-pink-audacious-horizons\/#breadcrumb","itemListElement":[{"@type":"ListItem","position":1,"name":"Kdu","item":"https:\/\/ruuby.ee\/en\/"},{"@type":"ListItem","position":2,"name":"Pood","item":"https:\/\/ruuby.ee\/pood\/"},{"@type":"ListItem","position":3,"name":"UMAGE &#8211; TV alune kapp\/pink, Audacious, Horizons"}]},{"@type":"WebSite","@id":"https:\/\/ruuby.ee\/en\/#website","url":"https:\/\/ruuby.ee\/en\/","name":"RUUBY","description":"Ruubys on \u00fchendatud elustiil ja disain","publisher":{"@id":"https:\/\/ruuby.ee\/en\/#organization"},"alternateName":"Ruuby Disain","potentialAction":[{"@type":"SearchAction","target":{"@type":"EntryPoint","urlTemplate":"https:\/\/ruuby.ee\/en\/?s={search_term_string}"},"query-input":{"@type":"PropertyValueSpecification","valueRequired":true,"valueName":"search_term_string"}}],"inLanguage":"en-GB"},{"@type":"Organization","@id":"https:\/\/ruuby.ee\/en\/#organization","name":"Ruuby Disain O\u00dc","alternateName":"Ruuby","url":"https:\/\/ruuby.ee\/en\/","logo":{"@type":"ImageObject","inLanguage":"en-GB","@id":"https:\/\/ruuby.ee\/en\/#\/schema\/logo\/image\/","url":"http:\/\/ruuby.ee\/wp-content\/uploads\/2023\/06\/cropped-Black-White-Elegant-Circle-Signature-Fashion-Logo-12_large.png","contentUrl":"http:\/\/ruuby.ee\/wp-content\/uploads\/2023\/06\/cropped-Black-White-Elegant-Circle-Signature-Fashion-Logo-12_large.png","width":1280,"height":747,"caption":"Ruuby Disain O\u00dc"},"image":{"@id":"https:\/\/ruuby.ee\/en\/#\/schema\/logo\/image\/"},"sameAs":["https:\/\/www.facebook.com\/ruubyconcept","https:\/\/www.instagram.com\/ruuby_concept\/"]}]}},"jetpack_sharing_enabled":true,"_links":{"self":[{"href":"http:\/\/ruuby.ee\/en\/wp-json\/wp\/v2\/product\/1838622","targetHints":{"allow":["GET"]}}],"collection":[{"href":"http:\/\/ruuby.ee\/en\/wp-json\/wp\/v2\/product"}],"about":[{"href":"http:\/\/ruuby.ee\/en\/wp-json\/wp\/v2\/types\/product"}],"replies":[{"embeddable":true,"href":"http:\/\/ruuby.ee\/en\/wp-json\/wp\/v2\/comments?post=1838622"}],"wp:featuredmedia":[{"embeddable":true,"href":"http:\/\/ruuby.ee\/en\/wp-json\/wp\/v2\/media\/1838627"}],"wp:attachment":[{"href":"http:\/\/ruuby.ee\/en\/wp-json\/wp\/v2\/media?parent=1838622"}],"wp:term":[{"taxonomy":"product_brand","embeddable":true,"href":"http:\/\/ruuby.ee\/en\/wp-json\/wp\/v2\/product_brand?post=1838622"},{"taxonomy":"product_cat","embeddable":true,"href":"http:\/\/ruuby.ee\/en\/wp-json\/wp\/v2\/product_cat?post=1838622"},{"taxonomy":"product_tag","embeddable":true,"href":"http:\/\/ruuby.ee\/en\/wp-json\/wp\/v2\/product_tag?post=1838622"}],"curies":[{"name":"wp","href":"https:\/\/api.w.org\/{rel}","templated":true}]}}