{"id":1838560,"date":"2023-08-25T14:36:51","date_gmt":"2023-08-25T11:36:51","guid":{"rendered":"http:\/\/ruuby.ee\/?post_type=product&#038;p=1838560"},"modified":"2026-04-04T01:25:02","modified_gmt":"2026-04-03T22:25:02","slug":"umage-valgusti-aluvia","status":"publish","type":"product","link":"http:\/\/ruuby.ee\/en\/pood\/kodusisustus\/valgustus\/laualamabid\/umage-valgusti-aluvia\/","title":{"rendered":"UMAGE &#8211; valgusti, Aluvia"},"content":{"rendered":"<p>Ookeanide s\u00fcgavusest elava linnani, mis kulgeb l\u00e4bi lummavate metsade \u2013 k\u00f5ik \u00fches eklektilises tootes. Alumiiniumist valmistatud iseloomulike lehtedega on Aluvia kerge ja samal ajal vastupidav.<\/p>\n<p>Valige kaheksa hoolikalt valitud v\u00e4rvi ja kahe suuruse hulgast, et v\u00f5imendada oma sisekujunduse ilu, muutes teie kodu hubaseks, klassikaliseks ja rafineeritud.<\/p>\n<p>N\u00e4pun\u00e4ide. Parima valguse ja peegelduse saavutamiseks kasutage Idea 13W. Saad kasutada seda valgustit kas laevalgustina, seinavalgusti v\u00f5i p\u00f5randavalgustina. Valides just selle kinnitusvahendi, mis sulle sobib.<\/p>\n<p>M\u00f5\u00f5dud:<\/p>\n<p>Keskmine: \u00d8: 59 cm x H: 48 cm<br \/>\nMini: \u00d8: 40 cm x H: 30 cm<\/p>\n<p>Kaal:<\/p>\n<p>Keskmine: 1.97 kg<br \/>\nMini: 0.72 kg<\/p>\n<div class=\"page\" title=\"Page 1\">\n<div class=\"layoutArea\">\n<div class=\"column\">\n<p>Valgusallikas: Ripp-, p\u00f5randa- ja lauavari \u00fchildub E26 \/ E27-ga.<\/p>\n<\/div>\n<\/div>\n<\/div>","protected":false},"excerpt":{"rendered":"<p>Ookeanide s\u00fcgavusest elava linnani, mis kulgeb l\u00e4bi lummavate metsade \u2013 k\u00f5ik \u00fches eklektilises tootes. Alumiiniumist valmistatud iseloomulike lehtedega on Aluvia kerge ja samal ajal vastupidav. Valige kaheksa hoolikalt valitud v\u00e4rvi ja kahe suuruse hulgast, et v\u00f5imendada oma sisekujunduse ilu, muutes teie kodu hubaseks, klassikaliseks ja rafineeritud. N\u00e4pun\u00e4ide. Parima valguse ja peegelduse saavutamiseks kasutage Idea 13W. [&hellip;]<\/p>\n","protected":false},"featured_media":1838574,"comment_status":"open","ping_status":"closed","template":"","meta":[],"product_brand":[],"product_cat":[798,796,797,59],"product_tag":[809,150,152],"class_list":{"0":"post-1838560","1":"product","2":"type-product","3":"status-publish","4":"has-post-thumbnail","6":"product_cat-laelambid","7":"product_cat-laualamabid","8":"product_cat-porandalambid","9":"product_cat-valgustus","10":"product_tag-aluvia","11":"product_tag-umage","12":"product_tag-valgustid","14":"first","15":"onbackorder","16":"taxable","17":"shipping-taxable","18":"purchasable","19":"product-type-variable","20":"rtwpvs-product"},"yoast_head":"<!-- This site is optimized with the Yoast SEO plugin v27.2 - https:\/\/yoast.com\/product\/yoast-seo-wordpress\/ -->\n<title>UMAGE - valgusti, Aluvia - RUUBY<\/title>\n<meta name=\"robots\" content=\"index, follow, max-snippet:-1, max-image-preview:large, max-video-preview:-1\" \/>\n<link rel=\"canonical\" href=\"https:\/\/ruuby.ee\/en\/pood\/kodusisustus\/valgustus\/laualamabid\/umage-valgusti-aluvia\/\" \/>\n<meta property=\"og:locale\" content=\"en_GB\" \/>\n<meta property=\"og:type\" content=\"article\" \/>\n<meta property=\"og:title\" content=\"UMAGE - valgusti, Aluvia - RUUBY\" \/>\n<meta property=\"og:description\" content=\"Ookeanide s\u00fcgavusest elava linnani, mis kulgeb l\u00e4bi lummavate metsade \u2013 k\u00f5ik \u00fches eklektilises tootes. Alumiiniumist valmistatud iseloomulike lehtedega on Aluvia kerge ja samal ajal vastupidav. Valige kaheksa hoolikalt valitud v\u00e4rvi ja kahe suuruse hulgast, et v\u00f5imendada oma sisekujunduse ilu, muutes teie kodu hubaseks, klassikaliseks ja rafineeritud. N\u00e4pun\u00e4ide. Parima valguse ja peegelduse saavutamiseks kasutage Idea 13W. [&hellip;]\" \/>\n<meta property=\"og:url\" content=\"https:\/\/ruuby.ee\/en\/pood\/kodusisustus\/valgustus\/laualamabid\/umage-valgusti-aluvia\/\" \/>\n<meta property=\"og:site_name\" content=\"RUUBY\" \/>\n<meta property=\"article:publisher\" content=\"https:\/\/www.facebook.com\/ruubyconcept\" \/>\n<meta property=\"article:modified_time\" content=\"2026-04-03T22:25:02+00:00\" \/>\n<meta property=\"og:image\" content=\"https:\/\/ruuby.ee\/wp-content\/uploads\/2023\/08\/Screenshot-2023-08-25-at-14.24.47.png\" \/>\n\t<meta property=\"og:image:width\" content=\"1036\" \/>\n\t<meta property=\"og:image:height\" content=\"1108\" \/>\n\t<meta property=\"og:image:type\" content=\"image\/png\" \/>\n<meta name=\"twitter:card\" content=\"summary_large_image\" \/>\n<meta name=\"twitter:label1\" content=\"Estimated reading time\" \/>\n\t<meta name=\"twitter:data1\" content=\"1 minute\" \/>\n<script type=\"application\/ld+json\" class=\"yoast-schema-graph\">{\"@context\":\"https:\/\/schema.org\",\"@graph\":[{\"@type\":[\"WebPage\",\"ItemPage\"],\"@id\":\"https:\/\/ruuby.ee\/pood\/kodusisustus\/valgustus\/laualamabid\/umage-valgusti-aluvia\/\",\"url\":\"https:\/\/ruuby.ee\/pood\/kodusisustus\/valgustus\/laualamabid\/umage-valgusti-aluvia\/\",\"name\":\"UMAGE - valgusti, Aluvia - RUUBY\",\"isPartOf\":{\"@id\":\"https:\/\/ruuby.ee\/en\/#website\"},\"primaryImageOfPage\":{\"@id\":\"https:\/\/ruuby.ee\/pood\/kodusisustus\/valgustus\/laualamabid\/umage-valgusti-aluvia\/#primaryimage\"},\"image\":{\"@id\":\"https:\/\/ruuby.ee\/pood\/kodusisustus\/valgustus\/laualamabid\/umage-valgusti-aluvia\/#primaryimage\"},\"thumbnailUrl\":\"http:\/\/ruuby.ee\/wp-content\/uploads\/2023\/08\/Screenshot-2023-08-25-at-14.24.47.png\",\"datePublished\":\"2023-08-25T11:36:51+00:00\",\"dateModified\":\"2026-04-03T22:25:02+00:00\",\"breadcrumb\":{\"@id\":\"https:\/\/ruuby.ee\/pood\/kodusisustus\/valgustus\/laualamabid\/umage-valgusti-aluvia\/#breadcrumb\"},\"inLanguage\":\"en-GB\",\"potentialAction\":[{\"@type\":\"ReadAction\",\"target\":[\"https:\/\/ruuby.ee\/pood\/kodusisustus\/valgustus\/laualamabid\/umage-valgusti-aluvia\/\"]}]},{\"@type\":\"ImageObject\",\"inLanguage\":\"en-GB\",\"@id\":\"https:\/\/ruuby.ee\/pood\/kodusisustus\/valgustus\/laualamabid\/umage-valgusti-aluvia\/#primaryimage\",\"url\":\"http:\/\/ruuby.ee\/wp-content\/uploads\/2023\/08\/Screenshot-2023-08-25-at-14.24.47.png\",\"contentUrl\":\"http:\/\/ruuby.ee\/wp-content\/uploads\/2023\/08\/Screenshot-2023-08-25-at-14.24.47.png\",\"width\":1036,\"height\":1108},{\"@type\":\"BreadcrumbList\",\"@id\":\"https:\/\/ruuby.ee\/pood\/kodusisustus\/valgustus\/laualamabid\/umage-valgusti-aluvia\/#breadcrumb\",\"itemListElement\":[{\"@type\":\"ListItem\",\"position\":1,\"name\":\"Kdu\",\"item\":\"https:\/\/ruuby.ee\/en\/\"},{\"@type\":\"ListItem\",\"position\":2,\"name\":\"Pood\",\"item\":\"https:\/\/ruuby.ee\/pood\/\"},{\"@type\":\"ListItem\",\"position\":3,\"name\":\"UMAGE &#8211; valgusti, Aluvia\"}]},{\"@type\":\"WebSite\",\"@id\":\"https:\/\/ruuby.ee\/en\/#website\",\"url\":\"https:\/\/ruuby.ee\/en\/\",\"name\":\"RUUBY\",\"description\":\"Ruubys on \u00fchendatud elustiil ja disain\",\"publisher\":{\"@id\":\"https:\/\/ruuby.ee\/en\/#organization\"},\"alternateName\":\"Ruuby Disain\",\"potentialAction\":[{\"@type\":\"SearchAction\",\"target\":{\"@type\":\"EntryPoint\",\"urlTemplate\":\"https:\/\/ruuby.ee\/en\/?s={search_term_string}\"},\"query-input\":{\"@type\":\"PropertyValueSpecification\",\"valueRequired\":true,\"valueName\":\"search_term_string\"}}],\"inLanguage\":\"en-GB\"},{\"@type\":\"Organization\",\"@id\":\"https:\/\/ruuby.ee\/en\/#organization\",\"name\":\"Ruuby Disain O\u00dc\",\"alternateName\":\"Ruuby\",\"url\":\"https:\/\/ruuby.ee\/en\/\",\"logo\":{\"@type\":\"ImageObject\",\"inLanguage\":\"en-GB\",\"@id\":\"https:\/\/ruuby.ee\/en\/#\/schema\/logo\/image\/\",\"url\":\"http:\/\/ruuby.ee\/wp-content\/uploads\/2023\/06\/cropped-Black-White-Elegant-Circle-Signature-Fashion-Logo-12_large.png\",\"contentUrl\":\"http:\/\/ruuby.ee\/wp-content\/uploads\/2023\/06\/cropped-Black-White-Elegant-Circle-Signature-Fashion-Logo-12_large.png\",\"width\":1280,\"height\":747,\"caption\":\"Ruuby Disain O\u00dc\"},\"image\":{\"@id\":\"https:\/\/ruuby.ee\/en\/#\/schema\/logo\/image\/\"},\"sameAs\":[\"https:\/\/www.facebook.com\/ruubyconcept\",\"https:\/\/www.instagram.com\/ruuby_concept\/\"]}]}<\/script>\n<!-- \/ Yoast SEO plugin. -->","yoast_head_json":{"title":"UMAGE - valgusti, Aluvia - RUUBY","robots":{"index":"index","follow":"follow","max-snippet":"max-snippet:-1","max-image-preview":"max-image-preview:large","max-video-preview":"max-video-preview:-1"},"canonical":"https:\/\/ruuby.ee\/en\/pood\/kodusisustus\/valgustus\/laualamabid\/umage-valgusti-aluvia\/","og_locale":"en_GB","og_type":"article","og_title":"UMAGE - valgusti, Aluvia - RUUBY","og_description":"Ookeanide s\u00fcgavusest elava linnani, mis kulgeb l\u00e4bi lummavate metsade \u2013 k\u00f5ik \u00fches eklektilises tootes. Alumiiniumist valmistatud iseloomulike lehtedega on Aluvia kerge ja samal ajal vastupidav. Valige kaheksa hoolikalt valitud v\u00e4rvi ja kahe suuruse hulgast, et v\u00f5imendada oma sisekujunduse ilu, muutes teie kodu hubaseks, klassikaliseks ja rafineeritud. N\u00e4pun\u00e4ide. Parima valguse ja peegelduse saavutamiseks kasutage Idea 13W. [&hellip;]","og_url":"https:\/\/ruuby.ee\/en\/pood\/kodusisustus\/valgustus\/laualamabid\/umage-valgusti-aluvia\/","og_site_name":"RUUBY","article_publisher":"https:\/\/www.facebook.com\/ruubyconcept","article_modified_time":"2026-04-03T22:25:02+00:00","og_image":[{"width":1036,"height":1108,"url":"https:\/\/ruuby.ee\/wp-content\/uploads\/2023\/08\/Screenshot-2023-08-25-at-14.24.47.png","type":"image\/png"}],"twitter_card":"summary_large_image","twitter_misc":{"Estimated reading time":"1 minute"},"schema":{"@context":"https:\/\/schema.org","@graph":[{"@type":["WebPage","ItemPage"],"@id":"https:\/\/ruuby.ee\/pood\/kodusisustus\/valgustus\/laualamabid\/umage-valgusti-aluvia\/","url":"https:\/\/ruuby.ee\/pood\/kodusisustus\/valgustus\/laualamabid\/umage-valgusti-aluvia\/","name":"UMAGE - valgusti, Aluvia - RUUBY","isPartOf":{"@id":"https:\/\/ruuby.ee\/en\/#website"},"primaryImageOfPage":{"@id":"https:\/\/ruuby.ee\/pood\/kodusisustus\/valgustus\/laualamabid\/umage-valgusti-aluvia\/#primaryimage"},"image":{"@id":"https:\/\/ruuby.ee\/pood\/kodusisustus\/valgustus\/laualamabid\/umage-valgusti-aluvia\/#primaryimage"},"thumbnailUrl":"http:\/\/ruuby.ee\/wp-content\/uploads\/2023\/08\/Screenshot-2023-08-25-at-14.24.47.png","datePublished":"2023-08-25T11:36:51+00:00","dateModified":"2026-04-03T22:25:02+00:00","breadcrumb":{"@id":"https:\/\/ruuby.ee\/pood\/kodusisustus\/valgustus\/laualamabid\/umage-valgusti-aluvia\/#breadcrumb"},"inLanguage":"en-GB","potentialAction":[{"@type":"ReadAction","target":["https:\/\/ruuby.ee\/pood\/kodusisustus\/valgustus\/laualamabid\/umage-valgusti-aluvia\/"]}]},{"@type":"ImageObject","inLanguage":"en-GB","@id":"https:\/\/ruuby.ee\/pood\/kodusisustus\/valgustus\/laualamabid\/umage-valgusti-aluvia\/#primaryimage","url":"http:\/\/ruuby.ee\/wp-content\/uploads\/2023\/08\/Screenshot-2023-08-25-at-14.24.47.png","contentUrl":"http:\/\/ruuby.ee\/wp-content\/uploads\/2023\/08\/Screenshot-2023-08-25-at-14.24.47.png","width":1036,"height":1108},{"@type":"BreadcrumbList","@id":"https:\/\/ruuby.ee\/pood\/kodusisustus\/valgustus\/laualamabid\/umage-valgusti-aluvia\/#breadcrumb","itemListElement":[{"@type":"ListItem","position":1,"name":"Kdu","item":"https:\/\/ruuby.ee\/en\/"},{"@type":"ListItem","position":2,"name":"Pood","item":"https:\/\/ruuby.ee\/pood\/"},{"@type":"ListItem","position":3,"name":"UMAGE &#8211; valgusti, Aluvia"}]},{"@type":"WebSite","@id":"https:\/\/ruuby.ee\/en\/#website","url":"https:\/\/ruuby.ee\/en\/","name":"RUUBY","description":"Ruubys on \u00fchendatud elustiil ja disain","publisher":{"@id":"https:\/\/ruuby.ee\/en\/#organization"},"alternateName":"Ruuby Disain","potentialAction":[{"@type":"SearchAction","target":{"@type":"EntryPoint","urlTemplate":"https:\/\/ruuby.ee\/en\/?s={search_term_string}"},"query-input":{"@type":"PropertyValueSpecification","valueRequired":true,"valueName":"search_term_string"}}],"inLanguage":"en-GB"},{"@type":"Organization","@id":"https:\/\/ruuby.ee\/en\/#organization","name":"Ruuby Disain O\u00dc","alternateName":"Ruuby","url":"https:\/\/ruuby.ee\/en\/","logo":{"@type":"ImageObject","inLanguage":"en-GB","@id":"https:\/\/ruuby.ee\/en\/#\/schema\/logo\/image\/","url":"http:\/\/ruuby.ee\/wp-content\/uploads\/2023\/06\/cropped-Black-White-Elegant-Circle-Signature-Fashion-Logo-12_large.png","contentUrl":"http:\/\/ruuby.ee\/wp-content\/uploads\/2023\/06\/cropped-Black-White-Elegant-Circle-Signature-Fashion-Logo-12_large.png","width":1280,"height":747,"caption":"Ruuby Disain O\u00dc"},"image":{"@id":"https:\/\/ruuby.ee\/en\/#\/schema\/logo\/image\/"},"sameAs":["https:\/\/www.facebook.com\/ruubyconcept","https:\/\/www.instagram.com\/ruuby_concept\/"]}]}},"jetpack_sharing_enabled":true,"_links":{"self":[{"href":"http:\/\/ruuby.ee\/en\/wp-json\/wp\/v2\/product\/1838560","targetHints":{"allow":["GET"]}}],"collection":[{"href":"http:\/\/ruuby.ee\/en\/wp-json\/wp\/v2\/product"}],"about":[{"href":"http:\/\/ruuby.ee\/en\/wp-json\/wp\/v2\/types\/product"}],"replies":[{"embeddable":true,"href":"http:\/\/ruuby.ee\/en\/wp-json\/wp\/v2\/comments?post=1838560"}],"wp:featuredmedia":[{"embeddable":true,"href":"http:\/\/ruuby.ee\/en\/wp-json\/wp\/v2\/media\/1838574"}],"wp:attachment":[{"href":"http:\/\/ruuby.ee\/en\/wp-json\/wp\/v2\/media?parent=1838560"}],"wp:term":[{"taxonomy":"product_brand","embeddable":true,"href":"http:\/\/ruuby.ee\/en\/wp-json\/wp\/v2\/product_brand?post=1838560"},{"taxonomy":"product_cat","embeddable":true,"href":"http:\/\/ruuby.ee\/en\/wp-json\/wp\/v2\/product_cat?post=1838560"},{"taxonomy":"product_tag","embeddable":true,"href":"http:\/\/ruuby.ee\/en\/wp-json\/wp\/v2\/product_tag?post=1838560"}],"curies":[{"name":"wp","href":"https:\/\/api.w.org\/{rel}","templated":true}]}}