{"id":1838548,"date":"2023-08-25T14:13:20","date_gmt":"2023-08-25T11:13:20","guid":{"rendered":"http:\/\/ruuby.ee\/?post_type=product&#038;p=1838548"},"modified":"2026-04-04T01:25:02","modified_gmt":"2026-04-03T22:25:02","slug":"umage-laelamp-faraday","status":"publish","type":"product","link":"http:\/\/ruuby.ee\/en\/pood\/kodusisustus\/valgustus\/laelambid\/umage-laelamp-faraday\/","title":{"rendered":"UMAGE &#8211; laelamp, Faraday"},"content":{"rendered":"<p>Lisage oma kodu sisekujundusele Faraday lambivarjuga elegantne h\u00f5ng.<\/p>\n<p>Sellel skulpturaalsel kunstiteosel on keerukas messingist v\u00f5rgustruktuur, mis v\u00f5lub kindlasti pilku. Selle sees olev piimvalge gloobus tagab pimestamiseta valgustuse, mist\u00f5ttu sobib see ideaalselt teie s\u00f6\u00f6gilauale v\u00f5i esikusse.<\/p>\n<p>Briti teadlase Michael Faraday puuriteooriast inspireeritud lambivarjul on peen ruudustik, mis filtreerib kaunilt valgust, heites teie seintele lummava s\u00e4ra. Elegantne disain avaldab austust \u00fchele t\u00e4helepanuv\u00e4\u00e4rsemale avastusele teaduse ja tehnoloogia ajaloos.<\/p>\n<p>Lambivari on valmistatud messingiga kaetud terasest ja valgest opaalklaasist ning seda saab segada ja sobitada erinevate juhtmekomplektide ja varikatustega UMAGE valgustitarvikute kollektsioonist. Selle kontrastsed messingdetailid ja piimvalge maakera lisavad teie sisekujundusele s\u00e4deme rafineeritust ja valgustavad teie kodu stiilselt. Juurde saad valida sobiliku disaini ja tooniga juhtmega sokli.<\/p>\n<p>M\u00f5\u00f5dud:<\/p>\n<p>Keskmine: \u00d8: 45 cm x H: 21.8 cm<br \/>\nSuur: \u00d8: 60.4 cm x H: 26 cm<\/p>\n<p>Kaal:<\/p>\n<p>Keskmine: 1.6 kg<br \/>\nSuur: 2.1 kg<\/p>\n<p>Valgusallikas: E26 \/ E27 &#8211; max 15W LED (ei sisaldu komplektis)<\/p>","protected":false},"excerpt":{"rendered":"<p>Lisage oma kodu sisekujundusele Faraday lambivarjuga elegantne h\u00f5ng. Sellel skulpturaalsel kunstiteosel on keerukas messingist v\u00f5rgustruktuur, mis v\u00f5lub kindlasti pilku. Selle sees olev piimvalge gloobus tagab pimestamiseta valgustuse, mist\u00f5ttu sobib see ideaalselt teie s\u00f6\u00f6gilauale v\u00f5i esikusse. Briti teadlase Michael Faraday puuriteooriast inspireeritud lambivarjul on peen ruudustik, mis filtreerib kaunilt valgust, heites teie seintele lummava s\u00e4ra. Elegantne [&hellip;]<\/p>\n","protected":false},"featured_media":1838551,"comment_status":"open","ping_status":"closed","template":"","meta":[],"product_brand":[],"product_cat":[798,59],"product_tag":[257,150,256],"class_list":{"0":"post-1838548","1":"product","2":"type-product","3":"status-publish","4":"has-post-thumbnail","6":"product_cat-laelambid","7":"product_cat-valgustus","8":"product_tag-laevalgusti","9":"product_tag-umage","10":"product_tag-valgusti","12":"first","13":"onbackorder","14":"taxable","15":"shipping-taxable","16":"purchasable","17":"product-type-variable","18":"rtwpvs-product"},"yoast_head":"<!-- This site is optimized with the Yoast SEO plugin v27.2 - https:\/\/yoast.com\/product\/yoast-seo-wordpress\/ -->\n<title>UMAGE - laelamp, Faraday - RUUBY<\/title>\n<meta name=\"robots\" content=\"index, follow, max-snippet:-1, max-image-preview:large, max-video-preview:-1\" \/>\n<link rel=\"canonical\" href=\"https:\/\/ruuby.ee\/en\/pood\/kodusisustus\/valgustus\/laelambid\/umage-laelamp-faraday\/\" \/>\n<meta property=\"og:locale\" content=\"en_GB\" \/>\n<meta property=\"og:type\" content=\"article\" \/>\n<meta property=\"og:title\" content=\"UMAGE - laelamp, Faraday - RUUBY\" \/>\n<meta property=\"og:description\" content=\"Lisage oma kodu sisekujundusele Faraday lambivarjuga elegantne h\u00f5ng. Sellel skulpturaalsel kunstiteosel on keerukas messingist v\u00f5rgustruktuur, mis v\u00f5lub kindlasti pilku. Selle sees olev piimvalge gloobus tagab pimestamiseta valgustuse, mist\u00f5ttu sobib see ideaalselt teie s\u00f6\u00f6gilauale v\u00f5i esikusse. Briti teadlase Michael Faraday puuriteooriast inspireeritud lambivarjul on peen ruudustik, mis filtreerib kaunilt valgust, heites teie seintele lummava s\u00e4ra. Elegantne [&hellip;]\" \/>\n<meta property=\"og:url\" content=\"https:\/\/ruuby.ee\/en\/pood\/kodusisustus\/valgustus\/laelambid\/umage-laelamp-faraday\/\" \/>\n<meta property=\"og:site_name\" content=\"RUUBY\" \/>\n<meta property=\"article:publisher\" content=\"https:\/\/www.facebook.com\/ruubyconcept\" \/>\n<meta property=\"article:modified_time\" content=\"2026-04-03T22:25:02+00:00\" \/>\n<meta property=\"og:image\" content=\"https:\/\/ruuby.ee\/wp-content\/uploads\/2023\/08\/Screenshot-2023-08-25-at-14.09.22.png\" \/>\n\t<meta property=\"og:image:width\" content=\"1118\" \/>\n\t<meta property=\"og:image:height\" content=\"862\" \/>\n\t<meta property=\"og:image:type\" content=\"image\/png\" \/>\n<meta name=\"twitter:card\" content=\"summary_large_image\" \/>\n<meta name=\"twitter:label1\" content=\"Estimated reading time\" \/>\n\t<meta name=\"twitter:data1\" content=\"1 minute\" \/>\n<script type=\"application\/ld+json\" class=\"yoast-schema-graph\">{\"@context\":\"https:\/\/schema.org\",\"@graph\":[{\"@type\":[\"WebPage\",\"ItemPage\"],\"@id\":\"https:\/\/ruuby.ee\/pood\/kodusisustus\/valgustus\/laelambid\/umage-laelamp-faraday\/\",\"url\":\"https:\/\/ruuby.ee\/pood\/kodusisustus\/valgustus\/laelambid\/umage-laelamp-faraday\/\",\"name\":\"UMAGE - laelamp, Faraday - RUUBY\",\"isPartOf\":{\"@id\":\"https:\/\/ruuby.ee\/en\/#website\"},\"primaryImageOfPage\":{\"@id\":\"https:\/\/ruuby.ee\/pood\/kodusisustus\/valgustus\/laelambid\/umage-laelamp-faraday\/#primaryimage\"},\"image\":{\"@id\":\"https:\/\/ruuby.ee\/pood\/kodusisustus\/valgustus\/laelambid\/umage-laelamp-faraday\/#primaryimage\"},\"thumbnailUrl\":\"http:\/\/ruuby.ee\/wp-content\/uploads\/2023\/08\/Screenshot-2023-08-25-at-14.09.22.png\",\"datePublished\":\"2023-08-25T11:13:20+00:00\",\"dateModified\":\"2026-04-03T22:25:02+00:00\",\"breadcrumb\":{\"@id\":\"https:\/\/ruuby.ee\/pood\/kodusisustus\/valgustus\/laelambid\/umage-laelamp-faraday\/#breadcrumb\"},\"inLanguage\":\"en-GB\",\"potentialAction\":[{\"@type\":\"ReadAction\",\"target\":[\"https:\/\/ruuby.ee\/pood\/kodusisustus\/valgustus\/laelambid\/umage-laelamp-faraday\/\"]}]},{\"@type\":\"ImageObject\",\"inLanguage\":\"en-GB\",\"@id\":\"https:\/\/ruuby.ee\/pood\/kodusisustus\/valgustus\/laelambid\/umage-laelamp-faraday\/#primaryimage\",\"url\":\"http:\/\/ruuby.ee\/wp-content\/uploads\/2023\/08\/Screenshot-2023-08-25-at-14.09.22.png\",\"contentUrl\":\"http:\/\/ruuby.ee\/wp-content\/uploads\/2023\/08\/Screenshot-2023-08-25-at-14.09.22.png\",\"width\":1118,\"height\":862},{\"@type\":\"BreadcrumbList\",\"@id\":\"https:\/\/ruuby.ee\/pood\/kodusisustus\/valgustus\/laelambid\/umage-laelamp-faraday\/#breadcrumb\",\"itemListElement\":[{\"@type\":\"ListItem\",\"position\":1,\"name\":\"Kdu\",\"item\":\"https:\/\/ruuby.ee\/en\/\"},{\"@type\":\"ListItem\",\"position\":2,\"name\":\"Pood\",\"item\":\"https:\/\/ruuby.ee\/pood\/\"},{\"@type\":\"ListItem\",\"position\":3,\"name\":\"UMAGE &#8211; laelamp, Faraday\"}]},{\"@type\":\"WebSite\",\"@id\":\"https:\/\/ruuby.ee\/en\/#website\",\"url\":\"https:\/\/ruuby.ee\/en\/\",\"name\":\"RUUBY\",\"description\":\"Ruubys on \u00fchendatud elustiil ja disain\",\"publisher\":{\"@id\":\"https:\/\/ruuby.ee\/en\/#organization\"},\"alternateName\":\"Ruuby Disain\",\"potentialAction\":[{\"@type\":\"SearchAction\",\"target\":{\"@type\":\"EntryPoint\",\"urlTemplate\":\"https:\/\/ruuby.ee\/en\/?s={search_term_string}\"},\"query-input\":{\"@type\":\"PropertyValueSpecification\",\"valueRequired\":true,\"valueName\":\"search_term_string\"}}],\"inLanguage\":\"en-GB\"},{\"@type\":\"Organization\",\"@id\":\"https:\/\/ruuby.ee\/en\/#organization\",\"name\":\"Ruuby Disain O\u00dc\",\"alternateName\":\"Ruuby\",\"url\":\"https:\/\/ruuby.ee\/en\/\",\"logo\":{\"@type\":\"ImageObject\",\"inLanguage\":\"en-GB\",\"@id\":\"https:\/\/ruuby.ee\/en\/#\/schema\/logo\/image\/\",\"url\":\"http:\/\/ruuby.ee\/wp-content\/uploads\/2023\/06\/cropped-Black-White-Elegant-Circle-Signature-Fashion-Logo-12_large.png\",\"contentUrl\":\"http:\/\/ruuby.ee\/wp-content\/uploads\/2023\/06\/cropped-Black-White-Elegant-Circle-Signature-Fashion-Logo-12_large.png\",\"width\":1280,\"height\":747,\"caption\":\"Ruuby Disain O\u00dc\"},\"image\":{\"@id\":\"https:\/\/ruuby.ee\/en\/#\/schema\/logo\/image\/\"},\"sameAs\":[\"https:\/\/www.facebook.com\/ruubyconcept\",\"https:\/\/www.instagram.com\/ruuby_concept\/\"]}]}<\/script>\n<!-- \/ Yoast SEO plugin. -->","yoast_head_json":{"title":"UMAGE - laelamp, Faraday - RUUBY","robots":{"index":"index","follow":"follow","max-snippet":"max-snippet:-1","max-image-preview":"max-image-preview:large","max-video-preview":"max-video-preview:-1"},"canonical":"https:\/\/ruuby.ee\/en\/pood\/kodusisustus\/valgustus\/laelambid\/umage-laelamp-faraday\/","og_locale":"en_GB","og_type":"article","og_title":"UMAGE - laelamp, Faraday - RUUBY","og_description":"Lisage oma kodu sisekujundusele Faraday lambivarjuga elegantne h\u00f5ng. Sellel skulpturaalsel kunstiteosel on keerukas messingist v\u00f5rgustruktuur, mis v\u00f5lub kindlasti pilku. Selle sees olev piimvalge gloobus tagab pimestamiseta valgustuse, mist\u00f5ttu sobib see ideaalselt teie s\u00f6\u00f6gilauale v\u00f5i esikusse. Briti teadlase Michael Faraday puuriteooriast inspireeritud lambivarjul on peen ruudustik, mis filtreerib kaunilt valgust, heites teie seintele lummava s\u00e4ra. Elegantne [&hellip;]","og_url":"https:\/\/ruuby.ee\/en\/pood\/kodusisustus\/valgustus\/laelambid\/umage-laelamp-faraday\/","og_site_name":"RUUBY","article_publisher":"https:\/\/www.facebook.com\/ruubyconcept","article_modified_time":"2026-04-03T22:25:02+00:00","og_image":[{"width":1118,"height":862,"url":"https:\/\/ruuby.ee\/wp-content\/uploads\/2023\/08\/Screenshot-2023-08-25-at-14.09.22.png","type":"image\/png"}],"twitter_card":"summary_large_image","twitter_misc":{"Estimated reading time":"1 minute"},"schema":{"@context":"https:\/\/schema.org","@graph":[{"@type":["WebPage","ItemPage"],"@id":"https:\/\/ruuby.ee\/pood\/kodusisustus\/valgustus\/laelambid\/umage-laelamp-faraday\/","url":"https:\/\/ruuby.ee\/pood\/kodusisustus\/valgustus\/laelambid\/umage-laelamp-faraday\/","name":"UMAGE - laelamp, Faraday - RUUBY","isPartOf":{"@id":"https:\/\/ruuby.ee\/en\/#website"},"primaryImageOfPage":{"@id":"https:\/\/ruuby.ee\/pood\/kodusisustus\/valgustus\/laelambid\/umage-laelamp-faraday\/#primaryimage"},"image":{"@id":"https:\/\/ruuby.ee\/pood\/kodusisustus\/valgustus\/laelambid\/umage-laelamp-faraday\/#primaryimage"},"thumbnailUrl":"http:\/\/ruuby.ee\/wp-content\/uploads\/2023\/08\/Screenshot-2023-08-25-at-14.09.22.png","datePublished":"2023-08-25T11:13:20+00:00","dateModified":"2026-04-03T22:25:02+00:00","breadcrumb":{"@id":"https:\/\/ruuby.ee\/pood\/kodusisustus\/valgustus\/laelambid\/umage-laelamp-faraday\/#breadcrumb"},"inLanguage":"en-GB","potentialAction":[{"@type":"ReadAction","target":["https:\/\/ruuby.ee\/pood\/kodusisustus\/valgustus\/laelambid\/umage-laelamp-faraday\/"]}]},{"@type":"ImageObject","inLanguage":"en-GB","@id":"https:\/\/ruuby.ee\/pood\/kodusisustus\/valgustus\/laelambid\/umage-laelamp-faraday\/#primaryimage","url":"http:\/\/ruuby.ee\/wp-content\/uploads\/2023\/08\/Screenshot-2023-08-25-at-14.09.22.png","contentUrl":"http:\/\/ruuby.ee\/wp-content\/uploads\/2023\/08\/Screenshot-2023-08-25-at-14.09.22.png","width":1118,"height":862},{"@type":"BreadcrumbList","@id":"https:\/\/ruuby.ee\/pood\/kodusisustus\/valgustus\/laelambid\/umage-laelamp-faraday\/#breadcrumb","itemListElement":[{"@type":"ListItem","position":1,"name":"Kdu","item":"https:\/\/ruuby.ee\/en\/"},{"@type":"ListItem","position":2,"name":"Pood","item":"https:\/\/ruuby.ee\/pood\/"},{"@type":"ListItem","position":3,"name":"UMAGE &#8211; laelamp, Faraday"}]},{"@type":"WebSite","@id":"https:\/\/ruuby.ee\/en\/#website","url":"https:\/\/ruuby.ee\/en\/","name":"RUUBY","description":"Ruubys on \u00fchendatud elustiil ja disain","publisher":{"@id":"https:\/\/ruuby.ee\/en\/#organization"},"alternateName":"Ruuby Disain","potentialAction":[{"@type":"SearchAction","target":{"@type":"EntryPoint","urlTemplate":"https:\/\/ruuby.ee\/en\/?s={search_term_string}"},"query-input":{"@type":"PropertyValueSpecification","valueRequired":true,"valueName":"search_term_string"}}],"inLanguage":"en-GB"},{"@type":"Organization","@id":"https:\/\/ruuby.ee\/en\/#organization","name":"Ruuby Disain O\u00dc","alternateName":"Ruuby","url":"https:\/\/ruuby.ee\/en\/","logo":{"@type":"ImageObject","inLanguage":"en-GB","@id":"https:\/\/ruuby.ee\/en\/#\/schema\/logo\/image\/","url":"http:\/\/ruuby.ee\/wp-content\/uploads\/2023\/06\/cropped-Black-White-Elegant-Circle-Signature-Fashion-Logo-12_large.png","contentUrl":"http:\/\/ruuby.ee\/wp-content\/uploads\/2023\/06\/cropped-Black-White-Elegant-Circle-Signature-Fashion-Logo-12_large.png","width":1280,"height":747,"caption":"Ruuby Disain O\u00dc"},"image":{"@id":"https:\/\/ruuby.ee\/en\/#\/schema\/logo\/image\/"},"sameAs":["https:\/\/www.facebook.com\/ruubyconcept","https:\/\/www.instagram.com\/ruuby_concept\/"]}]}},"jetpack_sharing_enabled":true,"_links":{"self":[{"href":"http:\/\/ruuby.ee\/en\/wp-json\/wp\/v2\/product\/1838548","targetHints":{"allow":["GET"]}}],"collection":[{"href":"http:\/\/ruuby.ee\/en\/wp-json\/wp\/v2\/product"}],"about":[{"href":"http:\/\/ruuby.ee\/en\/wp-json\/wp\/v2\/types\/product"}],"replies":[{"embeddable":true,"href":"http:\/\/ruuby.ee\/en\/wp-json\/wp\/v2\/comments?post=1838548"}],"wp:featuredmedia":[{"embeddable":true,"href":"http:\/\/ruuby.ee\/en\/wp-json\/wp\/v2\/media\/1838551"}],"wp:attachment":[{"href":"http:\/\/ruuby.ee\/en\/wp-json\/wp\/v2\/media?parent=1838548"}],"wp:term":[{"taxonomy":"product_brand","embeddable":true,"href":"http:\/\/ruuby.ee\/en\/wp-json\/wp\/v2\/product_brand?post=1838548"},{"taxonomy":"product_cat","embeddable":true,"href":"http:\/\/ruuby.ee\/en\/wp-json\/wp\/v2\/product_cat?post=1838548"},{"taxonomy":"product_tag","embeddable":true,"href":"http:\/\/ruuby.ee\/en\/wp-json\/wp\/v2\/product_tag?post=1838548"}],"curies":[{"name":"wp","href":"https:\/\/api.w.org\/{rel}","templated":true}]}}