{"id":1838239,"date":"2023-08-09T16:19:54","date_gmt":"2023-08-09T13:19:54","guid":{"rendered":"http:\/\/ruuby.ee\/?post_type=product&#038;p=1838239"},"modified":"2026-04-05T01:25:33","modified_gmt":"2026-04-04T22:25:33","slug":"umage-a-conversation-piece-puhketool","status":"publish","type":"product","link":"http:\/\/ruuby.ee\/en\/pood\/kodusisustus\/moobel\/toolid\/umage-a-conversation-piece-puhketool\/","title":{"rendered":"UMAGE  &#8211; A Conversation Piece, puhketool"},"content":{"rendered":"<p>A Conversation Piece low on puhketool, mis julgustab l\u00f5\u00f5gastuma ja s\u00f5pradega vestlema. See sobib ideaalselt kasutamiseks elutoas, nurgatoolina v\u00f5i t\u00e4iendava puhkeala osana. Mugava kuju t\u00f5ttu sobib see ka magamistuppa v\u00f5i lisatooliks lasteaias.<\/p>\n<p>Lamamistool on saadaval tamme, tumeda tamme ja musta tamme v\u00e4rvides neljas hoolikalt valitud v\u00e4rvitoonis 100% taaskasutatud Horizonsi tekstiilist.<\/p>\n<p>Conversation Piece low-l on vahetatav polster, mis t\u00e4hendab, et saate polstrit lihtsalt ise vahetada ja disainile uut elu lisada ilma, et peaksite ostma t\u00e4iesti uut m\u00f6\u00f6blit\u00fckki, s\u00e4\u00e4stes sellega maailma ressursse.<\/p>\n<p>M\u00f5\u00f5dud: H \u00d7 W \u00d7 D: 83 \u00d7 70 \u00d7 83 cm<\/p>\n<p>Kaal: 16.5 kg<\/p>\n<p>&nbsp;<\/p>\n<p>&nbsp;<\/p>","protected":false},"excerpt":{"rendered":"<p>A Conversation Piece low on puhketool, mis julgustab l\u00f5\u00f5gastuma ja s\u00f5pradega vestlema. See sobib ideaalselt kasutamiseks elutoas, nurgatoolina v\u00f5i t\u00e4iendava puhkeala osana. Mugava kuju t\u00f5ttu sobib see ka magamistuppa v\u00f5i lisatooliks lasteaias. Lamamistool on saadaval tamme, tumeda tamme ja musta tamme v\u00e4rvides neljas hoolikalt valitud v\u00e4rvitoonis 100% taaskasutatud Horizonsi tekstiilist. Conversation Piece low-l on vahetatav [&hellip;]<\/p>\n","protected":false},"featured_media":1838252,"comment_status":"open","ping_status":"closed","template":"","meta":[],"product_brand":[],"product_cat":[42,555],"product_tag":[411,150],"class_list":{"0":"post-1838239","1":"product","2":"type-product","3":"status-publish","4":"has-post-thumbnail","6":"product_cat-kodusisustus","7":"product_cat-toolid","8":"product_tag-puhketool","9":"product_tag-umage","11":"first","12":"onbackorder","13":"taxable","14":"shipping-taxable","15":"purchasable","16":"product-type-variable","17":"rtwpvs-product"},"yoast_head":"<!-- This site is optimized with the Yoast SEO plugin v27.2 - https:\/\/yoast.com\/product\/yoast-seo-wordpress\/ -->\n<title>UMAGE - A Conversation Piece, puhketool - RUUBY<\/title>\n<meta name=\"robots\" content=\"index, follow, max-snippet:-1, max-image-preview:large, max-video-preview:-1\" \/>\n<link rel=\"canonical\" href=\"http:\/\/ruuby.ee\/en\/pood\/kodusisustus\/moobel\/toolid\/umage-a-conversation-piece-puhketool\/\" \/>\n<meta property=\"og:locale\" content=\"en_GB\" \/>\n<meta property=\"og:type\" content=\"article\" \/>\n<meta property=\"og:title\" content=\"UMAGE - A Conversation Piece, puhketool - RUUBY\" \/>\n<meta property=\"og:description\" content=\"A Conversation Piece low on puhketool, mis julgustab l\u00f5\u00f5gastuma ja s\u00f5pradega vestlema. See sobib ideaalselt kasutamiseks elutoas, nurgatoolina v\u00f5i t\u00e4iendava puhkeala osana. Mugava kuju t\u00f5ttu sobib see ka magamistuppa v\u00f5i lisatooliks lasteaias. Lamamistool on saadaval tamme, tumeda tamme ja musta tamme v\u00e4rvides neljas hoolikalt valitud v\u00e4rvitoonis 100% taaskasutatud Horizonsi tekstiilist. Conversation Piece low-l on vahetatav [&hellip;]\" \/>\n<meta property=\"og:url\" content=\"http:\/\/ruuby.ee\/en\/pood\/kodusisustus\/moobel\/toolid\/umage-a-conversation-piece-puhketool\/\" \/>\n<meta property=\"og:site_name\" content=\"RUUBY\" \/>\n<meta property=\"article:publisher\" content=\"https:\/\/www.facebook.com\/ruubyconcept\" \/>\n<meta property=\"article:modified_time\" content=\"2026-04-04T22:25:33+00:00\" \/>\n<meta property=\"og:image\" content=\"http:\/\/ruuby.ee\/wp-content\/uploads\/2023\/08\/Screenshot-2023-08-09-at-15.54.17.png\" \/>\n\t<meta property=\"og:image:width\" content=\"1120\" \/>\n\t<meta property=\"og:image:height\" content=\"1116\" \/>\n\t<meta property=\"og:image:type\" content=\"image\/png\" \/>\n<meta name=\"twitter:card\" content=\"summary_large_image\" \/>\n<meta name=\"twitter:label1\" content=\"Estimated reading time\" \/>\n\t<meta name=\"twitter:data1\" content=\"1 minute\" \/>\n<script type=\"application\/ld+json\" class=\"yoast-schema-graph\">{\"@context\":\"https:\/\/schema.org\",\"@graph\":[{\"@type\":[\"WebPage\",\"ItemPage\"],\"@id\":\"http:\/\/ruuby.ee\/en\/pood\/kodusisustus\/moobel\/toolid\/umage-a-conversation-piece-puhketool\/\",\"url\":\"http:\/\/ruuby.ee\/en\/pood\/kodusisustus\/moobel\/toolid\/umage-a-conversation-piece-puhketool\/\",\"name\":\"UMAGE - A Conversation Piece, puhketool - RUUBY\",\"isPartOf\":{\"@id\":\"http:\/\/ruuby.ee\/#website\"},\"primaryImageOfPage\":{\"@id\":\"http:\/\/ruuby.ee\/en\/pood\/kodusisustus\/moobel\/toolid\/umage-a-conversation-piece-puhketool\/#primaryimage\"},\"image\":{\"@id\":\"http:\/\/ruuby.ee\/en\/pood\/kodusisustus\/moobel\/toolid\/umage-a-conversation-piece-puhketool\/#primaryimage\"},\"thumbnailUrl\":\"http:\/\/ruuby.ee\/wp-content\/uploads\/2023\/08\/Screenshot-2023-08-09-at-15.54.17.png\",\"datePublished\":\"2023-08-09T13:19:54+00:00\",\"dateModified\":\"2026-04-04T22:25:33+00:00\",\"breadcrumb\":{\"@id\":\"http:\/\/ruuby.ee\/en\/pood\/kodusisustus\/moobel\/toolid\/umage-a-conversation-piece-puhketool\/#breadcrumb\"},\"inLanguage\":\"en-GB\",\"potentialAction\":[{\"@type\":\"ReadAction\",\"target\":[\"http:\/\/ruuby.ee\/en\/pood\/kodusisustus\/moobel\/toolid\/umage-a-conversation-piece-puhketool\/\"]}]},{\"@type\":\"ImageObject\",\"inLanguage\":\"en-GB\",\"@id\":\"http:\/\/ruuby.ee\/en\/pood\/kodusisustus\/moobel\/toolid\/umage-a-conversation-piece-puhketool\/#primaryimage\",\"url\":\"http:\/\/ruuby.ee\/wp-content\/uploads\/2023\/08\/Screenshot-2023-08-09-at-15.54.17.png\",\"contentUrl\":\"http:\/\/ruuby.ee\/wp-content\/uploads\/2023\/08\/Screenshot-2023-08-09-at-15.54.17.png\",\"width\":1120,\"height\":1116},{\"@type\":\"BreadcrumbList\",\"@id\":\"http:\/\/ruuby.ee\/en\/pood\/kodusisustus\/moobel\/toolid\/umage-a-conversation-piece-puhketool\/#breadcrumb\",\"itemListElement\":[{\"@type\":\"ListItem\",\"position\":1,\"name\":\"Kdu\",\"item\":\"http:\/\/ruuby.ee\/\"},{\"@type\":\"ListItem\",\"position\":2,\"name\":\"Pood\",\"item\":\"https:\/\/ruuby.ee\/en\/pood\/\"},{\"@type\":\"ListItem\",\"position\":3,\"name\":\"UMAGE &#8211; A Conversation Piece, puhketool\"}]},{\"@type\":\"WebSite\",\"@id\":\"http:\/\/ruuby.ee\/#website\",\"url\":\"http:\/\/ruuby.ee\/\",\"name\":\"RUUBY\",\"description\":\"Ruubys on \u00fchendatud elustiil ja disain\",\"publisher\":{\"@id\":\"http:\/\/ruuby.ee\/#organization\"},\"alternateName\":\"Ruuby Disain\",\"potentialAction\":[{\"@type\":\"SearchAction\",\"target\":{\"@type\":\"EntryPoint\",\"urlTemplate\":\"http:\/\/ruuby.ee\/?s={search_term_string}\"},\"query-input\":{\"@type\":\"PropertyValueSpecification\",\"valueRequired\":true,\"valueName\":\"search_term_string\"}}],\"inLanguage\":\"en-GB\"},{\"@type\":\"Organization\",\"@id\":\"http:\/\/ruuby.ee\/#organization\",\"name\":\"Ruuby Disain O\u00dc\",\"alternateName\":\"Ruuby\",\"url\":\"http:\/\/ruuby.ee\/\",\"logo\":{\"@type\":\"ImageObject\",\"inLanguage\":\"en-GB\",\"@id\":\"http:\/\/ruuby.ee\/#\/schema\/logo\/image\/\",\"url\":\"http:\/\/ruuby.ee\/wp-content\/uploads\/2023\/06\/cropped-Black-White-Elegant-Circle-Signature-Fashion-Logo-12_large.png\",\"contentUrl\":\"http:\/\/ruuby.ee\/wp-content\/uploads\/2023\/06\/cropped-Black-White-Elegant-Circle-Signature-Fashion-Logo-12_large.png\",\"width\":1280,\"height\":747,\"caption\":\"Ruuby Disain O\u00dc\"},\"image\":{\"@id\":\"http:\/\/ruuby.ee\/#\/schema\/logo\/image\/\"},\"sameAs\":[\"https:\/\/www.facebook.com\/ruubyconcept\",\"https:\/\/www.instagram.com\/ruuby_concept\/\"]}]}<\/script>\n<!-- \/ Yoast SEO plugin. -->","yoast_head_json":{"title":"UMAGE - A Conversation Piece, puhketool - RUUBY","robots":{"index":"index","follow":"follow","max-snippet":"max-snippet:-1","max-image-preview":"max-image-preview:large","max-video-preview":"max-video-preview:-1"},"canonical":"http:\/\/ruuby.ee\/en\/pood\/kodusisustus\/moobel\/toolid\/umage-a-conversation-piece-puhketool\/","og_locale":"en_GB","og_type":"article","og_title":"UMAGE - A Conversation Piece, puhketool - RUUBY","og_description":"A Conversation Piece low on puhketool, mis julgustab l\u00f5\u00f5gastuma ja s\u00f5pradega vestlema. See sobib ideaalselt kasutamiseks elutoas, nurgatoolina v\u00f5i t\u00e4iendava puhkeala osana. Mugava kuju t\u00f5ttu sobib see ka magamistuppa v\u00f5i lisatooliks lasteaias. Lamamistool on saadaval tamme, tumeda tamme ja musta tamme v\u00e4rvides neljas hoolikalt valitud v\u00e4rvitoonis 100% taaskasutatud Horizonsi tekstiilist. Conversation Piece low-l on vahetatav [&hellip;]","og_url":"http:\/\/ruuby.ee\/en\/pood\/kodusisustus\/moobel\/toolid\/umage-a-conversation-piece-puhketool\/","og_site_name":"RUUBY","article_publisher":"https:\/\/www.facebook.com\/ruubyconcept","article_modified_time":"2026-04-04T22:25:33+00:00","og_image":[{"width":1120,"height":1116,"url":"http:\/\/ruuby.ee\/wp-content\/uploads\/2023\/08\/Screenshot-2023-08-09-at-15.54.17.png","type":"image\/png"}],"twitter_card":"summary_large_image","twitter_misc":{"Estimated reading time":"1 minute"},"schema":{"@context":"https:\/\/schema.org","@graph":[{"@type":["WebPage","ItemPage"],"@id":"http:\/\/ruuby.ee\/en\/pood\/kodusisustus\/moobel\/toolid\/umage-a-conversation-piece-puhketool\/","url":"http:\/\/ruuby.ee\/en\/pood\/kodusisustus\/moobel\/toolid\/umage-a-conversation-piece-puhketool\/","name":"UMAGE - A Conversation Piece, puhketool - RUUBY","isPartOf":{"@id":"http:\/\/ruuby.ee\/#website"},"primaryImageOfPage":{"@id":"http:\/\/ruuby.ee\/en\/pood\/kodusisustus\/moobel\/toolid\/umage-a-conversation-piece-puhketool\/#primaryimage"},"image":{"@id":"http:\/\/ruuby.ee\/en\/pood\/kodusisustus\/moobel\/toolid\/umage-a-conversation-piece-puhketool\/#primaryimage"},"thumbnailUrl":"http:\/\/ruuby.ee\/wp-content\/uploads\/2023\/08\/Screenshot-2023-08-09-at-15.54.17.png","datePublished":"2023-08-09T13:19:54+00:00","dateModified":"2026-04-04T22:25:33+00:00","breadcrumb":{"@id":"http:\/\/ruuby.ee\/en\/pood\/kodusisustus\/moobel\/toolid\/umage-a-conversation-piece-puhketool\/#breadcrumb"},"inLanguage":"en-GB","potentialAction":[{"@type":"ReadAction","target":["http:\/\/ruuby.ee\/en\/pood\/kodusisustus\/moobel\/toolid\/umage-a-conversation-piece-puhketool\/"]}]},{"@type":"ImageObject","inLanguage":"en-GB","@id":"http:\/\/ruuby.ee\/en\/pood\/kodusisustus\/moobel\/toolid\/umage-a-conversation-piece-puhketool\/#primaryimage","url":"http:\/\/ruuby.ee\/wp-content\/uploads\/2023\/08\/Screenshot-2023-08-09-at-15.54.17.png","contentUrl":"http:\/\/ruuby.ee\/wp-content\/uploads\/2023\/08\/Screenshot-2023-08-09-at-15.54.17.png","width":1120,"height":1116},{"@type":"BreadcrumbList","@id":"http:\/\/ruuby.ee\/en\/pood\/kodusisustus\/moobel\/toolid\/umage-a-conversation-piece-puhketool\/#breadcrumb","itemListElement":[{"@type":"ListItem","position":1,"name":"Kdu","item":"http:\/\/ruuby.ee\/"},{"@type":"ListItem","position":2,"name":"Pood","item":"https:\/\/ruuby.ee\/en\/pood\/"},{"@type":"ListItem","position":3,"name":"UMAGE &#8211; A Conversation Piece, puhketool"}]},{"@type":"WebSite","@id":"http:\/\/ruuby.ee\/#website","url":"http:\/\/ruuby.ee\/","name":"RUUBY","description":"Ruubys on \u00fchendatud elustiil ja disain","publisher":{"@id":"http:\/\/ruuby.ee\/#organization"},"alternateName":"Ruuby Disain","potentialAction":[{"@type":"SearchAction","target":{"@type":"EntryPoint","urlTemplate":"http:\/\/ruuby.ee\/?s={search_term_string}"},"query-input":{"@type":"PropertyValueSpecification","valueRequired":true,"valueName":"search_term_string"}}],"inLanguage":"en-GB"},{"@type":"Organization","@id":"http:\/\/ruuby.ee\/#organization","name":"Ruuby Disain O\u00dc","alternateName":"Ruuby","url":"http:\/\/ruuby.ee\/","logo":{"@type":"ImageObject","inLanguage":"en-GB","@id":"http:\/\/ruuby.ee\/#\/schema\/logo\/image\/","url":"http:\/\/ruuby.ee\/wp-content\/uploads\/2023\/06\/cropped-Black-White-Elegant-Circle-Signature-Fashion-Logo-12_large.png","contentUrl":"http:\/\/ruuby.ee\/wp-content\/uploads\/2023\/06\/cropped-Black-White-Elegant-Circle-Signature-Fashion-Logo-12_large.png","width":1280,"height":747,"caption":"Ruuby Disain O\u00dc"},"image":{"@id":"http:\/\/ruuby.ee\/#\/schema\/logo\/image\/"},"sameAs":["https:\/\/www.facebook.com\/ruubyconcept","https:\/\/www.instagram.com\/ruuby_concept\/"]}]}},"jetpack_sharing_enabled":true,"_links":{"self":[{"href":"http:\/\/ruuby.ee\/en\/wp-json\/wp\/v2\/product\/1838239","targetHints":{"allow":["GET"]}}],"collection":[{"href":"http:\/\/ruuby.ee\/en\/wp-json\/wp\/v2\/product"}],"about":[{"href":"http:\/\/ruuby.ee\/en\/wp-json\/wp\/v2\/types\/product"}],"replies":[{"embeddable":true,"href":"http:\/\/ruuby.ee\/en\/wp-json\/wp\/v2\/comments?post=1838239"}],"wp:featuredmedia":[{"embeddable":true,"href":"http:\/\/ruuby.ee\/en\/wp-json\/wp\/v2\/media\/1838252"}],"wp:attachment":[{"href":"http:\/\/ruuby.ee\/en\/wp-json\/wp\/v2\/media?parent=1838239"}],"wp:term":[{"taxonomy":"product_brand","embeddable":true,"href":"http:\/\/ruuby.ee\/en\/wp-json\/wp\/v2\/product_brand?post=1838239"},{"taxonomy":"product_cat","embeddable":true,"href":"http:\/\/ruuby.ee\/en\/wp-json\/wp\/v2\/product_cat?post=1838239"},{"taxonomy":"product_tag","embeddable":true,"href":"http:\/\/ruuby.ee\/en\/wp-json\/wp\/v2\/product_tag?post=1838239"}],"curies":[{"name":"wp","href":"https:\/\/api.w.org\/{rel}","templated":true}]}}