{"id":1837584,"date":"2023-07-25T15:59:08","date_gmt":"2023-07-25T12:59:08","guid":{"rendered":"http:\/\/ruuby.ee\/?post_type=product&#038;p=1837584"},"modified":"2026-04-04T01:25:03","modified_gmt":"2026-04-03T22:25:03","slug":"muubs-soogilaud-space-smoked-o150","status":"publish","type":"product","link":"http:\/\/ruuby.ee\/en\/pood\/kodusisustus\/moobel\/lauad\/muubs-soogilaud-space-smoked-o150\/","title":{"rendered":"Muubs &#8211; s\u00f6\u00f6gilaud, Space \u00d8150"},"content":{"rendered":"<p>\u00dcmmargune s\u00f6\u00f6gilaud firmalt MUUBS.\u00a0Tammepuidust laua on disaininud Taani disainimeeskond Says Who.<\/p>\n<p>\u00dcmmargune tammepuidust laud on 8-kohaline ning lauda saab pikendada 1 lisapikenduslehega, mida saab MUUBSist eraldi osta.\u00a0Space lauda saab lahti t\u00f5mmata ja kui lisaplaat asetada keskele, saab lauast ovaalne 10 inimese laud.<\/p>\n<p>Ilus v\u00e4rvus ulatub 2-3 mm alla lauaplaadini ja heledamad v\u00e4rvierinevused v\u00f5ivad tekkida, kuna tammepuidu looduslik tanniinide sisaldus on erinev.<\/p>\n<p>\u00dcmmargusel s\u00f6\u00f6gilaual on palju eeliseid, kuna see nt. v\u00f5tab v\u00e4hem ruumi kui ristk\u00fclikukujuline s\u00f6\u00f6gilaud. Lisaks loob \u00fcmmargune laud rohkem hubasust, kui selle \u00fcmber on koondunud k\u00fclalised, sest k\u00f5ik saavad r\u00e4\u00e4kida ja silmsida.<\/p>\n<p>S\u00f6\u00f6gilaua juurde kuulub hooldusjuhend ning juhendi leiab ka kodulehe allservast Tootejuhendite alt.<\/p>\n<p>Tammepuidust metallist jalad &#8211; \u00d8150xH75 cm<\/p>","protected":false},"excerpt":{"rendered":"<p>\u00dcmmargune s\u00f6\u00f6gilaud firmalt MUUBS.\u00a0Tammepuidust laua on disaininud Taani disainimeeskond Says Who. \u00dcmmargune tammepuidust laud on 8-kohaline ning lauda saab pikendada 1 lisapikenduslehega, mida saab MUUBSist eraldi osta.\u00a0Space lauda saab lahti t\u00f5mmata ja kui lisaplaat asetada keskele, saab lauast ovaalne 10 inimese laud. Ilus v\u00e4rvus ulatub 2-3 mm alla lauaplaadini ja heledamad v\u00e4rvierinevused v\u00f5ivad tekkida, kuna [&hellip;]<\/p>\n","protected":false},"featured_media":1837829,"comment_status":"open","ping_status":"closed","template":"","meta":[],"product_brand":[],"product_cat":[42,556],"product_tag":[117,235,352],"class_list":{"0":"post-1837584","1":"product","2":"type-product","3":"status-publish","4":"has-post-thumbnail","6":"product_cat-kodusisustus","7":"product_cat-lauad","8":"product_tag-muubs","9":"product_tag-sisustus","10":"product_tag-soogilaud","12":"first","13":"onbackorder","14":"taxable","15":"shipping-taxable","16":"purchasable","17":"product-type-variable","18":"rtwpvs-product"},"yoast_head":"<!-- This site is optimized with the Yoast SEO plugin v27.2 - https:\/\/yoast.com\/product\/yoast-seo-wordpress\/ -->\n<title>Muubs - s\u00f6\u00f6gilaud, Space \u00d8150 - RUUBY<\/title>\n<meta name=\"robots\" content=\"index, follow, max-snippet:-1, max-image-preview:large, max-video-preview:-1\" \/>\n<link rel=\"canonical\" href=\"http:\/\/ruuby.ee\/en\/pood\/kodusisustus\/moobel\/lauad\/muubs-soogilaud-space-smoked-o150\/\" \/>\n<meta property=\"og:locale\" content=\"en_GB\" \/>\n<meta property=\"og:type\" content=\"article\" \/>\n<meta property=\"og:title\" content=\"Muubs - s\u00f6\u00f6gilaud, Space \u00d8150 - RUUBY\" \/>\n<meta property=\"og:description\" content=\"\u00dcmmargune s\u00f6\u00f6gilaud firmalt MUUBS.\u00a0Tammepuidust laua on disaininud Taani disainimeeskond Says Who. \u00dcmmargune tammepuidust laud on 8-kohaline ning lauda saab pikendada 1 lisapikenduslehega, mida saab MUUBSist eraldi osta.\u00a0Space lauda saab lahti t\u00f5mmata ja kui lisaplaat asetada keskele, saab lauast ovaalne 10 inimese laud. Ilus v\u00e4rvus ulatub 2-3 mm alla lauaplaadini ja heledamad v\u00e4rvierinevused v\u00f5ivad tekkida, kuna [&hellip;]\" \/>\n<meta property=\"og:url\" content=\"http:\/\/ruuby.ee\/en\/pood\/kodusisustus\/moobel\/lauad\/muubs-soogilaud-space-smoked-o150\/\" \/>\n<meta property=\"og:site_name\" content=\"RUUBY\" \/>\n<meta property=\"article:publisher\" content=\"https:\/\/www.facebook.com\/ruubyconcept\" \/>\n<meta property=\"article:modified_time\" content=\"2026-04-03T22:25:03+00:00\" \/>\n<meta property=\"og:image\" content=\"http:\/\/ruuby.ee\/wp-content\/uploads\/2023\/07\/Screenshot-2023-07-27-at-15.21.08.png\" \/>\n\t<meta property=\"og:image:width\" content=\"1056\" \/>\n\t<meta property=\"og:image:height\" content=\"1218\" \/>\n\t<meta property=\"og:image:type\" content=\"image\/png\" \/>\n<meta name=\"twitter:card\" content=\"summary_large_image\" \/>\n<meta name=\"twitter:label1\" content=\"Estimated reading time\" \/>\n\t<meta name=\"twitter:data1\" content=\"1 minute\" \/>\n<script type=\"application\/ld+json\" class=\"yoast-schema-graph\">{\"@context\":\"https:\/\/schema.org\",\"@graph\":[{\"@type\":[\"WebPage\",\"ItemPage\"],\"@id\":\"http:\/\/ruuby.ee\/en\/pood\/kodusisustus\/moobel\/lauad\/muubs-soogilaud-space-smoked-o150\/\",\"url\":\"http:\/\/ruuby.ee\/en\/pood\/kodusisustus\/moobel\/lauad\/muubs-soogilaud-space-smoked-o150\/\",\"name\":\"Muubs - s\u00f6\u00f6gilaud, Space \u00d8150 - RUUBY\",\"isPartOf\":{\"@id\":\"https:\/\/ruuby.ee\/en\/#website\"},\"primaryImageOfPage\":{\"@id\":\"http:\/\/ruuby.ee\/en\/pood\/kodusisustus\/moobel\/lauad\/muubs-soogilaud-space-smoked-o150\/#primaryimage\"},\"image\":{\"@id\":\"http:\/\/ruuby.ee\/en\/pood\/kodusisustus\/moobel\/lauad\/muubs-soogilaud-space-smoked-o150\/#primaryimage\"},\"thumbnailUrl\":\"http:\/\/ruuby.ee\/wp-content\/uploads\/2023\/07\/Screenshot-2023-07-27-at-15.21.08.png\",\"datePublished\":\"2023-07-25T12:59:08+00:00\",\"dateModified\":\"2026-04-03T22:25:03+00:00\",\"breadcrumb\":{\"@id\":\"http:\/\/ruuby.ee\/en\/pood\/kodusisustus\/moobel\/lauad\/muubs-soogilaud-space-smoked-o150\/#breadcrumb\"},\"inLanguage\":\"en-GB\",\"potentialAction\":[{\"@type\":\"ReadAction\",\"target\":[\"http:\/\/ruuby.ee\/en\/pood\/kodusisustus\/moobel\/lauad\/muubs-soogilaud-space-smoked-o150\/\"]}]},{\"@type\":\"ImageObject\",\"inLanguage\":\"en-GB\",\"@id\":\"http:\/\/ruuby.ee\/en\/pood\/kodusisustus\/moobel\/lauad\/muubs-soogilaud-space-smoked-o150\/#primaryimage\",\"url\":\"http:\/\/ruuby.ee\/wp-content\/uploads\/2023\/07\/Screenshot-2023-07-27-at-15.21.08.png\",\"contentUrl\":\"http:\/\/ruuby.ee\/wp-content\/uploads\/2023\/07\/Screenshot-2023-07-27-at-15.21.08.png\",\"width\":1056,\"height\":1218},{\"@type\":\"BreadcrumbList\",\"@id\":\"http:\/\/ruuby.ee\/en\/pood\/kodusisustus\/moobel\/lauad\/muubs-soogilaud-space-smoked-o150\/#breadcrumb\",\"itemListElement\":[{\"@type\":\"ListItem\",\"position\":1,\"name\":\"Kdu\",\"item\":\"https:\/\/ruuby.ee\/en\/\"},{\"@type\":\"ListItem\",\"position\":2,\"name\":\"Pood\",\"item\":\"https:\/\/ruuby.ee\/pood\/\"},{\"@type\":\"ListItem\",\"position\":3,\"name\":\"Muubs &#8211; s\u00f6\u00f6gilaud, Space \u00d8150\"}]},{\"@type\":\"WebSite\",\"@id\":\"https:\/\/ruuby.ee\/en\/#website\",\"url\":\"https:\/\/ruuby.ee\/en\/\",\"name\":\"RUUBY\",\"description\":\"Ruubys on \u00fchendatud elustiil ja disain\",\"publisher\":{\"@id\":\"https:\/\/ruuby.ee\/en\/#organization\"},\"alternateName\":\"Ruuby Disain\",\"potentialAction\":[{\"@type\":\"SearchAction\",\"target\":{\"@type\":\"EntryPoint\",\"urlTemplate\":\"https:\/\/ruuby.ee\/en\/?s={search_term_string}\"},\"query-input\":{\"@type\":\"PropertyValueSpecification\",\"valueRequired\":true,\"valueName\":\"search_term_string\"}}],\"inLanguage\":\"en-GB\"},{\"@type\":\"Organization\",\"@id\":\"https:\/\/ruuby.ee\/en\/#organization\",\"name\":\"Ruuby Disain O\u00dc\",\"alternateName\":\"Ruuby\",\"url\":\"https:\/\/ruuby.ee\/en\/\",\"logo\":{\"@type\":\"ImageObject\",\"inLanguage\":\"en-GB\",\"@id\":\"https:\/\/ruuby.ee\/en\/#\/schema\/logo\/image\/\",\"url\":\"http:\/\/ruuby.ee\/wp-content\/uploads\/2023\/06\/cropped-Black-White-Elegant-Circle-Signature-Fashion-Logo-12_large.png\",\"contentUrl\":\"http:\/\/ruuby.ee\/wp-content\/uploads\/2023\/06\/cropped-Black-White-Elegant-Circle-Signature-Fashion-Logo-12_large.png\",\"width\":1280,\"height\":747,\"caption\":\"Ruuby Disain O\u00dc\"},\"image\":{\"@id\":\"https:\/\/ruuby.ee\/en\/#\/schema\/logo\/image\/\"},\"sameAs\":[\"https:\/\/www.facebook.com\/ruubyconcept\",\"https:\/\/www.instagram.com\/ruuby_concept\/\"]}]}<\/script>\n<!-- \/ Yoast SEO plugin. -->","yoast_head_json":{"title":"Muubs - s\u00f6\u00f6gilaud, Space \u00d8150 - RUUBY","robots":{"index":"index","follow":"follow","max-snippet":"max-snippet:-1","max-image-preview":"max-image-preview:large","max-video-preview":"max-video-preview:-1"},"canonical":"http:\/\/ruuby.ee\/en\/pood\/kodusisustus\/moobel\/lauad\/muubs-soogilaud-space-smoked-o150\/","og_locale":"en_GB","og_type":"article","og_title":"Muubs - s\u00f6\u00f6gilaud, Space \u00d8150 - RUUBY","og_description":"\u00dcmmargune s\u00f6\u00f6gilaud firmalt MUUBS.\u00a0Tammepuidust laua on disaininud Taani disainimeeskond Says Who. \u00dcmmargune tammepuidust laud on 8-kohaline ning lauda saab pikendada 1 lisapikenduslehega, mida saab MUUBSist eraldi osta.\u00a0Space lauda saab lahti t\u00f5mmata ja kui lisaplaat asetada keskele, saab lauast ovaalne 10 inimese laud. Ilus v\u00e4rvus ulatub 2-3 mm alla lauaplaadini ja heledamad v\u00e4rvierinevused v\u00f5ivad tekkida, kuna [&hellip;]","og_url":"http:\/\/ruuby.ee\/en\/pood\/kodusisustus\/moobel\/lauad\/muubs-soogilaud-space-smoked-o150\/","og_site_name":"RUUBY","article_publisher":"https:\/\/www.facebook.com\/ruubyconcept","article_modified_time":"2026-04-03T22:25:03+00:00","og_image":[{"width":1056,"height":1218,"url":"http:\/\/ruuby.ee\/wp-content\/uploads\/2023\/07\/Screenshot-2023-07-27-at-15.21.08.png","type":"image\/png"}],"twitter_card":"summary_large_image","twitter_misc":{"Estimated reading time":"1 minute"},"schema":{"@context":"https:\/\/schema.org","@graph":[{"@type":["WebPage","ItemPage"],"@id":"http:\/\/ruuby.ee\/en\/pood\/kodusisustus\/moobel\/lauad\/muubs-soogilaud-space-smoked-o150\/","url":"http:\/\/ruuby.ee\/en\/pood\/kodusisustus\/moobel\/lauad\/muubs-soogilaud-space-smoked-o150\/","name":"Muubs - s\u00f6\u00f6gilaud, Space \u00d8150 - RUUBY","isPartOf":{"@id":"https:\/\/ruuby.ee\/en\/#website"},"primaryImageOfPage":{"@id":"http:\/\/ruuby.ee\/en\/pood\/kodusisustus\/moobel\/lauad\/muubs-soogilaud-space-smoked-o150\/#primaryimage"},"image":{"@id":"http:\/\/ruuby.ee\/en\/pood\/kodusisustus\/moobel\/lauad\/muubs-soogilaud-space-smoked-o150\/#primaryimage"},"thumbnailUrl":"http:\/\/ruuby.ee\/wp-content\/uploads\/2023\/07\/Screenshot-2023-07-27-at-15.21.08.png","datePublished":"2023-07-25T12:59:08+00:00","dateModified":"2026-04-03T22:25:03+00:00","breadcrumb":{"@id":"http:\/\/ruuby.ee\/en\/pood\/kodusisustus\/moobel\/lauad\/muubs-soogilaud-space-smoked-o150\/#breadcrumb"},"inLanguage":"en-GB","potentialAction":[{"@type":"ReadAction","target":["http:\/\/ruuby.ee\/en\/pood\/kodusisustus\/moobel\/lauad\/muubs-soogilaud-space-smoked-o150\/"]}]},{"@type":"ImageObject","inLanguage":"en-GB","@id":"http:\/\/ruuby.ee\/en\/pood\/kodusisustus\/moobel\/lauad\/muubs-soogilaud-space-smoked-o150\/#primaryimage","url":"http:\/\/ruuby.ee\/wp-content\/uploads\/2023\/07\/Screenshot-2023-07-27-at-15.21.08.png","contentUrl":"http:\/\/ruuby.ee\/wp-content\/uploads\/2023\/07\/Screenshot-2023-07-27-at-15.21.08.png","width":1056,"height":1218},{"@type":"BreadcrumbList","@id":"http:\/\/ruuby.ee\/en\/pood\/kodusisustus\/moobel\/lauad\/muubs-soogilaud-space-smoked-o150\/#breadcrumb","itemListElement":[{"@type":"ListItem","position":1,"name":"Kdu","item":"https:\/\/ruuby.ee\/en\/"},{"@type":"ListItem","position":2,"name":"Pood","item":"https:\/\/ruuby.ee\/pood\/"},{"@type":"ListItem","position":3,"name":"Muubs &#8211; s\u00f6\u00f6gilaud, Space \u00d8150"}]},{"@type":"WebSite","@id":"https:\/\/ruuby.ee\/en\/#website","url":"https:\/\/ruuby.ee\/en\/","name":"RUUBY","description":"Ruubys on \u00fchendatud elustiil ja disain","publisher":{"@id":"https:\/\/ruuby.ee\/en\/#organization"},"alternateName":"Ruuby Disain","potentialAction":[{"@type":"SearchAction","target":{"@type":"EntryPoint","urlTemplate":"https:\/\/ruuby.ee\/en\/?s={search_term_string}"},"query-input":{"@type":"PropertyValueSpecification","valueRequired":true,"valueName":"search_term_string"}}],"inLanguage":"en-GB"},{"@type":"Organization","@id":"https:\/\/ruuby.ee\/en\/#organization","name":"Ruuby Disain O\u00dc","alternateName":"Ruuby","url":"https:\/\/ruuby.ee\/en\/","logo":{"@type":"ImageObject","inLanguage":"en-GB","@id":"https:\/\/ruuby.ee\/en\/#\/schema\/logo\/image\/","url":"http:\/\/ruuby.ee\/wp-content\/uploads\/2023\/06\/cropped-Black-White-Elegant-Circle-Signature-Fashion-Logo-12_large.png","contentUrl":"http:\/\/ruuby.ee\/wp-content\/uploads\/2023\/06\/cropped-Black-White-Elegant-Circle-Signature-Fashion-Logo-12_large.png","width":1280,"height":747,"caption":"Ruuby Disain O\u00dc"},"image":{"@id":"https:\/\/ruuby.ee\/en\/#\/schema\/logo\/image\/"},"sameAs":["https:\/\/www.facebook.com\/ruubyconcept","https:\/\/www.instagram.com\/ruuby_concept\/"]}]}},"jetpack_sharing_enabled":true,"_links":{"self":[{"href":"http:\/\/ruuby.ee\/en\/wp-json\/wp\/v2\/product\/1837584","targetHints":{"allow":["GET"]}}],"collection":[{"href":"http:\/\/ruuby.ee\/en\/wp-json\/wp\/v2\/product"}],"about":[{"href":"http:\/\/ruuby.ee\/en\/wp-json\/wp\/v2\/types\/product"}],"replies":[{"embeddable":true,"href":"http:\/\/ruuby.ee\/en\/wp-json\/wp\/v2\/comments?post=1837584"}],"wp:featuredmedia":[{"embeddable":true,"href":"http:\/\/ruuby.ee\/en\/wp-json\/wp\/v2\/media\/1837829"}],"wp:attachment":[{"href":"http:\/\/ruuby.ee\/en\/wp-json\/wp\/v2\/media?parent=1837584"}],"wp:term":[{"taxonomy":"product_brand","embeddable":true,"href":"http:\/\/ruuby.ee\/en\/wp-json\/wp\/v2\/product_brand?post=1837584"},{"taxonomy":"product_cat","embeddable":true,"href":"http:\/\/ruuby.ee\/en\/wp-json\/wp\/v2\/product_cat?post=1837584"},{"taxonomy":"product_tag","embeddable":true,"href":"http:\/\/ruuby.ee\/en\/wp-json\/wp\/v2\/product_tag?post=1837584"}],"curies":[{"name":"wp","href":"https:\/\/api.w.org\/{rel}","templated":true}]}}