{"id":1837435,"date":"2023-07-25T14:22:45","date_gmt":"2023-07-25T11:22:45","guid":{"rendered":"http:\/\/ruuby.ee\/?post_type=product&#038;p=1837435"},"modified":"2026-04-04T01:25:03","modified_gmt":"2026-04-03T22:25:03","slug":"umage-asteria-rippvalgusti-keskmine","status":"publish","type":"product","link":"http:\/\/ruuby.ee\/en\/pood\/kodusisustus\/valgustus\/laelambid\/umage-asteria-rippvalgusti-keskmine\/","title":{"rendered":"UMAGE &#8211; Asteria rippvalgusti, keskmine"},"content":{"rendered":"<p>Asteria rippvalgusti disain on s\u00fcndinud tehnoloogia ja meisterlikkuse ristteel. See sisaldab sisseehitatud LED-tehnoloogiat, mille kuju on nii minimaalne, et see ei l\u00e4he kunagi moest.<\/p>\n<p>LED-paneel on h\u00e4mardatav v\u00e4lise dimmeriga ja sellel on valge hajuti, mis tagab \u00fcmbritseva ruumi pehme valgustuse.<\/p>\n<p>Asteria rippvalgustid on saadaval kahes suuruses ja 11 v\u00e4rvitoonis messingdetailidega, mida saab m\u00f5ne minutiga muuta terase v\u00f5i musta vastu, et tagada teie isikliku stiiliga sobiv paindlik disain.<\/p>\n<p>M\u00f5\u00f5dud: 43 \u00d7 4 cm (14 cm) \/ 1.6 kg<\/p>\n<p>Materjal: Teras, alumiinium ja akr\u00fc\u00fcl EL: sh. 2,7 m must tekstiilist n\u00f6\u00f6r ja metallist sokkel.<\/p>\n<p>&nbsp;<\/p>","protected":false},"excerpt":{"rendered":"<p>Asteria rippvalgusti disain on s\u00fcndinud tehnoloogia ja meisterlikkuse ristteel. See sisaldab sisseehitatud LED-tehnoloogiat, mille kuju on nii minimaalne, et see ei l\u00e4he kunagi moest. LED-paneel on h\u00e4mardatav v\u00e4lise dimmeriga ja sellel on valge hajuti, mis tagab \u00fcmbritseva ruumi pehme valgustuse. Asteria rippvalgustid on saadaval kahes suuruses ja 11 v\u00e4rvitoonis messingdetailidega, mida saab m\u00f5ne minutiga muuta [&hellip;]<\/p>\n","protected":false},"featured_media":1837438,"comment_status":"open","ping_status":"closed","template":"","meta":[],"product_brand":[],"product_cat":[798,59],"product_tag":[805,257,351,150],"class_list":{"0":"post-1837435","1":"product","2":"type-product","3":"status-publish","4":"has-post-thumbnail","6":"product_cat-laelambid","7":"product_cat-valgustus","8":"product_tag-asteria","9":"product_tag-laevalgusti","10":"product_tag-rippvalgusti","11":"product_tag-umage","13":"first","14":"onbackorder","15":"taxable","16":"shipping-taxable","17":"purchasable","18":"product-type-variable","19":"rtwpvs-product"},"yoast_head":"<!-- This site is optimized with the Yoast SEO plugin v27.2 - https:\/\/yoast.com\/product\/yoast-seo-wordpress\/ -->\n<title>UMAGE - Asteria rippvalgusti, keskmine - RUUBY<\/title>\n<meta name=\"robots\" content=\"index, follow, max-snippet:-1, max-image-preview:large, max-video-preview:-1\" \/>\n<link rel=\"canonical\" href=\"https:\/\/ruuby.ee\/en\/pood\/kodusisustus\/valgustus\/laelambid\/umage-asteria-rippvalgusti-keskmine\/\" \/>\n<meta property=\"og:locale\" content=\"en_GB\" \/>\n<meta property=\"og:type\" content=\"article\" \/>\n<meta property=\"og:title\" content=\"UMAGE - Asteria rippvalgusti, keskmine - RUUBY\" \/>\n<meta property=\"og:description\" content=\"Asteria rippvalgusti disain on s\u00fcndinud tehnoloogia ja meisterlikkuse ristteel. See sisaldab sisseehitatud LED-tehnoloogiat, mille kuju on nii minimaalne, et see ei l\u00e4he kunagi moest. LED-paneel on h\u00e4mardatav v\u00e4lise dimmeriga ja sellel on valge hajuti, mis tagab \u00fcmbritseva ruumi pehme valgustuse. Asteria rippvalgustid on saadaval kahes suuruses ja 11 v\u00e4rvitoonis messingdetailidega, mida saab m\u00f5ne minutiga muuta [&hellip;]\" \/>\n<meta property=\"og:url\" content=\"https:\/\/ruuby.ee\/en\/pood\/kodusisustus\/valgustus\/laelambid\/umage-asteria-rippvalgusti-keskmine\/\" \/>\n<meta property=\"og:site_name\" content=\"RUUBY\" \/>\n<meta property=\"article:publisher\" content=\"https:\/\/www.facebook.com\/ruubyconcept\" \/>\n<meta property=\"article:modified_time\" content=\"2026-04-03T22:25:03+00:00\" \/>\n<meta property=\"og:image\" content=\"https:\/\/ruuby.ee\/wp-content\/uploads\/2023\/07\/Screenshot-2023-07-25-at-13.57.13.png\" \/>\n\t<meta property=\"og:image:width\" content=\"724\" \/>\n\t<meta property=\"og:image:height\" content=\"986\" \/>\n\t<meta property=\"og:image:type\" content=\"image\/png\" \/>\n<meta name=\"twitter:card\" content=\"summary_large_image\" \/>\n<meta name=\"twitter:label1\" content=\"Estimated reading time\" \/>\n\t<meta name=\"twitter:data1\" content=\"1 minute\" \/>\n<script type=\"application\/ld+json\" class=\"yoast-schema-graph\">{\"@context\":\"https:\/\/schema.org\",\"@graph\":[{\"@type\":[\"WebPage\",\"ItemPage\"],\"@id\":\"https:\/\/ruuby.ee\/pood\/kodusisustus\/valgustus\/laelambid\/umage-asteria-rippvalgusti-keskmine\/\",\"url\":\"https:\/\/ruuby.ee\/pood\/kodusisustus\/valgustus\/laelambid\/umage-asteria-rippvalgusti-keskmine\/\",\"name\":\"UMAGE - Asteria rippvalgusti, keskmine - RUUBY\",\"isPartOf\":{\"@id\":\"https:\/\/ruuby.ee\/en\/#website\"},\"primaryImageOfPage\":{\"@id\":\"https:\/\/ruuby.ee\/pood\/kodusisustus\/valgustus\/laelambid\/umage-asteria-rippvalgusti-keskmine\/#primaryimage\"},\"image\":{\"@id\":\"https:\/\/ruuby.ee\/pood\/kodusisustus\/valgustus\/laelambid\/umage-asteria-rippvalgusti-keskmine\/#primaryimage\"},\"thumbnailUrl\":\"http:\/\/ruuby.ee\/wp-content\/uploads\/2023\/07\/Screenshot-2023-07-25-at-13.57.13.png\",\"datePublished\":\"2023-07-25T11:22:45+00:00\",\"dateModified\":\"2026-04-03T22:25:03+00:00\",\"breadcrumb\":{\"@id\":\"https:\/\/ruuby.ee\/pood\/kodusisustus\/valgustus\/laelambid\/umage-asteria-rippvalgusti-keskmine\/#breadcrumb\"},\"inLanguage\":\"en-GB\",\"potentialAction\":[{\"@type\":\"ReadAction\",\"target\":[\"https:\/\/ruuby.ee\/pood\/kodusisustus\/valgustus\/laelambid\/umage-asteria-rippvalgusti-keskmine\/\"]}]},{\"@type\":\"ImageObject\",\"inLanguage\":\"en-GB\",\"@id\":\"https:\/\/ruuby.ee\/pood\/kodusisustus\/valgustus\/laelambid\/umage-asteria-rippvalgusti-keskmine\/#primaryimage\",\"url\":\"http:\/\/ruuby.ee\/wp-content\/uploads\/2023\/07\/Screenshot-2023-07-25-at-13.57.13.png\",\"contentUrl\":\"http:\/\/ruuby.ee\/wp-content\/uploads\/2023\/07\/Screenshot-2023-07-25-at-13.57.13.png\",\"width\":724,\"height\":986},{\"@type\":\"BreadcrumbList\",\"@id\":\"https:\/\/ruuby.ee\/pood\/kodusisustus\/valgustus\/laelambid\/umage-asteria-rippvalgusti-keskmine\/#breadcrumb\",\"itemListElement\":[{\"@type\":\"ListItem\",\"position\":1,\"name\":\"Kdu\",\"item\":\"https:\/\/ruuby.ee\/en\/\"},{\"@type\":\"ListItem\",\"position\":2,\"name\":\"Pood\",\"item\":\"https:\/\/ruuby.ee\/pood\/\"},{\"@type\":\"ListItem\",\"position\":3,\"name\":\"UMAGE &#8211; Asteria rippvalgusti, keskmine\"}]},{\"@type\":\"WebSite\",\"@id\":\"https:\/\/ruuby.ee\/en\/#website\",\"url\":\"https:\/\/ruuby.ee\/en\/\",\"name\":\"RUUBY\",\"description\":\"Ruubys on \u00fchendatud elustiil ja disain\",\"publisher\":{\"@id\":\"https:\/\/ruuby.ee\/en\/#organization\"},\"alternateName\":\"Ruuby Disain\",\"potentialAction\":[{\"@type\":\"SearchAction\",\"target\":{\"@type\":\"EntryPoint\",\"urlTemplate\":\"https:\/\/ruuby.ee\/en\/?s={search_term_string}\"},\"query-input\":{\"@type\":\"PropertyValueSpecification\",\"valueRequired\":true,\"valueName\":\"search_term_string\"}}],\"inLanguage\":\"en-GB\"},{\"@type\":\"Organization\",\"@id\":\"https:\/\/ruuby.ee\/en\/#organization\",\"name\":\"Ruuby Disain O\u00dc\",\"alternateName\":\"Ruuby\",\"url\":\"https:\/\/ruuby.ee\/en\/\",\"logo\":{\"@type\":\"ImageObject\",\"inLanguage\":\"en-GB\",\"@id\":\"https:\/\/ruuby.ee\/en\/#\/schema\/logo\/image\/\",\"url\":\"http:\/\/ruuby.ee\/wp-content\/uploads\/2023\/06\/cropped-Black-White-Elegant-Circle-Signature-Fashion-Logo-12_large.png\",\"contentUrl\":\"http:\/\/ruuby.ee\/wp-content\/uploads\/2023\/06\/cropped-Black-White-Elegant-Circle-Signature-Fashion-Logo-12_large.png\",\"width\":1280,\"height\":747,\"caption\":\"Ruuby Disain O\u00dc\"},\"image\":{\"@id\":\"https:\/\/ruuby.ee\/en\/#\/schema\/logo\/image\/\"},\"sameAs\":[\"https:\/\/www.facebook.com\/ruubyconcept\",\"https:\/\/www.instagram.com\/ruuby_concept\/\"]}]}<\/script>\n<!-- \/ Yoast SEO plugin. -->","yoast_head_json":{"title":"UMAGE - Asteria rippvalgusti, keskmine - RUUBY","robots":{"index":"index","follow":"follow","max-snippet":"max-snippet:-1","max-image-preview":"max-image-preview:large","max-video-preview":"max-video-preview:-1"},"canonical":"https:\/\/ruuby.ee\/en\/pood\/kodusisustus\/valgustus\/laelambid\/umage-asteria-rippvalgusti-keskmine\/","og_locale":"en_GB","og_type":"article","og_title":"UMAGE - Asteria rippvalgusti, keskmine - RUUBY","og_description":"Asteria rippvalgusti disain on s\u00fcndinud tehnoloogia ja meisterlikkuse ristteel. See sisaldab sisseehitatud LED-tehnoloogiat, mille kuju on nii minimaalne, et see ei l\u00e4he kunagi moest. LED-paneel on h\u00e4mardatav v\u00e4lise dimmeriga ja sellel on valge hajuti, mis tagab \u00fcmbritseva ruumi pehme valgustuse. Asteria rippvalgustid on saadaval kahes suuruses ja 11 v\u00e4rvitoonis messingdetailidega, mida saab m\u00f5ne minutiga muuta [&hellip;]","og_url":"https:\/\/ruuby.ee\/en\/pood\/kodusisustus\/valgustus\/laelambid\/umage-asteria-rippvalgusti-keskmine\/","og_site_name":"RUUBY","article_publisher":"https:\/\/www.facebook.com\/ruubyconcept","article_modified_time":"2026-04-03T22:25:03+00:00","og_image":[{"width":724,"height":986,"url":"https:\/\/ruuby.ee\/wp-content\/uploads\/2023\/07\/Screenshot-2023-07-25-at-13.57.13.png","type":"image\/png"}],"twitter_card":"summary_large_image","twitter_misc":{"Estimated reading time":"1 minute"},"schema":{"@context":"https:\/\/schema.org","@graph":[{"@type":["WebPage","ItemPage"],"@id":"https:\/\/ruuby.ee\/pood\/kodusisustus\/valgustus\/laelambid\/umage-asteria-rippvalgusti-keskmine\/","url":"https:\/\/ruuby.ee\/pood\/kodusisustus\/valgustus\/laelambid\/umage-asteria-rippvalgusti-keskmine\/","name":"UMAGE - Asteria rippvalgusti, keskmine - RUUBY","isPartOf":{"@id":"https:\/\/ruuby.ee\/en\/#website"},"primaryImageOfPage":{"@id":"https:\/\/ruuby.ee\/pood\/kodusisustus\/valgustus\/laelambid\/umage-asteria-rippvalgusti-keskmine\/#primaryimage"},"image":{"@id":"https:\/\/ruuby.ee\/pood\/kodusisustus\/valgustus\/laelambid\/umage-asteria-rippvalgusti-keskmine\/#primaryimage"},"thumbnailUrl":"http:\/\/ruuby.ee\/wp-content\/uploads\/2023\/07\/Screenshot-2023-07-25-at-13.57.13.png","datePublished":"2023-07-25T11:22:45+00:00","dateModified":"2026-04-03T22:25:03+00:00","breadcrumb":{"@id":"https:\/\/ruuby.ee\/pood\/kodusisustus\/valgustus\/laelambid\/umage-asteria-rippvalgusti-keskmine\/#breadcrumb"},"inLanguage":"en-GB","potentialAction":[{"@type":"ReadAction","target":["https:\/\/ruuby.ee\/pood\/kodusisustus\/valgustus\/laelambid\/umage-asteria-rippvalgusti-keskmine\/"]}]},{"@type":"ImageObject","inLanguage":"en-GB","@id":"https:\/\/ruuby.ee\/pood\/kodusisustus\/valgustus\/laelambid\/umage-asteria-rippvalgusti-keskmine\/#primaryimage","url":"http:\/\/ruuby.ee\/wp-content\/uploads\/2023\/07\/Screenshot-2023-07-25-at-13.57.13.png","contentUrl":"http:\/\/ruuby.ee\/wp-content\/uploads\/2023\/07\/Screenshot-2023-07-25-at-13.57.13.png","width":724,"height":986},{"@type":"BreadcrumbList","@id":"https:\/\/ruuby.ee\/pood\/kodusisustus\/valgustus\/laelambid\/umage-asteria-rippvalgusti-keskmine\/#breadcrumb","itemListElement":[{"@type":"ListItem","position":1,"name":"Kdu","item":"https:\/\/ruuby.ee\/en\/"},{"@type":"ListItem","position":2,"name":"Pood","item":"https:\/\/ruuby.ee\/pood\/"},{"@type":"ListItem","position":3,"name":"UMAGE &#8211; Asteria rippvalgusti, keskmine"}]},{"@type":"WebSite","@id":"https:\/\/ruuby.ee\/en\/#website","url":"https:\/\/ruuby.ee\/en\/","name":"RUUBY","description":"Ruubys on \u00fchendatud elustiil ja disain","publisher":{"@id":"https:\/\/ruuby.ee\/en\/#organization"},"alternateName":"Ruuby Disain","potentialAction":[{"@type":"SearchAction","target":{"@type":"EntryPoint","urlTemplate":"https:\/\/ruuby.ee\/en\/?s={search_term_string}"},"query-input":{"@type":"PropertyValueSpecification","valueRequired":true,"valueName":"search_term_string"}}],"inLanguage":"en-GB"},{"@type":"Organization","@id":"https:\/\/ruuby.ee\/en\/#organization","name":"Ruuby Disain O\u00dc","alternateName":"Ruuby","url":"https:\/\/ruuby.ee\/en\/","logo":{"@type":"ImageObject","inLanguage":"en-GB","@id":"https:\/\/ruuby.ee\/en\/#\/schema\/logo\/image\/","url":"http:\/\/ruuby.ee\/wp-content\/uploads\/2023\/06\/cropped-Black-White-Elegant-Circle-Signature-Fashion-Logo-12_large.png","contentUrl":"http:\/\/ruuby.ee\/wp-content\/uploads\/2023\/06\/cropped-Black-White-Elegant-Circle-Signature-Fashion-Logo-12_large.png","width":1280,"height":747,"caption":"Ruuby Disain O\u00dc"},"image":{"@id":"https:\/\/ruuby.ee\/en\/#\/schema\/logo\/image\/"},"sameAs":["https:\/\/www.facebook.com\/ruubyconcept","https:\/\/www.instagram.com\/ruuby_concept\/"]}]}},"jetpack_sharing_enabled":true,"_links":{"self":[{"href":"http:\/\/ruuby.ee\/en\/wp-json\/wp\/v2\/product\/1837435","targetHints":{"allow":["GET"]}}],"collection":[{"href":"http:\/\/ruuby.ee\/en\/wp-json\/wp\/v2\/product"}],"about":[{"href":"http:\/\/ruuby.ee\/en\/wp-json\/wp\/v2\/types\/product"}],"replies":[{"embeddable":true,"href":"http:\/\/ruuby.ee\/en\/wp-json\/wp\/v2\/comments?post=1837435"}],"wp:featuredmedia":[{"embeddable":true,"href":"http:\/\/ruuby.ee\/en\/wp-json\/wp\/v2\/media\/1837438"}],"wp:attachment":[{"href":"http:\/\/ruuby.ee\/en\/wp-json\/wp\/v2\/media?parent=1837435"}],"wp:term":[{"taxonomy":"product_brand","embeddable":true,"href":"http:\/\/ruuby.ee\/en\/wp-json\/wp\/v2\/product_brand?post=1837435"},{"taxonomy":"product_cat","embeddable":true,"href":"http:\/\/ruuby.ee\/en\/wp-json\/wp\/v2\/product_cat?post=1837435"},{"taxonomy":"product_tag","embeddable":true,"href":"http:\/\/ruuby.ee\/en\/wp-json\/wp\/v2\/product_tag?post=1837435"}],"curies":[{"name":"wp","href":"https:\/\/api.w.org\/{rel}","templated":true}]}}