{"id":1837359,"date":"2023-07-22T14:09:28","date_gmt":"2023-07-22T11:09:28","guid":{"rendered":"http:\/\/ruuby.ee\/?post_type=product&#038;p=1837359"},"modified":"2026-04-08T01:28:41","modified_gmt":"2026-04-07T22:28:41","slug":"uma-korv-valge","status":"publish","type":"product","link":"http:\/\/ruuby.ee\/en\/pood\/sisustuskorvid\/uma-korv-valge\/","title":{"rendered":"Uma korv &#8211; valge"},"content":{"rendered":"<p>Valge Uma korv sobib ideaalselt kaunistama teie kodu mis tahes ruumi ja aidates teie kodu korrastada, hoides selle sees tarvikuid.<\/p>\n<p>M\u00f5\u00f5dud: \u00d824 x 22 cm<\/p>\n<p>Saadaval kolmes suuruses, see on osa meie v\u00e4ikeste ja keskmiste korvide kollektsioonist, nii et saate hoida oma v\u00e4iksemaid esemeid.<\/p>\n<p>See on k\u00e4sitsi valmistatud naturaalsest kiust ja valgest, aidates luua k\u00fclalislahkemat valgusk\u00fcllast keskkonda. Dekoratiivsed ja v\u00e4ga funktsionaalsed korvid, kuna neid kasutatakse majapidamisasjade hoidmiseks ja korrastamiseks. Uma Blanco korv on ainulaadse disainiga, selle valge ja naturaalne v\u00e4rv muudab selle kauniks teie kodu igas nurgas: elutoas, s\u00f6\u00f6gitoas, magamistoas, k\u00f6\u00f6gis, vannitoas jne. Selle neutraalsed v\u00e4rvid aitavad sellel ideaalselt sobituda erinevate sisustusstiilidega: boho, p\u00f5hjamaine, vahemereline, maal\u00e4hedane jne.<\/p>","protected":false},"excerpt":{"rendered":"<p>Valge Uma korv sobib ideaalselt kaunistama teie kodu mis tahes ruumi ja aidates teie kodu korrastada, hoides selle sees tarvikuid. M\u00f5\u00f5dud: \u00d824 x 22 cm Saadaval kolmes suuruses, see on osa meie v\u00e4ikeste ja keskmiste korvide kollektsioonist, nii et saate hoida oma v\u00e4iksemaid esemeid. See on k\u00e4sitsi valmistatud naturaalsest kiust ja valgest, aidates luua k\u00fclalislahkemat [&hellip;]<\/p>\n","protected":false},"featured_media":1837361,"comment_status":"open","ping_status":"closed","template":"","meta":[],"product_brand":[],"product_cat":[329],"product_tag":[],"class_list":{"0":"post-1837359","1":"product","2":"type-product","3":"status-publish","4":"has-post-thumbnail","6":"product_cat-sisustuskorvid","8":"first","9":"outofstock","10":"taxable","11":"shipping-taxable","12":"purchasable","13":"product-type-simple"},"yoast_head":"<!-- This site is optimized with the Yoast SEO plugin v27.3 - https:\/\/yoast.com\/product\/yoast-seo-wordpress\/ -->\n<title>Uma korv - valge - RUUBY<\/title>\n<meta name=\"robots\" content=\"index, follow, max-snippet:-1, max-image-preview:large, max-video-preview:-1\" \/>\n<link rel=\"canonical\" href=\"https:\/\/ruuby.ee\/en\/pood\/sisustuskorvid\/uma-korv-valge\/\" \/>\n<meta property=\"og:locale\" content=\"en_GB\" \/>\n<meta property=\"og:type\" content=\"article\" \/>\n<meta property=\"og:title\" content=\"Uma korv - valge - RUUBY\" \/>\n<meta property=\"og:description\" content=\"Valge Uma korv sobib ideaalselt kaunistama teie kodu mis tahes ruumi ja aidates teie kodu korrastada, hoides selle sees tarvikuid. M\u00f5\u00f5dud: \u00d824 x 22 cm Saadaval kolmes suuruses, see on osa meie v\u00e4ikeste ja keskmiste korvide kollektsioonist, nii et saate hoida oma v\u00e4iksemaid esemeid. See on k\u00e4sitsi valmistatud naturaalsest kiust ja valgest, aidates luua k\u00fclalislahkemat [&hellip;]\" \/>\n<meta property=\"og:url\" content=\"https:\/\/ruuby.ee\/en\/pood\/sisustuskorvid\/uma-korv-valge\/\" \/>\n<meta property=\"og:site_name\" content=\"RUUBY\" \/>\n<meta property=\"article:publisher\" content=\"https:\/\/www.facebook.com\/ruubyconcept\" \/>\n<meta property=\"article:modified_time\" content=\"2026-04-07T22:28:41+00:00\" \/>\n<meta property=\"og:image\" content=\"https:\/\/ruuby.ee\/wp-content\/uploads\/2023\/07\/Screenshot-2023-07-22-at-14.07.35.png\" \/>\n\t<meta property=\"og:image:width\" content=\"870\" \/>\n\t<meta property=\"og:image:height\" content=\"836\" \/>\n\t<meta property=\"og:image:type\" content=\"image\/png\" \/>\n<meta name=\"twitter:card\" content=\"summary_large_image\" \/>\n<meta name=\"twitter:label1\" content=\"Estimated reading time\" \/>\n\t<meta name=\"twitter:data1\" content=\"1 minute\" \/>\n<script type=\"application\/ld+json\" class=\"yoast-schema-graph\">{\"@context\":\"https:\\\/\\\/schema.org\",\"@graph\":[{\"@type\":[\"WebPage\",\"ItemPage\"],\"@id\":\"https:\\\/\\\/ruuby.ee\\\/pood\\\/sisustuskorvid\\\/uma-korv-valge\\\/\",\"url\":\"https:\\\/\\\/ruuby.ee\\\/pood\\\/sisustuskorvid\\\/uma-korv-valge\\\/\",\"name\":\"Uma korv - valge - RUUBY\",\"isPartOf\":{\"@id\":\"http:\\\/\\\/ruuby.ee\\\/#website\"},\"primaryImageOfPage\":{\"@id\":\"https:\\\/\\\/ruuby.ee\\\/pood\\\/sisustuskorvid\\\/uma-korv-valge\\\/#primaryimage\"},\"image\":{\"@id\":\"https:\\\/\\\/ruuby.ee\\\/pood\\\/sisustuskorvid\\\/uma-korv-valge\\\/#primaryimage\"},\"thumbnailUrl\":\"http:\\\/\\\/ruuby.ee\\\/wp-content\\\/uploads\\\/2023\\\/07\\\/Screenshot-2023-07-22-at-14.07.35.png\",\"datePublished\":\"2023-07-22T11:09:28+00:00\",\"dateModified\":\"2026-04-07T22:28:41+00:00\",\"breadcrumb\":{\"@id\":\"https:\\\/\\\/ruuby.ee\\\/pood\\\/sisustuskorvid\\\/uma-korv-valge\\\/#breadcrumb\"},\"inLanguage\":\"en-GB\",\"potentialAction\":[{\"@type\":\"ReadAction\",\"target\":[\"https:\\\/\\\/ruuby.ee\\\/pood\\\/sisustuskorvid\\\/uma-korv-valge\\\/\"]}]},{\"@type\":\"ImageObject\",\"inLanguage\":\"en-GB\",\"@id\":\"https:\\\/\\\/ruuby.ee\\\/pood\\\/sisustuskorvid\\\/uma-korv-valge\\\/#primaryimage\",\"url\":\"http:\\\/\\\/ruuby.ee\\\/wp-content\\\/uploads\\\/2023\\\/07\\\/Screenshot-2023-07-22-at-14.07.35.png\",\"contentUrl\":\"http:\\\/\\\/ruuby.ee\\\/wp-content\\\/uploads\\\/2023\\\/07\\\/Screenshot-2023-07-22-at-14.07.35.png\",\"width\":870,\"height\":836},{\"@type\":\"BreadcrumbList\",\"@id\":\"https:\\\/\\\/ruuby.ee\\\/pood\\\/sisustuskorvid\\\/uma-korv-valge\\\/#breadcrumb\",\"itemListElement\":[{\"@type\":\"ListItem\",\"position\":1,\"name\":\"Kdu\",\"item\":\"http:\\\/\\\/ruuby.ee\\\/\"},{\"@type\":\"ListItem\",\"position\":2,\"name\":\"Pood\",\"item\":\"http:\\\/\\\/ruuby.ee\\\/pood\\\/\"},{\"@type\":\"ListItem\",\"position\":3,\"name\":\"Uma korv &#8211; valge\"}]},{\"@type\":\"WebSite\",\"@id\":\"http:\\\/\\\/ruuby.ee\\\/#website\",\"url\":\"http:\\\/\\\/ruuby.ee\\\/\",\"name\":\"RUUBY\",\"description\":\"Ruubys on \u00fchendatud elustiil ja disain\",\"publisher\":{\"@id\":\"http:\\\/\\\/ruuby.ee\\\/#organization\"},\"alternateName\":\"Ruuby Disain\",\"potentialAction\":[{\"@type\":\"SearchAction\",\"target\":{\"@type\":\"EntryPoint\",\"urlTemplate\":\"http:\\\/\\\/ruuby.ee\\\/?s={search_term_string}\"},\"query-input\":{\"@type\":\"PropertyValueSpecification\",\"valueRequired\":true,\"valueName\":\"search_term_string\"}}],\"inLanguage\":\"en-GB\"},{\"@type\":\"Organization\",\"@id\":\"http:\\\/\\\/ruuby.ee\\\/#organization\",\"name\":\"Ruuby Disain O\u00dc\",\"alternateName\":\"Ruuby\",\"url\":\"http:\\\/\\\/ruuby.ee\\\/\",\"logo\":{\"@type\":\"ImageObject\",\"inLanguage\":\"en-GB\",\"@id\":\"http:\\\/\\\/ruuby.ee\\\/#\\\/schema\\\/logo\\\/image\\\/\",\"url\":\"http:\\\/\\\/ruuby.ee\\\/wp-content\\\/uploads\\\/2023\\\/06\\\/cropped-Black-White-Elegant-Circle-Signature-Fashion-Logo-12_large.png\",\"contentUrl\":\"http:\\\/\\\/ruuby.ee\\\/wp-content\\\/uploads\\\/2023\\\/06\\\/cropped-Black-White-Elegant-Circle-Signature-Fashion-Logo-12_large.png\",\"width\":1280,\"height\":747,\"caption\":\"Ruuby Disain O\u00dc\"},\"image\":{\"@id\":\"http:\\\/\\\/ruuby.ee\\\/#\\\/schema\\\/logo\\\/image\\\/\"},\"sameAs\":[\"https:\\\/\\\/www.facebook.com\\\/ruubyconcept\",\"https:\\\/\\\/www.instagram.com\\\/ruuby_concept\\\/\"]}]}<\/script>\n<!-- \/ Yoast SEO plugin. -->","yoast_head_json":{"title":"Uma korv - valge - RUUBY","robots":{"index":"index","follow":"follow","max-snippet":"max-snippet:-1","max-image-preview":"max-image-preview:large","max-video-preview":"max-video-preview:-1"},"canonical":"https:\/\/ruuby.ee\/en\/pood\/sisustuskorvid\/uma-korv-valge\/","og_locale":"en_GB","og_type":"article","og_title":"Uma korv - valge - RUUBY","og_description":"Valge Uma korv sobib ideaalselt kaunistama teie kodu mis tahes ruumi ja aidates teie kodu korrastada, hoides selle sees tarvikuid. M\u00f5\u00f5dud: \u00d824 x 22 cm Saadaval kolmes suuruses, see on osa meie v\u00e4ikeste ja keskmiste korvide kollektsioonist, nii et saate hoida oma v\u00e4iksemaid esemeid. See on k\u00e4sitsi valmistatud naturaalsest kiust ja valgest, aidates luua k\u00fclalislahkemat [&hellip;]","og_url":"https:\/\/ruuby.ee\/en\/pood\/sisustuskorvid\/uma-korv-valge\/","og_site_name":"RUUBY","article_publisher":"https:\/\/www.facebook.com\/ruubyconcept","article_modified_time":"2026-04-07T22:28:41+00:00","og_image":[{"width":870,"height":836,"url":"https:\/\/ruuby.ee\/wp-content\/uploads\/2023\/07\/Screenshot-2023-07-22-at-14.07.35.png","type":"image\/png"}],"twitter_card":"summary_large_image","twitter_misc":{"Estimated reading time":"1 minute"},"schema":{"@context":"https:\/\/schema.org","@graph":[{"@type":["WebPage","ItemPage"],"@id":"https:\/\/ruuby.ee\/pood\/sisustuskorvid\/uma-korv-valge\/","url":"https:\/\/ruuby.ee\/pood\/sisustuskorvid\/uma-korv-valge\/","name":"Uma korv - valge - RUUBY","isPartOf":{"@id":"http:\/\/ruuby.ee\/#website"},"primaryImageOfPage":{"@id":"https:\/\/ruuby.ee\/pood\/sisustuskorvid\/uma-korv-valge\/#primaryimage"},"image":{"@id":"https:\/\/ruuby.ee\/pood\/sisustuskorvid\/uma-korv-valge\/#primaryimage"},"thumbnailUrl":"http:\/\/ruuby.ee\/wp-content\/uploads\/2023\/07\/Screenshot-2023-07-22-at-14.07.35.png","datePublished":"2023-07-22T11:09:28+00:00","dateModified":"2026-04-07T22:28:41+00:00","breadcrumb":{"@id":"https:\/\/ruuby.ee\/pood\/sisustuskorvid\/uma-korv-valge\/#breadcrumb"},"inLanguage":"en-GB","potentialAction":[{"@type":"ReadAction","target":["https:\/\/ruuby.ee\/pood\/sisustuskorvid\/uma-korv-valge\/"]}]},{"@type":"ImageObject","inLanguage":"en-GB","@id":"https:\/\/ruuby.ee\/pood\/sisustuskorvid\/uma-korv-valge\/#primaryimage","url":"http:\/\/ruuby.ee\/wp-content\/uploads\/2023\/07\/Screenshot-2023-07-22-at-14.07.35.png","contentUrl":"http:\/\/ruuby.ee\/wp-content\/uploads\/2023\/07\/Screenshot-2023-07-22-at-14.07.35.png","width":870,"height":836},{"@type":"BreadcrumbList","@id":"https:\/\/ruuby.ee\/pood\/sisustuskorvid\/uma-korv-valge\/#breadcrumb","itemListElement":[{"@type":"ListItem","position":1,"name":"Kdu","item":"http:\/\/ruuby.ee\/"},{"@type":"ListItem","position":2,"name":"Pood","item":"http:\/\/ruuby.ee\/pood\/"},{"@type":"ListItem","position":3,"name":"Uma korv &#8211; valge"}]},{"@type":"WebSite","@id":"http:\/\/ruuby.ee\/#website","url":"http:\/\/ruuby.ee\/","name":"RUUBY","description":"Ruubys on \u00fchendatud elustiil ja disain","publisher":{"@id":"http:\/\/ruuby.ee\/#organization"},"alternateName":"Ruuby Disain","potentialAction":[{"@type":"SearchAction","target":{"@type":"EntryPoint","urlTemplate":"http:\/\/ruuby.ee\/?s={search_term_string}"},"query-input":{"@type":"PropertyValueSpecification","valueRequired":true,"valueName":"search_term_string"}}],"inLanguage":"en-GB"},{"@type":"Organization","@id":"http:\/\/ruuby.ee\/#organization","name":"Ruuby Disain O\u00dc","alternateName":"Ruuby","url":"http:\/\/ruuby.ee\/","logo":{"@type":"ImageObject","inLanguage":"en-GB","@id":"http:\/\/ruuby.ee\/#\/schema\/logo\/image\/","url":"http:\/\/ruuby.ee\/wp-content\/uploads\/2023\/06\/cropped-Black-White-Elegant-Circle-Signature-Fashion-Logo-12_large.png","contentUrl":"http:\/\/ruuby.ee\/wp-content\/uploads\/2023\/06\/cropped-Black-White-Elegant-Circle-Signature-Fashion-Logo-12_large.png","width":1280,"height":747,"caption":"Ruuby Disain O\u00dc"},"image":{"@id":"http:\/\/ruuby.ee\/#\/schema\/logo\/image\/"},"sameAs":["https:\/\/www.facebook.com\/ruubyconcept","https:\/\/www.instagram.com\/ruuby_concept\/"]}]}},"jetpack_sharing_enabled":true,"_links":{"self":[{"href":"http:\/\/ruuby.ee\/en\/wp-json\/wp\/v2\/product\/1837359","targetHints":{"allow":["GET"]}}],"collection":[{"href":"http:\/\/ruuby.ee\/en\/wp-json\/wp\/v2\/product"}],"about":[{"href":"http:\/\/ruuby.ee\/en\/wp-json\/wp\/v2\/types\/product"}],"replies":[{"embeddable":true,"href":"http:\/\/ruuby.ee\/en\/wp-json\/wp\/v2\/comments?post=1837359"}],"wp:featuredmedia":[{"embeddable":true,"href":"http:\/\/ruuby.ee\/en\/wp-json\/wp\/v2\/media\/1837361"}],"wp:attachment":[{"href":"http:\/\/ruuby.ee\/en\/wp-json\/wp\/v2\/media?parent=1837359"}],"wp:term":[{"taxonomy":"product_brand","embeddable":true,"href":"http:\/\/ruuby.ee\/en\/wp-json\/wp\/v2\/product_brand?post=1837359"},{"taxonomy":"product_cat","embeddable":true,"href":"http:\/\/ruuby.ee\/en\/wp-json\/wp\/v2\/product_cat?post=1837359"},{"taxonomy":"product_tag","embeddable":true,"href":"http:\/\/ruuby.ee\/en\/wp-json\/wp\/v2\/product_tag?post=1837359"}],"curies":[{"name":"wp","href":"https:\/\/api.w.org\/{rel}","templated":true}]}}