{"id":1837352,"date":"2023-07-22T13:55:49","date_gmt":"2023-07-22T10:55:49","guid":{"rendered":"http:\/\/ruuby.ee\/?post_type=product&#038;p=1837352"},"modified":"2026-04-08T01:28:41","modified_gmt":"2026-04-07T22:28:41","slug":"sanur-korvike-valge-pruun","status":"publish","type":"product","link":"http:\/\/ruuby.ee\/en\/pood\/sisustuskorvid\/sanur-korvike-valge-pruun\/","title":{"rendered":"Sanur korvike &#8211; valge\/pruun"},"content":{"rendered":"<p>Valge Sanuri korv sobib ideaalselt teie kodu iga ruumi kaunistamiseks ja aitab kodu korrastada, hoides sees v\u00e4ikseid tarvikuid.<\/p>\n<p>Valmistatud k\u00e4sitsi looduslikest kiududest. Dekoratiivsed ja v\u00e4ga funktsionaalsed korvid.<\/p>\n<p>Aseta kas\u00f5vi potitaim korvi ja suurep\u00e4rane sisustuse detail. Sanur White korv on ainulaadse disainiga, valge ja naturaalne v\u00e4rv muudab selle kauniks teie kodu igas nurgas: elutoas, s\u00f6\u00f6gitoas, magamistoas, k\u00f6\u00f6gis, vannitoas jne. Selle neutraalsed v\u00e4rvid aitavad sellel ideaalselt sobituda erinevate sisustusstiilidega: boho, p\u00f5hjamaised, vahemerelised, maal\u00e4hedased jne.<\/p>","protected":false},"excerpt":{"rendered":"<p>Valge Sanuri korv sobib ideaalselt teie kodu iga ruumi kaunistamiseks ja aitab kodu korrastada, hoides sees v\u00e4ikseid tarvikuid. Valmistatud k\u00e4sitsi looduslikest kiududest. Dekoratiivsed ja v\u00e4ga funktsionaalsed korvid. Aseta kas\u00f5vi potitaim korvi ja suurep\u00e4rane sisustuse detail. Sanur White korv on ainulaadse disainiga, valge ja naturaalne v\u00e4rv muudab selle kauniks teie kodu igas nurgas: elutoas, s\u00f6\u00f6gitoas, magamistoas, [&hellip;]<\/p>\n","protected":false},"featured_media":1837353,"comment_status":"open","ping_status":"closed","template":"","meta":[],"product_brand":[],"product_cat":[329],"product_tag":[331,330],"class_list":{"0":"post-1837352","1":"product","2":"type-product","3":"status-publish","4":"has-post-thumbnail","6":"product_cat-sisustuskorvid","7":"product_tag-boho","8":"product_tag-sisustuskorv","10":"first","11":"instock","12":"taxable","13":"shipping-taxable","14":"purchasable","15":"product-type-variable","16":"rtwpvs-product"},"yoast_head":"<!-- This site is optimized with the Yoast SEO plugin v27.3 - https:\/\/yoast.com\/product\/yoast-seo-wordpress\/ -->\n<title>Sanur korvike - valge\/pruun - RUUBY<\/title>\n<meta name=\"robots\" content=\"index, follow, max-snippet:-1, max-image-preview:large, max-video-preview:-1\" \/>\n<link rel=\"canonical\" href=\"http:\/\/ruuby.ee\/en\/pood\/sisustuskorvid\/sanur-korvike-valge-pruun\/\" \/>\n<meta property=\"og:locale\" content=\"en_GB\" \/>\n<meta property=\"og:type\" content=\"article\" \/>\n<meta property=\"og:title\" content=\"Sanur korvike - valge\/pruun - RUUBY\" \/>\n<meta property=\"og:description\" content=\"Valge Sanuri korv sobib ideaalselt teie kodu iga ruumi kaunistamiseks ja aitab kodu korrastada, hoides sees v\u00e4ikseid tarvikuid. Valmistatud k\u00e4sitsi looduslikest kiududest. Dekoratiivsed ja v\u00e4ga funktsionaalsed korvid. Aseta kas\u00f5vi potitaim korvi ja suurep\u00e4rane sisustuse detail. Sanur White korv on ainulaadse disainiga, valge ja naturaalne v\u00e4rv muudab selle kauniks teie kodu igas nurgas: elutoas, s\u00f6\u00f6gitoas, magamistoas, [&hellip;]\" \/>\n<meta property=\"og:url\" content=\"http:\/\/ruuby.ee\/en\/pood\/sisustuskorvid\/sanur-korvike-valge-pruun\/\" \/>\n<meta property=\"og:site_name\" content=\"RUUBY\" \/>\n<meta property=\"article:publisher\" content=\"https:\/\/www.facebook.com\/ruubyconcept\" \/>\n<meta property=\"article:modified_time\" content=\"2026-04-07T22:28:41+00:00\" \/>\n<meta property=\"og:image\" content=\"http:\/\/ruuby.ee\/wp-content\/uploads\/2023\/07\/Screenshot-2023-07-22-at-13.47.50.png\" \/>\n\t<meta property=\"og:image:width\" content=\"872\" \/>\n\t<meta property=\"og:image:height\" content=\"832\" \/>\n\t<meta property=\"og:image:type\" content=\"image\/png\" \/>\n<meta name=\"twitter:card\" content=\"summary_large_image\" \/>\n<meta name=\"twitter:label1\" content=\"Estimated reading time\" \/>\n\t<meta name=\"twitter:data1\" content=\"1 minute\" \/>\n<script type=\"application\/ld+json\" class=\"yoast-schema-graph\">{\"@context\":\"https:\\\/\\\/schema.org\",\"@graph\":[{\"@type\":[\"WebPage\",\"ItemPage\"],\"@id\":\"http:\\\/\\\/ruuby.ee\\\/en\\\/pood\\\/sisustuskorvid\\\/sanur-korvike-valge-pruun\\\/\",\"url\":\"http:\\\/\\\/ruuby.ee\\\/en\\\/pood\\\/sisustuskorvid\\\/sanur-korvike-valge-pruun\\\/\",\"name\":\"Sanur korvike - valge\\\/pruun - RUUBY\",\"isPartOf\":{\"@id\":\"http:\\\/\\\/ruuby.ee\\\/#website\"},\"primaryImageOfPage\":{\"@id\":\"http:\\\/\\\/ruuby.ee\\\/en\\\/pood\\\/sisustuskorvid\\\/sanur-korvike-valge-pruun\\\/#primaryimage\"},\"image\":{\"@id\":\"http:\\\/\\\/ruuby.ee\\\/en\\\/pood\\\/sisustuskorvid\\\/sanur-korvike-valge-pruun\\\/#primaryimage\"},\"thumbnailUrl\":\"http:\\\/\\\/ruuby.ee\\\/wp-content\\\/uploads\\\/2023\\\/07\\\/Screenshot-2023-07-22-at-13.47.50.png\",\"datePublished\":\"2023-07-22T10:55:49+00:00\",\"dateModified\":\"2026-04-07T22:28:41+00:00\",\"breadcrumb\":{\"@id\":\"http:\\\/\\\/ruuby.ee\\\/en\\\/pood\\\/sisustuskorvid\\\/sanur-korvike-valge-pruun\\\/#breadcrumb\"},\"inLanguage\":\"en-GB\",\"potentialAction\":[{\"@type\":\"ReadAction\",\"target\":[\"http:\\\/\\\/ruuby.ee\\\/en\\\/pood\\\/sisustuskorvid\\\/sanur-korvike-valge-pruun\\\/\"]}]},{\"@type\":\"ImageObject\",\"inLanguage\":\"en-GB\",\"@id\":\"http:\\\/\\\/ruuby.ee\\\/en\\\/pood\\\/sisustuskorvid\\\/sanur-korvike-valge-pruun\\\/#primaryimage\",\"url\":\"http:\\\/\\\/ruuby.ee\\\/wp-content\\\/uploads\\\/2023\\\/07\\\/Screenshot-2023-07-22-at-13.47.50.png\",\"contentUrl\":\"http:\\\/\\\/ruuby.ee\\\/wp-content\\\/uploads\\\/2023\\\/07\\\/Screenshot-2023-07-22-at-13.47.50.png\",\"width\":872,\"height\":832},{\"@type\":\"BreadcrumbList\",\"@id\":\"http:\\\/\\\/ruuby.ee\\\/en\\\/pood\\\/sisustuskorvid\\\/sanur-korvike-valge-pruun\\\/#breadcrumb\",\"itemListElement\":[{\"@type\":\"ListItem\",\"position\":1,\"name\":\"Kdu\",\"item\":\"http:\\\/\\\/ruuby.ee\\\/\"},{\"@type\":\"ListItem\",\"position\":2,\"name\":\"Pood\",\"item\":\"http:\\\/\\\/ruuby.ee\\\/pood\\\/\"},{\"@type\":\"ListItem\",\"position\":3,\"name\":\"Sanur korvike &#8211; valge\\\/pruun\"}]},{\"@type\":\"WebSite\",\"@id\":\"http:\\\/\\\/ruuby.ee\\\/#website\",\"url\":\"http:\\\/\\\/ruuby.ee\\\/\",\"name\":\"RUUBY\",\"description\":\"Ruubys on \u00fchendatud elustiil ja disain\",\"publisher\":{\"@id\":\"http:\\\/\\\/ruuby.ee\\\/#organization\"},\"alternateName\":\"Ruuby Disain\",\"potentialAction\":[{\"@type\":\"SearchAction\",\"target\":{\"@type\":\"EntryPoint\",\"urlTemplate\":\"http:\\\/\\\/ruuby.ee\\\/?s={search_term_string}\"},\"query-input\":{\"@type\":\"PropertyValueSpecification\",\"valueRequired\":true,\"valueName\":\"search_term_string\"}}],\"inLanguage\":\"en-GB\"},{\"@type\":\"Organization\",\"@id\":\"http:\\\/\\\/ruuby.ee\\\/#organization\",\"name\":\"Ruuby Disain O\u00dc\",\"alternateName\":\"Ruuby\",\"url\":\"http:\\\/\\\/ruuby.ee\\\/\",\"logo\":{\"@type\":\"ImageObject\",\"inLanguage\":\"en-GB\",\"@id\":\"http:\\\/\\\/ruuby.ee\\\/#\\\/schema\\\/logo\\\/image\\\/\",\"url\":\"http:\\\/\\\/ruuby.ee\\\/wp-content\\\/uploads\\\/2023\\\/06\\\/cropped-Black-White-Elegant-Circle-Signature-Fashion-Logo-12_large.png\",\"contentUrl\":\"http:\\\/\\\/ruuby.ee\\\/wp-content\\\/uploads\\\/2023\\\/06\\\/cropped-Black-White-Elegant-Circle-Signature-Fashion-Logo-12_large.png\",\"width\":1280,\"height\":747,\"caption\":\"Ruuby Disain O\u00dc\"},\"image\":{\"@id\":\"http:\\\/\\\/ruuby.ee\\\/#\\\/schema\\\/logo\\\/image\\\/\"},\"sameAs\":[\"https:\\\/\\\/www.facebook.com\\\/ruubyconcept\",\"https:\\\/\\\/www.instagram.com\\\/ruuby_concept\\\/\"]}]}<\/script>\n<!-- \/ Yoast SEO plugin. -->","yoast_head_json":{"title":"Sanur korvike - valge\/pruun - RUUBY","robots":{"index":"index","follow":"follow","max-snippet":"max-snippet:-1","max-image-preview":"max-image-preview:large","max-video-preview":"max-video-preview:-1"},"canonical":"http:\/\/ruuby.ee\/en\/pood\/sisustuskorvid\/sanur-korvike-valge-pruun\/","og_locale":"en_GB","og_type":"article","og_title":"Sanur korvike - valge\/pruun - RUUBY","og_description":"Valge Sanuri korv sobib ideaalselt teie kodu iga ruumi kaunistamiseks ja aitab kodu korrastada, hoides sees v\u00e4ikseid tarvikuid. Valmistatud k\u00e4sitsi looduslikest kiududest. Dekoratiivsed ja v\u00e4ga funktsionaalsed korvid. Aseta kas\u00f5vi potitaim korvi ja suurep\u00e4rane sisustuse detail. Sanur White korv on ainulaadse disainiga, valge ja naturaalne v\u00e4rv muudab selle kauniks teie kodu igas nurgas: elutoas, s\u00f6\u00f6gitoas, magamistoas, [&hellip;]","og_url":"http:\/\/ruuby.ee\/en\/pood\/sisustuskorvid\/sanur-korvike-valge-pruun\/","og_site_name":"RUUBY","article_publisher":"https:\/\/www.facebook.com\/ruubyconcept","article_modified_time":"2026-04-07T22:28:41+00:00","og_image":[{"width":872,"height":832,"url":"http:\/\/ruuby.ee\/wp-content\/uploads\/2023\/07\/Screenshot-2023-07-22-at-13.47.50.png","type":"image\/png"}],"twitter_card":"summary_large_image","twitter_misc":{"Estimated reading time":"1 minute"},"schema":{"@context":"https:\/\/schema.org","@graph":[{"@type":["WebPage","ItemPage"],"@id":"http:\/\/ruuby.ee\/en\/pood\/sisustuskorvid\/sanur-korvike-valge-pruun\/","url":"http:\/\/ruuby.ee\/en\/pood\/sisustuskorvid\/sanur-korvike-valge-pruun\/","name":"Sanur korvike - valge\/pruun - RUUBY","isPartOf":{"@id":"http:\/\/ruuby.ee\/#website"},"primaryImageOfPage":{"@id":"http:\/\/ruuby.ee\/en\/pood\/sisustuskorvid\/sanur-korvike-valge-pruun\/#primaryimage"},"image":{"@id":"http:\/\/ruuby.ee\/en\/pood\/sisustuskorvid\/sanur-korvike-valge-pruun\/#primaryimage"},"thumbnailUrl":"http:\/\/ruuby.ee\/wp-content\/uploads\/2023\/07\/Screenshot-2023-07-22-at-13.47.50.png","datePublished":"2023-07-22T10:55:49+00:00","dateModified":"2026-04-07T22:28:41+00:00","breadcrumb":{"@id":"http:\/\/ruuby.ee\/en\/pood\/sisustuskorvid\/sanur-korvike-valge-pruun\/#breadcrumb"},"inLanguage":"en-GB","potentialAction":[{"@type":"ReadAction","target":["http:\/\/ruuby.ee\/en\/pood\/sisustuskorvid\/sanur-korvike-valge-pruun\/"]}]},{"@type":"ImageObject","inLanguage":"en-GB","@id":"http:\/\/ruuby.ee\/en\/pood\/sisustuskorvid\/sanur-korvike-valge-pruun\/#primaryimage","url":"http:\/\/ruuby.ee\/wp-content\/uploads\/2023\/07\/Screenshot-2023-07-22-at-13.47.50.png","contentUrl":"http:\/\/ruuby.ee\/wp-content\/uploads\/2023\/07\/Screenshot-2023-07-22-at-13.47.50.png","width":872,"height":832},{"@type":"BreadcrumbList","@id":"http:\/\/ruuby.ee\/en\/pood\/sisustuskorvid\/sanur-korvike-valge-pruun\/#breadcrumb","itemListElement":[{"@type":"ListItem","position":1,"name":"Kdu","item":"http:\/\/ruuby.ee\/"},{"@type":"ListItem","position":2,"name":"Pood","item":"http:\/\/ruuby.ee\/pood\/"},{"@type":"ListItem","position":3,"name":"Sanur korvike &#8211; valge\/pruun"}]},{"@type":"WebSite","@id":"http:\/\/ruuby.ee\/#website","url":"http:\/\/ruuby.ee\/","name":"RUUBY","description":"Ruubys on \u00fchendatud elustiil ja disain","publisher":{"@id":"http:\/\/ruuby.ee\/#organization"},"alternateName":"Ruuby Disain","potentialAction":[{"@type":"SearchAction","target":{"@type":"EntryPoint","urlTemplate":"http:\/\/ruuby.ee\/?s={search_term_string}"},"query-input":{"@type":"PropertyValueSpecification","valueRequired":true,"valueName":"search_term_string"}}],"inLanguage":"en-GB"},{"@type":"Organization","@id":"http:\/\/ruuby.ee\/#organization","name":"Ruuby Disain O\u00dc","alternateName":"Ruuby","url":"http:\/\/ruuby.ee\/","logo":{"@type":"ImageObject","inLanguage":"en-GB","@id":"http:\/\/ruuby.ee\/#\/schema\/logo\/image\/","url":"http:\/\/ruuby.ee\/wp-content\/uploads\/2023\/06\/cropped-Black-White-Elegant-Circle-Signature-Fashion-Logo-12_large.png","contentUrl":"http:\/\/ruuby.ee\/wp-content\/uploads\/2023\/06\/cropped-Black-White-Elegant-Circle-Signature-Fashion-Logo-12_large.png","width":1280,"height":747,"caption":"Ruuby Disain O\u00dc"},"image":{"@id":"http:\/\/ruuby.ee\/#\/schema\/logo\/image\/"},"sameAs":["https:\/\/www.facebook.com\/ruubyconcept","https:\/\/www.instagram.com\/ruuby_concept\/"]}]}},"jetpack_sharing_enabled":true,"_links":{"self":[{"href":"http:\/\/ruuby.ee\/en\/wp-json\/wp\/v2\/product\/1837352","targetHints":{"allow":["GET"]}}],"collection":[{"href":"http:\/\/ruuby.ee\/en\/wp-json\/wp\/v2\/product"}],"about":[{"href":"http:\/\/ruuby.ee\/en\/wp-json\/wp\/v2\/types\/product"}],"replies":[{"embeddable":true,"href":"http:\/\/ruuby.ee\/en\/wp-json\/wp\/v2\/comments?post=1837352"}],"wp:featuredmedia":[{"embeddable":true,"href":"http:\/\/ruuby.ee\/en\/wp-json\/wp\/v2\/media\/1837353"}],"wp:attachment":[{"href":"http:\/\/ruuby.ee\/en\/wp-json\/wp\/v2\/media?parent=1837352"}],"wp:term":[{"taxonomy":"product_brand","embeddable":true,"href":"http:\/\/ruuby.ee\/en\/wp-json\/wp\/v2\/product_brand?post=1837352"},{"taxonomy":"product_cat","embeddable":true,"href":"http:\/\/ruuby.ee\/en\/wp-json\/wp\/v2\/product_cat?post=1837352"},{"taxonomy":"product_tag","embeddable":true,"href":"http:\/\/ruuby.ee\/en\/wp-json\/wp\/v2\/product_tag?post=1837352"}],"curies":[{"name":"wp","href":"https:\/\/api.w.org\/{rel}","templated":true}]}}