{"id":1837300,"date":"2023-07-21T16:51:57","date_gmt":"2023-07-21T13:51:57","guid":{"rendered":"http:\/\/ruuby.ee\/?post_type=product&#038;p=1837300"},"modified":"2026-04-08T01:28:41","modified_gmt":"2026-04-07T22:28:41","slug":"kivist-ohtusoogitaldrik","status":"publish","type":"product","link":"http:\/\/ruuby.ee\/en\/pood\/kodusisustus\/soogituba\/kivist-ohtusoogitaldrik\/","title":{"rendered":"Kivist s\u00f6\u00f6gitaldrik"},"content":{"rendered":"<p>Muutke oma einestamiskogemus vaevatuks, lisades selle suurep\u00e4rase vastupidava taldrikukogu. K\u00e4sitsi valmistatud orgaaniliselt \u00fcmardatud \u00f5htus\u00f6\u00f6gitaldrikud on \u00fched m\u00fc\u00fcgihitid. See orgaanilise kujuga taldrik on ainulaadne.<\/p>\n<p>Neid pakutakse mattidena, et tagada maal\u00e4hedane ilu, ja sisemus on klaasitud, et minimeerida s\u00f6\u00f6giriistade j\u00e4lgi.<\/p>\n<p>M\u00f5\u00f5dud:\u00a0\u00f8 26 cm\/3,7 cm h\/0,84 kg<\/p>\n<p>Tehnilised andmed:<\/p>\n<p>Mikrolaineahjus ja n\u00f5udepesumasinas pestav<br \/>\nK\u00e4sitsi valmistatud<br \/>\nMaterjal: emailitud kivikeraamika<br \/>\nT\u00e4ielikult m\u00fcrgiste raskemetallide (nagu kaadmium ja plii) vaba<\/p>\n<p>Meie tooted on k\u00e4sitsi valmistatud keraamikute poolt, \u00fckshaaval. Sellisena on need k\u00f5ik omal moel ainulaadsed ja v\u00f5ite m\u00e4rgata alusele v\u00e4ikese s\u00f5rmej\u00e4lje v\u00f5i ruudustiku j\u00e4ljendi, mis tekkisid ennem tulele asetamist. Pange t\u00e4hele, et need on t\u00f5elise meisterlikkuse tunnused.<\/p>\n<p>\u2022 Kiired ja \u00e4\u00e4rmuslikud temperatuurimuutused v\u00f5ivad p\u00f5hjustada kivikeraamika pragunemise.<\/p>\n<p>\u2022 \u00c4rge eelsoojendage kivin\u00f5usid ja \u00e4rge asetage ahju m\u00e4rga keraamikat.<\/p>\n<p>\u2022 \u00c4rge kasutage grillil<\/p>\n<p>\u2022 \u00c4rge asetage kivikeraamikale tihedaid k\u00fclmutatud toiduaineid.<\/p>\n<p>\u2022 \u00c4rge asetage kuumi kivikeraamikat otse k\u00fclmale pinnale, kuna see v\u00f5ib tekitada pragusid, kasutage naelu v\u00f5i r\u00e4tikut ja laske sellel jahtuda, et selliseid pragusid v\u00e4ltida.<\/p>\n<p>\u2022Teravate n\u00f5ude kasutamine v\u00f5ib j\u00e4tta kergeid kriimustusi. M\u00f5ned valikud aitavad teil neid eemaldada; h\u00f5\u00f5ruge oma n\u00f5usid s\u00f6\u00f6gisoodaga, tartarikreemi v\u00f5i veega.<\/p>","protected":false},"excerpt":{"rendered":"<p>Muutke oma einestamiskogemus vaevatuks, lisades selle suurep\u00e4rase vastupidava taldrikukogu. K\u00e4sitsi valmistatud orgaaniliselt \u00fcmardatud \u00f5htus\u00f6\u00f6gitaldrikud on \u00fched m\u00fc\u00fcgihitid. See orgaanilise kujuga taldrik on ainulaadne. Neid pakutakse mattidena, et tagada maal\u00e4hedane ilu, ja sisemus on klaasitud, et minimeerida s\u00f6\u00f6giriistade j\u00e4lgi. M\u00f5\u00f5dud:\u00a0\u00f8 26 cm\/3,7 cm h\/0,84 kg Tehnilised andmed: Mikrolaineahjus ja n\u00f5udepesumasinas pestav K\u00e4sitsi valmistatud Materjal: emailitud kivikeraamika [&hellip;]<\/p>\n","protected":false},"featured_media":1837305,"comment_status":"open","ping_status":"closed","template":"","meta":[],"product_brand":[],"product_cat":[60],"product_tag":[],"class_list":{"0":"post-1837300","1":"product","2":"type-product","3":"status-publish","4":"has-post-thumbnail","6":"product_cat-soogituba","8":"first","9":"instock","10":"taxable","11":"shipping-taxable","12":"purchasable","13":"product-type-variable","14":"rtwpvs-product"},"yoast_head":"<!-- This site is optimized with the Yoast SEO plugin v27.3 - https:\/\/yoast.com\/product\/yoast-seo-wordpress\/ -->\n<title>Kivist s\u00f6\u00f6gitaldrik - RUUBY<\/title>\n<meta name=\"robots\" content=\"index, follow, max-snippet:-1, max-image-preview:large, max-video-preview:-1\" \/>\n<link rel=\"canonical\" href=\"https:\/\/ruuby.ee\/en\/pood\/kodusisustus\/soogituba\/kivist-ohtusoogitaldrik\/\" \/>\n<meta property=\"og:locale\" content=\"en_GB\" \/>\n<meta property=\"og:type\" content=\"article\" \/>\n<meta property=\"og:title\" content=\"Kivist s\u00f6\u00f6gitaldrik - RUUBY\" \/>\n<meta property=\"og:description\" content=\"Muutke oma einestamiskogemus vaevatuks, lisades selle suurep\u00e4rase vastupidava taldrikukogu. K\u00e4sitsi valmistatud orgaaniliselt \u00fcmardatud \u00f5htus\u00f6\u00f6gitaldrikud on \u00fched m\u00fc\u00fcgihitid. See orgaanilise kujuga taldrik on ainulaadne. Neid pakutakse mattidena, et tagada maal\u00e4hedane ilu, ja sisemus on klaasitud, et minimeerida s\u00f6\u00f6giriistade j\u00e4lgi. M\u00f5\u00f5dud:\u00a0\u00f8 26 cm\/3,7 cm h\/0,84 kg Tehnilised andmed: Mikrolaineahjus ja n\u00f5udepesumasinas pestav K\u00e4sitsi valmistatud Materjal: emailitud kivikeraamika [&hellip;]\" \/>\n<meta property=\"og:url\" content=\"https:\/\/ruuby.ee\/en\/pood\/kodusisustus\/soogituba\/kivist-ohtusoogitaldrik\/\" \/>\n<meta property=\"og:site_name\" content=\"RUUBY\" \/>\n<meta property=\"article:publisher\" content=\"https:\/\/www.facebook.com\/ruubyconcept\" \/>\n<meta property=\"article:modified_time\" content=\"2026-04-07T22:28:41+00:00\" \/>\n<meta property=\"og:image\" content=\"https:\/\/ruuby.ee\/wp-content\/uploads\/2023\/07\/Screenshot-2023-07-21-at-16.49.10.png\" \/>\n\t<meta property=\"og:image:width\" content=\"1152\" \/>\n\t<meta property=\"og:image:height\" content=\"1088\" \/>\n\t<meta property=\"og:image:type\" content=\"image\/png\" \/>\n<meta name=\"twitter:card\" content=\"summary_large_image\" \/>\n<meta name=\"twitter:label1\" content=\"Estimated reading time\" \/>\n\t<meta name=\"twitter:data1\" content=\"2 minutes\" \/>\n<script type=\"application\/ld+json\" class=\"yoast-schema-graph\">{\"@context\":\"https:\\\/\\\/schema.org\",\"@graph\":[{\"@type\":[\"WebPage\",\"ItemPage\"],\"@id\":\"https:\\\/\\\/ruuby.ee\\\/pood\\\/kodusisustus\\\/soogituba\\\/kivist-ohtusoogitaldrik\\\/\",\"url\":\"https:\\\/\\\/ruuby.ee\\\/pood\\\/kodusisustus\\\/soogituba\\\/kivist-ohtusoogitaldrik\\\/\",\"name\":\"Kivist s\u00f6\u00f6gitaldrik - RUUBY\",\"isPartOf\":{\"@id\":\"http:\\\/\\\/ruuby.ee\\\/#website\"},\"primaryImageOfPage\":{\"@id\":\"https:\\\/\\\/ruuby.ee\\\/pood\\\/kodusisustus\\\/soogituba\\\/kivist-ohtusoogitaldrik\\\/#primaryimage\"},\"image\":{\"@id\":\"https:\\\/\\\/ruuby.ee\\\/pood\\\/kodusisustus\\\/soogituba\\\/kivist-ohtusoogitaldrik\\\/#primaryimage\"},\"thumbnailUrl\":\"http:\\\/\\\/ruuby.ee\\\/wp-content\\\/uploads\\\/2023\\\/07\\\/Screenshot-2023-07-21-at-16.49.10.png\",\"datePublished\":\"2023-07-21T13:51:57+00:00\",\"dateModified\":\"2026-04-07T22:28:41+00:00\",\"breadcrumb\":{\"@id\":\"https:\\\/\\\/ruuby.ee\\\/pood\\\/kodusisustus\\\/soogituba\\\/kivist-ohtusoogitaldrik\\\/#breadcrumb\"},\"inLanguage\":\"en-GB\",\"potentialAction\":[{\"@type\":\"ReadAction\",\"target\":[\"https:\\\/\\\/ruuby.ee\\\/pood\\\/kodusisustus\\\/soogituba\\\/kivist-ohtusoogitaldrik\\\/\"]}]},{\"@type\":\"ImageObject\",\"inLanguage\":\"en-GB\",\"@id\":\"https:\\\/\\\/ruuby.ee\\\/pood\\\/kodusisustus\\\/soogituba\\\/kivist-ohtusoogitaldrik\\\/#primaryimage\",\"url\":\"http:\\\/\\\/ruuby.ee\\\/wp-content\\\/uploads\\\/2023\\\/07\\\/Screenshot-2023-07-21-at-16.49.10.png\",\"contentUrl\":\"http:\\\/\\\/ruuby.ee\\\/wp-content\\\/uploads\\\/2023\\\/07\\\/Screenshot-2023-07-21-at-16.49.10.png\",\"width\":1152,\"height\":1088},{\"@type\":\"BreadcrumbList\",\"@id\":\"https:\\\/\\\/ruuby.ee\\\/pood\\\/kodusisustus\\\/soogituba\\\/kivist-ohtusoogitaldrik\\\/#breadcrumb\",\"itemListElement\":[{\"@type\":\"ListItem\",\"position\":1,\"name\":\"Kdu\",\"item\":\"http:\\\/\\\/ruuby.ee\\\/\"},{\"@type\":\"ListItem\",\"position\":2,\"name\":\"Pood\",\"item\":\"http:\\\/\\\/ruuby.ee\\\/pood\\\/\"},{\"@type\":\"ListItem\",\"position\":3,\"name\":\"Kivist s\u00f6\u00f6gitaldrik\"}]},{\"@type\":\"WebSite\",\"@id\":\"http:\\\/\\\/ruuby.ee\\\/#website\",\"url\":\"http:\\\/\\\/ruuby.ee\\\/\",\"name\":\"RUUBY\",\"description\":\"Ruubys on \u00fchendatud elustiil ja disain\",\"publisher\":{\"@id\":\"http:\\\/\\\/ruuby.ee\\\/#organization\"},\"alternateName\":\"Ruuby Disain\",\"potentialAction\":[{\"@type\":\"SearchAction\",\"target\":{\"@type\":\"EntryPoint\",\"urlTemplate\":\"http:\\\/\\\/ruuby.ee\\\/?s={search_term_string}\"},\"query-input\":{\"@type\":\"PropertyValueSpecification\",\"valueRequired\":true,\"valueName\":\"search_term_string\"}}],\"inLanguage\":\"en-GB\"},{\"@type\":\"Organization\",\"@id\":\"http:\\\/\\\/ruuby.ee\\\/#organization\",\"name\":\"Ruuby Disain O\u00dc\",\"alternateName\":\"Ruuby\",\"url\":\"http:\\\/\\\/ruuby.ee\\\/\",\"logo\":{\"@type\":\"ImageObject\",\"inLanguage\":\"en-GB\",\"@id\":\"http:\\\/\\\/ruuby.ee\\\/#\\\/schema\\\/logo\\\/image\\\/\",\"url\":\"http:\\\/\\\/ruuby.ee\\\/wp-content\\\/uploads\\\/2023\\\/06\\\/cropped-Black-White-Elegant-Circle-Signature-Fashion-Logo-12_large.png\",\"contentUrl\":\"http:\\\/\\\/ruuby.ee\\\/wp-content\\\/uploads\\\/2023\\\/06\\\/cropped-Black-White-Elegant-Circle-Signature-Fashion-Logo-12_large.png\",\"width\":1280,\"height\":747,\"caption\":\"Ruuby Disain O\u00dc\"},\"image\":{\"@id\":\"http:\\\/\\\/ruuby.ee\\\/#\\\/schema\\\/logo\\\/image\\\/\"},\"sameAs\":[\"https:\\\/\\\/www.facebook.com\\\/ruubyconcept\",\"https:\\\/\\\/www.instagram.com\\\/ruuby_concept\\\/\"]}]}<\/script>\n<!-- \/ Yoast SEO plugin. -->","yoast_head_json":{"title":"Kivist s\u00f6\u00f6gitaldrik - RUUBY","robots":{"index":"index","follow":"follow","max-snippet":"max-snippet:-1","max-image-preview":"max-image-preview:large","max-video-preview":"max-video-preview:-1"},"canonical":"https:\/\/ruuby.ee\/en\/pood\/kodusisustus\/soogituba\/kivist-ohtusoogitaldrik\/","og_locale":"en_GB","og_type":"article","og_title":"Kivist s\u00f6\u00f6gitaldrik - RUUBY","og_description":"Muutke oma einestamiskogemus vaevatuks, lisades selle suurep\u00e4rase vastupidava taldrikukogu. K\u00e4sitsi valmistatud orgaaniliselt \u00fcmardatud \u00f5htus\u00f6\u00f6gitaldrikud on \u00fched m\u00fc\u00fcgihitid. See orgaanilise kujuga taldrik on ainulaadne. Neid pakutakse mattidena, et tagada maal\u00e4hedane ilu, ja sisemus on klaasitud, et minimeerida s\u00f6\u00f6giriistade j\u00e4lgi. M\u00f5\u00f5dud:\u00a0\u00f8 26 cm\/3,7 cm h\/0,84 kg Tehnilised andmed: Mikrolaineahjus ja n\u00f5udepesumasinas pestav K\u00e4sitsi valmistatud Materjal: emailitud kivikeraamika [&hellip;]","og_url":"https:\/\/ruuby.ee\/en\/pood\/kodusisustus\/soogituba\/kivist-ohtusoogitaldrik\/","og_site_name":"RUUBY","article_publisher":"https:\/\/www.facebook.com\/ruubyconcept","article_modified_time":"2026-04-07T22:28:41+00:00","og_image":[{"width":1152,"height":1088,"url":"https:\/\/ruuby.ee\/wp-content\/uploads\/2023\/07\/Screenshot-2023-07-21-at-16.49.10.png","type":"image\/png"}],"twitter_card":"summary_large_image","twitter_misc":{"Estimated reading time":"2 minutes"},"schema":{"@context":"https:\/\/schema.org","@graph":[{"@type":["WebPage","ItemPage"],"@id":"https:\/\/ruuby.ee\/pood\/kodusisustus\/soogituba\/kivist-ohtusoogitaldrik\/","url":"https:\/\/ruuby.ee\/pood\/kodusisustus\/soogituba\/kivist-ohtusoogitaldrik\/","name":"Kivist s\u00f6\u00f6gitaldrik - RUUBY","isPartOf":{"@id":"http:\/\/ruuby.ee\/#website"},"primaryImageOfPage":{"@id":"https:\/\/ruuby.ee\/pood\/kodusisustus\/soogituba\/kivist-ohtusoogitaldrik\/#primaryimage"},"image":{"@id":"https:\/\/ruuby.ee\/pood\/kodusisustus\/soogituba\/kivist-ohtusoogitaldrik\/#primaryimage"},"thumbnailUrl":"http:\/\/ruuby.ee\/wp-content\/uploads\/2023\/07\/Screenshot-2023-07-21-at-16.49.10.png","datePublished":"2023-07-21T13:51:57+00:00","dateModified":"2026-04-07T22:28:41+00:00","breadcrumb":{"@id":"https:\/\/ruuby.ee\/pood\/kodusisustus\/soogituba\/kivist-ohtusoogitaldrik\/#breadcrumb"},"inLanguage":"en-GB","potentialAction":[{"@type":"ReadAction","target":["https:\/\/ruuby.ee\/pood\/kodusisustus\/soogituba\/kivist-ohtusoogitaldrik\/"]}]},{"@type":"ImageObject","inLanguage":"en-GB","@id":"https:\/\/ruuby.ee\/pood\/kodusisustus\/soogituba\/kivist-ohtusoogitaldrik\/#primaryimage","url":"http:\/\/ruuby.ee\/wp-content\/uploads\/2023\/07\/Screenshot-2023-07-21-at-16.49.10.png","contentUrl":"http:\/\/ruuby.ee\/wp-content\/uploads\/2023\/07\/Screenshot-2023-07-21-at-16.49.10.png","width":1152,"height":1088},{"@type":"BreadcrumbList","@id":"https:\/\/ruuby.ee\/pood\/kodusisustus\/soogituba\/kivist-ohtusoogitaldrik\/#breadcrumb","itemListElement":[{"@type":"ListItem","position":1,"name":"Kdu","item":"http:\/\/ruuby.ee\/"},{"@type":"ListItem","position":2,"name":"Pood","item":"http:\/\/ruuby.ee\/pood\/"},{"@type":"ListItem","position":3,"name":"Kivist s\u00f6\u00f6gitaldrik"}]},{"@type":"WebSite","@id":"http:\/\/ruuby.ee\/#website","url":"http:\/\/ruuby.ee\/","name":"RUUBY","description":"Ruubys on \u00fchendatud elustiil ja disain","publisher":{"@id":"http:\/\/ruuby.ee\/#organization"},"alternateName":"Ruuby Disain","potentialAction":[{"@type":"SearchAction","target":{"@type":"EntryPoint","urlTemplate":"http:\/\/ruuby.ee\/?s={search_term_string}"},"query-input":{"@type":"PropertyValueSpecification","valueRequired":true,"valueName":"search_term_string"}}],"inLanguage":"en-GB"},{"@type":"Organization","@id":"http:\/\/ruuby.ee\/#organization","name":"Ruuby Disain O\u00dc","alternateName":"Ruuby","url":"http:\/\/ruuby.ee\/","logo":{"@type":"ImageObject","inLanguage":"en-GB","@id":"http:\/\/ruuby.ee\/#\/schema\/logo\/image\/","url":"http:\/\/ruuby.ee\/wp-content\/uploads\/2023\/06\/cropped-Black-White-Elegant-Circle-Signature-Fashion-Logo-12_large.png","contentUrl":"http:\/\/ruuby.ee\/wp-content\/uploads\/2023\/06\/cropped-Black-White-Elegant-Circle-Signature-Fashion-Logo-12_large.png","width":1280,"height":747,"caption":"Ruuby Disain O\u00dc"},"image":{"@id":"http:\/\/ruuby.ee\/#\/schema\/logo\/image\/"},"sameAs":["https:\/\/www.facebook.com\/ruubyconcept","https:\/\/www.instagram.com\/ruuby_concept\/"]}]}},"jetpack_sharing_enabled":true,"_links":{"self":[{"href":"http:\/\/ruuby.ee\/en\/wp-json\/wp\/v2\/product\/1837300","targetHints":{"allow":["GET"]}}],"collection":[{"href":"http:\/\/ruuby.ee\/en\/wp-json\/wp\/v2\/product"}],"about":[{"href":"http:\/\/ruuby.ee\/en\/wp-json\/wp\/v2\/types\/product"}],"replies":[{"embeddable":true,"href":"http:\/\/ruuby.ee\/en\/wp-json\/wp\/v2\/comments?post=1837300"}],"wp:featuredmedia":[{"embeddable":true,"href":"http:\/\/ruuby.ee\/en\/wp-json\/wp\/v2\/media\/1837305"}],"wp:attachment":[{"href":"http:\/\/ruuby.ee\/en\/wp-json\/wp\/v2\/media?parent=1837300"}],"wp:term":[{"taxonomy":"product_brand","embeddable":true,"href":"http:\/\/ruuby.ee\/en\/wp-json\/wp\/v2\/product_brand?post=1837300"},{"taxonomy":"product_cat","embeddable":true,"href":"http:\/\/ruuby.ee\/en\/wp-json\/wp\/v2\/product_cat?post=1837300"},{"taxonomy":"product_tag","embeddable":true,"href":"http:\/\/ruuby.ee\/en\/wp-json\/wp\/v2\/product_tag?post=1837300"}],"curies":[{"name":"wp","href":"https:\/\/api.w.org\/{rel}","templated":true}]}}