{"id":1837074,"date":"2023-07-18T13:50:48","date_gmt":"2023-07-18T10:50:48","guid":{"rendered":"http:\/\/ruuby.ee\/?post_type=product&#038;p=1837074"},"modified":"2026-04-04T01:25:03","modified_gmt":"2026-04-03T22:25:03","slug":"umage-kaasaskantav-lamp-orbit-2","status":"publish","type":"product","link":"http:\/\/ruuby.ee\/en\/pood\/kodusisustus\/valgustus\/laualamabid\/umage-kaasaskantav-lamp-orbit-2\/","title":{"rendered":"UMAGE &#8211; kaasaskantav lamp, Orbit"},"content":{"rendered":"<p>Kuu \u00fcmber Maa p\u00f6\u00f6rlemisest inspireeritud Orbit on valmistatud piimvalgest plastikust ja rafineeritud messingdetailidega, muutes lambi nii kergeks kui ka stiilseks \u2013 ja see sobib ideaalselt k\u00f5ikjale kaasa v\u00f5tmiseks.<\/p>\n<p>Kaasaskantaval juhtmeta lambil on kolm erinevat valgusre\u017eiimi ning selle konstruktsioon v\u00f5imaldab seda sisse ja v\u00e4lja l\u00fclitada \u2013 samuti valgusre\u017eiime muuta \u2013 lihtsalt lampi kergelt kallutades. Aku kestab kuni 20 tundi ja lampi saab h\u00f5lpsasti laadida, asetades selle kaasasoleva Unifieri juhtmevaba laadija v\u00f5i kaasasoleva laadimiskaabli peale.<\/p>\n<p>V\u00f5tke see kaasa randa, oma lemmik lugemisnurka v\u00f5i pakkige oma piknikukorvi hubaseks kuuvalgel piknikuks. Orbiti lihtne, ajatu ja kerge disain muudab selle ideaalseks kasutamiseks nii sise- kui ka v\u00e4listingimustes ning valgustab iga seadet.<\/p>\n<p>M\u00f5\u00f5dud: W: 19.5 cm H: 18.6 cm<\/p>\n<p>Kaal: 0.4 kg<\/p>\n<p>&nbsp;<\/p>\n<p>&nbsp;<\/p>","protected":false},"excerpt":{"rendered":"<p>Kuu \u00fcmber Maa p\u00f6\u00f6rlemisest inspireeritud Orbit on valmistatud piimvalgest plastikust ja rafineeritud messingdetailidega, muutes lambi nii kergeks kui ka stiilseks \u2013 ja see sobib ideaalselt k\u00f5ikjale kaasa v\u00f5tmiseks. Kaasaskantaval juhtmeta lambil on kolm erinevat valgusre\u017eiimi ning selle konstruktsioon v\u00f5imaldab seda sisse ja v\u00e4lja l\u00fclitada \u2013 samuti valgusre\u017eiime muuta \u2013 lihtsalt lampi kergelt kallutades. Aku kestab [&hellip;]<\/p>\n","protected":false},"featured_media":1837075,"comment_status":"open","ping_status":"closed","template":"","meta":[],"product_brand":[],"product_cat":[796,59],"product_tag":[],"class_list":{"0":"post-1837074","1":"product","2":"type-product","3":"status-publish","4":"has-post-thumbnail","6":"product_cat-laualamabid","7":"product_cat-valgustus","9":"first","10":"instock","11":"taxable","12":"shipping-taxable","13":"purchasable","14":"product-type-simple"},"yoast_head":"<!-- This site is optimized with the Yoast SEO plugin v27.2 - https:\/\/yoast.com\/product\/yoast-seo-wordpress\/ -->\n<title>UMAGE - kaasaskantav lamp, Orbit - RUUBY<\/title>\n<meta name=\"robots\" content=\"index, follow, max-snippet:-1, max-image-preview:large, max-video-preview:-1\" \/>\n<link rel=\"canonical\" href=\"https:\/\/ruuby.ee\/en\/pood\/kodusisustus\/valgustus\/laualamabid\/umage-kaasaskantav-lamp-orbit-2\/\" \/>\n<meta property=\"og:locale\" content=\"en_GB\" \/>\n<meta property=\"og:type\" content=\"article\" \/>\n<meta property=\"og:title\" content=\"UMAGE - kaasaskantav lamp, Orbit - RUUBY\" \/>\n<meta property=\"og:description\" content=\"Kuu \u00fcmber Maa p\u00f6\u00f6rlemisest inspireeritud Orbit on valmistatud piimvalgest plastikust ja rafineeritud messingdetailidega, muutes lambi nii kergeks kui ka stiilseks \u2013 ja see sobib ideaalselt k\u00f5ikjale kaasa v\u00f5tmiseks. Kaasaskantaval juhtmeta lambil on kolm erinevat valgusre\u017eiimi ning selle konstruktsioon v\u00f5imaldab seda sisse ja v\u00e4lja l\u00fclitada \u2013 samuti valgusre\u017eiime muuta \u2013 lihtsalt lampi kergelt kallutades. Aku kestab [&hellip;]\" \/>\n<meta property=\"og:url\" content=\"https:\/\/ruuby.ee\/en\/pood\/kodusisustus\/valgustus\/laualamabid\/umage-kaasaskantav-lamp-orbit-2\/\" \/>\n<meta property=\"og:site_name\" content=\"RUUBY\" \/>\n<meta property=\"article:publisher\" content=\"https:\/\/www.facebook.com\/ruubyconcept\" \/>\n<meta property=\"article:modified_time\" content=\"2026-04-03T22:25:03+00:00\" \/>\n<meta property=\"og:image\" content=\"https:\/\/ruuby.ee\/wp-content\/uploads\/2023\/07\/IMG_5124.webp\" \/>\n\t<meta property=\"og:image:width\" content=\"900\" \/>\n\t<meta property=\"og:image:height\" content=\"900\" \/>\n\t<meta property=\"og:image:type\" content=\"image\/webp\" \/>\n<meta name=\"twitter:card\" content=\"summary_large_image\" \/>\n<meta name=\"twitter:label1\" content=\"Estimated reading time\" \/>\n\t<meta name=\"twitter:data1\" content=\"1 minute\" \/>\n<script type=\"application\/ld+json\" class=\"yoast-schema-graph\">{\"@context\":\"https:\/\/schema.org\",\"@graph\":[{\"@type\":[\"WebPage\",\"ItemPage\"],\"@id\":\"https:\/\/ruuby.ee\/pood\/kodusisustus\/valgustus\/laualamabid\/umage-kaasaskantav-lamp-orbit-2\/\",\"url\":\"https:\/\/ruuby.ee\/pood\/kodusisustus\/valgustus\/laualamabid\/umage-kaasaskantav-lamp-orbit-2\/\",\"name\":\"UMAGE - kaasaskantav lamp, Orbit - RUUBY\",\"isPartOf\":{\"@id\":\"https:\/\/ruuby.ee\/en\/#website\"},\"primaryImageOfPage\":{\"@id\":\"https:\/\/ruuby.ee\/pood\/kodusisustus\/valgustus\/laualamabid\/umage-kaasaskantav-lamp-orbit-2\/#primaryimage\"},\"image\":{\"@id\":\"https:\/\/ruuby.ee\/pood\/kodusisustus\/valgustus\/laualamabid\/umage-kaasaskantav-lamp-orbit-2\/#primaryimage\"},\"thumbnailUrl\":\"http:\/\/ruuby.ee\/wp-content\/uploads\/2023\/07\/IMG_5124.webp\",\"datePublished\":\"2023-07-18T10:50:48+00:00\",\"dateModified\":\"2026-04-03T22:25:03+00:00\",\"breadcrumb\":{\"@id\":\"https:\/\/ruuby.ee\/pood\/kodusisustus\/valgustus\/laualamabid\/umage-kaasaskantav-lamp-orbit-2\/#breadcrumb\"},\"inLanguage\":\"en-GB\",\"potentialAction\":[{\"@type\":\"ReadAction\",\"target\":[\"https:\/\/ruuby.ee\/pood\/kodusisustus\/valgustus\/laualamabid\/umage-kaasaskantav-lamp-orbit-2\/\"]}]},{\"@type\":\"ImageObject\",\"inLanguage\":\"en-GB\",\"@id\":\"https:\/\/ruuby.ee\/pood\/kodusisustus\/valgustus\/laualamabid\/umage-kaasaskantav-lamp-orbit-2\/#primaryimage\",\"url\":\"http:\/\/ruuby.ee\/wp-content\/uploads\/2023\/07\/IMG_5124.webp\",\"contentUrl\":\"http:\/\/ruuby.ee\/wp-content\/uploads\/2023\/07\/IMG_5124.webp\",\"width\":900,\"height\":900},{\"@type\":\"BreadcrumbList\",\"@id\":\"https:\/\/ruuby.ee\/pood\/kodusisustus\/valgustus\/laualamabid\/umage-kaasaskantav-lamp-orbit-2\/#breadcrumb\",\"itemListElement\":[{\"@type\":\"ListItem\",\"position\":1,\"name\":\"Kdu\",\"item\":\"https:\/\/ruuby.ee\/en\/\"},{\"@type\":\"ListItem\",\"position\":2,\"name\":\"Pood\",\"item\":\"https:\/\/ruuby.ee\/pood\/\"},{\"@type\":\"ListItem\",\"position\":3,\"name\":\"UMAGE &#8211; kaasaskantav lamp, Orbit\"}]},{\"@type\":\"WebSite\",\"@id\":\"https:\/\/ruuby.ee\/en\/#website\",\"url\":\"https:\/\/ruuby.ee\/en\/\",\"name\":\"RUUBY\",\"description\":\"Ruubys on \u00fchendatud elustiil ja disain\",\"publisher\":{\"@id\":\"https:\/\/ruuby.ee\/en\/#organization\"},\"alternateName\":\"Ruuby Disain\",\"potentialAction\":[{\"@type\":\"SearchAction\",\"target\":{\"@type\":\"EntryPoint\",\"urlTemplate\":\"https:\/\/ruuby.ee\/en\/?s={search_term_string}\"},\"query-input\":{\"@type\":\"PropertyValueSpecification\",\"valueRequired\":true,\"valueName\":\"search_term_string\"}}],\"inLanguage\":\"en-GB\"},{\"@type\":\"Organization\",\"@id\":\"https:\/\/ruuby.ee\/en\/#organization\",\"name\":\"Ruuby Disain O\u00dc\",\"alternateName\":\"Ruuby\",\"url\":\"https:\/\/ruuby.ee\/en\/\",\"logo\":{\"@type\":\"ImageObject\",\"inLanguage\":\"en-GB\",\"@id\":\"https:\/\/ruuby.ee\/en\/#\/schema\/logo\/image\/\",\"url\":\"http:\/\/ruuby.ee\/wp-content\/uploads\/2023\/06\/cropped-Black-White-Elegant-Circle-Signature-Fashion-Logo-12_large.png\",\"contentUrl\":\"http:\/\/ruuby.ee\/wp-content\/uploads\/2023\/06\/cropped-Black-White-Elegant-Circle-Signature-Fashion-Logo-12_large.png\",\"width\":1280,\"height\":747,\"caption\":\"Ruuby Disain O\u00dc\"},\"image\":{\"@id\":\"https:\/\/ruuby.ee\/en\/#\/schema\/logo\/image\/\"},\"sameAs\":[\"https:\/\/www.facebook.com\/ruubyconcept\",\"https:\/\/www.instagram.com\/ruuby_concept\/\"]}]}<\/script>\n<!-- \/ Yoast SEO plugin. -->","yoast_head_json":{"title":"UMAGE - kaasaskantav lamp, Orbit - RUUBY","robots":{"index":"index","follow":"follow","max-snippet":"max-snippet:-1","max-image-preview":"max-image-preview:large","max-video-preview":"max-video-preview:-1"},"canonical":"https:\/\/ruuby.ee\/en\/pood\/kodusisustus\/valgustus\/laualamabid\/umage-kaasaskantav-lamp-orbit-2\/","og_locale":"en_GB","og_type":"article","og_title":"UMAGE - kaasaskantav lamp, Orbit - RUUBY","og_description":"Kuu \u00fcmber Maa p\u00f6\u00f6rlemisest inspireeritud Orbit on valmistatud piimvalgest plastikust ja rafineeritud messingdetailidega, muutes lambi nii kergeks kui ka stiilseks \u2013 ja see sobib ideaalselt k\u00f5ikjale kaasa v\u00f5tmiseks. Kaasaskantaval juhtmeta lambil on kolm erinevat valgusre\u017eiimi ning selle konstruktsioon v\u00f5imaldab seda sisse ja v\u00e4lja l\u00fclitada \u2013 samuti valgusre\u017eiime muuta \u2013 lihtsalt lampi kergelt kallutades. Aku kestab [&hellip;]","og_url":"https:\/\/ruuby.ee\/en\/pood\/kodusisustus\/valgustus\/laualamabid\/umage-kaasaskantav-lamp-orbit-2\/","og_site_name":"RUUBY","article_publisher":"https:\/\/www.facebook.com\/ruubyconcept","article_modified_time":"2026-04-03T22:25:03+00:00","og_image":[{"width":900,"height":900,"url":"https:\/\/ruuby.ee\/wp-content\/uploads\/2023\/07\/IMG_5124.webp","type":"image\/webp"}],"twitter_card":"summary_large_image","twitter_misc":{"Estimated reading time":"1 minute"},"schema":{"@context":"https:\/\/schema.org","@graph":[{"@type":["WebPage","ItemPage"],"@id":"https:\/\/ruuby.ee\/pood\/kodusisustus\/valgustus\/laualamabid\/umage-kaasaskantav-lamp-orbit-2\/","url":"https:\/\/ruuby.ee\/pood\/kodusisustus\/valgustus\/laualamabid\/umage-kaasaskantav-lamp-orbit-2\/","name":"UMAGE - kaasaskantav lamp, Orbit - RUUBY","isPartOf":{"@id":"https:\/\/ruuby.ee\/en\/#website"},"primaryImageOfPage":{"@id":"https:\/\/ruuby.ee\/pood\/kodusisustus\/valgustus\/laualamabid\/umage-kaasaskantav-lamp-orbit-2\/#primaryimage"},"image":{"@id":"https:\/\/ruuby.ee\/pood\/kodusisustus\/valgustus\/laualamabid\/umage-kaasaskantav-lamp-orbit-2\/#primaryimage"},"thumbnailUrl":"http:\/\/ruuby.ee\/wp-content\/uploads\/2023\/07\/IMG_5124.webp","datePublished":"2023-07-18T10:50:48+00:00","dateModified":"2026-04-03T22:25:03+00:00","breadcrumb":{"@id":"https:\/\/ruuby.ee\/pood\/kodusisustus\/valgustus\/laualamabid\/umage-kaasaskantav-lamp-orbit-2\/#breadcrumb"},"inLanguage":"en-GB","potentialAction":[{"@type":"ReadAction","target":["https:\/\/ruuby.ee\/pood\/kodusisustus\/valgustus\/laualamabid\/umage-kaasaskantav-lamp-orbit-2\/"]}]},{"@type":"ImageObject","inLanguage":"en-GB","@id":"https:\/\/ruuby.ee\/pood\/kodusisustus\/valgustus\/laualamabid\/umage-kaasaskantav-lamp-orbit-2\/#primaryimage","url":"http:\/\/ruuby.ee\/wp-content\/uploads\/2023\/07\/IMG_5124.webp","contentUrl":"http:\/\/ruuby.ee\/wp-content\/uploads\/2023\/07\/IMG_5124.webp","width":900,"height":900},{"@type":"BreadcrumbList","@id":"https:\/\/ruuby.ee\/pood\/kodusisustus\/valgustus\/laualamabid\/umage-kaasaskantav-lamp-orbit-2\/#breadcrumb","itemListElement":[{"@type":"ListItem","position":1,"name":"Kdu","item":"https:\/\/ruuby.ee\/en\/"},{"@type":"ListItem","position":2,"name":"Pood","item":"https:\/\/ruuby.ee\/pood\/"},{"@type":"ListItem","position":3,"name":"UMAGE &#8211; kaasaskantav lamp, Orbit"}]},{"@type":"WebSite","@id":"https:\/\/ruuby.ee\/en\/#website","url":"https:\/\/ruuby.ee\/en\/","name":"RUUBY","description":"Ruubys on \u00fchendatud elustiil ja disain","publisher":{"@id":"https:\/\/ruuby.ee\/en\/#organization"},"alternateName":"Ruuby Disain","potentialAction":[{"@type":"SearchAction","target":{"@type":"EntryPoint","urlTemplate":"https:\/\/ruuby.ee\/en\/?s={search_term_string}"},"query-input":{"@type":"PropertyValueSpecification","valueRequired":true,"valueName":"search_term_string"}}],"inLanguage":"en-GB"},{"@type":"Organization","@id":"https:\/\/ruuby.ee\/en\/#organization","name":"Ruuby Disain O\u00dc","alternateName":"Ruuby","url":"https:\/\/ruuby.ee\/en\/","logo":{"@type":"ImageObject","inLanguage":"en-GB","@id":"https:\/\/ruuby.ee\/en\/#\/schema\/logo\/image\/","url":"http:\/\/ruuby.ee\/wp-content\/uploads\/2023\/06\/cropped-Black-White-Elegant-Circle-Signature-Fashion-Logo-12_large.png","contentUrl":"http:\/\/ruuby.ee\/wp-content\/uploads\/2023\/06\/cropped-Black-White-Elegant-Circle-Signature-Fashion-Logo-12_large.png","width":1280,"height":747,"caption":"Ruuby Disain O\u00dc"},"image":{"@id":"https:\/\/ruuby.ee\/en\/#\/schema\/logo\/image\/"},"sameAs":["https:\/\/www.facebook.com\/ruubyconcept","https:\/\/www.instagram.com\/ruuby_concept\/"]}]}},"jetpack_sharing_enabled":true,"_links":{"self":[{"href":"http:\/\/ruuby.ee\/en\/wp-json\/wp\/v2\/product\/1837074","targetHints":{"allow":["GET"]}}],"collection":[{"href":"http:\/\/ruuby.ee\/en\/wp-json\/wp\/v2\/product"}],"about":[{"href":"http:\/\/ruuby.ee\/en\/wp-json\/wp\/v2\/types\/product"}],"replies":[{"embeddable":true,"href":"http:\/\/ruuby.ee\/en\/wp-json\/wp\/v2\/comments?post=1837074"}],"wp:featuredmedia":[{"embeddable":true,"href":"http:\/\/ruuby.ee\/en\/wp-json\/wp\/v2\/media\/1837075"}],"wp:attachment":[{"href":"http:\/\/ruuby.ee\/en\/wp-json\/wp\/v2\/media?parent=1837074"}],"wp:term":[{"taxonomy":"product_brand","embeddable":true,"href":"http:\/\/ruuby.ee\/en\/wp-json\/wp\/v2\/product_brand?post=1837074"},{"taxonomy":"product_cat","embeddable":true,"href":"http:\/\/ruuby.ee\/en\/wp-json\/wp\/v2\/product_cat?post=1837074"},{"taxonomy":"product_tag","embeddable":true,"href":"http:\/\/ruuby.ee\/en\/wp-json\/wp\/v2\/product_tag?post=1837074"}],"curies":[{"name":"wp","href":"https:\/\/api.w.org\/{rel}","templated":true}]}}