{"id":1837051,"date":"2023-07-14T21:23:12","date_gmt":"2023-07-14T18:23:12","guid":{"rendered":"http:\/\/ruuby.ee\/?post_type=product&#038;p=1837051"},"modified":"2026-04-08T01:28:42","modified_gmt":"2026-04-07T22:28:42","slug":"muubs-vaas-luna-80cm-hall","status":"publish","type":"product","link":"http:\/\/ruuby.ee\/en\/pood\/kodusisustus\/vaasid\/muubs-vaas-luna-80cm-hall\/","title":{"rendered":"MUUBS &#8211; vaas Luna, 60cm, hall"},"content":{"rendered":"<p>MUUBSi k\u00e4sit\u00f6\u00f6na valmistatud terrakotast suur p\u00f5randavaas.<\/p>\n<p>Rahustavas hallis n\u00fcansis suurel vaasil on ainulaadne pind, mis meenutab enim maal\u00e4hedast kuumaastikku.<\/p>\n<p>Vaasi m\u00e4rkimisv\u00e4\u00e4rne suurus ja orgaaniline kuju teevad vaasist kodu ajatu kaunistuse, millega tuleb t\u00e4helepanu p\u00f6\u00f6rata alahinnatud luksuslik ilme ja lisab toorest elegantsi modernsesse interj\u00f6\u00f6ri v\u00f5i oran\u017eidesse.<\/p>\n<p>Vaasi tohib kasutada ainult siseruumides ja vaasi ei tohi istuda otse. Istutamiseks kasuta poti lisa sisu.<\/p>\n<p>Vaas sobib suurep\u00e4raselt kuivatatud kaunistuste v\u00f5i lillede jaoks<\/p>\n<p>Luna purgi l\u00e4bim\u00f5\u00f5t on 34 cm ja sisemine auk on 8 cm lai.<\/p>","protected":false},"excerpt":{"rendered":"<p>MUUBSi k\u00e4sit\u00f6\u00f6na valmistatud terrakotast suur p\u00f5randavaas. Rahustavas hallis n\u00fcansis suurel vaasil on ainulaadne pind, mis meenutab enim maal\u00e4hedast kuumaastikku. Vaasi m\u00e4rkimisv\u00e4\u00e4rne suurus ja orgaaniline kuju teevad vaasist kodu ajatu kaunistuse, millega tuleb t\u00e4helepanu p\u00f6\u00f6rata alahinnatud luksuslik ilme ja lisab toorest elegantsi modernsesse interj\u00f6\u00f6ri v\u00f5i oran\u017eidesse. Vaasi tohib kasutada ainult siseruumides ja vaasi ei tohi istuda [&hellip;]<\/p>\n","protected":false},"featured_media":1841746,"comment_status":"open","ping_status":"closed","template":"","meta":[],"product_brand":[],"product_cat":[62],"product_tag":[],"class_list":{"0":"post-1837051","1":"product","2":"type-product","3":"status-publish","4":"has-post-thumbnail","6":"product_cat-vaasid","8":"first","9":"outofstock","10":"taxable","11":"shipping-taxable","12":"purchasable","13":"product-type-simple"},"yoast_head":"<!-- This site is optimized with the Yoast SEO plugin v27.3 - https:\/\/yoast.com\/product\/yoast-seo-wordpress\/ -->\n<title>MUUBS - vaas Luna, 60cm, hall - RUUBY<\/title>\n<meta name=\"robots\" content=\"index, follow, max-snippet:-1, max-image-preview:large, max-video-preview:-1\" \/>\n<link rel=\"canonical\" href=\"https:\/\/ruuby.ee\/en\/pood\/kodusisustus\/vaasid\/muubs-vaas-luna-80cm-hall\/\" \/>\n<meta property=\"og:locale\" content=\"en_GB\" \/>\n<meta property=\"og:type\" content=\"article\" \/>\n<meta property=\"og:title\" content=\"MUUBS - vaas Luna, 60cm, hall - RUUBY\" \/>\n<meta property=\"og:description\" content=\"MUUBSi k\u00e4sit\u00f6\u00f6na valmistatud terrakotast suur p\u00f5randavaas. Rahustavas hallis n\u00fcansis suurel vaasil on ainulaadne pind, mis meenutab enim maal\u00e4hedast kuumaastikku. Vaasi m\u00e4rkimisv\u00e4\u00e4rne suurus ja orgaaniline kuju teevad vaasist kodu ajatu kaunistuse, millega tuleb t\u00e4helepanu p\u00f6\u00f6rata alahinnatud luksuslik ilme ja lisab toorest elegantsi modernsesse interj\u00f6\u00f6ri v\u00f5i oran\u017eidesse. Vaasi tohib kasutada ainult siseruumides ja vaasi ei tohi istuda [&hellip;]\" \/>\n<meta property=\"og:url\" content=\"https:\/\/ruuby.ee\/en\/pood\/kodusisustus\/vaasid\/muubs-vaas-luna-80cm-hall\/\" \/>\n<meta property=\"og:site_name\" content=\"RUUBY\" \/>\n<meta property=\"article:publisher\" content=\"https:\/\/www.facebook.com\/ruubyconcept\" \/>\n<meta property=\"article:modified_time\" content=\"2026-04-07T22:28:42+00:00\" \/>\n<meta property=\"og:image\" content=\"https:\/\/ruuby.ee\/wp-content\/uploads\/2023\/07\/Screenshot-2023-12-21-at-12.58.13.png\" \/>\n\t<meta property=\"og:image:width\" content=\"740\" \/>\n\t<meta property=\"og:image:height\" content=\"858\" \/>\n\t<meta property=\"og:image:type\" content=\"image\/png\" \/>\n<meta name=\"twitter:card\" content=\"summary_large_image\" \/>\n<meta name=\"twitter:label1\" content=\"Estimated reading time\" \/>\n\t<meta name=\"twitter:data1\" content=\"1 minute\" \/>\n<script type=\"application\/ld+json\" class=\"yoast-schema-graph\">{\"@context\":\"https:\\\/\\\/schema.org\",\"@graph\":[{\"@type\":[\"WebPage\",\"ItemPage\"],\"@id\":\"https:\\\/\\\/ruuby.ee\\\/pood\\\/kodusisustus\\\/vaasid\\\/muubs-vaas-luna-80cm-hall\\\/\",\"url\":\"https:\\\/\\\/ruuby.ee\\\/pood\\\/kodusisustus\\\/vaasid\\\/muubs-vaas-luna-80cm-hall\\\/\",\"name\":\"MUUBS - vaas Luna, 60cm, hall - RUUBY\",\"isPartOf\":{\"@id\":\"http:\\\/\\\/ruuby.ee\\\/#website\"},\"primaryImageOfPage\":{\"@id\":\"https:\\\/\\\/ruuby.ee\\\/pood\\\/kodusisustus\\\/vaasid\\\/muubs-vaas-luna-80cm-hall\\\/#primaryimage\"},\"image\":{\"@id\":\"https:\\\/\\\/ruuby.ee\\\/pood\\\/kodusisustus\\\/vaasid\\\/muubs-vaas-luna-80cm-hall\\\/#primaryimage\"},\"thumbnailUrl\":\"http:\\\/\\\/ruuby.ee\\\/wp-content\\\/uploads\\\/2023\\\/07\\\/Screenshot-2023-12-21-at-12.58.13.png\",\"datePublished\":\"2023-07-14T18:23:12+00:00\",\"dateModified\":\"2026-04-07T22:28:42+00:00\",\"breadcrumb\":{\"@id\":\"https:\\\/\\\/ruuby.ee\\\/pood\\\/kodusisustus\\\/vaasid\\\/muubs-vaas-luna-80cm-hall\\\/#breadcrumb\"},\"inLanguage\":\"en-GB\",\"potentialAction\":[{\"@type\":\"ReadAction\",\"target\":[\"https:\\\/\\\/ruuby.ee\\\/pood\\\/kodusisustus\\\/vaasid\\\/muubs-vaas-luna-80cm-hall\\\/\"]}]},{\"@type\":\"ImageObject\",\"inLanguage\":\"en-GB\",\"@id\":\"https:\\\/\\\/ruuby.ee\\\/pood\\\/kodusisustus\\\/vaasid\\\/muubs-vaas-luna-80cm-hall\\\/#primaryimage\",\"url\":\"http:\\\/\\\/ruuby.ee\\\/wp-content\\\/uploads\\\/2023\\\/07\\\/Screenshot-2023-12-21-at-12.58.13.png\",\"contentUrl\":\"http:\\\/\\\/ruuby.ee\\\/wp-content\\\/uploads\\\/2023\\\/07\\\/Screenshot-2023-12-21-at-12.58.13.png\",\"width\":740,\"height\":858},{\"@type\":\"BreadcrumbList\",\"@id\":\"https:\\\/\\\/ruuby.ee\\\/pood\\\/kodusisustus\\\/vaasid\\\/muubs-vaas-luna-80cm-hall\\\/#breadcrumb\",\"itemListElement\":[{\"@type\":\"ListItem\",\"position\":1,\"name\":\"Kdu\",\"item\":\"http:\\\/\\\/ruuby.ee\\\/\"},{\"@type\":\"ListItem\",\"position\":2,\"name\":\"Pood\",\"item\":\"http:\\\/\\\/ruuby.ee\\\/pood\\\/\"},{\"@type\":\"ListItem\",\"position\":3,\"name\":\"MUUBS &#8211; vaas Luna, 60cm, hall\"}]},{\"@type\":\"WebSite\",\"@id\":\"http:\\\/\\\/ruuby.ee\\\/#website\",\"url\":\"http:\\\/\\\/ruuby.ee\\\/\",\"name\":\"RUUBY\",\"description\":\"Ruubys on \u00fchendatud elustiil ja disain\",\"publisher\":{\"@id\":\"http:\\\/\\\/ruuby.ee\\\/#organization\"},\"alternateName\":\"Ruuby Disain\",\"potentialAction\":[{\"@type\":\"SearchAction\",\"target\":{\"@type\":\"EntryPoint\",\"urlTemplate\":\"http:\\\/\\\/ruuby.ee\\\/?s={search_term_string}\"},\"query-input\":{\"@type\":\"PropertyValueSpecification\",\"valueRequired\":true,\"valueName\":\"search_term_string\"}}],\"inLanguage\":\"en-GB\"},{\"@type\":\"Organization\",\"@id\":\"http:\\\/\\\/ruuby.ee\\\/#organization\",\"name\":\"Ruuby Disain O\u00dc\",\"alternateName\":\"Ruuby\",\"url\":\"http:\\\/\\\/ruuby.ee\\\/\",\"logo\":{\"@type\":\"ImageObject\",\"inLanguage\":\"en-GB\",\"@id\":\"http:\\\/\\\/ruuby.ee\\\/#\\\/schema\\\/logo\\\/image\\\/\",\"url\":\"http:\\\/\\\/ruuby.ee\\\/wp-content\\\/uploads\\\/2023\\\/06\\\/cropped-Black-White-Elegant-Circle-Signature-Fashion-Logo-12_large.png\",\"contentUrl\":\"http:\\\/\\\/ruuby.ee\\\/wp-content\\\/uploads\\\/2023\\\/06\\\/cropped-Black-White-Elegant-Circle-Signature-Fashion-Logo-12_large.png\",\"width\":1280,\"height\":747,\"caption\":\"Ruuby Disain O\u00dc\"},\"image\":{\"@id\":\"http:\\\/\\\/ruuby.ee\\\/#\\\/schema\\\/logo\\\/image\\\/\"},\"sameAs\":[\"https:\\\/\\\/www.facebook.com\\\/ruubyconcept\",\"https:\\\/\\\/www.instagram.com\\\/ruuby_concept\\\/\"]}]}<\/script>\n<!-- \/ Yoast SEO plugin. -->","yoast_head_json":{"title":"MUUBS - vaas Luna, 60cm, hall - RUUBY","robots":{"index":"index","follow":"follow","max-snippet":"max-snippet:-1","max-image-preview":"max-image-preview:large","max-video-preview":"max-video-preview:-1"},"canonical":"https:\/\/ruuby.ee\/en\/pood\/kodusisustus\/vaasid\/muubs-vaas-luna-80cm-hall\/","og_locale":"en_GB","og_type":"article","og_title":"MUUBS - vaas Luna, 60cm, hall - RUUBY","og_description":"MUUBSi k\u00e4sit\u00f6\u00f6na valmistatud terrakotast suur p\u00f5randavaas. Rahustavas hallis n\u00fcansis suurel vaasil on ainulaadne pind, mis meenutab enim maal\u00e4hedast kuumaastikku. Vaasi m\u00e4rkimisv\u00e4\u00e4rne suurus ja orgaaniline kuju teevad vaasist kodu ajatu kaunistuse, millega tuleb t\u00e4helepanu p\u00f6\u00f6rata alahinnatud luksuslik ilme ja lisab toorest elegantsi modernsesse interj\u00f6\u00f6ri v\u00f5i oran\u017eidesse. Vaasi tohib kasutada ainult siseruumides ja vaasi ei tohi istuda [&hellip;]","og_url":"https:\/\/ruuby.ee\/en\/pood\/kodusisustus\/vaasid\/muubs-vaas-luna-80cm-hall\/","og_site_name":"RUUBY","article_publisher":"https:\/\/www.facebook.com\/ruubyconcept","article_modified_time":"2026-04-07T22:28:42+00:00","og_image":[{"width":740,"height":858,"url":"https:\/\/ruuby.ee\/wp-content\/uploads\/2023\/07\/Screenshot-2023-12-21-at-12.58.13.png","type":"image\/png"}],"twitter_card":"summary_large_image","twitter_misc":{"Estimated reading time":"1 minute"},"schema":{"@context":"https:\/\/schema.org","@graph":[{"@type":["WebPage","ItemPage"],"@id":"https:\/\/ruuby.ee\/pood\/kodusisustus\/vaasid\/muubs-vaas-luna-80cm-hall\/","url":"https:\/\/ruuby.ee\/pood\/kodusisustus\/vaasid\/muubs-vaas-luna-80cm-hall\/","name":"MUUBS - vaas Luna, 60cm, hall - RUUBY","isPartOf":{"@id":"http:\/\/ruuby.ee\/#website"},"primaryImageOfPage":{"@id":"https:\/\/ruuby.ee\/pood\/kodusisustus\/vaasid\/muubs-vaas-luna-80cm-hall\/#primaryimage"},"image":{"@id":"https:\/\/ruuby.ee\/pood\/kodusisustus\/vaasid\/muubs-vaas-luna-80cm-hall\/#primaryimage"},"thumbnailUrl":"http:\/\/ruuby.ee\/wp-content\/uploads\/2023\/07\/Screenshot-2023-12-21-at-12.58.13.png","datePublished":"2023-07-14T18:23:12+00:00","dateModified":"2026-04-07T22:28:42+00:00","breadcrumb":{"@id":"https:\/\/ruuby.ee\/pood\/kodusisustus\/vaasid\/muubs-vaas-luna-80cm-hall\/#breadcrumb"},"inLanguage":"en-GB","potentialAction":[{"@type":"ReadAction","target":["https:\/\/ruuby.ee\/pood\/kodusisustus\/vaasid\/muubs-vaas-luna-80cm-hall\/"]}]},{"@type":"ImageObject","inLanguage":"en-GB","@id":"https:\/\/ruuby.ee\/pood\/kodusisustus\/vaasid\/muubs-vaas-luna-80cm-hall\/#primaryimage","url":"http:\/\/ruuby.ee\/wp-content\/uploads\/2023\/07\/Screenshot-2023-12-21-at-12.58.13.png","contentUrl":"http:\/\/ruuby.ee\/wp-content\/uploads\/2023\/07\/Screenshot-2023-12-21-at-12.58.13.png","width":740,"height":858},{"@type":"BreadcrumbList","@id":"https:\/\/ruuby.ee\/pood\/kodusisustus\/vaasid\/muubs-vaas-luna-80cm-hall\/#breadcrumb","itemListElement":[{"@type":"ListItem","position":1,"name":"Kdu","item":"http:\/\/ruuby.ee\/"},{"@type":"ListItem","position":2,"name":"Pood","item":"http:\/\/ruuby.ee\/pood\/"},{"@type":"ListItem","position":3,"name":"MUUBS &#8211; vaas Luna, 60cm, hall"}]},{"@type":"WebSite","@id":"http:\/\/ruuby.ee\/#website","url":"http:\/\/ruuby.ee\/","name":"RUUBY","description":"Ruubys on \u00fchendatud elustiil ja disain","publisher":{"@id":"http:\/\/ruuby.ee\/#organization"},"alternateName":"Ruuby Disain","potentialAction":[{"@type":"SearchAction","target":{"@type":"EntryPoint","urlTemplate":"http:\/\/ruuby.ee\/?s={search_term_string}"},"query-input":{"@type":"PropertyValueSpecification","valueRequired":true,"valueName":"search_term_string"}}],"inLanguage":"en-GB"},{"@type":"Organization","@id":"http:\/\/ruuby.ee\/#organization","name":"Ruuby Disain O\u00dc","alternateName":"Ruuby","url":"http:\/\/ruuby.ee\/","logo":{"@type":"ImageObject","inLanguage":"en-GB","@id":"http:\/\/ruuby.ee\/#\/schema\/logo\/image\/","url":"http:\/\/ruuby.ee\/wp-content\/uploads\/2023\/06\/cropped-Black-White-Elegant-Circle-Signature-Fashion-Logo-12_large.png","contentUrl":"http:\/\/ruuby.ee\/wp-content\/uploads\/2023\/06\/cropped-Black-White-Elegant-Circle-Signature-Fashion-Logo-12_large.png","width":1280,"height":747,"caption":"Ruuby Disain O\u00dc"},"image":{"@id":"http:\/\/ruuby.ee\/#\/schema\/logo\/image\/"},"sameAs":["https:\/\/www.facebook.com\/ruubyconcept","https:\/\/www.instagram.com\/ruuby_concept\/"]}]}},"jetpack_sharing_enabled":true,"_links":{"self":[{"href":"http:\/\/ruuby.ee\/en\/wp-json\/wp\/v2\/product\/1837051","targetHints":{"allow":["GET"]}}],"collection":[{"href":"http:\/\/ruuby.ee\/en\/wp-json\/wp\/v2\/product"}],"about":[{"href":"http:\/\/ruuby.ee\/en\/wp-json\/wp\/v2\/types\/product"}],"replies":[{"embeddable":true,"href":"http:\/\/ruuby.ee\/en\/wp-json\/wp\/v2\/comments?post=1837051"}],"wp:featuredmedia":[{"embeddable":true,"href":"http:\/\/ruuby.ee\/en\/wp-json\/wp\/v2\/media\/1841746"}],"wp:attachment":[{"href":"http:\/\/ruuby.ee\/en\/wp-json\/wp\/v2\/media?parent=1837051"}],"wp:term":[{"taxonomy":"product_brand","embeddable":true,"href":"http:\/\/ruuby.ee\/en\/wp-json\/wp\/v2\/product_brand?post=1837051"},{"taxonomy":"product_cat","embeddable":true,"href":"http:\/\/ruuby.ee\/en\/wp-json\/wp\/v2\/product_cat?post=1837051"},{"taxonomy":"product_tag","embeddable":true,"href":"http:\/\/ruuby.ee\/en\/wp-json\/wp\/v2\/product_tag?post=1837051"}],"curies":[{"name":"wp","href":"https:\/\/api.w.org\/{rel}","templated":true}]}}