{"id":1837037,"date":"2023-07-14T19:15:22","date_gmt":"2023-07-14T16:15:22","guid":{"rendered":"http:\/\/ruuby.ee\/?post_type=product&#038;p=1837037"},"modified":"2026-04-05T01:25:34","modified_gmt":"2026-04-04T22:25:34","slug":"omy-sametised-varvilehed-lily","status":"publish","type":"product","link":"http:\/\/ruuby.ee\/en\/pood\/lapsed\/meisterdamine\/sametised-varvilehed\/omy-sametised-varvilehed-lily\/","title":{"rendered":"OMY &#8211; sametised v\u00e4rvilehed , Lily"},"content":{"rendered":"<p>Tere tulemast imelisse maailma, kus v\u00e4rvimine on muudetud m\u00e4nguliseks ja \u00f5ppeprotsessiks meie uute \u00fclipehmete sametv\u00e4rvilehtedega!<\/p>\n<p>\u00d5ppimine muutub lustakaks seikluseks! Lily rannas, juuksurisalongis, rulluisutab &#8211; meie v\u00e4rvilehtede kaudu avastavad lapsed v\u00f5luva \u00fckssarviku universumi. Siin on m\u00f5ned p\u00f5hjused, miks Lily sametised v\u00e4rvilehed on ideaalne valik v\u00e4ikestele kunstnikele:<\/p>\n<p><strong>\u00dckssarviku maailm kuuel sametisel lehel:\u00a0<\/strong>Iga leht avab ukse uude \u00fckssarviku maailma. Lily r\u00e4nnakud rannas, juuksurisalongis ja rulluisutades on j\u00e4\u00e4dvustatud kuue erineva sametlehe abil. See on kui l\u00f5bus muinasjutt, mida lapsed saavad v\u00e4rvida ja luua!<\/p>\n<p><strong>Lihtne ja m\u00e4nguline samet:\u00a0<\/strong>Meie samtised \u00e4\u00e4res muudavad v\u00e4rvimise lihtsaks ja m\u00e4nguliseks. Lapsed saavad v\u00e4rvida ilma vaevata, nautides samal ajal silitavat pehmust. See on suurep\u00e4rane esimene samm v\u00e4rvimaailma avastamisel!<\/p>\n<p><strong>Arendab oskusi ja loovust:\u00a0<\/strong>Need v\u00e4rvilehed on ideaalne esimene v\u00e4rvimise harjutus, mis aitab arendada lapse osavust ja loovust. Lase lapsel sukelduda Lily seiklustesse ning v\u00e4ljendada oma unikaalseid ideid.<\/p>\n<p><strong>M\u00f5eldud l\u00f5busaks \u00f5ppimiseks:\u00a0<\/strong>L\u00f5butsege \u00f5ppimisega Lily seltsis! Need v\u00e4rvilehed on loodud selleks, et teie laps saaks avastada, \u00f5ppida ja samal ajal l\u00f5butseda. Iga v\u00e4rvikas hetk on t\u00e4idetud r\u00f5\u00f5mu ja avastamisega.<\/p>\n<p>Tule ja avasta koos meiega \u00fckssarvik Lily maailma v\u00f5lu! Lily sametised v\u00e4rvilehed on rohkem kui lihtsalt v\u00e4rvimine &#8211; see on l\u00f5bus \u00f5ppimise kogemus, mis toetab teie lapse arengut.<\/p>\n<p>Sisu: 6 pilti<br \/>\nFormaat: 22 x 24 cm \/ 8,6 x 9,4 tolli<br \/>\nKoostis: 100% sametise viimistlusega paber<\/p>\n<p>Tehtud armastusega OMY Pariisi stuudios<\/p>\n<p>&nbsp;<\/p>\n<p>&nbsp;<\/p>","protected":false},"excerpt":{"rendered":"<p>Tere tulemast imelisse maailma, kus v\u00e4rvimine on muudetud m\u00e4nguliseks ja \u00f5ppeprotsessiks meie uute \u00fclipehmete sametv\u00e4rvilehtedega! \u00d5ppimine muutub lustakaks seikluseks! Lily rannas, juuksurisalongis, rulluisutab &#8211; meie v\u00e4rvilehtede kaudu avastavad lapsed v\u00f5luva \u00fckssarviku universumi. Siin on m\u00f5ned p\u00f5hjused, miks Lily sametised v\u00e4rvilehed on ideaalne valik v\u00e4ikestele kunstnikele: \u00dckssarviku maailm kuuel sametisel lehel:\u00a0Iga leht avab ukse uude \u00fckssarviku [&hellip;]<\/p>\n","protected":false},"featured_media":1837038,"comment_status":"open","ping_status":"closed","template":"","meta":[],"product_brand":[],"product_cat":[22,67,678],"product_tag":[],"class_list":{"0":"post-1837037","1":"product","2":"type-product","3":"status-publish","4":"has-post-thumbnail","6":"product_cat-lapsed","7":"product_cat-meisterdamine","8":"product_cat-sametised-varvilehed","10":"first","11":"outofstock","12":"taxable","13":"shipping-taxable","14":"purchasable","15":"product-type-simple"},"yoast_head":"<!-- This site is optimized with the Yoast SEO plugin v27.2 - https:\/\/yoast.com\/product\/yoast-seo-wordpress\/ -->\n<title>OMY - sametised v\u00e4rvilehed , Lily - RUUBY<\/title>\n<meta name=\"robots\" content=\"index, follow, max-snippet:-1, max-image-preview:large, max-video-preview:-1\" \/>\n<link rel=\"canonical\" href=\"http:\/\/ruuby.ee\/en\/pood\/lapsed\/meisterdamine\/sametised-varvilehed\/omy-sametised-varvilehed-lily\/\" \/>\n<meta property=\"og:locale\" content=\"en_GB\" \/>\n<meta property=\"og:type\" content=\"article\" \/>\n<meta property=\"og:title\" content=\"OMY - sametised v\u00e4rvilehed , Lily - RUUBY\" \/>\n<meta property=\"og:description\" content=\"Tere tulemast imelisse maailma, kus v\u00e4rvimine on muudetud m\u00e4nguliseks ja \u00f5ppeprotsessiks meie uute \u00fclipehmete sametv\u00e4rvilehtedega! \u00d5ppimine muutub lustakaks seikluseks! Lily rannas, juuksurisalongis, rulluisutab &#8211; meie v\u00e4rvilehtede kaudu avastavad lapsed v\u00f5luva \u00fckssarviku universumi. Siin on m\u00f5ned p\u00f5hjused, miks Lily sametised v\u00e4rvilehed on ideaalne valik v\u00e4ikestele kunstnikele: \u00dckssarviku maailm kuuel sametisel lehel:\u00a0Iga leht avab ukse uude \u00fckssarviku [&hellip;]\" \/>\n<meta property=\"og:url\" content=\"http:\/\/ruuby.ee\/en\/pood\/lapsed\/meisterdamine\/sametised-varvilehed\/omy-sametised-varvilehed-lily\/\" \/>\n<meta property=\"og:site_name\" content=\"RUUBY\" \/>\n<meta property=\"article:publisher\" content=\"https:\/\/www.facebook.com\/ruubyconcept\" \/>\n<meta property=\"article:modified_time\" content=\"2026-04-04T22:25:34+00:00\" \/>\n<meta property=\"og:image\" content=\"http:\/\/ruuby.ee\/wp-content\/uploads\/2023\/07\/IMG_4956.jpeg\" \/>\n\t<meta property=\"og:image:width\" content=\"572\" \/>\n\t<meta property=\"og:image:height\" content=\"520\" \/>\n\t<meta property=\"og:image:type\" content=\"image\/jpeg\" \/>\n<meta name=\"twitter:card\" content=\"summary_large_image\" \/>\n<meta name=\"twitter:label1\" content=\"Estimated reading time\" \/>\n\t<meta name=\"twitter:data1\" content=\"2 minutes\" \/>\n<script type=\"application\/ld+json\" class=\"yoast-schema-graph\">{\"@context\":\"https:\/\/schema.org\",\"@graph\":[{\"@type\":[\"WebPage\",\"ItemPage\"],\"@id\":\"http:\/\/ruuby.ee\/en\/pood\/lapsed\/meisterdamine\/sametised-varvilehed\/omy-sametised-varvilehed-lily\/\",\"url\":\"http:\/\/ruuby.ee\/en\/pood\/lapsed\/meisterdamine\/sametised-varvilehed\/omy-sametised-varvilehed-lily\/\",\"name\":\"OMY - sametised v\u00e4rvilehed , Lily - RUUBY\",\"isPartOf\":{\"@id\":\"http:\/\/ruuby.ee\/#website\"},\"primaryImageOfPage\":{\"@id\":\"http:\/\/ruuby.ee\/en\/pood\/lapsed\/meisterdamine\/sametised-varvilehed\/omy-sametised-varvilehed-lily\/#primaryimage\"},\"image\":{\"@id\":\"http:\/\/ruuby.ee\/en\/pood\/lapsed\/meisterdamine\/sametised-varvilehed\/omy-sametised-varvilehed-lily\/#primaryimage\"},\"thumbnailUrl\":\"http:\/\/ruuby.ee\/wp-content\/uploads\/2023\/07\/IMG_4956.jpeg\",\"datePublished\":\"2023-07-14T16:15:22+00:00\",\"dateModified\":\"2026-04-04T22:25:34+00:00\",\"breadcrumb\":{\"@id\":\"http:\/\/ruuby.ee\/en\/pood\/lapsed\/meisterdamine\/sametised-varvilehed\/omy-sametised-varvilehed-lily\/#breadcrumb\"},\"inLanguage\":\"en-GB\",\"potentialAction\":[{\"@type\":\"ReadAction\",\"target\":[\"http:\/\/ruuby.ee\/en\/pood\/lapsed\/meisterdamine\/sametised-varvilehed\/omy-sametised-varvilehed-lily\/\"]}]},{\"@type\":\"ImageObject\",\"inLanguage\":\"en-GB\",\"@id\":\"http:\/\/ruuby.ee\/en\/pood\/lapsed\/meisterdamine\/sametised-varvilehed\/omy-sametised-varvilehed-lily\/#primaryimage\",\"url\":\"http:\/\/ruuby.ee\/wp-content\/uploads\/2023\/07\/IMG_4956.jpeg\",\"contentUrl\":\"http:\/\/ruuby.ee\/wp-content\/uploads\/2023\/07\/IMG_4956.jpeg\",\"width\":572,\"height\":520},{\"@type\":\"BreadcrumbList\",\"@id\":\"http:\/\/ruuby.ee\/en\/pood\/lapsed\/meisterdamine\/sametised-varvilehed\/omy-sametised-varvilehed-lily\/#breadcrumb\",\"itemListElement\":[{\"@type\":\"ListItem\",\"position\":1,\"name\":\"Kdu\",\"item\":\"http:\/\/ruuby.ee\/\"},{\"@type\":\"ListItem\",\"position\":2,\"name\":\"Pood\",\"item\":\"https:\/\/ruuby.ee\/en\/pood\/\"},{\"@type\":\"ListItem\",\"position\":3,\"name\":\"OMY &#8211; sametised v\u00e4rvilehed , Lily\"}]},{\"@type\":\"WebSite\",\"@id\":\"http:\/\/ruuby.ee\/#website\",\"url\":\"http:\/\/ruuby.ee\/\",\"name\":\"RUUBY\",\"description\":\"Ruubys on \u00fchendatud elustiil ja disain\",\"publisher\":{\"@id\":\"http:\/\/ruuby.ee\/#organization\"},\"alternateName\":\"Ruuby Disain\",\"potentialAction\":[{\"@type\":\"SearchAction\",\"target\":{\"@type\":\"EntryPoint\",\"urlTemplate\":\"http:\/\/ruuby.ee\/?s={search_term_string}\"},\"query-input\":{\"@type\":\"PropertyValueSpecification\",\"valueRequired\":true,\"valueName\":\"search_term_string\"}}],\"inLanguage\":\"en-GB\"},{\"@type\":\"Organization\",\"@id\":\"http:\/\/ruuby.ee\/#organization\",\"name\":\"Ruuby Disain O\u00dc\",\"alternateName\":\"Ruuby\",\"url\":\"http:\/\/ruuby.ee\/\",\"logo\":{\"@type\":\"ImageObject\",\"inLanguage\":\"en-GB\",\"@id\":\"http:\/\/ruuby.ee\/#\/schema\/logo\/image\/\",\"url\":\"http:\/\/ruuby.ee\/wp-content\/uploads\/2023\/06\/cropped-Black-White-Elegant-Circle-Signature-Fashion-Logo-12_large.png\",\"contentUrl\":\"http:\/\/ruuby.ee\/wp-content\/uploads\/2023\/06\/cropped-Black-White-Elegant-Circle-Signature-Fashion-Logo-12_large.png\",\"width\":1280,\"height\":747,\"caption\":\"Ruuby Disain O\u00dc\"},\"image\":{\"@id\":\"http:\/\/ruuby.ee\/#\/schema\/logo\/image\/\"},\"sameAs\":[\"https:\/\/www.facebook.com\/ruubyconcept\",\"https:\/\/www.instagram.com\/ruuby_concept\/\"]}]}<\/script>\n<!-- \/ Yoast SEO plugin. -->","yoast_head_json":{"title":"OMY - sametised v\u00e4rvilehed , Lily - RUUBY","robots":{"index":"index","follow":"follow","max-snippet":"max-snippet:-1","max-image-preview":"max-image-preview:large","max-video-preview":"max-video-preview:-1"},"canonical":"http:\/\/ruuby.ee\/en\/pood\/lapsed\/meisterdamine\/sametised-varvilehed\/omy-sametised-varvilehed-lily\/","og_locale":"en_GB","og_type":"article","og_title":"OMY - sametised v\u00e4rvilehed , Lily - RUUBY","og_description":"Tere tulemast imelisse maailma, kus v\u00e4rvimine on muudetud m\u00e4nguliseks ja \u00f5ppeprotsessiks meie uute \u00fclipehmete sametv\u00e4rvilehtedega! \u00d5ppimine muutub lustakaks seikluseks! Lily rannas, juuksurisalongis, rulluisutab &#8211; meie v\u00e4rvilehtede kaudu avastavad lapsed v\u00f5luva \u00fckssarviku universumi. Siin on m\u00f5ned p\u00f5hjused, miks Lily sametised v\u00e4rvilehed on ideaalne valik v\u00e4ikestele kunstnikele: \u00dckssarviku maailm kuuel sametisel lehel:\u00a0Iga leht avab ukse uude \u00fckssarviku [&hellip;]","og_url":"http:\/\/ruuby.ee\/en\/pood\/lapsed\/meisterdamine\/sametised-varvilehed\/omy-sametised-varvilehed-lily\/","og_site_name":"RUUBY","article_publisher":"https:\/\/www.facebook.com\/ruubyconcept","article_modified_time":"2026-04-04T22:25:34+00:00","og_image":[{"width":572,"height":520,"url":"http:\/\/ruuby.ee\/wp-content\/uploads\/2023\/07\/IMG_4956.jpeg","type":"image\/jpeg"}],"twitter_card":"summary_large_image","twitter_misc":{"Estimated reading time":"2 minutes"},"schema":{"@context":"https:\/\/schema.org","@graph":[{"@type":["WebPage","ItemPage"],"@id":"http:\/\/ruuby.ee\/en\/pood\/lapsed\/meisterdamine\/sametised-varvilehed\/omy-sametised-varvilehed-lily\/","url":"http:\/\/ruuby.ee\/en\/pood\/lapsed\/meisterdamine\/sametised-varvilehed\/omy-sametised-varvilehed-lily\/","name":"OMY - sametised v\u00e4rvilehed , Lily - RUUBY","isPartOf":{"@id":"http:\/\/ruuby.ee\/#website"},"primaryImageOfPage":{"@id":"http:\/\/ruuby.ee\/en\/pood\/lapsed\/meisterdamine\/sametised-varvilehed\/omy-sametised-varvilehed-lily\/#primaryimage"},"image":{"@id":"http:\/\/ruuby.ee\/en\/pood\/lapsed\/meisterdamine\/sametised-varvilehed\/omy-sametised-varvilehed-lily\/#primaryimage"},"thumbnailUrl":"http:\/\/ruuby.ee\/wp-content\/uploads\/2023\/07\/IMG_4956.jpeg","datePublished":"2023-07-14T16:15:22+00:00","dateModified":"2026-04-04T22:25:34+00:00","breadcrumb":{"@id":"http:\/\/ruuby.ee\/en\/pood\/lapsed\/meisterdamine\/sametised-varvilehed\/omy-sametised-varvilehed-lily\/#breadcrumb"},"inLanguage":"en-GB","potentialAction":[{"@type":"ReadAction","target":["http:\/\/ruuby.ee\/en\/pood\/lapsed\/meisterdamine\/sametised-varvilehed\/omy-sametised-varvilehed-lily\/"]}]},{"@type":"ImageObject","inLanguage":"en-GB","@id":"http:\/\/ruuby.ee\/en\/pood\/lapsed\/meisterdamine\/sametised-varvilehed\/omy-sametised-varvilehed-lily\/#primaryimage","url":"http:\/\/ruuby.ee\/wp-content\/uploads\/2023\/07\/IMG_4956.jpeg","contentUrl":"http:\/\/ruuby.ee\/wp-content\/uploads\/2023\/07\/IMG_4956.jpeg","width":572,"height":520},{"@type":"BreadcrumbList","@id":"http:\/\/ruuby.ee\/en\/pood\/lapsed\/meisterdamine\/sametised-varvilehed\/omy-sametised-varvilehed-lily\/#breadcrumb","itemListElement":[{"@type":"ListItem","position":1,"name":"Kdu","item":"http:\/\/ruuby.ee\/"},{"@type":"ListItem","position":2,"name":"Pood","item":"https:\/\/ruuby.ee\/en\/pood\/"},{"@type":"ListItem","position":3,"name":"OMY &#8211; sametised v\u00e4rvilehed , Lily"}]},{"@type":"WebSite","@id":"http:\/\/ruuby.ee\/#website","url":"http:\/\/ruuby.ee\/","name":"RUUBY","description":"Ruubys on \u00fchendatud elustiil ja disain","publisher":{"@id":"http:\/\/ruuby.ee\/#organization"},"alternateName":"Ruuby Disain","potentialAction":[{"@type":"SearchAction","target":{"@type":"EntryPoint","urlTemplate":"http:\/\/ruuby.ee\/?s={search_term_string}"},"query-input":{"@type":"PropertyValueSpecification","valueRequired":true,"valueName":"search_term_string"}}],"inLanguage":"en-GB"},{"@type":"Organization","@id":"http:\/\/ruuby.ee\/#organization","name":"Ruuby Disain O\u00dc","alternateName":"Ruuby","url":"http:\/\/ruuby.ee\/","logo":{"@type":"ImageObject","inLanguage":"en-GB","@id":"http:\/\/ruuby.ee\/#\/schema\/logo\/image\/","url":"http:\/\/ruuby.ee\/wp-content\/uploads\/2023\/06\/cropped-Black-White-Elegant-Circle-Signature-Fashion-Logo-12_large.png","contentUrl":"http:\/\/ruuby.ee\/wp-content\/uploads\/2023\/06\/cropped-Black-White-Elegant-Circle-Signature-Fashion-Logo-12_large.png","width":1280,"height":747,"caption":"Ruuby Disain O\u00dc"},"image":{"@id":"http:\/\/ruuby.ee\/#\/schema\/logo\/image\/"},"sameAs":["https:\/\/www.facebook.com\/ruubyconcept","https:\/\/www.instagram.com\/ruuby_concept\/"]}]}},"jetpack_sharing_enabled":true,"_links":{"self":[{"href":"http:\/\/ruuby.ee\/en\/wp-json\/wp\/v2\/product\/1837037","targetHints":{"allow":["GET"]}}],"collection":[{"href":"http:\/\/ruuby.ee\/en\/wp-json\/wp\/v2\/product"}],"about":[{"href":"http:\/\/ruuby.ee\/en\/wp-json\/wp\/v2\/types\/product"}],"replies":[{"embeddable":true,"href":"http:\/\/ruuby.ee\/en\/wp-json\/wp\/v2\/comments?post=1837037"}],"wp:featuredmedia":[{"embeddable":true,"href":"http:\/\/ruuby.ee\/en\/wp-json\/wp\/v2\/media\/1837038"}],"wp:attachment":[{"href":"http:\/\/ruuby.ee\/en\/wp-json\/wp\/v2\/media?parent=1837037"}],"wp:term":[{"taxonomy":"product_brand","embeddable":true,"href":"http:\/\/ruuby.ee\/en\/wp-json\/wp\/v2\/product_brand?post=1837037"},{"taxonomy":"product_cat","embeddable":true,"href":"http:\/\/ruuby.ee\/en\/wp-json\/wp\/v2\/product_cat?post=1837037"},{"taxonomy":"product_tag","embeddable":true,"href":"http:\/\/ruuby.ee\/en\/wp-json\/wp\/v2\/product_tag?post=1837037"}],"curies":[{"name":"wp","href":"https:\/\/api.w.org\/{rel}","templated":true}]}}