{"id":1836979,"date":"2023-07-13T16:44:58","date_gmt":"2023-07-13T13:44:58","guid":{"rendered":"http:\/\/ruuby.ee\/?post_type=product&#038;p=1836979"},"modified":"2026-04-08T01:28:42","modified_gmt":"2026-04-07T22:28:42","slug":"umage-riputuskonks-mini-butterflies","status":"publish","type":"product","link":"http:\/\/ruuby.ee\/en\/pood\/kodusisustus\/dekoratsioon\/umage-riputuskonks-mini-butterflies\/","title":{"rendered":"UMAGE &#8211; riputuskonks, Mini Butterflies"},"content":{"rendered":"<p>Butterflies on mitmeotstarbeline topeltkonks, mis hoiab teie v\u00e4ikesed esemed just seal, kus neid vajate.<\/p>\n<p>Butterflies&#8217;il on nii tamme- kui ka tumedast tammepuidust tagakaas, mis v\u00f5imaldab teil v\u00e4limuse \u00fcle otsustada.<\/p>\n<p>Selle stiilne ja minimaalne vorm loob pilkup\u00fc\u00fcdva disainilahenduse kodus, kontoris v\u00f5i muus interj\u00f6\u00f6ris. Mantlikonksul on kaks tiiba, mis sobivad jakkide ja sallide riputamiseks ning v\u00e4ike riiul v\u00f5tmete ja rahakoti paigutamiseks.<\/p>\n<p>Mini m\u00f5\u00f5dud: 8.5 x 17 x 9.2 cm<\/p>\n<p>Mini kaal: 0.38 kg<\/p>\n<p>Materjal: T\u00e4ispuidust tamm ja teras<\/p>","protected":false},"excerpt":{"rendered":"<p>Butterflies on mitmeotstarbeline topeltkonks, mis hoiab teie v\u00e4ikesed esemed just seal, kus neid vajate. Butterflies&#8217;il on nii tamme- kui ka tumedast tammepuidust tagakaas, mis v\u00f5imaldab teil v\u00e4limuse \u00fcle otsustada. Selle stiilne ja minimaalne vorm loob pilkup\u00fc\u00fcdva disainilahenduse kodus, kontoris v\u00f5i muus interj\u00f6\u00f6ris. Mantlikonksul on kaks tiiba, mis sobivad jakkide ja sallide riputamiseks ning v\u00e4ike riiul [&hellip;]<\/p>\n","protected":false},"featured_media":1836980,"comment_status":"open","ping_status":"closed","template":"","meta":[],"product_brand":[],"product_cat":[58],"product_tag":[],"class_list":{"0":"post-1836979","1":"product","2":"type-product","3":"status-publish","4":"has-post-thumbnail","6":"product_cat-dekoratsioon","8":"first","9":"instock","10":"taxable","11":"shipping-taxable","12":"purchasable","13":"product-type-variable","14":"rtwpvs-product"},"yoast_head":"<!-- This site is optimized with the Yoast SEO plugin v27.3 - https:\/\/yoast.com\/product\/yoast-seo-wordpress\/ -->\n<title>UMAGE - riputuskonks, Mini Butterflies - RUUBY<\/title>\n<meta name=\"robots\" content=\"index, follow, max-snippet:-1, max-image-preview:large, max-video-preview:-1\" \/>\n<link rel=\"canonical\" href=\"http:\/\/ruuby.ee\/en\/pood\/kodusisustus\/dekoratsioon\/umage-riputuskonks-mini-butterflies\/\" \/>\n<meta property=\"og:locale\" content=\"en_GB\" \/>\n<meta property=\"og:type\" content=\"article\" \/>\n<meta property=\"og:title\" content=\"UMAGE - riputuskonks, Mini Butterflies - RUUBY\" \/>\n<meta property=\"og:description\" content=\"Butterflies on mitmeotstarbeline topeltkonks, mis hoiab teie v\u00e4ikesed esemed just seal, kus neid vajate. Butterflies&#8217;il on nii tamme- kui ka tumedast tammepuidust tagakaas, mis v\u00f5imaldab teil v\u00e4limuse \u00fcle otsustada. Selle stiilne ja minimaalne vorm loob pilkup\u00fc\u00fcdva disainilahenduse kodus, kontoris v\u00f5i muus interj\u00f6\u00f6ris. Mantlikonksul on kaks tiiba, mis sobivad jakkide ja sallide riputamiseks ning v\u00e4ike riiul [&hellip;]\" \/>\n<meta property=\"og:url\" content=\"http:\/\/ruuby.ee\/en\/pood\/kodusisustus\/dekoratsioon\/umage-riputuskonks-mini-butterflies\/\" \/>\n<meta property=\"og:site_name\" content=\"RUUBY\" \/>\n<meta property=\"article:publisher\" content=\"https:\/\/www.facebook.com\/ruubyconcept\" \/>\n<meta property=\"article:modified_time\" content=\"2026-04-07T22:28:42+00:00\" \/>\n<meta property=\"og:image\" content=\"http:\/\/ruuby.ee\/wp-content\/uploads\/2023\/07\/Screenshot-2023-07-13-at-16.39.40.png\" \/>\n\t<meta property=\"og:image:width\" content=\"962\" \/>\n\t<meta property=\"og:image:height\" content=\"702\" \/>\n\t<meta property=\"og:image:type\" content=\"image\/png\" \/>\n<meta name=\"twitter:card\" content=\"summary_large_image\" \/>\n<meta name=\"twitter:label1\" content=\"Estimated reading time\" \/>\n\t<meta name=\"twitter:data1\" content=\"1 minute\" \/>\n<script type=\"application\/ld+json\" class=\"yoast-schema-graph\">{\"@context\":\"https:\\\/\\\/schema.org\",\"@graph\":[{\"@type\":[\"WebPage\",\"ItemPage\"],\"@id\":\"http:\\\/\\\/ruuby.ee\\\/en\\\/pood\\\/kodusisustus\\\/dekoratsioon\\\/umage-riputuskonks-mini-butterflies\\\/\",\"url\":\"http:\\\/\\\/ruuby.ee\\\/en\\\/pood\\\/kodusisustus\\\/dekoratsioon\\\/umage-riputuskonks-mini-butterflies\\\/\",\"name\":\"UMAGE - riputuskonks, Mini Butterflies - RUUBY\",\"isPartOf\":{\"@id\":\"http:\\\/\\\/ruuby.ee\\\/#website\"},\"primaryImageOfPage\":{\"@id\":\"http:\\\/\\\/ruuby.ee\\\/en\\\/pood\\\/kodusisustus\\\/dekoratsioon\\\/umage-riputuskonks-mini-butterflies\\\/#primaryimage\"},\"image\":{\"@id\":\"http:\\\/\\\/ruuby.ee\\\/en\\\/pood\\\/kodusisustus\\\/dekoratsioon\\\/umage-riputuskonks-mini-butterflies\\\/#primaryimage\"},\"thumbnailUrl\":\"http:\\\/\\\/ruuby.ee\\\/wp-content\\\/uploads\\\/2023\\\/07\\\/Screenshot-2023-07-13-at-16.39.40.png\",\"datePublished\":\"2023-07-13T13:44:58+00:00\",\"dateModified\":\"2026-04-07T22:28:42+00:00\",\"breadcrumb\":{\"@id\":\"http:\\\/\\\/ruuby.ee\\\/en\\\/pood\\\/kodusisustus\\\/dekoratsioon\\\/umage-riputuskonks-mini-butterflies\\\/#breadcrumb\"},\"inLanguage\":\"en-GB\",\"potentialAction\":[{\"@type\":\"ReadAction\",\"target\":[\"http:\\\/\\\/ruuby.ee\\\/en\\\/pood\\\/kodusisustus\\\/dekoratsioon\\\/umage-riputuskonks-mini-butterflies\\\/\"]}]},{\"@type\":\"ImageObject\",\"inLanguage\":\"en-GB\",\"@id\":\"http:\\\/\\\/ruuby.ee\\\/en\\\/pood\\\/kodusisustus\\\/dekoratsioon\\\/umage-riputuskonks-mini-butterflies\\\/#primaryimage\",\"url\":\"http:\\\/\\\/ruuby.ee\\\/wp-content\\\/uploads\\\/2023\\\/07\\\/Screenshot-2023-07-13-at-16.39.40.png\",\"contentUrl\":\"http:\\\/\\\/ruuby.ee\\\/wp-content\\\/uploads\\\/2023\\\/07\\\/Screenshot-2023-07-13-at-16.39.40.png\",\"width\":962,\"height\":702},{\"@type\":\"BreadcrumbList\",\"@id\":\"http:\\\/\\\/ruuby.ee\\\/en\\\/pood\\\/kodusisustus\\\/dekoratsioon\\\/umage-riputuskonks-mini-butterflies\\\/#breadcrumb\",\"itemListElement\":[{\"@type\":\"ListItem\",\"position\":1,\"name\":\"Kdu\",\"item\":\"http:\\\/\\\/ruuby.ee\\\/\"},{\"@type\":\"ListItem\",\"position\":2,\"name\":\"Pood\",\"item\":\"http:\\\/\\\/ruuby.ee\\\/pood\\\/\"},{\"@type\":\"ListItem\",\"position\":3,\"name\":\"UMAGE &#8211; riputuskonks, Mini Butterflies\"}]},{\"@type\":\"WebSite\",\"@id\":\"http:\\\/\\\/ruuby.ee\\\/#website\",\"url\":\"http:\\\/\\\/ruuby.ee\\\/\",\"name\":\"RUUBY\",\"description\":\"Ruubys on \u00fchendatud elustiil ja disain\",\"publisher\":{\"@id\":\"http:\\\/\\\/ruuby.ee\\\/#organization\"},\"alternateName\":\"Ruuby Disain\",\"potentialAction\":[{\"@type\":\"SearchAction\",\"target\":{\"@type\":\"EntryPoint\",\"urlTemplate\":\"http:\\\/\\\/ruuby.ee\\\/?s={search_term_string}\"},\"query-input\":{\"@type\":\"PropertyValueSpecification\",\"valueRequired\":true,\"valueName\":\"search_term_string\"}}],\"inLanguage\":\"en-GB\"},{\"@type\":\"Organization\",\"@id\":\"http:\\\/\\\/ruuby.ee\\\/#organization\",\"name\":\"Ruuby Disain O\u00dc\",\"alternateName\":\"Ruuby\",\"url\":\"http:\\\/\\\/ruuby.ee\\\/\",\"logo\":{\"@type\":\"ImageObject\",\"inLanguage\":\"en-GB\",\"@id\":\"http:\\\/\\\/ruuby.ee\\\/#\\\/schema\\\/logo\\\/image\\\/\",\"url\":\"http:\\\/\\\/ruuby.ee\\\/wp-content\\\/uploads\\\/2023\\\/06\\\/cropped-Black-White-Elegant-Circle-Signature-Fashion-Logo-12_large.png\",\"contentUrl\":\"http:\\\/\\\/ruuby.ee\\\/wp-content\\\/uploads\\\/2023\\\/06\\\/cropped-Black-White-Elegant-Circle-Signature-Fashion-Logo-12_large.png\",\"width\":1280,\"height\":747,\"caption\":\"Ruuby Disain O\u00dc\"},\"image\":{\"@id\":\"http:\\\/\\\/ruuby.ee\\\/#\\\/schema\\\/logo\\\/image\\\/\"},\"sameAs\":[\"https:\\\/\\\/www.facebook.com\\\/ruubyconcept\",\"https:\\\/\\\/www.instagram.com\\\/ruuby_concept\\\/\"]}]}<\/script>\n<!-- \/ Yoast SEO plugin. -->","yoast_head_json":{"title":"UMAGE - riputuskonks, Mini Butterflies - RUUBY","robots":{"index":"index","follow":"follow","max-snippet":"max-snippet:-1","max-image-preview":"max-image-preview:large","max-video-preview":"max-video-preview:-1"},"canonical":"http:\/\/ruuby.ee\/en\/pood\/kodusisustus\/dekoratsioon\/umage-riputuskonks-mini-butterflies\/","og_locale":"en_GB","og_type":"article","og_title":"UMAGE - riputuskonks, Mini Butterflies - RUUBY","og_description":"Butterflies on mitmeotstarbeline topeltkonks, mis hoiab teie v\u00e4ikesed esemed just seal, kus neid vajate. Butterflies&#8217;il on nii tamme- kui ka tumedast tammepuidust tagakaas, mis v\u00f5imaldab teil v\u00e4limuse \u00fcle otsustada. Selle stiilne ja minimaalne vorm loob pilkup\u00fc\u00fcdva disainilahenduse kodus, kontoris v\u00f5i muus interj\u00f6\u00f6ris. Mantlikonksul on kaks tiiba, mis sobivad jakkide ja sallide riputamiseks ning v\u00e4ike riiul [&hellip;]","og_url":"http:\/\/ruuby.ee\/en\/pood\/kodusisustus\/dekoratsioon\/umage-riputuskonks-mini-butterflies\/","og_site_name":"RUUBY","article_publisher":"https:\/\/www.facebook.com\/ruubyconcept","article_modified_time":"2026-04-07T22:28:42+00:00","og_image":[{"width":962,"height":702,"url":"http:\/\/ruuby.ee\/wp-content\/uploads\/2023\/07\/Screenshot-2023-07-13-at-16.39.40.png","type":"image\/png"}],"twitter_card":"summary_large_image","twitter_misc":{"Estimated reading time":"1 minute"},"schema":{"@context":"https:\/\/schema.org","@graph":[{"@type":["WebPage","ItemPage"],"@id":"http:\/\/ruuby.ee\/en\/pood\/kodusisustus\/dekoratsioon\/umage-riputuskonks-mini-butterflies\/","url":"http:\/\/ruuby.ee\/en\/pood\/kodusisustus\/dekoratsioon\/umage-riputuskonks-mini-butterflies\/","name":"UMAGE - riputuskonks, Mini Butterflies - RUUBY","isPartOf":{"@id":"http:\/\/ruuby.ee\/#website"},"primaryImageOfPage":{"@id":"http:\/\/ruuby.ee\/en\/pood\/kodusisustus\/dekoratsioon\/umage-riputuskonks-mini-butterflies\/#primaryimage"},"image":{"@id":"http:\/\/ruuby.ee\/en\/pood\/kodusisustus\/dekoratsioon\/umage-riputuskonks-mini-butterflies\/#primaryimage"},"thumbnailUrl":"http:\/\/ruuby.ee\/wp-content\/uploads\/2023\/07\/Screenshot-2023-07-13-at-16.39.40.png","datePublished":"2023-07-13T13:44:58+00:00","dateModified":"2026-04-07T22:28:42+00:00","breadcrumb":{"@id":"http:\/\/ruuby.ee\/en\/pood\/kodusisustus\/dekoratsioon\/umage-riputuskonks-mini-butterflies\/#breadcrumb"},"inLanguage":"en-GB","potentialAction":[{"@type":"ReadAction","target":["http:\/\/ruuby.ee\/en\/pood\/kodusisustus\/dekoratsioon\/umage-riputuskonks-mini-butterflies\/"]}]},{"@type":"ImageObject","inLanguage":"en-GB","@id":"http:\/\/ruuby.ee\/en\/pood\/kodusisustus\/dekoratsioon\/umage-riputuskonks-mini-butterflies\/#primaryimage","url":"http:\/\/ruuby.ee\/wp-content\/uploads\/2023\/07\/Screenshot-2023-07-13-at-16.39.40.png","contentUrl":"http:\/\/ruuby.ee\/wp-content\/uploads\/2023\/07\/Screenshot-2023-07-13-at-16.39.40.png","width":962,"height":702},{"@type":"BreadcrumbList","@id":"http:\/\/ruuby.ee\/en\/pood\/kodusisustus\/dekoratsioon\/umage-riputuskonks-mini-butterflies\/#breadcrumb","itemListElement":[{"@type":"ListItem","position":1,"name":"Kdu","item":"http:\/\/ruuby.ee\/"},{"@type":"ListItem","position":2,"name":"Pood","item":"http:\/\/ruuby.ee\/pood\/"},{"@type":"ListItem","position":3,"name":"UMAGE &#8211; riputuskonks, Mini Butterflies"}]},{"@type":"WebSite","@id":"http:\/\/ruuby.ee\/#website","url":"http:\/\/ruuby.ee\/","name":"RUUBY","description":"Ruubys on \u00fchendatud elustiil ja disain","publisher":{"@id":"http:\/\/ruuby.ee\/#organization"},"alternateName":"Ruuby Disain","potentialAction":[{"@type":"SearchAction","target":{"@type":"EntryPoint","urlTemplate":"http:\/\/ruuby.ee\/?s={search_term_string}"},"query-input":{"@type":"PropertyValueSpecification","valueRequired":true,"valueName":"search_term_string"}}],"inLanguage":"en-GB"},{"@type":"Organization","@id":"http:\/\/ruuby.ee\/#organization","name":"Ruuby Disain O\u00dc","alternateName":"Ruuby","url":"http:\/\/ruuby.ee\/","logo":{"@type":"ImageObject","inLanguage":"en-GB","@id":"http:\/\/ruuby.ee\/#\/schema\/logo\/image\/","url":"http:\/\/ruuby.ee\/wp-content\/uploads\/2023\/06\/cropped-Black-White-Elegant-Circle-Signature-Fashion-Logo-12_large.png","contentUrl":"http:\/\/ruuby.ee\/wp-content\/uploads\/2023\/06\/cropped-Black-White-Elegant-Circle-Signature-Fashion-Logo-12_large.png","width":1280,"height":747,"caption":"Ruuby Disain O\u00dc"},"image":{"@id":"http:\/\/ruuby.ee\/#\/schema\/logo\/image\/"},"sameAs":["https:\/\/www.facebook.com\/ruubyconcept","https:\/\/www.instagram.com\/ruuby_concept\/"]}]}},"jetpack_sharing_enabled":true,"_links":{"self":[{"href":"http:\/\/ruuby.ee\/en\/wp-json\/wp\/v2\/product\/1836979","targetHints":{"allow":["GET"]}}],"collection":[{"href":"http:\/\/ruuby.ee\/en\/wp-json\/wp\/v2\/product"}],"about":[{"href":"http:\/\/ruuby.ee\/en\/wp-json\/wp\/v2\/types\/product"}],"replies":[{"embeddable":true,"href":"http:\/\/ruuby.ee\/en\/wp-json\/wp\/v2\/comments?post=1836979"}],"wp:featuredmedia":[{"embeddable":true,"href":"http:\/\/ruuby.ee\/en\/wp-json\/wp\/v2\/media\/1836980"}],"wp:attachment":[{"href":"http:\/\/ruuby.ee\/en\/wp-json\/wp\/v2\/media?parent=1836979"}],"wp:term":[{"taxonomy":"product_brand","embeddable":true,"href":"http:\/\/ruuby.ee\/en\/wp-json\/wp\/v2\/product_brand?post=1836979"},{"taxonomy":"product_cat","embeddable":true,"href":"http:\/\/ruuby.ee\/en\/wp-json\/wp\/v2\/product_cat?post=1836979"},{"taxonomy":"product_tag","embeddable":true,"href":"http:\/\/ruuby.ee\/en\/wp-json\/wp\/v2\/product_tag?post=1836979"}],"curies":[{"name":"wp","href":"https:\/\/api.w.org\/{rel}","templated":true}]}}