{"id":1836720,"date":"2023-07-10T18:12:07","date_gmt":"2023-07-10T15:12:07","guid":{"rendered":"http:\/\/ruuby.ee\/?post_type=product&#038;p=1836720"},"modified":"2026-04-08T01:28:42","modified_gmt":"2026-04-07T22:28:42","slug":"muubs-lillepott-luna-hall","status":"publish","type":"product","link":"http:\/\/ruuby.ee\/en\/pood\/kodusisustus\/vaasid\/muubs-lillepott-luna-hall\/","title":{"rendered":"MUUBS &#8211; Lillepott, Luna, 100cm, hall"},"content":{"rendered":"<p>MUUBSi suur p\u00f5randavaas rahustava halli varjundiga.<\/p>\n<p>Maal\u00e4hedase pinnaga orgaanilise kujuga vaas on kaunis kaunistus ja seda saab kasutada nii elutoas kui ka oran\u017eikas.<\/p>\n<p>Laske vaasil iseseisvalt seista peaaegu v\u00e4ikese kunstiteosena. V\u00f5i asetage suurde terrakotavaasi v\u00e4rsked oksad, et luua t\u00e4iesti uus ilme.<\/p>\n<p>Vaasi tohib kasutada ainult siseruumides ja vaasi ei tohi istutada. Vaas sobib suurep\u00e4raselt kuivatatud kaunistuste v\u00f5i lillede jaoks.<\/p>\n<p>M\u00f5\u00f5dud: 100cm &#8211; Luna l\u00e4bim\u00f5\u00f5t on 52 cm ja sisemine auk on 11 cm lai.<\/p>\n<p>Hooldus:<\/p>\n<p>MATERJAL<br \/>\nK\u00f5ik purgid on k\u00e4sitsi valmistatud terrakotast ning neil on ainulaadne kuju ja pind, olenevalt taga olevast meistrimehest. Vaasi loomine n\u00f5uab erilist meisterlikkust.<\/p>\n<p>\u2022 Lillepott ei ole veekindel.<br \/>\n\u2022 Soovitame mitte istutada otse potti, kasutage lisa poti sisu taimede istutamiseks mulda.<br \/>\n\u2022 Pott on siseruumides kasutamiseks.<br \/>\n\u2022 K\u00f5ik Potid on ainulaadse pinna ja v\u00e4rvitooniga.<br \/>\n\u2022 Soovitame t\u00e4ita kuiva liivaga, et saavutada lillepotis suurem stabiilsus.<\/p>\n<p>Juhul, kui lillepoti v\u00e4ike t\u00fckk on kahjustada saanud, saab selle parandada, kattes lillepott sama v\u00e4rvi v\u00e4rviga.<\/p>\n<p>Kujundus: Birgitte R\u00f8mer<\/p>","protected":false},"excerpt":{"rendered":"<p>MUUBSi suur p\u00f5randavaas rahustava halli varjundiga. Maal\u00e4hedase pinnaga orgaanilise kujuga vaas on kaunis kaunistus ja seda saab kasutada nii elutoas kui ka oran\u017eikas. Laske vaasil iseseisvalt seista peaaegu v\u00e4ikese kunstiteosena. V\u00f5i asetage suurde terrakotavaasi v\u00e4rsked oksad, et luua t\u00e4iesti uus ilme. Vaasi tohib kasutada ainult siseruumides ja vaasi ei tohi istutada. Vaas sobib suurep\u00e4raselt kuivatatud [&hellip;]<\/p>\n","protected":false},"featured_media":1850339,"comment_status":"open","ping_status":"closed","template":"","meta":[],"product_brand":[],"product_cat":[62],"product_tag":[],"class_list":{"0":"post-1836720","1":"product","2":"type-product","3":"status-publish","4":"has-post-thumbnail","6":"product_cat-vaasid","8":"first","9":"onbackorder","10":"taxable","11":"shipping-taxable","12":"purchasable","13":"product-type-simple"},"yoast_head":"<!-- This site is optimized with the Yoast SEO plugin v27.3 - https:\/\/yoast.com\/product\/yoast-seo-wordpress\/ -->\n<title>MUUBS - Lillepott, Luna, 100cm, hall - RUUBY<\/title>\n<meta name=\"robots\" content=\"index, follow, max-snippet:-1, max-image-preview:large, max-video-preview:-1\" \/>\n<link rel=\"canonical\" href=\"https:\/\/ruuby.ee\/en\/pood\/kodusisustus\/vaasid\/muubs-lillepott-luna-hall\/\" \/>\n<meta property=\"og:locale\" content=\"en_GB\" \/>\n<meta property=\"og:type\" content=\"article\" \/>\n<meta property=\"og:title\" content=\"MUUBS - Lillepott, Luna, 100cm, hall - RUUBY\" \/>\n<meta property=\"og:description\" content=\"MUUBSi suur p\u00f5randavaas rahustava halli varjundiga. Maal\u00e4hedase pinnaga orgaanilise kujuga vaas on kaunis kaunistus ja seda saab kasutada nii elutoas kui ka oran\u017eikas. Laske vaasil iseseisvalt seista peaaegu v\u00e4ikese kunstiteosena. V\u00f5i asetage suurde terrakotavaasi v\u00e4rsked oksad, et luua t\u00e4iesti uus ilme. Vaasi tohib kasutada ainult siseruumides ja vaasi ei tohi istutada. Vaas sobib suurep\u00e4raselt kuivatatud [&hellip;]\" \/>\n<meta property=\"og:url\" content=\"https:\/\/ruuby.ee\/en\/pood\/kodusisustus\/vaasid\/muubs-lillepott-luna-hall\/\" \/>\n<meta property=\"og:site_name\" content=\"RUUBY\" \/>\n<meta property=\"article:publisher\" content=\"https:\/\/www.facebook.com\/ruubyconcept\" \/>\n<meta property=\"article:modified_time\" content=\"2026-04-07T22:28:42+00:00\" \/>\n<meta property=\"og:image\" content=\"https:\/\/ruuby.ee\/wp-content\/uploads\/2023\/07\/Screenshot-2024-11-14-at-14.43.35.png\" \/>\n\t<meta property=\"og:image:width\" content=\"1036\" \/>\n\t<meta property=\"og:image:height\" content=\"1034\" \/>\n\t<meta property=\"og:image:type\" content=\"image\/png\" \/>\n<meta name=\"twitter:card\" content=\"summary_large_image\" \/>\n<meta name=\"twitter:label1\" content=\"Estimated reading time\" \/>\n\t<meta name=\"twitter:data1\" content=\"2 minutes\" \/>\n<script type=\"application\/ld+json\" class=\"yoast-schema-graph\">{\"@context\":\"https:\\\/\\\/schema.org\",\"@graph\":[{\"@type\":[\"WebPage\",\"ItemPage\"],\"@id\":\"https:\\\/\\\/ruuby.ee\\\/pood\\\/kodusisustus\\\/vaasid\\\/muubs-lillepott-luna-hall\\\/\",\"url\":\"https:\\\/\\\/ruuby.ee\\\/pood\\\/kodusisustus\\\/vaasid\\\/muubs-lillepott-luna-hall\\\/\",\"name\":\"MUUBS - Lillepott, Luna, 100cm, hall - RUUBY\",\"isPartOf\":{\"@id\":\"http:\\\/\\\/ruuby.ee\\\/#website\"},\"primaryImageOfPage\":{\"@id\":\"https:\\\/\\\/ruuby.ee\\\/pood\\\/kodusisustus\\\/vaasid\\\/muubs-lillepott-luna-hall\\\/#primaryimage\"},\"image\":{\"@id\":\"https:\\\/\\\/ruuby.ee\\\/pood\\\/kodusisustus\\\/vaasid\\\/muubs-lillepott-luna-hall\\\/#primaryimage\"},\"thumbnailUrl\":\"http:\\\/\\\/ruuby.ee\\\/wp-content\\\/uploads\\\/2023\\\/07\\\/Screenshot-2024-11-14-at-14.43.35.png\",\"datePublished\":\"2023-07-10T15:12:07+00:00\",\"dateModified\":\"2026-04-07T22:28:42+00:00\",\"breadcrumb\":{\"@id\":\"https:\\\/\\\/ruuby.ee\\\/pood\\\/kodusisustus\\\/vaasid\\\/muubs-lillepott-luna-hall\\\/#breadcrumb\"},\"inLanguage\":\"en-GB\",\"potentialAction\":[{\"@type\":\"ReadAction\",\"target\":[\"https:\\\/\\\/ruuby.ee\\\/pood\\\/kodusisustus\\\/vaasid\\\/muubs-lillepott-luna-hall\\\/\"]}]},{\"@type\":\"ImageObject\",\"inLanguage\":\"en-GB\",\"@id\":\"https:\\\/\\\/ruuby.ee\\\/pood\\\/kodusisustus\\\/vaasid\\\/muubs-lillepott-luna-hall\\\/#primaryimage\",\"url\":\"http:\\\/\\\/ruuby.ee\\\/wp-content\\\/uploads\\\/2023\\\/07\\\/Screenshot-2024-11-14-at-14.43.35.png\",\"contentUrl\":\"http:\\\/\\\/ruuby.ee\\\/wp-content\\\/uploads\\\/2023\\\/07\\\/Screenshot-2024-11-14-at-14.43.35.png\",\"width\":1036,\"height\":1034},{\"@type\":\"BreadcrumbList\",\"@id\":\"https:\\\/\\\/ruuby.ee\\\/pood\\\/kodusisustus\\\/vaasid\\\/muubs-lillepott-luna-hall\\\/#breadcrumb\",\"itemListElement\":[{\"@type\":\"ListItem\",\"position\":1,\"name\":\"Kdu\",\"item\":\"http:\\\/\\\/ruuby.ee\\\/\"},{\"@type\":\"ListItem\",\"position\":2,\"name\":\"Pood\",\"item\":\"http:\\\/\\\/ruuby.ee\\\/pood\\\/\"},{\"@type\":\"ListItem\",\"position\":3,\"name\":\"MUUBS &#8211; Lillepott, Luna, 100cm, hall\"}]},{\"@type\":\"WebSite\",\"@id\":\"http:\\\/\\\/ruuby.ee\\\/#website\",\"url\":\"http:\\\/\\\/ruuby.ee\\\/\",\"name\":\"RUUBY\",\"description\":\"Ruubys on \u00fchendatud elustiil ja disain\",\"publisher\":{\"@id\":\"http:\\\/\\\/ruuby.ee\\\/#organization\"},\"alternateName\":\"Ruuby Disain\",\"potentialAction\":[{\"@type\":\"SearchAction\",\"target\":{\"@type\":\"EntryPoint\",\"urlTemplate\":\"http:\\\/\\\/ruuby.ee\\\/?s={search_term_string}\"},\"query-input\":{\"@type\":\"PropertyValueSpecification\",\"valueRequired\":true,\"valueName\":\"search_term_string\"}}],\"inLanguage\":\"en-GB\"},{\"@type\":\"Organization\",\"@id\":\"http:\\\/\\\/ruuby.ee\\\/#organization\",\"name\":\"Ruuby Disain O\u00dc\",\"alternateName\":\"Ruuby\",\"url\":\"http:\\\/\\\/ruuby.ee\\\/\",\"logo\":{\"@type\":\"ImageObject\",\"inLanguage\":\"en-GB\",\"@id\":\"http:\\\/\\\/ruuby.ee\\\/#\\\/schema\\\/logo\\\/image\\\/\",\"url\":\"http:\\\/\\\/ruuby.ee\\\/wp-content\\\/uploads\\\/2023\\\/06\\\/cropped-Black-White-Elegant-Circle-Signature-Fashion-Logo-12_large.png\",\"contentUrl\":\"http:\\\/\\\/ruuby.ee\\\/wp-content\\\/uploads\\\/2023\\\/06\\\/cropped-Black-White-Elegant-Circle-Signature-Fashion-Logo-12_large.png\",\"width\":1280,\"height\":747,\"caption\":\"Ruuby Disain O\u00dc\"},\"image\":{\"@id\":\"http:\\\/\\\/ruuby.ee\\\/#\\\/schema\\\/logo\\\/image\\\/\"},\"sameAs\":[\"https:\\\/\\\/www.facebook.com\\\/ruubyconcept\",\"https:\\\/\\\/www.instagram.com\\\/ruuby_concept\\\/\"]}]}<\/script>\n<!-- \/ Yoast SEO plugin. -->","yoast_head_json":{"title":"MUUBS - Lillepott, Luna, 100cm, hall - RUUBY","robots":{"index":"index","follow":"follow","max-snippet":"max-snippet:-1","max-image-preview":"max-image-preview:large","max-video-preview":"max-video-preview:-1"},"canonical":"https:\/\/ruuby.ee\/en\/pood\/kodusisustus\/vaasid\/muubs-lillepott-luna-hall\/","og_locale":"en_GB","og_type":"article","og_title":"MUUBS - Lillepott, Luna, 100cm, hall - RUUBY","og_description":"MUUBSi suur p\u00f5randavaas rahustava halli varjundiga. Maal\u00e4hedase pinnaga orgaanilise kujuga vaas on kaunis kaunistus ja seda saab kasutada nii elutoas kui ka oran\u017eikas. Laske vaasil iseseisvalt seista peaaegu v\u00e4ikese kunstiteosena. V\u00f5i asetage suurde terrakotavaasi v\u00e4rsked oksad, et luua t\u00e4iesti uus ilme. Vaasi tohib kasutada ainult siseruumides ja vaasi ei tohi istutada. Vaas sobib suurep\u00e4raselt kuivatatud [&hellip;]","og_url":"https:\/\/ruuby.ee\/en\/pood\/kodusisustus\/vaasid\/muubs-lillepott-luna-hall\/","og_site_name":"RUUBY","article_publisher":"https:\/\/www.facebook.com\/ruubyconcept","article_modified_time":"2026-04-07T22:28:42+00:00","og_image":[{"width":1036,"height":1034,"url":"https:\/\/ruuby.ee\/wp-content\/uploads\/2023\/07\/Screenshot-2024-11-14-at-14.43.35.png","type":"image\/png"}],"twitter_card":"summary_large_image","twitter_misc":{"Estimated reading time":"2 minutes"},"schema":{"@context":"https:\/\/schema.org","@graph":[{"@type":["WebPage","ItemPage"],"@id":"https:\/\/ruuby.ee\/pood\/kodusisustus\/vaasid\/muubs-lillepott-luna-hall\/","url":"https:\/\/ruuby.ee\/pood\/kodusisustus\/vaasid\/muubs-lillepott-luna-hall\/","name":"MUUBS - Lillepott, Luna, 100cm, hall - RUUBY","isPartOf":{"@id":"http:\/\/ruuby.ee\/#website"},"primaryImageOfPage":{"@id":"https:\/\/ruuby.ee\/pood\/kodusisustus\/vaasid\/muubs-lillepott-luna-hall\/#primaryimage"},"image":{"@id":"https:\/\/ruuby.ee\/pood\/kodusisustus\/vaasid\/muubs-lillepott-luna-hall\/#primaryimage"},"thumbnailUrl":"http:\/\/ruuby.ee\/wp-content\/uploads\/2023\/07\/Screenshot-2024-11-14-at-14.43.35.png","datePublished":"2023-07-10T15:12:07+00:00","dateModified":"2026-04-07T22:28:42+00:00","breadcrumb":{"@id":"https:\/\/ruuby.ee\/pood\/kodusisustus\/vaasid\/muubs-lillepott-luna-hall\/#breadcrumb"},"inLanguage":"en-GB","potentialAction":[{"@type":"ReadAction","target":["https:\/\/ruuby.ee\/pood\/kodusisustus\/vaasid\/muubs-lillepott-luna-hall\/"]}]},{"@type":"ImageObject","inLanguage":"en-GB","@id":"https:\/\/ruuby.ee\/pood\/kodusisustus\/vaasid\/muubs-lillepott-luna-hall\/#primaryimage","url":"http:\/\/ruuby.ee\/wp-content\/uploads\/2023\/07\/Screenshot-2024-11-14-at-14.43.35.png","contentUrl":"http:\/\/ruuby.ee\/wp-content\/uploads\/2023\/07\/Screenshot-2024-11-14-at-14.43.35.png","width":1036,"height":1034},{"@type":"BreadcrumbList","@id":"https:\/\/ruuby.ee\/pood\/kodusisustus\/vaasid\/muubs-lillepott-luna-hall\/#breadcrumb","itemListElement":[{"@type":"ListItem","position":1,"name":"Kdu","item":"http:\/\/ruuby.ee\/"},{"@type":"ListItem","position":2,"name":"Pood","item":"http:\/\/ruuby.ee\/pood\/"},{"@type":"ListItem","position":3,"name":"MUUBS &#8211; Lillepott, Luna, 100cm, hall"}]},{"@type":"WebSite","@id":"http:\/\/ruuby.ee\/#website","url":"http:\/\/ruuby.ee\/","name":"RUUBY","description":"Ruubys on \u00fchendatud elustiil ja disain","publisher":{"@id":"http:\/\/ruuby.ee\/#organization"},"alternateName":"Ruuby Disain","potentialAction":[{"@type":"SearchAction","target":{"@type":"EntryPoint","urlTemplate":"http:\/\/ruuby.ee\/?s={search_term_string}"},"query-input":{"@type":"PropertyValueSpecification","valueRequired":true,"valueName":"search_term_string"}}],"inLanguage":"en-GB"},{"@type":"Organization","@id":"http:\/\/ruuby.ee\/#organization","name":"Ruuby Disain O\u00dc","alternateName":"Ruuby","url":"http:\/\/ruuby.ee\/","logo":{"@type":"ImageObject","inLanguage":"en-GB","@id":"http:\/\/ruuby.ee\/#\/schema\/logo\/image\/","url":"http:\/\/ruuby.ee\/wp-content\/uploads\/2023\/06\/cropped-Black-White-Elegant-Circle-Signature-Fashion-Logo-12_large.png","contentUrl":"http:\/\/ruuby.ee\/wp-content\/uploads\/2023\/06\/cropped-Black-White-Elegant-Circle-Signature-Fashion-Logo-12_large.png","width":1280,"height":747,"caption":"Ruuby Disain O\u00dc"},"image":{"@id":"http:\/\/ruuby.ee\/#\/schema\/logo\/image\/"},"sameAs":["https:\/\/www.facebook.com\/ruubyconcept","https:\/\/www.instagram.com\/ruuby_concept\/"]}]}},"jetpack_sharing_enabled":true,"_links":{"self":[{"href":"http:\/\/ruuby.ee\/en\/wp-json\/wp\/v2\/product\/1836720","targetHints":{"allow":["GET"]}}],"collection":[{"href":"http:\/\/ruuby.ee\/en\/wp-json\/wp\/v2\/product"}],"about":[{"href":"http:\/\/ruuby.ee\/en\/wp-json\/wp\/v2\/types\/product"}],"replies":[{"embeddable":true,"href":"http:\/\/ruuby.ee\/en\/wp-json\/wp\/v2\/comments?post=1836720"}],"wp:featuredmedia":[{"embeddable":true,"href":"http:\/\/ruuby.ee\/en\/wp-json\/wp\/v2\/media\/1850339"}],"wp:attachment":[{"href":"http:\/\/ruuby.ee\/en\/wp-json\/wp\/v2\/media?parent=1836720"}],"wp:term":[{"taxonomy":"product_brand","embeddable":true,"href":"http:\/\/ruuby.ee\/en\/wp-json\/wp\/v2\/product_brand?post=1836720"},{"taxonomy":"product_cat","embeddable":true,"href":"http:\/\/ruuby.ee\/en\/wp-json\/wp\/v2\/product_cat?post=1836720"},{"taxonomy":"product_tag","embeddable":true,"href":"http:\/\/ruuby.ee\/en\/wp-json\/wp\/v2\/product_tag?post=1836720"}],"curies":[{"name":"wp","href":"https:\/\/api.w.org\/{rel}","templated":true}]}}