{"id":1836614,"date":"2023-07-08T20:23:13","date_gmt":"2023-07-08T17:23:13","guid":{"rendered":"http:\/\/ruuby.ee\/?post_type=product&#038;p=1836614"},"modified":"2026-04-04T01:25:03","modified_gmt":"2026-04-03T22:25:03","slug":"suur-beebitarvete-kott-espresso","status":"publish","type":"product","link":"http:\/\/ruuby.ee\/en\/pood\/lapsed\/beebikaubad\/beebitarvete-kotid\/suur-beebitarvete-kott-espresso\/","title":{"rendered":"\u00c4lly &#8211; Suur beebitarvete kott Espresso"},"content":{"rendered":"<p>M\u00e4hkmekott seljakotina muudab su seiklused lastega lihtsamaks ja stiilsemaks. Igal asjal on oma koht ja k\u00e4ed on vabad kallistamiseks, mitte ei pea kotti hoidma! K\u00f5ik on alati kaasas ja kiiresti leitav.<\/p>\n<ul>\n<li>Disainitud ja arendatud Eestis<\/li>\n<li>Kvaliteetne pehme PU-vegannahk ja YKK lukud<\/li>\n<li>V\u00e4ga kerge \u2013 koos m\u00e4hkimisalusega kaalub ainult 1 kg<\/li>\n<li>Vastupidav ja lihtne hooldada<\/li>\n<li>Sobib paljude lennufirmade k\u00e4sipagasiks<\/li>\n<li>V\u00e4ga mahukas \u2013 lausa 16 erinevat taskut<\/li>\n<li>Pehmendusega tasku s\u00fcle- v\u00f5i tahvelarvutile<\/li>\n<li>Lihtne ligip\u00e4\u00e4s \u2013 t\u00e4ies ulatuses avanev esik\u00fclg<\/li>\n<li>P\u00f5hja all olevad jalakesed ehk metallnupsud aitavad kaitsta kotti m\u00e4\u00e4rdumise eest<\/li>\n<li>Kaasas on rihmad, millega saab koti riputada vankri k\u00e4epideme k\u00fclge<\/li>\n<li>Kaasas veekindel ja v\u00e4ga pehme m\u00e4hkimisalus<\/li>\n<\/ul>\n<p>46 \u00d7 26 \u00d7 16 cm<br \/>\nKoos m\u00e4hkimisalusega kaalub ainult 1 kg. <b>Sobib paljude lennufirmade k\u00e4sipagasiks!\u2003<\/b><\/p>\n<p>Mustuse eemaldamiseks on vaja kotti p\u00fchkida \u00fcksnes niiske pehme mikrokiudlapiga. H\u00e4sti sobivad ka lastele m\u00f5eldud niisked salvr\u00e4tikud. Tugevama mustuse korral v\u00f5ib kasutada ka \u00f5rnatoimelise seebivee lahust. Ei sobi pesumasinas pesemiseks ega leotamiseks. Lase kuivada naturaalse toa\u00f5hu k\u00e4es ja aseta kott varjulisse kohta, kuhu p\u00e4ike otse peale ei paista.<\/p>","protected":false},"excerpt":{"rendered":"<p>M\u00e4hkmekott seljakotina muudab su seiklused lastega lihtsamaks ja stiilsemaks. Igal asjal on oma koht ja k\u00e4ed on vabad kallistamiseks, mitte ei pea kotti hoidma! K\u00f5ik on alati kaasas ja kiiresti leitav. Disainitud ja arendatud Eestis Kvaliteetne pehme PU-vegannahk ja YKK lukud V\u00e4ga kerge \u2013 koos m\u00e4hkimisalusega kaalub ainult 1 kg Vastupidav ja lihtne hooldada Sobib [&hellip;]<\/p>\n","protected":false},"featured_media":1836615,"comment_status":"open","ping_status":"closed","template":"","meta":[],"product_brand":[],"product_cat":[262,684,33,675],"product_tag":[],"class_list":{"0":"post-1836614","1":"product","2":"type-product","3":"status-publish","4":"has-post-thumbnail","6":"product_cat-beebikaubad","7":"product_cat-beebitarvete-kotid","8":"product_cat-kotid","9":"product_cat-seljakott","11":"first","12":"instock","13":"taxable","14":"shipping-taxable","15":"purchasable","16":"product-type-simple"},"yoast_head":"<!-- This site is optimized with the Yoast SEO plugin v27.2 - https:\/\/yoast.com\/product\/yoast-seo-wordpress\/ -->\n<title>\u00c4lly - Suur beebitarvete kott Espresso - RUUBY<\/title>\n<meta name=\"robots\" content=\"index, follow, max-snippet:-1, max-image-preview:large, max-video-preview:-1\" \/>\n<link rel=\"canonical\" href=\"https:\/\/ruuby.ee\/en\/pood\/lapsed\/beebikaubad\/beebitarvete-kotid\/suur-beebitarvete-kott-espresso\/\" \/>\n<meta property=\"og:locale\" content=\"en_GB\" \/>\n<meta property=\"og:type\" content=\"article\" \/>\n<meta property=\"og:title\" content=\"\u00c4lly - Suur beebitarvete kott Espresso - RUUBY\" \/>\n<meta property=\"og:description\" content=\"M\u00e4hkmekott seljakotina muudab su seiklused lastega lihtsamaks ja stiilsemaks. Igal asjal on oma koht ja k\u00e4ed on vabad kallistamiseks, mitte ei pea kotti hoidma! K\u00f5ik on alati kaasas ja kiiresti leitav. Disainitud ja arendatud Eestis Kvaliteetne pehme PU-vegannahk ja YKK lukud V\u00e4ga kerge \u2013 koos m\u00e4hkimisalusega kaalub ainult 1 kg Vastupidav ja lihtne hooldada Sobib [&hellip;]\" \/>\n<meta property=\"og:url\" content=\"https:\/\/ruuby.ee\/en\/pood\/lapsed\/beebikaubad\/beebitarvete-kotid\/suur-beebitarvete-kott-espresso\/\" \/>\n<meta property=\"og:site_name\" content=\"RUUBY\" \/>\n<meta property=\"article:publisher\" content=\"https:\/\/www.facebook.com\/ruubyconcept\" \/>\n<meta property=\"article:modified_time\" content=\"2026-04-03T22:25:03+00:00\" \/>\n<meta property=\"og:image\" content=\"https:\/\/ruuby.ee\/wp-content\/uploads\/2023\/07\/Screenshot-2023-07-08-at-20.20.48.png\" \/>\n\t<meta property=\"og:image:width\" content=\"1264\" \/>\n\t<meta property=\"og:image:height\" content=\"1268\" \/>\n\t<meta property=\"og:image:type\" content=\"image\/png\" \/>\n<meta name=\"twitter:card\" content=\"summary_large_image\" \/>\n<meta name=\"twitter:label1\" content=\"Estimated reading time\" \/>\n\t<meta name=\"twitter:data1\" content=\"2 minutes\" \/>\n<script type=\"application\/ld+json\" class=\"yoast-schema-graph\">{\"@context\":\"https:\/\/schema.org\",\"@graph\":[{\"@type\":[\"WebPage\",\"ItemPage\"],\"@id\":\"https:\/\/ruuby.ee\/pood\/lapsed\/beebikaubad\/beebitarvete-kotid\/suur-beebitarvete-kott-espresso\/\",\"url\":\"https:\/\/ruuby.ee\/pood\/lapsed\/beebikaubad\/beebitarvete-kotid\/suur-beebitarvete-kott-espresso\/\",\"name\":\"\u00c4lly - Suur beebitarvete kott Espresso - RUUBY\",\"isPartOf\":{\"@id\":\"https:\/\/ruuby.ee\/en\/#website\"},\"primaryImageOfPage\":{\"@id\":\"https:\/\/ruuby.ee\/pood\/lapsed\/beebikaubad\/beebitarvete-kotid\/suur-beebitarvete-kott-espresso\/#primaryimage\"},\"image\":{\"@id\":\"https:\/\/ruuby.ee\/pood\/lapsed\/beebikaubad\/beebitarvete-kotid\/suur-beebitarvete-kott-espresso\/#primaryimage\"},\"thumbnailUrl\":\"http:\/\/ruuby.ee\/wp-content\/uploads\/2023\/07\/Screenshot-2023-07-08-at-20.20.48.png\",\"datePublished\":\"2023-07-08T17:23:13+00:00\",\"dateModified\":\"2026-04-03T22:25:03+00:00\",\"breadcrumb\":{\"@id\":\"https:\/\/ruuby.ee\/pood\/lapsed\/beebikaubad\/beebitarvete-kotid\/suur-beebitarvete-kott-espresso\/#breadcrumb\"},\"inLanguage\":\"en-GB\",\"potentialAction\":[{\"@type\":\"ReadAction\",\"target\":[\"https:\/\/ruuby.ee\/pood\/lapsed\/beebikaubad\/beebitarvete-kotid\/suur-beebitarvete-kott-espresso\/\"]}]},{\"@type\":\"ImageObject\",\"inLanguage\":\"en-GB\",\"@id\":\"https:\/\/ruuby.ee\/pood\/lapsed\/beebikaubad\/beebitarvete-kotid\/suur-beebitarvete-kott-espresso\/#primaryimage\",\"url\":\"http:\/\/ruuby.ee\/wp-content\/uploads\/2023\/07\/Screenshot-2023-07-08-at-20.20.48.png\",\"contentUrl\":\"http:\/\/ruuby.ee\/wp-content\/uploads\/2023\/07\/Screenshot-2023-07-08-at-20.20.48.png\",\"width\":1264,\"height\":1268},{\"@type\":\"BreadcrumbList\",\"@id\":\"https:\/\/ruuby.ee\/pood\/lapsed\/beebikaubad\/beebitarvete-kotid\/suur-beebitarvete-kott-espresso\/#breadcrumb\",\"itemListElement\":[{\"@type\":\"ListItem\",\"position\":1,\"name\":\"Kdu\",\"item\":\"https:\/\/ruuby.ee\/en\/\"},{\"@type\":\"ListItem\",\"position\":2,\"name\":\"Pood\",\"item\":\"https:\/\/ruuby.ee\/pood\/\"},{\"@type\":\"ListItem\",\"position\":3,\"name\":\"\u00c4lly &#8211; Suur beebitarvete kott Espresso\"}]},{\"@type\":\"WebSite\",\"@id\":\"https:\/\/ruuby.ee\/en\/#website\",\"url\":\"https:\/\/ruuby.ee\/en\/\",\"name\":\"RUUBY\",\"description\":\"Ruubys on \u00fchendatud elustiil ja disain\",\"publisher\":{\"@id\":\"https:\/\/ruuby.ee\/en\/#organization\"},\"alternateName\":\"Ruuby Disain\",\"potentialAction\":[{\"@type\":\"SearchAction\",\"target\":{\"@type\":\"EntryPoint\",\"urlTemplate\":\"https:\/\/ruuby.ee\/en\/?s={search_term_string}\"},\"query-input\":{\"@type\":\"PropertyValueSpecification\",\"valueRequired\":true,\"valueName\":\"search_term_string\"}}],\"inLanguage\":\"en-GB\"},{\"@type\":\"Organization\",\"@id\":\"https:\/\/ruuby.ee\/en\/#organization\",\"name\":\"Ruuby Disain O\u00dc\",\"alternateName\":\"Ruuby\",\"url\":\"https:\/\/ruuby.ee\/en\/\",\"logo\":{\"@type\":\"ImageObject\",\"inLanguage\":\"en-GB\",\"@id\":\"https:\/\/ruuby.ee\/en\/#\/schema\/logo\/image\/\",\"url\":\"http:\/\/ruuby.ee\/wp-content\/uploads\/2023\/06\/cropped-Black-White-Elegant-Circle-Signature-Fashion-Logo-12_large.png\",\"contentUrl\":\"http:\/\/ruuby.ee\/wp-content\/uploads\/2023\/06\/cropped-Black-White-Elegant-Circle-Signature-Fashion-Logo-12_large.png\",\"width\":1280,\"height\":747,\"caption\":\"Ruuby Disain O\u00dc\"},\"image\":{\"@id\":\"https:\/\/ruuby.ee\/en\/#\/schema\/logo\/image\/\"},\"sameAs\":[\"https:\/\/www.facebook.com\/ruubyconcept\",\"https:\/\/www.instagram.com\/ruuby_concept\/\"]}]}<\/script>\n<!-- \/ Yoast SEO plugin. -->","yoast_head_json":{"title":"\u00c4lly - Suur beebitarvete kott Espresso - RUUBY","robots":{"index":"index","follow":"follow","max-snippet":"max-snippet:-1","max-image-preview":"max-image-preview:large","max-video-preview":"max-video-preview:-1"},"canonical":"https:\/\/ruuby.ee\/en\/pood\/lapsed\/beebikaubad\/beebitarvete-kotid\/suur-beebitarvete-kott-espresso\/","og_locale":"en_GB","og_type":"article","og_title":"\u00c4lly - Suur beebitarvete kott Espresso - RUUBY","og_description":"M\u00e4hkmekott seljakotina muudab su seiklused lastega lihtsamaks ja stiilsemaks. Igal asjal on oma koht ja k\u00e4ed on vabad kallistamiseks, mitte ei pea kotti hoidma! K\u00f5ik on alati kaasas ja kiiresti leitav. Disainitud ja arendatud Eestis Kvaliteetne pehme PU-vegannahk ja YKK lukud V\u00e4ga kerge \u2013 koos m\u00e4hkimisalusega kaalub ainult 1 kg Vastupidav ja lihtne hooldada Sobib [&hellip;]","og_url":"https:\/\/ruuby.ee\/en\/pood\/lapsed\/beebikaubad\/beebitarvete-kotid\/suur-beebitarvete-kott-espresso\/","og_site_name":"RUUBY","article_publisher":"https:\/\/www.facebook.com\/ruubyconcept","article_modified_time":"2026-04-03T22:25:03+00:00","og_image":[{"width":1264,"height":1268,"url":"https:\/\/ruuby.ee\/wp-content\/uploads\/2023\/07\/Screenshot-2023-07-08-at-20.20.48.png","type":"image\/png"}],"twitter_card":"summary_large_image","twitter_misc":{"Estimated reading time":"2 minutes"},"schema":{"@context":"https:\/\/schema.org","@graph":[{"@type":["WebPage","ItemPage"],"@id":"https:\/\/ruuby.ee\/pood\/lapsed\/beebikaubad\/beebitarvete-kotid\/suur-beebitarvete-kott-espresso\/","url":"https:\/\/ruuby.ee\/pood\/lapsed\/beebikaubad\/beebitarvete-kotid\/suur-beebitarvete-kott-espresso\/","name":"\u00c4lly - Suur beebitarvete kott Espresso - RUUBY","isPartOf":{"@id":"https:\/\/ruuby.ee\/en\/#website"},"primaryImageOfPage":{"@id":"https:\/\/ruuby.ee\/pood\/lapsed\/beebikaubad\/beebitarvete-kotid\/suur-beebitarvete-kott-espresso\/#primaryimage"},"image":{"@id":"https:\/\/ruuby.ee\/pood\/lapsed\/beebikaubad\/beebitarvete-kotid\/suur-beebitarvete-kott-espresso\/#primaryimage"},"thumbnailUrl":"http:\/\/ruuby.ee\/wp-content\/uploads\/2023\/07\/Screenshot-2023-07-08-at-20.20.48.png","datePublished":"2023-07-08T17:23:13+00:00","dateModified":"2026-04-03T22:25:03+00:00","breadcrumb":{"@id":"https:\/\/ruuby.ee\/pood\/lapsed\/beebikaubad\/beebitarvete-kotid\/suur-beebitarvete-kott-espresso\/#breadcrumb"},"inLanguage":"en-GB","potentialAction":[{"@type":"ReadAction","target":["https:\/\/ruuby.ee\/pood\/lapsed\/beebikaubad\/beebitarvete-kotid\/suur-beebitarvete-kott-espresso\/"]}]},{"@type":"ImageObject","inLanguage":"en-GB","@id":"https:\/\/ruuby.ee\/pood\/lapsed\/beebikaubad\/beebitarvete-kotid\/suur-beebitarvete-kott-espresso\/#primaryimage","url":"http:\/\/ruuby.ee\/wp-content\/uploads\/2023\/07\/Screenshot-2023-07-08-at-20.20.48.png","contentUrl":"http:\/\/ruuby.ee\/wp-content\/uploads\/2023\/07\/Screenshot-2023-07-08-at-20.20.48.png","width":1264,"height":1268},{"@type":"BreadcrumbList","@id":"https:\/\/ruuby.ee\/pood\/lapsed\/beebikaubad\/beebitarvete-kotid\/suur-beebitarvete-kott-espresso\/#breadcrumb","itemListElement":[{"@type":"ListItem","position":1,"name":"Kdu","item":"https:\/\/ruuby.ee\/en\/"},{"@type":"ListItem","position":2,"name":"Pood","item":"https:\/\/ruuby.ee\/pood\/"},{"@type":"ListItem","position":3,"name":"\u00c4lly &#8211; Suur beebitarvete kott Espresso"}]},{"@type":"WebSite","@id":"https:\/\/ruuby.ee\/en\/#website","url":"https:\/\/ruuby.ee\/en\/","name":"RUUBY","description":"Ruubys on \u00fchendatud elustiil ja disain","publisher":{"@id":"https:\/\/ruuby.ee\/en\/#organization"},"alternateName":"Ruuby Disain","potentialAction":[{"@type":"SearchAction","target":{"@type":"EntryPoint","urlTemplate":"https:\/\/ruuby.ee\/en\/?s={search_term_string}"},"query-input":{"@type":"PropertyValueSpecification","valueRequired":true,"valueName":"search_term_string"}}],"inLanguage":"en-GB"},{"@type":"Organization","@id":"https:\/\/ruuby.ee\/en\/#organization","name":"Ruuby Disain O\u00dc","alternateName":"Ruuby","url":"https:\/\/ruuby.ee\/en\/","logo":{"@type":"ImageObject","inLanguage":"en-GB","@id":"https:\/\/ruuby.ee\/en\/#\/schema\/logo\/image\/","url":"http:\/\/ruuby.ee\/wp-content\/uploads\/2023\/06\/cropped-Black-White-Elegant-Circle-Signature-Fashion-Logo-12_large.png","contentUrl":"http:\/\/ruuby.ee\/wp-content\/uploads\/2023\/06\/cropped-Black-White-Elegant-Circle-Signature-Fashion-Logo-12_large.png","width":1280,"height":747,"caption":"Ruuby Disain O\u00dc"},"image":{"@id":"https:\/\/ruuby.ee\/en\/#\/schema\/logo\/image\/"},"sameAs":["https:\/\/www.facebook.com\/ruubyconcept","https:\/\/www.instagram.com\/ruuby_concept\/"]}]}},"jetpack_sharing_enabled":true,"_links":{"self":[{"href":"http:\/\/ruuby.ee\/en\/wp-json\/wp\/v2\/product\/1836614","targetHints":{"allow":["GET"]}}],"collection":[{"href":"http:\/\/ruuby.ee\/en\/wp-json\/wp\/v2\/product"}],"about":[{"href":"http:\/\/ruuby.ee\/en\/wp-json\/wp\/v2\/types\/product"}],"replies":[{"embeddable":true,"href":"http:\/\/ruuby.ee\/en\/wp-json\/wp\/v2\/comments?post=1836614"}],"wp:featuredmedia":[{"embeddable":true,"href":"http:\/\/ruuby.ee\/en\/wp-json\/wp\/v2\/media\/1836615"}],"wp:attachment":[{"href":"http:\/\/ruuby.ee\/en\/wp-json\/wp\/v2\/media?parent=1836614"}],"wp:term":[{"taxonomy":"product_brand","embeddable":true,"href":"http:\/\/ruuby.ee\/en\/wp-json\/wp\/v2\/product_brand?post=1836614"},{"taxonomy":"product_cat","embeddable":true,"href":"http:\/\/ruuby.ee\/en\/wp-json\/wp\/v2\/product_cat?post=1836614"},{"taxonomy":"product_tag","embeddable":true,"href":"http:\/\/ruuby.ee\/en\/wp-json\/wp\/v2\/product_tag?post=1836614"}],"curies":[{"name":"wp","href":"https:\/\/api.w.org\/{rel}","templated":true}]}}