{"id":1836547,"date":"2023-07-07T17:41:18","date_gmt":"2023-07-07T14:41:18","guid":{"rendered":"http:\/\/ruuby.ee\/?post_type=product&#038;p=1836547"},"modified":"2026-04-08T01:28:42","modified_gmt":"2026-04-07T22:28:42","slug":"omy-klitter-vildikad","status":"publish","type":"product","link":"http:\/\/ruuby.ee\/en\/pood\/lapsed\/meisterdamine\/joonistusvahendid\/omy-klitter-vildikad\/","title":{"rendered":"OMY &#8211; Glitter vildikad"},"content":{"rendered":"<p>Glitter markerid, et muuta teie v\u00e4rvimine s\u00e4ravaks!<\/p>\n<p>Kattev\u00e4rvid toovad joonistustele leevendust ja muudavad need s\u00e4ravaks t\u00e4nu tindi sisse integreeritud litritele.<br \/>\nNeid markereid saab kasutada heledal ja tumedal paberil ning k\u00f5igil muudel pindadel.<\/p>\n<p>Valikus 9 kustutamatut markerit, mis tuleb kruntida.<br \/>\nPraktiline, karbist saab kodus pliiatsitops!<\/p>\n<p>Sisu: 1 karbis 9 glitter markerit<br \/>\nM\u00f5eldud huumoriga meie Pariisi stuudios<\/p>","protected":false},"excerpt":{"rendered":"<p>Glitter markerid, et muuta teie v\u00e4rvimine s\u00e4ravaks! Kattev\u00e4rvid toovad joonistustele leevendust ja muudavad need s\u00e4ravaks t\u00e4nu tindi sisse integreeritud litritele. Neid markereid saab kasutada heledal ja tumedal paberil ning k\u00f5igil muudel pindadel. Valikus 9 kustutamatut markerit, mis tuleb kruntida. Praktiline, karbist saab kodus pliiatsitops! Sisu: 1 karbis 9 glitter markerit M\u00f5eldud huumoriga meie Pariisi stuudios<\/p>","protected":false},"featured_media":1836548,"comment_status":"open","ping_status":"closed","template":"","meta":[],"product_brand":[],"product_cat":[661,67],"product_tag":[],"class_list":{"0":"post-1836547","1":"product","2":"type-product","3":"status-publish","4":"has-post-thumbnail","6":"product_cat-joonistusvahendid","7":"product_cat-meisterdamine","9":"first","10":"outofstock","11":"taxable","12":"shipping-taxable","13":"purchasable","14":"product-type-simple"},"yoast_head":"<!-- This site is optimized with the Yoast SEO plugin v27.3 - https:\/\/yoast.com\/product\/yoast-seo-wordpress\/ -->\n<title>OMY - Glitter vildikad - RUUBY<\/title>\n<meta name=\"robots\" content=\"index, follow, max-snippet:-1, max-image-preview:large, max-video-preview:-1\" \/>\n<link rel=\"canonical\" href=\"http:\/\/ruuby.ee\/en\/pood\/lapsed\/meisterdamine\/joonistusvahendid\/omy-klitter-vildikad\/\" \/>\n<meta property=\"og:locale\" content=\"en_GB\" \/>\n<meta property=\"og:type\" content=\"article\" \/>\n<meta property=\"og:title\" content=\"OMY - Glitter vildikad - RUUBY\" \/>\n<meta property=\"og:description\" content=\"Glitter markerid, et muuta teie v\u00e4rvimine s\u00e4ravaks! Kattev\u00e4rvid toovad joonistustele leevendust ja muudavad need s\u00e4ravaks t\u00e4nu tindi sisse integreeritud litritele. Neid markereid saab kasutada heledal ja tumedal paberil ning k\u00f5igil muudel pindadel. Valikus 9 kustutamatut markerit, mis tuleb kruntida. Praktiline, karbist saab kodus pliiatsitops! Sisu: 1 karbis 9 glitter markerit M\u00f5eldud huumoriga meie Pariisi stuudios\" \/>\n<meta property=\"og:url\" content=\"http:\/\/ruuby.ee\/en\/pood\/lapsed\/meisterdamine\/joonistusvahendid\/omy-klitter-vildikad\/\" \/>\n<meta property=\"og:site_name\" content=\"RUUBY\" \/>\n<meta property=\"article:publisher\" content=\"https:\/\/www.facebook.com\/ruubyconcept\" \/>\n<meta property=\"article:modified_time\" content=\"2026-04-07T22:28:42+00:00\" \/>\n<meta property=\"og:image\" content=\"http:\/\/ruuby.ee\/wp-content\/uploads\/2023\/07\/Screenshot-2023-07-07-at-17.40.04.png\" \/>\n\t<meta property=\"og:image:width\" content=\"1174\" \/>\n\t<meta property=\"og:image:height\" content=\"1176\" \/>\n\t<meta property=\"og:image:type\" content=\"image\/png\" \/>\n<meta name=\"twitter:card\" content=\"summary_large_image\" \/>\n<meta name=\"twitter:label1\" content=\"Estimated reading time\" \/>\n\t<meta name=\"twitter:data1\" content=\"1 minute\" \/>\n<script type=\"application\/ld+json\" class=\"yoast-schema-graph\">{\"@context\":\"https:\\\/\\\/schema.org\",\"@graph\":[{\"@type\":[\"WebPage\",\"ItemPage\"],\"@id\":\"http:\\\/\\\/ruuby.ee\\\/pood\\\/lapsed\\\/meisterdamine\\\/joonistusvahendid\\\/omy-klitter-vildikad\\\/\",\"url\":\"http:\\\/\\\/ruuby.ee\\\/pood\\\/lapsed\\\/meisterdamine\\\/joonistusvahendid\\\/omy-klitter-vildikad\\\/\",\"name\":\"OMY - Glitter vildikad - RUUBY\",\"isPartOf\":{\"@id\":\"https:\\\/\\\/ruuby.ee\\\/en\\\/#website\"},\"primaryImageOfPage\":{\"@id\":\"http:\\\/\\\/ruuby.ee\\\/pood\\\/lapsed\\\/meisterdamine\\\/joonistusvahendid\\\/omy-klitter-vildikad\\\/#primaryimage\"},\"image\":{\"@id\":\"http:\\\/\\\/ruuby.ee\\\/pood\\\/lapsed\\\/meisterdamine\\\/joonistusvahendid\\\/omy-klitter-vildikad\\\/#primaryimage\"},\"thumbnailUrl\":\"http:\\\/\\\/ruuby.ee\\\/wp-content\\\/uploads\\\/2023\\\/07\\\/Screenshot-2023-07-07-at-17.40.04.png\",\"datePublished\":\"2023-07-07T14:41:18+00:00\",\"dateModified\":\"2026-04-07T22:28:42+00:00\",\"breadcrumb\":{\"@id\":\"http:\\\/\\\/ruuby.ee\\\/pood\\\/lapsed\\\/meisterdamine\\\/joonistusvahendid\\\/omy-klitter-vildikad\\\/#breadcrumb\"},\"inLanguage\":\"en-GB\",\"potentialAction\":[{\"@type\":\"ReadAction\",\"target\":[\"http:\\\/\\\/ruuby.ee\\\/pood\\\/lapsed\\\/meisterdamine\\\/joonistusvahendid\\\/omy-klitter-vildikad\\\/\"]}]},{\"@type\":\"ImageObject\",\"inLanguage\":\"en-GB\",\"@id\":\"http:\\\/\\\/ruuby.ee\\\/pood\\\/lapsed\\\/meisterdamine\\\/joonistusvahendid\\\/omy-klitter-vildikad\\\/#primaryimage\",\"url\":\"http:\\\/\\\/ruuby.ee\\\/wp-content\\\/uploads\\\/2023\\\/07\\\/Screenshot-2023-07-07-at-17.40.04.png\",\"contentUrl\":\"http:\\\/\\\/ruuby.ee\\\/wp-content\\\/uploads\\\/2023\\\/07\\\/Screenshot-2023-07-07-at-17.40.04.png\",\"width\":1174,\"height\":1176},{\"@type\":\"BreadcrumbList\",\"@id\":\"http:\\\/\\\/ruuby.ee\\\/pood\\\/lapsed\\\/meisterdamine\\\/joonistusvahendid\\\/omy-klitter-vildikad\\\/#breadcrumb\",\"itemListElement\":[{\"@type\":\"ListItem\",\"position\":1,\"name\":\"Kdu\",\"item\":\"https:\\\/\\\/ruuby.ee\\\/en\\\/\"},{\"@type\":\"ListItem\",\"position\":2,\"name\":\"Pood\",\"item\":\"https:\\\/\\\/ruuby.ee\\\/en\\\/pood\\\/\"},{\"@type\":\"ListItem\",\"position\":3,\"name\":\"OMY &#8211; Glitter vildikad\"}]},{\"@type\":\"WebSite\",\"@id\":\"https:\\\/\\\/ruuby.ee\\\/en\\\/#website\",\"url\":\"https:\\\/\\\/ruuby.ee\\\/en\\\/\",\"name\":\"RUUBY\",\"description\":\"Ruubys on \u00fchendatud elustiil ja disain\",\"publisher\":{\"@id\":\"https:\\\/\\\/ruuby.ee\\\/en\\\/#organization\"},\"alternateName\":\"Ruuby Disain\",\"potentialAction\":[{\"@type\":\"SearchAction\",\"target\":{\"@type\":\"EntryPoint\",\"urlTemplate\":\"https:\\\/\\\/ruuby.ee\\\/en\\\/?s={search_term_string}\"},\"query-input\":{\"@type\":\"PropertyValueSpecification\",\"valueRequired\":true,\"valueName\":\"search_term_string\"}}],\"inLanguage\":\"en-GB\"},{\"@type\":\"Organization\",\"@id\":\"https:\\\/\\\/ruuby.ee\\\/en\\\/#organization\",\"name\":\"Ruuby Disain O\u00dc\",\"alternateName\":\"Ruuby\",\"url\":\"https:\\\/\\\/ruuby.ee\\\/en\\\/\",\"logo\":{\"@type\":\"ImageObject\",\"inLanguage\":\"en-GB\",\"@id\":\"https:\\\/\\\/ruuby.ee\\\/en\\\/#\\\/schema\\\/logo\\\/image\\\/\",\"url\":\"http:\\\/\\\/ruuby.ee\\\/wp-content\\\/uploads\\\/2023\\\/06\\\/cropped-Black-White-Elegant-Circle-Signature-Fashion-Logo-12_large.png\",\"contentUrl\":\"http:\\\/\\\/ruuby.ee\\\/wp-content\\\/uploads\\\/2023\\\/06\\\/cropped-Black-White-Elegant-Circle-Signature-Fashion-Logo-12_large.png\",\"width\":1280,\"height\":747,\"caption\":\"Ruuby Disain O\u00dc\"},\"image\":{\"@id\":\"https:\\\/\\\/ruuby.ee\\\/en\\\/#\\\/schema\\\/logo\\\/image\\\/\"},\"sameAs\":[\"https:\\\/\\\/www.facebook.com\\\/ruubyconcept\",\"https:\\\/\\\/www.instagram.com\\\/ruuby_concept\\\/\"]}]}<\/script>\n<!-- \/ Yoast SEO plugin. -->","yoast_head_json":{"title":"OMY - Glitter vildikad - RUUBY","robots":{"index":"index","follow":"follow","max-snippet":"max-snippet:-1","max-image-preview":"max-image-preview:large","max-video-preview":"max-video-preview:-1"},"canonical":"http:\/\/ruuby.ee\/en\/pood\/lapsed\/meisterdamine\/joonistusvahendid\/omy-klitter-vildikad\/","og_locale":"en_GB","og_type":"article","og_title":"OMY - Glitter vildikad - RUUBY","og_description":"Glitter markerid, et muuta teie v\u00e4rvimine s\u00e4ravaks! Kattev\u00e4rvid toovad joonistustele leevendust ja muudavad need s\u00e4ravaks t\u00e4nu tindi sisse integreeritud litritele. Neid markereid saab kasutada heledal ja tumedal paberil ning k\u00f5igil muudel pindadel. Valikus 9 kustutamatut markerit, mis tuleb kruntida. Praktiline, karbist saab kodus pliiatsitops! Sisu: 1 karbis 9 glitter markerit M\u00f5eldud huumoriga meie Pariisi stuudios","og_url":"http:\/\/ruuby.ee\/en\/pood\/lapsed\/meisterdamine\/joonistusvahendid\/omy-klitter-vildikad\/","og_site_name":"RUUBY","article_publisher":"https:\/\/www.facebook.com\/ruubyconcept","article_modified_time":"2026-04-07T22:28:42+00:00","og_image":[{"width":1174,"height":1176,"url":"http:\/\/ruuby.ee\/wp-content\/uploads\/2023\/07\/Screenshot-2023-07-07-at-17.40.04.png","type":"image\/png"}],"twitter_card":"summary_large_image","twitter_misc":{"Estimated reading time":"1 minute"},"schema":{"@context":"https:\/\/schema.org","@graph":[{"@type":["WebPage","ItemPage"],"@id":"http:\/\/ruuby.ee\/pood\/lapsed\/meisterdamine\/joonistusvahendid\/omy-klitter-vildikad\/","url":"http:\/\/ruuby.ee\/pood\/lapsed\/meisterdamine\/joonistusvahendid\/omy-klitter-vildikad\/","name":"OMY - Glitter vildikad - RUUBY","isPartOf":{"@id":"https:\/\/ruuby.ee\/en\/#website"},"primaryImageOfPage":{"@id":"http:\/\/ruuby.ee\/pood\/lapsed\/meisterdamine\/joonistusvahendid\/omy-klitter-vildikad\/#primaryimage"},"image":{"@id":"http:\/\/ruuby.ee\/pood\/lapsed\/meisterdamine\/joonistusvahendid\/omy-klitter-vildikad\/#primaryimage"},"thumbnailUrl":"http:\/\/ruuby.ee\/wp-content\/uploads\/2023\/07\/Screenshot-2023-07-07-at-17.40.04.png","datePublished":"2023-07-07T14:41:18+00:00","dateModified":"2026-04-07T22:28:42+00:00","breadcrumb":{"@id":"http:\/\/ruuby.ee\/pood\/lapsed\/meisterdamine\/joonistusvahendid\/omy-klitter-vildikad\/#breadcrumb"},"inLanguage":"en-GB","potentialAction":[{"@type":"ReadAction","target":["http:\/\/ruuby.ee\/pood\/lapsed\/meisterdamine\/joonistusvahendid\/omy-klitter-vildikad\/"]}]},{"@type":"ImageObject","inLanguage":"en-GB","@id":"http:\/\/ruuby.ee\/pood\/lapsed\/meisterdamine\/joonistusvahendid\/omy-klitter-vildikad\/#primaryimage","url":"http:\/\/ruuby.ee\/wp-content\/uploads\/2023\/07\/Screenshot-2023-07-07-at-17.40.04.png","contentUrl":"http:\/\/ruuby.ee\/wp-content\/uploads\/2023\/07\/Screenshot-2023-07-07-at-17.40.04.png","width":1174,"height":1176},{"@type":"BreadcrumbList","@id":"http:\/\/ruuby.ee\/pood\/lapsed\/meisterdamine\/joonistusvahendid\/omy-klitter-vildikad\/#breadcrumb","itemListElement":[{"@type":"ListItem","position":1,"name":"Kdu","item":"https:\/\/ruuby.ee\/en\/"},{"@type":"ListItem","position":2,"name":"Pood","item":"https:\/\/ruuby.ee\/en\/pood\/"},{"@type":"ListItem","position":3,"name":"OMY &#8211; Glitter vildikad"}]},{"@type":"WebSite","@id":"https:\/\/ruuby.ee\/en\/#website","url":"https:\/\/ruuby.ee\/en\/","name":"RUUBY","description":"Ruubys on \u00fchendatud elustiil ja disain","publisher":{"@id":"https:\/\/ruuby.ee\/en\/#organization"},"alternateName":"Ruuby Disain","potentialAction":[{"@type":"SearchAction","target":{"@type":"EntryPoint","urlTemplate":"https:\/\/ruuby.ee\/en\/?s={search_term_string}"},"query-input":{"@type":"PropertyValueSpecification","valueRequired":true,"valueName":"search_term_string"}}],"inLanguage":"en-GB"},{"@type":"Organization","@id":"https:\/\/ruuby.ee\/en\/#organization","name":"Ruuby Disain O\u00dc","alternateName":"Ruuby","url":"https:\/\/ruuby.ee\/en\/","logo":{"@type":"ImageObject","inLanguage":"en-GB","@id":"https:\/\/ruuby.ee\/en\/#\/schema\/logo\/image\/","url":"http:\/\/ruuby.ee\/wp-content\/uploads\/2023\/06\/cropped-Black-White-Elegant-Circle-Signature-Fashion-Logo-12_large.png","contentUrl":"http:\/\/ruuby.ee\/wp-content\/uploads\/2023\/06\/cropped-Black-White-Elegant-Circle-Signature-Fashion-Logo-12_large.png","width":1280,"height":747,"caption":"Ruuby Disain O\u00dc"},"image":{"@id":"https:\/\/ruuby.ee\/en\/#\/schema\/logo\/image\/"},"sameAs":["https:\/\/www.facebook.com\/ruubyconcept","https:\/\/www.instagram.com\/ruuby_concept\/"]}]}},"jetpack_sharing_enabled":true,"_links":{"self":[{"href":"http:\/\/ruuby.ee\/en\/wp-json\/wp\/v2\/product\/1836547","targetHints":{"allow":["GET"]}}],"collection":[{"href":"http:\/\/ruuby.ee\/en\/wp-json\/wp\/v2\/product"}],"about":[{"href":"http:\/\/ruuby.ee\/en\/wp-json\/wp\/v2\/types\/product"}],"replies":[{"embeddable":true,"href":"http:\/\/ruuby.ee\/en\/wp-json\/wp\/v2\/comments?post=1836547"}],"wp:featuredmedia":[{"embeddable":true,"href":"http:\/\/ruuby.ee\/en\/wp-json\/wp\/v2\/media\/1836548"}],"wp:attachment":[{"href":"http:\/\/ruuby.ee\/en\/wp-json\/wp\/v2\/media?parent=1836547"}],"wp:term":[{"taxonomy":"product_brand","embeddable":true,"href":"http:\/\/ruuby.ee\/en\/wp-json\/wp\/v2\/product_brand?post=1836547"},{"taxonomy":"product_cat","embeddable":true,"href":"http:\/\/ruuby.ee\/en\/wp-json\/wp\/v2\/product_cat?post=1836547"},{"taxonomy":"product_tag","embeddable":true,"href":"http:\/\/ruuby.ee\/en\/wp-json\/wp\/v2\/product_tag?post=1836547"}],"curies":[{"name":"wp","href":"https:\/\/api.w.org\/{rel}","templated":true}]}}