{"id":1836523,"date":"2023-07-07T16:50:38","date_gmt":"2023-07-07T13:50:38","guid":{"rendered":"http:\/\/ruuby.ee\/?post_type=product&#038;p=1836523"},"modified":"2026-04-08T01:28:42","modified_gmt":"2026-04-07T22:28:42","slug":"omy-hiiglaslik-plakat-jalgpall","status":"publish","type":"product","link":"http:\/\/ruuby.ee\/en\/pood\/lapsed\/meisterdamine\/varviplakatid\/omy-hiiglaslik-plakat-jalgpall\/","title":{"rendered":"OMY &#8211; hiiglaslik plakat, jalgpall"},"content":{"rendered":"<div class=\"TextBlock ProductDescription\"><\/div>\n<div id=\"productOptionsContainer\" class=\"ProductOptions\">Hankige kampsunid!<\/div>\n<div class=\"ProductOptions\">J\u00e4lgige oma lemmikmeeskonna tulemusi selle humoorika plakati abil, mida poolajal v\u00e4rvida!<\/div>\n<div class=\"ProductOptions\">Liin t\u00e4is huumorit ja palju detaile, t\u00f5eline graafiline teekond, mida jagada k\u00f5igi p\u00f5lvkondade vahel. Piiranguteta kunstiline ruum \u00fcksi v\u00f5i koos teistega v\u00e4rvimiseks, maas lahtivoltimiseks, seinale riputamiseks v\u00f5i laudlina kasutamiseks.<\/div>\n<div><\/div>\n<div>Sisu: 1 plakat<br \/>\nFormaat lahtivolditult: 70 x 100 cm<br \/>\nKoostis ekstra valge paber 120 gr<br \/>\nDisainitud ja toodetud Prantsusmaal OMY poolt<\/div>\n<form id=\"artlyProductForm\" class=\"ArtlyProductForm\" accept-charset=\"UTF-8\" action=\"https:\/\/omy-maison.com\/cart\/add\" enctype=\"multipart\/form-data\" method=\"post\">\n<div class=\"ProductQuantityContainer\"><\/div>\n<\/form>","protected":false},"excerpt":{"rendered":"<p>Hankige kampsunid! J\u00e4lgige oma lemmikmeeskonna tulemusi selle humoorika plakati abil, mida poolajal v\u00e4rvida! Liin t\u00e4is huumorit ja palju detaile, t\u00f5eline graafiline teekond, mida jagada k\u00f5igi p\u00f5lvkondade vahel. Piiranguteta kunstiline ruum \u00fcksi v\u00f5i koos teistega v\u00e4rvimiseks, maas lahtivoltimiseks, seinale riputamiseks v\u00f5i laudlina kasutamiseks. Sisu: 1 plakat Formaat lahtivolditult: 70 x 100 cm Koostis ekstra valge paber [&hellip;]<\/p>\n","protected":false},"featured_media":1836524,"comment_status":"open","ping_status":"closed","template":"","meta":[],"product_brand":[],"product_cat":[67,659],"product_tag":[],"class_list":{"0":"post-1836523","1":"product","2":"type-product","3":"status-publish","4":"has-post-thumbnail","6":"product_cat-meisterdamine","7":"product_cat-varviplakatid","9":"first","10":"outofstock","11":"taxable","12":"shipping-taxable","13":"purchasable","14":"product-type-simple"},"yoast_head":"<!-- This site is optimized with the Yoast SEO plugin v27.3 - https:\/\/yoast.com\/product\/yoast-seo-wordpress\/ -->\n<title>OMY - hiiglaslik plakat, jalgpall - RUUBY<\/title>\n<meta name=\"robots\" content=\"index, follow, max-snippet:-1, max-image-preview:large, max-video-preview:-1\" \/>\n<link rel=\"canonical\" href=\"https:\/\/ruuby.ee\/en\/pood\/lapsed\/meisterdamine\/varviplakatid\/omy-hiiglaslik-plakat-jalgpall\/\" \/>\n<meta property=\"og:locale\" content=\"en_GB\" \/>\n<meta property=\"og:type\" content=\"article\" \/>\n<meta property=\"og:title\" content=\"OMY - hiiglaslik plakat, jalgpall - RUUBY\" \/>\n<meta property=\"og:description\" content=\"Hankige kampsunid! J\u00e4lgige oma lemmikmeeskonna tulemusi selle humoorika plakati abil, mida poolajal v\u00e4rvida! Liin t\u00e4is huumorit ja palju detaile, t\u00f5eline graafiline teekond, mida jagada k\u00f5igi p\u00f5lvkondade vahel. Piiranguteta kunstiline ruum \u00fcksi v\u00f5i koos teistega v\u00e4rvimiseks, maas lahtivoltimiseks, seinale riputamiseks v\u00f5i laudlina kasutamiseks. Sisu: 1 plakat Formaat lahtivolditult: 70 x 100 cm Koostis ekstra valge paber [&hellip;]\" \/>\n<meta property=\"og:url\" content=\"https:\/\/ruuby.ee\/en\/pood\/lapsed\/meisterdamine\/varviplakatid\/omy-hiiglaslik-plakat-jalgpall\/\" \/>\n<meta property=\"og:site_name\" content=\"RUUBY\" \/>\n<meta property=\"article:publisher\" content=\"https:\/\/www.facebook.com\/ruubyconcept\" \/>\n<meta property=\"article:modified_time\" content=\"2026-04-07T22:28:42+00:00\" \/>\n<meta property=\"og:image\" content=\"https:\/\/ruuby.ee\/wp-content\/uploads\/2023\/07\/Screenshot-2023-07-07-at-16.45.57.png\" \/>\n\t<meta property=\"og:image:width\" content=\"1168\" \/>\n\t<meta property=\"og:image:height\" content=\"1174\" \/>\n\t<meta property=\"og:image:type\" content=\"image\/png\" \/>\n<meta name=\"twitter:card\" content=\"summary_large_image\" \/>\n<meta name=\"twitter:label1\" content=\"Estimated reading time\" \/>\n\t<meta name=\"twitter:data1\" content=\"1 minute\" \/>\n<script type=\"application\/ld+json\" class=\"yoast-schema-graph\">{\"@context\":\"https:\\\/\\\/schema.org\",\"@graph\":[{\"@type\":[\"WebPage\",\"ItemPage\"],\"@id\":\"https:\\\/\\\/ruuby.ee\\\/en\\\/pood\\\/lapsed\\\/meisterdamine\\\/varviplakatid\\\/omy-hiiglaslik-plakat-jalgpall\\\/\",\"url\":\"https:\\\/\\\/ruuby.ee\\\/en\\\/pood\\\/lapsed\\\/meisterdamine\\\/varviplakatid\\\/omy-hiiglaslik-plakat-jalgpall\\\/\",\"name\":\"OMY - hiiglaslik plakat, jalgpall - RUUBY\",\"isPartOf\":{\"@id\":\"https:\\\/\\\/ruuby.ee\\\/en\\\/#website\"},\"primaryImageOfPage\":{\"@id\":\"https:\\\/\\\/ruuby.ee\\\/en\\\/pood\\\/lapsed\\\/meisterdamine\\\/varviplakatid\\\/omy-hiiglaslik-plakat-jalgpall\\\/#primaryimage\"},\"image\":{\"@id\":\"https:\\\/\\\/ruuby.ee\\\/en\\\/pood\\\/lapsed\\\/meisterdamine\\\/varviplakatid\\\/omy-hiiglaslik-plakat-jalgpall\\\/#primaryimage\"},\"thumbnailUrl\":\"http:\\\/\\\/ruuby.ee\\\/wp-content\\\/uploads\\\/2023\\\/07\\\/Screenshot-2023-07-07-at-16.45.57.png\",\"datePublished\":\"2023-07-07T13:50:38+00:00\",\"dateModified\":\"2026-04-07T22:28:42+00:00\",\"breadcrumb\":{\"@id\":\"https:\\\/\\\/ruuby.ee\\\/en\\\/pood\\\/lapsed\\\/meisterdamine\\\/varviplakatid\\\/omy-hiiglaslik-plakat-jalgpall\\\/#breadcrumb\"},\"inLanguage\":\"en-GB\",\"potentialAction\":[{\"@type\":\"ReadAction\",\"target\":[\"https:\\\/\\\/ruuby.ee\\\/en\\\/pood\\\/lapsed\\\/meisterdamine\\\/varviplakatid\\\/omy-hiiglaslik-plakat-jalgpall\\\/\"]}]},{\"@type\":\"ImageObject\",\"inLanguage\":\"en-GB\",\"@id\":\"https:\\\/\\\/ruuby.ee\\\/en\\\/pood\\\/lapsed\\\/meisterdamine\\\/varviplakatid\\\/omy-hiiglaslik-plakat-jalgpall\\\/#primaryimage\",\"url\":\"http:\\\/\\\/ruuby.ee\\\/wp-content\\\/uploads\\\/2023\\\/07\\\/Screenshot-2023-07-07-at-16.45.57.png\",\"contentUrl\":\"http:\\\/\\\/ruuby.ee\\\/wp-content\\\/uploads\\\/2023\\\/07\\\/Screenshot-2023-07-07-at-16.45.57.png\",\"width\":1168,\"height\":1174},{\"@type\":\"BreadcrumbList\",\"@id\":\"https:\\\/\\\/ruuby.ee\\\/en\\\/pood\\\/lapsed\\\/meisterdamine\\\/varviplakatid\\\/omy-hiiglaslik-plakat-jalgpall\\\/#breadcrumb\",\"itemListElement\":[{\"@type\":\"ListItem\",\"position\":1,\"name\":\"Kdu\",\"item\":\"https:\\\/\\\/ruuby.ee\\\/en\\\/\"},{\"@type\":\"ListItem\",\"position\":2,\"name\":\"Pood\",\"item\":\"https:\\\/\\\/ruuby.ee\\\/en\\\/pood\\\/\"},{\"@type\":\"ListItem\",\"position\":3,\"name\":\"OMY &#8211; hiiglaslik plakat, jalgpall\"}]},{\"@type\":\"WebSite\",\"@id\":\"https:\\\/\\\/ruuby.ee\\\/en\\\/#website\",\"url\":\"https:\\\/\\\/ruuby.ee\\\/en\\\/\",\"name\":\"RUUBY\",\"description\":\"Ruubys on \u00fchendatud elustiil ja disain\",\"publisher\":{\"@id\":\"https:\\\/\\\/ruuby.ee\\\/en\\\/#organization\"},\"alternateName\":\"Ruuby Disain\",\"potentialAction\":[{\"@type\":\"SearchAction\",\"target\":{\"@type\":\"EntryPoint\",\"urlTemplate\":\"https:\\\/\\\/ruuby.ee\\\/en\\\/?s={search_term_string}\"},\"query-input\":{\"@type\":\"PropertyValueSpecification\",\"valueRequired\":true,\"valueName\":\"search_term_string\"}}],\"inLanguage\":\"en-GB\"},{\"@type\":\"Organization\",\"@id\":\"https:\\\/\\\/ruuby.ee\\\/en\\\/#organization\",\"name\":\"Ruuby Disain O\u00dc\",\"alternateName\":\"Ruuby\",\"url\":\"https:\\\/\\\/ruuby.ee\\\/en\\\/\",\"logo\":{\"@type\":\"ImageObject\",\"inLanguage\":\"en-GB\",\"@id\":\"https:\\\/\\\/ruuby.ee\\\/en\\\/#\\\/schema\\\/logo\\\/image\\\/\",\"url\":\"http:\\\/\\\/ruuby.ee\\\/wp-content\\\/uploads\\\/2023\\\/06\\\/cropped-Black-White-Elegant-Circle-Signature-Fashion-Logo-12_large.png\",\"contentUrl\":\"http:\\\/\\\/ruuby.ee\\\/wp-content\\\/uploads\\\/2023\\\/06\\\/cropped-Black-White-Elegant-Circle-Signature-Fashion-Logo-12_large.png\",\"width\":1280,\"height\":747,\"caption\":\"Ruuby Disain O\u00dc\"},\"image\":{\"@id\":\"https:\\\/\\\/ruuby.ee\\\/en\\\/#\\\/schema\\\/logo\\\/image\\\/\"},\"sameAs\":[\"https:\\\/\\\/www.facebook.com\\\/ruubyconcept\",\"https:\\\/\\\/www.instagram.com\\\/ruuby_concept\\\/\"]}]}<\/script>\n<!-- \/ Yoast SEO plugin. -->","yoast_head_json":{"title":"OMY - hiiglaslik plakat, jalgpall - RUUBY","robots":{"index":"index","follow":"follow","max-snippet":"max-snippet:-1","max-image-preview":"max-image-preview:large","max-video-preview":"max-video-preview:-1"},"canonical":"https:\/\/ruuby.ee\/en\/pood\/lapsed\/meisterdamine\/varviplakatid\/omy-hiiglaslik-plakat-jalgpall\/","og_locale":"en_GB","og_type":"article","og_title":"OMY - hiiglaslik plakat, jalgpall - RUUBY","og_description":"Hankige kampsunid! J\u00e4lgige oma lemmikmeeskonna tulemusi selle humoorika plakati abil, mida poolajal v\u00e4rvida! Liin t\u00e4is huumorit ja palju detaile, t\u00f5eline graafiline teekond, mida jagada k\u00f5igi p\u00f5lvkondade vahel. Piiranguteta kunstiline ruum \u00fcksi v\u00f5i koos teistega v\u00e4rvimiseks, maas lahtivoltimiseks, seinale riputamiseks v\u00f5i laudlina kasutamiseks. Sisu: 1 plakat Formaat lahtivolditult: 70 x 100 cm Koostis ekstra valge paber [&hellip;]","og_url":"https:\/\/ruuby.ee\/en\/pood\/lapsed\/meisterdamine\/varviplakatid\/omy-hiiglaslik-plakat-jalgpall\/","og_site_name":"RUUBY","article_publisher":"https:\/\/www.facebook.com\/ruubyconcept","article_modified_time":"2026-04-07T22:28:42+00:00","og_image":[{"width":1168,"height":1174,"url":"https:\/\/ruuby.ee\/wp-content\/uploads\/2023\/07\/Screenshot-2023-07-07-at-16.45.57.png","type":"image\/png"}],"twitter_card":"summary_large_image","twitter_misc":{"Estimated reading time":"1 minute"},"schema":{"@context":"https:\/\/schema.org","@graph":[{"@type":["WebPage","ItemPage"],"@id":"https:\/\/ruuby.ee\/en\/pood\/lapsed\/meisterdamine\/varviplakatid\/omy-hiiglaslik-plakat-jalgpall\/","url":"https:\/\/ruuby.ee\/en\/pood\/lapsed\/meisterdamine\/varviplakatid\/omy-hiiglaslik-plakat-jalgpall\/","name":"OMY - hiiglaslik plakat, jalgpall - RUUBY","isPartOf":{"@id":"https:\/\/ruuby.ee\/en\/#website"},"primaryImageOfPage":{"@id":"https:\/\/ruuby.ee\/en\/pood\/lapsed\/meisterdamine\/varviplakatid\/omy-hiiglaslik-plakat-jalgpall\/#primaryimage"},"image":{"@id":"https:\/\/ruuby.ee\/en\/pood\/lapsed\/meisterdamine\/varviplakatid\/omy-hiiglaslik-plakat-jalgpall\/#primaryimage"},"thumbnailUrl":"http:\/\/ruuby.ee\/wp-content\/uploads\/2023\/07\/Screenshot-2023-07-07-at-16.45.57.png","datePublished":"2023-07-07T13:50:38+00:00","dateModified":"2026-04-07T22:28:42+00:00","breadcrumb":{"@id":"https:\/\/ruuby.ee\/en\/pood\/lapsed\/meisterdamine\/varviplakatid\/omy-hiiglaslik-plakat-jalgpall\/#breadcrumb"},"inLanguage":"en-GB","potentialAction":[{"@type":"ReadAction","target":["https:\/\/ruuby.ee\/en\/pood\/lapsed\/meisterdamine\/varviplakatid\/omy-hiiglaslik-plakat-jalgpall\/"]}]},{"@type":"ImageObject","inLanguage":"en-GB","@id":"https:\/\/ruuby.ee\/en\/pood\/lapsed\/meisterdamine\/varviplakatid\/omy-hiiglaslik-plakat-jalgpall\/#primaryimage","url":"http:\/\/ruuby.ee\/wp-content\/uploads\/2023\/07\/Screenshot-2023-07-07-at-16.45.57.png","contentUrl":"http:\/\/ruuby.ee\/wp-content\/uploads\/2023\/07\/Screenshot-2023-07-07-at-16.45.57.png","width":1168,"height":1174},{"@type":"BreadcrumbList","@id":"https:\/\/ruuby.ee\/en\/pood\/lapsed\/meisterdamine\/varviplakatid\/omy-hiiglaslik-plakat-jalgpall\/#breadcrumb","itemListElement":[{"@type":"ListItem","position":1,"name":"Kdu","item":"https:\/\/ruuby.ee\/en\/"},{"@type":"ListItem","position":2,"name":"Pood","item":"https:\/\/ruuby.ee\/en\/pood\/"},{"@type":"ListItem","position":3,"name":"OMY &#8211; hiiglaslik plakat, jalgpall"}]},{"@type":"WebSite","@id":"https:\/\/ruuby.ee\/en\/#website","url":"https:\/\/ruuby.ee\/en\/","name":"RUUBY","description":"Ruubys on \u00fchendatud elustiil ja disain","publisher":{"@id":"https:\/\/ruuby.ee\/en\/#organization"},"alternateName":"Ruuby Disain","potentialAction":[{"@type":"SearchAction","target":{"@type":"EntryPoint","urlTemplate":"https:\/\/ruuby.ee\/en\/?s={search_term_string}"},"query-input":{"@type":"PropertyValueSpecification","valueRequired":true,"valueName":"search_term_string"}}],"inLanguage":"en-GB"},{"@type":"Organization","@id":"https:\/\/ruuby.ee\/en\/#organization","name":"Ruuby Disain O\u00dc","alternateName":"Ruuby","url":"https:\/\/ruuby.ee\/en\/","logo":{"@type":"ImageObject","inLanguage":"en-GB","@id":"https:\/\/ruuby.ee\/en\/#\/schema\/logo\/image\/","url":"http:\/\/ruuby.ee\/wp-content\/uploads\/2023\/06\/cropped-Black-White-Elegant-Circle-Signature-Fashion-Logo-12_large.png","contentUrl":"http:\/\/ruuby.ee\/wp-content\/uploads\/2023\/06\/cropped-Black-White-Elegant-Circle-Signature-Fashion-Logo-12_large.png","width":1280,"height":747,"caption":"Ruuby Disain O\u00dc"},"image":{"@id":"https:\/\/ruuby.ee\/en\/#\/schema\/logo\/image\/"},"sameAs":["https:\/\/www.facebook.com\/ruubyconcept","https:\/\/www.instagram.com\/ruuby_concept\/"]}]}},"jetpack_sharing_enabled":true,"_links":{"self":[{"href":"http:\/\/ruuby.ee\/en\/wp-json\/wp\/v2\/product\/1836523","targetHints":{"allow":["GET"]}}],"collection":[{"href":"http:\/\/ruuby.ee\/en\/wp-json\/wp\/v2\/product"}],"about":[{"href":"http:\/\/ruuby.ee\/en\/wp-json\/wp\/v2\/types\/product"}],"replies":[{"embeddable":true,"href":"http:\/\/ruuby.ee\/en\/wp-json\/wp\/v2\/comments?post=1836523"}],"wp:featuredmedia":[{"embeddable":true,"href":"http:\/\/ruuby.ee\/en\/wp-json\/wp\/v2\/media\/1836524"}],"wp:attachment":[{"href":"http:\/\/ruuby.ee\/en\/wp-json\/wp\/v2\/media?parent=1836523"}],"wp:term":[{"taxonomy":"product_brand","embeddable":true,"href":"http:\/\/ruuby.ee\/en\/wp-json\/wp\/v2\/product_brand?post=1836523"},{"taxonomy":"product_cat","embeddable":true,"href":"http:\/\/ruuby.ee\/en\/wp-json\/wp\/v2\/product_cat?post=1836523"},{"taxonomy":"product_tag","embeddable":true,"href":"http:\/\/ruuby.ee\/en\/wp-json\/wp\/v2\/product_tag?post=1836523"}],"curies":[{"name":"wp","href":"https:\/\/api.w.org\/{rel}","templated":true}]}}