{"id":1836500,"date":"2023-07-07T14:36:05","date_gmt":"2023-07-07T11:36:05","guid":{"rendered":"http:\/\/ruuby.ee\/?post_type=product&#038;p=1836500"},"modified":"2026-04-08T01:28:42","modified_gmt":"2026-04-07T22:28:42","slug":"gooee-design-kuunjalag-lykke-three-liivakarva","status":"publish","type":"product","link":"http:\/\/ruuby.ee\/en\/pood\/kodusisustus\/kuunlad\/gooee-design-kuunjalag-lykke-three-liivakarva\/","title":{"rendered":"COOEE Design k\u00fc\u00fcnlajalg, Lykke Three, liivakarva"},"content":{"rendered":"<p>L\u00f5pmatuse s\u00f5lmena kujundatud Lykke on rahustav kohalolek, mis toimib nii sooja valguse andjana kui ka kauni esemena. Leegi kergus ja peened liigutused on kontrastiks s\u00f5lme raskusega. Lykkel on skulptuurne kvaliteet, mis r\u00f5\u00f5mustab silma ka siis, kui seda ei kasutata. Lykke t\u00e4hendab taani keeles s\u00f5lme.<\/p>\n<p>M\u00f5\u00f5dud: 18 \u00d7 15 \u00d7 10 cm<\/p>\n<p>Kaal: 600g<\/p>","protected":false},"excerpt":{"rendered":"<p>L\u00f5pmatuse s\u00f5lmena kujundatud Lykke on rahustav kohalolek, mis toimib nii sooja valguse andjana kui ka kauni esemena. Leegi kergus ja peened liigutused on kontrastiks s\u00f5lme raskusega. Lykkel on skulptuurne kvaliteet, mis r\u00f5\u00f5mustab silma ka siis, kui seda ei kasutata. Lykke t\u00e4hendab taani keeles s\u00f5lme. M\u00f5\u00f5dud: 18 \u00d7 15 \u00d7 10 cm Kaal: 600g<\/p>","protected":false},"featured_media":1836501,"comment_status":"open","ping_status":"closed","template":"","meta":[],"product_brand":[],"product_cat":[54],"product_tag":[],"class_list":{"0":"post-1836500","1":"product","2":"type-product","3":"status-publish","4":"has-post-thumbnail","6":"product_cat-kuunlad","8":"first","9":"instock","10":"taxable","11":"shipping-taxable","12":"purchasable","13":"product-type-simple"},"yoast_head":"<!-- This site is optimized with the Yoast SEO plugin v27.3 - https:\/\/yoast.com\/product\/yoast-seo-wordpress\/ -->\n<title>COOEE Design k\u00fc\u00fcnlajalg, Lykke Three, liivakarva - RUUBY<\/title>\n<meta name=\"robots\" content=\"index, follow, max-snippet:-1, max-image-preview:large, max-video-preview:-1\" \/>\n<link rel=\"canonical\" href=\"https:\/\/ruuby.ee\/en\/pood\/kodusisustus\/kuunlad\/gooee-design-kuunjalag-lykke-three-liivakarva\/\" \/>\n<meta property=\"og:locale\" content=\"en_GB\" \/>\n<meta property=\"og:type\" content=\"article\" \/>\n<meta property=\"og:title\" content=\"COOEE Design k\u00fc\u00fcnlajalg, Lykke Three, liivakarva - RUUBY\" \/>\n<meta property=\"og:description\" content=\"L\u00f5pmatuse s\u00f5lmena kujundatud Lykke on rahustav kohalolek, mis toimib nii sooja valguse andjana kui ka kauni esemena. Leegi kergus ja peened liigutused on kontrastiks s\u00f5lme raskusega. Lykkel on skulptuurne kvaliteet, mis r\u00f5\u00f5mustab silma ka siis, kui seda ei kasutata. Lykke t\u00e4hendab taani keeles s\u00f5lme. M\u00f5\u00f5dud: 18 \u00d7 15 \u00d7 10 cm Kaal: 600g\" \/>\n<meta property=\"og:url\" content=\"https:\/\/ruuby.ee\/en\/pood\/kodusisustus\/kuunlad\/gooee-design-kuunjalag-lykke-three-liivakarva\/\" \/>\n<meta property=\"og:site_name\" content=\"RUUBY\" \/>\n<meta property=\"article:publisher\" content=\"https:\/\/www.facebook.com\/ruubyconcept\" \/>\n<meta property=\"article:modified_time\" content=\"2026-04-07T22:28:42+00:00\" \/>\n<meta property=\"og:image\" content=\"https:\/\/ruuby.ee\/wp-content\/uploads\/2023\/07\/Screenshot-2023-07-07-at-14.34.42.png\" \/>\n\t<meta property=\"og:image:width\" content=\"1240\" \/>\n\t<meta property=\"og:image:height\" content=\"884\" \/>\n\t<meta property=\"og:image:type\" content=\"image\/png\" \/>\n<meta name=\"twitter:card\" content=\"summary_large_image\" \/>\n<meta name=\"twitter:label1\" content=\"Estimated reading time\" \/>\n\t<meta name=\"twitter:data1\" content=\"1 minute\" \/>\n<script type=\"application\/ld+json\" class=\"yoast-schema-graph\">{\"@context\":\"https:\\\/\\\/schema.org\",\"@graph\":[{\"@type\":[\"WebPage\",\"ItemPage\"],\"@id\":\"https:\\\/\\\/ruuby.ee\\\/en\\\/pood\\\/kodusisustus\\\/kuunlad\\\/gooee-design-kuunjalag-lykke-three-liivakarva\\\/\",\"url\":\"https:\\\/\\\/ruuby.ee\\\/en\\\/pood\\\/kodusisustus\\\/kuunlad\\\/gooee-design-kuunjalag-lykke-three-liivakarva\\\/\",\"name\":\"COOEE Design k\u00fc\u00fcnlajalg, Lykke Three, liivakarva - RUUBY\",\"isPartOf\":{\"@id\":\"http:\\\/\\\/ruuby.ee\\\/en\\\/#website\"},\"primaryImageOfPage\":{\"@id\":\"https:\\\/\\\/ruuby.ee\\\/en\\\/pood\\\/kodusisustus\\\/kuunlad\\\/gooee-design-kuunjalag-lykke-three-liivakarva\\\/#primaryimage\"},\"image\":{\"@id\":\"https:\\\/\\\/ruuby.ee\\\/en\\\/pood\\\/kodusisustus\\\/kuunlad\\\/gooee-design-kuunjalag-lykke-three-liivakarva\\\/#primaryimage\"},\"thumbnailUrl\":\"http:\\\/\\\/ruuby.ee\\\/wp-content\\\/uploads\\\/2023\\\/07\\\/Screenshot-2023-07-07-at-14.34.42.png\",\"datePublished\":\"2023-07-07T11:36:05+00:00\",\"dateModified\":\"2026-04-07T22:28:42+00:00\",\"breadcrumb\":{\"@id\":\"https:\\\/\\\/ruuby.ee\\\/en\\\/pood\\\/kodusisustus\\\/kuunlad\\\/gooee-design-kuunjalag-lykke-three-liivakarva\\\/#breadcrumb\"},\"inLanguage\":\"en-GB\",\"potentialAction\":[{\"@type\":\"ReadAction\",\"target\":[\"https:\\\/\\\/ruuby.ee\\\/en\\\/pood\\\/kodusisustus\\\/kuunlad\\\/gooee-design-kuunjalag-lykke-three-liivakarva\\\/\"]}]},{\"@type\":\"ImageObject\",\"inLanguage\":\"en-GB\",\"@id\":\"https:\\\/\\\/ruuby.ee\\\/en\\\/pood\\\/kodusisustus\\\/kuunlad\\\/gooee-design-kuunjalag-lykke-three-liivakarva\\\/#primaryimage\",\"url\":\"http:\\\/\\\/ruuby.ee\\\/wp-content\\\/uploads\\\/2023\\\/07\\\/Screenshot-2023-07-07-at-14.34.42.png\",\"contentUrl\":\"http:\\\/\\\/ruuby.ee\\\/wp-content\\\/uploads\\\/2023\\\/07\\\/Screenshot-2023-07-07-at-14.34.42.png\",\"width\":1240,\"height\":884},{\"@type\":\"BreadcrumbList\",\"@id\":\"https:\\\/\\\/ruuby.ee\\\/en\\\/pood\\\/kodusisustus\\\/kuunlad\\\/gooee-design-kuunjalag-lykke-three-liivakarva\\\/#breadcrumb\",\"itemListElement\":[{\"@type\":\"ListItem\",\"position\":1,\"name\":\"Kdu\",\"item\":\"http:\\\/\\\/ruuby.ee\\\/en\\\/\"},{\"@type\":\"ListItem\",\"position\":2,\"name\":\"Pood\",\"item\":\"http:\\\/\\\/ruuby.ee\\\/en\\\/pood\\\/\"},{\"@type\":\"ListItem\",\"position\":3,\"name\":\"COOEE Design k\u00fc\u00fcnlajalg, Lykke Three, liivakarva\"}]},{\"@type\":\"WebSite\",\"@id\":\"http:\\\/\\\/ruuby.ee\\\/en\\\/#website\",\"url\":\"http:\\\/\\\/ruuby.ee\\\/en\\\/\",\"name\":\"RUUBY\",\"description\":\"Ruubys on \u00fchendatud elustiil ja disain\",\"publisher\":{\"@id\":\"http:\\\/\\\/ruuby.ee\\\/en\\\/#organization\"},\"alternateName\":\"Ruuby Disain\",\"potentialAction\":[{\"@type\":\"SearchAction\",\"target\":{\"@type\":\"EntryPoint\",\"urlTemplate\":\"http:\\\/\\\/ruuby.ee\\\/en\\\/?s={search_term_string}\"},\"query-input\":{\"@type\":\"PropertyValueSpecification\",\"valueRequired\":true,\"valueName\":\"search_term_string\"}}],\"inLanguage\":\"en-GB\"},{\"@type\":\"Organization\",\"@id\":\"http:\\\/\\\/ruuby.ee\\\/en\\\/#organization\",\"name\":\"Ruuby Disain O\u00dc\",\"alternateName\":\"Ruuby\",\"url\":\"http:\\\/\\\/ruuby.ee\\\/en\\\/\",\"logo\":{\"@type\":\"ImageObject\",\"inLanguage\":\"en-GB\",\"@id\":\"http:\\\/\\\/ruuby.ee\\\/en\\\/#\\\/schema\\\/logo\\\/image\\\/\",\"url\":\"http:\\\/\\\/ruuby.ee\\\/wp-content\\\/uploads\\\/2023\\\/06\\\/cropped-Black-White-Elegant-Circle-Signature-Fashion-Logo-12_large.png\",\"contentUrl\":\"http:\\\/\\\/ruuby.ee\\\/wp-content\\\/uploads\\\/2023\\\/06\\\/cropped-Black-White-Elegant-Circle-Signature-Fashion-Logo-12_large.png\",\"width\":1280,\"height\":747,\"caption\":\"Ruuby Disain O\u00dc\"},\"image\":{\"@id\":\"http:\\\/\\\/ruuby.ee\\\/en\\\/#\\\/schema\\\/logo\\\/image\\\/\"},\"sameAs\":[\"https:\\\/\\\/www.facebook.com\\\/ruubyconcept\",\"https:\\\/\\\/www.instagram.com\\\/ruuby_concept\\\/\"]}]}<\/script>\n<!-- \/ Yoast SEO plugin. -->","yoast_head_json":{"title":"COOEE Design k\u00fc\u00fcnlajalg, Lykke Three, liivakarva - RUUBY","robots":{"index":"index","follow":"follow","max-snippet":"max-snippet:-1","max-image-preview":"max-image-preview:large","max-video-preview":"max-video-preview:-1"},"canonical":"https:\/\/ruuby.ee\/en\/pood\/kodusisustus\/kuunlad\/gooee-design-kuunjalag-lykke-three-liivakarva\/","og_locale":"en_GB","og_type":"article","og_title":"COOEE Design k\u00fc\u00fcnlajalg, Lykke Three, liivakarva - RUUBY","og_description":"L\u00f5pmatuse s\u00f5lmena kujundatud Lykke on rahustav kohalolek, mis toimib nii sooja valguse andjana kui ka kauni esemena. Leegi kergus ja peened liigutused on kontrastiks s\u00f5lme raskusega. Lykkel on skulptuurne kvaliteet, mis r\u00f5\u00f5mustab silma ka siis, kui seda ei kasutata. Lykke t\u00e4hendab taani keeles s\u00f5lme. M\u00f5\u00f5dud: 18 \u00d7 15 \u00d7 10 cm Kaal: 600g","og_url":"https:\/\/ruuby.ee\/en\/pood\/kodusisustus\/kuunlad\/gooee-design-kuunjalag-lykke-three-liivakarva\/","og_site_name":"RUUBY","article_publisher":"https:\/\/www.facebook.com\/ruubyconcept","article_modified_time":"2026-04-07T22:28:42+00:00","og_image":[{"width":1240,"height":884,"url":"https:\/\/ruuby.ee\/wp-content\/uploads\/2023\/07\/Screenshot-2023-07-07-at-14.34.42.png","type":"image\/png"}],"twitter_card":"summary_large_image","twitter_misc":{"Estimated reading time":"1 minute"},"schema":{"@context":"https:\/\/schema.org","@graph":[{"@type":["WebPage","ItemPage"],"@id":"https:\/\/ruuby.ee\/en\/pood\/kodusisustus\/kuunlad\/gooee-design-kuunjalag-lykke-three-liivakarva\/","url":"https:\/\/ruuby.ee\/en\/pood\/kodusisustus\/kuunlad\/gooee-design-kuunjalag-lykke-three-liivakarva\/","name":"COOEE Design k\u00fc\u00fcnlajalg, Lykke Three, liivakarva - RUUBY","isPartOf":{"@id":"http:\/\/ruuby.ee\/en\/#website"},"primaryImageOfPage":{"@id":"https:\/\/ruuby.ee\/en\/pood\/kodusisustus\/kuunlad\/gooee-design-kuunjalag-lykke-three-liivakarva\/#primaryimage"},"image":{"@id":"https:\/\/ruuby.ee\/en\/pood\/kodusisustus\/kuunlad\/gooee-design-kuunjalag-lykke-three-liivakarva\/#primaryimage"},"thumbnailUrl":"http:\/\/ruuby.ee\/wp-content\/uploads\/2023\/07\/Screenshot-2023-07-07-at-14.34.42.png","datePublished":"2023-07-07T11:36:05+00:00","dateModified":"2026-04-07T22:28:42+00:00","breadcrumb":{"@id":"https:\/\/ruuby.ee\/en\/pood\/kodusisustus\/kuunlad\/gooee-design-kuunjalag-lykke-three-liivakarva\/#breadcrumb"},"inLanguage":"en-GB","potentialAction":[{"@type":"ReadAction","target":["https:\/\/ruuby.ee\/en\/pood\/kodusisustus\/kuunlad\/gooee-design-kuunjalag-lykke-three-liivakarva\/"]}]},{"@type":"ImageObject","inLanguage":"en-GB","@id":"https:\/\/ruuby.ee\/en\/pood\/kodusisustus\/kuunlad\/gooee-design-kuunjalag-lykke-three-liivakarva\/#primaryimage","url":"http:\/\/ruuby.ee\/wp-content\/uploads\/2023\/07\/Screenshot-2023-07-07-at-14.34.42.png","contentUrl":"http:\/\/ruuby.ee\/wp-content\/uploads\/2023\/07\/Screenshot-2023-07-07-at-14.34.42.png","width":1240,"height":884},{"@type":"BreadcrumbList","@id":"https:\/\/ruuby.ee\/en\/pood\/kodusisustus\/kuunlad\/gooee-design-kuunjalag-lykke-three-liivakarva\/#breadcrumb","itemListElement":[{"@type":"ListItem","position":1,"name":"Kdu","item":"http:\/\/ruuby.ee\/en\/"},{"@type":"ListItem","position":2,"name":"Pood","item":"http:\/\/ruuby.ee\/en\/pood\/"},{"@type":"ListItem","position":3,"name":"COOEE Design k\u00fc\u00fcnlajalg, Lykke Three, liivakarva"}]},{"@type":"WebSite","@id":"http:\/\/ruuby.ee\/en\/#website","url":"http:\/\/ruuby.ee\/en\/","name":"RUUBY","description":"Ruubys on \u00fchendatud elustiil ja disain","publisher":{"@id":"http:\/\/ruuby.ee\/en\/#organization"},"alternateName":"Ruuby Disain","potentialAction":[{"@type":"SearchAction","target":{"@type":"EntryPoint","urlTemplate":"http:\/\/ruuby.ee\/en\/?s={search_term_string}"},"query-input":{"@type":"PropertyValueSpecification","valueRequired":true,"valueName":"search_term_string"}}],"inLanguage":"en-GB"},{"@type":"Organization","@id":"http:\/\/ruuby.ee\/en\/#organization","name":"Ruuby Disain O\u00dc","alternateName":"Ruuby","url":"http:\/\/ruuby.ee\/en\/","logo":{"@type":"ImageObject","inLanguage":"en-GB","@id":"http:\/\/ruuby.ee\/en\/#\/schema\/logo\/image\/","url":"http:\/\/ruuby.ee\/wp-content\/uploads\/2023\/06\/cropped-Black-White-Elegant-Circle-Signature-Fashion-Logo-12_large.png","contentUrl":"http:\/\/ruuby.ee\/wp-content\/uploads\/2023\/06\/cropped-Black-White-Elegant-Circle-Signature-Fashion-Logo-12_large.png","width":1280,"height":747,"caption":"Ruuby Disain O\u00dc"},"image":{"@id":"http:\/\/ruuby.ee\/en\/#\/schema\/logo\/image\/"},"sameAs":["https:\/\/www.facebook.com\/ruubyconcept","https:\/\/www.instagram.com\/ruuby_concept\/"]}]}},"jetpack_sharing_enabled":true,"_links":{"self":[{"href":"http:\/\/ruuby.ee\/en\/wp-json\/wp\/v2\/product\/1836500","targetHints":{"allow":["GET"]}}],"collection":[{"href":"http:\/\/ruuby.ee\/en\/wp-json\/wp\/v2\/product"}],"about":[{"href":"http:\/\/ruuby.ee\/en\/wp-json\/wp\/v2\/types\/product"}],"replies":[{"embeddable":true,"href":"http:\/\/ruuby.ee\/en\/wp-json\/wp\/v2\/comments?post=1836500"}],"wp:featuredmedia":[{"embeddable":true,"href":"http:\/\/ruuby.ee\/en\/wp-json\/wp\/v2\/media\/1836501"}],"wp:attachment":[{"href":"http:\/\/ruuby.ee\/en\/wp-json\/wp\/v2\/media?parent=1836500"}],"wp:term":[{"taxonomy":"product_brand","embeddable":true,"href":"http:\/\/ruuby.ee\/en\/wp-json\/wp\/v2\/product_brand?post=1836500"},{"taxonomy":"product_cat","embeddable":true,"href":"http:\/\/ruuby.ee\/en\/wp-json\/wp\/v2\/product_cat?post=1836500"},{"taxonomy":"product_tag","embeddable":true,"href":"http:\/\/ruuby.ee\/en\/wp-json\/wp\/v2\/product_tag?post=1836500"}],"curies":[{"name":"wp","href":"https:\/\/api.w.org\/{rel}","templated":true}]}}