{"id":1836472,"date":"2023-07-07T14:01:33","date_gmt":"2023-07-07T11:01:33","guid":{"rendered":"http:\/\/ruuby.ee\/?post_type=product&#038;p=1836472"},"modified":"2026-04-08T01:28:43","modified_gmt":"2026-04-07T22:28:43","slug":"muubs-gaia-seinadekoratsioon-l","status":"publish","type":"product","link":"http:\/\/ruuby.ee\/en\/pood\/kodusisustus\/dekoratsioon\/muubs-gaia-seinadekoratsioon-l\/","title":{"rendered":"Muubs &#8211; Gaia seinadekoratsioon, L"},"content":{"rendered":"<p>GAIA sari on inspireeritud maast ja selle elementidest ning on seega saanud oma nime Kreeka jumalanna GAIA j\u00e4rgi, kes on maa m\u00fctoloogiline jumalanna.<\/p>\n<p>Seinakaunistused on \u00fcmmargused nagu maa ja orgaanilised jooned on loodud nurgeliste kujundite purustamiseks. Gaia seinakaunistused annavad interj\u00f6\u00f6rile kontrasti ja lisavad kodule soojust nii \u00fcmarate vormide kui ka toodetele kantud glasuuri kaudu.<\/p>\n<p>Seinakaunistuse tagak\u00fcljel on augud, nii et saate seinakaunistuse riputada erinevatesse kohtadesse.<\/p>\n<p>Seinakaunistus on saadaval ka v\u00e4iksemas versioonis.<\/p>\n<p>Gaia on t\u00f6\u00f6deldud reaktiivglasuuriga, andes igale t\u00fckile ainulaadse iseloomu. Nautige m\u00e4ngulist v\u00e4rvivariatsiooni.<\/p>\n<p>Kujundus: Birgitte R\u00f8mer<\/p>\n<p>Kivikeraamika &#8211; \u00a0\u00d826 cm<\/p>","protected":false},"excerpt":{"rendered":"<p>GAIA sari on inspireeritud maast ja selle elementidest ning on seega saanud oma nime Kreeka jumalanna GAIA j\u00e4rgi, kes on maa m\u00fctoloogiline jumalanna. Seinakaunistused on \u00fcmmargused nagu maa ja orgaanilised jooned on loodud nurgeliste kujundite purustamiseks. Gaia seinakaunistused annavad interj\u00f6\u00f6rile kontrasti ja lisavad kodule soojust nii \u00fcmarate vormide kui ka toodetele kantud glasuuri kaudu. Seinakaunistuse [&hellip;]<\/p>\n","protected":false},"featured_media":1836473,"comment_status":"open","ping_status":"closed","template":"","meta":[],"product_brand":[],"product_cat":[58],"product_tag":[],"class_list":{"0":"post-1836472","1":"product","2":"type-product","3":"status-publish","4":"has-post-thumbnail","6":"product_cat-dekoratsioon","8":"first","9":"instock","10":"taxable","11":"shipping-taxable","12":"purchasable","13":"product-type-simple"},"yoast_head":"<!-- This site is optimized with the Yoast SEO plugin v27.3 - https:\/\/yoast.com\/product\/yoast-seo-wordpress\/ -->\n<title>Muubs - Gaia seinadekoratsioon, L - RUUBY<\/title>\n<meta name=\"robots\" content=\"index, follow, max-snippet:-1, max-image-preview:large, max-video-preview:-1\" \/>\n<link rel=\"canonical\" href=\"http:\/\/ruuby.ee\/en\/pood\/kodusisustus\/dekoratsioon\/muubs-gaia-seinadekoratsioon-l\/\" \/>\n<meta property=\"og:locale\" content=\"en_GB\" \/>\n<meta property=\"og:type\" content=\"article\" \/>\n<meta property=\"og:title\" content=\"Muubs - Gaia seinadekoratsioon, L - RUUBY\" \/>\n<meta property=\"og:description\" content=\"GAIA sari on inspireeritud maast ja selle elementidest ning on seega saanud oma nime Kreeka jumalanna GAIA j\u00e4rgi, kes on maa m\u00fctoloogiline jumalanna. Seinakaunistused on \u00fcmmargused nagu maa ja orgaanilised jooned on loodud nurgeliste kujundite purustamiseks. Gaia seinakaunistused annavad interj\u00f6\u00f6rile kontrasti ja lisavad kodule soojust nii \u00fcmarate vormide kui ka toodetele kantud glasuuri kaudu. Seinakaunistuse [&hellip;]\" \/>\n<meta property=\"og:url\" content=\"http:\/\/ruuby.ee\/en\/pood\/kodusisustus\/dekoratsioon\/muubs-gaia-seinadekoratsioon-l\/\" \/>\n<meta property=\"og:site_name\" content=\"RUUBY\" \/>\n<meta property=\"article:publisher\" content=\"https:\/\/www.facebook.com\/ruubyconcept\" \/>\n<meta property=\"article:modified_time\" content=\"2026-04-07T22:28:43+00:00\" \/>\n<meta property=\"og:image\" content=\"http:\/\/ruuby.ee\/wp-content\/uploads\/2023\/07\/9490002116.jpg\" \/>\n\t<meta property=\"og:image:width\" content=\"800\" \/>\n\t<meta property=\"og:image:height\" content=\"800\" \/>\n\t<meta property=\"og:image:type\" content=\"image\/jpeg\" \/>\n<meta name=\"twitter:card\" content=\"summary_large_image\" \/>\n<meta name=\"twitter:label1\" content=\"Estimated reading time\" \/>\n\t<meta name=\"twitter:data1\" content=\"1 minute\" \/>\n<script type=\"application\/ld+json\" class=\"yoast-schema-graph\">{\"@context\":\"https:\\\/\\\/schema.org\",\"@graph\":[{\"@type\":[\"WebPage\",\"ItemPage\"],\"@id\":\"http:\\\/\\\/ruuby.ee\\\/pood\\\/kodusisustus\\\/dekoratsioon\\\/muubs-gaia-seinadekoratsioon-l\\\/\",\"url\":\"http:\\\/\\\/ruuby.ee\\\/pood\\\/kodusisustus\\\/dekoratsioon\\\/muubs-gaia-seinadekoratsioon-l\\\/\",\"name\":\"Muubs - Gaia seinadekoratsioon, L - RUUBY\",\"isPartOf\":{\"@id\":\"http:\\\/\\\/ruuby.ee\\\/en\\\/#website\"},\"primaryImageOfPage\":{\"@id\":\"http:\\\/\\\/ruuby.ee\\\/pood\\\/kodusisustus\\\/dekoratsioon\\\/muubs-gaia-seinadekoratsioon-l\\\/#primaryimage\"},\"image\":{\"@id\":\"http:\\\/\\\/ruuby.ee\\\/pood\\\/kodusisustus\\\/dekoratsioon\\\/muubs-gaia-seinadekoratsioon-l\\\/#primaryimage\"},\"thumbnailUrl\":\"http:\\\/\\\/ruuby.ee\\\/wp-content\\\/uploads\\\/2023\\\/07\\\/9490002116.jpg\",\"datePublished\":\"2023-07-07T11:01:33+00:00\",\"dateModified\":\"2026-04-07T22:28:43+00:00\",\"breadcrumb\":{\"@id\":\"http:\\\/\\\/ruuby.ee\\\/pood\\\/kodusisustus\\\/dekoratsioon\\\/muubs-gaia-seinadekoratsioon-l\\\/#breadcrumb\"},\"inLanguage\":\"en-GB\",\"potentialAction\":[{\"@type\":\"ReadAction\",\"target\":[\"http:\\\/\\\/ruuby.ee\\\/pood\\\/kodusisustus\\\/dekoratsioon\\\/muubs-gaia-seinadekoratsioon-l\\\/\"]}]},{\"@type\":\"ImageObject\",\"inLanguage\":\"en-GB\",\"@id\":\"http:\\\/\\\/ruuby.ee\\\/pood\\\/kodusisustus\\\/dekoratsioon\\\/muubs-gaia-seinadekoratsioon-l\\\/#primaryimage\",\"url\":\"http:\\\/\\\/ruuby.ee\\\/wp-content\\\/uploads\\\/2023\\\/07\\\/9490002116.jpg\",\"contentUrl\":\"http:\\\/\\\/ruuby.ee\\\/wp-content\\\/uploads\\\/2023\\\/07\\\/9490002116.jpg\",\"width\":800,\"height\":800},{\"@type\":\"BreadcrumbList\",\"@id\":\"http:\\\/\\\/ruuby.ee\\\/pood\\\/kodusisustus\\\/dekoratsioon\\\/muubs-gaia-seinadekoratsioon-l\\\/#breadcrumb\",\"itemListElement\":[{\"@type\":\"ListItem\",\"position\":1,\"name\":\"Kdu\",\"item\":\"http:\\\/\\\/ruuby.ee\\\/en\\\/\"},{\"@type\":\"ListItem\",\"position\":2,\"name\":\"Pood\",\"item\":\"http:\\\/\\\/ruuby.ee\\\/en\\\/pood\\\/\"},{\"@type\":\"ListItem\",\"position\":3,\"name\":\"Muubs &#8211; Gaia seinadekoratsioon, L\"}]},{\"@type\":\"WebSite\",\"@id\":\"http:\\\/\\\/ruuby.ee\\\/en\\\/#website\",\"url\":\"http:\\\/\\\/ruuby.ee\\\/en\\\/\",\"name\":\"RUUBY\",\"description\":\"Ruubys on \u00fchendatud elustiil ja disain\",\"publisher\":{\"@id\":\"http:\\\/\\\/ruuby.ee\\\/en\\\/#organization\"},\"alternateName\":\"Ruuby Disain\",\"potentialAction\":[{\"@type\":\"SearchAction\",\"target\":{\"@type\":\"EntryPoint\",\"urlTemplate\":\"http:\\\/\\\/ruuby.ee\\\/en\\\/?s={search_term_string}\"},\"query-input\":{\"@type\":\"PropertyValueSpecification\",\"valueRequired\":true,\"valueName\":\"search_term_string\"}}],\"inLanguage\":\"en-GB\"},{\"@type\":\"Organization\",\"@id\":\"http:\\\/\\\/ruuby.ee\\\/en\\\/#organization\",\"name\":\"Ruuby Disain O\u00dc\",\"alternateName\":\"Ruuby\",\"url\":\"http:\\\/\\\/ruuby.ee\\\/en\\\/\",\"logo\":{\"@type\":\"ImageObject\",\"inLanguage\":\"en-GB\",\"@id\":\"http:\\\/\\\/ruuby.ee\\\/en\\\/#\\\/schema\\\/logo\\\/image\\\/\",\"url\":\"http:\\\/\\\/ruuby.ee\\\/wp-content\\\/uploads\\\/2023\\\/06\\\/cropped-Black-White-Elegant-Circle-Signature-Fashion-Logo-12_large.png\",\"contentUrl\":\"http:\\\/\\\/ruuby.ee\\\/wp-content\\\/uploads\\\/2023\\\/06\\\/cropped-Black-White-Elegant-Circle-Signature-Fashion-Logo-12_large.png\",\"width\":1280,\"height\":747,\"caption\":\"Ruuby Disain O\u00dc\"},\"image\":{\"@id\":\"http:\\\/\\\/ruuby.ee\\\/en\\\/#\\\/schema\\\/logo\\\/image\\\/\"},\"sameAs\":[\"https:\\\/\\\/www.facebook.com\\\/ruubyconcept\",\"https:\\\/\\\/www.instagram.com\\\/ruuby_concept\\\/\"]}]}<\/script>\n<!-- \/ Yoast SEO plugin. -->","yoast_head_json":{"title":"Muubs - Gaia seinadekoratsioon, L - RUUBY","robots":{"index":"index","follow":"follow","max-snippet":"max-snippet:-1","max-image-preview":"max-image-preview:large","max-video-preview":"max-video-preview:-1"},"canonical":"http:\/\/ruuby.ee\/en\/pood\/kodusisustus\/dekoratsioon\/muubs-gaia-seinadekoratsioon-l\/","og_locale":"en_GB","og_type":"article","og_title":"Muubs - Gaia seinadekoratsioon, L - RUUBY","og_description":"GAIA sari on inspireeritud maast ja selle elementidest ning on seega saanud oma nime Kreeka jumalanna GAIA j\u00e4rgi, kes on maa m\u00fctoloogiline jumalanna. Seinakaunistused on \u00fcmmargused nagu maa ja orgaanilised jooned on loodud nurgeliste kujundite purustamiseks. Gaia seinakaunistused annavad interj\u00f6\u00f6rile kontrasti ja lisavad kodule soojust nii \u00fcmarate vormide kui ka toodetele kantud glasuuri kaudu. Seinakaunistuse [&hellip;]","og_url":"http:\/\/ruuby.ee\/en\/pood\/kodusisustus\/dekoratsioon\/muubs-gaia-seinadekoratsioon-l\/","og_site_name":"RUUBY","article_publisher":"https:\/\/www.facebook.com\/ruubyconcept","article_modified_time":"2026-04-07T22:28:43+00:00","og_image":[{"width":800,"height":800,"url":"http:\/\/ruuby.ee\/wp-content\/uploads\/2023\/07\/9490002116.jpg","type":"image\/jpeg"}],"twitter_card":"summary_large_image","twitter_misc":{"Estimated reading time":"1 minute"},"schema":{"@context":"https:\/\/schema.org","@graph":[{"@type":["WebPage","ItemPage"],"@id":"http:\/\/ruuby.ee\/pood\/kodusisustus\/dekoratsioon\/muubs-gaia-seinadekoratsioon-l\/","url":"http:\/\/ruuby.ee\/pood\/kodusisustus\/dekoratsioon\/muubs-gaia-seinadekoratsioon-l\/","name":"Muubs - Gaia seinadekoratsioon, L - RUUBY","isPartOf":{"@id":"http:\/\/ruuby.ee\/en\/#website"},"primaryImageOfPage":{"@id":"http:\/\/ruuby.ee\/pood\/kodusisustus\/dekoratsioon\/muubs-gaia-seinadekoratsioon-l\/#primaryimage"},"image":{"@id":"http:\/\/ruuby.ee\/pood\/kodusisustus\/dekoratsioon\/muubs-gaia-seinadekoratsioon-l\/#primaryimage"},"thumbnailUrl":"http:\/\/ruuby.ee\/wp-content\/uploads\/2023\/07\/9490002116.jpg","datePublished":"2023-07-07T11:01:33+00:00","dateModified":"2026-04-07T22:28:43+00:00","breadcrumb":{"@id":"http:\/\/ruuby.ee\/pood\/kodusisustus\/dekoratsioon\/muubs-gaia-seinadekoratsioon-l\/#breadcrumb"},"inLanguage":"en-GB","potentialAction":[{"@type":"ReadAction","target":["http:\/\/ruuby.ee\/pood\/kodusisustus\/dekoratsioon\/muubs-gaia-seinadekoratsioon-l\/"]}]},{"@type":"ImageObject","inLanguage":"en-GB","@id":"http:\/\/ruuby.ee\/pood\/kodusisustus\/dekoratsioon\/muubs-gaia-seinadekoratsioon-l\/#primaryimage","url":"http:\/\/ruuby.ee\/wp-content\/uploads\/2023\/07\/9490002116.jpg","contentUrl":"http:\/\/ruuby.ee\/wp-content\/uploads\/2023\/07\/9490002116.jpg","width":800,"height":800},{"@type":"BreadcrumbList","@id":"http:\/\/ruuby.ee\/pood\/kodusisustus\/dekoratsioon\/muubs-gaia-seinadekoratsioon-l\/#breadcrumb","itemListElement":[{"@type":"ListItem","position":1,"name":"Kdu","item":"http:\/\/ruuby.ee\/en\/"},{"@type":"ListItem","position":2,"name":"Pood","item":"http:\/\/ruuby.ee\/en\/pood\/"},{"@type":"ListItem","position":3,"name":"Muubs &#8211; Gaia seinadekoratsioon, L"}]},{"@type":"WebSite","@id":"http:\/\/ruuby.ee\/en\/#website","url":"http:\/\/ruuby.ee\/en\/","name":"RUUBY","description":"Ruubys on \u00fchendatud elustiil ja disain","publisher":{"@id":"http:\/\/ruuby.ee\/en\/#organization"},"alternateName":"Ruuby Disain","potentialAction":[{"@type":"SearchAction","target":{"@type":"EntryPoint","urlTemplate":"http:\/\/ruuby.ee\/en\/?s={search_term_string}"},"query-input":{"@type":"PropertyValueSpecification","valueRequired":true,"valueName":"search_term_string"}}],"inLanguage":"en-GB"},{"@type":"Organization","@id":"http:\/\/ruuby.ee\/en\/#organization","name":"Ruuby Disain O\u00dc","alternateName":"Ruuby","url":"http:\/\/ruuby.ee\/en\/","logo":{"@type":"ImageObject","inLanguage":"en-GB","@id":"http:\/\/ruuby.ee\/en\/#\/schema\/logo\/image\/","url":"http:\/\/ruuby.ee\/wp-content\/uploads\/2023\/06\/cropped-Black-White-Elegant-Circle-Signature-Fashion-Logo-12_large.png","contentUrl":"http:\/\/ruuby.ee\/wp-content\/uploads\/2023\/06\/cropped-Black-White-Elegant-Circle-Signature-Fashion-Logo-12_large.png","width":1280,"height":747,"caption":"Ruuby Disain O\u00dc"},"image":{"@id":"http:\/\/ruuby.ee\/en\/#\/schema\/logo\/image\/"},"sameAs":["https:\/\/www.facebook.com\/ruubyconcept","https:\/\/www.instagram.com\/ruuby_concept\/"]}]}},"jetpack_sharing_enabled":true,"_links":{"self":[{"href":"http:\/\/ruuby.ee\/en\/wp-json\/wp\/v2\/product\/1836472","targetHints":{"allow":["GET"]}}],"collection":[{"href":"http:\/\/ruuby.ee\/en\/wp-json\/wp\/v2\/product"}],"about":[{"href":"http:\/\/ruuby.ee\/en\/wp-json\/wp\/v2\/types\/product"}],"replies":[{"embeddable":true,"href":"http:\/\/ruuby.ee\/en\/wp-json\/wp\/v2\/comments?post=1836472"}],"wp:featuredmedia":[{"embeddable":true,"href":"http:\/\/ruuby.ee\/en\/wp-json\/wp\/v2\/media\/1836473"}],"wp:attachment":[{"href":"http:\/\/ruuby.ee\/en\/wp-json\/wp\/v2\/media?parent=1836472"}],"wp:term":[{"taxonomy":"product_brand","embeddable":true,"href":"http:\/\/ruuby.ee\/en\/wp-json\/wp\/v2\/product_brand?post=1836472"},{"taxonomy":"product_cat","embeddable":true,"href":"http:\/\/ruuby.ee\/en\/wp-json\/wp\/v2\/product_cat?post=1836472"},{"taxonomy":"product_tag","embeddable":true,"href":"http:\/\/ruuby.ee\/en\/wp-json\/wp\/v2\/product_tag?post=1836472"}],"curies":[{"name":"wp","href":"https:\/\/api.w.org\/{rel}","templated":true}]}}