{"id":1836437,"date":"2023-06-14T11:00:19","date_gmt":"2023-06-14T08:00:19","guid":{"rendered":"http:\/\/ruuby.ee\/?post_type=product&#038;p=1836437"},"modified":"2026-04-08T01:28:46","modified_gmt":"2026-04-07T22:28:46","slug":"toolijala-sussid-labipaistev-28-35mm","status":"publish","type":"product","link":"http:\/\/ruuby.ee\/en\/pood\/kodusisustus\/toolijala-sussid\/toolijala-sussid-labipaistev-28-35mm\/","title":{"rendered":"Toolijala sussid, l\u00e4bipaistev, kandilised 28-35mm"},"content":{"rendered":"<div>\n<p>Kas sul on tihti mureks, et vildid tooli alt tulevad \u00e4ra ja p\u00f5rand taas kraabitud ? Ruuby saab lahendada sinu mure ! Meil on poes olemas valik toolijala susse! Kummist \u00fcmbrisega ja paksu vildist p\u00f5hjaga. Paigaldamine on sama lihtne kui soki jalga panek. 1kmpl kuulub 4 sussi.<\/p>\n<\/div>\n<div>\n<p>V\u00e4rvus: Kumm-l\u00e4bipaistev, vilt-helepruun<\/p>\n<\/div>\n<div>\n<p>Komplekti hind 9\u20ac<\/p>\n<p><strong>Kuidas m\u00f5\u00f5ta:<\/strong> Esimene number n\u00e4itab minimaalset l\u00e4bim\u00f5\u00f5tu ja teine number n\u00e4itab maximaalselt l\u00e4bim\u00f5\u00f5tu, kui on minimaalsest v\u00e4iksem, siis j\u00e4\u00e4b logisima ja maximaalsest suurem ei mahu. Ehk kummist osa on nt. suurusel 28-35mm vabana 28mm ja venib kuni 35mm toolijalale, vilt ise on 35mm ja kummist osa fikseerib toolijala.<\/p>\n<p><strong>Et sinu toolijala sussid kestaksid kaua:\u00a0<\/strong>Soovitame aegajalt toolijala susside kummi osasid paika s\u00e4ttida &#8211; kui sinu toolijalad on nurga alla ja ei tule p\u00e4ris otse sirgelt alla. Tooli igap\u00e4evaselt kasutades liigub kuumi osa erinevates suundades, et vilt ei vajuks \u00fchele poolele kaldu, siis viska korra kuus pilk peale, kas m\u00f5ni sussikee vajab taas paika s\u00e4ttimist.<\/p>\n<\/div>","protected":false},"excerpt":{"rendered":"<p>1kmpl = 4 toolijala sussi<\/p>\n<ul>\n<li style=\"list-style-type: none;\">\n<ul>\n<li style=\"list-style-type: none;\">\n<ul>\n<li style=\"list-style-type: none;\">\n<ul>\n<li>Kui soovid osta suuremat kogust, kui hetkel laos, siis kirjuta info@ruuby.ee v\u00f5i telli otse e-poest j\u00e4reltellimusega. Tarne kuni 2 n\u00e4dalat. Kui pole m\u00e4rgitud, et saabub varem lattu.<\/li>\n<li>Kui soovid osta \u00fcle 20kmpl, siis k\u00fcsi hinnapakkumist info@ruuby.ee<\/li>\n<\/ul>\n<\/li>\n<\/ul>\n<\/li>\n<\/ul>\n<\/li>\n<\/ul>\n<p>&nbsp;<\/p>","protected":false},"featured_media":1836438,"comment_status":"open","ping_status":"closed","template":"","meta":[],"product_brand":[],"product_cat":[227],"product_tag":[],"class_list":{"0":"post-1836437","1":"product","2":"type-product","3":"status-publish","4":"has-post-thumbnail","6":"product_cat-toolijala-sussid","8":"first","9":"onbackorder","10":"taxable","11":"shipping-taxable","12":"purchasable","13":"product-type-simple"},"yoast_head":"<!-- This site is optimized with the Yoast SEO plugin v27.3 - https:\/\/yoast.com\/product\/yoast-seo-wordpress\/ -->\n<title>Toolijala sussid, l\u00e4bipaistev, kandilised 28-35mm - RUUBY<\/title>\n<meta name=\"robots\" content=\"index, follow, max-snippet:-1, max-image-preview:large, max-video-preview:-1\" \/>\n<link rel=\"canonical\" href=\"https:\/\/ruuby.ee\/en\/pood\/kodusisustus\/toolijala-sussid\/toolijala-sussid-labipaistev-28-35mm\/\" \/>\n<meta property=\"og:locale\" content=\"en_GB\" \/>\n<meta property=\"og:type\" content=\"article\" \/>\n<meta property=\"og:title\" content=\"Toolijala sussid, l\u00e4bipaistev, kandilised 28-35mm - RUUBY\" \/>\n<meta property=\"og:description\" content=\"1kmpl = 4 toolijala sussi            Kui soovid osta suuremat kogust, kui hetkel laos, siis kirjuta info@ruuby.ee v\u00f5i telli otse e-poest j\u00e4reltellimusega. Tarne kuni 2 n\u00e4dalat. Kui pole m\u00e4rgitud, et saabub varem lattu.  Kui soovid osta \u00fcle 20kmpl, siis k\u00fcsi hinnapakkumist info@ruuby.ee        &nbsp;\" \/>\n<meta property=\"og:url\" content=\"https:\/\/ruuby.ee\/en\/pood\/kodusisustus\/toolijala-sussid\/toolijala-sussid-labipaistev-28-35mm\/\" \/>\n<meta property=\"og:site_name\" content=\"RUUBY\" \/>\n<meta property=\"article:publisher\" content=\"https:\/\/www.facebook.com\/ruubyconcept\" \/>\n<meta property=\"article:modified_time\" content=\"2026-04-07T22:28:46+00:00\" \/>\n<meta property=\"og:image\" content=\"https:\/\/ruuby.ee\/wp-content\/uploads\/2023\/07\/Screenshot-2023-07-06-at-13.59.14-764x1024.png\" \/>\n\t<meta property=\"og:image:width\" content=\"764\" \/>\n\t<meta property=\"og:image:height\" content=\"1024\" \/>\n\t<meta property=\"og:image:type\" content=\"image\/png\" \/>\n<meta name=\"twitter:card\" content=\"summary_large_image\" \/>\n<meta name=\"twitter:label1\" content=\"Estimated reading time\" \/>\n\t<meta name=\"twitter:data1\" content=\"2 minutes\" \/>\n<script type=\"application\/ld+json\" class=\"yoast-schema-graph\">{\"@context\":\"https:\\\/\\\/schema.org\",\"@graph\":[{\"@type\":[\"WebPage\",\"ItemPage\"],\"@id\":\"https:\\\/\\\/ruuby.ee\\\/pood\\\/kodusisustus\\\/toolijala-sussid\\\/toolijala-sussid-labipaistev-28-35mm\\\/\",\"url\":\"https:\\\/\\\/ruuby.ee\\\/pood\\\/kodusisustus\\\/toolijala-sussid\\\/toolijala-sussid-labipaistev-28-35mm\\\/\",\"name\":\"Toolijala sussid, l\u00e4bipaistev, kandilised 28-35mm - RUUBY\",\"isPartOf\":{\"@id\":\"http:\\\/\\\/ruuby.ee\\\/en\\\/#website\"},\"primaryImageOfPage\":{\"@id\":\"https:\\\/\\\/ruuby.ee\\\/pood\\\/kodusisustus\\\/toolijala-sussid\\\/toolijala-sussid-labipaistev-28-35mm\\\/#primaryimage\"},\"image\":{\"@id\":\"https:\\\/\\\/ruuby.ee\\\/pood\\\/kodusisustus\\\/toolijala-sussid\\\/toolijala-sussid-labipaistev-28-35mm\\\/#primaryimage\"},\"thumbnailUrl\":\"http:\\\/\\\/ruuby.ee\\\/wp-content\\\/uploads\\\/2023\\\/07\\\/Screenshot-2023-07-06-at-13.59.14.png\",\"datePublished\":\"2023-06-14T08:00:19+00:00\",\"dateModified\":\"2026-04-07T22:28:46+00:00\",\"breadcrumb\":{\"@id\":\"https:\\\/\\\/ruuby.ee\\\/pood\\\/kodusisustus\\\/toolijala-sussid\\\/toolijala-sussid-labipaistev-28-35mm\\\/#breadcrumb\"},\"inLanguage\":\"en-GB\",\"potentialAction\":[{\"@type\":\"ReadAction\",\"target\":[\"https:\\\/\\\/ruuby.ee\\\/pood\\\/kodusisustus\\\/toolijala-sussid\\\/toolijala-sussid-labipaistev-28-35mm\\\/\"]}]},{\"@type\":\"ImageObject\",\"inLanguage\":\"en-GB\",\"@id\":\"https:\\\/\\\/ruuby.ee\\\/pood\\\/kodusisustus\\\/toolijala-sussid\\\/toolijala-sussid-labipaistev-28-35mm\\\/#primaryimage\",\"url\":\"http:\\\/\\\/ruuby.ee\\\/wp-content\\\/uploads\\\/2023\\\/07\\\/Screenshot-2023-07-06-at-13.59.14.png\",\"contentUrl\":\"http:\\\/\\\/ruuby.ee\\\/wp-content\\\/uploads\\\/2023\\\/07\\\/Screenshot-2023-07-06-at-13.59.14.png\",\"width\":1078,\"height\":1444},{\"@type\":\"BreadcrumbList\",\"@id\":\"https:\\\/\\\/ruuby.ee\\\/pood\\\/kodusisustus\\\/toolijala-sussid\\\/toolijala-sussid-labipaistev-28-35mm\\\/#breadcrumb\",\"itemListElement\":[{\"@type\":\"ListItem\",\"position\":1,\"name\":\"Kdu\",\"item\":\"http:\\\/\\\/ruuby.ee\\\/en\\\/\"},{\"@type\":\"ListItem\",\"position\":2,\"name\":\"Pood\",\"item\":\"http:\\\/\\\/ruuby.ee\\\/en\\\/pood\\\/\"},{\"@type\":\"ListItem\",\"position\":3,\"name\":\"Toolijala sussid, l\u00e4bipaistev, kandilised 28-35mm\"}]},{\"@type\":\"WebSite\",\"@id\":\"http:\\\/\\\/ruuby.ee\\\/en\\\/#website\",\"url\":\"http:\\\/\\\/ruuby.ee\\\/en\\\/\",\"name\":\"RUUBY\",\"description\":\"Ruubys on \u00fchendatud elustiil ja disain\",\"publisher\":{\"@id\":\"http:\\\/\\\/ruuby.ee\\\/en\\\/#organization\"},\"alternateName\":\"Ruuby Disain\",\"potentialAction\":[{\"@type\":\"SearchAction\",\"target\":{\"@type\":\"EntryPoint\",\"urlTemplate\":\"http:\\\/\\\/ruuby.ee\\\/en\\\/?s={search_term_string}\"},\"query-input\":{\"@type\":\"PropertyValueSpecification\",\"valueRequired\":true,\"valueName\":\"search_term_string\"}}],\"inLanguage\":\"en-GB\"},{\"@type\":\"Organization\",\"@id\":\"http:\\\/\\\/ruuby.ee\\\/en\\\/#organization\",\"name\":\"Ruuby Disain O\u00dc\",\"alternateName\":\"Ruuby\",\"url\":\"http:\\\/\\\/ruuby.ee\\\/en\\\/\",\"logo\":{\"@type\":\"ImageObject\",\"inLanguage\":\"en-GB\",\"@id\":\"http:\\\/\\\/ruuby.ee\\\/en\\\/#\\\/schema\\\/logo\\\/image\\\/\",\"url\":\"http:\\\/\\\/ruuby.ee\\\/wp-content\\\/uploads\\\/2023\\\/06\\\/cropped-Black-White-Elegant-Circle-Signature-Fashion-Logo-12_large.png\",\"contentUrl\":\"http:\\\/\\\/ruuby.ee\\\/wp-content\\\/uploads\\\/2023\\\/06\\\/cropped-Black-White-Elegant-Circle-Signature-Fashion-Logo-12_large.png\",\"width\":1280,\"height\":747,\"caption\":\"Ruuby Disain O\u00dc\"},\"image\":{\"@id\":\"http:\\\/\\\/ruuby.ee\\\/en\\\/#\\\/schema\\\/logo\\\/image\\\/\"},\"sameAs\":[\"https:\\\/\\\/www.facebook.com\\\/ruubyconcept\",\"https:\\\/\\\/www.instagram.com\\\/ruuby_concept\\\/\"]}]}<\/script>\n<!-- \/ Yoast SEO plugin. -->","yoast_head_json":{"title":"Toolijala sussid, l\u00e4bipaistev, kandilised 28-35mm - RUUBY","robots":{"index":"index","follow":"follow","max-snippet":"max-snippet:-1","max-image-preview":"max-image-preview:large","max-video-preview":"max-video-preview:-1"},"canonical":"https:\/\/ruuby.ee\/en\/pood\/kodusisustus\/toolijala-sussid\/toolijala-sussid-labipaistev-28-35mm\/","og_locale":"en_GB","og_type":"article","og_title":"Toolijala sussid, l\u00e4bipaistev, kandilised 28-35mm - RUUBY","og_description":"1kmpl = 4 toolijala sussi            Kui soovid osta suuremat kogust, kui hetkel laos, siis kirjuta info@ruuby.ee v\u00f5i telli otse e-poest j\u00e4reltellimusega. Tarne kuni 2 n\u00e4dalat. Kui pole m\u00e4rgitud, et saabub varem lattu.  Kui soovid osta \u00fcle 20kmpl, siis k\u00fcsi hinnapakkumist info@ruuby.ee        &nbsp;","og_url":"https:\/\/ruuby.ee\/en\/pood\/kodusisustus\/toolijala-sussid\/toolijala-sussid-labipaistev-28-35mm\/","og_site_name":"RUUBY","article_publisher":"https:\/\/www.facebook.com\/ruubyconcept","article_modified_time":"2026-04-07T22:28:46+00:00","og_image":[{"width":764,"height":1024,"url":"https:\/\/ruuby.ee\/wp-content\/uploads\/2023\/07\/Screenshot-2023-07-06-at-13.59.14-764x1024.png","type":"image\/png"}],"twitter_card":"summary_large_image","twitter_misc":{"Estimated reading time":"2 minutes"},"schema":{"@context":"https:\/\/schema.org","@graph":[{"@type":["WebPage","ItemPage"],"@id":"https:\/\/ruuby.ee\/pood\/kodusisustus\/toolijala-sussid\/toolijala-sussid-labipaistev-28-35mm\/","url":"https:\/\/ruuby.ee\/pood\/kodusisustus\/toolijala-sussid\/toolijala-sussid-labipaistev-28-35mm\/","name":"Toolijala sussid, l\u00e4bipaistev, kandilised 28-35mm - RUUBY","isPartOf":{"@id":"http:\/\/ruuby.ee\/en\/#website"},"primaryImageOfPage":{"@id":"https:\/\/ruuby.ee\/pood\/kodusisustus\/toolijala-sussid\/toolijala-sussid-labipaistev-28-35mm\/#primaryimage"},"image":{"@id":"https:\/\/ruuby.ee\/pood\/kodusisustus\/toolijala-sussid\/toolijala-sussid-labipaistev-28-35mm\/#primaryimage"},"thumbnailUrl":"http:\/\/ruuby.ee\/wp-content\/uploads\/2023\/07\/Screenshot-2023-07-06-at-13.59.14.png","datePublished":"2023-06-14T08:00:19+00:00","dateModified":"2026-04-07T22:28:46+00:00","breadcrumb":{"@id":"https:\/\/ruuby.ee\/pood\/kodusisustus\/toolijala-sussid\/toolijala-sussid-labipaistev-28-35mm\/#breadcrumb"},"inLanguage":"en-GB","potentialAction":[{"@type":"ReadAction","target":["https:\/\/ruuby.ee\/pood\/kodusisustus\/toolijala-sussid\/toolijala-sussid-labipaistev-28-35mm\/"]}]},{"@type":"ImageObject","inLanguage":"en-GB","@id":"https:\/\/ruuby.ee\/pood\/kodusisustus\/toolijala-sussid\/toolijala-sussid-labipaistev-28-35mm\/#primaryimage","url":"http:\/\/ruuby.ee\/wp-content\/uploads\/2023\/07\/Screenshot-2023-07-06-at-13.59.14.png","contentUrl":"http:\/\/ruuby.ee\/wp-content\/uploads\/2023\/07\/Screenshot-2023-07-06-at-13.59.14.png","width":1078,"height":1444},{"@type":"BreadcrumbList","@id":"https:\/\/ruuby.ee\/pood\/kodusisustus\/toolijala-sussid\/toolijala-sussid-labipaistev-28-35mm\/#breadcrumb","itemListElement":[{"@type":"ListItem","position":1,"name":"Kdu","item":"http:\/\/ruuby.ee\/en\/"},{"@type":"ListItem","position":2,"name":"Pood","item":"http:\/\/ruuby.ee\/en\/pood\/"},{"@type":"ListItem","position":3,"name":"Toolijala sussid, l\u00e4bipaistev, kandilised 28-35mm"}]},{"@type":"WebSite","@id":"http:\/\/ruuby.ee\/en\/#website","url":"http:\/\/ruuby.ee\/en\/","name":"RUUBY","description":"Ruubys on \u00fchendatud elustiil ja disain","publisher":{"@id":"http:\/\/ruuby.ee\/en\/#organization"},"alternateName":"Ruuby Disain","potentialAction":[{"@type":"SearchAction","target":{"@type":"EntryPoint","urlTemplate":"http:\/\/ruuby.ee\/en\/?s={search_term_string}"},"query-input":{"@type":"PropertyValueSpecification","valueRequired":true,"valueName":"search_term_string"}}],"inLanguage":"en-GB"},{"@type":"Organization","@id":"http:\/\/ruuby.ee\/en\/#organization","name":"Ruuby Disain O\u00dc","alternateName":"Ruuby","url":"http:\/\/ruuby.ee\/en\/","logo":{"@type":"ImageObject","inLanguage":"en-GB","@id":"http:\/\/ruuby.ee\/en\/#\/schema\/logo\/image\/","url":"http:\/\/ruuby.ee\/wp-content\/uploads\/2023\/06\/cropped-Black-White-Elegant-Circle-Signature-Fashion-Logo-12_large.png","contentUrl":"http:\/\/ruuby.ee\/wp-content\/uploads\/2023\/06\/cropped-Black-White-Elegant-Circle-Signature-Fashion-Logo-12_large.png","width":1280,"height":747,"caption":"Ruuby Disain O\u00dc"},"image":{"@id":"http:\/\/ruuby.ee\/en\/#\/schema\/logo\/image\/"},"sameAs":["https:\/\/www.facebook.com\/ruubyconcept","https:\/\/www.instagram.com\/ruuby_concept\/"]}]}},"jetpack_sharing_enabled":true,"_links":{"self":[{"href":"http:\/\/ruuby.ee\/en\/wp-json\/wp\/v2\/product\/1836437","targetHints":{"allow":["GET"]}}],"collection":[{"href":"http:\/\/ruuby.ee\/en\/wp-json\/wp\/v2\/product"}],"about":[{"href":"http:\/\/ruuby.ee\/en\/wp-json\/wp\/v2\/types\/product"}],"replies":[{"embeddable":true,"href":"http:\/\/ruuby.ee\/en\/wp-json\/wp\/v2\/comments?post=1836437"}],"wp:featuredmedia":[{"embeddable":true,"href":"http:\/\/ruuby.ee\/en\/wp-json\/wp\/v2\/media\/1836438"}],"wp:attachment":[{"href":"http:\/\/ruuby.ee\/en\/wp-json\/wp\/v2\/media?parent=1836437"}],"wp:term":[{"taxonomy":"product_brand","embeddable":true,"href":"http:\/\/ruuby.ee\/en\/wp-json\/wp\/v2\/product_brand?post=1836437"},{"taxonomy":"product_cat","embeddable":true,"href":"http:\/\/ruuby.ee\/en\/wp-json\/wp\/v2\/product_cat?post=1836437"},{"taxonomy":"product_tag","embeddable":true,"href":"http:\/\/ruuby.ee\/en\/wp-json\/wp\/v2\/product_tag?post=1836437"}],"curies":[{"name":"wp","href":"https:\/\/api.w.org\/{rel}","templated":true}]}}