{"id":1834262,"date":"2023-06-14T21:02:13","date_gmt":"2023-06-14T18:02:13","guid":{"rendered":"http:\/\/ruuby.ee\/?post_type=product&#038;p=1834262"},"modified":"2026-04-08T01:28:44","modified_gmt":"2026-04-07T22:28:44","slug":"nore-valge-tee-aedmunt-lohnastatud-vahapalad","status":"publish","type":"product","link":"http:\/\/ruuby.ee\/en\/pood\/kodusisustus\/ruumilohnastajad\/nore-valge-tee-aedmunt-lohnastatud-vahapalad\/","title":{"rendered":"NORE &#8211; l\u00f5hnastatud vahapala, valge tee- aedm\u00fcnt"},"content":{"rendered":"<p>V\u00e4rskendav l\u00f5hnakombinatsioon, milles p\u00f5imuvad mahe valge tee ja s\u00e4rtsakas aedm\u00fcnt. L\u00f5hna s\u00fcgavamates kihtides avalduvad leedri\u00f5ite l\u00f5hnanoodid.<\/p>\n<p>Nore l\u00f5hnastatud vahapalad valmivad k\u00e4sit\u00f6\u00f6na k\u00f5rge kvaliteediga 100% sojavahast ning k\u00f5rgekvaliteedilistest aroomi\u00f5lidest. Vahapalasid kaunistavad kuivatatud aedm\u00fcndi lehed.<\/p>\n<p>L\u00f5hnastatud vahapalad sobivad kasutamiseks keraamilises aroomilambis v\u00f5i elektroonilises vahasulatajas. Aseta vahapala aroomilambi n\u00f5usse ning s\u00fc\u00fcta alumises avas teek\u00fc\u00fcnal. Keraamiseses aroomilambis kasuta 4h teek\u00fc\u00fcnalt (mitte kasutada 8h teek\u00fc\u00fcnalt, see v\u00f5ib kahjustada teie aroomilampi). \u00c4ra p\u00f5leta k\u00fc\u00fcnalt j\u00e4relvalveta ega kergelt s\u00fcttivate esemete l\u00e4hedal. Hoia lastele ja loomadele k\u00e4ttesaamatus kohas.<\/p>\n<p>Tunne enda vahapaladest r\u00f5\u00f5mu!<\/p>","protected":false},"excerpt":{"rendered":"<p>V\u00e4rskendav l\u00f5hnakombinatsioon, milles p\u00f5imuvad mahe valge tee ja s\u00e4rtsakas aedm\u00fcnt. L\u00f5hna s\u00fcgavamates kihtides avalduvad leedri\u00f5ite l\u00f5hnanoodid. Nore l\u00f5hnastatud vahapalad valmivad k\u00e4sit\u00f6\u00f6na k\u00f5rge kvaliteediga 100% sojavahast ning k\u00f5rgekvaliteedilistest aroomi\u00f5lidest. Vahapalasid kaunistavad kuivatatud aedm\u00fcndi lehed. L\u00f5hnastatud vahapalad sobivad kasutamiseks keraamilises aroomilambis v\u00f5i elektroonilises vahasulatajas. Aseta vahapala aroomilambi n\u00f5usse ning s\u00fc\u00fcta alumises avas teek\u00fc\u00fcnal. Keraamiseses aroomilambis kasuta 4h [&hellip;]<\/p>\n","protected":false},"featured_media":1834084,"comment_status":"open","ping_status":"closed","template":"","meta":[],"product_brand":[],"product_cat":[54,44],"product_tag":[],"class_list":{"0":"post-1834262","1":"product","2":"type-product","3":"status-publish","4":"has-post-thumbnail","6":"product_cat-kuunlad","7":"product_cat-ruumilohnastajad","9":"first","10":"instock","11":"taxable","12":"shipping-taxable","13":"purchasable","14":"product-type-simple"},"yoast_head":"<!-- This site is optimized with the Yoast SEO plugin v27.3 - https:\/\/yoast.com\/product\/yoast-seo-wordpress\/ -->\n<title>NORE - l\u00f5hnastatud vahapala, valge tee- aedm\u00fcnt - RUUBY<\/title>\n<meta name=\"robots\" content=\"index, follow, max-snippet:-1, max-image-preview:large, max-video-preview:-1\" \/>\n<link rel=\"canonical\" href=\"http:\/\/ruuby.ee\/en\/pood\/kodusisustus\/ruumilohnastajad\/nore-valge-tee-aedmunt-lohnastatud-vahapalad\/\" \/>\n<meta property=\"og:locale\" content=\"en_GB\" \/>\n<meta property=\"og:type\" content=\"article\" \/>\n<meta property=\"og:title\" content=\"NORE - l\u00f5hnastatud vahapala, valge tee- aedm\u00fcnt - RUUBY\" \/>\n<meta property=\"og:description\" content=\"V\u00e4rskendav l\u00f5hnakombinatsioon, milles p\u00f5imuvad mahe valge tee ja s\u00e4rtsakas aedm\u00fcnt. L\u00f5hna s\u00fcgavamates kihtides avalduvad leedri\u00f5ite l\u00f5hnanoodid. Nore l\u00f5hnastatud vahapalad valmivad k\u00e4sit\u00f6\u00f6na k\u00f5rge kvaliteediga 100% sojavahast ning k\u00f5rgekvaliteedilistest aroomi\u00f5lidest. Vahapalasid kaunistavad kuivatatud aedm\u00fcndi lehed. L\u00f5hnastatud vahapalad sobivad kasutamiseks keraamilises aroomilambis v\u00f5i elektroonilises vahasulatajas. Aseta vahapala aroomilambi n\u00f5usse ning s\u00fc\u00fcta alumises avas teek\u00fc\u00fcnal. Keraamiseses aroomilambis kasuta 4h [&hellip;]\" \/>\n<meta property=\"og:url\" content=\"http:\/\/ruuby.ee\/en\/pood\/kodusisustus\/ruumilohnastajad\/nore-valge-tee-aedmunt-lohnastatud-vahapalad\/\" \/>\n<meta property=\"og:site_name\" content=\"RUUBY\" \/>\n<meta property=\"article:publisher\" content=\"https:\/\/www.facebook.com\/ruubyconcept\" \/>\n<meta property=\"article:modified_time\" content=\"2026-04-07T22:28:44+00:00\" \/>\n<meta property=\"og:image\" content=\"http:\/\/ruuby.ee\/wp-content\/uploads\/2023\/06\/IMG_3552.jpeg\" \/>\n\t<meta property=\"og:image:width\" content=\"1229\" \/>\n\t<meta property=\"og:image:height\" content=\"1536\" \/>\n\t<meta property=\"og:image:type\" content=\"image\/jpeg\" \/>\n<meta name=\"twitter:card\" content=\"summary_large_image\" \/>\n<meta name=\"twitter:label1\" content=\"Estimated reading time\" \/>\n\t<meta name=\"twitter:data1\" content=\"1 minute\" \/>\n<script type=\"application\/ld+json\" class=\"yoast-schema-graph\">{\"@context\":\"https:\\\/\\\/schema.org\",\"@graph\":[{\"@type\":[\"WebPage\",\"ItemPage\"],\"@id\":\"http:\\\/\\\/ruuby.ee\\\/en\\\/pood\\\/kodusisustus\\\/ruumilohnastajad\\\/nore-valge-tee-aedmunt-lohnastatud-vahapalad\\\/\",\"url\":\"http:\\\/\\\/ruuby.ee\\\/en\\\/pood\\\/kodusisustus\\\/ruumilohnastajad\\\/nore-valge-tee-aedmunt-lohnastatud-vahapalad\\\/\",\"name\":\"NORE - l\u00f5hnastatud vahapala, valge tee- aedm\u00fcnt - RUUBY\",\"isPartOf\":{\"@id\":\"http:\\\/\\\/ruuby.ee\\\/en\\\/#website\"},\"primaryImageOfPage\":{\"@id\":\"http:\\\/\\\/ruuby.ee\\\/en\\\/pood\\\/kodusisustus\\\/ruumilohnastajad\\\/nore-valge-tee-aedmunt-lohnastatud-vahapalad\\\/#primaryimage\"},\"image\":{\"@id\":\"http:\\\/\\\/ruuby.ee\\\/en\\\/pood\\\/kodusisustus\\\/ruumilohnastajad\\\/nore-valge-tee-aedmunt-lohnastatud-vahapalad\\\/#primaryimage\"},\"thumbnailUrl\":\"http:\\\/\\\/ruuby.ee\\\/wp-content\\\/uploads\\\/2023\\\/06\\\/IMG_3552.jpeg\",\"datePublished\":\"2023-06-14T18:02:13+00:00\",\"dateModified\":\"2026-04-07T22:28:44+00:00\",\"breadcrumb\":{\"@id\":\"http:\\\/\\\/ruuby.ee\\\/en\\\/pood\\\/kodusisustus\\\/ruumilohnastajad\\\/nore-valge-tee-aedmunt-lohnastatud-vahapalad\\\/#breadcrumb\"},\"inLanguage\":\"en-GB\",\"potentialAction\":[{\"@type\":\"ReadAction\",\"target\":[\"http:\\\/\\\/ruuby.ee\\\/en\\\/pood\\\/kodusisustus\\\/ruumilohnastajad\\\/nore-valge-tee-aedmunt-lohnastatud-vahapalad\\\/\"]}]},{\"@type\":\"ImageObject\",\"inLanguage\":\"en-GB\",\"@id\":\"http:\\\/\\\/ruuby.ee\\\/en\\\/pood\\\/kodusisustus\\\/ruumilohnastajad\\\/nore-valge-tee-aedmunt-lohnastatud-vahapalad\\\/#primaryimage\",\"url\":\"http:\\\/\\\/ruuby.ee\\\/wp-content\\\/uploads\\\/2023\\\/06\\\/IMG_3552.jpeg\",\"contentUrl\":\"http:\\\/\\\/ruuby.ee\\\/wp-content\\\/uploads\\\/2023\\\/06\\\/IMG_3552.jpeg\",\"width\":1229,\"height\":1536},{\"@type\":\"BreadcrumbList\",\"@id\":\"http:\\\/\\\/ruuby.ee\\\/en\\\/pood\\\/kodusisustus\\\/ruumilohnastajad\\\/nore-valge-tee-aedmunt-lohnastatud-vahapalad\\\/#breadcrumb\",\"itemListElement\":[{\"@type\":\"ListItem\",\"position\":1,\"name\":\"Kdu\",\"item\":\"http:\\\/\\\/ruuby.ee\\\/en\\\/\"},{\"@type\":\"ListItem\",\"position\":2,\"name\":\"Pood\",\"item\":\"http:\\\/\\\/ruuby.ee\\\/en\\\/pood\\\/\"},{\"@type\":\"ListItem\",\"position\":3,\"name\":\"NORE &#8211; l\u00f5hnastatud vahapala, valge tee- aedm\u00fcnt\"}]},{\"@type\":\"WebSite\",\"@id\":\"http:\\\/\\\/ruuby.ee\\\/en\\\/#website\",\"url\":\"http:\\\/\\\/ruuby.ee\\\/en\\\/\",\"name\":\"RUUBY\",\"description\":\"Ruubys on \u00fchendatud elustiil ja disain\",\"publisher\":{\"@id\":\"http:\\\/\\\/ruuby.ee\\\/en\\\/#organization\"},\"alternateName\":\"Ruuby Disain\",\"potentialAction\":[{\"@type\":\"SearchAction\",\"target\":{\"@type\":\"EntryPoint\",\"urlTemplate\":\"http:\\\/\\\/ruuby.ee\\\/en\\\/?s={search_term_string}\"},\"query-input\":{\"@type\":\"PropertyValueSpecification\",\"valueRequired\":true,\"valueName\":\"search_term_string\"}}],\"inLanguage\":\"en-GB\"},{\"@type\":\"Organization\",\"@id\":\"http:\\\/\\\/ruuby.ee\\\/en\\\/#organization\",\"name\":\"Ruuby Disain O\u00dc\",\"alternateName\":\"Ruuby\",\"url\":\"http:\\\/\\\/ruuby.ee\\\/en\\\/\",\"logo\":{\"@type\":\"ImageObject\",\"inLanguage\":\"en-GB\",\"@id\":\"http:\\\/\\\/ruuby.ee\\\/en\\\/#\\\/schema\\\/logo\\\/image\\\/\",\"url\":\"http:\\\/\\\/ruuby.ee\\\/wp-content\\\/uploads\\\/2023\\\/06\\\/cropped-Black-White-Elegant-Circle-Signature-Fashion-Logo-12_large.png\",\"contentUrl\":\"http:\\\/\\\/ruuby.ee\\\/wp-content\\\/uploads\\\/2023\\\/06\\\/cropped-Black-White-Elegant-Circle-Signature-Fashion-Logo-12_large.png\",\"width\":1280,\"height\":747,\"caption\":\"Ruuby Disain O\u00dc\"},\"image\":{\"@id\":\"http:\\\/\\\/ruuby.ee\\\/en\\\/#\\\/schema\\\/logo\\\/image\\\/\"},\"sameAs\":[\"https:\\\/\\\/www.facebook.com\\\/ruubyconcept\",\"https:\\\/\\\/www.instagram.com\\\/ruuby_concept\\\/\"]}]}<\/script>\n<!-- \/ Yoast SEO plugin. -->","yoast_head_json":{"title":"NORE - l\u00f5hnastatud vahapala, valge tee- aedm\u00fcnt - RUUBY","robots":{"index":"index","follow":"follow","max-snippet":"max-snippet:-1","max-image-preview":"max-image-preview:large","max-video-preview":"max-video-preview:-1"},"canonical":"http:\/\/ruuby.ee\/en\/pood\/kodusisustus\/ruumilohnastajad\/nore-valge-tee-aedmunt-lohnastatud-vahapalad\/","og_locale":"en_GB","og_type":"article","og_title":"NORE - l\u00f5hnastatud vahapala, valge tee- aedm\u00fcnt - RUUBY","og_description":"V\u00e4rskendav l\u00f5hnakombinatsioon, milles p\u00f5imuvad mahe valge tee ja s\u00e4rtsakas aedm\u00fcnt. L\u00f5hna s\u00fcgavamates kihtides avalduvad leedri\u00f5ite l\u00f5hnanoodid. Nore l\u00f5hnastatud vahapalad valmivad k\u00e4sit\u00f6\u00f6na k\u00f5rge kvaliteediga 100% sojavahast ning k\u00f5rgekvaliteedilistest aroomi\u00f5lidest. Vahapalasid kaunistavad kuivatatud aedm\u00fcndi lehed. L\u00f5hnastatud vahapalad sobivad kasutamiseks keraamilises aroomilambis v\u00f5i elektroonilises vahasulatajas. Aseta vahapala aroomilambi n\u00f5usse ning s\u00fc\u00fcta alumises avas teek\u00fc\u00fcnal. Keraamiseses aroomilambis kasuta 4h [&hellip;]","og_url":"http:\/\/ruuby.ee\/en\/pood\/kodusisustus\/ruumilohnastajad\/nore-valge-tee-aedmunt-lohnastatud-vahapalad\/","og_site_name":"RUUBY","article_publisher":"https:\/\/www.facebook.com\/ruubyconcept","article_modified_time":"2026-04-07T22:28:44+00:00","og_image":[{"width":1229,"height":1536,"url":"http:\/\/ruuby.ee\/wp-content\/uploads\/2023\/06\/IMG_3552.jpeg","type":"image\/jpeg"}],"twitter_card":"summary_large_image","twitter_misc":{"Estimated reading time":"1 minute"},"schema":{"@context":"https:\/\/schema.org","@graph":[{"@type":["WebPage","ItemPage"],"@id":"http:\/\/ruuby.ee\/en\/pood\/kodusisustus\/ruumilohnastajad\/nore-valge-tee-aedmunt-lohnastatud-vahapalad\/","url":"http:\/\/ruuby.ee\/en\/pood\/kodusisustus\/ruumilohnastajad\/nore-valge-tee-aedmunt-lohnastatud-vahapalad\/","name":"NORE - l\u00f5hnastatud vahapala, valge tee- aedm\u00fcnt - RUUBY","isPartOf":{"@id":"http:\/\/ruuby.ee\/en\/#website"},"primaryImageOfPage":{"@id":"http:\/\/ruuby.ee\/en\/pood\/kodusisustus\/ruumilohnastajad\/nore-valge-tee-aedmunt-lohnastatud-vahapalad\/#primaryimage"},"image":{"@id":"http:\/\/ruuby.ee\/en\/pood\/kodusisustus\/ruumilohnastajad\/nore-valge-tee-aedmunt-lohnastatud-vahapalad\/#primaryimage"},"thumbnailUrl":"http:\/\/ruuby.ee\/wp-content\/uploads\/2023\/06\/IMG_3552.jpeg","datePublished":"2023-06-14T18:02:13+00:00","dateModified":"2026-04-07T22:28:44+00:00","breadcrumb":{"@id":"http:\/\/ruuby.ee\/en\/pood\/kodusisustus\/ruumilohnastajad\/nore-valge-tee-aedmunt-lohnastatud-vahapalad\/#breadcrumb"},"inLanguage":"en-GB","potentialAction":[{"@type":"ReadAction","target":["http:\/\/ruuby.ee\/en\/pood\/kodusisustus\/ruumilohnastajad\/nore-valge-tee-aedmunt-lohnastatud-vahapalad\/"]}]},{"@type":"ImageObject","inLanguage":"en-GB","@id":"http:\/\/ruuby.ee\/en\/pood\/kodusisustus\/ruumilohnastajad\/nore-valge-tee-aedmunt-lohnastatud-vahapalad\/#primaryimage","url":"http:\/\/ruuby.ee\/wp-content\/uploads\/2023\/06\/IMG_3552.jpeg","contentUrl":"http:\/\/ruuby.ee\/wp-content\/uploads\/2023\/06\/IMG_3552.jpeg","width":1229,"height":1536},{"@type":"BreadcrumbList","@id":"http:\/\/ruuby.ee\/en\/pood\/kodusisustus\/ruumilohnastajad\/nore-valge-tee-aedmunt-lohnastatud-vahapalad\/#breadcrumb","itemListElement":[{"@type":"ListItem","position":1,"name":"Kdu","item":"http:\/\/ruuby.ee\/en\/"},{"@type":"ListItem","position":2,"name":"Pood","item":"http:\/\/ruuby.ee\/en\/pood\/"},{"@type":"ListItem","position":3,"name":"NORE &#8211; l\u00f5hnastatud vahapala, valge tee- aedm\u00fcnt"}]},{"@type":"WebSite","@id":"http:\/\/ruuby.ee\/en\/#website","url":"http:\/\/ruuby.ee\/en\/","name":"RUUBY","description":"Ruubys on \u00fchendatud elustiil ja disain","publisher":{"@id":"http:\/\/ruuby.ee\/en\/#organization"},"alternateName":"Ruuby Disain","potentialAction":[{"@type":"SearchAction","target":{"@type":"EntryPoint","urlTemplate":"http:\/\/ruuby.ee\/en\/?s={search_term_string}"},"query-input":{"@type":"PropertyValueSpecification","valueRequired":true,"valueName":"search_term_string"}}],"inLanguage":"en-GB"},{"@type":"Organization","@id":"http:\/\/ruuby.ee\/en\/#organization","name":"Ruuby Disain O\u00dc","alternateName":"Ruuby","url":"http:\/\/ruuby.ee\/en\/","logo":{"@type":"ImageObject","inLanguage":"en-GB","@id":"http:\/\/ruuby.ee\/en\/#\/schema\/logo\/image\/","url":"http:\/\/ruuby.ee\/wp-content\/uploads\/2023\/06\/cropped-Black-White-Elegant-Circle-Signature-Fashion-Logo-12_large.png","contentUrl":"http:\/\/ruuby.ee\/wp-content\/uploads\/2023\/06\/cropped-Black-White-Elegant-Circle-Signature-Fashion-Logo-12_large.png","width":1280,"height":747,"caption":"Ruuby Disain O\u00dc"},"image":{"@id":"http:\/\/ruuby.ee\/en\/#\/schema\/logo\/image\/"},"sameAs":["https:\/\/www.facebook.com\/ruubyconcept","https:\/\/www.instagram.com\/ruuby_concept\/"]}]}},"jetpack_sharing_enabled":true,"_links":{"self":[{"href":"http:\/\/ruuby.ee\/en\/wp-json\/wp\/v2\/product\/1834262","targetHints":{"allow":["GET"]}}],"collection":[{"href":"http:\/\/ruuby.ee\/en\/wp-json\/wp\/v2\/product"}],"about":[{"href":"http:\/\/ruuby.ee\/en\/wp-json\/wp\/v2\/types\/product"}],"replies":[{"embeddable":true,"href":"http:\/\/ruuby.ee\/en\/wp-json\/wp\/v2\/comments?post=1834262"}],"wp:featuredmedia":[{"embeddable":true,"href":"http:\/\/ruuby.ee\/en\/wp-json\/wp\/v2\/media\/1834084"}],"wp:attachment":[{"href":"http:\/\/ruuby.ee\/en\/wp-json\/wp\/v2\/media?parent=1834262"}],"wp:term":[{"taxonomy":"product_brand","embeddable":true,"href":"http:\/\/ruuby.ee\/en\/wp-json\/wp\/v2\/product_brand?post=1834262"},{"taxonomy":"product_cat","embeddable":true,"href":"http:\/\/ruuby.ee\/en\/wp-json\/wp\/v2\/product_cat?post=1834262"},{"taxonomy":"product_tag","embeddable":true,"href":"http:\/\/ruuby.ee\/en\/wp-json\/wp\/v2\/product_tag?post=1834262"}],"curies":[{"name":"wp","href":"https:\/\/api.w.org\/{rel}","templated":true}]}}