{"id":1834261,"date":"2023-06-14T21:02:12","date_gmt":"2023-06-14T18:02:12","guid":{"rendered":"http:\/\/ruuby.ee\/?post_type=product&#038;p=1834261"},"modified":"2026-04-08T01:28:44","modified_gmt":"2026-04-07T22:28:44","slug":"nore-pohl-vaarikas-lohnastatud-vahapalad","status":"publish","type":"product","link":"http:\/\/ruuby.ee\/en\/pood\/kodusisustus\/ruumilohnastajad\/nore-pohl-vaarikas-lohnastatud-vahapalad\/","title":{"rendered":"NORE &#8211; l\u00f5hnastatud vahapala, pohl-vaarikas"},"content":{"rendered":"<p>Rikkalik l\u00f5hnakooslus pohladest ja mahlastest vaarikatest, mida t\u00e4iustavad bergamot, mustikad, mustad s\u00f5strad ning \u00f5rn vaniljearoom.<\/p>\n<p>Nore l\u00f5hnastatud vahapalad valmivad k\u00e4sit\u00f6\u00f6na k\u00f5rge kvaliteediga 100% sojavahast ning k\u00f5rgekvaliteedilistest aroomi\u00f5lidest. Vahapalasid kaunistavad k\u00fclmkuivatatud vaarikad.<\/p>\n<p>L\u00f5hnastatud vahapalad sobivad kasutamiseks keraamilises aroomilambis v\u00f5i elektroonilises vahasulatajas. Aseta vahapala aroomilambi n\u00f5usse ning s\u00fc\u00fcta alumises avas teek\u00fc\u00fcnal. Keraamiseses aroomilambis kasuta 4h teek\u00fc\u00fcnalt (mitte kasutada 8h teek\u00fc\u00fcnalt, see v\u00f5ib kahjustada teie aroomilampi). \u00c4ra p\u00f5leta k\u00fc\u00fcnalt j\u00e4relvalveta ega kergelt s\u00fcttivate esemete l\u00e4hedal. Hoia lastele ja loomadele k\u00e4ttesaamatus kohas.<\/p>\n<p>Tunne enda vahapaladest r\u00f5\u00f5mu!P<\/p>","protected":false},"excerpt":{"rendered":"<p>Rikkalik l\u00f5hnakooslus pohladest ja mahlastest vaarikatest, mida t\u00e4iustavad bergamot, mustikad, mustad s\u00f5strad ning \u00f5rn vaniljearoom. Nore l\u00f5hnastatud vahapalad valmivad k\u00e4sit\u00f6\u00f6na k\u00f5rge kvaliteediga 100% sojavahast ning k\u00f5rgekvaliteedilistest aroomi\u00f5lidest. Vahapalasid kaunistavad k\u00fclmkuivatatud vaarikad. L\u00f5hnastatud vahapalad sobivad kasutamiseks keraamilises aroomilambis v\u00f5i elektroonilises vahasulatajas. Aseta vahapala aroomilambi n\u00f5usse ning s\u00fc\u00fcta alumises avas teek\u00fc\u00fcnal. Keraamiseses aroomilambis kasuta 4h teek\u00fc\u00fcnalt (mitte [&hellip;]<\/p>\n","protected":false},"featured_media":1834082,"comment_status":"open","ping_status":"closed","template":"","meta":[],"product_brand":[],"product_cat":[54,44],"product_tag":[],"class_list":{"0":"post-1834261","1":"product","2":"type-product","3":"status-publish","4":"has-post-thumbnail","6":"product_cat-kuunlad","7":"product_cat-ruumilohnastajad","9":"first","10":"instock","11":"taxable","12":"shipping-taxable","13":"purchasable","14":"product-type-simple"},"yoast_head":"<!-- This site is optimized with the Yoast SEO plugin v27.3 - https:\/\/yoast.com\/product\/yoast-seo-wordpress\/ -->\n<title>NORE - l\u00f5hnastatud vahapala, pohl-vaarikas - RUUBY<\/title>\n<meta name=\"robots\" content=\"index, follow, max-snippet:-1, max-image-preview:large, max-video-preview:-1\" \/>\n<link rel=\"canonical\" href=\"https:\/\/ruuby.ee\/en\/pood\/kodusisustus\/ruumilohnastajad\/nore-pohl-vaarikas-lohnastatud-vahapalad\/\" \/>\n<meta property=\"og:locale\" content=\"en_GB\" \/>\n<meta property=\"og:type\" content=\"article\" \/>\n<meta property=\"og:title\" content=\"NORE - l\u00f5hnastatud vahapala, pohl-vaarikas - RUUBY\" \/>\n<meta property=\"og:description\" content=\"Rikkalik l\u00f5hnakooslus pohladest ja mahlastest vaarikatest, mida t\u00e4iustavad bergamot, mustikad, mustad s\u00f5strad ning \u00f5rn vaniljearoom. Nore l\u00f5hnastatud vahapalad valmivad k\u00e4sit\u00f6\u00f6na k\u00f5rge kvaliteediga 100% sojavahast ning k\u00f5rgekvaliteedilistest aroomi\u00f5lidest. Vahapalasid kaunistavad k\u00fclmkuivatatud vaarikad. L\u00f5hnastatud vahapalad sobivad kasutamiseks keraamilises aroomilambis v\u00f5i elektroonilises vahasulatajas. Aseta vahapala aroomilambi n\u00f5usse ning s\u00fc\u00fcta alumises avas teek\u00fc\u00fcnal. Keraamiseses aroomilambis kasuta 4h teek\u00fc\u00fcnalt (mitte [&hellip;]\" \/>\n<meta property=\"og:url\" content=\"https:\/\/ruuby.ee\/en\/pood\/kodusisustus\/ruumilohnastajad\/nore-pohl-vaarikas-lohnastatud-vahapalad\/\" \/>\n<meta property=\"og:site_name\" content=\"RUUBY\" \/>\n<meta property=\"article:publisher\" content=\"https:\/\/www.facebook.com\/ruubyconcept\" \/>\n<meta property=\"article:modified_time\" content=\"2026-04-07T22:28:44+00:00\" \/>\n<meta property=\"og:image\" content=\"https:\/\/ruuby.ee\/wp-content\/uploads\/2023\/06\/IMG_3551.jpeg\" \/>\n\t<meta property=\"og:image:width\" content=\"1536\" \/>\n\t<meta property=\"og:image:height\" content=\"2048\" \/>\n\t<meta property=\"og:image:type\" content=\"image\/jpeg\" \/>\n<meta name=\"twitter:card\" content=\"summary_large_image\" \/>\n<meta name=\"twitter:label1\" content=\"Estimated reading time\" \/>\n\t<meta name=\"twitter:data1\" content=\"1 minute\" \/>\n<script type=\"application\/ld+json\" class=\"yoast-schema-graph\">{\"@context\":\"https:\\\/\\\/schema.org\",\"@graph\":[{\"@type\":[\"WebPage\",\"ItemPage\"],\"@id\":\"https:\\\/\\\/ruuby.ee\\\/pood\\\/kodusisustus\\\/ruumilohnastajad\\\/nore-pohl-vaarikas-lohnastatud-vahapalad\\\/\",\"url\":\"https:\\\/\\\/ruuby.ee\\\/pood\\\/kodusisustus\\\/ruumilohnastajad\\\/nore-pohl-vaarikas-lohnastatud-vahapalad\\\/\",\"name\":\"NORE - l\u00f5hnastatud vahapala, pohl-vaarikas - RUUBY\",\"isPartOf\":{\"@id\":\"http:\\\/\\\/ruuby.ee\\\/en\\\/#website\"},\"primaryImageOfPage\":{\"@id\":\"https:\\\/\\\/ruuby.ee\\\/pood\\\/kodusisustus\\\/ruumilohnastajad\\\/nore-pohl-vaarikas-lohnastatud-vahapalad\\\/#primaryimage\"},\"image\":{\"@id\":\"https:\\\/\\\/ruuby.ee\\\/pood\\\/kodusisustus\\\/ruumilohnastajad\\\/nore-pohl-vaarikas-lohnastatud-vahapalad\\\/#primaryimage\"},\"thumbnailUrl\":\"http:\\\/\\\/ruuby.ee\\\/wp-content\\\/uploads\\\/2023\\\/06\\\/IMG_3551.jpeg\",\"datePublished\":\"2023-06-14T18:02:12+00:00\",\"dateModified\":\"2026-04-07T22:28:44+00:00\",\"breadcrumb\":{\"@id\":\"https:\\\/\\\/ruuby.ee\\\/pood\\\/kodusisustus\\\/ruumilohnastajad\\\/nore-pohl-vaarikas-lohnastatud-vahapalad\\\/#breadcrumb\"},\"inLanguage\":\"en-GB\",\"potentialAction\":[{\"@type\":\"ReadAction\",\"target\":[\"https:\\\/\\\/ruuby.ee\\\/pood\\\/kodusisustus\\\/ruumilohnastajad\\\/nore-pohl-vaarikas-lohnastatud-vahapalad\\\/\"]}]},{\"@type\":\"ImageObject\",\"inLanguage\":\"en-GB\",\"@id\":\"https:\\\/\\\/ruuby.ee\\\/pood\\\/kodusisustus\\\/ruumilohnastajad\\\/nore-pohl-vaarikas-lohnastatud-vahapalad\\\/#primaryimage\",\"url\":\"http:\\\/\\\/ruuby.ee\\\/wp-content\\\/uploads\\\/2023\\\/06\\\/IMG_3551.jpeg\",\"contentUrl\":\"http:\\\/\\\/ruuby.ee\\\/wp-content\\\/uploads\\\/2023\\\/06\\\/IMG_3551.jpeg\",\"width\":1536,\"height\":2048},{\"@type\":\"BreadcrumbList\",\"@id\":\"https:\\\/\\\/ruuby.ee\\\/pood\\\/kodusisustus\\\/ruumilohnastajad\\\/nore-pohl-vaarikas-lohnastatud-vahapalad\\\/#breadcrumb\",\"itemListElement\":[{\"@type\":\"ListItem\",\"position\":1,\"name\":\"Kdu\",\"item\":\"http:\\\/\\\/ruuby.ee\\\/en\\\/\"},{\"@type\":\"ListItem\",\"position\":2,\"name\":\"Pood\",\"item\":\"http:\\\/\\\/ruuby.ee\\\/en\\\/pood\\\/\"},{\"@type\":\"ListItem\",\"position\":3,\"name\":\"NORE &#8211; l\u00f5hnastatud vahapala, pohl-vaarikas\"}]},{\"@type\":\"WebSite\",\"@id\":\"http:\\\/\\\/ruuby.ee\\\/en\\\/#website\",\"url\":\"http:\\\/\\\/ruuby.ee\\\/en\\\/\",\"name\":\"RUUBY\",\"description\":\"Ruubys on \u00fchendatud elustiil ja disain\",\"publisher\":{\"@id\":\"http:\\\/\\\/ruuby.ee\\\/en\\\/#organization\"},\"alternateName\":\"Ruuby Disain\",\"potentialAction\":[{\"@type\":\"SearchAction\",\"target\":{\"@type\":\"EntryPoint\",\"urlTemplate\":\"http:\\\/\\\/ruuby.ee\\\/en\\\/?s={search_term_string}\"},\"query-input\":{\"@type\":\"PropertyValueSpecification\",\"valueRequired\":true,\"valueName\":\"search_term_string\"}}],\"inLanguage\":\"en-GB\"},{\"@type\":\"Organization\",\"@id\":\"http:\\\/\\\/ruuby.ee\\\/en\\\/#organization\",\"name\":\"Ruuby Disain O\u00dc\",\"alternateName\":\"Ruuby\",\"url\":\"http:\\\/\\\/ruuby.ee\\\/en\\\/\",\"logo\":{\"@type\":\"ImageObject\",\"inLanguage\":\"en-GB\",\"@id\":\"http:\\\/\\\/ruuby.ee\\\/en\\\/#\\\/schema\\\/logo\\\/image\\\/\",\"url\":\"http:\\\/\\\/ruuby.ee\\\/wp-content\\\/uploads\\\/2023\\\/06\\\/cropped-Black-White-Elegant-Circle-Signature-Fashion-Logo-12_large.png\",\"contentUrl\":\"http:\\\/\\\/ruuby.ee\\\/wp-content\\\/uploads\\\/2023\\\/06\\\/cropped-Black-White-Elegant-Circle-Signature-Fashion-Logo-12_large.png\",\"width\":1280,\"height\":747,\"caption\":\"Ruuby Disain O\u00dc\"},\"image\":{\"@id\":\"http:\\\/\\\/ruuby.ee\\\/en\\\/#\\\/schema\\\/logo\\\/image\\\/\"},\"sameAs\":[\"https:\\\/\\\/www.facebook.com\\\/ruubyconcept\",\"https:\\\/\\\/www.instagram.com\\\/ruuby_concept\\\/\"]}]}<\/script>\n<!-- \/ Yoast SEO plugin. -->","yoast_head_json":{"title":"NORE - l\u00f5hnastatud vahapala, pohl-vaarikas - RUUBY","robots":{"index":"index","follow":"follow","max-snippet":"max-snippet:-1","max-image-preview":"max-image-preview:large","max-video-preview":"max-video-preview:-1"},"canonical":"https:\/\/ruuby.ee\/en\/pood\/kodusisustus\/ruumilohnastajad\/nore-pohl-vaarikas-lohnastatud-vahapalad\/","og_locale":"en_GB","og_type":"article","og_title":"NORE - l\u00f5hnastatud vahapala, pohl-vaarikas - RUUBY","og_description":"Rikkalik l\u00f5hnakooslus pohladest ja mahlastest vaarikatest, mida t\u00e4iustavad bergamot, mustikad, mustad s\u00f5strad ning \u00f5rn vaniljearoom. Nore l\u00f5hnastatud vahapalad valmivad k\u00e4sit\u00f6\u00f6na k\u00f5rge kvaliteediga 100% sojavahast ning k\u00f5rgekvaliteedilistest aroomi\u00f5lidest. Vahapalasid kaunistavad k\u00fclmkuivatatud vaarikad. L\u00f5hnastatud vahapalad sobivad kasutamiseks keraamilises aroomilambis v\u00f5i elektroonilises vahasulatajas. Aseta vahapala aroomilambi n\u00f5usse ning s\u00fc\u00fcta alumises avas teek\u00fc\u00fcnal. Keraamiseses aroomilambis kasuta 4h teek\u00fc\u00fcnalt (mitte [&hellip;]","og_url":"https:\/\/ruuby.ee\/en\/pood\/kodusisustus\/ruumilohnastajad\/nore-pohl-vaarikas-lohnastatud-vahapalad\/","og_site_name":"RUUBY","article_publisher":"https:\/\/www.facebook.com\/ruubyconcept","article_modified_time":"2026-04-07T22:28:44+00:00","og_image":[{"width":1536,"height":2048,"url":"https:\/\/ruuby.ee\/wp-content\/uploads\/2023\/06\/IMG_3551.jpeg","type":"image\/jpeg"}],"twitter_card":"summary_large_image","twitter_misc":{"Estimated reading time":"1 minute"},"schema":{"@context":"https:\/\/schema.org","@graph":[{"@type":["WebPage","ItemPage"],"@id":"https:\/\/ruuby.ee\/pood\/kodusisustus\/ruumilohnastajad\/nore-pohl-vaarikas-lohnastatud-vahapalad\/","url":"https:\/\/ruuby.ee\/pood\/kodusisustus\/ruumilohnastajad\/nore-pohl-vaarikas-lohnastatud-vahapalad\/","name":"NORE - l\u00f5hnastatud vahapala, pohl-vaarikas - RUUBY","isPartOf":{"@id":"http:\/\/ruuby.ee\/en\/#website"},"primaryImageOfPage":{"@id":"https:\/\/ruuby.ee\/pood\/kodusisustus\/ruumilohnastajad\/nore-pohl-vaarikas-lohnastatud-vahapalad\/#primaryimage"},"image":{"@id":"https:\/\/ruuby.ee\/pood\/kodusisustus\/ruumilohnastajad\/nore-pohl-vaarikas-lohnastatud-vahapalad\/#primaryimage"},"thumbnailUrl":"http:\/\/ruuby.ee\/wp-content\/uploads\/2023\/06\/IMG_3551.jpeg","datePublished":"2023-06-14T18:02:12+00:00","dateModified":"2026-04-07T22:28:44+00:00","breadcrumb":{"@id":"https:\/\/ruuby.ee\/pood\/kodusisustus\/ruumilohnastajad\/nore-pohl-vaarikas-lohnastatud-vahapalad\/#breadcrumb"},"inLanguage":"en-GB","potentialAction":[{"@type":"ReadAction","target":["https:\/\/ruuby.ee\/pood\/kodusisustus\/ruumilohnastajad\/nore-pohl-vaarikas-lohnastatud-vahapalad\/"]}]},{"@type":"ImageObject","inLanguage":"en-GB","@id":"https:\/\/ruuby.ee\/pood\/kodusisustus\/ruumilohnastajad\/nore-pohl-vaarikas-lohnastatud-vahapalad\/#primaryimage","url":"http:\/\/ruuby.ee\/wp-content\/uploads\/2023\/06\/IMG_3551.jpeg","contentUrl":"http:\/\/ruuby.ee\/wp-content\/uploads\/2023\/06\/IMG_3551.jpeg","width":1536,"height":2048},{"@type":"BreadcrumbList","@id":"https:\/\/ruuby.ee\/pood\/kodusisustus\/ruumilohnastajad\/nore-pohl-vaarikas-lohnastatud-vahapalad\/#breadcrumb","itemListElement":[{"@type":"ListItem","position":1,"name":"Kdu","item":"http:\/\/ruuby.ee\/en\/"},{"@type":"ListItem","position":2,"name":"Pood","item":"http:\/\/ruuby.ee\/en\/pood\/"},{"@type":"ListItem","position":3,"name":"NORE &#8211; l\u00f5hnastatud vahapala, pohl-vaarikas"}]},{"@type":"WebSite","@id":"http:\/\/ruuby.ee\/en\/#website","url":"http:\/\/ruuby.ee\/en\/","name":"RUUBY","description":"Ruubys on \u00fchendatud elustiil ja disain","publisher":{"@id":"http:\/\/ruuby.ee\/en\/#organization"},"alternateName":"Ruuby Disain","potentialAction":[{"@type":"SearchAction","target":{"@type":"EntryPoint","urlTemplate":"http:\/\/ruuby.ee\/en\/?s={search_term_string}"},"query-input":{"@type":"PropertyValueSpecification","valueRequired":true,"valueName":"search_term_string"}}],"inLanguage":"en-GB"},{"@type":"Organization","@id":"http:\/\/ruuby.ee\/en\/#organization","name":"Ruuby Disain O\u00dc","alternateName":"Ruuby","url":"http:\/\/ruuby.ee\/en\/","logo":{"@type":"ImageObject","inLanguage":"en-GB","@id":"http:\/\/ruuby.ee\/en\/#\/schema\/logo\/image\/","url":"http:\/\/ruuby.ee\/wp-content\/uploads\/2023\/06\/cropped-Black-White-Elegant-Circle-Signature-Fashion-Logo-12_large.png","contentUrl":"http:\/\/ruuby.ee\/wp-content\/uploads\/2023\/06\/cropped-Black-White-Elegant-Circle-Signature-Fashion-Logo-12_large.png","width":1280,"height":747,"caption":"Ruuby Disain O\u00dc"},"image":{"@id":"http:\/\/ruuby.ee\/en\/#\/schema\/logo\/image\/"},"sameAs":["https:\/\/www.facebook.com\/ruubyconcept","https:\/\/www.instagram.com\/ruuby_concept\/"]}]}},"jetpack_sharing_enabled":true,"_links":{"self":[{"href":"http:\/\/ruuby.ee\/en\/wp-json\/wp\/v2\/product\/1834261","targetHints":{"allow":["GET"]}}],"collection":[{"href":"http:\/\/ruuby.ee\/en\/wp-json\/wp\/v2\/product"}],"about":[{"href":"http:\/\/ruuby.ee\/en\/wp-json\/wp\/v2\/types\/product"}],"replies":[{"embeddable":true,"href":"http:\/\/ruuby.ee\/en\/wp-json\/wp\/v2\/comments?post=1834261"}],"wp:featuredmedia":[{"embeddable":true,"href":"http:\/\/ruuby.ee\/en\/wp-json\/wp\/v2\/media\/1834082"}],"wp:attachment":[{"href":"http:\/\/ruuby.ee\/en\/wp-json\/wp\/v2\/media?parent=1834261"}],"wp:term":[{"taxonomy":"product_brand","embeddable":true,"href":"http:\/\/ruuby.ee\/en\/wp-json\/wp\/v2\/product_brand?post=1834261"},{"taxonomy":"product_cat","embeddable":true,"href":"http:\/\/ruuby.ee\/en\/wp-json\/wp\/v2\/product_cat?post=1834261"},{"taxonomy":"product_tag","embeddable":true,"href":"http:\/\/ruuby.ee\/en\/wp-json\/wp\/v2\/product_tag?post=1834261"}],"curies":[{"name":"wp","href":"https:\/\/api.w.org\/{rel}","templated":true}]}}